
{"id":10606,"date":"2021-03-18T12:55:14","date_gmt":"2021-03-18T11:55:14","guid":{"rendered":"https:\/\/freddymorezon.org\/?page_id=10606"},"modified":"2026-01-05T11:13:22","modified_gmt":"2026-01-05T09:13:22","slug":"terminus-radioso","status":"publish","type":"page","link":"https:\/\/freddymorezon.org\/en\/label\/terminus-radioso\/","title":{"rendered":"Terminus Radioso"},"content":{"rendered":"<div id=\"pl-10606\"  class=\"panel-layout\" ><div id=\"pg-10606-0\"  class=\"panel-grid panel-no-style\" ><div id=\"pgc-10606-0-0\"  class=\"panel-grid-cell\" ><div id=\"panel-10606-0-0-0\" class=\"so-panel widget widget_sow-image panel-first-child\" data-index=\"0\" ><div\n\t\t\t\n\t\t\tclass=\"so-widget-sow-image so-widget-sow-image-default-8b5b6f678277-10606\"\n\t\t\t\n\t\t>\n<div class=\"sow-image-container\">\n\t\t<img \n\tsrc=\"https:\/\/freddymorezon.org\/wp-content\/uploads\/2021\/03\/terminusradioso-pochette-recto-texte-400x400.jpg\" width=\"400\" height=\"400\" srcset=\"https:\/\/freddymorezon.org\/wp-content\/uploads\/2021\/03\/terminusradioso-pochette-recto-texte-400x400.jpg 400w, https:\/\/freddymorezon.org\/wp-content\/uploads\/2021\/03\/terminusradioso-pochette-recto-texte-150x150.jpg 150w, https:\/\/freddymorezon.org\/wp-content\/uploads\/2021\/03\/terminusradioso-pochette-recto-texte-100x100.jpg 100w, https:\/\/freddymorezon.org\/wp-content\/uploads\/2021\/03\/terminusradioso-pochette-recto-texte-300x300.jpg 300w\" sizes=\"(max-width: 400px) 100vw, 400px\" title=\"LeTigre.indd\" alt=\"\" \t\tclass=\"so-widget-image\"\/>\n\t<\/div>\n\n<\/div><\/div><div id=\"panel-10606-0-0-1\" class=\"so-panel widget widget_sow-editor\" data-index=\"1\" ><div\n\t\t\t\n\t\t\tclass=\"so-widget-sow-editor so-widget-sow-editor-base\"\n\t\t\t\n\t\t>\n<div class=\"siteorigin-widget-tinymce textwidget\">\n\t<div class=\"commande-album\" style=\"text-align: left;\">\n<div class=\"ajout-panier woocommerce add_to_cart_inline\">\n<h3>Commander<\/h3>\n<h4>CD<\/h4>\n<p class=\"product woocommerce add_to_cart_inline \" style=\"border: 4px solid #cccccc; padding: 12px;\"><span class=\"woocommerce-Price-amount amount\"><bdi>10,00<span class=\"woocommerce-Price-currencySymbol\">\u20ac<\/span><\/bdi><\/span><\/p>\n<p class=\"product woocommerce add_to_cart_inline \" style=\"border: 4px solid #cccccc; padding: 12px;\"><a class=\"button product_type_simple add_to_cart_button ajax_add_to_cart\" href=\"?add-to-cart=10622\" rel=\"nofollow\" aria-describedby=\"woocommerce_loop_add_to_cart_link_describedby_10622 \" data-quantity=\"1\" data-product_id=\"10622\" data-product_sku=\"\" aria-label=\"Ajouter au panier : \u201cTerminus Radioso - CD\u201d\" data-success_message=\"\u00ab Terminus Radioso - CD \u00bb a \u00e9t\u00e9 ajout\u00e9 \u00e0 votre panier\">Ajouter au panier<\/a><br \/>\n<span id=\"woocommerce_loop_add_to_cart_link_describedby_18934 \" class=\"screen-reader-text\"><br \/>\n<\/span><\/p>\n<\/div>\n<\/div>\n<\/div>\n<\/div><\/div><div id=\"panel-10606-0-0-2\" class=\"so-panel widget widget_sow-editor\" data-index=\"2\" ><div\n\t\t\t\n\t\t\tclass=\"so-widget-sow-editor so-widget-sow-editor-base\"\n\t\t\t\n\t\t>\n<div class=\"siteorigin-widget-tinymce textwidget\">\n\t<p><iframe style=\"border: 0; width: 350px; height: 472px;\" src=\"https:\/\/bandcamp.com\/EmbeddedPlayer\/album=3684774327\/size=large\/bgcol=ffffff\/linkcol=0687f5\/artwork=none\/transparent=true\/\" seamless><a href=\"https:\/\/mrmorezon.bandcamp.com\/album\/terminus-radioso\">Terminus Radioso by Le Tigre des Platanes<\/a><\/iframe><\/p>\n<\/div>\n<\/div><\/div><div id=\"panel-10606-0-0-3\" class=\"so-panel widget widget_sow-editor\" data-index=\"3\" ><div\n\t\t\t\n\t\t\tclass=\"so-widget-sow-editor so-widget-sow-editor-base\"\n\t\t\t\n\t\t><h3 class=\"widget-title\">DISTRIBUTION - CR\u00c9DITS<\/h3>\n<div class=\"siteorigin-widget-tinymce textwidget\">\n\t<p>Mathias Imbert : contrebasse<br \/>\nMarc D\u00e9mereau : sax alto, baryton, scie musicale, synth\u00e9, voix<br \/>\nPiero P\u00e9pin : trompette, bugle, synth\u00e9, voix<br \/>\nFabien Duscombs : Batterie<br \/>\nProduction : Freddy Morezon<br \/>\nPeinture : Marc D\u00e9mereau<br \/>\nGraphisme : R\u00e9mi P\u00e9pin<\/p>\n<p>Enregistr\u00e9 et mix\u00e9 par Simon Baconnier<br \/>\nau studio de La Lune Rouge<br \/>\nen ao\u00fbt 2019 et en d\u00e9cembre 2020.<\/p>\n<\/div>\n<\/div><\/div><div id=\"panel-10606-0-0-4\" class=\"so-panel widget widget_sow-editor panel-last-child\" data-index=\"4\" ><div\n\t\t\t\n\t\t\tclass=\"so-widget-sow-editor so-widget-sow-editor-base\"\n\t\t\t\n\t\t>\n<div class=\"siteorigin-widget-tinymce textwidget\">\n\t<h3>Links<\/h3>\n<ul>\n<li><i class=\"fa fa-chevron-right fa-2x\"><\/i> <a href=\"https:\/\/freddymorezon.org\/projets\/le-tigre-des-platanes\/\">Le Tigre des Platanes<\/a><\/li>\n<li><i class=\"fa fa-chevron-right fa-2x\"><\/i> <a href=\"https:\/\/freddymorezon.org\/artistes\/marc-demereau\/\">Marc D\u00e9mereau<\/a><\/li>\n<li><i class=\"fa fa-chevron-right fa-2x\"><\/i> <a href=\"https:\/\/freddymorezon.org\/artistes\/fabien-duscombs\/\">Fabien Duscombs<\/a><\/li>\n<li><i class=\"fa fa-chevron-right fa-2x\"><\/i> <a href=\"https:\/\/www.imbertimbert.fr\/\">Mathias Imbert<\/a><\/li>\n<\/ul>\n<ul>\n<li><i class=\"fa fa-chevron-right fa-2x\"><\/i> <a href=\"https:\/\/mrmorezon.bandcamp.com\/album\/terminus-radioso\" target=\"_blank\" rel=\"noopener noreferrer\">Bandcamp<\/a><\/li>\n<\/ul>\n<\/div>\n<\/div><\/div><\/div><div id=\"pgc-10606-0-1\"  class=\"panel-grid-cell\" ><div id=\"panel-10606-0-1-0\" class=\"so-panel widget widget_sow-editor panel-first-child\" data-index=\"5\" ><div\n\t\t\t\n\t\t\tclass=\"so-widget-sow-editor so-widget-sow-editor-base\"\n\t\t\t\n\t\t>\n<div class=\"siteorigin-widget-tinymce textwidget\">\n\t<h2>TERMINUS RADIOSO<\/h2>\n<h3>Le Tigre des Platanes<\/h3>\n<h4>Mr Morezon 025 \u23ae 16 avril 2021<\/h4>\n<\/div>\n<\/div><\/div><div id=\"panel-10606-0-1-1\" class=\"so-panel widget widget_sow-editor\" data-index=\"6\" ><div\n\t\t\t\n\t\t\tclass=\"so-widget-sow-editor so-widget-sow-editor-base\"\n\t\t\t\n\t\t>\n<div class=\"siteorigin-widget-tinymce textwidget\">\n\t<p>\"Travers\u00e9e de steppes ondulantes, d'espaces scintillants,<br \/>\nde contr\u00e9es r\u00e2peuses aux min\u00e9raux convoit\u00e9s.<br \/>\nCr\u00e9atures mythiques ou loufoques, humains plus qu'humains, plus fous que la folie.<br \/>\nEt, parmi les herbes mutantes de la po\u00e9sie splendide d'Antoine Volodine,<br \/>\nrampe et se meurt Vassilissa Marachvili, une femme juste comme vous et nous.<br \/>\nC'est la fin du voyage.<br \/>\nIl a \u00e9t\u00e9 beau, long, mais toujours trop court.<br \/>\nIl a eu ses tours, ses d\u00e9tours, ses errances et ses bifurcations.<br \/>\nParfois \u00e2pre, parfois enivrant, enivr\u00e9.<br \/>\nIl y a juste un peu plus d'un an,<br \/>\nle voyage de notre ami de toujours, Piero P\u00e9pin, a brutalement pris fin.<br \/>\nCeci est le dernier disque qu'il aura enregistr\u00e9.<br \/>\nNous te saluons, Piero.<br \/>\nMerci. Aligato.\"<\/p>\n<p>Apr\u00e8s avoir, de diverses fa\u00e7ons, cultiv\u00e9 la relecture de merveilles diverses - et bien souvent injustement m\u00e9connues - des ann\u00e9es 60 \u00e0 nos jours, \u00e0 travers trois r\u00e9pertoires en constant renouvellement, dont le second se consacrait essentiellement aux idiomes \u00e9thiopiens, le Tigre surgit \u00e0 nouveau avec un programme constitu\u00e9 de compositions originales. Cela s'intitule <strong><em>\u00ab Terminus Radioso \u00bb<\/em><\/strong>, en r\u00e9f\u00e9rence au merveilleux roman post-exotique quasi-\u00e9ponyme d'<strong>Antoine Volodine<\/strong> <em>(\u00ab Terminus Radieux \u00bb)<\/em>. - Cela aurait aussi pu s'appeler <em>\u00ab Le Cantique de l'Apocalypse joyeuse \u00bb<\/em>, mais il fallait choisir ! - En tout cas, d\u00e8s le titre, le ton est donn\u00e9. Dans la lign\u00e9e de la musique du Tigre, c'est \u00e9nergique, joyeux et bien libertaire. Et bourr\u00e9 de r\u00e9f\u00e9rences souvent litt\u00e9raires ou cin\u00e9matographique, soigneusement sugg\u00e9r\u00e9es en concert, de fa\u00e7on \u00e0 ce que, chacun \u00e0 sa fa\u00e7on, l'on se fasse son propre film.<\/p>\n<p>Il est donc question de post-apocalypse, de chamans mutants, de veaux \u00e0 trois pattes, de corbeaux malades et de grands m\u00e8res qui nourrissent d'\u00e9paves de tracteurs sovi\u00e9tiques des r\u00e9acteurs nucl\u00e9aires emball\u00e9s s'enfon\u00e7ant profond dans la cro\u00fbte terrestre. On croise aussi Charlie Chaplin, quelques marins naufrag\u00e9s et, incidemment, Ronald Shannon Jackson.<\/p>\n<p>De valses d\u00e9glingu\u00e9es \u00e0 des tournes r\u00e9solument rock, on pourra aussi s'amuser \u00e0 d\u00e9busquer moult r\u00e9f\u00e9rences musicales et jubilatoires de musiciens <em>(comme Tom Waits, Marc Ribot et bien d'autres...)<\/em> auxquels le Tigre a toujours rendu d'irrespectueux hommages.<\/p>\n<p>En bref, un vaste souffle br\u00fblant et jubilatoire de fin du monde balaie ce r\u00e9pertoire, port\u00e9 par l'\u00e9nergie et la joie d'en d\u00e9coudre des quatre membres du Tigre des Platanes. Un son d\u00e9bordant de vitalit\u00e9, d'impertinence et d'\u00e9nergie communicative. Une musique physique et tonique, implacable.<\/p>\n<\/div>\n<\/div><\/div><div id=\"panel-10606-0-1-2\" class=\"so-panel widget widget_sow-editor\" data-index=\"7\" ><div\n\t\t\t\n\t\t\tclass=\"so-widget-sow-editor so-widget-sow-editor-base\"\n\t\t\t\n\t\t>\n<div class=\"siteorigin-widget-tinymce textwidget\">\n\t<p><iframe loading=\"lazy\" title=\"Le Tigre des Platanes - Hanko Vogoulian\" width=\"790\" height=\"593\" src=\"https:\/\/www.youtube.com\/embed\/iZS7pWtoyOk?feature=oembed\" frameborder=\"0\" allow=\"accelerometer; autoplay; clipboard-write; encrypted-media; gyroscope; picture-in-picture; web-share\" referrerpolicy=\"strict-origin-when-cross-origin\" allowfullscreen><\/iframe><\/p>\n<\/div>\n<\/div><\/div><div id=\"panel-10606-0-1-3\" class=\"so-panel widget widget_eo_event_list_widget EO_Event_List_Widget panel-last-child\" data-index=\"8\" >\n\n\t<h3 class=\"widget-title evenements\">Tour<\/h3>\n\t<ul  class=\"eo-events eo-events-widget\" > \n\n\t\t\n\t\t\t\t\t\t\n\t\t\t<li class=\"eo-event-venue-festival-dolt-2 eo-event-cat-agenda eo-event-cat-fabien-duscombs eo-event-cat-le-tigre-des-platanes eo-event-cat-marc-demereau eo-event-future eo-multi-day eo-all-day\" >\n\t\t\t\n\t\t\n\t\t\t\n\t\t\n\t\t\t\t<div class=\"date\"> \n\t\t\t\t <div class=\"jour\">14<\/div> <div class=\"mois\">May<\/div><\/div>\t\t\t\n\t\t\t\t\t\n\t\t\t\t\t\t\t\t\t\t<div class=\"date2\"> \n\t\t\t\t<div class=\"jour\">15<\/div> <div class=\"mois\">May<\/div><\/div>\t\t\t\t\t\n\t\t\t\t\t\n\t\t\t\t <div class=\"contenu-date\">\n\t\t\t\t\n\t\t\t\t<h4 class=\"titre\">Le Tigre des Platanes - <\/h4> \n\t\t\t\t<div class=\"detail\">\n\t\t\t\t<span class=\"lieu\">Festival d'Olt, Bleymard<\/span><!-- \/.lieu --><div class=\"jour\">14<\/div> <div class=\"mois\">May<\/div><\/div>\t\t\t\t\n\t\t\t\t\n\t\t\t\t\n\t\t\t\t<span class=\"extrait\"> - <p><a href=\"https:\/\/freddymorezon.org\/productions\/le-tigre-des-platanes\/\" title=\"+ d'infos\" alt=\"+ d'infos\"><i class=\"fa fa-plus-square\"><\/i><\/a><a href=\"https:\/\/festivaldolt.org\/\" target=\"_blank\" title=\"+ d'infos\" alt=\"+ d'infos\"><i class=\"fa fa-plus-square\"><\/i><\/a><\/p>\n<\/span><!-- \/.extrait -->\t\t\t\t\n\t\t\t\t\t\t\t\t&nbsp;<span class=\"meta\"><ul class='post-meta'>\n<li><span class='post-meta-key'>om_disable_all_campaigns:<\/span> <\/li>\n<\/ul>\n<\/span><!-- \/.meta -->\n\t\t\t\t<\/div> <!-- \/.detail -->\n\t\t\t\t\n\t\t\t\t\n\t\t\t\t\n\t\t\t\t\n\t\t\t\t\n\t\t\t\t\n\t\t\t\t\n\t\t\t\t\n\t\t\t\t\n\t\t\t\t\n\t\t<!--\t<div class=\"meta-projet-associe-a-l-actu\"><\/div> -->\n\t\t\t\t  \n\t\t\t\t  <div class=\"mois-titre\">\t\t\t\t<!-- \/.mois-titre -->\n\t\t\t\t\n\t\t\t\t   \n\t\t\t\t <\/div><!-- \/.contenu-date -->\n\t\t\t<\/li>\n\n\t\t\n\t<\/ul>\n\n\n<\/div><\/div><\/div><\/div>","protected":false},"excerpt":{"rendered":"<p>April 2021<\/p>\n","protected":false},"author":1,"featured_media":10521,"parent":140,"menu_order":0,"comment_status":"closed","ping_status":"closed","template":"page-templates\/full-width.php","meta":{"om_disable_all_campaigns":false,"_monsterinsights_skip_tracking":false,"_monsterinsights_sitenote_active":false,"_monsterinsights_sitenote_note":"","_monsterinsights_sitenote_category":0,"_uf_show_specific_survey":0,"_uf_disable_surveys":false,"footnotes":""},"categories":[1174],"tags":[],"class_list":["post-10606","page","type-page","status-publish","has-post-thumbnail","hentry","category-page-label"],"aioseo_notices":[],"yoast_head":"<!-- This site is optimized with the Yoast SEO plugin v27.3 - https:\/\/yoast.com\/product\/yoast-seo-wordpress\/ -->\n<title>Terminus Radioso | Freddy Morezon<\/title>\n<meta name=\"robots\" content=\"index, follow, max-snippet:-1, max-image-preview:large, max-video-preview:-1\" \/>\n<link rel=\"canonical\" href=\"https:\/\/freddymorezon.org\/label\/terminus-radioso\/\" \/>\n<meta property=\"og:locale\" content=\"en_US\" \/>\n<meta property=\"og:type\" content=\"article\" \/>\n<meta property=\"og:title\" content=\"Terminus Radioso | Freddy Morezon\" \/>\n<meta property=\"og:description\" content=\"[:fr]Avril 2021[:en]April 2021[:]\" \/>\n<meta property=\"og:url\" content=\"https:\/\/freddymorezon.org\/label\/terminus-radioso\/\" \/>\n<meta property=\"og:site_name\" content=\"Freddy Morezon\" \/>\n<meta property=\"article:publisher\" content=\"https:\/\/www.facebook.com\/freddy.morezon\/\" \/>\n<meta property=\"article:modified_time\" content=\"2026-01-05T09:13:22+00:00\" \/>\n<meta property=\"og:image\" content=\"https:\/\/freddymorezon.org\/wp-content\/uploads\/2021\/03\/terminusradioso-pochette-recto-texte.jpg\" \/>\n\t<meta property=\"og:image:width\" content=\"1769\" \/>\n\t<meta property=\"og:image:height\" content=\"1527\" \/>\n\t<meta property=\"og:image:type\" content=\"image\/jpeg\" \/>\n<meta name=\"twitter:card\" content=\"summary_large_image\" \/>\n<script type=\"application\/ld+json\" class=\"yoast-schema-graph\">{\"@context\":\"https:\\\/\\\/schema.org\",\"@graph\":[{\"@type\":\"WebPage\",\"@id\":\"https:\\\/\\\/freddymorezon.org\\\/label\\\/terminus-radioso\\\/\",\"url\":\"https:\\\/\\\/freddymorezon.org\\\/label\\\/terminus-radioso\\\/\",\"name\":\"Terminus Radioso | Freddy Morezon\",\"isPartOf\":{\"@id\":\"https:\\\/\\\/freddymorezon.org\\\/#website\"},\"primaryImageOfPage\":{\"@id\":\"https:\\\/\\\/freddymorezon.org\\\/label\\\/terminus-radioso\\\/#primaryimage\"},\"image\":{\"@id\":\"https:\\\/\\\/freddymorezon.org\\\/label\\\/terminus-radioso\\\/#primaryimage\"},\"thumbnailUrl\":\"https:\\\/\\\/freddymorezon.org\\\/wp-content\\\/uploads\\\/2021\\\/03\\\/terminusradioso-pochette-recto-texte.jpg\",\"datePublished\":\"2021-03-18T11:55:14+00:00\",\"dateModified\":\"2026-01-05T09:13:22+00:00\",\"breadcrumb\":{\"@id\":\"https:\\\/\\\/freddymorezon.org\\\/label\\\/terminus-radioso\\\/#breadcrumb\"},\"inLanguage\":\"en-US\",\"potentialAction\":[{\"@type\":\"ReadAction\",\"target\":[\"https:\\\/\\\/freddymorezon.org\\\/label\\\/terminus-radioso\\\/\"]}]},{\"@type\":\"ImageObject\",\"inLanguage\":\"en-US\",\"@id\":\"https:\\\/\\\/freddymorezon.org\\\/label\\\/terminus-radioso\\\/#primaryimage\",\"url\":\"https:\\\/\\\/freddymorezon.org\\\/wp-content\\\/uploads\\\/2021\\\/03\\\/terminusradioso-pochette-recto-texte.jpg\",\"contentUrl\":\"https:\\\/\\\/freddymorezon.org\\\/wp-content\\\/uploads\\\/2021\\\/03\\\/terminusradioso-pochette-recto-texte.jpg\",\"width\":1769,\"height\":1527},{\"@type\":\"BreadcrumbList\",\"@id\":\"https:\\\/\\\/freddymorezon.org\\\/label\\\/terminus-radioso\\\/#breadcrumb\",\"itemListElement\":[{\"@type\":\"ListItem\",\"position\":1,\"name\":\"Accueil\",\"item\":\"https:\\\/\\\/freddymorezon.org\\\/\"},{\"@type\":\"ListItem\",\"position\":2,\"name\":\"Label\",\"item\":\"https:\\\/\\\/freddymorezon.org\\\/label\\\/\"},{\"@type\":\"ListItem\",\"position\":3,\"name\":\"Terminus Radioso\"}]},{\"@type\":\"WebSite\",\"@id\":\"https:\\\/\\\/freddymorezon.org\\\/#website\",\"url\":\"https:\\\/\\\/freddymorezon.org\\\/\",\"name\":\"Freddy Morezon\",\"description\":\"jazz - musique improvis\u00e9e - esth\u00e9tiques plurielles\",\"publisher\":{\"@id\":\"https:\\\/\\\/freddymorezon.org\\\/#organization\"},\"potentialAction\":[{\"@type\":\"SearchAction\",\"target\":{\"@type\":\"EntryPoint\",\"urlTemplate\":\"https:\\\/\\\/freddymorezon.org\\\/?s={search_term_string}\"},\"query-input\":{\"@type\":\"PropertyValueSpecification\",\"valueRequired\":true,\"valueName\":\"search_term_string\"}}],\"inLanguage\":\"en-US\"},{\"@type\":\"Organization\",\"@id\":\"https:\\\/\\\/freddymorezon.org\\\/#organization\",\"name\":\"Association Freddy Morezon\",\"url\":\"https:\\\/\\\/freddymorezon.org\\\/\",\"logo\":{\"@type\":\"ImageObject\",\"inLanguage\":\"en-US\",\"@id\":\"https:\\\/\\\/freddymorezon.org\\\/#\\\/schema\\\/logo\\\/image\\\/\",\"url\":\"https:\\\/\\\/freddymorezon.org\\\/wp-content\\\/uploads\\\/2016\\\/02\\\/mini-logo-header-site2.jpg\",\"contentUrl\":\"https:\\\/\\\/freddymorezon.org\\\/wp-content\\\/uploads\\\/2016\\\/02\\\/mini-logo-header-site2.jpg\",\"width\":234,\"height\":174,\"caption\":\"Association Freddy Morezon\"},\"image\":{\"@id\":\"https:\\\/\\\/freddymorezon.org\\\/#\\\/schema\\\/logo\\\/image\\\/\"},\"sameAs\":[\"https:\\\/\\\/www.facebook.com\\\/freddy.morezon\\\/\",\"https:\\\/\\\/www.instagram.com\\\/freddymorezon\\\/\",\"https:\\\/\\\/www.youtube.com\\\/user\\\/freddymorezon\",\"https:\\\/\\\/fr.linkedin.com\\\/company\\\/freddy-morezon-p.r.o.d.\"]}]}<\/script>\n<!-- \/ Yoast SEO plugin. -->","yoast_head_json":{"title":"Terminus Radioso | Freddy Morezon","robots":{"index":"index","follow":"follow","max-snippet":"max-snippet:-1","max-image-preview":"max-image-preview:large","max-video-preview":"max-video-preview:-1"},"canonical":"https:\/\/freddymorezon.org\/label\/terminus-radioso\/","og_locale":"en_US","og_type":"article","og_title":"Terminus Radioso | Freddy Morezon","og_description":"[:fr]Avril 2021[:en]April 2021[:]","og_url":"https:\/\/freddymorezon.org\/label\/terminus-radioso\/","og_site_name":"Freddy Morezon","article_publisher":"https:\/\/www.facebook.com\/freddy.morezon\/","article_modified_time":"2026-01-05T09:13:22+00:00","og_image":[{"width":1769,"height":1527,"url":"https:\/\/freddymorezon.org\/wp-content\/uploads\/2021\/03\/terminusradioso-pochette-recto-texte.jpg","type":"image\/jpeg"}],"twitter_card":"summary_large_image","schema":{"@context":"https:\/\/schema.org","@graph":[{"@type":"WebPage","@id":"https:\/\/freddymorezon.org\/label\/terminus-radioso\/","url":"https:\/\/freddymorezon.org\/label\/terminus-radioso\/","name":"Terminus Radioso | Freddy Morezon","isPartOf":{"@id":"https:\/\/freddymorezon.org\/#website"},"primaryImageOfPage":{"@id":"https:\/\/freddymorezon.org\/label\/terminus-radioso\/#primaryimage"},"image":{"@id":"https:\/\/freddymorezon.org\/label\/terminus-radioso\/#primaryimage"},"thumbnailUrl":"https:\/\/freddymorezon.org\/wp-content\/uploads\/2021\/03\/terminusradioso-pochette-recto-texte.jpg","datePublished":"2021-03-18T11:55:14+00:00","dateModified":"2026-01-05T09:13:22+00:00","breadcrumb":{"@id":"https:\/\/freddymorezon.org\/label\/terminus-radioso\/#breadcrumb"},"inLanguage":"en-US","potentialAction":[{"@type":"ReadAction","target":["https:\/\/freddymorezon.org\/label\/terminus-radioso\/"]}]},{"@type":"ImageObject","inLanguage":"en-US","@id":"https:\/\/freddymorezon.org\/label\/terminus-radioso\/#primaryimage","url":"https:\/\/freddymorezon.org\/wp-content\/uploads\/2021\/03\/terminusradioso-pochette-recto-texte.jpg","contentUrl":"https:\/\/freddymorezon.org\/wp-content\/uploads\/2021\/03\/terminusradioso-pochette-recto-texte.jpg","width":1769,"height":1527},{"@type":"BreadcrumbList","@id":"https:\/\/freddymorezon.org\/label\/terminus-radioso\/#breadcrumb","itemListElement":[{"@type":"ListItem","position":1,"name":"Accueil","item":"https:\/\/freddymorezon.org\/"},{"@type":"ListItem","position":2,"name":"Label","item":"https:\/\/freddymorezon.org\/label\/"},{"@type":"ListItem","position":3,"name":"Terminus Radioso"}]},{"@type":"WebSite","@id":"https:\/\/freddymorezon.org\/#website","url":"https:\/\/freddymorezon.org\/","name":"Freddy Morezon","description":"jazz - musique improvis\u00e9e - esth\u00e9tiques plurielles","publisher":{"@id":"https:\/\/freddymorezon.org\/#organization"},"potentialAction":[{"@type":"SearchAction","target":{"@type":"EntryPoint","urlTemplate":"https:\/\/freddymorezon.org\/?s={search_term_string}"},"query-input":{"@type":"PropertyValueSpecification","valueRequired":true,"valueName":"search_term_string"}}],"inLanguage":"en-US"},{"@type":"Organization","@id":"https:\/\/freddymorezon.org\/#organization","name":"Association Freddy Morezon","url":"https:\/\/freddymorezon.org\/","logo":{"@type":"ImageObject","inLanguage":"en-US","@id":"https:\/\/freddymorezon.org\/#\/schema\/logo\/image\/","url":"https:\/\/freddymorezon.org\/wp-content\/uploads\/2016\/02\/mini-logo-header-site2.jpg","contentUrl":"https:\/\/freddymorezon.org\/wp-content\/uploads\/2016\/02\/mini-logo-header-site2.jpg","width":234,"height":174,"caption":"Association Freddy Morezon"},"image":{"@id":"https:\/\/freddymorezon.org\/#\/schema\/logo\/image\/"},"sameAs":["https:\/\/www.facebook.com\/freddy.morezon\/","https:\/\/www.instagram.com\/freddymorezon\/","https:\/\/www.youtube.com\/user\/freddymorezon","https:\/\/fr.linkedin.com\/company\/freddy-morezon-p.r.o.d."]}]}},"_links":{"self":[{"href":"https:\/\/freddymorezon.org\/en\/wp-json\/wp\/v2\/pages\/10606","targetHints":{"allow":["GET"]}}],"collection":[{"href":"https:\/\/freddymorezon.org\/en\/wp-json\/wp\/v2\/pages"}],"about":[{"href":"https:\/\/freddymorezon.org\/en\/wp-json\/wp\/v2\/types\/page"}],"author":[{"embeddable":true,"href":"https:\/\/freddymorezon.org\/en\/wp-json\/wp\/v2\/users\/1"}],"replies":[{"embeddable":true,"href":"https:\/\/freddymorezon.org\/en\/wp-json\/wp\/v2\/comments?post=10606"}],"version-history":[{"count":38,"href":"https:\/\/freddymorezon.org\/en\/wp-json\/wp\/v2\/pages\/10606\/revisions"}],"predecessor-version":[{"id":24742,"href":"https:\/\/freddymorezon.org\/en\/wp-json\/wp\/v2\/pages\/10606\/revisions\/24742"}],"up":[{"embeddable":true,"href":"https:\/\/freddymorezon.org\/en\/wp-json\/wp\/v2\/pages\/140"}],"wp:featuredmedia":[{"embeddable":true,"href":"https:\/\/freddymorezon.org\/en\/wp-json\/wp\/v2\/media\/10521"}],"wp:attachment":[{"href":"https:\/\/freddymorezon.org\/en\/wp-json\/wp\/v2\/media?parent=10606"}],"wp:term":[{"taxonomy":"category","embeddable":true,"href":"https:\/\/freddymorezon.org\/en\/wp-json\/wp\/v2\/categories?post=10606"},{"taxonomy":"post_tag","embeddable":true,"href":"https:\/\/freddymorezon.org\/en\/wp-json\/wp\/v2\/tags?post=10606"}],"curies":[{"name":"wp","href":"https:\/\/api.w.org\/{rel}","templated":true}]}}