
{"id":10865,"date":"2021-04-14T11:40:07","date_gmt":"2021-04-14T10:40:07","guid":{"rendered":"https:\/\/freddymorezon.org\/?page_id=10865"},"modified":"2024-09-23T14:32:26","modified_gmt":"2024-09-23T13:32:26","slug":"balade-a-velo","status":"publish","type":"page","link":"https:\/\/freddymorezon.org\/en\/catalogue\/balade-a-velo\/","title":{"rendered":"Balade \u00e0 v\u00e9lo"},"content":{"rendered":"<div id=\"pl-10865\"  class=\"panel-layout\" ><div id=\"pg-10865-0\"  class=\"panel-grid panel-no-style\" ><div id=\"pgc-10865-0-0\"  class=\"panel-grid-cell\" ><div id=\"panel-10865-0-0-0\" class=\"so-panel widget widget_eo_event_list_widget EO_Event_List_Widget panel-first-child\" data-index=\"0\" >\n\n\t<h3 class=\"widget-title evenements\">Tour<\/h3>\n\t<ul  class=\"eo-events eo-events-widget\" > \n\n\t\t\n\t\t\t\t\t\t\n\t\t\t<li class=\"eo-event-venue-artcade-soueix-seix-soueix eo-event-cat-agenda eo-event-cat-andy-leveque eo-event-cat-balade-a-velo eo-event-cat-mister-bishop eo-event-future\" >\n\t\t\t\n\t\t\n\t\t\t\n\t\t\n\t\t\t\t<div class=\"date\"> \n\t\t\t\t <div class=\"jour\">10<\/div> <div class=\"mois\">May<\/div><\/div>\t\t\t\n\t\t\t\t\t\n\t\t\t\t\t\t\t\t\t\t\n\t\t\t\t\t\n\t\t\t\t <div class=\"contenu-date\">\n\t\t\t\t\n\t\t\t\t<h4 class=\"titre\">Mister Bishop - <\/h4> \n\t\t\t\t<div class=\"detail\">\n\t\t\t\t<span class=\"lieu\">Art'Cade \/ Soueix &gt; Seix &gt; Soueix, Soueix<\/span><!-- \/.lieu --> - <span class=\"heure\">14h00<\/span>\t\t\t\t\n\t\t\t\t\n\t\t\t\t\n\t\t\t\t<span class=\"extrait\"> - <p><a href=\"https:\/\/freddymorezon.org\/catalogue\/mister-bishop-solo\/\" title=\"+ d'infos\" alt=\"+ d'infos\"><i class=\"fa fa-plus-square\"><\/i><\/a><a href=\"https:\/\/www.art-cade.fr\/agenda\/rando-velo-%E2%80%A2-mister-bishop\/\" target=\"_blank\" title=\"+ d'infos\" alt=\"+ d'infos\"><i class=\"fa fa-plus-square\"><\/i><\/a><\/p>\n<\/span><!-- \/.extrait -->\t\t\t\t\n\t\t\t\t\t\t\t\t&nbsp;<span class=\"meta\"><ul class='post-meta'>\n<li><span class='post-meta-key'>om_disable_all_campaigns:<\/span> <\/li>\n<\/ul>\n<\/span><!-- \/.meta -->\n\t\t\t\t<\/div> <!-- \/.detail -->\n\t\t\t\t\n\t\t\t\t\n\t\t\t\t\n\t\t\t\t\n\t\t\t\t\n\t\t\t\t\n\t\t\t\t\n\t\t\t\t\n\t\t\t\t\n\t\t\t\t\n\t\t<!--\t<div class=\"meta-projet-associe-a-l-actu\"><\/div> -->\n\t\t\t\t  \n\t\t\t\t  <div class=\"mois-titre\">\t\t\t\t<!-- \/.mois-titre -->\n\t\t\t\t\n\t\t\t\t   \n\t\t\t\t <\/div><!-- \/.contenu-date -->\n\t\t\t<\/li>\n\n\t\t\n\t<\/ul>\n\n\n<\/div><div id=\"panel-10865-0-0-1\" class=\"so-panel widget widget_sow-button\" data-index=\"1\" ><div\n\t\t\t\n\t\t\tclass=\"so-widget-sow-button so-widget-sow-button-flat-5192bebda948-24354\"\n\t\t\t\n\t\t><div class=\"ow-button-base ow-button-align-center\"\n>\n\t\t\t<a\n\t\t\t\t\thref=\"https:\/\/freddymorezon.org\/projets\/mister-bishop\/agenda-mister-bishop\/\"\n\t\t\t\t\tclass=\"sowb-button ow-icon-placement-left ow-button-hover\" \t>\n\t\t<span>\n\t\t\t\n\t\t\tView all tour dates\t\t<\/span>\n\t\t\t<\/a>\n\t<\/div>\n<\/div><\/div><div id=\"panel-10865-0-0-2\" class=\"so-panel widget widget_sow-editor\" data-index=\"2\" ><div\n\t\t\t\n\t\t\tclass=\"so-widget-sow-editor so-widget-sow-editor-base\"\n\t\t\t\n\t\t>\n<div class=\"siteorigin-widget-tinymce textwidget\">\n\t<h3>Contact<\/h3>\n<p>Alexandra Cirotteau \/\/ alexandra@freddymorezon.org<\/p>\n<\/div>\n<\/div><\/div><div id=\"panel-10865-0-0-3\" class=\"so-panel widget widget_sow-headline\" data-index=\"3\" ><div\n\t\t\t\n\t\t\tclass=\"so-widget-sow-headline so-widget-sow-headline-default-28ce8d53df77-24354\"\n\t\t\t\n\t\t><div class=\"sow-headline-container \">\n\t\t\t\t\t\t<div class=\"decoration\">\n\t\t\t\t\t\t<div class=\"decoration-inside\"><\/div>\n\t\t\t\t\t<\/div>\n\t\t\t\t\t<\/div>\n<\/div><\/div><div id=\"panel-10865-0-0-4\" class=\"so-panel widget widget_sow-editor panel-last-child\" data-index=\"4\" ><div\n\t\t\t\n\t\t\tclass=\"so-widget-sow-editor so-widget-sow-editor-base\"\n\t\t\t\n\t\t>\n<div class=\"siteorigin-widget-tinymce textwidget\">\n\t<h3>links<\/h3>\n<p><i class=\"fa fa-file-text-o fa-2x\"><\/i> <a title=\"consulter le dossier de pr\u00e9sentation\" href=\"https:\/\/freddymorezon.org\/packspro\/2022-dossier-mister-bishop.pdf\" target=\"_blank\" rel=\"noopener noreferrer\">Presentation file (FR)<\/a><\/p>\n<p><i class=\"fa fa-folder fa-4x\"><\/i> <a title=\"pack pro\" href=\"https:\/\/fichiers.freddymorezon.org\/index.php\/s\/hldtKSrVyoMeamw\" target=\"_blank\" rel=\"noopener noreferrer\">Pack pro<\/a><\/p>\n<ul>\n<li><i class=\"fa fa-chevron-right fa-2x\"><\/i> <a title=\"Andy L\u00e9v\u00eaque\" href=\"https:\/\/freddymorezon.org\/artistes\/andy-leveque\/\">Andy L\u00e9v\u00eaque<\/a><\/li>\n<\/ul>\n<\/div>\n<\/div><\/div><\/div><div id=\"pgc-10865-0-1\"  class=\"panel-grid-cell\" ><div id=\"panel-10865-0-1-0\" class=\"so-panel widget widget_sow-editor panel-first-child\" data-index=\"5\" ><div\n\t\t\t\n\t\t\tclass=\"so-widget-sow-editor so-widget-sow-editor-base\"\n\t\t\t\n\t\t>\n<div class=\"siteorigin-widget-tinymce textwidget\">\n\t<h1>Balade \u00e0 v\u00e9lo<\/h1>\n<h3>avec Mister Bishop<\/h3>\n<\/div>\n<\/div><\/div><div id=\"panel-10865-0-1-1\" class=\"so-panel widget widget_sow-image\" data-index=\"6\" ><div\n\t\t\t\n\t\t\tclass=\"so-widget-sow-image so-widget-sow-image-default-8b5b6f678277-24354\"\n\t\t\t\n\t\t>\n<div class=\"sow-image-container\">\n\t\t<img \n\tsrc=\"https:\/\/freddymorezon.org\/wp-content\/uploads\/2024\/09\/Photo-instal-recadree-scaled.jpg\" width=\"2560\" height=\"1687\" srcset=\"https:\/\/freddymorezon.org\/wp-content\/uploads\/2024\/09\/Photo-instal-recadree-scaled.jpg 2560w, https:\/\/freddymorezon.org\/wp-content\/uploads\/2024\/09\/Photo-instal-recadree-800x527.jpg 800w, https:\/\/freddymorezon.org\/wp-content\/uploads\/2024\/09\/Photo-instal-recadree-1536x1012.jpg 1536w, https:\/\/freddymorezon.org\/wp-content\/uploads\/2024\/09\/Photo-instal-recadree-2048x1350.jpg 2048w, https:\/\/freddymorezon.org\/wp-content\/uploads\/2024\/09\/Photo-instal-recadree-400x264.jpg 400w\" sizes=\"(max-width: 2560px) 100vw, 2560px\" title=\"Photo instal recadre\u0301e\" alt=\"\" \t\tclass=\"so-widget-image\"\/>\n\t<\/div>\n\n<\/div><\/div><div id=\"panel-10865-0-1-2\" class=\"so-panel widget widget_sow-editor\" data-index=\"7\" ><div\n\t\t\t\n\t\t\tclass=\"so-widget-sow-editor so-widget-sow-editor-base\"\n\t\t\t\n\t\t>\n<div class=\"siteorigin-widget-tinymce textwidget\">\n\t<p class=\"copyright\" style=\"text-align: left;\">\u00a9 Eveliina Laitinen<\/p>\n<\/div>\n<\/div><\/div><div id=\"panel-10865-0-1-3\" class=\"so-panel widget widget_sow-editor\" data-index=\"8\" ><div\n\t\t\t\n\t\t\tclass=\"so-widget-sow-editor so-widget-sow-editor-base\"\n\t\t\t\n\t\t>\n<div class=\"siteorigin-widget-tinymce textwidget\">\n\t<h3 style=\"text-align: left;\">Balade \u00e0 v\u00e9lo<\/h3>\n<p style=\"text-align: left;\">Une \u00e9chapp\u00e9e collective ponctu\u00e9e par des concerts, o\u00f9 l\u2019on sillonne tranquillement les voies cyclables. On d\u00e9couvre les paysages et leur calme, peupl\u00e9s ici et l\u00e0 de sons \u00e9tranges. La musique est parfois l\u2019occasion d\u2019une halte, mais pas toujours...<br \/>\nUne premi\u00e8re sortie a eu lieu en Ari\u00e8ge en octobre 2020, sur la voie verte entre Castelnau-Durban et Saint-Girons. Elle f\u00fbt l'occasion d'\u00e9trenner la carriole \u00e0 v\u00e9lo flambant neuve de Mr Bishop, suite \u00e0 sa construction \u00e0 l\u2019atelier Arize 2 Roues. Elle s\u2019est inscrite dans le cadre du projet de territoire concoct\u00e9 par Freddy Morezon et ArtCade.<\/p>\n<p style=\"text-align: left;\"><em>Partenaires : <a href=\"https:\/\/www.art-cade.fr\/action-culturelle-education-artistique\/le-collectif-freddy-morezon-en-residence-de-territoire\/\" rel=\"noopener noreferrer\" target=\"_blank\">Art'Cade - Sc\u00e8ne de musiques actuelles - Ari\u00e8ge<\/a>, <a href=\"http:\/\/jazzaluz.com\/\" rel=\"noopener noreferrer\" target=\"_blank\">Jazz Pyr' \/ Jazz \u00e0 Luz<\/a>, <a href=\"http:\/\/arize2roues.eu5.org\/indexfr.htm\" rel=\"noopener noreferrer\" target=\"_blank\">Arize 2 roues<\/a>.<\/em><\/p>\n<\/div>\n<\/div><\/div><div id=\"panel-10865-0-1-4\" class=\"so-panel widget widget_sow-editor\" data-index=\"9\" ><div\n\t\t\t\n\t\t\tclass=\"so-widget-sow-editor so-widget-sow-editor-base\"\n\t\t\t\n\t\t>\n<div class=\"siteorigin-widget-tinymce textwidget\">\n\t<div class=\"pt-cv-wrapper\">\n<div class=\"pt-cv-view pt-cv-scrollable pt-cv-colsys pt-cv-left pt-cv-sharp-buttons\" id=\"pt-cv-view-4336d41l0e\">\n<div data-id=\"pt-cv-page-1\" class=\"pt-cv-page\" data-cvc=\"2\">\n<div id=\"399f638pay\" class=\"pt-cv-carousel pt-cv-slide\" data-ride=\"cvcarousel\" data-interval=false>\n<div class=\"carousel-inner\">\n<div class=\"item active\">\n<div class=\"row\">\n<div class=\"col-md-6 col-sm-12 col-xs-12 pt-cv-content-item pt-cv-1-col\"  data-pid=\"13711\">\n<div class=\"pt-cv-carousel-caption pt-cv-cap-wo-img\">\n<div class=\"pt-cv-content\">\n<p><iframe loading=\"lazy\" title=\"After movie - Itin\u00e9rance d&#039;Octobre 2021 avec Jazz \u00e0 Luz\" width=\"790\" height=\"444\" src=\"https:\/\/www.youtube.com\/embed\/ZghaGbHIglg?feature=oembed\" frameborder=\"0\" allow=\"accelerometer; autoplay; clipboard-write; encrypted-media; gyroscope; picture-in-picture; web-share\" referrerpolicy=\"strict-origin-when-cross-origin\" allowfullscreen><\/iframe><br \/>\nItin\u00e9rance d&#8217;Octobre 2021 avec Jazz \u00e0 Luz<\/p>\n<\/div>\n<\/div>\n<\/div>\n<div class=\"col-md-6 col-sm-12 col-xs-12 pt-cv-content-item pt-cv-1-col\"  data-pid=\"10867\">\n<div class=\"pt-cv-carousel-caption pt-cv-cap-wo-img\">\n<div class=\"pt-cv-content\">\n<p><iframe loading=\"lazy\" width=\"790\" height=\"444\" src=\"https:\/\/www.youtube.com\/embed\/DUJOS14k-GM?feature=oembed\" frameborder=\"0\" allow=\"accelerometer; autoplay; clipboard-write; encrypted-media; gyroscope; picture-in-picture\" allowfullscreen><\/iframe><br \/>\nBalade \u00e0 v\u00e9lo &#8211; R\u00e9sidence de Territoire avec Art&#8217;Cade<br \/>\nOctobre 2020 en Ari\u00e8ge<\/p>\n<\/div>\n<\/div>\n<\/div>\n<\/div>\n<\/div>\n<\/div>\n<\/div>\n<\/div>\n<\/div>\n<\/div>\n<style type=\"text\/css\" id=\"pt-cv-inline-style-31b865bi50\">#pt-cv-view-4336d41l0e.pt-cv-post-border .pt-cv-content-item   { border-top-style: solid; border-left-style: solid; }\n#pt-cv-view-4336d41l0e .pt-cv-title a, #pt-cv-view-4336d41l0e  .panel-title { font-weight: 600 !important; }\n#pt-cv-view-4336d41l0e .pt-cv-specialp * { font-size: 13px !important; line-height: 1.3 !important; color: #fff !important; background-color: #CC3333 !important; }\n#pt-cv-view-4336d41l0e .pt-cv-pficon  { color: #bbb !important; }\n#pt-cv-view-4336d41l0e  .add_to_cart_button, #pt-cv-view-4336d41l0e  .add_to_cart_button *   { color: #ffffff !important; background-color: #00aeef !important; }\n#pt-cv-view-4336d41l0e  .woocommerce-onsale   { color: #ffffff !important; background-color: #ff5a5f !important; }\n#pt-cv-view-4336d41l0e .pt-cv-readmore  { color: #ffffff !important; background-color: #00aeef !important; }\n#pt-cv-view-4336d41l0e .pt-cv-readmore:hover  { color: #ffffff !important; background-color: #00aeef !important; }\n#pt-cv-view-4336d41l0e  + .pt-cv-pagination-wrapper .pt-cv-more , #pt-cv-view-4336d41l0e  + .pt-cv-pagination-wrapper .pagination .active a { color: #ffffff !important; background-color: #00aeef !important; }\n#pt-cv-view-4336d41l0e .pt-cv-gls-header  { background-color: #00aeef !important; }\n#pt-cv-view-4336d41l0e .pt-cv-tao  { font-size: 20px !important; line-height: 1.3 !important; color: #ffffff !important; background-color: #00aeef !important; }\n#pt-cv-view-4336d41l0e { text-align: left; }<\/style>\n<\/div>\n<\/div><\/div><div id=\"panel-10865-0-1-5\" class=\"so-panel widget widget_sow-button panel-last-child\" data-index=\"10\" ><div\n\t\t\t\n\t\t\tclass=\"so-widget-sow-button so-widget-sow-button-flat-5192bebda948-24354\"\n\t\t\t\n\t\t><div class=\"ow-button-base ow-button-align-center\"\n>\n\t\t\t<a\n\t\t\t\t\thref=\"https:\/\/youtube.com\/playlist?list=PLG_k4hTlcRtJ_UkzkS3rLyDrYLTTZh2n1\"\n\t\t\t\t\tclass=\"sowb-button ow-icon-placement-left ow-button-hover\" \t>\n\t\t<span>\n\t\t\t\n\t\t\tView all videos\t\t<\/span>\n\t\t\t<\/a>\n\t<\/div>\n<\/div><\/div><\/div><\/div><div id=\"pg-10865-1\"  class=\"panel-grid panel-no-style\" ><div id=\"pgc-10865-1-0\"  class=\"panel-grid-cell panel-grid-cell-empty\" ><\/div><div id=\"pgc-10865-1-1\"  class=\"panel-grid-cell panel-grid-cell-mobile-last\" ><div id=\"panel-10865-1-1-0\" class=\"so-panel widget widget_sow-editor panel-first-child\" data-index=\"11\" ><div\n\t\t\t\n\t\t\tclass=\"so-widget-sow-editor so-widget-sow-editor-base\"\n\t\t\t\n\t\t>\n<div class=\"siteorigin-widget-tinymce textwidget\">\n\t<\/div>\n<\/div><\/div><div id=\"panel-10865-1-1-1\" class=\"so-panel widget widget_sow-editor\" data-index=\"12\" ><div\n\t\t\t\n\t\t\tclass=\"so-widget-sow-editor so-widget-sow-editor-base\"\n\t\t\t\n\t\t>\n<div class=\"siteorigin-widget-tinymce textwidget\">\n\t<p><a title=\"Animation Eco-Bike\" href=\"https:\/\/freddymorezon.org\/newsletter\/images\/animation-eco-bike.pdf\" target=\"_blank\" rel=\"noopener noreferrer\">Animation Eco-Bike <i class=\"fa fa-plus-square\"><\/i><\/a><\/p>\n<\/div>\n<\/div><\/div><div id=\"panel-10865-1-1-2\" class=\"so-panel widget widget_sow-image panel-last-child\" data-index=\"13\" ><div\n\t\t\t\n\t\t\tclass=\"so-widget-sow-image so-widget-sow-image-default-8b5b6f678277-24354\"\n\t\t\t\n\t\t>\n<div class=\"sow-image-container\">\n\t\t<img \n\tsrc=\"https:\/\/freddymorezon.org\/wp-content\/uploads\/2021\/04\/Construc-Cariole.jpg\" width=\"4049\" height=\"2959\" srcset=\"https:\/\/freddymorezon.org\/wp-content\/uploads\/2021\/04\/Construc-Cariole.jpg 4049w, https:\/\/freddymorezon.org\/wp-content\/uploads\/2021\/04\/Construc-Cariole-800x585.jpg 800w, https:\/\/freddymorezon.org\/wp-content\/uploads\/2021\/04\/Construc-Cariole-400x292.jpg 400w\" sizes=\"(max-width: 4049px) 100vw, 4049px\" alt=\"\" \t\tclass=\"so-widget-image\"\/>\n\t<\/div>\n\n<\/div><\/div><\/div><div id=\"pgc-10865-1-2\"  class=\"panel-grid-cell panel-grid-cell-empty\" ><\/div><\/div><\/div>","protected":false},"excerpt":{"rendered":"<p>Contact Alexandra Cirotteau \/\/ alexandra@freddymorezon.org links Presentation file (FR) Pack pro Andy L\u00e9v\u00eaque Balade \u00e0 v\u00e9loavec Mister Bishop \u00a9 Eveliina Laitinen Balade \u00e0 v\u00e9lo Une \u00e9chapp\u00e9e collective ponctu\u00e9e par des concerts, o\u00f9 l\u2019on sillonne tranquillement les voies cyclables. On d\u00e9couvre les paysages et leur calme, peupl\u00e9s ici et l\u00e0 de sons \u00e9tranges. La musique est&hellip;<\/p>\n<p><a class=\"more-link\" href=\"https:\/\/freddymorezon.org\/en\/catalogue\/balade-a-velo\/\" title=\"Continue reading &lsquo;Balade \u00e0 v\u00e9lo&rsquo;\">Continue reading <span class=\"meta-nav\">&rarr;<\/span><\/a><\/p>\n","protected":false},"author":1,"featured_media":20794,"parent":134,"menu_order":0,"comment_status":"closed","ping_status":"closed","template":"page-templates\/full-width.php","meta":{"om_disable_all_campaigns":false,"_monsterinsights_skip_tracking":false,"_monsterinsights_sitenote_active":false,"_monsterinsights_sitenote_note":"","_monsterinsights_sitenote_category":0,"_uf_show_specific_survey":0,"_uf_disable_surveys":false,"footnotes":""},"categories":[1033,1184],"tags":[],"class_list":["post-10865","page","type-page","status-publish","has-post-thumbnail","hentry","category-andy-leveque","category-page-actions-culturelles"],"aioseo_notices":[],"yoast_head":"<!-- This site is optimized with the Yoast SEO plugin v27.4 - https:\/\/yoast.com\/product\/yoast-seo-wordpress\/ -->\n<title>Balade \u00e0 v\u00e9lo | Freddy Morezon<\/title>\n<meta name=\"robots\" content=\"index, follow, max-snippet:-1, max-image-preview:large, max-video-preview:-1\" \/>\n<link rel=\"canonical\" href=\"https:\/\/freddymorezon.org\/catalogue\/balade-a-velo\/\" \/>\n<meta property=\"og:locale\" content=\"en_US\" \/>\n<meta property=\"og:type\" content=\"article\" \/>\n<meta property=\"og:title\" content=\"Balade \u00e0 v\u00e9lo | Freddy Morezon\" \/>\n<meta property=\"og:description\" content=\"Contact Alexandra Cirotteau \/\/ alexandra@freddymorezon.org links Presentation file (FR) Pack pro Andy L\u00e9v\u00eaque Balade \u00e0 v\u00e9loavec Mister Bishop \u00a9 Eveliina Laitinen Balade \u00e0 v\u00e9lo Une \u00e9chapp\u00e9e collective ponctu\u00e9e par des concerts, o\u00f9 l\u2019on sillonne tranquillement les voies cyclables. On d\u00e9couvre les paysages et leur calme, peupl\u00e9s ici et l\u00e0 de sons \u00e9tranges. La musique est&hellip;Continue reading &rarr;\" \/>\n<meta property=\"og:url\" content=\"https:\/\/freddymorezon.org\/catalogue\/balade-a-velo\/\" \/>\n<meta property=\"og:site_name\" content=\"Freddy Morezon\" \/>\n<meta property=\"article:publisher\" content=\"https:\/\/www.facebook.com\/freddy.morezon\/\" \/>\n<meta property=\"article:modified_time\" content=\"2024-09-23T13:32:26+00:00\" \/>\n<meta property=\"og:image\" content=\"https:\/\/freddymorezon.org\/wp-content\/uploads\/2024\/09\/Photo-instal-recadree-scaled.jpg\" \/>\n\t<meta property=\"og:image:width\" content=\"2560\" \/>\n\t<meta property=\"og:image:height\" content=\"1687\" \/>\n\t<meta property=\"og:image:type\" content=\"image\/jpeg\" \/>\n<meta name=\"twitter:card\" content=\"summary_large_image\" \/>\n<script type=\"application\/ld+json\" class=\"yoast-schema-graph\">{\"@context\":\"https:\\\/\\\/schema.org\",\"@graph\":[{\"@type\":\"WebPage\",\"@id\":\"https:\\\/\\\/freddymorezon.org\\\/catalogue\\\/balade-a-velo\\\/\",\"url\":\"https:\\\/\\\/freddymorezon.org\\\/catalogue\\\/balade-a-velo\\\/\",\"name\":\"Balade \u00e0 v\u00e9lo | Freddy Morezon\",\"isPartOf\":{\"@id\":\"https:\\\/\\\/freddymorezon.org\\\/#website\"},\"primaryImageOfPage\":{\"@id\":\"https:\\\/\\\/freddymorezon.org\\\/catalogue\\\/balade-a-velo\\\/#primaryimage\"},\"image\":{\"@id\":\"https:\\\/\\\/freddymorezon.org\\\/catalogue\\\/balade-a-velo\\\/#primaryimage\"},\"thumbnailUrl\":\"https:\\\/\\\/freddymorezon.org\\\/wp-content\\\/uploads\\\/2024\\\/09\\\/Photo-instal-recadree-scaled.jpg\",\"datePublished\":\"2021-04-14T10:40:07+00:00\",\"dateModified\":\"2024-09-23T13:32:26+00:00\",\"breadcrumb\":{\"@id\":\"https:\\\/\\\/freddymorezon.org\\\/catalogue\\\/balade-a-velo\\\/#breadcrumb\"},\"inLanguage\":\"en-US\",\"potentialAction\":[{\"@type\":\"ReadAction\",\"target\":[\"https:\\\/\\\/freddymorezon.org\\\/catalogue\\\/balade-a-velo\\\/\"]}]},{\"@type\":\"ImageObject\",\"inLanguage\":\"en-US\",\"@id\":\"https:\\\/\\\/freddymorezon.org\\\/catalogue\\\/balade-a-velo\\\/#primaryimage\",\"url\":\"https:\\\/\\\/freddymorezon.org\\\/wp-content\\\/uploads\\\/2024\\\/09\\\/Photo-instal-recadree-scaled.jpg\",\"contentUrl\":\"https:\\\/\\\/freddymorezon.org\\\/wp-content\\\/uploads\\\/2024\\\/09\\\/Photo-instal-recadree-scaled.jpg\",\"width\":2560,\"height\":1687},{\"@type\":\"BreadcrumbList\",\"@id\":\"https:\\\/\\\/freddymorezon.org\\\/catalogue\\\/balade-a-velo\\\/#breadcrumb\",\"itemListElement\":[{\"@type\":\"ListItem\",\"position\":1,\"name\":\"Accueil\",\"item\":\"https:\\\/\\\/freddymorezon.org\\\/\"},{\"@type\":\"ListItem\",\"position\":2,\"name\":\"Catalogue\",\"item\":\"https:\\\/\\\/freddymorezon.org\\\/catalogue\\\/\"},{\"@type\":\"ListItem\",\"position\":3,\"name\":\"Balade \u00e0 v\u00e9lo\"}]},{\"@type\":\"WebSite\",\"@id\":\"https:\\\/\\\/freddymorezon.org\\\/#website\",\"url\":\"https:\\\/\\\/freddymorezon.org\\\/\",\"name\":\"Freddy Morezon\",\"description\":\"jazz - musique improvis\u00e9e - esth\u00e9tiques plurielles\",\"publisher\":{\"@id\":\"https:\\\/\\\/freddymorezon.org\\\/#organization\"},\"potentialAction\":[{\"@type\":\"SearchAction\",\"target\":{\"@type\":\"EntryPoint\",\"urlTemplate\":\"https:\\\/\\\/freddymorezon.org\\\/?s={search_term_string}\"},\"query-input\":{\"@type\":\"PropertyValueSpecification\",\"valueRequired\":true,\"valueName\":\"search_term_string\"}}],\"inLanguage\":\"en-US\"},{\"@type\":\"Organization\",\"@id\":\"https:\\\/\\\/freddymorezon.org\\\/#organization\",\"name\":\"Association Freddy Morezon\",\"url\":\"https:\\\/\\\/freddymorezon.org\\\/\",\"logo\":{\"@type\":\"ImageObject\",\"inLanguage\":\"en-US\",\"@id\":\"https:\\\/\\\/freddymorezon.org\\\/#\\\/schema\\\/logo\\\/image\\\/\",\"url\":\"https:\\\/\\\/freddymorezon.org\\\/wp-content\\\/uploads\\\/2016\\\/02\\\/mini-logo-header-site2.jpg\",\"contentUrl\":\"https:\\\/\\\/freddymorezon.org\\\/wp-content\\\/uploads\\\/2016\\\/02\\\/mini-logo-header-site2.jpg\",\"width\":234,\"height\":174,\"caption\":\"Association Freddy Morezon\"},\"image\":{\"@id\":\"https:\\\/\\\/freddymorezon.org\\\/#\\\/schema\\\/logo\\\/image\\\/\"},\"sameAs\":[\"https:\\\/\\\/www.facebook.com\\\/freddy.morezon\\\/\",\"https:\\\/\\\/www.instagram.com\\\/freddymorezon\\\/\",\"https:\\\/\\\/www.youtube.com\\\/user\\\/freddymorezon\",\"https:\\\/\\\/fr.linkedin.com\\\/company\\\/freddy-morezon-p.r.o.d.\"]}]}<\/script>\n<!-- \/ Yoast SEO plugin. -->","yoast_head_json":{"title":"Balade \u00e0 v\u00e9lo | Freddy Morezon","robots":{"index":"index","follow":"follow","max-snippet":"max-snippet:-1","max-image-preview":"max-image-preview:large","max-video-preview":"max-video-preview:-1"},"canonical":"https:\/\/freddymorezon.org\/catalogue\/balade-a-velo\/","og_locale":"en_US","og_type":"article","og_title":"Balade \u00e0 v\u00e9lo | Freddy Morezon","og_description":"Contact Alexandra Cirotteau \/\/ alexandra@freddymorezon.org links Presentation file (FR) Pack pro Andy L\u00e9v\u00eaque Balade \u00e0 v\u00e9loavec Mister Bishop \u00a9 Eveliina Laitinen Balade \u00e0 v\u00e9lo Une \u00e9chapp\u00e9e collective ponctu\u00e9e par des concerts, o\u00f9 l\u2019on sillonne tranquillement les voies cyclables. On d\u00e9couvre les paysages et leur calme, peupl\u00e9s ici et l\u00e0 de sons \u00e9tranges. La musique est&hellip;Continue reading &rarr;","og_url":"https:\/\/freddymorezon.org\/catalogue\/balade-a-velo\/","og_site_name":"Freddy Morezon","article_publisher":"https:\/\/www.facebook.com\/freddy.morezon\/","article_modified_time":"2024-09-23T13:32:26+00:00","og_image":[{"width":2560,"height":1687,"url":"https:\/\/freddymorezon.org\/wp-content\/uploads\/2024\/09\/Photo-instal-recadree-scaled.jpg","type":"image\/jpeg"}],"twitter_card":"summary_large_image","schema":{"@context":"https:\/\/schema.org","@graph":[{"@type":"WebPage","@id":"https:\/\/freddymorezon.org\/catalogue\/balade-a-velo\/","url":"https:\/\/freddymorezon.org\/catalogue\/balade-a-velo\/","name":"Balade \u00e0 v\u00e9lo | Freddy Morezon","isPartOf":{"@id":"https:\/\/freddymorezon.org\/#website"},"primaryImageOfPage":{"@id":"https:\/\/freddymorezon.org\/catalogue\/balade-a-velo\/#primaryimage"},"image":{"@id":"https:\/\/freddymorezon.org\/catalogue\/balade-a-velo\/#primaryimage"},"thumbnailUrl":"https:\/\/freddymorezon.org\/wp-content\/uploads\/2024\/09\/Photo-instal-recadree-scaled.jpg","datePublished":"2021-04-14T10:40:07+00:00","dateModified":"2024-09-23T13:32:26+00:00","breadcrumb":{"@id":"https:\/\/freddymorezon.org\/catalogue\/balade-a-velo\/#breadcrumb"},"inLanguage":"en-US","potentialAction":[{"@type":"ReadAction","target":["https:\/\/freddymorezon.org\/catalogue\/balade-a-velo\/"]}]},{"@type":"ImageObject","inLanguage":"en-US","@id":"https:\/\/freddymorezon.org\/catalogue\/balade-a-velo\/#primaryimage","url":"https:\/\/freddymorezon.org\/wp-content\/uploads\/2024\/09\/Photo-instal-recadree-scaled.jpg","contentUrl":"https:\/\/freddymorezon.org\/wp-content\/uploads\/2024\/09\/Photo-instal-recadree-scaled.jpg","width":2560,"height":1687},{"@type":"BreadcrumbList","@id":"https:\/\/freddymorezon.org\/catalogue\/balade-a-velo\/#breadcrumb","itemListElement":[{"@type":"ListItem","position":1,"name":"Accueil","item":"https:\/\/freddymorezon.org\/"},{"@type":"ListItem","position":2,"name":"Catalogue","item":"https:\/\/freddymorezon.org\/catalogue\/"},{"@type":"ListItem","position":3,"name":"Balade \u00e0 v\u00e9lo"}]},{"@type":"WebSite","@id":"https:\/\/freddymorezon.org\/#website","url":"https:\/\/freddymorezon.org\/","name":"Freddy Morezon","description":"jazz - musique improvis\u00e9e - esth\u00e9tiques plurielles","publisher":{"@id":"https:\/\/freddymorezon.org\/#organization"},"potentialAction":[{"@type":"SearchAction","target":{"@type":"EntryPoint","urlTemplate":"https:\/\/freddymorezon.org\/?s={search_term_string}"},"query-input":{"@type":"PropertyValueSpecification","valueRequired":true,"valueName":"search_term_string"}}],"inLanguage":"en-US"},{"@type":"Organization","@id":"https:\/\/freddymorezon.org\/#organization","name":"Association Freddy Morezon","url":"https:\/\/freddymorezon.org\/","logo":{"@type":"ImageObject","inLanguage":"en-US","@id":"https:\/\/freddymorezon.org\/#\/schema\/logo\/image\/","url":"https:\/\/freddymorezon.org\/wp-content\/uploads\/2016\/02\/mini-logo-header-site2.jpg","contentUrl":"https:\/\/freddymorezon.org\/wp-content\/uploads\/2016\/02\/mini-logo-header-site2.jpg","width":234,"height":174,"caption":"Association Freddy Morezon"},"image":{"@id":"https:\/\/freddymorezon.org\/#\/schema\/logo\/image\/"},"sameAs":["https:\/\/www.facebook.com\/freddy.morezon\/","https:\/\/www.instagram.com\/freddymorezon\/","https:\/\/www.youtube.com\/user\/freddymorezon","https:\/\/fr.linkedin.com\/company\/freddy-morezon-p.r.o.d."]}]}},"_links":{"self":[{"href":"https:\/\/freddymorezon.org\/en\/wp-json\/wp\/v2\/pages\/10865","targetHints":{"allow":["GET"]}}],"collection":[{"href":"https:\/\/freddymorezon.org\/en\/wp-json\/wp\/v2\/pages"}],"about":[{"href":"https:\/\/freddymorezon.org\/en\/wp-json\/wp\/v2\/types\/page"}],"author":[{"embeddable":true,"href":"https:\/\/freddymorezon.org\/en\/wp-json\/wp\/v2\/users\/1"}],"replies":[{"embeddable":true,"href":"https:\/\/freddymorezon.org\/en\/wp-json\/wp\/v2\/comments?post=10865"}],"version-history":[{"count":35,"href":"https:\/\/freddymorezon.org\/en\/wp-json\/wp\/v2\/pages\/10865\/revisions"}],"predecessor-version":[{"id":11206,"href":"https:\/\/freddymorezon.org\/en\/wp-json\/wp\/v2\/pages\/10865\/revisions\/11206"}],"up":[{"embeddable":true,"href":"https:\/\/freddymorezon.org\/en\/wp-json\/wp\/v2\/pages\/134"}],"wp:featuredmedia":[{"embeddable":true,"href":"https:\/\/freddymorezon.org\/en\/wp-json\/wp\/v2\/media\/20794"}],"wp:attachment":[{"href":"https:\/\/freddymorezon.org\/en\/wp-json\/wp\/v2\/media?parent=10865"}],"wp:term":[{"taxonomy":"category","embeddable":true,"href":"https:\/\/freddymorezon.org\/en\/wp-json\/wp\/v2\/categories?post=10865"},{"taxonomy":"post_tag","embeddable":true,"href":"https:\/\/freddymorezon.org\/en\/wp-json\/wp\/v2\/tags?post=10865"}],"curies":[{"name":"wp","href":"https:\/\/api.w.org\/{rel}","templated":true}]}}