
{"id":11082,"date":"2021-04-29T14:34:30","date_gmt":"2021-04-29T13:34:30","guid":{"rendered":"https:\/\/freddymorezon.org\/?page_id=11082"},"modified":"2023-11-27T18:54:57","modified_gmt":"2023-11-27T17:54:57","slug":"mister-bishop-a-la-recre","status":"publish","type":"page","link":"https:\/\/freddymorezon.org\/en\/action-culturelle\/mister-bishop-a-la-recre\/","title":{"rendered":"\u00e0 la r\u00e9cr\u00e9 <p>jeune public<\/p>"},"content":{"rendered":"<div id=\"pl-11082\"  class=\"panel-layout\" ><div id=\"pg-11082-0\"  class=\"panel-grid panel-no-style\" ><div id=\"pgc-11082-0-0\"  class=\"panel-grid-cell\" ><div id=\"panel-11082-0-0-0\" class=\"so-panel widget widget_eo_event_list_widget EO_Event_List_Widget panel-first-child\" data-index=\"0\" >\n\n<\/div><div id=\"panel-11082-0-0-1\" class=\"so-panel widget widget_sow-editor\" data-index=\"1\" ><div\n\t\t\t\n\t\t\tclass=\"so-widget-sow-editor so-widget-sow-editor-base\"\n\t\t\t\n\t\t>\n<div class=\"siteorigin-widget-tinymce textwidget\">\n\t<p style=\"text-align: center;\">\n<a href=\"https:\/\/freddymorezon.org\/catalogue\/mister-bishop\/agenda-mister-bishop\/\"><i class=\"fa fa-chevron-right fa-2x\"><\/i> View all tour dates<br \/>\n<\/a><\/p>\n<\/div>\n<\/div><\/div><div id=\"panel-11082-0-0-2\" class=\"so-panel widget widget_sow-editor\" data-index=\"2\" ><div\n\t\t\t\n\t\t\tclass=\"so-widget-sow-editor so-widget-sow-editor-base\"\n\t\t\t\n\t\t>\n<div class=\"siteorigin-widget-tinymce textwidget\">\n\t<h3>listen<\/h3>\n<p><iframe style=\"border: 0; width: 100%; height: 200px;\" src=\"https:\/\/bandcamp.com\/EmbeddedPlayer\/album=1673851103\/size=large\/bgcol=ffffff\/linkcol=de270f\/artwork=none\/transparent=true\/\" seamless><a href=\"http:\/\/misterbishop.bandcamp.com\/album\/oh-i-t-im\">\u0533OH\u01a7I\u0a98 \u042f\u018eT\u01a7IM by MISTER BISHOP<\/a><\/iframe><\/p>\n<\/div>\n<\/div><\/div><div id=\"panel-11082-0-0-3\" class=\"so-panel widget widget_sow-headline\" data-index=\"3\" ><div\n\t\t\t\n\t\t\tclass=\"so-widget-sow-headline so-widget-sow-headline-default-28ce8d53df77-11082\"\n\t\t\t\n\t\t><div class=\"sow-headline-container \">\n\t\t\t\t\t\t<div class=\"decoration\">\n\t\t\t\t\t\t<div class=\"decoration-inside\"><\/div>\n\t\t\t\t\t<\/div>\n\t\t\t\t\t<\/div>\n<\/div><\/div><div id=\"panel-11082-0-0-4\" class=\"so-panel widget widget_sow-editor\" data-index=\"4\" ><div\n\t\t\t\n\t\t\tclass=\"so-widget-sow-editor so-widget-sow-editor-base\"\n\t\t\t\n\t\t>\n<div class=\"siteorigin-widget-tinymce textwidget\">\n\t<h3>Line-up<\/h3>\n<p><strong>Andy L\u00e9v\u00eaque :<\/strong> saxophone, bass drum, tambourine, pan, home-made crafts&#8230;<\/p>\n<\/div>\n<\/div><\/div><div id=\"panel-11082-0-0-5\" class=\"so-panel widget widget_sow-headline\" data-index=\"5\" ><div\n\t\t\t\n\t\t\tclass=\"so-widget-sow-headline so-widget-sow-headline-default-28ce8d53df77-11082\"\n\t\t\t\n\t\t><div class=\"sow-headline-container \">\n\t\t\t\t\t\t<div class=\"decoration\">\n\t\t\t\t\t\t<div class=\"decoration-inside\"><\/div>\n\t\t\t\t\t<\/div>\n\t\t\t\t\t<\/div>\n<\/div><\/div><div id=\"panel-11082-0-0-6\" class=\"so-panel widget widget_sow-editor\" data-index=\"6\" ><div\n\t\t\t\n\t\t\tclass=\"so-widget-sow-editor so-widget-sow-editor-base\"\n\t\t\t\n\t\t>\n<div class=\"siteorigin-widget-tinymce textwidget\">\n\t<h3>Contact<\/h3>\n<p>Alexandra Cirotteau \/\/ alexandra@freddymorezon.org<\/p>\n<\/div>\n<\/div><\/div><div id=\"panel-11082-0-0-7\" class=\"so-panel widget widget_sow-headline\" data-index=\"7\" ><div\n\t\t\t\n\t\t\tclass=\"so-widget-sow-headline so-widget-sow-headline-default-28ce8d53df77-11082\"\n\t\t\t\n\t\t><div class=\"sow-headline-container \">\n\t\t\t\t\t\t<div class=\"decoration\">\n\t\t\t\t\t\t<div class=\"decoration-inside\"><\/div>\n\t\t\t\t\t<\/div>\n\t\t\t\t\t<\/div>\n<\/div><\/div><div id=\"panel-11082-0-0-8\" class=\"so-panel widget widget_sow-editor panel-last-child\" data-index=\"8\" ><div\n\t\t\t\n\t\t\tclass=\"so-widget-sow-editor so-widget-sow-editor-base\"\n\t\t\t\n\t\t>\n<div class=\"siteorigin-widget-tinymce textwidget\">\n\t<h3>links<\/h3>\n<p><i class=\"fa fa-file-text-o fa-2x\"><\/i> <a title=\"consulter le dossier de pr\u00e9sentation\" href=\"https:\/\/freddymorezon.org\/packspro\/2022-dossier-mister-bishop.pdf\" target=\"_blank\" rel=\"noopener noreferrer\">Presentation file (FR)<\/a><\/p>\n<p><i class=\"fa fa-folder fa-4x\"><\/i> <a title=\"pack pro\" href=\"https:\/\/fichiers.freddymorezon.org\/index.php\/s\/hldtKSrVyoMeamw\" target=\"_blank\" rel=\"noopener noreferrer\">Pack pro<\/a><\/p>\n<ul>\n<li><i class=\"fa fa-chevron-right fa-2x\"><\/i> <a href=\"https:\/\/soundcloud.com\/herbert-bishop\" target=\"_blank\" rel=\"noopener noreferrer\">soundcloud<\/a><\/li>\n<li><i class=\"fa fa-chevron-right fa-2x\"><\/i> <a href=\"https:\/\/misterbishop.bandcamp.com\/\" target=\"_blank\" rel=\"noopener noreferrer\">bandcamp<\/a><\/li>\n<\/ul>\n<ul>\n<li><i class=\"fa fa-chevron-right fa-2x\"><\/i> <a title=\"Andy L\u00e9v\u00eaque\" href=\"https:\/\/freddymorezon.org\/artistes\/andy-leveque\/\">Andy L\u00e9v\u00eaque<\/a><\/li>\n<\/ul>\n<\/div>\n<\/div><\/div><\/div><div id=\"pgc-11082-0-1\"  class=\"panel-grid-cell\" ><div id=\"panel-11082-0-1-0\" class=\"so-panel widget widget_sow-editor panel-first-child\" data-index=\"9\" ><div\n\t\t\t\n\t\t\tclass=\"so-widget-sow-editor so-widget-sow-editor-base\"\n\t\t\t\n\t\t>\n<div class=\"siteorigin-widget-tinymce textwidget\">\n\t<h2>Mister Bishop \u00e0 la r\u00e9cr\u00e9<\/h2>\n<\/div>\n<\/div><\/div><div id=\"panel-11082-0-1-1\" class=\"so-panel widget widget_sow-image\" data-index=\"10\" ><div\n\t\t\t\n\t\t\tclass=\"so-widget-sow-image so-widget-sow-image-default-8b5b6f678277-11082\"\n\t\t\t\n\t\t>\n<div class=\"sow-image-container\">\n\t\t<img \n\tsrc=\"https:\/\/freddymorezon.org\/wp-content\/uploads\/2021\/04\/RECRE-large-1240x560.jpg\" width=\"1240\" height=\"560\" sizes=\"(max-width: 1240px) 100vw, 1240px\" alt=\"\" \t\tclass=\"so-widget-image\"\/>\n\t<\/div>\n\n<\/div><\/div><div id=\"panel-11082-0-1-2\" class=\"so-panel widget widget_sow-editor\" data-index=\"11\" ><div\n\t\t\t\n\t\t\tclass=\"so-widget-sow-editor so-widget-sow-editor-base\"\n\t\t\t\n\t\t>\n<div class=\"siteorigin-widget-tinymce textwidget\">\n\t<p style=\"text-align: left;\">\n<div class=\"pt-cv-wrapper\">\n<div class=\"pt-cv-view pt-cv-scrollable pt-cv-colsys pt-cv-left pt-cv-sharp-buttons\" id=\"pt-cv-view-6fe87e2jer\">\n<div data-id=\"pt-cv-page-1\" class=\"pt-cv-page\" data-cvc=\"2\">\n<div id=\"585ffabvcp\" class=\"pt-cv-carousel pt-cv-slide\" data-ride=\"cvcarousel\" data-interval=false>\n<div class=\"carousel-inner\">\n<div class=\"item active\">\n<div class=\"row\">\n<div class=\"col-md-6 col-sm-12 col-xs-12 pt-cv-content-item pt-cv-1-col\"  data-pid=\"13168\">\n<div class=\"pt-cv-carousel-caption pt-cv-cap-wo-img\">\n<div class=\"pt-cv-content\">\n<div style=\"padding: 56.25% 0 0 0; position: relative;\"><iframe style=\"position: absolute; top: 0; left: 0; width: 100%; height: 100%;\" title=\"Mr Bishop - Dentifrice, Monsieur Patrice (video edit)\" src=\"https:\/\/player.vimeo.com\/video\/654090250?badge=0&amp;autopause=0&amp;player_id=0&amp;app_id=58479\" frameborder=\"0\"><\/iframe><\/div>\n<p><script src=\"https:\/\/player.vimeo.com\/api\/player.js\"><\/script><br \/>\n<em>Mister Bishop &#8211; Dentifrice, Monsieur Patrice<br \/>\nDans le cadre du projet &#8220;Maillot \u00e0 Pois&#8221; organis\u00e9 par Jazz Pyr du 18 au 22 octobre 2021 dans la Vall\u00e9e des Gaves<\/em><\/p>\n<\/div>\n<\/div>\n<\/div>\n<div class=\"col-md-6 col-sm-12 col-xs-12 pt-cv-content-item pt-cv-1-col\"  data-pid=\"11085\">\n<div class=\"pt-cv-carousel-caption pt-cv-cap-wo-img\">\n<div class=\"pt-cv-content\">\n<p><script>document.addEventListener('DOMContentLoaded', function() {(tarteaucitron.job = tarteaucitron.job || []).push('youtube');});<\/script><\/p>\n<div class=\"youtube_player\" videoID=\"5RIZlFJdoU4\" width=\"100%\" height=\"100%\" style=\"height:50vw\" theme=\"light\" rel=\"0\" controls=\"1\" showinfo=\"1\" autoplay=\"0\"><\/div>\n<p>Mister Bishop \u00e0 la r\u00e9cr\u00e9 &#8211; R\u00e9sidence de Territoire avec Art&#8217;Cade<br \/>\nNovembre 2020 en Ari\u00e8ge \/ Azinat Ari\u00e9gois<\/p>\n<\/div>\n<\/div>\n<\/div>\n<\/div>\n<\/div>\n<\/div>\n<\/div>\n<\/div>\n<\/div>\n<\/div>\n<style type=\"text\/css\" id=\"pt-cv-inline-style-75b29b57al\">#pt-cv-view-6fe87e2jer.pt-cv-post-border .pt-cv-content-item   { border-top-style: solid; border-left-style: solid; }\n#pt-cv-view-6fe87e2jer .pt-cv-title a, #pt-cv-view-6fe87e2jer  .panel-title { font-weight: 600 !important; }\n#pt-cv-view-6fe87e2jer .pt-cv-specialp * { font-size: 13px !important; line-height: 1.3 !important; color: #fff !important; background-color: #CC3333 !important; }\n#pt-cv-view-6fe87e2jer .pt-cv-pficon  { color: #bbb !important; }\n#pt-cv-view-6fe87e2jer  .add_to_cart_button, #pt-cv-view-6fe87e2jer  .add_to_cart_button *   { color: #ffffff !important; background-color: #00aeef !important; }\n#pt-cv-view-6fe87e2jer  .woocommerce-onsale   { color: #ffffff !important; background-color: #ff5a5f !important; }\n#pt-cv-view-6fe87e2jer .pt-cv-readmore  { color: #ffffff !important; background-color: #00aeef !important; }\n#pt-cv-view-6fe87e2jer .pt-cv-readmore:hover  { color: #ffffff !important; background-color: #00aeef !important; }\n#pt-cv-view-6fe87e2jer  + .pt-cv-pagination-wrapper .pt-cv-more , #pt-cv-view-6fe87e2jer  + .pt-cv-pagination-wrapper .pagination .active a { color: #ffffff !important; background-color: #00aeef !important; }\n#pt-cv-view-6fe87e2jer .pt-cv-gls-header  { background-color: #00aeef !important; }\n#pt-cv-view-6fe87e2jer .pt-cv-tao  { font-size: 20px !important; line-height: 1.3 !important; color: #ffffff !important; background-color: #00aeef !important; }\n#pt-cv-view-6fe87e2jer { text-align: left; }<\/style>\n<\/p>\n<p><a title=\"Toutes les vid\u00e9os de Mister Bishop\" href=\"https:\/\/youtube.com\/playlist?list=PLG_k4hTlcRtJ_UkzkS3rLyDrYLTTZh2n1\" target=\"_blank\" rel=\"noopener noreferrer\">Toutes les vid\u00e9os de Mister Bishop <i class=\"fa fa-plus-square\"><\/i><\/a><\/p>\n<\/div>\n<\/div><\/div><div id=\"panel-11082-0-1-3\" class=\"so-panel widget widget_sow-editor panel-last-child\" data-index=\"12\" ><div\n\t\t\t\n\t\t\tclass=\"so-widget-sow-editor so-widget-sow-editor-base\"\n\t\t\t\n\t\t>\n<div class=\"siteorigin-widget-tinymce textwidget\">\n\t<h3 style=\"text-align: left;\">Mister Bishop \u00e0 la r\u00e9cr\u00e9<\/h3>\n<p style=\"text-align: left;\">Mr Bishop s'invite dans les cours de r\u00e9cr\u00e9ation des \u00e9coles primaires le temps d'un concert. Une bonne rasade de vitamines, sans sucre ajout\u00e9 !<\/p>\n<p style=\"text-align: left;\"><em>Partenaires : <a href=\"https:\/\/www.art-cade.fr\/action-culturelle-education-artistique\/le-collectif-freddy-morezon-en-residence-de-territoire\/\" rel=\"noopener noreferrer\" target=\"_blank\">Art'Cade - Sc\u00e8ne de musiques actuelles - Ari\u00e8ge<\/a>, <a href=\"http:\/\/jazzaluz.com\/\" rel=\"noopener noreferrer\" target=\"_blank\">Jazz Pyr' \/ Jazz \u00e0 Luz<\/a><\/em><\/p>\n<\/div>\n<\/div><\/div><\/div><\/div><\/div>","protected":false},"excerpt":{"rendered":"<p>View all tour dates listen \u0533OH\u01a7I\u0a98 \u042f\u018eT\u01a7IM by MISTER BISHOP Line-up Andy L\u00e9v\u00eaque : saxophone, bass drum, tambourine, pan, home-made crafts&#8230; Contact Alexandra Cirotteau \/\/ alexandra@freddymorezon.org links Presentation file (FR) Pack pro soundcloud bandcamp Andy L\u00e9v\u00eaque Mister Bishop \u00e0 la r\u00e9cr\u00e9 Toutes les vid\u00e9os de Mister Bishop Mister Bishop \u00e0 la r\u00e9cr\u00e9 Mr Bishop s&#8217;invite&hellip;<\/p>\n<p><a class=\"more-link\" href=\"https:\/\/freddymorezon.org\/en\/action-culturelle\/mister-bishop-a-la-recre\/\" title=\"Continue reading &lsquo;\u00e0 la r\u00e9cr\u00e9 \n\n<p>jeune public<\/p>\n<p>&rsquo;&#8221;>Continue reading <span class=\"meta-nav\">&rarr;<\/span><\/a><\/p>\n","protected":false},"author":1,"featured_media":11084,"parent":136,"menu_order":4,"comment_status":"closed","ping_status":"closed","template":"page-templates\/full-width.php","meta":{"om_disable_all_campaigns":false,"_monsterinsights_skip_tracking":false,"_monsterinsights_sitenote_active":false,"_monsterinsights_sitenote_note":"","_monsterinsights_sitenote_category":0,"_uf_show_specific_survey":0,"_uf_disable_surveys":false,"footnotes":""},"categories":[72,1033,144,464,1184,1175],"tags":[],"class_list":["post-11082","page","type-page","status-publish","has-post-thumbnail","hentry","category-action-culturelle","category-andy-leveque","category-jeune-public","category-mister-bishop","category-page-actions-culturelles","category-page-diffusion-hors-les-murs"],"aioseo_notices":[],"yoast_head":"<!-- This site is optimized with the Yoast SEO plugin v27.3 - https:\/\/yoast.com\/product\/yoast-seo-wordpress\/ -->\n<title>\u00e0 la r\u00e9cr\u00e9 jeune public | Freddy Morezon<\/title>\n<meta name=\"robots\" content=\"index, follow, max-snippet:-1, max-image-preview:large, max-video-preview:-1\" \/>\n<link rel=\"canonical\" href=\"https:\/\/freddymorezon.org\/action-culturelle\/mister-bishop-a-la-recre\/\" \/>\n<meta property=\"og:locale\" content=\"en_US\" \/>\n<meta property=\"og:type\" content=\"article\" \/>\n<meta property=\"og:title\" content=\"\u00e0 la r\u00e9cr\u00e9 jeune public | Freddy Morezon\" \/>\n<meta property=\"og:description\" content=\"View all tour dates listen \u0533OH\u01a7I\u0a98 \u042f\u018eT\u01a7IM by MISTER BISHOP Line-up Andy L\u00e9v\u00eaque : saxophone, bass drum, tambourine, pan, home-made crafts&#8230; Contact Alexandra Cirotteau \/\/ alexandra@freddymorezon.org links Presentation file (FR) Pack pro soundcloud bandcamp Andy L\u00e9v\u00eaque Mister Bishop \u00e0 la r\u00e9cr\u00e9 Toutes les vid\u00e9os de Mister Bishop Mister Bishop \u00e0 la r\u00e9cr\u00e9 Mr Bishop s&#039;invite&hellip;Continue reading &rarr;\" \/>\n<meta property=\"og:url\" content=\"https:\/\/freddymorezon.org\/action-culturelle\/mister-bishop-a-la-recre\/\" \/>\n<meta property=\"og:site_name\" content=\"Freddy Morezon\" \/>\n<meta property=\"article:publisher\" content=\"https:\/\/www.facebook.com\/freddy.morezon\/\" \/>\n<meta property=\"article:modified_time\" content=\"2023-11-27T17:54:57+00:00\" \/>\n<meta property=\"og:image\" content=\"https:\/\/freddymorezon.org\/wp-content\/uploads\/2021\/04\/RECRE-vignette.jpg\" \/>\n\t<meta property=\"og:image:width\" content=\"1572\" \/>\n\t<meta property=\"og:image:height\" content=\"1136\" \/>\n\t<meta property=\"og:image:type\" content=\"image\/jpeg\" \/>\n<meta name=\"twitter:card\" content=\"summary_large_image\" \/>\n<script type=\"application\/ld+json\" class=\"yoast-schema-graph\">{\"@context\":\"https:\\\/\\\/schema.org\",\"@graph\":[{\"@type\":\"WebPage\",\"@id\":\"https:\\\/\\\/freddymorezon.org\\\/action-culturelle\\\/mister-bishop-a-la-recre\\\/\",\"url\":\"https:\\\/\\\/freddymorezon.org\\\/action-culturelle\\\/mister-bishop-a-la-recre\\\/\",\"name\":\"\u00e0 la r\u00e9cr\u00e9 jeune public | Freddy Morezon\",\"isPartOf\":{\"@id\":\"https:\\\/\\\/freddymorezon.org\\\/#website\"},\"primaryImageOfPage\":{\"@id\":\"https:\\\/\\\/freddymorezon.org\\\/action-culturelle\\\/mister-bishop-a-la-recre\\\/#primaryimage\"},\"image\":{\"@id\":\"https:\\\/\\\/freddymorezon.org\\\/action-culturelle\\\/mister-bishop-a-la-recre\\\/#primaryimage\"},\"thumbnailUrl\":\"https:\\\/\\\/freddymorezon.org\\\/wp-content\\\/uploads\\\/2021\\\/04\\\/RECRE-vignette.jpg\",\"datePublished\":\"2021-04-29T13:34:30+00:00\",\"dateModified\":\"2023-11-27T17:54:57+00:00\",\"breadcrumb\":{\"@id\":\"https:\\\/\\\/freddymorezon.org\\\/action-culturelle\\\/mister-bishop-a-la-recre\\\/#breadcrumb\"},\"inLanguage\":\"en-US\",\"potentialAction\":[{\"@type\":\"ReadAction\",\"target\":[\"https:\\\/\\\/freddymorezon.org\\\/action-culturelle\\\/mister-bishop-a-la-recre\\\/\"]}]},{\"@type\":\"ImageObject\",\"inLanguage\":\"en-US\",\"@id\":\"https:\\\/\\\/freddymorezon.org\\\/action-culturelle\\\/mister-bishop-a-la-recre\\\/#primaryimage\",\"url\":\"https:\\\/\\\/freddymorezon.org\\\/wp-content\\\/uploads\\\/2021\\\/04\\\/RECRE-vignette.jpg\",\"contentUrl\":\"https:\\\/\\\/freddymorezon.org\\\/wp-content\\\/uploads\\\/2021\\\/04\\\/RECRE-vignette.jpg\",\"width\":1572,\"height\":1136},{\"@type\":\"BreadcrumbList\",\"@id\":\"https:\\\/\\\/freddymorezon.org\\\/action-culturelle\\\/mister-bishop-a-la-recre\\\/#breadcrumb\",\"itemListElement\":[{\"@type\":\"ListItem\",\"position\":1,\"name\":\"Accueil\",\"item\":\"https:\\\/\\\/freddymorezon.org\\\/\"},{\"@type\":\"ListItem\",\"position\":2,\"name\":\"Action culturelle\",\"item\":\"https:\\\/\\\/freddymorezon.org\\\/action-culturelle\\\/\"},{\"@type\":\"ListItem\",\"position\":3,\"name\":\"\u00e0 la r\u00e9cr\u00e9 jeune public\"}]},{\"@type\":\"WebSite\",\"@id\":\"https:\\\/\\\/freddymorezon.org\\\/#website\",\"url\":\"https:\\\/\\\/freddymorezon.org\\\/\",\"name\":\"Freddy Morezon\",\"description\":\"jazz - musique improvis\u00e9e - esth\u00e9tiques plurielles\",\"publisher\":{\"@id\":\"https:\\\/\\\/freddymorezon.org\\\/#organization\"},\"potentialAction\":[{\"@type\":\"SearchAction\",\"target\":{\"@type\":\"EntryPoint\",\"urlTemplate\":\"https:\\\/\\\/freddymorezon.org\\\/?s={search_term_string}\"},\"query-input\":{\"@type\":\"PropertyValueSpecification\",\"valueRequired\":true,\"valueName\":\"search_term_string\"}}],\"inLanguage\":\"en-US\"},{\"@type\":\"Organization\",\"@id\":\"https:\\\/\\\/freddymorezon.org\\\/#organization\",\"name\":\"Association Freddy Morezon\",\"url\":\"https:\\\/\\\/freddymorezon.org\\\/\",\"logo\":{\"@type\":\"ImageObject\",\"inLanguage\":\"en-US\",\"@id\":\"https:\\\/\\\/freddymorezon.org\\\/#\\\/schema\\\/logo\\\/image\\\/\",\"url\":\"https:\\\/\\\/freddymorezon.org\\\/wp-content\\\/uploads\\\/2016\\\/02\\\/mini-logo-header-site2.jpg\",\"contentUrl\":\"https:\\\/\\\/freddymorezon.org\\\/wp-content\\\/uploads\\\/2016\\\/02\\\/mini-logo-header-site2.jpg\",\"width\":234,\"height\":174,\"caption\":\"Association Freddy Morezon\"},\"image\":{\"@id\":\"https:\\\/\\\/freddymorezon.org\\\/#\\\/schema\\\/logo\\\/image\\\/\"},\"sameAs\":[\"https:\\\/\\\/www.facebook.com\\\/freddy.morezon\\\/\",\"https:\\\/\\\/www.instagram.com\\\/freddymorezon\\\/\",\"https:\\\/\\\/www.youtube.com\\\/user\\\/freddymorezon\",\"https:\\\/\\\/fr.linkedin.com\\\/company\\\/freddy-morezon-p.r.o.d.\"]}]}<\/script>\n<!-- \/ Yoast SEO plugin. -->","yoast_head_json":{"title":"\u00e0 la r\u00e9cr\u00e9 jeune public | Freddy Morezon","robots":{"index":"index","follow":"follow","max-snippet":"max-snippet:-1","max-image-preview":"max-image-preview:large","max-video-preview":"max-video-preview:-1"},"canonical":"https:\/\/freddymorezon.org\/action-culturelle\/mister-bishop-a-la-recre\/","og_locale":"en_US","og_type":"article","og_title":"\u00e0 la r\u00e9cr\u00e9 jeune public | Freddy Morezon","og_description":"View all tour dates listen \u0533OH\u01a7I\u0a98 \u042f\u018eT\u01a7IM by MISTER BISHOP Line-up Andy L\u00e9v\u00eaque : saxophone, bass drum, tambourine, pan, home-made crafts&#8230; Contact Alexandra Cirotteau \/\/ alexandra@freddymorezon.org links Presentation file (FR) Pack pro soundcloud bandcamp Andy L\u00e9v\u00eaque Mister Bishop \u00e0 la r\u00e9cr\u00e9 Toutes les vid\u00e9os de Mister Bishop Mister Bishop \u00e0 la r\u00e9cr\u00e9 Mr Bishop s'invite&hellip;Continue reading &rarr;","og_url":"https:\/\/freddymorezon.org\/action-culturelle\/mister-bishop-a-la-recre\/","og_site_name":"Freddy Morezon","article_publisher":"https:\/\/www.facebook.com\/freddy.morezon\/","article_modified_time":"2023-11-27T17:54:57+00:00","og_image":[{"width":1572,"height":1136,"url":"https:\/\/freddymorezon.org\/wp-content\/uploads\/2021\/04\/RECRE-vignette.jpg","type":"image\/jpeg"}],"twitter_card":"summary_large_image","schema":{"@context":"https:\/\/schema.org","@graph":[{"@type":"WebPage","@id":"https:\/\/freddymorezon.org\/action-culturelle\/mister-bishop-a-la-recre\/","url":"https:\/\/freddymorezon.org\/action-culturelle\/mister-bishop-a-la-recre\/","name":"\u00e0 la r\u00e9cr\u00e9 jeune public | Freddy Morezon","isPartOf":{"@id":"https:\/\/freddymorezon.org\/#website"},"primaryImageOfPage":{"@id":"https:\/\/freddymorezon.org\/action-culturelle\/mister-bishop-a-la-recre\/#primaryimage"},"image":{"@id":"https:\/\/freddymorezon.org\/action-culturelle\/mister-bishop-a-la-recre\/#primaryimage"},"thumbnailUrl":"https:\/\/freddymorezon.org\/wp-content\/uploads\/2021\/04\/RECRE-vignette.jpg","datePublished":"2021-04-29T13:34:30+00:00","dateModified":"2023-11-27T17:54:57+00:00","breadcrumb":{"@id":"https:\/\/freddymorezon.org\/action-culturelle\/mister-bishop-a-la-recre\/#breadcrumb"},"inLanguage":"en-US","potentialAction":[{"@type":"ReadAction","target":["https:\/\/freddymorezon.org\/action-culturelle\/mister-bishop-a-la-recre\/"]}]},{"@type":"ImageObject","inLanguage":"en-US","@id":"https:\/\/freddymorezon.org\/action-culturelle\/mister-bishop-a-la-recre\/#primaryimage","url":"https:\/\/freddymorezon.org\/wp-content\/uploads\/2021\/04\/RECRE-vignette.jpg","contentUrl":"https:\/\/freddymorezon.org\/wp-content\/uploads\/2021\/04\/RECRE-vignette.jpg","width":1572,"height":1136},{"@type":"BreadcrumbList","@id":"https:\/\/freddymorezon.org\/action-culturelle\/mister-bishop-a-la-recre\/#breadcrumb","itemListElement":[{"@type":"ListItem","position":1,"name":"Accueil","item":"https:\/\/freddymorezon.org\/"},{"@type":"ListItem","position":2,"name":"Action culturelle","item":"https:\/\/freddymorezon.org\/action-culturelle\/"},{"@type":"ListItem","position":3,"name":"\u00e0 la r\u00e9cr\u00e9 jeune public"}]},{"@type":"WebSite","@id":"https:\/\/freddymorezon.org\/#website","url":"https:\/\/freddymorezon.org\/","name":"Freddy Morezon","description":"jazz - musique improvis\u00e9e - esth\u00e9tiques plurielles","publisher":{"@id":"https:\/\/freddymorezon.org\/#organization"},"potentialAction":[{"@type":"SearchAction","target":{"@type":"EntryPoint","urlTemplate":"https:\/\/freddymorezon.org\/?s={search_term_string}"},"query-input":{"@type":"PropertyValueSpecification","valueRequired":true,"valueName":"search_term_string"}}],"inLanguage":"en-US"},{"@type":"Organization","@id":"https:\/\/freddymorezon.org\/#organization","name":"Association Freddy Morezon","url":"https:\/\/freddymorezon.org\/","logo":{"@type":"ImageObject","inLanguage":"en-US","@id":"https:\/\/freddymorezon.org\/#\/schema\/logo\/image\/","url":"https:\/\/freddymorezon.org\/wp-content\/uploads\/2016\/02\/mini-logo-header-site2.jpg","contentUrl":"https:\/\/freddymorezon.org\/wp-content\/uploads\/2016\/02\/mini-logo-header-site2.jpg","width":234,"height":174,"caption":"Association Freddy Morezon"},"image":{"@id":"https:\/\/freddymorezon.org\/#\/schema\/logo\/image\/"},"sameAs":["https:\/\/www.facebook.com\/freddy.morezon\/","https:\/\/www.instagram.com\/freddymorezon\/","https:\/\/www.youtube.com\/user\/freddymorezon","https:\/\/fr.linkedin.com\/company\/freddy-morezon-p.r.o.d."]}]}},"_links":{"self":[{"href":"https:\/\/freddymorezon.org\/en\/wp-json\/wp\/v2\/pages\/11082","targetHints":{"allow":["GET"]}}],"collection":[{"href":"https:\/\/freddymorezon.org\/en\/wp-json\/wp\/v2\/pages"}],"about":[{"href":"https:\/\/freddymorezon.org\/en\/wp-json\/wp\/v2\/types\/page"}],"author":[{"embeddable":true,"href":"https:\/\/freddymorezon.org\/en\/wp-json\/wp\/v2\/users\/1"}],"replies":[{"embeddable":true,"href":"https:\/\/freddymorezon.org\/en\/wp-json\/wp\/v2\/comments?post=11082"}],"version-history":[{"count":34,"href":"https:\/\/freddymorezon.org\/en\/wp-json\/wp\/v2\/pages\/11082\/revisions"}],"predecessor-version":[{"id":11687,"href":"https:\/\/freddymorezon.org\/en\/wp-json\/wp\/v2\/pages\/11082\/revisions\/11687"}],"up":[{"embeddable":true,"href":"https:\/\/freddymorezon.org\/en\/wp-json\/wp\/v2\/pages\/136"}],"wp:featuredmedia":[{"embeddable":true,"href":"https:\/\/freddymorezon.org\/en\/wp-json\/wp\/v2\/media\/11084"}],"wp:attachment":[{"href":"https:\/\/freddymorezon.org\/en\/wp-json\/wp\/v2\/media?parent=11082"}],"wp:term":[{"taxonomy":"category","embeddable":true,"href":"https:\/\/freddymorezon.org\/en\/wp-json\/wp\/v2\/categories?post=11082"},{"taxonomy":"post_tag","embeddable":true,"href":"https:\/\/freddymorezon.org\/en\/wp-json\/wp\/v2\/tags?post=11082"}],"curies":[{"name":"wp","href":"https:\/\/api.w.org\/{rel}","templated":true}]}}