
{"id":11780,"date":"2021-06-23T10:26:59","date_gmt":"2021-06-23T09:26:59","guid":{"rendered":"https:\/\/freddymorezon.org\/?page_id=11780"},"modified":"2024-09-23T14:41:50","modified_gmt":"2024-09-23T13:41:50","slug":"fantomes-avec-vue","status":"publish","type":"page","link":"https:\/\/freddymorezon.org\/en\/catalogue\/fantomes-avec-vue\/","title":{"rendered":"Fant\u00f4mes avec vue"},"content":{"rendered":"<div id=\"pl-11780\"  class=\"panel-layout\" ><div id=\"pg-11780-0\"  class=\"panel-grid panel-no-style\" ><div id=\"pgc-11780-0-0\"  class=\"panel-grid-cell\" ><div id=\"panel-11780-0-0-0\" class=\"so-panel widget widget_eo_event_list_widget EO_Event_List_Widget panel-first-child\" data-index=\"0\" >\n\n<\/div><div id=\"panel-11780-0-0-1\" class=\"so-panel widget widget_sow-button\" data-index=\"1\" ><div\n\t\t\t\n\t\t\tclass=\"so-widget-sow-button so-widget-sow-button-flat-5192bebda948-11780\"\n\t\t\t\n\t\t><div class=\"ow-button-base ow-button-align-center\"\n>\n\t\t\t<a\n\t\t\t\t\thref=\"https:\/\/freddymorezon.org\/agenda-fantomes-avec-vue\/\"\n\t\t\t\t\tclass=\"sowb-button ow-icon-placement-left ow-button-hover\" \t>\n\t\t<span>\n\t\t\t\n\t\t\tView all tour dates\t\t<\/span>\n\t\t\t<\/a>\n\t<\/div>\n<\/div><\/div><div id=\"panel-11780-0-0-2\" class=\"so-panel widget widget_sow-editor\" data-index=\"2\" ><div\n\t\t\t\n\t\t\tclass=\"so-widget-sow-editor so-widget-sow-editor-base\"\n\t\t\t\n\t\t>\n<div class=\"siteorigin-widget-tinymce textwidget\">\n\t<h3>Line-up<\/h3>\n<p><strong>Daniel Scalliet<\/strong> : Texts, voice<br \/>\nAccompagn\u00e9 sur sc\u00e8ne par des duos de musiciens vari\u00e9s.<\/p>\n<\/div>\n<\/div><\/div><div id=\"panel-11780-0-0-3\" class=\"so-panel widget widget_sow-headline\" data-index=\"3\" ><div\n\t\t\t\n\t\t\tclass=\"so-widget-sow-headline so-widget-sow-headline-default-28ce8d53df77-11780\"\n\t\t\t\n\t\t><div class=\"sow-headline-container \">\n\t\t\t\t\t\t<div class=\"decoration\">\n\t\t\t\t\t\t<div class=\"decoration-inside\"><\/div>\n\t\t\t\t\t<\/div>\n\t\t\t\t\t<\/div>\n<\/div><\/div><div id=\"panel-11780-0-0-4\" class=\"so-panel widget widget_sow-editor\" data-index=\"4\" ><div\n\t\t\t\n\t\t\tclass=\"so-widget-sow-editor so-widget-sow-editor-base\"\n\t\t\t\n\t\t>\n<div class=\"siteorigin-widget-tinymce textwidget\">\n\t<h3>Contact<\/h3>\n<p>Pia De Witte \/\/ pia@freddymorezon.org<\/p>\n<\/div>\n<\/div><\/div><div id=\"panel-11780-0-0-5\" class=\"so-panel widget widget_sow-headline\" data-index=\"5\" ><div\n\t\t\t\n\t\t\tclass=\"so-widget-sow-headline so-widget-sow-headline-default-28ce8d53df77-11780\"\n\t\t\t\n\t\t><div class=\"sow-headline-container \">\n\t\t\t\t\t\t<div class=\"decoration\">\n\t\t\t\t\t\t<div class=\"decoration-inside\"><\/div>\n\t\t\t\t\t<\/div>\n\t\t\t\t\t<\/div>\n<\/div><\/div><div id=\"panel-11780-0-0-6\" class=\"so-panel widget widget_sow-editor panel-last-child\" data-index=\"6\" ><div\n\t\t\t\n\t\t\tclass=\"so-widget-sow-editor so-widget-sow-editor-base\"\n\t\t\t\n\t\t>\n<div class=\"siteorigin-widget-tinymce textwidget\">\n\t<h3>links<\/h3>\n<p><i class=\"fa fa-folder fa-4x\"><\/i> <a title=\"pack pro\" href=\"https:\/\/fichiers.freddymorezon.org\/index.php\/s\/OSbdt8EO3XNkCKX\" target=\"_blank\" rel=\"noopener noreferrer\">Pack pro<\/a><\/p>\n<ul>\n<li><i class=\"fa fa-chevron-right fa-2x\"><\/i> <a href=\"https:\/\/www.mixcloud.com\/DanielWebsterScalliet\/fant%C3%B4mes-avec-vue-1%C3%A8re-partie\/\" target=\"_blank\" rel=\"noopener noreferrer\">Ecouter (MixCloud)<\/a><\/li>\n<\/ul>\n<ul>\n<li><i class=\"fa fa-chevron-right fa-2x\"><\/i> <a title=\"Daniel Scalliet\" href=\"https:\/\/freddymorezon.org\/artistes\/daniel-scalliet\/\">Daniel Scalliet<\/a><\/li>\n<\/ul>\n<\/div>\n<\/div><\/div><\/div><div id=\"pgc-11780-0-1\"  class=\"panel-grid-cell\" ><div id=\"panel-11780-0-1-0\" class=\"so-panel widget widget_sow-editor panel-first-child\" data-index=\"7\" ><div\n\t\t\t\n\t\t\tclass=\"so-widget-sow-editor so-widget-sow-editor-base\"\n\t\t\t\n\t\t>\n<div class=\"siteorigin-widget-tinymce textwidget\">\n\t<h1>Fant\u00f4mes avec vue<\/h1>\n<\/div>\n<\/div><\/div><div id=\"panel-11780-0-1-1\" class=\"so-panel widget widget_sow-image\" data-index=\"8\" ><div\n\t\t\t\n\t\t\tclass=\"so-widget-sow-image so-widget-sow-image-default-8b5b6f678277-11780\"\n\t\t\t\n\t\t>\n<div class=\"sow-image-container\">\n\t\t<img \n\tsrc=\"https:\/\/freddymorezon.org\/wp-content\/uploads\/2021\/06\/fantomesavecvue-visuel-1-800x560.jpg\" width=\"800\" height=\"560\" sizes=\"(max-width: 800px) 100vw, 800px\" title=\"fantomesavecvue-visuel\" alt=\"\" \t\tclass=\"so-widget-image\"\/>\n\t<\/div>\n\n<\/div><\/div><div id=\"panel-11780-0-1-2\" class=\"so-panel widget widget_sow-editor\" data-index=\"9\" ><div\n\t\t\t\n\t\t\tclass=\"so-widget-sow-editor so-widget-sow-editor-base\"\n\t\t\t\n\t\t>\n<div class=\"siteorigin-widget-tinymce textwidget\">\n\t<h3>Fant\u00f4mes avec vue<\/h3>\n<p>Pendant le confinement impos\u00e9 par le coronavirus et g\u00e9n\u00e9ralis\u00e9 de mars \u00e0 mai 2020, Daniel Scalliet \u00e9crit un<br \/>\npo\u00e8me par jour. Il passe commande \u00e9galement, sous forme de carte blanche, d'improvisations \u00e0 des amis<br \/>\nmusiciens. Les mots et les sons sont r\u00e9unis, nait alors une collection d'instantan\u00e9s \u00e9clair\u00e9s, laconiques et<br \/>\nsensibles.<\/p>\n<blockquote><p>\u00ab Nous ne nous \u00e9tions pas dit grand-chose, mes camarades et moi, dispers\u00e9s entre Dijon et Toulouse. Le<br \/>\nconfinement attisait nos solitudes. Mais notre silence fut bref. Ils m\u2019envoy\u00e8rent des petites pi\u00e8ces sonores,<br \/>\nmorceaux choisis, improvis\u00e9s, concoct\u00e9s dans le secret des instruments de chacun. Et j\u2019\u00e9crivis un texte par<br \/>\njour, aux aguets, sur une table haute de cuisine. Et naquirent ces po\u00e8mes en musique. Et je sentis leurs<br \/>\n\u00e9paules proches. Et un soul\u00e8vement l\u00e9ger. Nous n\u2019\u00e9tions plus affair\u00e9s. Nous n\u2019\u00e9tions plus ensemble. Mais<br \/>\nnous restions intimes. Entre un corps empaill\u00e9, une taxidermie c\u00e9r\u00e9brale et une sid\u00e9ration proche du<br \/>\nfant\u00f4me, nous avons souffl\u00e9 nos braises tenues \u00e0 l\u2019\u00e9cart. Avec nos poings. Et nos bulbes. Et notre beaut\u00e9 sur<br \/>\ndes ruines avec vue. \u00bb<\/p><\/blockquote>\n<p>Daniel Scalliet.<\/p>\n<\/div>\n<\/div><\/div><div id=\"panel-11780-0-1-3\" class=\"so-panel widget widget_sow-editor\" data-index=\"10\" ><div\n\t\t\t\n\t\t\tclass=\"so-widget-sow-editor so-widget-sow-editor-base\"\n\t\t\t\n\t\t>\n<div class=\"siteorigin-widget-tinymce textwidget\">\n\t<h3>Cr\u00e9ation sc\u00e9nique<\/h3>\n<p>Concerts de musique improvis\u00e9e autour d\u2019un po\u00e8me long intitul\u00e9 \u00ab Les<br \/>\nHommes D\u00e9combres \u00bb. <\/p>\n<p>Daniel Scalliet, \u00e9criture et voix<br \/>\navec des duos de musiciens vari\u00e9s du collectif Freddy Morezon<\/p>\n<p><em>production Freddy Morezon<\/em><\/p>\n<\/div>\n<\/div><\/div><div id=\"panel-11780-0-1-4\" class=\"so-panel widget widget_sow-editor\" data-index=\"11\" ><div\n\t\t\t\n\t\t\tclass=\"so-widget-sow-editor so-widget-sow-editor-base\"\n\t\t\t\n\t\t>\n<div class=\"siteorigin-widget-tinymce textwidget\">\n\t<h3>Cr\u00e9ation radiophonique<\/h3>\n<h4>mars 2021<\/h4>\n<p>9 po\u00e8mes sonores r\u00e9partis en 3 \u00e9pisodes.<br \/>\nA \u00e9couter <a href=\"https:\/\/www.mixcloud.com\/DanielWebsterScalliet\/fant%C3%B4mes-avec-vue-1%C3%A8re-partie\/\" rel=\"noopener noreferrer\" target=\"_blank\">ici<\/a>.<\/p>\n<\/div>\n<\/div><\/div><div id=\"panel-11780-0-1-5\" class=\"so-panel widget widget_sow-image-grid\" data-index=\"12\" ><div\n\t\t\t\n\t\t\tclass=\"so-widget-sow-image-grid so-widget-sow-image-grid-default-3fbf13dff59f-11780\"\n\t\t\t\n\t\t>\t<div\n\t\tclass=\"sow-image-grid-wrapper\"\n\t\t\t\t\t>\n\t\t\t\t\t<div class=\"sow-image-grid-image\">\n\t\t\t\t\t\t\t\t\t\t\t\t\t<a href=\"https:\/\/www.mixcloud.com\/DanielWebsterScalliet\/fant%C3%B4mes-avec-vue-1%C3%A8re-partie\/\"\n\t\t\t\t\t\t\t\t\t\t\t\t\t\t\t\t\t\ttarget=\"_blank\" \t\t\t\t\t\t\t\t\t\t\t\t\t\t\t\t\t\t\t\t\t\t\t\trel=\"noopener noreferrer\" \t\t\t\t\t\t\t\t\t\t\t>\n\t\t\t\t\t\t\t\t<img loading=\"lazy\" decoding=\"async\" width=\"300\" height=\"200\" src=\"https:\/\/freddymorezon.org\/wp-content\/uploads\/2021\/05\/10-300x200.png\" class=\"sow-image-grid-image_html\" alt=\"Fant\u00f4mes avec vue&quot;\" title=\"Fant\u00f4mes avec vue\" srcset=\"https:\/\/freddymorezon.org\/wp-content\/uploads\/2021\/05\/10-300x200.png 300w, https:\/\/freddymorezon.org\/wp-content\/uploads\/2021\/05\/10-272x182.png 272w\" sizes=\"auto, (max-width: 300px) 100vw, 300px\" \/>\t\t\t\t\t\t\t\t\t<\/a>\n\t\t\t\t\t\t\t\t\t\t\t<\/div>\n\t\t\t<\/div>\n<\/div><\/div><div id=\"panel-11780-0-1-6\" class=\"so-panel widget widget_sow-editor panel-last-child\" data-index=\"13\" ><div\n\t\t\t\n\t\t\tclass=\"so-widget-sow-editor so-widget-sow-editor-base\"\n\t\t\t\n\t\t>\n<div class=\"siteorigin-widget-tinymce textwidget\">\n\t<p>Daniel Scalliet, \u00e9criture et voix<br \/>\navec<br \/>\nAymeric Descharri\u00e8res, saxophone baryton et claviers<br \/>\nS\u00e9bastien Bacquias, contrebasse<br \/>\nFabien Duscombs, batterie<br \/>\nMarc Maffiolo, saxophone basse<br \/>\nLaurent Paris, percussions<br \/>\nMathieu Sourisseau, guitare<br \/>\net Cyril Petit, mastering<\/p>\n<p><em>Production Daniel Scalliet avec LeBloc (PointBreak)<br \/>\nen partenariat avec Freddy Morezon, Jazz \u00e0 Poitiers, Radio Campus Dijon, Radio Campus Toulouse, Radio<br \/>\nPulsar, Fr\u00e9quence Luz, Radio Quetsch \/ Avec le soutien de la Ville de Dijon.<\/em><\/p>\n<\/div>\n<\/div><\/div><\/div><\/div><\/div>","protected":false},"excerpt":{"rendered":"<p>Line-up Daniel Scalliet : Texts, voice Accompagn\u00e9 sur sc\u00e8ne par des duos de musiciens vari\u00e9s. Contact Pia De Witte \/\/ pia@freddymorezon.org links Pack pro Ecouter (MixCloud) Daniel Scalliet Fant\u00f4mes avec vue Fant\u00f4mes avec vue Pendant le confinement impos\u00e9 par le coronavirus et g\u00e9n\u00e9ralis\u00e9 de mars \u00e0 mai 2020, Daniel Scalliet \u00e9crit un po\u00e8me par jour.&hellip;<\/p>\n<p><a class=\"more-link\" href=\"https:\/\/freddymorezon.org\/en\/catalogue\/fantomes-avec-vue\/\" title=\"Continue reading &lsquo;Fant\u00f4mes avec vue&rsquo;\">Continue reading <span class=\"meta-nav\">&rarr;<\/span><\/a><\/p>\n","protected":false},"author":1,"featured_media":11781,"parent":134,"menu_order":40,"comment_status":"closed","ping_status":"closed","template":"page-templates\/full-width.php","meta":{"om_disable_all_campaigns":false,"_monsterinsights_skip_tracking":false,"_monsterinsights_sitenote_active":false,"_monsterinsights_sitenote_note":"","_monsterinsights_sitenote_category":0,"_uf_show_specific_survey":0,"_uf_disable_surveys":false,"footnotes":""},"categories":[1082,932],"tags":[],"class_list":["post-11780","page","type-page","status-publish","has-post-thumbnail","hentry","category-daniel-scalliet","category-projets"],"aioseo_notices":[],"yoast_head":"<!-- This site is optimized with the Yoast SEO plugin v27.4 - https:\/\/yoast.com\/product\/yoast-seo-wordpress\/ -->\n<title>Fant\u00f4mes avec vue | Freddy Morezon<\/title>\n<meta name=\"robots\" content=\"index, follow, max-snippet:-1, max-image-preview:large, max-video-preview:-1\" \/>\n<link rel=\"canonical\" href=\"https:\/\/freddymorezon.org\/catalogue\/fantomes-avec-vue\/\" \/>\n<meta property=\"og:locale\" content=\"en_US\" \/>\n<meta property=\"og:type\" content=\"article\" \/>\n<meta property=\"og:title\" content=\"Fant\u00f4mes avec vue | Freddy Morezon\" \/>\n<meta property=\"og:description\" content=\"Line-up Daniel Scalliet : Texts, voice Accompagn\u00e9 sur sc\u00e8ne par des duos de musiciens vari\u00e9s. Contact Pia De Witte \/\/ pia@freddymorezon.org links Pack pro Ecouter (MixCloud) Daniel Scalliet Fant\u00f4mes avec vue Fant\u00f4mes avec vue Pendant le confinement impos\u00e9 par le coronavirus et g\u00e9n\u00e9ralis\u00e9 de mars \u00e0 mai 2020, Daniel Scalliet \u00e9crit un po\u00e8me par jour.&hellip;Continue reading &rarr;\" \/>\n<meta property=\"og:url\" content=\"https:\/\/freddymorezon.org\/catalogue\/fantomes-avec-vue\/\" \/>\n<meta property=\"og:site_name\" content=\"Freddy Morezon\" \/>\n<meta property=\"article:publisher\" content=\"https:\/\/www.facebook.com\/freddy.morezon\/\" \/>\n<meta property=\"article:modified_time\" content=\"2024-09-23T13:41:50+00:00\" \/>\n<meta property=\"og:image\" content=\"https:\/\/freddymorezon.org\/wp-content\/uploads\/2021\/06\/fantomesavecvue-visuel.jpg\" \/>\n\t<meta property=\"og:image:width\" content=\"800\" \/>\n\t<meta property=\"og:image:height\" content=\"600\" \/>\n\t<meta property=\"og:image:type\" content=\"image\/jpeg\" \/>\n<meta name=\"twitter:card\" content=\"summary_large_image\" \/>\n<script type=\"application\/ld+json\" class=\"yoast-schema-graph\">{\"@context\":\"https:\\\/\\\/schema.org\",\"@graph\":[{\"@type\":\"WebPage\",\"@id\":\"https:\\\/\\\/freddymorezon.org\\\/catalogue\\\/fantomes-avec-vue\\\/\",\"url\":\"https:\\\/\\\/freddymorezon.org\\\/catalogue\\\/fantomes-avec-vue\\\/\",\"name\":\"Fant\u00f4mes avec vue | Freddy Morezon\",\"isPartOf\":{\"@id\":\"https:\\\/\\\/freddymorezon.org\\\/#website\"},\"primaryImageOfPage\":{\"@id\":\"https:\\\/\\\/freddymorezon.org\\\/catalogue\\\/fantomes-avec-vue\\\/#primaryimage\"},\"image\":{\"@id\":\"https:\\\/\\\/freddymorezon.org\\\/catalogue\\\/fantomes-avec-vue\\\/#primaryimage\"},\"thumbnailUrl\":\"https:\\\/\\\/freddymorezon.org\\\/wp-content\\\/uploads\\\/2021\\\/06\\\/fantomesavecvue-visuel.jpg\",\"datePublished\":\"2021-06-23T09:26:59+00:00\",\"dateModified\":\"2024-09-23T13:41:50+00:00\",\"breadcrumb\":{\"@id\":\"https:\\\/\\\/freddymorezon.org\\\/catalogue\\\/fantomes-avec-vue\\\/#breadcrumb\"},\"inLanguage\":\"en-US\",\"potentialAction\":[{\"@type\":\"ReadAction\",\"target\":[\"https:\\\/\\\/freddymorezon.org\\\/catalogue\\\/fantomes-avec-vue\\\/\"]}]},{\"@type\":\"ImageObject\",\"inLanguage\":\"en-US\",\"@id\":\"https:\\\/\\\/freddymorezon.org\\\/catalogue\\\/fantomes-avec-vue\\\/#primaryimage\",\"url\":\"https:\\\/\\\/freddymorezon.org\\\/wp-content\\\/uploads\\\/2021\\\/06\\\/fantomesavecvue-visuel.jpg\",\"contentUrl\":\"https:\\\/\\\/freddymorezon.org\\\/wp-content\\\/uploads\\\/2021\\\/06\\\/fantomesavecvue-visuel.jpg\",\"width\":800,\"height\":600},{\"@type\":\"BreadcrumbList\",\"@id\":\"https:\\\/\\\/freddymorezon.org\\\/catalogue\\\/fantomes-avec-vue\\\/#breadcrumb\",\"itemListElement\":[{\"@type\":\"ListItem\",\"position\":1,\"name\":\"Accueil\",\"item\":\"https:\\\/\\\/freddymorezon.org\\\/\"},{\"@type\":\"ListItem\",\"position\":2,\"name\":\"Catalogue\",\"item\":\"https:\\\/\\\/freddymorezon.org\\\/catalogue\\\/\"},{\"@type\":\"ListItem\",\"position\":3,\"name\":\"Fant\u00f4mes avec vue\"}]},{\"@type\":\"WebSite\",\"@id\":\"https:\\\/\\\/freddymorezon.org\\\/#website\",\"url\":\"https:\\\/\\\/freddymorezon.org\\\/\",\"name\":\"Freddy Morezon\",\"description\":\"jazz - musique improvis\u00e9e - esth\u00e9tiques plurielles\",\"publisher\":{\"@id\":\"https:\\\/\\\/freddymorezon.org\\\/#organization\"},\"potentialAction\":[{\"@type\":\"SearchAction\",\"target\":{\"@type\":\"EntryPoint\",\"urlTemplate\":\"https:\\\/\\\/freddymorezon.org\\\/?s={search_term_string}\"},\"query-input\":{\"@type\":\"PropertyValueSpecification\",\"valueRequired\":true,\"valueName\":\"search_term_string\"}}],\"inLanguage\":\"en-US\"},{\"@type\":\"Organization\",\"@id\":\"https:\\\/\\\/freddymorezon.org\\\/#organization\",\"name\":\"Association Freddy Morezon\",\"url\":\"https:\\\/\\\/freddymorezon.org\\\/\",\"logo\":{\"@type\":\"ImageObject\",\"inLanguage\":\"en-US\",\"@id\":\"https:\\\/\\\/freddymorezon.org\\\/#\\\/schema\\\/logo\\\/image\\\/\",\"url\":\"https:\\\/\\\/freddymorezon.org\\\/wp-content\\\/uploads\\\/2016\\\/02\\\/mini-logo-header-site2.jpg\",\"contentUrl\":\"https:\\\/\\\/freddymorezon.org\\\/wp-content\\\/uploads\\\/2016\\\/02\\\/mini-logo-header-site2.jpg\",\"width\":234,\"height\":174,\"caption\":\"Association Freddy Morezon\"},\"image\":{\"@id\":\"https:\\\/\\\/freddymorezon.org\\\/#\\\/schema\\\/logo\\\/image\\\/\"},\"sameAs\":[\"https:\\\/\\\/www.facebook.com\\\/freddy.morezon\\\/\",\"https:\\\/\\\/www.instagram.com\\\/freddymorezon\\\/\",\"https:\\\/\\\/www.youtube.com\\\/user\\\/freddymorezon\",\"https:\\\/\\\/fr.linkedin.com\\\/company\\\/freddy-morezon-p.r.o.d.\"]}]}<\/script>\n<!-- \/ Yoast SEO plugin. -->","yoast_head_json":{"title":"Fant\u00f4mes avec vue | Freddy Morezon","robots":{"index":"index","follow":"follow","max-snippet":"max-snippet:-1","max-image-preview":"max-image-preview:large","max-video-preview":"max-video-preview:-1"},"canonical":"https:\/\/freddymorezon.org\/catalogue\/fantomes-avec-vue\/","og_locale":"en_US","og_type":"article","og_title":"Fant\u00f4mes avec vue | Freddy Morezon","og_description":"Line-up Daniel Scalliet : Texts, voice Accompagn\u00e9 sur sc\u00e8ne par des duos de musiciens vari\u00e9s. Contact Pia De Witte \/\/ pia@freddymorezon.org links Pack pro Ecouter (MixCloud) Daniel Scalliet Fant\u00f4mes avec vue Fant\u00f4mes avec vue Pendant le confinement impos\u00e9 par le coronavirus et g\u00e9n\u00e9ralis\u00e9 de mars \u00e0 mai 2020, Daniel Scalliet \u00e9crit un po\u00e8me par jour.&hellip;Continue reading &rarr;","og_url":"https:\/\/freddymorezon.org\/catalogue\/fantomes-avec-vue\/","og_site_name":"Freddy Morezon","article_publisher":"https:\/\/www.facebook.com\/freddy.morezon\/","article_modified_time":"2024-09-23T13:41:50+00:00","og_image":[{"width":800,"height":600,"url":"https:\/\/freddymorezon.org\/wp-content\/uploads\/2021\/06\/fantomesavecvue-visuel.jpg","type":"image\/jpeg"}],"twitter_card":"summary_large_image","schema":{"@context":"https:\/\/schema.org","@graph":[{"@type":"WebPage","@id":"https:\/\/freddymorezon.org\/catalogue\/fantomes-avec-vue\/","url":"https:\/\/freddymorezon.org\/catalogue\/fantomes-avec-vue\/","name":"Fant\u00f4mes avec vue | Freddy Morezon","isPartOf":{"@id":"https:\/\/freddymorezon.org\/#website"},"primaryImageOfPage":{"@id":"https:\/\/freddymorezon.org\/catalogue\/fantomes-avec-vue\/#primaryimage"},"image":{"@id":"https:\/\/freddymorezon.org\/catalogue\/fantomes-avec-vue\/#primaryimage"},"thumbnailUrl":"https:\/\/freddymorezon.org\/wp-content\/uploads\/2021\/06\/fantomesavecvue-visuel.jpg","datePublished":"2021-06-23T09:26:59+00:00","dateModified":"2024-09-23T13:41:50+00:00","breadcrumb":{"@id":"https:\/\/freddymorezon.org\/catalogue\/fantomes-avec-vue\/#breadcrumb"},"inLanguage":"en-US","potentialAction":[{"@type":"ReadAction","target":["https:\/\/freddymorezon.org\/catalogue\/fantomes-avec-vue\/"]}]},{"@type":"ImageObject","inLanguage":"en-US","@id":"https:\/\/freddymorezon.org\/catalogue\/fantomes-avec-vue\/#primaryimage","url":"https:\/\/freddymorezon.org\/wp-content\/uploads\/2021\/06\/fantomesavecvue-visuel.jpg","contentUrl":"https:\/\/freddymorezon.org\/wp-content\/uploads\/2021\/06\/fantomesavecvue-visuel.jpg","width":800,"height":600},{"@type":"BreadcrumbList","@id":"https:\/\/freddymorezon.org\/catalogue\/fantomes-avec-vue\/#breadcrumb","itemListElement":[{"@type":"ListItem","position":1,"name":"Accueil","item":"https:\/\/freddymorezon.org\/"},{"@type":"ListItem","position":2,"name":"Catalogue","item":"https:\/\/freddymorezon.org\/catalogue\/"},{"@type":"ListItem","position":3,"name":"Fant\u00f4mes avec vue"}]},{"@type":"WebSite","@id":"https:\/\/freddymorezon.org\/#website","url":"https:\/\/freddymorezon.org\/","name":"Freddy Morezon","description":"jazz - musique improvis\u00e9e - esth\u00e9tiques plurielles","publisher":{"@id":"https:\/\/freddymorezon.org\/#organization"},"potentialAction":[{"@type":"SearchAction","target":{"@type":"EntryPoint","urlTemplate":"https:\/\/freddymorezon.org\/?s={search_term_string}"},"query-input":{"@type":"PropertyValueSpecification","valueRequired":true,"valueName":"search_term_string"}}],"inLanguage":"en-US"},{"@type":"Organization","@id":"https:\/\/freddymorezon.org\/#organization","name":"Association Freddy Morezon","url":"https:\/\/freddymorezon.org\/","logo":{"@type":"ImageObject","inLanguage":"en-US","@id":"https:\/\/freddymorezon.org\/#\/schema\/logo\/image\/","url":"https:\/\/freddymorezon.org\/wp-content\/uploads\/2016\/02\/mini-logo-header-site2.jpg","contentUrl":"https:\/\/freddymorezon.org\/wp-content\/uploads\/2016\/02\/mini-logo-header-site2.jpg","width":234,"height":174,"caption":"Association Freddy Morezon"},"image":{"@id":"https:\/\/freddymorezon.org\/#\/schema\/logo\/image\/"},"sameAs":["https:\/\/www.facebook.com\/freddy.morezon\/","https:\/\/www.instagram.com\/freddymorezon\/","https:\/\/www.youtube.com\/user\/freddymorezon","https:\/\/fr.linkedin.com\/company\/freddy-morezon-p.r.o.d."]}]}},"_links":{"self":[{"href":"https:\/\/freddymorezon.org\/en\/wp-json\/wp\/v2\/pages\/11780","targetHints":{"allow":["GET"]}}],"collection":[{"href":"https:\/\/freddymorezon.org\/en\/wp-json\/wp\/v2\/pages"}],"about":[{"href":"https:\/\/freddymorezon.org\/en\/wp-json\/wp\/v2\/types\/page"}],"author":[{"embeddable":true,"href":"https:\/\/freddymorezon.org\/en\/wp-json\/wp\/v2\/users\/1"}],"replies":[{"embeddable":true,"href":"https:\/\/freddymorezon.org\/en\/wp-json\/wp\/v2\/comments?post=11780"}],"version-history":[{"count":40,"href":"https:\/\/freddymorezon.org\/en\/wp-json\/wp\/v2\/pages\/11780\/revisions"}],"predecessor-version":[{"id":20446,"href":"https:\/\/freddymorezon.org\/en\/wp-json\/wp\/v2\/pages\/11780\/revisions\/20446"}],"up":[{"embeddable":true,"href":"https:\/\/freddymorezon.org\/en\/wp-json\/wp\/v2\/pages\/134"}],"wp:featuredmedia":[{"embeddable":true,"href":"https:\/\/freddymorezon.org\/en\/wp-json\/wp\/v2\/media\/11781"}],"wp:attachment":[{"href":"https:\/\/freddymorezon.org\/en\/wp-json\/wp\/v2\/media?parent=11780"}],"wp:term":[{"taxonomy":"category","embeddable":true,"href":"https:\/\/freddymorezon.org\/en\/wp-json\/wp\/v2\/categories?post=11780"},{"taxonomy":"post_tag","embeddable":true,"href":"https:\/\/freddymorezon.org\/en\/wp-json\/wp\/v2\/tags?post=11780"}],"curies":[{"name":"wp","href":"https:\/\/api.w.org\/{rel}","templated":true}]}}