
{"id":11808,"date":"2021-06-23T11:03:05","date_gmt":"2021-06-23T10:03:05","guid":{"rendered":"https:\/\/freddymorezon.org\/?page_id=11808"},"modified":"2025-06-10T11:52:38","modified_gmt":"2025-06-10T09:52:38","slug":"agenda-fantomes-avec-vue","status":"publish","type":"page","link":"https:\/\/freddymorezon.org\/en\/catalogue\/fantomes-avec-vue\/agenda-fantomes-avec-vue\/","title":{"rendered":"Agenda &#8211; Fant\u00f4mes avec vue"},"content":{"rendered":"<div id=\"pl-11808\"  class=\"panel-layout\" ><div id=\"pg-11808-0\"  class=\"panel-grid panel-no-style\" ><div id=\"pgc-11808-0-0\"  class=\"panel-grid-cell\" ><div id=\"panel-11808-0-0-0\" class=\"so-panel widget widget_sow-editor panel-first-child panel-last-child\" data-index=\"0\" ><div\n\t\t\t\n\t\t\tclass=\"so-widget-sow-editor so-widget-sow-editor-base\"\n\t\t\t\n\t\t>\n<div class=\"siteorigin-widget-tinymce textwidget\">\n\t<h3>Tour dates<\/h3>\n<h2 class=\"agenda-par-groupe\">Fant\u00f4mes avec vue<\/h2>\n<p><i class=\"fa fa-chevron-left fa-2x\"><\/i> <a href=\"https:\/\/freddymorezon.org\/projets\/fantomes-avec-vue\/\">back to Fant\u00f4mes avec vue page<\/a><\/p>\n<\/div>\n<\/div><\/div><\/div><\/div><div id=\"pg-11808-1\"  class=\"panel-grid panel-no-style\" ><div id=\"pgc-11808-1-0\"  class=\"panel-grid-cell panel-grid-cell-empty\" ><\/div><div id=\"pgc-11808-1-1\"  class=\"panel-grid-cell panel-grid-cell-mobile-last\" ><div id=\"panel-11808-1-1-0\" class=\"so-panel widget widget_sow-headline panel-first-child panel-last-child\" data-index=\"1\" ><div\n\t\t\t\n\t\t\tclass=\"so-widget-sow-headline so-widget-sow-headline-default-809c6ba63723-11808\"\n\t\t\t\n\t\t><div class=\"sow-headline-container \">\n\t\t\t\t\t\t\t<h3 class=\"sow-headline\">\n\t\t\t\t\t\tShows to come\t\t\t\t\t\t<\/h3>\n\t\t\t\t\t\t<\/div>\n<\/div><\/div><\/div><div id=\"pgc-11808-1-2\"  class=\"panel-grid-cell panel-grid-cell-empty\" ><\/div><\/div><div id=\"pg-11808-2\"  class=\"panel-grid panel-no-style\" ><div id=\"pgc-11808-2-0\"  class=\"panel-grid-cell panel-grid-cell-empty\" ><\/div><div id=\"pgc-11808-2-1\"  class=\"panel-grid-cell panel-grid-cell-mobile-last\" ><div id=\"panel-11808-2-1-0\" class=\"so-panel widget widget_eo_event_list_widget EO_Event_List_Widget panel-first-child panel-last-child\" data-index=\"2\" >\n\n<\/div><\/div><div id=\"pgc-11808-2-2\"  class=\"panel-grid-cell panel-grid-cell-empty\" ><\/div><\/div><div id=\"pg-11808-3\"  class=\"panel-grid panel-no-style\" ><div id=\"pgc-11808-3-0\"  class=\"panel-grid-cell panel-grid-cell-empty\" ><\/div><div id=\"pgc-11808-3-1\"  class=\"panel-grid-cell panel-grid-cell-mobile-last\" ><div id=\"panel-11808-3-1-0\" class=\"so-panel widget widget_sow-headline panel-first-child panel-last-child\" data-index=\"3\" ><div\n\t\t\t\n\t\t\tclass=\"so-widget-sow-headline so-widget-sow-headline-default-809c6ba63723-11808\"\n\t\t\t\n\t\t><div class=\"sow-headline-container \">\n\t\t\t\t\t\t\t<h3 class=\"sow-headline\">\n\t\t\t\t\t\tPast shows\t\t\t\t\t\t<\/h3>\n\t\t\t\t\t\t<\/div>\n<\/div><\/div><\/div><div id=\"pgc-11808-3-2\"  class=\"panel-grid-cell panel-grid-cell-empty\" ><\/div><\/div><div id=\"pg-11808-4\"  class=\"panel-grid panel-no-style\" ><div id=\"pgc-11808-4-0\"  class=\"panel-grid-cell panel-grid-cell-empty\" ><\/div><div id=\"pgc-11808-4-1\"  class=\"panel-grid-cell panel-grid-cell-mobile-last\" ><div id=\"panel-11808-4-1-0\" class=\"so-panel widget widget_eo_event_list_widget EO_Event_List_Widget panel-first-child panel-last-child\" data-index=\"4\" ><div class=\"dates-passees panel-widget-style panel-widget-style-for-11808-4-1-0\" ><ul  class=\"eo-events eo-events-widget\"><li class=\"eo-event-venue-ancey-21 eo-event-cat-daniel-scalliet eo-event-cat-facteur-sauvage eo-event-cat-fantomes-avec-vue eo-event-cat-laurent-paris eo-event-cat-mathieu-sourisseau eo-event-past eo-all-day\"><div class=\"date\"> <div class=\"jour\"> 09<\/div> <div class=\"mois\">Apr<\/div> <div class=\"annee\">2023<\/div> <\/div> <div class=\"contenu-date\"> <h4 class=\"titre\">Printemps Sauvage #1 - <\/h4> <div class=\"detail\"> <span class=\"lieu\">Ancey, <\/span><!-- \/.lieu --> - <span   class=\"heure\"><\/span><!-- \/.heure --><br> <span class=\"extrait\">avec Facteur Sauvage, Fant\u00f4mes avec vue... Plus d'infos \u00e0 venir<\/span><!-- \/.extrait --><br> <\/div>\t<!-- \/.detail --> <\/div> <!-- \/.contenu-date --><\/li><li class=\"eo-event-venue-le-taquin eo-event-cat-daniel-scalliet eo-event-cat-fabien-duscombs eo-event-cat-fantomes-avec-vue eo-event-cat-freddy-taquine eo-event-cat-laurent-paris eo-event-cat-mathieu-sourisseau eo-event-cat-nos-evenements eo-event-cat-sebastien-bacquias eo-event-past\"><div class=\"date\"> <div class=\"jour\"> 02 <\/div> <div class=\"mois\">Apr <\/div> <div class=\"annee\">2023 <\/div> <\/div> <div class=\"contenu-date\"> <h4 class=\"titre\">Freddy Taquine : Fant\u00f4mes avec vue + Trio Descharri\u00e8res &#8211; Duscombs &#8211; Paris - <\/h4> <div class=\"detail\"> <span class=\"lieu\">Le Taquin, Toulouse<\/span><!-- \/.lieu --> - <span   class=\"heure\"> 16:30<\/span><!-- \/.heure --><br> <span class=\"extrait\"><a href=\"https:\/\/www.facebook.com\/events\/1214525549170564\" target=\"_blank\" title=\"\u00e9v\u00e9nement facebook\" alt=\"\u00e9v\u00e9nement facebook\" rel=\"noopener noreferrer\"><i class=\"fa fa-facebook\"><\/i><\/a><\/span><!-- \/.extrait --><br> <\/div>\t<!-- \/.detail --> <\/div> <!-- \/.contenu-date --><\/li><li class=\"eo-event-venue-chapelle-sainte-matrone eo-event-cat-20-ans-de-freddy eo-event-cat-andy-leveque eo-event-cat-betty-hovette eo-event-cat-fantomes-avec-vue eo-event-cat-florian-nastorg eo-event-cat-le-grand-silence eo-event-cat-marc-maffiolo eo-event-cat-nicolas-lafourest eo-event-cat-nos-evenements eo-event-cat-sebastien-cirotteau eo-event-cat-xibipiio eo-event-past eo-all-day\"><div class=\"date\"> <div class=\"jour\"> 08<\/div> <div class=\"mois\">Oct<\/div> <div class=\"annee\">2022<\/div> <\/div> <div class=\"contenu-date\"> <h4 class=\"titre\">Echapp\u00e9es de la Chapelle #2 - <\/h4> <div class=\"detail\"> <span class=\"lieu\">Chapelle Sainte-Matrone, Maz\u00e8res-sur-Salat<\/span><!-- \/.lieu --> - <span   class=\"heure\"><\/span><!-- \/.heure --><br> <span class=\"extrait\">Le Grand Silence - Fant\u00f4mes avec vue - Baro d'Evel - Xibip\u00ed\u00edo - Karine Sancerry & Natalia Rodrigues - bal collectif \/ Dans le cadre des 20 ans de Freddy Morezon <a href=\"https:\/\/freddymorezon.org\/nos-evenements\/les-echappees-de-la-chapelle\/\" target=\"_blank\" title=\"+ d'infos\" alt=\"+ d'infos\" rel=\"noopener noreferrer\"><i class=\"fa fa-plus-square\"><\/i><\/a> <a href=\"https:\/\/www.facebook.com\/events\/370302088561906\/\" target=\"_blank\" title=\"\u00e9v\u00e9nement facebook\" alt=\"\u00e9v\u00e9nement facebook\" rel=\"noopener noreferrer\"><i class=\"fa fa-facebook\"><\/i><\/a><\/span><!-- \/.extrait --><br> <\/div>\t<!-- \/.detail --> <\/div> <!-- \/.contenu-date --><\/li><li class=\"eo-event-venue-louverture eo-event-cat-daniel-scalliet eo-event-cat-fantomes-avec-vue eo-event-cat-laurent-paris eo-event-past eo-all-day\"><div class=\"date\"> <div class=\"jour\"> 07<\/div> <div class=\"mois\">Oct<\/div> <div class=\"annee\">2022<\/div> <\/div> <div class=\"contenu-date\"> <h4 class=\"titre\">Fant\u00f4mes avec vue - <\/h4> <div class=\"detail\"> <span class=\"lieu\">L'Ouverture, Mauvezin (32)<\/span><!-- \/.lieu --> - <span   class=\"heure\"><\/span><!-- \/.heure --><br> <span class=\"extrait\">Daniel Scalliet & Laurent Paris<\/span><!-- \/.extrait --><br> <\/div>\t<!-- \/.detail --> <\/div> <!-- \/.contenu-date --><\/li><li class=\"eo-event-cat-daniel-scalliet eo-event-cat-fabien-duscombs eo-event-cat-fantomes-avec-vue eo-event-past eo-all-day\"><div class=\"date\"> <div class=\"jour\"> 30<\/div> <div class=\"mois\">Sep<\/div> <div class=\"annee\">2022<\/div> <\/div> <div class=\"contenu-date\"> <h4 class=\"titre\">Fant\u00f4mes avec vue - <\/h4> <div class=\"detail\"> <span class=\"lieu\">, <\/span><!-- \/.lieu --> - <span   class=\"heure\"><\/span><!-- \/.heure --><br> <span class=\"extrait\">Concert chez l'habitant - Flagey (21)<\/span><!-- \/.extrait --><br> <\/div>\t<!-- \/.detail --> <\/div> <!-- \/.contenu-date --><\/li><li class=\"eo-event-venue-celtic-pub eo-event-cat-daniel-scalliet eo-event-cat-fantomes-avec-vue eo-event-past eo-all-day\"><div class=\"date\"> <div class=\"jour\"> 21<\/div> <div class=\"mois\">Apr<\/div> <div class=\"annee\">2022<\/div> <\/div> <div class=\"contenu-date\"> <h4 class=\"titre\">Fant\u00f4mes avec vue - <\/h4> <div class=\"detail\"> <span class=\"lieu\">Le Celtic Pub, Tarbes<\/span><!-- \/.lieu --> - <span   class=\"heure\"><\/span><!-- \/.heure --><br> <span class=\"extrait\">avec Traverse <\/span><!-- \/.extrait --><br> <\/div>\t<!-- \/.detail --> <\/div> <!-- \/.contenu-date --><\/li><li class=\"eo-event-venue-lycee-adriana eo-event-cat-action-culturelle eo-event-cat-daniel-scalliet eo-event-cat-fantomes-avec-vue eo-event-past eo-all-day\"><div class=\"date\"> <div class=\"jour\"> 14<\/div> <div class=\"mois\">Apr<\/div> <div class=\"annee\">2022<\/div> <\/div> <div class=\"contenu-date\"> <h4 class=\"titre\">Fant\u00f4mes avec vue - <\/h4> <div class=\"detail\"> <span class=\"lieu\">Lyc\u00e9e Adriana, Tarbes<\/span><!-- \/.lieu --> - <span   class=\"heure\"><\/span><!-- \/.heure --><br> <span class=\"extrait\">Ateliers d'\u00e9criture et de mise en lien du texte avec la musique. Propos\u00e9 par Daniel Scalliet. Avec Traverse.<\/span><!-- \/.extrait --><br> <\/div>\t<!-- \/.detail --> <\/div> <!-- \/.contenu-date --><\/li><li class=\"eo-event-venue-lycee-adriana eo-event-cat-action-culturelle eo-event-cat-daniel-scalliet eo-event-cat-fantomes-avec-vue eo-event-past eo-all-day\"><div class=\"date\"> <div class=\"jour\"> 13<\/div> <div class=\"mois\">Apr<\/div> <div class=\"annee\">2022<\/div> <\/div> <div class=\"contenu-date\"> <h4 class=\"titre\">Fant\u00f4mes avec vue - <\/h4> <div class=\"detail\"> <span class=\"lieu\">Lyc\u00e9e Adriana, Tarbes<\/span><!-- \/.lieu --> - <span   class=\"heure\"><\/span><!-- \/.heure --><br> <span class=\"extrait\">Ateliers d'\u00e9criture et de mise en lien du texte avec la musique. Propos\u00e9 par Daniel Scalliet. Avec Traverse.<\/span><!-- \/.extrait --><br> <\/div>\t<!-- \/.detail --> <\/div> <!-- \/.contenu-date --><\/li><li class=\"eo-event-venue-lycee-adriana eo-event-cat-action-culturelle eo-event-cat-daniel-scalliet eo-event-cat-fantomes-avec-vue eo-event-past eo-all-day\"><div class=\"date\"> <div class=\"jour\"> 12<\/div> <div class=\"mois\">Apr<\/div> <div class=\"annee\">2022<\/div> <\/div> <div class=\"contenu-date\"> <h4 class=\"titre\">Fant\u00f4mes avec vue - <\/h4> <div class=\"detail\"> <span class=\"lieu\">Lyc\u00e9e Adriana, Tarbes<\/span><!-- \/.lieu --> - <span   class=\"heure\"><\/span><!-- \/.heure --><br> <span class=\"extrait\">Ateliers d'\u00e9criture et de mise en lien du texte avec la musique. Propos\u00e9 par Daniel Scalliet. Avec Traverse.<\/span><!-- \/.extrait --><br> <\/div>\t<!-- \/.detail --> <\/div> <!-- \/.contenu-date --><\/li><li class=\"eo-event-venue-lycee-adriana eo-event-cat-action-culturelle eo-event-cat-daniel-scalliet eo-event-cat-fantomes-avec-vue eo-event-past eo-all-day\"><div class=\"date\"> <div class=\"jour\"> 11<\/div> <div class=\"mois\">Apr<\/div> <div class=\"annee\">2022<\/div> <\/div> <div class=\"contenu-date\"> <h4 class=\"titre\">Fant\u00f4mes avec vue - <\/h4> <div class=\"detail\"> <span class=\"lieu\">Lyc\u00e9e Adriana, Tarbes<\/span><!-- \/.lieu --> - <span   class=\"heure\"><\/span><!-- \/.heure --><br> <span class=\"extrait\">Ateliers d'\u00e9criture et de mise en lien du texte avec la musique. Propos\u00e9 par Daniel Scalliet. Avec Traverse.<\/span><!-- \/.extrait --><br> <\/div>\t<!-- \/.detail --> <\/div> <!-- \/.contenu-date --><\/li><li class=\"eo-event-venue-concert-prive eo-event-cat-daniel-scalliet eo-event-cat-fantomes-avec-vue eo-event-cat-laurent-paris eo-event-past eo-all-day\"><div class=\"date\"> <div class=\"jour\"> 21<\/div> <div class=\"mois\">Oct<\/div> <div class=\"annee\">2021<\/div> <\/div> <div class=\"contenu-date\"> <h4 class=\"titre\">Fant\u00f4mes avec vue - <\/h4> <div class=\"detail\"> <span class=\"lieu\">Concert priv\u00e9, <\/span><!-- \/.lieu --> - <span   class=\"heure\"><\/span><!-- \/.heure --><br> <span class=\"extrait\">Chez l'habitant. Daniel Scalliet & Laurent Paris<\/span><!-- \/.extrait --><br> <\/div>\t<!-- \/.detail --> <\/div> <!-- \/.contenu-date --><\/li><li class=\"eo-event-venue-la-cafetiere eo-event-cat-daniel-scalliet eo-event-cat-fantomes-avec-vue eo-event-cat-laurent-paris eo-event-cat-nos-evenements eo-event-cat-plein-air eo-event-past eo-all-day\"><div class=\"date\"> <div class=\"jour\"> 03<\/div> <div class=\"mois\">Jul<\/div> <div class=\"annee\">2021<\/div> <\/div> <div class=\"contenu-date\"> <h4 class=\"titre\">Fant\u00f4mes avec vue - <\/h4> <div class=\"detail\"> <span class=\"lieu\">La Caf\u00e9ti\u00e8re, Aurignac<\/span><!-- \/.lieu --> - <span   class=\"heure\"><\/span><!-- \/.heure --><br> <span class=\"extrait\">Avec Daniel Scalliet et Laurent Paris \/ PLEIN AIR \u2013 Escapades sonores<\/span><!-- \/.extrait --><br> <\/div>\t<!-- \/.detail --> <\/div> <!-- \/.contenu-date --><\/li><li class=\"eo-event-cat-betty-hovette eo-event-cat-daniel-scalliet eo-event-cat-fantomes-avec-vue eo-event-cat-marc-maffiolo eo-event-cat-plein-air eo-event-past eo-all-day\"><div class=\"date\"> <div class=\"jour\"> 03<\/div> <div class=\"mois\">Jul<\/div> <div class=\"annee\">2021<\/div> <\/div> <div class=\"contenu-date\"> <h4 class=\"titre\">Fant\u00f4mes avec vue - <\/h4> <div class=\"detail\"> <span class=\"lieu\">, <\/span><!-- \/.lieu --> - <span   class=\"heure\"><\/span><!-- \/.heure --><br> <span class=\"extrait\">Chez l'habitant \/ Avec Daniel Scalliet, Betty Hovette et Marc Maffiolo \/ PLEIN AIR \u2013 Escapades sonores<\/span><!-- \/.extrait --><br> <\/div>\t<!-- \/.detail --> <\/div> <!-- \/.contenu-date --><\/li><\/ul><\/div><\/div><\/div><div id=\"pgc-11808-4-2\"  class=\"panel-grid-cell panel-grid-cell-empty\" ><\/div><\/div><\/div>","protected":false},"excerpt":{"rendered":"<p>Tour dates Fant\u00f4mes avec vue back to Fant\u00f4mes avec vue page<\/p>\n","protected":false},"author":1,"featured_media":0,"parent":11780,"menu_order":0,"comment_status":"closed","ping_status":"closed","template":"page-templates\/full-width.php","meta":{"om_disable_all_campaigns":false,"_monsterinsights_skip_tracking":false,"_monsterinsights_sitenote_active":false,"_monsterinsights_sitenote_note":"","_monsterinsights_sitenote_category":0,"_uf_show_specific_survey":0,"_uf_disable_surveys":false,"footnotes":""},"categories":[],"tags":[],"class_list":["post-11808","page","type-page","status-publish","hentry"],"aioseo_notices":[],"yoast_head":"<!-- This site is optimized with the Yoast SEO plugin v27.4 - https:\/\/yoast.com\/product\/yoast-seo-wordpress\/ -->\n<title>Agenda - Fant\u00f4mes avec vue | Freddy Morezon<\/title>\n<meta name=\"robots\" content=\"index, follow, max-snippet:-1, max-image-preview:large, max-video-preview:-1\" \/>\n<link rel=\"canonical\" href=\"https:\/\/freddymorezon.org\/catalogue\/fantomes-avec-vue\/agenda-fantomes-avec-vue\/\" \/>\n<meta property=\"og:locale\" content=\"en_US\" \/>\n<meta property=\"og:type\" content=\"article\" \/>\n<meta property=\"og:title\" content=\"Agenda - Fant\u00f4mes avec vue | Freddy Morezon\" \/>\n<meta property=\"og:description\" content=\"Tour dates Fant\u00f4mes avec vue back to Fant\u00f4mes avec vue page\" \/>\n<meta property=\"og:url\" content=\"https:\/\/freddymorezon.org\/catalogue\/fantomes-avec-vue\/agenda-fantomes-avec-vue\/\" \/>\n<meta property=\"og:site_name\" content=\"Freddy Morezon\" \/>\n<meta property=\"article:publisher\" content=\"https:\/\/www.facebook.com\/freddy.morezon\/\" \/>\n<meta property=\"article:modified_time\" content=\"2025-06-10T09:52:38+00:00\" \/>\n<meta property=\"og:image\" content=\"https:\/\/freddymorezon.org\/wp-content\/uploads\/2016\/02\/mini-logo-header-site2.jpg\" \/>\n\t<meta property=\"og:image:width\" content=\"234\" \/>\n\t<meta property=\"og:image:height\" content=\"174\" \/>\n\t<meta property=\"og:image:type\" content=\"image\/jpeg\" \/>\n<meta name=\"twitter:card\" content=\"summary_large_image\" \/>\n<script type=\"application\/ld+json\" class=\"yoast-schema-graph\">{\"@context\":\"https:\\\/\\\/schema.org\",\"@graph\":[{\"@type\":\"WebPage\",\"@id\":\"https:\\\/\\\/freddymorezon.org\\\/catalogue\\\/fantomes-avec-vue\\\/agenda-fantomes-avec-vue\\\/\",\"url\":\"https:\\\/\\\/freddymorezon.org\\\/catalogue\\\/fantomes-avec-vue\\\/agenda-fantomes-avec-vue\\\/\",\"name\":\"Agenda - Fant\u00f4mes avec vue | Freddy Morezon\",\"isPartOf\":{\"@id\":\"https:\\\/\\\/freddymorezon.org\\\/#website\"},\"datePublished\":\"2021-06-23T10:03:05+00:00\",\"dateModified\":\"2025-06-10T09:52:38+00:00\",\"breadcrumb\":{\"@id\":\"https:\\\/\\\/freddymorezon.org\\\/catalogue\\\/fantomes-avec-vue\\\/agenda-fantomes-avec-vue\\\/#breadcrumb\"},\"inLanguage\":\"en-US\",\"potentialAction\":[{\"@type\":\"ReadAction\",\"target\":[\"https:\\\/\\\/freddymorezon.org\\\/catalogue\\\/fantomes-avec-vue\\\/agenda-fantomes-avec-vue\\\/\"]}]},{\"@type\":\"BreadcrumbList\",\"@id\":\"https:\\\/\\\/freddymorezon.org\\\/catalogue\\\/fantomes-avec-vue\\\/agenda-fantomes-avec-vue\\\/#breadcrumb\",\"itemListElement\":[{\"@type\":\"ListItem\",\"position\":1,\"name\":\"Accueil\",\"item\":\"https:\\\/\\\/freddymorezon.org\\\/\"},{\"@type\":\"ListItem\",\"position\":2,\"name\":\"Catalogue\",\"item\":\"https:\\\/\\\/freddymorezon.org\\\/catalogue\\\/\"},{\"@type\":\"ListItem\",\"position\":3,\"name\":\"Fant\u00f4mes avec vue\",\"item\":\"https:\\\/\\\/freddymorezon.org\\\/catalogue\\\/fantomes-avec-vue\\\/\"},{\"@type\":\"ListItem\",\"position\":4,\"name\":\"Agenda &#8211; Fant\u00f4mes avec vue\"}]},{\"@type\":\"WebSite\",\"@id\":\"https:\\\/\\\/freddymorezon.org\\\/#website\",\"url\":\"https:\\\/\\\/freddymorezon.org\\\/\",\"name\":\"Freddy Morezon\",\"description\":\"jazz - musique improvis\u00e9e - esth\u00e9tiques plurielles\",\"publisher\":{\"@id\":\"https:\\\/\\\/freddymorezon.org\\\/#organization\"},\"potentialAction\":[{\"@type\":\"SearchAction\",\"target\":{\"@type\":\"EntryPoint\",\"urlTemplate\":\"https:\\\/\\\/freddymorezon.org\\\/?s={search_term_string}\"},\"query-input\":{\"@type\":\"PropertyValueSpecification\",\"valueRequired\":true,\"valueName\":\"search_term_string\"}}],\"inLanguage\":\"en-US\"},{\"@type\":\"Organization\",\"@id\":\"https:\\\/\\\/freddymorezon.org\\\/#organization\",\"name\":\"Association Freddy Morezon\",\"url\":\"https:\\\/\\\/freddymorezon.org\\\/\",\"logo\":{\"@type\":\"ImageObject\",\"inLanguage\":\"en-US\",\"@id\":\"https:\\\/\\\/freddymorezon.org\\\/#\\\/schema\\\/logo\\\/image\\\/\",\"url\":\"https:\\\/\\\/freddymorezon.org\\\/wp-content\\\/uploads\\\/2016\\\/02\\\/mini-logo-header-site2.jpg\",\"contentUrl\":\"https:\\\/\\\/freddymorezon.org\\\/wp-content\\\/uploads\\\/2016\\\/02\\\/mini-logo-header-site2.jpg\",\"width\":234,\"height\":174,\"caption\":\"Association Freddy Morezon\"},\"image\":{\"@id\":\"https:\\\/\\\/freddymorezon.org\\\/#\\\/schema\\\/logo\\\/image\\\/\"},\"sameAs\":[\"https:\\\/\\\/www.facebook.com\\\/freddy.morezon\\\/\",\"https:\\\/\\\/www.instagram.com\\\/freddymorezon\\\/\",\"https:\\\/\\\/www.youtube.com\\\/user\\\/freddymorezon\",\"https:\\\/\\\/fr.linkedin.com\\\/company\\\/freddy-morezon-p.r.o.d.\"]}]}<\/script>\n<!-- \/ Yoast SEO plugin. -->","yoast_head_json":{"title":"Agenda - Fant\u00f4mes avec vue | Freddy Morezon","robots":{"index":"index","follow":"follow","max-snippet":"max-snippet:-1","max-image-preview":"max-image-preview:large","max-video-preview":"max-video-preview:-1"},"canonical":"https:\/\/freddymorezon.org\/catalogue\/fantomes-avec-vue\/agenda-fantomes-avec-vue\/","og_locale":"en_US","og_type":"article","og_title":"Agenda - Fant\u00f4mes avec vue | Freddy Morezon","og_description":"Tour dates Fant\u00f4mes avec vue back to Fant\u00f4mes avec vue page","og_url":"https:\/\/freddymorezon.org\/catalogue\/fantomes-avec-vue\/agenda-fantomes-avec-vue\/","og_site_name":"Freddy Morezon","article_publisher":"https:\/\/www.facebook.com\/freddy.morezon\/","article_modified_time":"2025-06-10T09:52:38+00:00","og_image":[{"width":234,"height":174,"url":"https:\/\/freddymorezon.org\/wp-content\/uploads\/2016\/02\/mini-logo-header-site2.jpg","type":"image\/jpeg"}],"twitter_card":"summary_large_image","schema":{"@context":"https:\/\/schema.org","@graph":[{"@type":"WebPage","@id":"https:\/\/freddymorezon.org\/catalogue\/fantomes-avec-vue\/agenda-fantomes-avec-vue\/","url":"https:\/\/freddymorezon.org\/catalogue\/fantomes-avec-vue\/agenda-fantomes-avec-vue\/","name":"Agenda - Fant\u00f4mes avec vue | Freddy Morezon","isPartOf":{"@id":"https:\/\/freddymorezon.org\/#website"},"datePublished":"2021-06-23T10:03:05+00:00","dateModified":"2025-06-10T09:52:38+00:00","breadcrumb":{"@id":"https:\/\/freddymorezon.org\/catalogue\/fantomes-avec-vue\/agenda-fantomes-avec-vue\/#breadcrumb"},"inLanguage":"en-US","potentialAction":[{"@type":"ReadAction","target":["https:\/\/freddymorezon.org\/catalogue\/fantomes-avec-vue\/agenda-fantomes-avec-vue\/"]}]},{"@type":"BreadcrumbList","@id":"https:\/\/freddymorezon.org\/catalogue\/fantomes-avec-vue\/agenda-fantomes-avec-vue\/#breadcrumb","itemListElement":[{"@type":"ListItem","position":1,"name":"Accueil","item":"https:\/\/freddymorezon.org\/"},{"@type":"ListItem","position":2,"name":"Catalogue","item":"https:\/\/freddymorezon.org\/catalogue\/"},{"@type":"ListItem","position":3,"name":"Fant\u00f4mes avec vue","item":"https:\/\/freddymorezon.org\/catalogue\/fantomes-avec-vue\/"},{"@type":"ListItem","position":4,"name":"Agenda &#8211; Fant\u00f4mes avec vue"}]},{"@type":"WebSite","@id":"https:\/\/freddymorezon.org\/#website","url":"https:\/\/freddymorezon.org\/","name":"Freddy Morezon","description":"jazz - musique improvis\u00e9e - esth\u00e9tiques plurielles","publisher":{"@id":"https:\/\/freddymorezon.org\/#organization"},"potentialAction":[{"@type":"SearchAction","target":{"@type":"EntryPoint","urlTemplate":"https:\/\/freddymorezon.org\/?s={search_term_string}"},"query-input":{"@type":"PropertyValueSpecification","valueRequired":true,"valueName":"search_term_string"}}],"inLanguage":"en-US"},{"@type":"Organization","@id":"https:\/\/freddymorezon.org\/#organization","name":"Association Freddy Morezon","url":"https:\/\/freddymorezon.org\/","logo":{"@type":"ImageObject","inLanguage":"en-US","@id":"https:\/\/freddymorezon.org\/#\/schema\/logo\/image\/","url":"https:\/\/freddymorezon.org\/wp-content\/uploads\/2016\/02\/mini-logo-header-site2.jpg","contentUrl":"https:\/\/freddymorezon.org\/wp-content\/uploads\/2016\/02\/mini-logo-header-site2.jpg","width":234,"height":174,"caption":"Association Freddy Morezon"},"image":{"@id":"https:\/\/freddymorezon.org\/#\/schema\/logo\/image\/"},"sameAs":["https:\/\/www.facebook.com\/freddy.morezon\/","https:\/\/www.instagram.com\/freddymorezon\/","https:\/\/www.youtube.com\/user\/freddymorezon","https:\/\/fr.linkedin.com\/company\/freddy-morezon-p.r.o.d."]}]}},"_links":{"self":[{"href":"https:\/\/freddymorezon.org\/en\/wp-json\/wp\/v2\/pages\/11808","targetHints":{"allow":["GET"]}}],"collection":[{"href":"https:\/\/freddymorezon.org\/en\/wp-json\/wp\/v2\/pages"}],"about":[{"href":"https:\/\/freddymorezon.org\/en\/wp-json\/wp\/v2\/types\/page"}],"author":[{"embeddable":true,"href":"https:\/\/freddymorezon.org\/en\/wp-json\/wp\/v2\/users\/1"}],"replies":[{"embeddable":true,"href":"https:\/\/freddymorezon.org\/en\/wp-json\/wp\/v2\/comments?post=11808"}],"version-history":[{"count":11,"href":"https:\/\/freddymorezon.org\/en\/wp-json\/wp\/v2\/pages\/11808\/revisions"}],"predecessor-version":[{"id":23133,"href":"https:\/\/freddymorezon.org\/en\/wp-json\/wp\/v2\/pages\/11808\/revisions\/23133"}],"up":[{"embeddable":true,"href":"https:\/\/freddymorezon.org\/en\/wp-json\/wp\/v2\/pages\/11780"}],"wp:attachment":[{"href":"https:\/\/freddymorezon.org\/en\/wp-json\/wp\/v2\/media?parent=11808"}],"wp:term":[{"taxonomy":"category","embeddable":true,"href":"https:\/\/freddymorezon.org\/en\/wp-json\/wp\/v2\/categories?post=11808"},{"taxonomy":"post_tag","embeddable":true,"href":"https:\/\/freddymorezon.org\/en\/wp-json\/wp\/v2\/tags?post=11808"}],"curies":[{"name":"wp","href":"https:\/\/api.w.org\/{rel}","templated":true}]}}