
{"id":11937,"date":"2021-06-30T14:42:05","date_gmt":"2021-06-30T13:42:05","guid":{"rendered":"https:\/\/freddymorezon.org\/?page_id=11937"},"modified":"2025-06-10T11:46:42","modified_gmt":"2025-06-10T09:46:42","slug":"agenda-bek","status":"publish","type":"page","link":"https:\/\/freddymorezon.org\/en\/catalogue\/bek\/agenda-bek\/","title":{"rendered":"Agenda &#8211; BEK"},"content":{"rendered":"<div id=\"pl-11937\"  class=\"panel-layout\" ><div id=\"pg-11937-0\"  class=\"panel-grid panel-no-style\" ><div id=\"pgc-11937-0-0\"  class=\"panel-grid-cell\" ><div id=\"panel-11937-0-0-0\" class=\"so-panel widget widget_sow-editor panel-first-child panel-last-child\" data-index=\"0\" ><div\n\t\t\t\n\t\t\tclass=\"so-widget-sow-editor so-widget-sow-editor-base\"\n\t\t\t\n\t\t>\n<div class=\"siteorigin-widget-tinymce textwidget\">\n\t<h3>Tour dates<\/h3>\n<h2 class=\"agenda-par-groupe\">BEK<\/h2>\n<p><i class=\"fa fa-chevron-left fa-2x\"><\/i> <a href=\"https:\/\/freddymorezon.org\/projets\/bek\/\">back to BEK page<\/a><\/p>\n<\/div>\n<\/div><\/div><\/div><\/div><div id=\"pg-11937-1\"  class=\"panel-grid panel-no-style\" ><div id=\"pgc-11937-1-0\"  class=\"panel-grid-cell panel-grid-cell-empty\" ><\/div><div id=\"pgc-11937-1-1\"  class=\"panel-grid-cell panel-grid-cell-mobile-last\" ><div id=\"panel-11937-1-1-0\" class=\"so-panel widget widget_sow-headline panel-first-child panel-last-child\" data-index=\"1\" ><div\n\t\t\t\n\t\t\tclass=\"so-widget-sow-headline so-widget-sow-headline-default-809c6ba63723-11937\"\n\t\t\t\n\t\t><div class=\"sow-headline-container \">\n\t\t\t\t\t\t\t<h3 class=\"sow-headline\">\n\t\t\t\t\t\tShows to come\t\t\t\t\t\t<\/h3>\n\t\t\t\t\t\t<\/div>\n<\/div><\/div><\/div><div id=\"pgc-11937-1-2\"  class=\"panel-grid-cell panel-grid-cell-empty\" ><\/div><\/div><div id=\"pg-11937-2\"  class=\"panel-grid panel-no-style\" ><div id=\"pgc-11937-2-0\"  class=\"panel-grid-cell panel-grid-cell-empty\" ><\/div><div id=\"pgc-11937-2-1\"  class=\"panel-grid-cell panel-grid-cell-mobile-last\" ><div id=\"panel-11937-2-1-0\" class=\"so-panel widget widget_eo_event_list_widget EO_Event_List_Widget panel-first-child panel-last-child\" data-index=\"2\" >\n\n<\/div><\/div><div id=\"pgc-11937-2-2\"  class=\"panel-grid-cell panel-grid-cell-empty\" ><\/div><\/div><div id=\"pg-11937-3\"  class=\"panel-grid panel-no-style\" ><div id=\"pgc-11937-3-0\"  class=\"panel-grid-cell panel-grid-cell-empty\" ><\/div><div id=\"pgc-11937-3-1\"  class=\"panel-grid-cell panel-grid-cell-mobile-last\" ><div id=\"panel-11937-3-1-0\" class=\"so-panel widget widget_sow-headline panel-first-child panel-last-child\" data-index=\"3\" ><div\n\t\t\t\n\t\t\tclass=\"so-widget-sow-headline so-widget-sow-headline-default-809c6ba63723-11937\"\n\t\t\t\n\t\t><div class=\"sow-headline-container \">\n\t\t\t\t\t\t\t<h3 class=\"sow-headline\">\n\t\t\t\t\t\tPast shows\t\t\t\t\t\t<\/h3>\n\t\t\t\t\t\t<\/div>\n<\/div><\/div><\/div><div id=\"pgc-11937-3-2\"  class=\"panel-grid-cell panel-grid-cell-empty\" ><\/div><\/div><div id=\"pg-11937-4\"  class=\"panel-grid panel-no-style\" ><div id=\"pgc-11937-4-0\"  class=\"panel-grid-cell panel-grid-cell-empty\" ><\/div><div id=\"pgc-11937-4-1\"  class=\"panel-grid-cell panel-grid-cell-mobile-last\" ><div id=\"panel-11937-4-1-0\" class=\"so-panel widget widget_eo_event_list_widget EO_Event_List_Widget panel-first-child panel-last-child\" data-index=\"4\" ><div class=\"dates-passees panel-widget-style panel-widget-style-for-11937-4-1-0\" ><ul  class=\"eo-events eo-events-widget\"><li class=\"eo-event-venue-maison-des-associations-espace-niel eo-event-cat-bek eo-event-cat-betty-hovette eo-event-past\"><div class=\"date\"> <div class=\"jour\"> 10 <\/div> <div class=\"mois\">Nov <\/div> <div class=\"annee\">2022 <\/div> <\/div> <div class=\"contenu-date\"> <h4 class=\"titre\">BEK - <\/h4> <div class=\"detail\"> <span class=\"lieu\">Maison des associations - Espace Niel, <\/span><!-- \/.lieu --> - <span   class=\"heure\"> 19:00<\/span><!-- \/.heure --><br> <span class=\"extrait\">3 place Guy Hersant, Toulouse \/ Performance de sortie de r\u00e9sidence<\/span><!-- \/.extrait --><br> <\/div>\t<!-- \/.detail --> <\/div> <!-- \/.contenu-date --><\/li><li class=\"eo-event-venue-lusine-theatre eo-event-cat-bek eo-event-cat-betty-hovette eo-event-past\"><div class=\"date\"> <div class=\"jour\"> 11 <\/div> <div class=\"mois\">Jun <\/div> <div class=\"annee\">2021 <\/div> <\/div> <div class=\"contenu-date\"> <h4 class=\"titre\">BEK - <\/h4> <div class=\"detail\"> <span class=\"lieu\">L'Usine Th\u00e9\u00e2tre, Maz\u00e8res-Sur-Salat<\/span><!-- \/.lieu --> - <span   class=\"heure\"> 20:00<\/span><!-- \/.heure --><br> <span class=\"extrait\"><a href=\"http:\/\/lusinetheatre.wifeo.com\/#1123\" target=\"_blank\" title=\"+ d'infos\" alt=\"+ d'infos\" rel=\"noopener noreferrer\"><i class=\"fa fa-plus-square\"><\/i><\/a><\/span><!-- \/.extrait --><br> <\/div>\t<!-- \/.detail --> <\/div> <!-- \/.contenu-date --><\/li><li class=\"eo-event-venue-lieu-multiple eo-event-cat-bek eo-event-cat-betty-hovette eo-event-past eo-all-day\"><div class=\"date\"> <div class=\"jour\"> 04<\/div> <div class=\"mois\">Dec<\/div> <div class=\"annee\">2019<\/div> <\/div> <div class=\"contenu-date\"> <h4 class=\"titre\">BEK - <\/h4> <div class=\"detail\"> <span class=\"lieu\">Lieu Multiple, Poitiers<\/span><!-- \/.lieu --> - <span   class=\"heure\"><\/span><!-- \/.heure --><br> <span class=\"extrait\">sortie de r\u00e9sidence &#45; <a href=\"https:\/\/lieumultiple.org\/10424\/bek-fra\/\" title=\"+ d'infos\" alt=\"+ d'infos\" target=\"_blank\" rel=\"noopener noreferrer\"><i class=\"fa fa-plus-square\"><\/i><\/a> <a href=\"https:\/\/www.facebook.com\/events\/2590881694294415\/\" target=\"_blank\" title=\"\u00e9v\u00e9nement facebook\" alt=\"\u00e9v\u00e9nement facebook\" rel=\"noopener noreferrer\"><i class=\"fa fa-facebook\"><\/i><\/a><\/span><!-- \/.extrait --><br> <\/div>\t<!-- \/.detail --> <\/div> <!-- \/.contenu-date --><\/li><li class=\"eo-event-venue-jazz-a-luz eo-event-cat-bek eo-event-cat-betty-hovette eo-event-past eo-all-day\"><div class=\"date\"> <div class=\"jour\"> 14<\/div> <div class=\"mois\">Jul<\/div> <div class=\"annee\">2018<\/div> <\/div> <div class=\"contenu-date\"> <h4 class=\"titre\">BEK - <\/h4> <div class=\"detail\"> <span class=\"lieu\">Jazz \u00e0 Luz, Luz-Saint-Sauveur<\/span><!-- \/.lieu --> - <span   class=\"heure\"><\/span><!-- \/.heure --><br> <span class=\"extrait\"><\/span><!-- \/.extrait --><br> <\/div>\t<!-- \/.detail --> <\/div> <!-- \/.contenu-date --><\/li><li class=\"eo-event-venue-le-taquin eo-event-cat-bek eo-event-cat-betty-hovette eo-event-cat-christine-wodrascka eo-event-cat-freddy-taquine eo-event-cat-nos-evenements eo-event-past eo-all-day\"><div class=\"date\"> <div class=\"jour\"> 01<\/div> <div class=\"mois\">Apr<\/div> <div class=\"annee\">2018<\/div> <\/div> <div class=\"contenu-date\"> <h4 class=\"titre\">Freddy Taquine du bout des doigts - <\/h4> <div class=\"detail\"> <span class=\"lieu\">Le Taquin, Toulouse<\/span><!-- \/.lieu --> - <span   class=\"heure\"><\/span><!-- \/.heure --><br> <span class=\"extrait\">Duo Christine Wodrascka (piano) \/ J\u00e9r\u00f4me Lacoste (percussions) + trio \"BEK\" (Betty Hovette - piano \/ \u00c9milie Mousset - \u00e9lectroacoustique \/ Karine Sancerry - peinture) - <a href=\"https:\/\/www.le-taquin.fr\/programmation\/freddy-taquine-bout-des-doigts\" target=\"_blank\" title=\"+ d'infos\" alt=\"+ d'infos\" rel=\"noopener noreferrer\"><i class=\"fa fa-plus-square\"><\/i><\/a> <a href=\"https:\/\/www.facebook.com\/events\/196652914271543\/\" target=\"_blank\" title=\"\u00e9v\u00e9nement facebook\" alt=\"\u00e9v\u00e9nement facebook\" rel=\"noopener noreferrer\"><i class=\"fa fa-facebook\"><\/i><\/a> <a href=\"https:\/\/le-taquin.festik.net\/freddy-taquinedu-bout-des-doigts\/1\" target=\"_blank\" title=\"billeterie\" alt=\"billeterie\" rel=\"noopener noreferrer\"><i class=\"fa fa-ticket\"><\/i><\/a> <\/span><!-- \/.extrait --><br> <\/div>\t<!-- \/.detail --> <\/div> <!-- \/.contenu-date --><\/li><\/ul><\/div><\/div><\/div><div id=\"pgc-11937-4-2\"  class=\"panel-grid-cell panel-grid-cell-empty\" ><\/div><\/div><\/div>","protected":false},"excerpt":{"rendered":"<p>Tour dates BEK back to BEK page<\/p>\n","protected":false},"author":1,"featured_media":0,"parent":5666,"menu_order":0,"comment_status":"closed","ping_status":"closed","template":"page-templates\/full-width.php","meta":{"om_disable_all_campaigns":false,"_monsterinsights_skip_tracking":false,"_monsterinsights_sitenote_active":false,"_monsterinsights_sitenote_note":"","_monsterinsights_sitenote_category":0,"_uf_show_specific_survey":0,"_uf_disable_surveys":false,"footnotes":""},"categories":[],"tags":[],"class_list":["post-11937","page","type-page","status-publish","hentry"],"aioseo_notices":[],"yoast_head":"<!-- This site is optimized with the Yoast SEO plugin v27.3 - https:\/\/yoast.com\/product\/yoast-seo-wordpress\/ -->\n<title>Agenda - BEK | Freddy Morezon<\/title>\n<meta name=\"robots\" content=\"index, follow, max-snippet:-1, max-image-preview:large, max-video-preview:-1\" \/>\n<link rel=\"canonical\" href=\"https:\/\/freddymorezon.org\/catalogue\/bek\/agenda-bek\/\" \/>\n<meta property=\"og:locale\" content=\"en_US\" \/>\n<meta property=\"og:type\" content=\"article\" \/>\n<meta property=\"og:title\" content=\"Agenda - BEK | Freddy Morezon\" \/>\n<meta property=\"og:description\" content=\"Tour dates BEK back to BEK page\" \/>\n<meta property=\"og:url\" content=\"https:\/\/freddymorezon.org\/catalogue\/bek\/agenda-bek\/\" \/>\n<meta property=\"og:site_name\" content=\"Freddy Morezon\" \/>\n<meta property=\"article:publisher\" content=\"https:\/\/www.facebook.com\/freddy.morezon\/\" \/>\n<meta property=\"article:modified_time\" content=\"2025-06-10T09:46:42+00:00\" \/>\n<meta property=\"og:image\" content=\"https:\/\/freddymorezon.org\/wp-content\/uploads\/2016\/02\/mini-logo-header-site2.jpg\" \/>\n\t<meta property=\"og:image:width\" content=\"234\" \/>\n\t<meta property=\"og:image:height\" content=\"174\" \/>\n\t<meta property=\"og:image:type\" content=\"image\/jpeg\" \/>\n<meta name=\"twitter:card\" content=\"summary_large_image\" \/>\n<script type=\"application\/ld+json\" class=\"yoast-schema-graph\">{\"@context\":\"https:\\\/\\\/schema.org\",\"@graph\":[{\"@type\":\"WebPage\",\"@id\":\"https:\\\/\\\/freddymorezon.org\\\/catalogue\\\/bek\\\/agenda-bek\\\/\",\"url\":\"https:\\\/\\\/freddymorezon.org\\\/catalogue\\\/bek\\\/agenda-bek\\\/\",\"name\":\"Agenda - BEK | Freddy Morezon\",\"isPartOf\":{\"@id\":\"https:\\\/\\\/freddymorezon.org\\\/#website\"},\"datePublished\":\"2021-06-30T13:42:05+00:00\",\"dateModified\":\"2025-06-10T09:46:42+00:00\",\"breadcrumb\":{\"@id\":\"https:\\\/\\\/freddymorezon.org\\\/catalogue\\\/bek\\\/agenda-bek\\\/#breadcrumb\"},\"inLanguage\":\"en-US\",\"potentialAction\":[{\"@type\":\"ReadAction\",\"target\":[\"https:\\\/\\\/freddymorezon.org\\\/catalogue\\\/bek\\\/agenda-bek\\\/\"]}]},{\"@type\":\"BreadcrumbList\",\"@id\":\"https:\\\/\\\/freddymorezon.org\\\/catalogue\\\/bek\\\/agenda-bek\\\/#breadcrumb\",\"itemListElement\":[{\"@type\":\"ListItem\",\"position\":1,\"name\":\"Accueil\",\"item\":\"https:\\\/\\\/freddymorezon.org\\\/\"},{\"@type\":\"ListItem\",\"position\":2,\"name\":\"Catalogue\",\"item\":\"https:\\\/\\\/freddymorezon.org\\\/catalogue\\\/\"},{\"@type\":\"ListItem\",\"position\":3,\"name\":\"BEK\",\"item\":\"https:\\\/\\\/freddymorezon.org\\\/catalogue\\\/bek\\\/\"},{\"@type\":\"ListItem\",\"position\":4,\"name\":\"Agenda &#8211; BEK\"}]},{\"@type\":\"WebSite\",\"@id\":\"https:\\\/\\\/freddymorezon.org\\\/#website\",\"url\":\"https:\\\/\\\/freddymorezon.org\\\/\",\"name\":\"Freddy Morezon\",\"description\":\"jazz - musique improvis\u00e9e - esth\u00e9tiques plurielles\",\"publisher\":{\"@id\":\"https:\\\/\\\/freddymorezon.org\\\/#organization\"},\"potentialAction\":[{\"@type\":\"SearchAction\",\"target\":{\"@type\":\"EntryPoint\",\"urlTemplate\":\"https:\\\/\\\/freddymorezon.org\\\/?s={search_term_string}\"},\"query-input\":{\"@type\":\"PropertyValueSpecification\",\"valueRequired\":true,\"valueName\":\"search_term_string\"}}],\"inLanguage\":\"en-US\"},{\"@type\":\"Organization\",\"@id\":\"https:\\\/\\\/freddymorezon.org\\\/#organization\",\"name\":\"Association Freddy Morezon\",\"url\":\"https:\\\/\\\/freddymorezon.org\\\/\",\"logo\":{\"@type\":\"ImageObject\",\"inLanguage\":\"en-US\",\"@id\":\"https:\\\/\\\/freddymorezon.org\\\/#\\\/schema\\\/logo\\\/image\\\/\",\"url\":\"https:\\\/\\\/freddymorezon.org\\\/wp-content\\\/uploads\\\/2016\\\/02\\\/mini-logo-header-site2.jpg\",\"contentUrl\":\"https:\\\/\\\/freddymorezon.org\\\/wp-content\\\/uploads\\\/2016\\\/02\\\/mini-logo-header-site2.jpg\",\"width\":234,\"height\":174,\"caption\":\"Association Freddy Morezon\"},\"image\":{\"@id\":\"https:\\\/\\\/freddymorezon.org\\\/#\\\/schema\\\/logo\\\/image\\\/\"},\"sameAs\":[\"https:\\\/\\\/www.facebook.com\\\/freddy.morezon\\\/\",\"https:\\\/\\\/www.instagram.com\\\/freddymorezon\\\/\",\"https:\\\/\\\/www.youtube.com\\\/user\\\/freddymorezon\",\"https:\\\/\\\/fr.linkedin.com\\\/company\\\/freddy-morezon-p.r.o.d.\"]}]}<\/script>\n<!-- \/ Yoast SEO plugin. -->","yoast_head_json":{"title":"Agenda - BEK | Freddy Morezon","robots":{"index":"index","follow":"follow","max-snippet":"max-snippet:-1","max-image-preview":"max-image-preview:large","max-video-preview":"max-video-preview:-1"},"canonical":"https:\/\/freddymorezon.org\/catalogue\/bek\/agenda-bek\/","og_locale":"en_US","og_type":"article","og_title":"Agenda - BEK | Freddy Morezon","og_description":"Tour dates BEK back to BEK page","og_url":"https:\/\/freddymorezon.org\/catalogue\/bek\/agenda-bek\/","og_site_name":"Freddy Morezon","article_publisher":"https:\/\/www.facebook.com\/freddy.morezon\/","article_modified_time":"2025-06-10T09:46:42+00:00","og_image":[{"width":234,"height":174,"url":"https:\/\/freddymorezon.org\/wp-content\/uploads\/2016\/02\/mini-logo-header-site2.jpg","type":"image\/jpeg"}],"twitter_card":"summary_large_image","schema":{"@context":"https:\/\/schema.org","@graph":[{"@type":"WebPage","@id":"https:\/\/freddymorezon.org\/catalogue\/bek\/agenda-bek\/","url":"https:\/\/freddymorezon.org\/catalogue\/bek\/agenda-bek\/","name":"Agenda - BEK | Freddy Morezon","isPartOf":{"@id":"https:\/\/freddymorezon.org\/#website"},"datePublished":"2021-06-30T13:42:05+00:00","dateModified":"2025-06-10T09:46:42+00:00","breadcrumb":{"@id":"https:\/\/freddymorezon.org\/catalogue\/bek\/agenda-bek\/#breadcrumb"},"inLanguage":"en-US","potentialAction":[{"@type":"ReadAction","target":["https:\/\/freddymorezon.org\/catalogue\/bek\/agenda-bek\/"]}]},{"@type":"BreadcrumbList","@id":"https:\/\/freddymorezon.org\/catalogue\/bek\/agenda-bek\/#breadcrumb","itemListElement":[{"@type":"ListItem","position":1,"name":"Accueil","item":"https:\/\/freddymorezon.org\/"},{"@type":"ListItem","position":2,"name":"Catalogue","item":"https:\/\/freddymorezon.org\/catalogue\/"},{"@type":"ListItem","position":3,"name":"BEK","item":"https:\/\/freddymorezon.org\/catalogue\/bek\/"},{"@type":"ListItem","position":4,"name":"Agenda &#8211; BEK"}]},{"@type":"WebSite","@id":"https:\/\/freddymorezon.org\/#website","url":"https:\/\/freddymorezon.org\/","name":"Freddy Morezon","description":"jazz - musique improvis\u00e9e - esth\u00e9tiques plurielles","publisher":{"@id":"https:\/\/freddymorezon.org\/#organization"},"potentialAction":[{"@type":"SearchAction","target":{"@type":"EntryPoint","urlTemplate":"https:\/\/freddymorezon.org\/?s={search_term_string}"},"query-input":{"@type":"PropertyValueSpecification","valueRequired":true,"valueName":"search_term_string"}}],"inLanguage":"en-US"},{"@type":"Organization","@id":"https:\/\/freddymorezon.org\/#organization","name":"Association Freddy Morezon","url":"https:\/\/freddymorezon.org\/","logo":{"@type":"ImageObject","inLanguage":"en-US","@id":"https:\/\/freddymorezon.org\/#\/schema\/logo\/image\/","url":"https:\/\/freddymorezon.org\/wp-content\/uploads\/2016\/02\/mini-logo-header-site2.jpg","contentUrl":"https:\/\/freddymorezon.org\/wp-content\/uploads\/2016\/02\/mini-logo-header-site2.jpg","width":234,"height":174,"caption":"Association Freddy Morezon"},"image":{"@id":"https:\/\/freddymorezon.org\/#\/schema\/logo\/image\/"},"sameAs":["https:\/\/www.facebook.com\/freddy.morezon\/","https:\/\/www.instagram.com\/freddymorezon\/","https:\/\/www.youtube.com\/user\/freddymorezon","https:\/\/fr.linkedin.com\/company\/freddy-morezon-p.r.o.d."]}]}},"_links":{"self":[{"href":"https:\/\/freddymorezon.org\/en\/wp-json\/wp\/v2\/pages\/11937","targetHints":{"allow":["GET"]}}],"collection":[{"href":"https:\/\/freddymorezon.org\/en\/wp-json\/wp\/v2\/pages"}],"about":[{"href":"https:\/\/freddymorezon.org\/en\/wp-json\/wp\/v2\/types\/page"}],"author":[{"embeddable":true,"href":"https:\/\/freddymorezon.org\/en\/wp-json\/wp\/v2\/users\/1"}],"replies":[{"embeddable":true,"href":"https:\/\/freddymorezon.org\/en\/wp-json\/wp\/v2\/comments?post=11937"}],"version-history":[{"count":10,"href":"https:\/\/freddymorezon.org\/en\/wp-json\/wp\/v2\/pages\/11937\/revisions"}],"predecessor-version":[{"id":23120,"href":"https:\/\/freddymorezon.org\/en\/wp-json\/wp\/v2\/pages\/11937\/revisions\/23120"}],"up":[{"embeddable":true,"href":"https:\/\/freddymorezon.org\/en\/wp-json\/wp\/v2\/pages\/5666"}],"wp:attachment":[{"href":"https:\/\/freddymorezon.org\/en\/wp-json\/wp\/v2\/media?parent=11937"}],"wp:term":[{"taxonomy":"category","embeddable":true,"href":"https:\/\/freddymorezon.org\/en\/wp-json\/wp\/v2\/categories?post=11937"},{"taxonomy":"post_tag","embeddable":true,"href":"https:\/\/freddymorezon.org\/en\/wp-json\/wp\/v2\/tags?post=11937"}],"curies":[{"name":"wp","href":"https:\/\/api.w.org\/{rel}","templated":true}]}}