
{"id":11988,"date":"2021-07-01T09:44:03","date_gmt":"2021-07-01T08:44:03","guid":{"rendered":"https:\/\/freddymorezon.org\/?page_id=11988"},"modified":"2026-04-08T10:10:03","modified_gmt":"2026-04-08T08:10:03","slug":"granit-lip","status":"publish","type":"page","link":"https:\/\/freddymorezon.org\/en\/catalogue\/granit-lip\/","title":{"rendered":"Granit Lip"},"content":{"rendered":"<div id=\"pl-11988\"  class=\"panel-layout\" ><div id=\"pg-11988-0\"  class=\"panel-grid panel-no-style\" ><div id=\"pgc-11988-0-0\"  class=\"panel-grid-cell\" ><div id=\"panel-11988-0-0-0\" class=\"so-panel widget widget_eo_event_list_widget EO_Event_List_Widget panel-first-child\" data-index=\"0\" >\n\n<\/div><div id=\"panel-11988-0-0-1\" class=\"so-panel widget widget_sow-button\" data-index=\"1\" ><div\n\t\t\t\n\t\t\tclass=\"so-widget-sow-button so-widget-sow-button-flat-5192bebda948-11988\"\n\t\t\t\n\t\t><div class=\"ow-button-base ow-button-align-center\"\n>\n\t\t\t<a\n\t\t\t\t\thref=\"https:\/\/freddymorezon.org\/projets\/foret\/agenda-granit-lip\/\"\n\t\t\t\t\tclass=\"sowb-button ow-icon-placement-left ow-button-hover\" \t>\n\t\t<span>\n\t\t\t\n\t\t\tView all tour dates\t\t<\/span>\n\t\t\t<\/a>\n\t<\/div>\n<\/div><\/div><div id=\"panel-11988-0-0-2\" class=\"so-panel widget widget_sow-headline\" data-index=\"2\" ><div\n\t\t\t\n\t\t\tclass=\"so-widget-sow-headline so-widget-sow-headline-default-28ce8d53df77-11988\"\n\t\t\t\n\t\t><div class=\"sow-headline-container \">\n\t\t\t\t\t\t<div class=\"decoration\">\n\t\t\t\t\t\t<div class=\"decoration-inside\"><\/div>\n\t\t\t\t\t<\/div>\n\t\t\t\t\t<\/div>\n<\/div><\/div><div id=\"panel-11988-0-0-3\" class=\"so-panel widget widget_sow-editor\" data-index=\"3\" ><div\n\t\t\t\n\t\t\tclass=\"so-widget-sow-editor so-widget-sow-editor-base\"\n\t\t\t\n\t\t>\n<div class=\"siteorigin-widget-tinymce textwidget\">\n\t<h3>listen<\/h3>\n<div class=\"sidebar-player\">\n<iframe style=\"border: 0; width: 100%; height: 200px;\" src=\"https:\/\/bandcamp.com\/EmbeddedPlayer\/album=2513517149\/size=large\/bgcol=ffffff\/linkcol=de270f\/artwork=none\/transparent=true\/\" seamless><a href=\"https:\/\/mrmorezon.bandcamp.com\/album\/granit-lip\">Granit Lip<\/a><\/iframe><\/div>\n<\/div>\n<\/div><\/div><div id=\"panel-11988-0-0-4\" class=\"so-panel widget widget_sow-editor\" data-index=\"4\" ><div\n\t\t\t\n\t\t\tclass=\"so-widget-sow-editor so-widget-sow-editor-base\"\n\t\t\t\n\t\t>\n<div class=\"siteorigin-widget-tinymce textwidget\">\n\t<h3>Line-up<\/h3>\n<p><strong>Nicolas Lafourest<\/strong> : electric guitar<br \/>\n<strong>Marc D\u00e9mereau<\/strong> : saxophone baryton<\/p>\n<\/div>\n<\/div><\/div><div id=\"panel-11988-0-0-5\" class=\"so-panel widget widget_sow-headline\" data-index=\"5\" ><div\n\t\t\t\n\t\t\tclass=\"so-widget-sow-headline so-widget-sow-headline-default-28ce8d53df77-11988\"\n\t\t\t\n\t\t><div class=\"sow-headline-container \">\n\t\t\t\t\t\t<div class=\"decoration\">\n\t\t\t\t\t\t<div class=\"decoration-inside\"><\/div>\n\t\t\t\t\t<\/div>\n\t\t\t\t\t<\/div>\n<\/div><\/div><div id=\"panel-11988-0-0-6\" class=\"so-panel widget widget_sow-editor\" data-index=\"6\" ><div\n\t\t\t\n\t\t\tclass=\"so-widget-sow-editor so-widget-sow-editor-base\"\n\t\t\t\n\t\t>\n<div class=\"siteorigin-widget-tinymce textwidget\">\n\t<h3>Contact<\/h3>\n<p>Alexandra Cirotteau \/\/ alexandra@freddymorezon.org<\/p>\n<\/div>\n<\/div><\/div><div id=\"panel-11988-0-0-7\" class=\"so-panel widget widget_sow-headline\" data-index=\"7\" ><div\n\t\t\t\n\t\t\tclass=\"so-widget-sow-headline so-widget-sow-headline-default-28ce8d53df77-11988\"\n\t\t\t\n\t\t><div class=\"sow-headline-container \">\n\t\t\t\t\t\t<div class=\"decoration\">\n\t\t\t\t\t\t<div class=\"decoration-inside\"><\/div>\n\t\t\t\t\t<\/div>\n\t\t\t\t\t<\/div>\n<\/div><\/div><div id=\"panel-11988-0-0-8\" class=\"so-panel widget widget_sow-editor panel-last-child\" data-index=\"8\" ><div\n\t\t\t\n\t\t\tclass=\"so-widget-sow-editor so-widget-sow-editor-base\"\n\t\t\t\n\t\t>\n<div class=\"siteorigin-widget-tinymce textwidget\">\n\t<h3>links<\/h3>\n<p><i class=\"fa fa-file-text-o fa-2x\"><\/i> <a title=\"consulter le dossier de pr\u00e9sentation\" href=\"https:\/\/freddymorezon.org\/packspro\/2022-granit-lip-dossier.pdf\" target=\"_blank\" rel=\"noopener noreferrer\">Presentation file (FR)<\/a><\/p>\n<p><i class=\"fa fa-folder fa-4x\"><\/i> <a title=\"pack pro\" href=\"https:\/\/fichiers.freddymorezon.org\/index.php\/s\/iN1xPWOPaHW8DRS\" target=\"_blank\" rel=\"noopener noreferrer\">Pack pro<\/a><\/p>\n<\/div>\n<\/div><\/div><\/div><div id=\"pgc-11988-0-1\"  class=\"panel-grid-cell\" ><div id=\"panel-11988-0-1-0\" class=\"so-panel widget widget_sow-editor panel-first-child\" data-index=\"9\" ><div\n\t\t\t\n\t\t\tclass=\"so-widget-sow-editor so-widget-sow-editor-base\"\n\t\t\t\n\t\t>\n<div class=\"siteorigin-widget-tinymce textwidget\">\n\t<h1>Granit Lip<\/h1>\n<h3>DUO NICOLAS LAFOUREST \u2013 MARC DEMEREAU<\/h3>\n<\/div>\n<\/div><\/div><div id=\"panel-11988-0-1-1\" class=\"so-panel widget widget_sow-image\" data-index=\"10\" ><div\n\t\t\t\n\t\t\tclass=\"so-widget-sow-image so-widget-sow-image-default-8b5b6f678277-11988\"\n\t\t\t\n\t\t>\n<div class=\"sow-image-container\">\n\t\t<img \n\tsrc=\"https:\/\/freddymorezon.org\/wp-content\/uploads\/2021\/07\/Granit-Lip-2-c-Claire-Thuries-1240x560.jpeg\" width=\"1240\" height=\"560\" sizes=\"(max-width: 1240px) 100vw, 1240px\" title=\"Granit Lip 2 (c) Claire Thuries\" alt=\"\" \t\tclass=\"so-widget-image\"\/>\n\t<\/div>\n\n<\/div><\/div><div id=\"panel-11988-0-1-2\" class=\"so-panel widget widget_sow-editor panel-last-child\" data-index=\"11\" ><div\n\t\t\t\n\t\t\tclass=\"so-widget-sow-editor so-widget-sow-editor-base\"\n\t\t\t\n\t\t>\n<div class=\"siteorigin-widget-tinymce textwidget\">\n\t<p class=\"copyright\" style=\"text-align: right;\">\u00a9 Claire Thuries<\/p>\n<div class=\"pt-cv-wrapper\">\n<div class=\"pt-cv-view pt-cv-scrollable pt-cv-colsys pt-cv-left pt-cv-sharp-buttons\" id=\"pt-cv-view-b938b104gq\">\n<div data-id=\"pt-cv-page-1\" class=\"pt-cv-page\" data-cvc=\"2\">\n<div id=\"6179f32m0w\" class=\"pt-cv-carousel pt-cv-slide\" data-ride=\"cvcarousel\" data-interval=false>\n<div class=\"carousel-inner\">\n<div class=\"item active\">\n<div class=\"row\">\n<div class=\"col-md-6 col-sm-6 col-xs-12 pt-cv-content-item pt-cv-1-col\"  data-pid=\"12553\">\n<div class=\"pt-cv-carousel-caption pt-cv-cap-wo-img\">\n<div class=\"pt-cv-content\">\n<p><iframe loading=\"lazy\" width=\"790\" height=\"444\" src=\"https:\/\/www.youtube.com\/embed\/40ZdBhOd_tg?feature=oembed\" frameborder=\"0\" allow=\"accelerometer; autoplay; clipboard-write; encrypted-media; gyroscope; picture-in-picture\" allowfullscreen><\/iframe><br \/>\n<em>[extrait] Granit Lip \/ Freddy Taquine &#8211; Le Taquin, Toulouse \/ 3 octobre 2021<\/em><\/p>\n<\/div>\n<\/div>\n<\/div>\n<div class=\"col-md-6 col-sm-6 col-xs-12 pt-cv-content-item pt-cv-1-col\"  data-pid=\"12233\">\n<div class=\"pt-cv-carousel-caption pt-cv-cap-wo-img\">\n<div class=\"pt-cv-content\">\n<p><iframe loading=\"lazy\" width=\"790\" height=\"593\" src=\"https:\/\/www.youtube.com\/embed\/qRiA--jCC_U?feature=oembed\" frameborder=\"0\" allow=\"accelerometer; autoplay; clipboard-write; encrypted-media; gyroscope; picture-in-picture\" allowfullscreen><\/iframe><br \/>\n<em>[extrait] Granit Lip \/ Forum des associations \/ Saint Girons septembre 2020<\/em><br \/>\nR\u00e9sidence de territoire \/ Art&#8217;Cade 20\/21<\/p>\n<\/div>\n<\/div>\n<\/div>\n<\/div>\n<\/div>\n<\/div>\n<\/div>\n<\/div>\n<\/div>\n<\/div>\n<style type=\"text\/css\" id=\"pt-cv-inline-style-e80980985v\">#pt-cv-view-b938b104gq.pt-cv-post-border .pt-cv-content-item   { border-top-style: solid; border-left-style: solid; }\n#pt-cv-view-b938b104gq .pt-cv-title a, #pt-cv-view-b938b104gq  .panel-title { font-weight: 600 !important; }\n#pt-cv-view-b938b104gq .pt-cv-specialp * { font-size: 13px !important; line-height: 1.3 !important; color: #fff !important; background-color: #CC3333 !important; }\n#pt-cv-view-b938b104gq .pt-cv-pficon  { color: #bbb !important; }\n#pt-cv-view-b938b104gq  .add_to_cart_button, #pt-cv-view-b938b104gq  .add_to_cart_button *   { color: #ffffff !important; background-color: #00aeef !important; }\n#pt-cv-view-b938b104gq  .woocommerce-onsale   { color: #ffffff !important; background-color: #ff5a5f !important; }\n#pt-cv-view-b938b104gq .pt-cv-readmore  { color: #ffffff !important; background-color: #00aeef !important; }\n#pt-cv-view-b938b104gq .pt-cv-readmore:hover  { color: #ffffff !important; background-color: #00aeef !important; }\n#pt-cv-view-b938b104gq  + .pt-cv-pagination-wrapper .pt-cv-more , #pt-cv-view-b938b104gq  + .pt-cv-pagination-wrapper .pagination .active a { color: #ffffff !important; background-color: #00aeef !important; }\n#pt-cv-view-b938b104gq .pt-cv-gls-header  { background-color: #00aeef !important; }\n#pt-cv-view-b938b104gq .pt-cv-tao  { font-size: 20px !important; line-height: 1.3 !important; color: #ffffff !important; background-color: #00aeef !important; }\n#pt-cv-view-b938b104gq { text-align: left; }<\/style>\n<p style=\"text-align: left;\">Nicolas Lafourest et Marc D\u00e9mereau ont, en pr\u00e8s de deux d\u00e9cennies, au sein du groupe Cannibales &amp; Vahin\u00e9s, pris le temps de faire un peu connaissance.<br \/>\nLes voil\u00e0 \u00e0 pr\u00e9sent en duo, avec quelques poils blancs dans la barbe, et comme une envie de passer un moment \u00e0 discuter, pos\u00e9ment, tr\u00e8s simplement, de l'\u00e9tranget\u00e9 du temps qui passe, des racines, de l'errance, du devenir...<br \/>\nEt au d\u00e9tour de ce calme dialogue passent peut-\u00eatre les ombres de figures du pass\u00e9, comme Johnny Cash, Am\u00e0lia Rodrigues ou David Bowie. Ou les r\u00e9miniscences d'autres voix, comme celles de P.J. Harvey, Tom Waits ou Nick Cave, qui continuent de r\u00e9sonner autour de nous. Quelques bribes d'Afrique, un vague mode \u00e9thiopien, sotto voce le d\u00e9chirement du free jazz...<br \/>\nEt surtout le poids impalpable de ce qui a \u00e9t\u00e9 v\u00e9cu, de ce qui se cherche toujours de beau, de modeste et de sinc\u00e8re, dans la vie comme dans la musique.<\/p>\n<\/div>\n<\/div><\/div><\/div><\/div><\/div>","protected":false},"excerpt":{"rendered":"<p>listen Granit Lip Line-up Nicolas Lafourest : electric guitar Marc D\u00e9mereau : saxophone baryton Contact Alexandra Cirotteau \/\/ alexandra@freddymorezon.org links Presentation file (FR) Pack pro Granit Lip DUO NICOLAS LAFOUREST \u2013 MARC DEMEREAU \u00a9 Claire Thuries Nicolas Lafourest et Marc D\u00e9mereau ont, en pr\u00e8s de deux d\u00e9cennies, au sein du groupe Cannibales &amp; Vahin\u00e9s, pris&hellip;<\/p>\n<p><a class=\"more-link\" href=\"https:\/\/freddymorezon.org\/en\/catalogue\/granit-lip\/\" title=\"Continue reading &lsquo;Granit Lip&rsquo;\">Continue reading <span class=\"meta-nav\">&rarr;<\/span><\/a><\/p>\n","protected":false},"author":1,"featured_media":11989,"parent":134,"menu_order":60,"comment_status":"closed","ping_status":"closed","template":"page-templates\/full-width.php","meta":{"om_disable_all_campaigns":false,"_monsterinsights_skip_tracking":false,"_monsterinsights_sitenote_active":false,"_monsterinsights_sitenote_note":"","_monsterinsights_sitenote_category":0,"_uf_show_specific_survey":0,"_uf_disable_surveys":false,"footnotes":""},"categories":[1074,1078,1300,932],"tags":[],"class_list":["post-11988","page","type-page","status-publish","has-post-thumbnail","hentry","category-marc-demereau","category-nicolas-lafourest","category-page-archives","category-projets"],"aioseo_notices":[],"yoast_head":"<!-- This site is optimized with the Yoast SEO plugin v27.4 - https:\/\/yoast.com\/product\/yoast-seo-wordpress\/ -->\n<title>Granit Lip | Freddy Morezon<\/title>\n<meta name=\"robots\" content=\"index, follow, max-snippet:-1, max-image-preview:large, max-video-preview:-1\" \/>\n<link rel=\"canonical\" href=\"https:\/\/freddymorezon.org\/catalogue\/granit-lip\/\" \/>\n<meta property=\"og:locale\" content=\"en_US\" \/>\n<meta property=\"og:type\" content=\"article\" \/>\n<meta property=\"og:title\" content=\"Granit Lip | Freddy Morezon\" \/>\n<meta property=\"og:description\" content=\"listen Granit Lip Line-up Nicolas Lafourest : electric guitar Marc D\u00e9mereau : saxophone baryton Contact Alexandra Cirotteau \/\/ alexandra@freddymorezon.org links Presentation file (FR) Pack pro Granit Lip DUO NICOLAS LAFOUREST \u2013 MARC DEMEREAU \u00a9 Claire Thuries Nicolas Lafourest et Marc D\u00e9mereau ont, en pr\u00e8s de deux d\u00e9cennies, au sein du groupe Cannibales &amp; Vahin\u00e9s, pris&hellip;Continue reading &rarr;\" \/>\n<meta property=\"og:url\" content=\"https:\/\/freddymorezon.org\/catalogue\/granit-lip\/\" \/>\n<meta property=\"og:site_name\" content=\"Freddy Morezon\" \/>\n<meta property=\"article:publisher\" content=\"https:\/\/www.facebook.com\/freddy.morezon\/\" \/>\n<meta property=\"article:modified_time\" content=\"2026-04-08T08:10:03+00:00\" \/>\n<meta property=\"og:image\" content=\"https:\/\/freddymorezon.org\/wp-content\/uploads\/2021\/07\/Granit-Lip.jpeg\" \/>\n\t<meta property=\"og:image:width\" content=\"2013\" \/>\n\t<meta property=\"og:image:height\" content=\"2516\" \/>\n\t<meta property=\"og:image:type\" content=\"image\/jpeg\" \/>\n<meta name=\"twitter:card\" content=\"summary_large_image\" \/>\n<script type=\"application\/ld+json\" class=\"yoast-schema-graph\">{\"@context\":\"https:\\\/\\\/schema.org\",\"@graph\":[{\"@type\":\"WebPage\",\"@id\":\"https:\\\/\\\/freddymorezon.org\\\/catalogue\\\/granit-lip\\\/\",\"url\":\"https:\\\/\\\/freddymorezon.org\\\/catalogue\\\/granit-lip\\\/\",\"name\":\"Granit Lip | Freddy Morezon\",\"isPartOf\":{\"@id\":\"https:\\\/\\\/freddymorezon.org\\\/#website\"},\"primaryImageOfPage\":{\"@id\":\"https:\\\/\\\/freddymorezon.org\\\/catalogue\\\/granit-lip\\\/#primaryimage\"},\"image\":{\"@id\":\"https:\\\/\\\/freddymorezon.org\\\/catalogue\\\/granit-lip\\\/#primaryimage\"},\"thumbnailUrl\":\"https:\\\/\\\/freddymorezon.org\\\/wp-content\\\/uploads\\\/2021\\\/07\\\/Granit-Lip.jpeg\",\"datePublished\":\"2021-07-01T08:44:03+00:00\",\"dateModified\":\"2026-04-08T08:10:03+00:00\",\"breadcrumb\":{\"@id\":\"https:\\\/\\\/freddymorezon.org\\\/catalogue\\\/granit-lip\\\/#breadcrumb\"},\"inLanguage\":\"en-US\",\"potentialAction\":[{\"@type\":\"ReadAction\",\"target\":[\"https:\\\/\\\/freddymorezon.org\\\/catalogue\\\/granit-lip\\\/\"]}]},{\"@type\":\"ImageObject\",\"inLanguage\":\"en-US\",\"@id\":\"https:\\\/\\\/freddymorezon.org\\\/catalogue\\\/granit-lip\\\/#primaryimage\",\"url\":\"https:\\\/\\\/freddymorezon.org\\\/wp-content\\\/uploads\\\/2021\\\/07\\\/Granit-Lip.jpeg\",\"contentUrl\":\"https:\\\/\\\/freddymorezon.org\\\/wp-content\\\/uploads\\\/2021\\\/07\\\/Granit-Lip.jpeg\",\"width\":2013,\"height\":2516},{\"@type\":\"BreadcrumbList\",\"@id\":\"https:\\\/\\\/freddymorezon.org\\\/catalogue\\\/granit-lip\\\/#breadcrumb\",\"itemListElement\":[{\"@type\":\"ListItem\",\"position\":1,\"name\":\"Accueil\",\"item\":\"https:\\\/\\\/freddymorezon.org\\\/\"},{\"@type\":\"ListItem\",\"position\":2,\"name\":\"Catalogue\",\"item\":\"https:\\\/\\\/freddymorezon.org\\\/catalogue\\\/\"},{\"@type\":\"ListItem\",\"position\":3,\"name\":\"Granit Lip\"}]},{\"@type\":\"WebSite\",\"@id\":\"https:\\\/\\\/freddymorezon.org\\\/#website\",\"url\":\"https:\\\/\\\/freddymorezon.org\\\/\",\"name\":\"Freddy Morezon\",\"description\":\"jazz - musique improvis\u00e9e - esth\u00e9tiques plurielles\",\"publisher\":{\"@id\":\"https:\\\/\\\/freddymorezon.org\\\/#organization\"},\"potentialAction\":[{\"@type\":\"SearchAction\",\"target\":{\"@type\":\"EntryPoint\",\"urlTemplate\":\"https:\\\/\\\/freddymorezon.org\\\/?s={search_term_string}\"},\"query-input\":{\"@type\":\"PropertyValueSpecification\",\"valueRequired\":true,\"valueName\":\"search_term_string\"}}],\"inLanguage\":\"en-US\"},{\"@type\":\"Organization\",\"@id\":\"https:\\\/\\\/freddymorezon.org\\\/#organization\",\"name\":\"Association Freddy Morezon\",\"url\":\"https:\\\/\\\/freddymorezon.org\\\/\",\"logo\":{\"@type\":\"ImageObject\",\"inLanguage\":\"en-US\",\"@id\":\"https:\\\/\\\/freddymorezon.org\\\/#\\\/schema\\\/logo\\\/image\\\/\",\"url\":\"https:\\\/\\\/freddymorezon.org\\\/wp-content\\\/uploads\\\/2016\\\/02\\\/mini-logo-header-site2.jpg\",\"contentUrl\":\"https:\\\/\\\/freddymorezon.org\\\/wp-content\\\/uploads\\\/2016\\\/02\\\/mini-logo-header-site2.jpg\",\"width\":234,\"height\":174,\"caption\":\"Association Freddy Morezon\"},\"image\":{\"@id\":\"https:\\\/\\\/freddymorezon.org\\\/#\\\/schema\\\/logo\\\/image\\\/\"},\"sameAs\":[\"https:\\\/\\\/www.facebook.com\\\/freddy.morezon\\\/\",\"https:\\\/\\\/www.instagram.com\\\/freddymorezon\\\/\",\"https:\\\/\\\/www.youtube.com\\\/user\\\/freddymorezon\",\"https:\\\/\\\/fr.linkedin.com\\\/company\\\/freddy-morezon-p.r.o.d.\"]}]}<\/script>\n<!-- \/ Yoast SEO plugin. -->","yoast_head_json":{"title":"Granit Lip | Freddy Morezon","robots":{"index":"index","follow":"follow","max-snippet":"max-snippet:-1","max-image-preview":"max-image-preview:large","max-video-preview":"max-video-preview:-1"},"canonical":"https:\/\/freddymorezon.org\/catalogue\/granit-lip\/","og_locale":"en_US","og_type":"article","og_title":"Granit Lip | Freddy Morezon","og_description":"listen Granit Lip Line-up Nicolas Lafourest : electric guitar Marc D\u00e9mereau : saxophone baryton Contact Alexandra Cirotteau \/\/ alexandra@freddymorezon.org links Presentation file (FR) Pack pro Granit Lip DUO NICOLAS LAFOUREST \u2013 MARC DEMEREAU \u00a9 Claire Thuries Nicolas Lafourest et Marc D\u00e9mereau ont, en pr\u00e8s de deux d\u00e9cennies, au sein du groupe Cannibales &amp; Vahin\u00e9s, pris&hellip;Continue reading &rarr;","og_url":"https:\/\/freddymorezon.org\/catalogue\/granit-lip\/","og_site_name":"Freddy Morezon","article_publisher":"https:\/\/www.facebook.com\/freddy.morezon\/","article_modified_time":"2026-04-08T08:10:03+00:00","og_image":[{"width":2013,"height":2516,"url":"https:\/\/freddymorezon.org\/wp-content\/uploads\/2021\/07\/Granit-Lip.jpeg","type":"image\/jpeg"}],"twitter_card":"summary_large_image","schema":{"@context":"https:\/\/schema.org","@graph":[{"@type":"WebPage","@id":"https:\/\/freddymorezon.org\/catalogue\/granit-lip\/","url":"https:\/\/freddymorezon.org\/catalogue\/granit-lip\/","name":"Granit Lip | Freddy Morezon","isPartOf":{"@id":"https:\/\/freddymorezon.org\/#website"},"primaryImageOfPage":{"@id":"https:\/\/freddymorezon.org\/catalogue\/granit-lip\/#primaryimage"},"image":{"@id":"https:\/\/freddymorezon.org\/catalogue\/granit-lip\/#primaryimage"},"thumbnailUrl":"https:\/\/freddymorezon.org\/wp-content\/uploads\/2021\/07\/Granit-Lip.jpeg","datePublished":"2021-07-01T08:44:03+00:00","dateModified":"2026-04-08T08:10:03+00:00","breadcrumb":{"@id":"https:\/\/freddymorezon.org\/catalogue\/granit-lip\/#breadcrumb"},"inLanguage":"en-US","potentialAction":[{"@type":"ReadAction","target":["https:\/\/freddymorezon.org\/catalogue\/granit-lip\/"]}]},{"@type":"ImageObject","inLanguage":"en-US","@id":"https:\/\/freddymorezon.org\/catalogue\/granit-lip\/#primaryimage","url":"https:\/\/freddymorezon.org\/wp-content\/uploads\/2021\/07\/Granit-Lip.jpeg","contentUrl":"https:\/\/freddymorezon.org\/wp-content\/uploads\/2021\/07\/Granit-Lip.jpeg","width":2013,"height":2516},{"@type":"BreadcrumbList","@id":"https:\/\/freddymorezon.org\/catalogue\/granit-lip\/#breadcrumb","itemListElement":[{"@type":"ListItem","position":1,"name":"Accueil","item":"https:\/\/freddymorezon.org\/"},{"@type":"ListItem","position":2,"name":"Catalogue","item":"https:\/\/freddymorezon.org\/catalogue\/"},{"@type":"ListItem","position":3,"name":"Granit Lip"}]},{"@type":"WebSite","@id":"https:\/\/freddymorezon.org\/#website","url":"https:\/\/freddymorezon.org\/","name":"Freddy Morezon","description":"jazz - musique improvis\u00e9e - esth\u00e9tiques plurielles","publisher":{"@id":"https:\/\/freddymorezon.org\/#organization"},"potentialAction":[{"@type":"SearchAction","target":{"@type":"EntryPoint","urlTemplate":"https:\/\/freddymorezon.org\/?s={search_term_string}"},"query-input":{"@type":"PropertyValueSpecification","valueRequired":true,"valueName":"search_term_string"}}],"inLanguage":"en-US"},{"@type":"Organization","@id":"https:\/\/freddymorezon.org\/#organization","name":"Association Freddy Morezon","url":"https:\/\/freddymorezon.org\/","logo":{"@type":"ImageObject","inLanguage":"en-US","@id":"https:\/\/freddymorezon.org\/#\/schema\/logo\/image\/","url":"https:\/\/freddymorezon.org\/wp-content\/uploads\/2016\/02\/mini-logo-header-site2.jpg","contentUrl":"https:\/\/freddymorezon.org\/wp-content\/uploads\/2016\/02\/mini-logo-header-site2.jpg","width":234,"height":174,"caption":"Association Freddy Morezon"},"image":{"@id":"https:\/\/freddymorezon.org\/#\/schema\/logo\/image\/"},"sameAs":["https:\/\/www.facebook.com\/freddy.morezon\/","https:\/\/www.instagram.com\/freddymorezon\/","https:\/\/www.youtube.com\/user\/freddymorezon","https:\/\/fr.linkedin.com\/company\/freddy-morezon-p.r.o.d."]}]}},"_links":{"self":[{"href":"https:\/\/freddymorezon.org\/en\/wp-json\/wp\/v2\/pages\/11988","targetHints":{"allow":["GET"]}}],"collection":[{"href":"https:\/\/freddymorezon.org\/en\/wp-json\/wp\/v2\/pages"}],"about":[{"href":"https:\/\/freddymorezon.org\/en\/wp-json\/wp\/v2\/types\/page"}],"author":[{"embeddable":true,"href":"https:\/\/freddymorezon.org\/en\/wp-json\/wp\/v2\/users\/1"}],"replies":[{"embeddable":true,"href":"https:\/\/freddymorezon.org\/en\/wp-json\/wp\/v2\/comments?post=11988"}],"version-history":[{"count":18,"href":"https:\/\/freddymorezon.org\/en\/wp-json\/wp\/v2\/pages\/11988\/revisions"}],"predecessor-version":[{"id":25279,"href":"https:\/\/freddymorezon.org\/en\/wp-json\/wp\/v2\/pages\/11988\/revisions\/25279"}],"up":[{"embeddable":true,"href":"https:\/\/freddymorezon.org\/en\/wp-json\/wp\/v2\/pages\/134"}],"wp:featuredmedia":[{"embeddable":true,"href":"https:\/\/freddymorezon.org\/en\/wp-json\/wp\/v2\/media\/11989"}],"wp:attachment":[{"href":"https:\/\/freddymorezon.org\/en\/wp-json\/wp\/v2\/media?parent=11988"}],"wp:term":[{"taxonomy":"category","embeddable":true,"href":"https:\/\/freddymorezon.org\/en\/wp-json\/wp\/v2\/categories?post=11988"},{"taxonomy":"post_tag","embeddable":true,"href":"https:\/\/freddymorezon.org\/en\/wp-json\/wp\/v2\/tags?post=11988"}],"curies":[{"name":"wp","href":"https:\/\/api.w.org\/{rel}","templated":true}]}}