
{"id":120,"date":"2016-02-04T16:22:20","date_gmt":"2016-02-04T15:22:20","guid":{"rendered":"https:\/\/freddymorezon.org\/?page_id=120"},"modified":"2024-09-20T13:40:59","modified_gmt":"2024-09-20T12:40:59","slug":"la-friture-moderne","status":"publish","type":"page","link":"https:\/\/freddymorezon.org\/en\/catalogue\/la-friture-moderne\/","title":{"rendered":"La Friture Moderne"},"content":{"rendered":"<div id=\"pl-120\"  class=\"panel-layout\" ><div id=\"pg-120-0\"  class=\"panel-grid panel-no-style\" ><div id=\"pgc-120-0-0\"  class=\"panel-grid-cell panel-grid-cell-empty\" ><\/div><div id=\"pgc-120-0-1\"  class=\"panel-grid-cell panel-grid-cell-mobile-last\" ><div id=\"panel-120-0-1-0\" class=\"so-panel widget widget_sow-editor panel-first-child\" data-index=\"0\" ><div\n\t\t\t\n\t\t\tclass=\"so-widget-sow-editor so-widget-sow-editor-base\"\n\t\t\t\n\t\t>\n<div class=\"siteorigin-widget-tinymce textwidget\">\n\t<h1>La Friture Moderne<\/h1>\n<\/div>\n<\/div><\/div><div id=\"panel-120-0-1-1\" class=\"so-panel widget widget_sow-image\" data-index=\"1\" ><div\n\t\t\t\n\t\t\tclass=\"so-widget-sow-image so-widget-sow-image-default-8b5b6f678277-120\"\n\t\t\t\n\t\t>\n<div class=\"sow-image-container\">\n\t\t<img \n\tsrc=\"https:\/\/freddymorezon.org\/wp-content\/uploads\/2016\/04\/3_La_Halle_aux_Grains_Toulouse_2014\u00a9Julien_Brandely.jpg\" width=\"960\" height=\"524\" srcset=\"https:\/\/freddymorezon.org\/wp-content\/uploads\/2016\/04\/3_La_Halle_aux_Grains_Toulouse_2014\u00a9Julien_Brandely.jpg 960w, https:\/\/freddymorezon.org\/wp-content\/uploads\/2016\/04\/3_La_Halle_aux_Grains_Toulouse_2014\u00a9Julien_Brandely-800x437.jpg 800w, https:\/\/freddymorezon.org\/wp-content\/uploads\/2016\/04\/3_La_Halle_aux_Grains_Toulouse_2014\u00a9Julien_Brandely-400x218.jpg 400w\" sizes=\"(max-width: 960px) 100vw, 960px\" alt=\"La Friture Moderne - Jour de F\u00eate - Marc D\u00e9mereau, Beno\u00eet Cazamayou, Olivier Seiwert, Ruben Guiu, Guillaume Pique, Piero P\u00e9pin, Nathana\u00ebl Renoux, Pascal Portejoie, Fabien Duscombs, Mathieu Sourisseau\" \t\tclass=\"so-widget-image\"\/>\n\t<\/div>\n\n<\/div><\/div><div id=\"panel-120-0-1-2\" class=\"so-panel widget widget_sow-editor panel-last-child\" data-index=\"2\" ><div\n\t\t\t\n\t\t\tclass=\"so-widget-sow-editor so-widget-sow-editor-base\"\n\t\t\t\n\t\t>\n<div class=\"siteorigin-widget-tinymce textwidget\">\n\t<p class=\"copyright\">photo : &copy; Julien Brandely \/ illustration : &copy; Beno\u00eet Guillaume<\/p>\n<p>N\u00e9e \u00e0 Toulouse, le 21 juin 1997, sous la pluie, puis au fond des bistrots, La Friture Moderne poursuit depuis bient\u00f4t dix-huit ans ses aventures musicales. Elle a longuement explor\u00e9 sous tous ses aspects, dans la rue, dans les th\u00e9\u00e2tres, au fond des bois ou au bord d'une piscine o\u00f9 s\u2019\u00e9battaient des nageuses synchronis\u00e9es, les possibilit\u00e9s de la fanfare.<br \/>\nA travers bien des folies, elle a tent\u00e9 avec d\u00e9lectation d'en \u00e9carter les limites. Loin de la fanfare uniquement \u00ab festive \u00bb, elle a toujours donn\u00e9 \u00e0 entendre une musique portant un regard malin sur toutes sortes d'idiomes populaires.<\/p>\n<h2>Jour de F\u00eate <span class=\"h3\">(cr\u00e9ation 2014)<\/span><\/h2>\n<p>Son nouvel opus, \u00ab Jour de F\u00eate \u00bb, marque un tournant important. La \u00ab fanfare de luxe \u00bb abandonne cette appellation pour devenir un (petit) big band, un tentet, se produisant d\u00e9sormais sur sc\u00e8ne, dans une sc\u00e9nographie tr\u00e8s \u00e9vocatrice.<\/p>\n<p>Elle se pose aujourd'hui sur les planches avec une certaine classe, et interroge cette notion de \u00ab F\u00eate \u00bb.<\/p>\n<p>De f\u00eates ou de c\u00e9l\u00e9brations, de ces occasions o\u00f9 les gens s'assemblent pour vivre un moment particulier, il en est de toutes sortes, joyeuses souvent, mais aussi parfois graves, ou am\u00e8res, ou \u00e9nerv\u00e9es, cathartiques tr\u00e8s fr\u00e9quemment...<\/p>\n<p>C'est un peu tout \u00e7a qui est \u00e9voqu\u00e9, avec \u00e9nergie et tendresse.<\/p>\n<p>Il y a l\u00e0-dedans une foison de r\u00e9f\u00e9rences, de <em>Moonlight Fiesta<\/em> que jouait l'orchestre de Duke Ellington dans les ann\u00e9es trente, \u00e0 <em>Flee as a Bird<\/em>, splendide marche fun\u00e8bre de la Nouvelle Orl\u00e9ans.<\/p>\n<p>Toute une palette d'\u00e9motions est d\u00e9ploy\u00e9e, \u00e0 la fa\u00e7on cin\u00e9matographique d'un sc\u00e9nario \u00e0 imaginer par l'auditeur.<\/p>\n<p>Et d'ailleurs, une place importante est d\u00e9di\u00e9e au cin\u00e9ma, dans une longue suite qui propose une relecture tr\u00e8s fine de certaines musiques des films de Jacques Tati. <em>Mon Oncle<\/em>, <em>Jour de F\u00eate<\/em>, <em>Les Vacances de M. Hulot<\/em> ou <em>Playtime<\/em>, tant de m\u00e9lodies magnifiques que tout le monde conna\u00eet...<\/p>\n<p>Visuellement, l'orchestre travaille habilement sur l'imagerie du big band (pupitres armori\u00e9s, costumes, disposition...). On peut penser aux orchestres de Ray Ventura... <\/p>\n<p>Des interm\u00e8des rythment la soir\u00e9e, avec un d\u00e9tachement humoristique tr\u00e8s particulier.<\/p>\n<p>Des \u00e9clairages singuliers, sortes de d\u00e9tournement de la guirlande lumineuse, pouvant \u00e9voquer la guinguette populaire, mais aussi l'univers d'un David Lynch, posent des ambiances tr\u00e8s \u00e9vocatrices.<\/p>\n<p>La musique, quant \u00e0 elle, outre les sources cit\u00e9es plus haut, rend hommage \u00e0 certains grands directeurs d\u2019orchestres qui ont marqu\u00e9 ou marquent l'histoire: Willem Breuker, Carla Bley, Pino Minafra et bien d'autres...<\/p>\n<p>La classe, je vous dis.<\/p>\n<\/div>\n<\/div><\/div><\/div><div id=\"pgc-120-0-2\"  class=\"panel-grid-cell panel-grid-cell-empty\" ><\/div><\/div><\/div>","protected":false},"excerpt":{"rendered":"<p>La Friture Moderne photo : &copy; Julien Brandely \/ illustration : &copy; Beno\u00eet Guillaume N\u00e9e \u00e0 Toulouse, le 21 juin 1997, sous la pluie, puis au fond des bistrots, La Friture Moderne poursuit depuis bient\u00f4t dix-huit ans ses aventures musicales. Elle a longuement explor\u00e9 sous tous ses aspects, dans la rue, dans les th\u00e9\u00e2tres, au&hellip;<\/p>\n<p><a class=\"more-link\" href=\"https:\/\/freddymorezon.org\/en\/catalogue\/la-friture-moderne\/\" title=\"Continue reading &lsquo;La Friture Moderne&rsquo;\">Continue reading <span class=\"meta-nav\">&rarr;<\/span><\/a><\/p>\n","protected":false},"author":1,"featured_media":1414,"parent":134,"menu_order":0,"comment_status":"closed","ping_status":"closed","template":"page-templates\/full-width.php","meta":{"om_disable_all_campaigns":false,"_monsterinsights_skip_tracking":false,"_monsterinsights_sitenote_active":false,"_monsterinsights_sitenote_note":"","_monsterinsights_sitenote_category":0,"_uf_show_specific_survey":0,"_uf_disable_surveys":false,"footnotes":""},"categories":[1075,1074,1300],"tags":[22,9,17,12,18,20,16,19,15,21,13],"class_list":["post-120","page","type-page","status-publish","has-post-thumbnail","hentry","category-fabien-duscombs","category-marc-demereau","category-page-archives","tag-benoit-cazamayou","tag-fabien-duscombs","tag-guillaume-pique","tag-marc-demereau","tag-mathieu-sourisseau","tag-nathanael-renoux","tag-olivier-seiwert","tag-pascal-portejoie","tag-piero-pepin","tag-ruben-guiu","tag-sebastien-cirotteau"],"aioseo_notices":[],"yoast_head":"<!-- This site is optimized with the Yoast SEO plugin v27.3 - https:\/\/yoast.com\/product\/yoast-seo-wordpress\/ -->\n<title>La Friture Moderne | Freddy Morezon<\/title>\n<meta name=\"description\" content=\"N\u00e9e \u00e0 Toulouse, le 21 juin 1997, sous la pluie, puis au fond des bistrots, La Friture Moderne poursuit depuis bient\u00f4t dix-huit ans ses aventures musicales. Elle a longuement explor\u00e9 sous tous ses aspects, dans la rue, dans les th\u00e9\u00e2tres, au fond des bois ou au bord d&#039;une piscine o\u00f9 s\u2019\u00e9battaient des nageuses synchronis\u00e9es, les possibilit\u00e9s de la fanfare. Son nouvel opus, Jour de F\u00eate, marque un tournant important. La fanfare de luxe abandonne cette appellation pour devenir un (petit) big band, un tentet, orchestre se produisant d\u00e9sormais sur sc\u00e8ne, dans une sc\u00e9nographie tr\u00e8s \u00e9vocatrice. Marc D\u00e9mereau : saxophone alto et baryton, scie musicale - Beno\u00eet Cazamayou : orgue, accord\u00e9on - Olivier Seiwert : saxophone t\u00e9nor - Ruben Guiu : trombone - Guillaume Pique : trombone - Piero P\u00e9pin : trompette, bugle - Nathana\u00ebl Renoux : trompette - Pascal Portejoie : percussions - Fabien Duscombs : batterie - Mathieu Sourisseau : soubassophone, basse accoustique\" \/>\n<meta name=\"robots\" content=\"index, follow, max-snippet:-1, max-image-preview:large, max-video-preview:-1\" \/>\n<link rel=\"canonical\" href=\"https:\/\/freddymorezon.org\/catalogue\/la-friture-moderne\/\" \/>\n<meta property=\"og:locale\" content=\"en_US\" \/>\n<meta property=\"og:type\" content=\"article\" \/>\n<meta property=\"og:title\" content=\"La Friture Moderne | Freddy Morezon\" \/>\n<meta property=\"og:description\" content=\"N\u00e9e \u00e0 Toulouse, le 21 juin 1997, sous la pluie, puis au fond des bistrots, La Friture Moderne poursuit depuis bient\u00f4t dix-huit ans ses aventures musicales. Elle a longuement explor\u00e9 sous tous ses aspects, dans la rue, dans les th\u00e9\u00e2tres, au fond des bois ou au bord d&#039;une piscine o\u00f9 s\u2019\u00e9battaient des nageuses synchronis\u00e9es, les possibilit\u00e9s de la fanfare. Son nouvel opus, Jour de F\u00eate, marque un tournant important. La fanfare de luxe abandonne cette appellation pour devenir un (petit) big band, un tentet, orchestre se produisant d\u00e9sormais sur sc\u00e8ne, dans une sc\u00e9nographie tr\u00e8s \u00e9vocatrice. Marc D\u00e9mereau : saxophone alto et baryton, scie musicale - Beno\u00eet Cazamayou : orgue, accord\u00e9on - Olivier Seiwert : saxophone t\u00e9nor - Ruben Guiu : trombone - Guillaume Pique : trombone - Piero P\u00e9pin : trompette, bugle - Nathana\u00ebl Renoux : trompette - Pascal Portejoie : percussions - Fabien Duscombs : batterie - Mathieu Sourisseau : soubassophone, basse accoustique\" \/>\n<meta property=\"og:url\" content=\"https:\/\/freddymorezon.org\/catalogue\/la-friture-moderne\/\" \/>\n<meta property=\"og:site_name\" content=\"Freddy Morezon\" \/>\n<meta property=\"article:publisher\" content=\"https:\/\/www.facebook.com\/freddy.morezon\/\" \/>\n<meta property=\"article:modified_time\" content=\"2024-09-20T12:40:59+00:00\" \/>\n<meta property=\"og:image\" content=\"https:\/\/freddymorezon.org\/wp-content\/uploads\/2016\/02\/jourdefete_reduit.jpg\" \/>\n\t<meta property=\"og:image:width\" content=\"600\" \/>\n\t<meta property=\"og:image:height\" content=\"796\" \/>\n\t<meta property=\"og:image:type\" content=\"image\/jpeg\" \/>\n<meta name=\"twitter:card\" content=\"summary_large_image\" \/>\n<script type=\"application\/ld+json\" class=\"yoast-schema-graph\">{\"@context\":\"https:\\\/\\\/schema.org\",\"@graph\":[{\"@type\":\"WebPage\",\"@id\":\"https:\\\/\\\/freddymorezon.org\\\/catalogue\\\/la-friture-moderne\\\/\",\"url\":\"https:\\\/\\\/freddymorezon.org\\\/catalogue\\\/la-friture-moderne\\\/\",\"name\":\"La Friture Moderne | Freddy Morezon\",\"isPartOf\":{\"@id\":\"https:\\\/\\\/freddymorezon.org\\\/#website\"},\"primaryImageOfPage\":{\"@id\":\"https:\\\/\\\/freddymorezon.org\\\/catalogue\\\/la-friture-moderne\\\/#primaryimage\"},\"image\":{\"@id\":\"https:\\\/\\\/freddymorezon.org\\\/catalogue\\\/la-friture-moderne\\\/#primaryimage\"},\"thumbnailUrl\":\"https:\\\/\\\/freddymorezon.org\\\/wp-content\\\/uploads\\\/2016\\\/02\\\/jourdefete_reduit.jpg\",\"datePublished\":\"2016-02-04T15:22:20+00:00\",\"dateModified\":\"2024-09-20T12:40:59+00:00\",\"description\":\"N\u00e9e \u00e0 Toulouse, le 21 juin 1997, sous la pluie, puis au fond des bistrots, La Friture Moderne poursuit depuis bient\u00f4t dix-huit ans ses aventures musicales. Elle a longuement explor\u00e9 sous tous ses aspects, dans la rue, dans les th\u00e9\u00e2tres, au fond des bois ou au bord d'une piscine o\u00f9 s\u2019\u00e9battaient des nageuses synchronis\u00e9es, les possibilit\u00e9s de la fanfare. Son nouvel opus, Jour de F\u00eate, marque un tournant important. La fanfare de luxe abandonne cette appellation pour devenir un (petit) big band, un tentet, orchestre se produisant d\u00e9sormais sur sc\u00e8ne, dans une sc\u00e9nographie tr\u00e8s \u00e9vocatrice. Marc D\u00e9mereau : saxophone alto et baryton, scie musicale - Beno\u00eet Cazamayou : orgue, accord\u00e9on - Olivier Seiwert : saxophone t\u00e9nor - Ruben Guiu : trombone - Guillaume Pique : trombone - Piero P\u00e9pin : trompette, bugle - Nathana\u00ebl Renoux : trompette - Pascal Portejoie : percussions - Fabien Duscombs : batterie - Mathieu Sourisseau : soubassophone, basse accoustique\",\"breadcrumb\":{\"@id\":\"https:\\\/\\\/freddymorezon.org\\\/catalogue\\\/la-friture-moderne\\\/#breadcrumb\"},\"inLanguage\":\"en-US\",\"potentialAction\":[{\"@type\":\"ReadAction\",\"target\":[\"https:\\\/\\\/freddymorezon.org\\\/catalogue\\\/la-friture-moderne\\\/\"]}]},{\"@type\":\"ImageObject\",\"inLanguage\":\"en-US\",\"@id\":\"https:\\\/\\\/freddymorezon.org\\\/catalogue\\\/la-friture-moderne\\\/#primaryimage\",\"url\":\"https:\\\/\\\/freddymorezon.org\\\/wp-content\\\/uploads\\\/2016\\\/02\\\/jourdefete_reduit.jpg\",\"contentUrl\":\"https:\\\/\\\/freddymorezon.org\\\/wp-content\\\/uploads\\\/2016\\\/02\\\/jourdefete_reduit.jpg\",\"width\":600,\"height\":796},{\"@type\":\"BreadcrumbList\",\"@id\":\"https:\\\/\\\/freddymorezon.org\\\/catalogue\\\/la-friture-moderne\\\/#breadcrumb\",\"itemListElement\":[{\"@type\":\"ListItem\",\"position\":1,\"name\":\"Accueil\",\"item\":\"https:\\\/\\\/freddymorezon.org\\\/\"},{\"@type\":\"ListItem\",\"position\":2,\"name\":\"Catalogue\",\"item\":\"https:\\\/\\\/freddymorezon.org\\\/catalogue\\\/\"},{\"@type\":\"ListItem\",\"position\":3,\"name\":\"La Friture Moderne\"}]},{\"@type\":\"WebSite\",\"@id\":\"https:\\\/\\\/freddymorezon.org\\\/#website\",\"url\":\"https:\\\/\\\/freddymorezon.org\\\/\",\"name\":\"Freddy Morezon\",\"description\":\"jazz - musique improvis\u00e9e - esth\u00e9tiques plurielles\",\"publisher\":{\"@id\":\"https:\\\/\\\/freddymorezon.org\\\/#organization\"},\"potentialAction\":[{\"@type\":\"SearchAction\",\"target\":{\"@type\":\"EntryPoint\",\"urlTemplate\":\"https:\\\/\\\/freddymorezon.org\\\/?s={search_term_string}\"},\"query-input\":{\"@type\":\"PropertyValueSpecification\",\"valueRequired\":true,\"valueName\":\"search_term_string\"}}],\"inLanguage\":\"en-US\"},{\"@type\":\"Organization\",\"@id\":\"https:\\\/\\\/freddymorezon.org\\\/#organization\",\"name\":\"Association Freddy Morezon\",\"url\":\"https:\\\/\\\/freddymorezon.org\\\/\",\"logo\":{\"@type\":\"ImageObject\",\"inLanguage\":\"en-US\",\"@id\":\"https:\\\/\\\/freddymorezon.org\\\/#\\\/schema\\\/logo\\\/image\\\/\",\"url\":\"https:\\\/\\\/freddymorezon.org\\\/wp-content\\\/uploads\\\/2016\\\/02\\\/mini-logo-header-site2.jpg\",\"contentUrl\":\"https:\\\/\\\/freddymorezon.org\\\/wp-content\\\/uploads\\\/2016\\\/02\\\/mini-logo-header-site2.jpg\",\"width\":234,\"height\":174,\"caption\":\"Association Freddy Morezon\"},\"image\":{\"@id\":\"https:\\\/\\\/freddymorezon.org\\\/#\\\/schema\\\/logo\\\/image\\\/\"},\"sameAs\":[\"https:\\\/\\\/www.facebook.com\\\/freddy.morezon\\\/\",\"https:\\\/\\\/www.instagram.com\\\/freddymorezon\\\/\",\"https:\\\/\\\/www.youtube.com\\\/user\\\/freddymorezon\",\"https:\\\/\\\/fr.linkedin.com\\\/company\\\/freddy-morezon-p.r.o.d.\"]}]}<\/script>\n<!-- \/ Yoast SEO plugin. -->","yoast_head_json":{"title":"La Friture Moderne | Freddy Morezon","description":"N\u00e9e \u00e0 Toulouse, le 21 juin 1997, sous la pluie, puis au fond des bistrots, La Friture Moderne poursuit depuis bient\u00f4t dix-huit ans ses aventures musicales. Elle a longuement explor\u00e9 sous tous ses aspects, dans la rue, dans les th\u00e9\u00e2tres, au fond des bois ou au bord d'une piscine o\u00f9 s\u2019\u00e9battaient des nageuses synchronis\u00e9es, les possibilit\u00e9s de la fanfare. Son nouvel opus, Jour de F\u00eate, marque un tournant important. La fanfare de luxe abandonne cette appellation pour devenir un (petit) big band, un tentet, orchestre se produisant d\u00e9sormais sur sc\u00e8ne, dans une sc\u00e9nographie tr\u00e8s \u00e9vocatrice. Marc D\u00e9mereau : saxophone alto et baryton, scie musicale - Beno\u00eet Cazamayou : orgue, accord\u00e9on - Olivier Seiwert : saxophone t\u00e9nor - Ruben Guiu : trombone - Guillaume Pique : trombone - Piero P\u00e9pin : trompette, bugle - Nathana\u00ebl Renoux : trompette - Pascal Portejoie : percussions - Fabien Duscombs : batterie - Mathieu Sourisseau : soubassophone, basse accoustique","robots":{"index":"index","follow":"follow","max-snippet":"max-snippet:-1","max-image-preview":"max-image-preview:large","max-video-preview":"max-video-preview:-1"},"canonical":"https:\/\/freddymorezon.org\/catalogue\/la-friture-moderne\/","og_locale":"en_US","og_type":"article","og_title":"La Friture Moderne | Freddy Morezon","og_description":"N\u00e9e \u00e0 Toulouse, le 21 juin 1997, sous la pluie, puis au fond des bistrots, La Friture Moderne poursuit depuis bient\u00f4t dix-huit ans ses aventures musicales. Elle a longuement explor\u00e9 sous tous ses aspects, dans la rue, dans les th\u00e9\u00e2tres, au fond des bois ou au bord d'une piscine o\u00f9 s\u2019\u00e9battaient des nageuses synchronis\u00e9es, les possibilit\u00e9s de la fanfare. Son nouvel opus, Jour de F\u00eate, marque un tournant important. La fanfare de luxe abandonne cette appellation pour devenir un (petit) big band, un tentet, orchestre se produisant d\u00e9sormais sur sc\u00e8ne, dans une sc\u00e9nographie tr\u00e8s \u00e9vocatrice. Marc D\u00e9mereau : saxophone alto et baryton, scie musicale - Beno\u00eet Cazamayou : orgue, accord\u00e9on - Olivier Seiwert : saxophone t\u00e9nor - Ruben Guiu : trombone - Guillaume Pique : trombone - Piero P\u00e9pin : trompette, bugle - Nathana\u00ebl Renoux : trompette - Pascal Portejoie : percussions - Fabien Duscombs : batterie - Mathieu Sourisseau : soubassophone, basse accoustique","og_url":"https:\/\/freddymorezon.org\/catalogue\/la-friture-moderne\/","og_site_name":"Freddy Morezon","article_publisher":"https:\/\/www.facebook.com\/freddy.morezon\/","article_modified_time":"2024-09-20T12:40:59+00:00","og_image":[{"width":600,"height":796,"url":"https:\/\/freddymorezon.org\/wp-content\/uploads\/2016\/02\/jourdefete_reduit.jpg","type":"image\/jpeg"}],"twitter_card":"summary_large_image","schema":{"@context":"https:\/\/schema.org","@graph":[{"@type":"WebPage","@id":"https:\/\/freddymorezon.org\/catalogue\/la-friture-moderne\/","url":"https:\/\/freddymorezon.org\/catalogue\/la-friture-moderne\/","name":"La Friture Moderne | Freddy Morezon","isPartOf":{"@id":"https:\/\/freddymorezon.org\/#website"},"primaryImageOfPage":{"@id":"https:\/\/freddymorezon.org\/catalogue\/la-friture-moderne\/#primaryimage"},"image":{"@id":"https:\/\/freddymorezon.org\/catalogue\/la-friture-moderne\/#primaryimage"},"thumbnailUrl":"https:\/\/freddymorezon.org\/wp-content\/uploads\/2016\/02\/jourdefete_reduit.jpg","datePublished":"2016-02-04T15:22:20+00:00","dateModified":"2024-09-20T12:40:59+00:00","description":"N\u00e9e \u00e0 Toulouse, le 21 juin 1997, sous la pluie, puis au fond des bistrots, La Friture Moderne poursuit depuis bient\u00f4t dix-huit ans ses aventures musicales. Elle a longuement explor\u00e9 sous tous ses aspects, dans la rue, dans les th\u00e9\u00e2tres, au fond des bois ou au bord d'une piscine o\u00f9 s\u2019\u00e9battaient des nageuses synchronis\u00e9es, les possibilit\u00e9s de la fanfare. Son nouvel opus, Jour de F\u00eate, marque un tournant important. La fanfare de luxe abandonne cette appellation pour devenir un (petit) big band, un tentet, orchestre se produisant d\u00e9sormais sur sc\u00e8ne, dans une sc\u00e9nographie tr\u00e8s \u00e9vocatrice. Marc D\u00e9mereau : saxophone alto et baryton, scie musicale - Beno\u00eet Cazamayou : orgue, accord\u00e9on - Olivier Seiwert : saxophone t\u00e9nor - Ruben Guiu : trombone - Guillaume Pique : trombone - Piero P\u00e9pin : trompette, bugle - Nathana\u00ebl Renoux : trompette - Pascal Portejoie : percussions - Fabien Duscombs : batterie - Mathieu Sourisseau : soubassophone, basse accoustique","breadcrumb":{"@id":"https:\/\/freddymorezon.org\/catalogue\/la-friture-moderne\/#breadcrumb"},"inLanguage":"en-US","potentialAction":[{"@type":"ReadAction","target":["https:\/\/freddymorezon.org\/catalogue\/la-friture-moderne\/"]}]},{"@type":"ImageObject","inLanguage":"en-US","@id":"https:\/\/freddymorezon.org\/catalogue\/la-friture-moderne\/#primaryimage","url":"https:\/\/freddymorezon.org\/wp-content\/uploads\/2016\/02\/jourdefete_reduit.jpg","contentUrl":"https:\/\/freddymorezon.org\/wp-content\/uploads\/2016\/02\/jourdefete_reduit.jpg","width":600,"height":796},{"@type":"BreadcrumbList","@id":"https:\/\/freddymorezon.org\/catalogue\/la-friture-moderne\/#breadcrumb","itemListElement":[{"@type":"ListItem","position":1,"name":"Accueil","item":"https:\/\/freddymorezon.org\/"},{"@type":"ListItem","position":2,"name":"Catalogue","item":"https:\/\/freddymorezon.org\/catalogue\/"},{"@type":"ListItem","position":3,"name":"La Friture Moderne"}]},{"@type":"WebSite","@id":"https:\/\/freddymorezon.org\/#website","url":"https:\/\/freddymorezon.org\/","name":"Freddy Morezon","description":"jazz - musique improvis\u00e9e - esth\u00e9tiques plurielles","publisher":{"@id":"https:\/\/freddymorezon.org\/#organization"},"potentialAction":[{"@type":"SearchAction","target":{"@type":"EntryPoint","urlTemplate":"https:\/\/freddymorezon.org\/?s={search_term_string}"},"query-input":{"@type":"PropertyValueSpecification","valueRequired":true,"valueName":"search_term_string"}}],"inLanguage":"en-US"},{"@type":"Organization","@id":"https:\/\/freddymorezon.org\/#organization","name":"Association Freddy Morezon","url":"https:\/\/freddymorezon.org\/","logo":{"@type":"ImageObject","inLanguage":"en-US","@id":"https:\/\/freddymorezon.org\/#\/schema\/logo\/image\/","url":"https:\/\/freddymorezon.org\/wp-content\/uploads\/2016\/02\/mini-logo-header-site2.jpg","contentUrl":"https:\/\/freddymorezon.org\/wp-content\/uploads\/2016\/02\/mini-logo-header-site2.jpg","width":234,"height":174,"caption":"Association Freddy Morezon"},"image":{"@id":"https:\/\/freddymorezon.org\/#\/schema\/logo\/image\/"},"sameAs":["https:\/\/www.facebook.com\/freddy.morezon\/","https:\/\/www.instagram.com\/freddymorezon\/","https:\/\/www.youtube.com\/user\/freddymorezon","https:\/\/fr.linkedin.com\/company\/freddy-morezon-p.r.o.d."]}]}},"_links":{"self":[{"href":"https:\/\/freddymorezon.org\/en\/wp-json\/wp\/v2\/pages\/120","targetHints":{"allow":["GET"]}}],"collection":[{"href":"https:\/\/freddymorezon.org\/en\/wp-json\/wp\/v2\/pages"}],"about":[{"href":"https:\/\/freddymorezon.org\/en\/wp-json\/wp\/v2\/types\/page"}],"author":[{"embeddable":true,"href":"https:\/\/freddymorezon.org\/en\/wp-json\/wp\/v2\/users\/1"}],"replies":[{"embeddable":true,"href":"https:\/\/freddymorezon.org\/en\/wp-json\/wp\/v2\/comments?post=120"}],"version-history":[{"count":30,"href":"https:\/\/freddymorezon.org\/en\/wp-json\/wp\/v2\/pages\/120\/revisions"}],"predecessor-version":[{"id":20869,"href":"https:\/\/freddymorezon.org\/en\/wp-json\/wp\/v2\/pages\/120\/revisions\/20869"}],"up":[{"embeddable":true,"href":"https:\/\/freddymorezon.org\/en\/wp-json\/wp\/v2\/pages\/134"}],"wp:featuredmedia":[{"embeddable":true,"href":"https:\/\/freddymorezon.org\/en\/wp-json\/wp\/v2\/media\/1414"}],"wp:attachment":[{"href":"https:\/\/freddymorezon.org\/en\/wp-json\/wp\/v2\/media?parent=120"}],"wp:term":[{"taxonomy":"category","embeddable":true,"href":"https:\/\/freddymorezon.org\/en\/wp-json\/wp\/v2\/categories?post=120"},{"taxonomy":"post_tag","embeddable":true,"href":"https:\/\/freddymorezon.org\/en\/wp-json\/wp\/v2\/tags?post=120"}],"curies":[{"name":"wp","href":"https:\/\/api.w.org\/{rel}","templated":true}]}}