
{"id":126,"date":"2016-02-04T16:24:22","date_gmt":"2016-02-04T15:24:22","guid":{"rendered":"https:\/\/freddymorezon.org\/?page_id=126"},"modified":"2024-09-23T14:37:42","modified_gmt":"2024-09-23T13:37:42","slug":"ensemble-fm-in-c","status":"publish","type":"page","link":"https:\/\/freddymorezon.org\/en\/catalogue\/ensemble-fm-in-c\/","title":{"rendered":"Ensemble FM &#8211; In C (Terry Riley)"},"content":{"rendered":"<div id=\"pl-126\"  class=\"panel-layout\" ><div id=\"pg-126-0\"  class=\"panel-grid panel-no-style\" ><div id=\"pgc-126-0-0\"  class=\"panel-grid-cell\" ><div id=\"panel-126-0-0-0\" class=\"so-panel widget widget_eo_event_list_widget EO_Event_List_Widget panel-first-child\" data-index=\"0\" >\n\n<\/div><div id=\"panel-126-0-0-1\" class=\"so-panel widget widget_sow-editor\" data-index=\"1\" ><div\n\t\t\t\n\t\t\tclass=\"so-widget-sow-editor so-widget-sow-editor-base\"\n\t\t\t\n\t\t>\n<div class=\"siteorigin-widget-tinymce textwidget\">\n\t<h3>Line-up<\/h3>\n<p><strong>Laurent Avizou :<\/strong> clarinet<br \/>\n<strong>Guillaume Blaise :<\/strong> vibraphone<br \/>\n<strong>S\u00e9bastien Cirotteau :<\/strong> trumpet<br \/>\n<strong>Marc D\u00e9mereau :<\/strong> soprano saxophone<br \/>\n<strong>Fabien Duscombs :<\/strong> various melodical drums<br \/>\n<strong>Robin Fincker :<\/strong> clarinet<br \/>\n<strong>Julien Gineste :<\/strong> alto saxophone<br \/>\n<strong>Betty Hovette :<\/strong> piano<br \/>\n<strong>Emmanuel Larang\u00e9 :<\/strong> oboe<br \/>\n<strong>Florian Nastorg :<\/strong> alto saxophone<br \/>\n<strong>Laurent Paris :<\/strong> various drums<br \/>\n<strong>Laurent Rochelle :<\/strong> soprano saxophone<br \/>\n<strong>Rapha\u00ebl Sibertin-Blanc :<\/strong> violin<br \/>\n<strong>Christine Wodrascka :<\/strong> toy piano<br \/>\n<strong>Mathieu Werchovski :<\/strong> violin<br \/>\nDirection Christine Wodrascka<\/p>\n<\/div>\n<\/div><\/div><div id=\"panel-126-0-0-2\" class=\"so-panel widget widget_sow-headline\" data-index=\"2\" ><div\n\t\t\t\n\t\t\tclass=\"so-widget-sow-headline so-widget-sow-headline-default-f6f7cdd9a3c6-126\"\n\t\t\t\n\t\t><div class=\"sow-headline-container \">\n\t\t\t\t\t\t<div class=\"decoration\">\n\t\t\t\t\t\t<div class=\"decoration-inside\"><\/div>\n\t\t\t\t\t<\/div>\n\t\t\t\t\t<\/div>\n<\/div><\/div><div id=\"panel-126-0-0-3\" class=\"so-panel widget widget_sow-editor\" data-index=\"3\" ><div\n\t\t\t\n\t\t\tclass=\"so-widget-sow-editor so-widget-sow-editor-base\"\n\t\t\t\n\t\t>\n<div class=\"siteorigin-widget-tinymce textwidget\">\n\t<h3>Contact<\/h3>\n<p>Claire Dabos \/\/ claire@freddymorezon.org<\/p>\n<\/div>\n<\/div><\/div><div id=\"panel-126-0-0-4\" class=\"so-panel widget widget_sow-headline\" data-index=\"4\" ><div\n\t\t\t\n\t\t\tclass=\"so-widget-sow-headline so-widget-sow-headline-default-f6f7cdd9a3c6-126\"\n\t\t\t\n\t\t><div class=\"sow-headline-container \">\n\t\t\t\t\t\t<div class=\"decoration\">\n\t\t\t\t\t\t<div class=\"decoration-inside\"><\/div>\n\t\t\t\t\t<\/div>\n\t\t\t\t\t<\/div>\n<\/div><\/div><div id=\"panel-126-0-0-5\" class=\"so-panel widget widget_sow-editor panel-last-child\" data-index=\"5\" ><div\n\t\t\t\n\t\t\tclass=\"so-widget-sow-editor so-widget-sow-editor-base\"\n\t\t\t\n\t\t>\n<div class=\"siteorigin-widget-tinymce textwidget\">\n\t<h3>links<\/h3>\n<ul>\n<li><i class=\"fa fa-chevron-right fa-2x\"><\/i> <a href=\"https:\/\/freddymorezon.org\/artistes\/christine-wodrascka\/\" title=\"Christine Wodrascka\">Christine Wodrascka<\/a><\/li>\n<li><i class=\"fa fa-chevron-right fa-2x\"><\/i> <a href=\"https:\/\/freddymorezon.org\/artistes\/marc-demereau\/\">Marc D\u00e9mereau<\/a><\/li>\n<li><i class=\"fa fa-chevron-right fa-2x\"><\/i> <a href=\"https:\/\/freddymorezon.org\/artistes\/sebastien-cirotteau\/\">S\u00e9bastien Cirotteau<\/a><\/li>\n<li><i class=\"fa fa-chevron-right fa-2x\"><\/i> <a href=\"https:\/\/freddymorezon.org\/artistes\/fabien-duscombs\/\">Fabien Duscombs<\/a><\/li>\n<li><i class=\"fa fa-chevron-right fa-2x\"><\/i> <a href=\"https:\/\/freddymorezon.org\/artistes\/robin-fincker\/\">Robin Fincker<\/a><\/li>\n<li><i class=\"fa fa-chevron-right fa-2x\"><\/i> <a href=\"https:\/\/freddymorezon.org\/artistes\/florian-nastorg\/\">Florian Nastorg<\/a><\/li>\n<li><i class=\"fa fa-chevron-right fa-2x\"><\/i> <a href=\"https:\/\/freddymorezon.org\/artistes\/betty-hovette\/\">Betty Hovette<\/a><\/li>\n<li><i class=\"fa fa-chevron-right fa-2x\"><\/i> <a href=\"https:\/\/freddymorezon.org\/artistes\/mathieu-werchowski\/\">Mathieu Werchovski <\/a><\/li>\n<\/ul>\n<\/div>\n<\/div><\/div><\/div><div id=\"pgc-126-0-1\"  class=\"panel-grid-cell\" ><div id=\"panel-126-0-1-0\" class=\"so-panel widget widget_sow-editor panel-first-child\" data-index=\"6\" ><div\n\t\t\t\n\t\t\tclass=\"so-widget-sow-editor so-widget-sow-editor-base\"\n\t\t\t\n\t\t>\n<div class=\"siteorigin-widget-tinymce textwidget\">\n\t<h1>Ensemble FM<\/h1>\n<h2>In C (cr\u00e9ation 2015)<\/h2>\n<\/div>\n<\/div><\/div><div id=\"panel-126-0-1-1\" class=\"so-panel widget widget_sow-image\" data-index=\"7\" ><div\n\t\t\t\n\t\t\tclass=\"so-widget-sow-image so-widget-sow-image-default-8b5b6f678277-126\"\n\t\t\t\n\t\t>\n<div class=\"sow-image-container\">\n\t\t<img \n\tsrc=\"https:\/\/freddymorezon.org\/wp-content\/uploads\/2016\/02\/ensemble-fm-jazz-luz-2015-826A9635.jpg--1240x560.jpg\" width=\"1240\" height=\"560\" sizes=\"(max-width: 1240px) 100vw, 1240px\" title=\"Jazz \u00e0 Luzz 2015, du 10 au 13 juillet, Ensemble FM \/ Christine Wodrascka IN-C\" alt=\"l&#039;Ensemble FM - Christine Wodrascka, Laurent Avizou, Guillaume Blaise, S\u00e9bastien Cirotteau, Marc D\u00e9mereau, Fabien Duscombs, Robin Fincker, Julien Gineste, Betty Hovette, Emmanuel Larang\u00e9, Florian Nastorg, Laurent Paris, Laurent Rochelle, Rapha\u00ebl Sibertin-Blanc, Mathieu Werchovski\" \t\tclass=\"so-widget-image\"\/>\n\t<\/div>\n\n<\/div><\/div><div id=\"panel-126-0-1-2\" class=\"so-panel widget widget_sow-editor\" data-index=\"8\" ><div\n\t\t\t\n\t\t\tclass=\"so-widget-sow-editor so-widget-sow-editor-base\"\n\t\t\t\n\t\t>\n<div class=\"siteorigin-widget-tinymce textwidget\">\n\t<p class=\"copyright\">&copy; Bruce Milpied<\/p>\n<p style=\"text-align: justify;\"><span class=\"linfo\">Christine Wodrascka s'associe \u00e0 quinze musiciens reconnus de la sc\u00e8ne r\u00e9gionale pour offrir leur interpr\u00e9tation d'<i>In C<\/i>, pi\u00e8ce embl\u00e9matique du minimalisme r\u00e9p\u00e9titif. Cr\u00e9\u00e9 sp\u00e9cialement pour l'interpr\u00e9tation de cette \u0153uvre mythique, l'Ensemble FM, rassemble des musiciens issus <span class=\"linfo\">des sc\u00e8nes jazz, de la musique improvis\u00e9e et de la musique contemporaine autour leur <\/span>go\u00fbt de l\u2019exp\u00e9rience et de la spontan\u00e9it\u00e9.<br \/>\n<\/span><\/p>\n<p style=\"text-align: justify;\"><span class=\"linfo\"><em>In C<\/em>, pi\u00e8ce d'avant-garde \u00e9crite en 1964 par le compositeur am\u00e9ricain Terry Riley, a \u00e9t\u00e9 lib\u00e9ratrice pour la musique contemporaine, f\u00e9d\u00e9ratrice du minimalisme r\u00e9p\u00e9titif et a trac\u00e9 de nouvelles voies aux musiques d\u2019aujourd\u2019hui. Sa simplicit\u00e9 dans son processus et son \u00e9quilibre entre cadre et libert\u00e9 en font une \u0153uvre vivante perp\u00e9tuellement en devenir, intemporelle.<br \/>\n<\/span><\/p>\n<\/div>\n<\/div><\/div><div id=\"panel-126-0-1-3\" class=\"so-panel widget widget_sow-video\" data-index=\"9\" ><div\n\t\t\t\n\t\t\tclass=\"so-widget-sow-video so-widget-sow-video-default-c08170c47cfb-126\"\n\t\t\t\n\t\t>\n<div class=\"sow-video-wrapper\n\">\n\t\t\t<iframe loading=\"lazy\" title=\"In C de Terry Riley - par l&#039;Ensemble FM (dir. Christine Wodrascka) @ Jazz \u00e0 Luz 2015\" width=\"790\" height=\"444\" src=\"https:\/\/www.youtube.com\/embed\/w44JqvQ-cKM?feature=oembed&enablejsapi=1\" frameborder=\"0\" allow=\"accelerometer; autoplay; clipboard-write; encrypted-media; gyroscope; picture-in-picture; web-share\" referrerpolicy=\"strict-origin-when-cross-origin\" allowfullscreen allowfullscreen mozallowfullscreen webkitallowfullscreen sandbox=\"allow-scripts allow-same-origin allow-presentation\"><\/iframe>\t<\/div>\n<\/div><\/div><div id=\"panel-126-0-1-4\" class=\"so-panel widget widget_sow-editor panel-last-child\" data-index=\"10\" ><div\n\t\t\t\n\t\t\tclass=\"so-widget-sow-editor so-widget-sow-editor-base\"\n\t\t\t\n\t\t>\n<div class=\"siteorigin-widget-tinymce textwidget\">\n\t<p><em><br \/>\nEn co-production avec la Fabrique Culturelle (Toulouse), avec le soutien de la DRAC Midi-Pyr\u00e9n\u00e9es et du Conseil R\u00e9gional Midi-Pyr\u00e9n\u00e9es<\/em><\/p>\n<\/div>\n<\/div><\/div><\/div><\/div><\/div>","protected":false},"excerpt":{"rendered":"<p>Christine Wodrascka s&#8217;associe \u00e0 quinze musiciens reconnus de la sc\u00e8ne r\u00e9gionale pour offrir leur interpr\u00e9tation d&#8217;In C, pi\u00e8ce embl\u00e9matique du minimalisme r\u00e9p\u00e9titif. Cr\u00e9\u00e9 sp\u00e9cialement pour l&#8217;interpr\u00e9tation de cette \u0153uvre mythique, l&#8217;Ensemble FM, rassemble des musiciens issus des sc\u00e8nes jazz, de la musique improvis\u00e9e et de la musique contemporaine autour leur go\u00fbt de l\u2019exp\u00e9rience et de la spontan\u00e9it\u00e9.<\/p>\n","protected":false},"author":1,"featured_media":42,"parent":134,"menu_order":0,"comment_status":"closed","ping_status":"closed","template":"page-templates\/full-width.php","meta":{"om_disable_all_campaigns":false,"_monsterinsights_skip_tracking":false,"_monsterinsights_sitenote_active":false,"_monsterinsights_sitenote_note":"","_monsterinsights_sitenote_category":0,"_uf_show_specific_survey":0,"_uf_disable_surveys":false,"footnotes":""},"categories":[283,1075,1074,1300],"tags":[14,7,27,9,28,24,26,23,29,30,12,32,31,25,13],"class_list":["post-126","page","type-page","status-publish","has-post-thumbnail","hentry","category-christine-wodrascka","category-fabien-duscombs","category-marc-demereau","category-page-archives","tag-betty-hovette","tag-christine-wodrascka","tag-emmanuel-larange","tag-fabien-duscombs","tag-florian-nastorg","tag-guillaume-blaise","tag-julien-gineste","tag-laurent-avizou","tag-laurent-paris","tag-laurent-rochelle","tag-marc-demereau","tag-mathieu-werchovski","tag-raphael-sibertin-blanc","tag-robin-fincker","tag-sebastien-cirotteau"],"aioseo_notices":[],"yoast_head":"<!-- This site is optimized with the Yoast SEO plugin v27.3 - https:\/\/yoast.com\/product\/yoast-seo-wordpress\/ -->\n<title>Ensemble FM - In C (Terry Riley) | Freddy Morezon<\/title>\n<meta name=\"robots\" content=\"index, follow, max-snippet:-1, max-image-preview:large, max-video-preview:-1\" \/>\n<link rel=\"canonical\" href=\"https:\/\/freddymorezon.org\/catalogue\/ensemble-fm-in-c\/\" \/>\n<meta property=\"og:locale\" content=\"en_US\" \/>\n<meta property=\"og:type\" content=\"article\" \/>\n<meta property=\"og:title\" content=\"Ensemble FM - In C (Terry Riley) | Freddy Morezon\" \/>\n<meta property=\"og:description\" content=\"Christine Wodrascka s&#039;associe \u00e0 quinze musiciens reconnus de la sc\u00e8ne r\u00e9gionale pour offrir leur interpr\u00e9tation d&#039;In C, pi\u00e8ce embl\u00e9matique du minimalisme r\u00e9p\u00e9titif. Cr\u00e9\u00e9 sp\u00e9cialement pour l&#039;interpr\u00e9tation de cette \u0153uvre mythique, l&#039;Ensemble FM, rassemble des musiciens issus des sc\u00e8nes jazz, de la musique improvis\u00e9e et de la musique contemporaine autour leur go\u00fbt de l\u2019exp\u00e9rience et de la spontan\u00e9it\u00e9.\" \/>\n<meta property=\"og:url\" content=\"https:\/\/freddymorezon.org\/catalogue\/ensemble-fm-in-c\/\" \/>\n<meta property=\"og:site_name\" content=\"Freddy Morezon\" \/>\n<meta property=\"article:publisher\" content=\"https:\/\/www.facebook.com\/freddy.morezon\/\" \/>\n<meta property=\"article:modified_time\" content=\"2024-09-23T13:37:42+00:00\" \/>\n<meta property=\"og:image\" content=\"https:\/\/freddymorezon.org\/wp-content\/uploads\/2016\/02\/ensemble-fm-jazz-luz-2015-826A9635.jpg--1240x800.jpg\" \/>\n\t<meta property=\"og:image:width\" content=\"1240\" \/>\n\t<meta property=\"og:image:height\" content=\"800\" \/>\n\t<meta property=\"og:image:type\" content=\"image\/jpeg\" \/>\n<meta name=\"twitter:card\" content=\"summary_large_image\" \/>\n<script type=\"application\/ld+json\" class=\"yoast-schema-graph\">{\"@context\":\"https:\\\/\\\/schema.org\",\"@graph\":[{\"@type\":\"WebPage\",\"@id\":\"https:\\\/\\\/freddymorezon.org\\\/catalogue\\\/ensemble-fm-in-c\\\/\",\"url\":\"https:\\\/\\\/freddymorezon.org\\\/catalogue\\\/ensemble-fm-in-c\\\/\",\"name\":\"Ensemble FM - In C (Terry Riley) | Freddy Morezon\",\"isPartOf\":{\"@id\":\"https:\\\/\\\/freddymorezon.org\\\/#website\"},\"primaryImageOfPage\":{\"@id\":\"https:\\\/\\\/freddymorezon.org\\\/catalogue\\\/ensemble-fm-in-c\\\/#primaryimage\"},\"image\":{\"@id\":\"https:\\\/\\\/freddymorezon.org\\\/catalogue\\\/ensemble-fm-in-c\\\/#primaryimage\"},\"thumbnailUrl\":\"https:\\\/\\\/freddymorezon.org\\\/wp-content\\\/uploads\\\/2016\\\/02\\\/ensemble-fm-jazz-luz-2015-826A9635.jpg-.jpg\",\"datePublished\":\"2016-02-04T15:24:22+00:00\",\"dateModified\":\"2024-09-23T13:37:42+00:00\",\"breadcrumb\":{\"@id\":\"https:\\\/\\\/freddymorezon.org\\\/catalogue\\\/ensemble-fm-in-c\\\/#breadcrumb\"},\"inLanguage\":\"en-US\",\"potentialAction\":[{\"@type\":\"ReadAction\",\"target\":[\"https:\\\/\\\/freddymorezon.org\\\/catalogue\\\/ensemble-fm-in-c\\\/\"]}]},{\"@type\":\"ImageObject\",\"inLanguage\":\"en-US\",\"@id\":\"https:\\\/\\\/freddymorezon.org\\\/catalogue\\\/ensemble-fm-in-c\\\/#primaryimage\",\"url\":\"https:\\\/\\\/freddymorezon.org\\\/wp-content\\\/uploads\\\/2016\\\/02\\\/ensemble-fm-jazz-luz-2015-826A9635.jpg-.jpg\",\"contentUrl\":\"https:\\\/\\\/freddymorezon.org\\\/wp-content\\\/uploads\\\/2016\\\/02\\\/ensemble-fm-jazz-luz-2015-826A9635.jpg-.jpg\",\"width\":5760,\"height\":3840,\"caption\":\"Jazz \u00e0 Luzz 2015, du 10 au 13 juillet, Ensemble FM \\\/ Christine Wodrascka IN-C\"},{\"@type\":\"BreadcrumbList\",\"@id\":\"https:\\\/\\\/freddymorezon.org\\\/catalogue\\\/ensemble-fm-in-c\\\/#breadcrumb\",\"itemListElement\":[{\"@type\":\"ListItem\",\"position\":1,\"name\":\"Accueil\",\"item\":\"https:\\\/\\\/freddymorezon.org\\\/\"},{\"@type\":\"ListItem\",\"position\":2,\"name\":\"Catalogue\",\"item\":\"https:\\\/\\\/freddymorezon.org\\\/catalogue\\\/\"},{\"@type\":\"ListItem\",\"position\":3,\"name\":\"Ensemble FM &#8211; In C (Terry Riley)\"}]},{\"@type\":\"WebSite\",\"@id\":\"https:\\\/\\\/freddymorezon.org\\\/#website\",\"url\":\"https:\\\/\\\/freddymorezon.org\\\/\",\"name\":\"Freddy Morezon\",\"description\":\"jazz - musique improvis\u00e9e - esth\u00e9tiques plurielles\",\"publisher\":{\"@id\":\"https:\\\/\\\/freddymorezon.org\\\/#organization\"},\"potentialAction\":[{\"@type\":\"SearchAction\",\"target\":{\"@type\":\"EntryPoint\",\"urlTemplate\":\"https:\\\/\\\/freddymorezon.org\\\/?s={search_term_string}\"},\"query-input\":{\"@type\":\"PropertyValueSpecification\",\"valueRequired\":true,\"valueName\":\"search_term_string\"}}],\"inLanguage\":\"en-US\"},{\"@type\":\"Organization\",\"@id\":\"https:\\\/\\\/freddymorezon.org\\\/#organization\",\"name\":\"Association Freddy Morezon\",\"url\":\"https:\\\/\\\/freddymorezon.org\\\/\",\"logo\":{\"@type\":\"ImageObject\",\"inLanguage\":\"en-US\",\"@id\":\"https:\\\/\\\/freddymorezon.org\\\/#\\\/schema\\\/logo\\\/image\\\/\",\"url\":\"https:\\\/\\\/freddymorezon.org\\\/wp-content\\\/uploads\\\/2016\\\/02\\\/mini-logo-header-site2.jpg\",\"contentUrl\":\"https:\\\/\\\/freddymorezon.org\\\/wp-content\\\/uploads\\\/2016\\\/02\\\/mini-logo-header-site2.jpg\",\"width\":234,\"height\":174,\"caption\":\"Association Freddy Morezon\"},\"image\":{\"@id\":\"https:\\\/\\\/freddymorezon.org\\\/#\\\/schema\\\/logo\\\/image\\\/\"},\"sameAs\":[\"https:\\\/\\\/www.facebook.com\\\/freddy.morezon\\\/\",\"https:\\\/\\\/www.instagram.com\\\/freddymorezon\\\/\",\"https:\\\/\\\/www.youtube.com\\\/user\\\/freddymorezon\",\"https:\\\/\\\/fr.linkedin.com\\\/company\\\/freddy-morezon-p.r.o.d.\"]}]}<\/script>\n<!-- \/ Yoast SEO plugin. -->","yoast_head_json":{"title":"Ensemble FM - In C (Terry Riley) | Freddy Morezon","robots":{"index":"index","follow":"follow","max-snippet":"max-snippet:-1","max-image-preview":"max-image-preview:large","max-video-preview":"max-video-preview:-1"},"canonical":"https:\/\/freddymorezon.org\/catalogue\/ensemble-fm-in-c\/","og_locale":"en_US","og_type":"article","og_title":"Ensemble FM - In C (Terry Riley) | Freddy Morezon","og_description":"Christine Wodrascka s'associe \u00e0 quinze musiciens reconnus de la sc\u00e8ne r\u00e9gionale pour offrir leur interpr\u00e9tation d'In C, pi\u00e8ce embl\u00e9matique du minimalisme r\u00e9p\u00e9titif. Cr\u00e9\u00e9 sp\u00e9cialement pour l'interpr\u00e9tation de cette \u0153uvre mythique, l'Ensemble FM, rassemble des musiciens issus des sc\u00e8nes jazz, de la musique improvis\u00e9e et de la musique contemporaine autour leur go\u00fbt de l\u2019exp\u00e9rience et de la spontan\u00e9it\u00e9.","og_url":"https:\/\/freddymorezon.org\/catalogue\/ensemble-fm-in-c\/","og_site_name":"Freddy Morezon","article_publisher":"https:\/\/www.facebook.com\/freddy.morezon\/","article_modified_time":"2024-09-23T13:37:42+00:00","og_image":[{"width":1240,"height":800,"url":"https:\/\/freddymorezon.org\/wp-content\/uploads\/2016\/02\/ensemble-fm-jazz-luz-2015-826A9635.jpg--1240x800.jpg","type":"image\/jpeg"}],"twitter_card":"summary_large_image","schema":{"@context":"https:\/\/schema.org","@graph":[{"@type":"WebPage","@id":"https:\/\/freddymorezon.org\/catalogue\/ensemble-fm-in-c\/","url":"https:\/\/freddymorezon.org\/catalogue\/ensemble-fm-in-c\/","name":"Ensemble FM - In C (Terry Riley) | Freddy Morezon","isPartOf":{"@id":"https:\/\/freddymorezon.org\/#website"},"primaryImageOfPage":{"@id":"https:\/\/freddymorezon.org\/catalogue\/ensemble-fm-in-c\/#primaryimage"},"image":{"@id":"https:\/\/freddymorezon.org\/catalogue\/ensemble-fm-in-c\/#primaryimage"},"thumbnailUrl":"https:\/\/freddymorezon.org\/wp-content\/uploads\/2016\/02\/ensemble-fm-jazz-luz-2015-826A9635.jpg-.jpg","datePublished":"2016-02-04T15:24:22+00:00","dateModified":"2024-09-23T13:37:42+00:00","breadcrumb":{"@id":"https:\/\/freddymorezon.org\/catalogue\/ensemble-fm-in-c\/#breadcrumb"},"inLanguage":"en-US","potentialAction":[{"@type":"ReadAction","target":["https:\/\/freddymorezon.org\/catalogue\/ensemble-fm-in-c\/"]}]},{"@type":"ImageObject","inLanguage":"en-US","@id":"https:\/\/freddymorezon.org\/catalogue\/ensemble-fm-in-c\/#primaryimage","url":"https:\/\/freddymorezon.org\/wp-content\/uploads\/2016\/02\/ensemble-fm-jazz-luz-2015-826A9635.jpg-.jpg","contentUrl":"https:\/\/freddymorezon.org\/wp-content\/uploads\/2016\/02\/ensemble-fm-jazz-luz-2015-826A9635.jpg-.jpg","width":5760,"height":3840,"caption":"Jazz \u00e0 Luzz 2015, du 10 au 13 juillet, Ensemble FM \/ Christine Wodrascka IN-C"},{"@type":"BreadcrumbList","@id":"https:\/\/freddymorezon.org\/catalogue\/ensemble-fm-in-c\/#breadcrumb","itemListElement":[{"@type":"ListItem","position":1,"name":"Accueil","item":"https:\/\/freddymorezon.org\/"},{"@type":"ListItem","position":2,"name":"Catalogue","item":"https:\/\/freddymorezon.org\/catalogue\/"},{"@type":"ListItem","position":3,"name":"Ensemble FM &#8211; In C (Terry Riley)"}]},{"@type":"WebSite","@id":"https:\/\/freddymorezon.org\/#website","url":"https:\/\/freddymorezon.org\/","name":"Freddy Morezon","description":"jazz - musique improvis\u00e9e - esth\u00e9tiques plurielles","publisher":{"@id":"https:\/\/freddymorezon.org\/#organization"},"potentialAction":[{"@type":"SearchAction","target":{"@type":"EntryPoint","urlTemplate":"https:\/\/freddymorezon.org\/?s={search_term_string}"},"query-input":{"@type":"PropertyValueSpecification","valueRequired":true,"valueName":"search_term_string"}}],"inLanguage":"en-US"},{"@type":"Organization","@id":"https:\/\/freddymorezon.org\/#organization","name":"Association Freddy Morezon","url":"https:\/\/freddymorezon.org\/","logo":{"@type":"ImageObject","inLanguage":"en-US","@id":"https:\/\/freddymorezon.org\/#\/schema\/logo\/image\/","url":"https:\/\/freddymorezon.org\/wp-content\/uploads\/2016\/02\/mini-logo-header-site2.jpg","contentUrl":"https:\/\/freddymorezon.org\/wp-content\/uploads\/2016\/02\/mini-logo-header-site2.jpg","width":234,"height":174,"caption":"Association Freddy Morezon"},"image":{"@id":"https:\/\/freddymorezon.org\/#\/schema\/logo\/image\/"},"sameAs":["https:\/\/www.facebook.com\/freddy.morezon\/","https:\/\/www.instagram.com\/freddymorezon\/","https:\/\/www.youtube.com\/user\/freddymorezon","https:\/\/fr.linkedin.com\/company\/freddy-morezon-p.r.o.d."]}]}},"_links":{"self":[{"href":"https:\/\/freddymorezon.org\/en\/wp-json\/wp\/v2\/pages\/126","targetHints":{"allow":["GET"]}}],"collection":[{"href":"https:\/\/freddymorezon.org\/en\/wp-json\/wp\/v2\/pages"}],"about":[{"href":"https:\/\/freddymorezon.org\/en\/wp-json\/wp\/v2\/types\/page"}],"author":[{"embeddable":true,"href":"https:\/\/freddymorezon.org\/en\/wp-json\/wp\/v2\/users\/1"}],"replies":[{"embeddable":true,"href":"https:\/\/freddymorezon.org\/en\/wp-json\/wp\/v2\/comments?post=126"}],"version-history":[{"count":33,"href":"https:\/\/freddymorezon.org\/en\/wp-json\/wp\/v2\/pages\/126\/revisions"}],"predecessor-version":[{"id":20894,"href":"https:\/\/freddymorezon.org\/en\/wp-json\/wp\/v2\/pages\/126\/revisions\/20894"}],"up":[{"embeddable":true,"href":"https:\/\/freddymorezon.org\/en\/wp-json\/wp\/v2\/pages\/134"}],"wp:featuredmedia":[{"embeddable":true,"href":"https:\/\/freddymorezon.org\/en\/wp-json\/wp\/v2\/media\/42"}],"wp:attachment":[{"href":"https:\/\/freddymorezon.org\/en\/wp-json\/wp\/v2\/media?parent=126"}],"wp:term":[{"taxonomy":"category","embeddable":true,"href":"https:\/\/freddymorezon.org\/en\/wp-json\/wp\/v2\/categories?post=126"},{"taxonomy":"post_tag","embeddable":true,"href":"https:\/\/freddymorezon.org\/en\/wp-json\/wp\/v2\/tags?post=126"}],"curies":[{"name":"wp","href":"https:\/\/api.w.org\/{rel}","templated":true}]}}