
{"id":13055,"date":"2021-12-02T12:57:46","date_gmt":"2021-12-02T11:57:46","guid":{"rendered":"https:\/\/freddymorezon.org\/?page_id=13055"},"modified":"2025-11-10T17:05:05","modified_gmt":"2025-11-10T15:05:05","slug":"quatre-chansons-de-carla","status":"publish","type":"page","link":"https:\/\/freddymorezon.org\/en\/label\/quatre-chansons-de-carla\/","title":{"rendered":"Quatre chansons de Carla"},"content":{"rendered":"<div id=\"pl-13055\"  class=\"panel-layout\" ><div id=\"pg-13055-0\"  class=\"panel-grid panel-no-style\" ><div id=\"pgc-13055-0-0\"  class=\"panel-grid-cell\" ><div id=\"panel-13055-0-0-0\" class=\"so-panel widget widget_sow-image panel-first-child\" data-index=\"0\" ><div\n\t\t\t\n\t\t\tclass=\"so-widget-sow-image so-widget-sow-image-default-8b5b6f678277-13055\"\n\t\t\t\n\t\t>\n<div class=\"sow-image-container\">\n\t\t<img \n\tsrc=\"https:\/\/freddymorezon.org\/wp-content\/uploads\/2021\/12\/pochette-mortellerandonnee-V3-site-400x400.png\" width=\"400\" height=\"400\" srcset=\"https:\/\/freddymorezon.org\/wp-content\/uploads\/2021\/12\/pochette-mortellerandonnee-V3-site-400x400.png 400w, https:\/\/freddymorezon.org\/wp-content\/uploads\/2021\/12\/pochette-mortellerandonnee-V3-site-150x150.png 150w, https:\/\/freddymorezon.org\/wp-content\/uploads\/2021\/12\/pochette-mortellerandonnee-V3-site-100x100.png 100w, https:\/\/freddymorezon.org\/wp-content\/uploads\/2021\/12\/pochette-mortellerandonnee-V3-site-300x300.png 300w, https:\/\/freddymorezon.org\/wp-content\/uploads\/2021\/12\/pochette-mortellerandonnee-V3-site.png 450w\" sizes=\"(max-width: 400px) 100vw, 400px\" alt=\"\" \t\tclass=\"so-widget-image\"\/>\n\t<\/div>\n\n<\/div><\/div><div id=\"panel-13055-0-0-1\" class=\"so-panel widget widget_sow-editor\" data-index=\"1\" ><div\n\t\t\t\n\t\t\tclass=\"so-widget-sow-editor so-widget-sow-editor-base\"\n\t\t\t\n\t\t>\n<div class=\"siteorigin-widget-tinymce textwidget\">\n\t<p><iframe style=\"border: 0; width: 350px; height: 274px;\" src=\"https:\/\/bandcamp.com\/EmbeddedPlayer\/album=2468187401\/size=large\/bgcol=ffffff\/linkcol=0687f5\/artwork=none\/transparent=true\/\" seamless><a href=\"https:\/\/mrmorezon.bandcamp.com\/album\/quatre-chansons-de-carla\">Quatre chansons de Carla by Mortelle Randonn\u00e9e<\/a><\/iframe><\/p>\n<\/div>\n<\/div><\/div><div id=\"panel-13055-0-0-2\" class=\"so-panel widget widget_sow-editor\" data-index=\"2\" ><div\n\t\t\t\n\t\t\tclass=\"so-widget-sow-editor so-widget-sow-editor-base\"\n\t\t\t\n\t\t><h3 class=\"widget-title\">DISTRIBUTION &amp; CR\u00c9DITS<\/h3>\n<div class=\"siteorigin-widget-tinymce textwidget\">\n\t<p>S\u00e9bastien Cirotteau : trompette, saxhorn alto, orgue, synth\u00e9tiseur, voix (01), appeau, choeur<br \/>\nAndy L\u00e9v\u00eaque : saxophone alto, basse, clavier, fl\u00fbte \u00e0 bec, voix (03), appeau, choeur<br \/>\nBenjamin Glibert : guitare \u00e9lectrique, percussion, voix (02), appeau, choeur<br \/>\nClem Thomas : batterie, glockenspiel, ukulele, voix (04), appeau, choeur<\/p>\n<p>Compositions : Carla Bley<br \/>\nArrangements : Mortelle Randonn\u00e9e<br \/>\nEnregistrement et mixage : Benjamin Glibert<br \/>\nMastering : Johann Levasseur<br \/>\nIllustration : Eela Laitinen<\/p>\n<\/div>\n<\/div><\/div><div id=\"panel-13055-0-0-3\" class=\"so-panel widget widget_sow-editor panel-last-child\" data-index=\"3\" ><div\n\t\t\t\n\t\t\tclass=\"so-widget-sow-editor so-widget-sow-editor-base\"\n\t\t\t\n\t\t>\n<div class=\"siteorigin-widget-tinymce textwidget\">\n\t<h3>Links<\/h3>\n<ul>\n<li><i class=\"fa fa-chevron-right fa-2x\"><\/i> <a href=\"https:\/\/freddymorezon.org\/projets\/mortelle-randonnee\/\" target=\"_blank\" rel=\"noopener noreferrer\">Mortelle Randonn\u00e9e<\/a><\/li>\n<\/ul>\n<ul>\n<li><i class=\"fa fa-chevron-right fa-2x\"><\/i> <a href=\"https:\/\/freddymorezon.org\/artistes\/sebastien-cirotteau\/\" target=\"_blank\" rel=\"noopener noreferrer\">S\u00e9bastien Cirotteau<\/a><\/li>\n<li><i class=\"fa fa-chevron-right fa-2x\"><\/i> <a href=\"https:\/\/freddymorezon.org\/artistes\/benjamin-glibert\/\" target=\"_blank\" rel=\"noopener noreferrer\">Benjamin Glibert<\/a><\/li>\n<li><i class=\"fa fa-chevron-right fa-2x\"><\/i> <a href=\"https:\/\/freddymorezon.org\/artistes\/andy-leveque\/\" target=\"_blank\" rel=\"noopener noreferrer\">Andy L\u00e9v\u00eaque<\/a><\/li>\n<\/ul>\n<ul>\n<li><i class=\"fa fa-chevron-right fa-2x\"><\/i> <a href=\"https:\/\/mrmorezon.bandcamp.com\/album\/quatre-chansons-de-carla\" target=\"_blank\" rel=\"noopener noreferrer\">Bandcamp<\/a><\/li>\n<\/ul>\n<\/div>\n<\/div><\/div><\/div><div id=\"pgc-13055-0-1\"  class=\"panel-grid-cell\" ><div id=\"panel-13055-0-1-0\" class=\"so-panel widget widget_sow-headline panel-first-child\" data-index=\"4\" ><div\n\t\t\t\n\t\t\tclass=\"so-widget-sow-headline so-widget-sow-headline-default-c8fa18c4903e-13055\"\n\t\t\t\n\t\t><div class=\"sow-headline-container \">\n\t\t\t\t\t\t\t<h2 class=\"sow-headline\">\n\t\t\t\t\t\tQUATRE CHANSONS DE CARLA\t\t\t\t\t\t<\/h2>\n\t\t\t\t\t\t\t\t\t\t\t\t<h3 class=\"sow-sub-headline\">\n\t\t\t\t\t\tMortelle Randonn\u00e9e  Morezon 027 \/ 16 d\u00e9cembre 2021\t\t\t\t\t\t<\/h3>\n\t\t\t\t\t\t\t\t\t\t\t<div class=\"decoration\">\n\t\t\t\t\t\t<div class=\"decoration-inside\"><\/div>\n\t\t\t\t\t<\/div>\n\t\t\t\t\t<\/div>\n<\/div><\/div><div id=\"panel-13055-0-1-1\" class=\"so-panel widget widget_sow-editor\" data-index=\"5\" ><div\n\t\t\t\n\t\t\tclass=\"so-widget-sow-editor so-widget-sow-editor-base\"\n\t\t\t\n\t\t>\n<div class=\"siteorigin-widget-tinymce textwidget\">\n\t<p><iframe loading=\"lazy\" title=\"MUSIQUE MECANIQUE I - Mortelle Randonn\u00e9e\" width=\"790\" height=\"444\" src=\"https:\/\/www.youtube.com\/embed\/IOCrzTdq6Kg?feature=oembed\" frameborder=\"0\" allow=\"accelerometer; autoplay; clipboard-write; encrypted-media; gyroscope; picture-in-picture; web-share\" referrerpolicy=\"strict-origin-when-cross-origin\" allowfullscreen><\/iframe><\/p>\n<\/div>\n<\/div><\/div><div id=\"panel-13055-0-1-2\" class=\"so-panel widget widget_eo_event_list_widget EO_Event_List_Widget panel-last-child\" data-index=\"6\" >\n\n<\/div><\/div><\/div><\/div>","protected":false},"excerpt":{"rendered":"<p>December 2021<\/p>\n","protected":false},"author":1,"featured_media":13056,"parent":140,"menu_order":0,"comment_status":"closed","ping_status":"closed","template":"page-templates\/full-width.php","meta":{"om_disable_all_campaigns":false,"_monsterinsights_skip_tracking":false,"_monsterinsights_sitenote_active":false,"_monsterinsights_sitenote_note":"","_monsterinsights_sitenote_category":0,"_uf_show_specific_survey":0,"_uf_disable_surveys":false,"footnotes":""},"categories":[1174],"tags":[],"class_list":["post-13055","page","type-page","status-publish","has-post-thumbnail","hentry","category-page-label"],"aioseo_notices":[],"yoast_head":"<!-- This site is optimized with the Yoast SEO plugin v27.3 - https:\/\/yoast.com\/product\/yoast-seo-wordpress\/ -->\n<title>Quatre chansons de Carla | Freddy Morezon<\/title>\n<meta name=\"robots\" content=\"index, follow, max-snippet:-1, max-image-preview:large, max-video-preview:-1\" \/>\n<link rel=\"canonical\" href=\"https:\/\/freddymorezon.org\/label\/quatre-chansons-de-carla\/\" \/>\n<meta property=\"og:locale\" content=\"en_US\" \/>\n<meta property=\"og:type\" content=\"article\" \/>\n<meta property=\"og:title\" content=\"Quatre chansons de Carla | Freddy Morezon\" \/>\n<meta property=\"og:description\" content=\"[:fr]D\u00e9cembre 2021[:en]December 2021[:]\" \/>\n<meta property=\"og:url\" content=\"https:\/\/freddymorezon.org\/label\/quatre-chansons-de-carla\/\" \/>\n<meta property=\"og:site_name\" content=\"Freddy Morezon\" \/>\n<meta property=\"article:publisher\" content=\"https:\/\/www.facebook.com\/freddy.morezon\/\" \/>\n<meta property=\"article:modified_time\" content=\"2025-11-10T15:05:05+00:00\" \/>\n<meta property=\"og:image\" content=\"https:\/\/freddymorezon.org\/wp-content\/uploads\/2021\/12\/pochette-mortellerandonnee-V3-site.png\" \/>\n\t<meta property=\"og:image:width\" content=\"450\" \/>\n\t<meta property=\"og:image:height\" content=\"450\" \/>\n\t<meta property=\"og:image:type\" content=\"image\/png\" \/>\n<meta name=\"twitter:card\" content=\"summary_large_image\" \/>\n<script type=\"application\/ld+json\" class=\"yoast-schema-graph\">{\"@context\":\"https:\\\/\\\/schema.org\",\"@graph\":[{\"@type\":\"WebPage\",\"@id\":\"https:\\\/\\\/freddymorezon.org\\\/label\\\/quatre-chansons-de-carla\\\/\",\"url\":\"https:\\\/\\\/freddymorezon.org\\\/label\\\/quatre-chansons-de-carla\\\/\",\"name\":\"Quatre chansons de Carla | Freddy Morezon\",\"isPartOf\":{\"@id\":\"https:\\\/\\\/freddymorezon.org\\\/#website\"},\"primaryImageOfPage\":{\"@id\":\"https:\\\/\\\/freddymorezon.org\\\/label\\\/quatre-chansons-de-carla\\\/#primaryimage\"},\"image\":{\"@id\":\"https:\\\/\\\/freddymorezon.org\\\/label\\\/quatre-chansons-de-carla\\\/#primaryimage\"},\"thumbnailUrl\":\"https:\\\/\\\/freddymorezon.org\\\/wp-content\\\/uploads\\\/2021\\\/12\\\/pochette-mortellerandonnee-V3-site.png\",\"datePublished\":\"2021-12-02T11:57:46+00:00\",\"dateModified\":\"2025-11-10T15:05:05+00:00\",\"breadcrumb\":{\"@id\":\"https:\\\/\\\/freddymorezon.org\\\/label\\\/quatre-chansons-de-carla\\\/#breadcrumb\"},\"inLanguage\":\"en-US\",\"potentialAction\":[{\"@type\":\"ReadAction\",\"target\":[\"https:\\\/\\\/freddymorezon.org\\\/label\\\/quatre-chansons-de-carla\\\/\"]}]},{\"@type\":\"ImageObject\",\"inLanguage\":\"en-US\",\"@id\":\"https:\\\/\\\/freddymorezon.org\\\/label\\\/quatre-chansons-de-carla\\\/#primaryimage\",\"url\":\"https:\\\/\\\/freddymorezon.org\\\/wp-content\\\/uploads\\\/2021\\\/12\\\/pochette-mortellerandonnee-V3-site.png\",\"contentUrl\":\"https:\\\/\\\/freddymorezon.org\\\/wp-content\\\/uploads\\\/2021\\\/12\\\/pochette-mortellerandonnee-V3-site.png\",\"width\":450,\"height\":450},{\"@type\":\"BreadcrumbList\",\"@id\":\"https:\\\/\\\/freddymorezon.org\\\/label\\\/quatre-chansons-de-carla\\\/#breadcrumb\",\"itemListElement\":[{\"@type\":\"ListItem\",\"position\":1,\"name\":\"Accueil\",\"item\":\"https:\\\/\\\/freddymorezon.org\\\/\"},{\"@type\":\"ListItem\",\"position\":2,\"name\":\"Label\",\"item\":\"https:\\\/\\\/freddymorezon.org\\\/label\\\/\"},{\"@type\":\"ListItem\",\"position\":3,\"name\":\"Quatre chansons de Carla\"}]},{\"@type\":\"WebSite\",\"@id\":\"https:\\\/\\\/freddymorezon.org\\\/#website\",\"url\":\"https:\\\/\\\/freddymorezon.org\\\/\",\"name\":\"Freddy Morezon\",\"description\":\"jazz - musique improvis\u00e9e - esth\u00e9tiques plurielles\",\"publisher\":{\"@id\":\"https:\\\/\\\/freddymorezon.org\\\/#organization\"},\"potentialAction\":[{\"@type\":\"SearchAction\",\"target\":{\"@type\":\"EntryPoint\",\"urlTemplate\":\"https:\\\/\\\/freddymorezon.org\\\/?s={search_term_string}\"},\"query-input\":{\"@type\":\"PropertyValueSpecification\",\"valueRequired\":true,\"valueName\":\"search_term_string\"}}],\"inLanguage\":\"en-US\"},{\"@type\":\"Organization\",\"@id\":\"https:\\\/\\\/freddymorezon.org\\\/#organization\",\"name\":\"Association Freddy Morezon\",\"url\":\"https:\\\/\\\/freddymorezon.org\\\/\",\"logo\":{\"@type\":\"ImageObject\",\"inLanguage\":\"en-US\",\"@id\":\"https:\\\/\\\/freddymorezon.org\\\/#\\\/schema\\\/logo\\\/image\\\/\",\"url\":\"https:\\\/\\\/freddymorezon.org\\\/wp-content\\\/uploads\\\/2016\\\/02\\\/mini-logo-header-site2.jpg\",\"contentUrl\":\"https:\\\/\\\/freddymorezon.org\\\/wp-content\\\/uploads\\\/2016\\\/02\\\/mini-logo-header-site2.jpg\",\"width\":234,\"height\":174,\"caption\":\"Association Freddy Morezon\"},\"image\":{\"@id\":\"https:\\\/\\\/freddymorezon.org\\\/#\\\/schema\\\/logo\\\/image\\\/\"},\"sameAs\":[\"https:\\\/\\\/www.facebook.com\\\/freddy.morezon\\\/\",\"https:\\\/\\\/www.instagram.com\\\/freddymorezon\\\/\",\"https:\\\/\\\/www.youtube.com\\\/user\\\/freddymorezon\",\"https:\\\/\\\/fr.linkedin.com\\\/company\\\/freddy-morezon-p.r.o.d.\"]}]}<\/script>\n<!-- \/ Yoast SEO plugin. -->","yoast_head_json":{"title":"Quatre chansons de Carla | Freddy Morezon","robots":{"index":"index","follow":"follow","max-snippet":"max-snippet:-1","max-image-preview":"max-image-preview:large","max-video-preview":"max-video-preview:-1"},"canonical":"https:\/\/freddymorezon.org\/label\/quatre-chansons-de-carla\/","og_locale":"en_US","og_type":"article","og_title":"Quatre chansons de Carla | Freddy Morezon","og_description":"[:fr]D\u00e9cembre 2021[:en]December 2021[:]","og_url":"https:\/\/freddymorezon.org\/label\/quatre-chansons-de-carla\/","og_site_name":"Freddy Morezon","article_publisher":"https:\/\/www.facebook.com\/freddy.morezon\/","article_modified_time":"2025-11-10T15:05:05+00:00","og_image":[{"width":450,"height":450,"url":"https:\/\/freddymorezon.org\/wp-content\/uploads\/2021\/12\/pochette-mortellerandonnee-V3-site.png","type":"image\/png"}],"twitter_card":"summary_large_image","schema":{"@context":"https:\/\/schema.org","@graph":[{"@type":"WebPage","@id":"https:\/\/freddymorezon.org\/label\/quatre-chansons-de-carla\/","url":"https:\/\/freddymorezon.org\/label\/quatre-chansons-de-carla\/","name":"Quatre chansons de Carla | Freddy Morezon","isPartOf":{"@id":"https:\/\/freddymorezon.org\/#website"},"primaryImageOfPage":{"@id":"https:\/\/freddymorezon.org\/label\/quatre-chansons-de-carla\/#primaryimage"},"image":{"@id":"https:\/\/freddymorezon.org\/label\/quatre-chansons-de-carla\/#primaryimage"},"thumbnailUrl":"https:\/\/freddymorezon.org\/wp-content\/uploads\/2021\/12\/pochette-mortellerandonnee-V3-site.png","datePublished":"2021-12-02T11:57:46+00:00","dateModified":"2025-11-10T15:05:05+00:00","breadcrumb":{"@id":"https:\/\/freddymorezon.org\/label\/quatre-chansons-de-carla\/#breadcrumb"},"inLanguage":"en-US","potentialAction":[{"@type":"ReadAction","target":["https:\/\/freddymorezon.org\/label\/quatre-chansons-de-carla\/"]}]},{"@type":"ImageObject","inLanguage":"en-US","@id":"https:\/\/freddymorezon.org\/label\/quatre-chansons-de-carla\/#primaryimage","url":"https:\/\/freddymorezon.org\/wp-content\/uploads\/2021\/12\/pochette-mortellerandonnee-V3-site.png","contentUrl":"https:\/\/freddymorezon.org\/wp-content\/uploads\/2021\/12\/pochette-mortellerandonnee-V3-site.png","width":450,"height":450},{"@type":"BreadcrumbList","@id":"https:\/\/freddymorezon.org\/label\/quatre-chansons-de-carla\/#breadcrumb","itemListElement":[{"@type":"ListItem","position":1,"name":"Accueil","item":"https:\/\/freddymorezon.org\/"},{"@type":"ListItem","position":2,"name":"Label","item":"https:\/\/freddymorezon.org\/label\/"},{"@type":"ListItem","position":3,"name":"Quatre chansons de Carla"}]},{"@type":"WebSite","@id":"https:\/\/freddymorezon.org\/#website","url":"https:\/\/freddymorezon.org\/","name":"Freddy Morezon","description":"jazz - musique improvis\u00e9e - esth\u00e9tiques plurielles","publisher":{"@id":"https:\/\/freddymorezon.org\/#organization"},"potentialAction":[{"@type":"SearchAction","target":{"@type":"EntryPoint","urlTemplate":"https:\/\/freddymorezon.org\/?s={search_term_string}"},"query-input":{"@type":"PropertyValueSpecification","valueRequired":true,"valueName":"search_term_string"}}],"inLanguage":"en-US"},{"@type":"Organization","@id":"https:\/\/freddymorezon.org\/#organization","name":"Association Freddy Morezon","url":"https:\/\/freddymorezon.org\/","logo":{"@type":"ImageObject","inLanguage":"en-US","@id":"https:\/\/freddymorezon.org\/#\/schema\/logo\/image\/","url":"https:\/\/freddymorezon.org\/wp-content\/uploads\/2016\/02\/mini-logo-header-site2.jpg","contentUrl":"https:\/\/freddymorezon.org\/wp-content\/uploads\/2016\/02\/mini-logo-header-site2.jpg","width":234,"height":174,"caption":"Association Freddy Morezon"},"image":{"@id":"https:\/\/freddymorezon.org\/#\/schema\/logo\/image\/"},"sameAs":["https:\/\/www.facebook.com\/freddy.morezon\/","https:\/\/www.instagram.com\/freddymorezon\/","https:\/\/www.youtube.com\/user\/freddymorezon","https:\/\/fr.linkedin.com\/company\/freddy-morezon-p.r.o.d."]}]}},"_links":{"self":[{"href":"https:\/\/freddymorezon.org\/en\/wp-json\/wp\/v2\/pages\/13055","targetHints":{"allow":["GET"]}}],"collection":[{"href":"https:\/\/freddymorezon.org\/en\/wp-json\/wp\/v2\/pages"}],"about":[{"href":"https:\/\/freddymorezon.org\/en\/wp-json\/wp\/v2\/types\/page"}],"author":[{"embeddable":true,"href":"https:\/\/freddymorezon.org\/en\/wp-json\/wp\/v2\/users\/1"}],"replies":[{"embeddable":true,"href":"https:\/\/freddymorezon.org\/en\/wp-json\/wp\/v2\/comments?post=13055"}],"version-history":[{"count":30,"href":"https:\/\/freddymorezon.org\/en\/wp-json\/wp\/v2\/pages\/13055\/revisions"}],"predecessor-version":[{"id":24287,"href":"https:\/\/freddymorezon.org\/en\/wp-json\/wp\/v2\/pages\/13055\/revisions\/24287"}],"up":[{"embeddable":true,"href":"https:\/\/freddymorezon.org\/en\/wp-json\/wp\/v2\/pages\/140"}],"wp:featuredmedia":[{"embeddable":true,"href":"https:\/\/freddymorezon.org\/en\/wp-json\/wp\/v2\/media\/13056"}],"wp:attachment":[{"href":"https:\/\/freddymorezon.org\/en\/wp-json\/wp\/v2\/media?parent=13055"}],"wp:term":[{"taxonomy":"category","embeddable":true,"href":"https:\/\/freddymorezon.org\/en\/wp-json\/wp\/v2\/categories?post=13055"},{"taxonomy":"post_tag","embeddable":true,"href":"https:\/\/freddymorezon.org\/en\/wp-json\/wp\/v2\/tags?post=13055"}],"curies":[{"name":"wp","href":"https:\/\/api.w.org\/{rel}","templated":true}]}}