
{"id":13538,"date":"2022-01-24T15:46:48","date_gmt":"2022-01-24T14:46:48","guid":{"rendered":"https:\/\/freddymorezon.org\/?page_id=13538"},"modified":"2026-04-08T10:11:38","modified_gmt":"2026-04-08T08:11:38","slug":"xibipiio","status":"publish","type":"page","link":"https:\/\/freddymorezon.org\/en\/catalogue\/xibipiio\/","title":{"rendered":"Xibip\u00ed\u00edo"},"content":{"rendered":"<div id=\"pl-13538\"  class=\"panel-layout\" ><div id=\"pg-13538-0\"  class=\"panel-grid panel-no-style\" ><div id=\"pgc-13538-0-0\"  class=\"panel-grid-cell\" ><div id=\"panel-13538-0-0-0\" class=\"so-panel widget widget_sow-editor panel-first-child\" data-index=\"0\" ><div\n\t\t\t\n\t\t\tclass=\"so-widget-sow-editor so-widget-sow-editor-base\"\n\t\t\t\n\t\t>\n<div class=\"siteorigin-widget-tinymce textwidget\">\n\t<h1>Xibip\u00ed\u00edo  <span class=\"h3\"> creation 2022<\/span><\/h1>\n<\/div>\n<\/div><\/div><div id=\"panel-13538-0-0-1\" class=\"so-panel widget widget_sow-image\" data-index=\"1\" ><div\n\t\t\t\n\t\t\tclass=\"so-widget-sow-image so-widget-sow-image-default-8b5b6f678277-13538\"\n\t\t\t\n\t\t>\n<div class=\"sow-image-container\">\n\t\t<img \n\tsrc=\"https:\/\/freddymorezon.org\/wp-content\/uploads\/2022\/01\/Xibipiio-c-Michel-Laborde-web-nb-DSCF1973-1200x560.jpg\" width=\"1200\" height=\"560\" sizes=\"(max-width: 1200px) 100vw, 1200px\" title=\"Betty Hovette, Nicolas Lafourest\" alt=\"\" \t\tclass=\"so-widget-image\"\/>\n\t<\/div>\n\n<\/div><\/div><div id=\"panel-13538-0-0-2\" class=\"so-panel widget widget_sow-editor panel-last-child\" data-index=\"2\" ><div\n\t\t\t\n\t\t\tclass=\"so-widget-sow-editor so-widget-sow-editor-base\"\n\t\t\t\n\t\t>\n<div class=\"siteorigin-widget-tinymce textwidget\">\n\t<p class=\"copyright\" style=\"text-align: right;\">\u00a9 Michel Laborde<\/p>\n<div class=\"pt-cv-wrapper\">\n<div class=\"pt-cv-view pt-cv-scrollable pt-cv-colsys pt-cv-left pt-cv-sharp-buttons\" id=\"pt-cv-view-d512812um9\">\n<div data-id=\"pt-cv-page-1\" class=\"pt-cv-page\" data-cvc=\"2\">\n<div id=\"b8a0480xj2\" class=\"pt-cv-carousel pt-cv-slide\" data-ride=\"cvcarousel\" data-interval=false>\n<div class=\"carousel-inner\">\n<div class=\"item active\">\n<div class=\"row\">\n<div class=\"col-md-6 col-sm-6 col-xs-12 pt-cv-content-item pt-cv-1-col\"  data-pid=\"15946\">\n<div class=\"pt-cv-carousel-caption pt-cv-cap-wo-img\"><a href=\"\" class=\"pt-cv-none pt-cv-href-thumbnail pt-cv-thumb-default cvplbd\" target=\"pt-cv-none\" rel=\"nofollow\"><iframe loading=\"lazy\" title=\"XIBIP\u00ed\u00edO - #LesD\u00e9rivesSonores #24 - 18 novembre 2022\" width=\"560\" height=\"315\" src=\"https:\/\/www.youtube.com\/embed\/8J1zbbXjrPM?feature=oembed\" frameborder=\"0\" allow=\"accelerometer; autoplay; clipboard-write; encrypted-media; gyroscope; picture-in-picture; web-share\" referrerpolicy=\"strict-origin-when-cross-origin\" allowfullscreen><\/iframe><\/a><\/div>\n<\/div>\n<div class=\"col-md-6 col-sm-6 col-xs-12 pt-cv-content-item pt-cv-1-col\"  data-pid=\"15060\">\n<div class=\"pt-cv-carousel-caption pt-cv-cap-wo-img\"><a href=\"\" class=\"pt-cv-none pt-cv-href-thumbnail pt-cv-thumb-default cvplbd\" target=\"pt-cv-none\" rel=\"nofollow\"><iframe loading=\"lazy\" title=\"Xibip\u00ed\u00edo : Betty Hovette &amp; Nicolas Lafourest (extrait de concert)\" width=\"560\" height=\"315\" src=\"https:\/\/www.youtube.com\/embed\/AtuxtQrAsEo?feature=oembed\" frameborder=\"0\" allow=\"accelerometer; autoplay; clipboard-write; encrypted-media; gyroscope; picture-in-picture; web-share\" referrerpolicy=\"strict-origin-when-cross-origin\" allowfullscreen><\/iframe><\/a><\/div>\n<\/div>\n<\/div>\n<\/div>\n<\/div>\n<\/div>\n<\/div>\n<\/div>\n<\/div>\n<style type=\"text\/css\" id=\"pt-cv-inline-style-5449c6432h\">#pt-cv-view-d512812um9.pt-cv-post-border .pt-cv-content-item   { border-top-style: solid; border-left-style: solid; }\n#pt-cv-view-d512812um9 .pt-cv-title a, #pt-cv-view-d512812um9  .panel-title { font-weight: 600 !important; }\n#pt-cv-view-d512812um9 .pt-cv-specialp * { font-size: 13px !important; line-height: 1.3 !important; color: #fff !important; background-color: #CC3333 !important; }\n#pt-cv-view-d512812um9 .pt-cv-pficon  { color: #bbb !important; }\n#pt-cv-view-d512812um9  .add_to_cart_button, #pt-cv-view-d512812um9  .add_to_cart_button *   { color: #ffffff !important; background-color: #00aeef !important; }\n#pt-cv-view-d512812um9  .woocommerce-onsale   { color: #ffffff !important; background-color: #ff5a5f !important; }\n#pt-cv-view-d512812um9 .pt-cv-readmore  { color: #ffffff !important; background-color: #00aeef !important; }\n#pt-cv-view-d512812um9 .pt-cv-readmore:hover  { color: #ffffff !important; background-color: #00aeef !important; }\n#pt-cv-view-d512812um9  + .pt-cv-pagination-wrapper .pt-cv-more , #pt-cv-view-d512812um9  + .pt-cv-pagination-wrapper .pagination .active a { color: #ffffff !important; background-color: #00aeef !important; }\n#pt-cv-view-d512812um9 .pt-cv-gls-header  { background-color: #00aeef !important; }\n#pt-cv-view-d512812um9 .pt-cv-tao  { font-size: 20px !important; line-height: 1.3 !important; color: #ffffff !important; background-color: #00aeef !important; }\n#pt-cv-view-d512812um9 { text-align: left; }<\/style>\n<p><a href=\"https:\/\/youtube.com\/playlist?list=PLG_k4hTlcRtK41DUF7f2L6Ta_B7Ft24XC\" target=\"_blank\" title=\"Toutes les vid\u00e9os de Xibip\u00ed\u00edo (Youtube)\" alt=\"Toutes les vid\u00e9os de Xibip\u00ed\u00edo\" rel=\"noopener noreferrer\">Toutes les vid\u00e9os de Xibip\u00ed\u00edo <i class=\"fa fa-plus-square\"><\/i><\/a> <\/p>\n<h3>Xibip\u00ed\u00edo (cr\u00e9ation 2022)<\/h3>\n<p>Xibip\u00ed\u00edo, c\u2019est la\u00a0 rencontre vibrante et r\u00e9sonnante de 170 cordes.<br \/>\nA l\u2019origine, une proposition de Nicolas, celle de se rencontrer pour jouer ensemble quelques morceaux issus de son solo Faulkner Songs.<br \/>\nAux fronti\u00e8res de l\u2019improvisation et de la composition, le duo fouille, gratte, creuse\u00a0 des\u00a0 mati\u00e8res sonores, des associations de timbres \u00e0 l\u2019amplitude tr\u00e8s dynamique pour en extraire un nectar qui se cristallise progressivement au cours des sessions de r\u00e9p\u00e9titions. Un propos musical \u00e0 caract\u00e8re m\u00e9lodique autant que bruitiste se r\u00e9v\u00e8le, sans fioriture.<br \/>\nEn ressort, une musique engag\u00e9e, \u00e9pur\u00e9e, tout en apesanteur et suspension, \u00a0nourrie de fulgurance et de tensions o\u00f9 l\u2019\u00e9nergie nous entra\u00eene dans les ab\u00eemes de notre \u00eatre avec un rapport \u00e0 l\u2019instant tr\u00e8s intense.<\/p>\n<p>Provenant du Piraha, langue parl\u00e9e aux abords du fleuve Amazone au Br\u00e9sil, Xibip\u00ed\u00edo exprime cet instant qui se situe entre l\u2019apparition et l\u2019\u00e9vanescence o\u00f9 seule la magnificence du pr\u00e9sent est \u00e0 saisir.<\/p>\n<blockquote><p>Au seuil de notre exp\u00e9rience, dans l\u2019infiniment petit - comme le nuage de poussi\u00e8re illumin\u00e9, ou dans le lointain, sur la ligne d\u2019horizon, le xibip\u00ed\u00edo \u00e9voque cet espace aux limites de la perception.[\u2026] Pour les Hi\u2019aiti\u2019iti (peuple d\u2019amazonie) semble seulement compter le pr\u00e9sent, l\u2019exp\u00e9rience imm\u00e9diate dans toute sa richesse et sa subtilt\u00e9 [\u2026] Xibip\u00ed\u00edo serait donc une invitation \u00e0 \u00ab\u00a0cueillir le jour\u00a0\u00bb, tourn\u00e9e, non vers le bonheur individuel comme le carpe diem \u00e9picurien, mais vers le monde qui nous entoure et se m\u00e9tamorphose sans cesse.<\/p><\/blockquote>\n<p><em>Octave Larmagnac-Matheron (Philosophie magazine)<\/em><\/p>\n<\/div>\n<\/div><\/div><\/div><div id=\"pgc-13538-0-1\"  class=\"panel-grid-cell\" ><div id=\"panel-13538-0-1-0\" class=\"so-panel widget widget_eo_event_list_widget EO_Event_List_Widget panel-first-child\" data-index=\"3\" >\n\n<\/div><div id=\"panel-13538-0-1-1\" class=\"so-panel widget widget_sow-editor\" data-index=\"4\" ><div\n\t\t\t\n\t\t\tclass=\"so-widget-sow-editor so-widget-sow-editor-base\"\n\t\t\t\n\t\t>\n<div class=\"siteorigin-widget-tinymce textwidget\">\n\t<p style=\"text-align: center;\"><a href=\"https:\/\/freddymorezon.org\/agenda-xibipiio\/\"><i class=\"fa fa-chevron-right fa-2x\"><\/i> View all tour dates<\/a><\/p>\n<\/div>\n<\/div><\/div><div id=\"panel-13538-0-1-2\" class=\"so-panel widget widget_sow-editor\" data-index=\"5\" ><div\n\t\t\t\n\t\t\tclass=\"so-widget-sow-editor so-widget-sow-editor-base\"\n\t\t\t\n\t\t>\n<div class=\"siteorigin-widget-tinymce textwidget\">\n\t<h3>Ecouter<\/h3>\n<p><iframe loading=\"lazy\" width=\"100%\" height=\"100%\" scrolling=\"no\" frameborder=\"no\" allow=\"autoplay\" src=\"https:\/\/w.soundcloud.com\/player\/?url=https%3A\/\/api.soundcloud.com\/playlists\/1433082793&color=%23ff5500&auto_play=false&hide_related=false&show_comments=true&show_user=true&show_reposts=false&show_teaser=true\"><\/iframe><\/p>\n<div style=\"font-size: 10px; color: #cccccc;line-break: anywhere;word-break: normal;overflow: hidden;white-space: nowrap;text-overflow: ellipsis; font-family: Interstate,Lucida Grande,Lucida Sans Unicode,Lucida Sans,Garuda,Verdana,Tahoma,sans-serif;font-weight: 100;\"><a href=\"https:\/\/soundcloud.com\/freddymorezon\" title=\"FreddyMorezon\" target=\"_blank\" style=\"color: #cccccc; text-decoration: none;\" rel=\"noopener noreferrer\">FreddyMorezon<\/a> \u00b7 <a href=\"https:\/\/soundcloud.com\/freddymorezon\/sets\/xibipiio-2\" title=\"XIBIPIIO\" target=\"_blank\" style=\"color: #cccccc; text-decoration: none;\" rel=\"noopener noreferrer\">XIBIPIIO<\/a><\/div>\n<\/div>\n<\/div><\/div><div id=\"panel-13538-0-1-3\" class=\"so-panel widget widget_sow-headline\" data-index=\"6\" ><div\n\t\t\t\n\t\t\tclass=\"so-widget-sow-headline so-widget-sow-headline-default-28ce8d53df77-13538\"\n\t\t\t\n\t\t><div class=\"sow-headline-container \">\n\t\t\t\t\t\t<div class=\"decoration\">\n\t\t\t\t\t\t<div class=\"decoration-inside\"><\/div>\n\t\t\t\t\t<\/div>\n\t\t\t\t\t<\/div>\n<\/div><\/div><div id=\"panel-13538-0-1-4\" class=\"so-panel widget widget_sow-editor\" data-index=\"7\" ><div\n\t\t\t\n\t\t\tclass=\"so-widget-sow-editor so-widget-sow-editor-base\"\n\t\t\t\n\t\t>\n<div class=\"siteorigin-widget-tinymce textwidget\">\n\t<h3>Line-up<\/h3>\n<p><strong>Betty Hovette :<\/strong> piano<br \/>\n<strong>Nicolas Lafourest :<\/strong> electric guitar<\/p>\n<\/div>\n<\/div><\/div><div id=\"panel-13538-0-1-5\" class=\"so-panel widget widget_sow-headline\" data-index=\"8\" ><div\n\t\t\t\n\t\t\tclass=\"so-widget-sow-headline so-widget-sow-headline-default-28ce8d53df77-13538\"\n\t\t\t\n\t\t><div class=\"sow-headline-container \">\n\t\t\t\t\t\t<div class=\"decoration\">\n\t\t\t\t\t\t<div class=\"decoration-inside\"><\/div>\n\t\t\t\t\t<\/div>\n\t\t\t\t\t<\/div>\n<\/div><\/div><div id=\"panel-13538-0-1-6\" class=\"so-panel widget widget_sow-editor panel-last-child\" data-index=\"9\" ><div\n\t\t\t\n\t\t\tclass=\"so-widget-sow-editor so-widget-sow-editor-base\"\n\t\t\t\n\t\t>\n<div class=\"siteorigin-widget-tinymce textwidget\">\n\t<h3>Contact<\/h3>\n<p>Sarah Recla \/\/ sarah@freddymorezon.org<\/p>\n<h3>links<\/h3>\n<p><i class=\"fa fa-file-text-o fa-2x\"><\/i> <a title=\"consulter la revue de presse\" href=\"https:\/\/freddymorezon.org\/packspro\/Revue-de-Presse-Xibipiio\" target=\"_blank\" rel=\"noopener noreferrer\"> Press review (FR)<\/a><\/p>\n<p><i class=\"fa fa-folder fa-4x\"><\/i> <a title=\"pack pro\" href=\"https:\/\/fichiers.freddymorezon.org\/index.php\/s\/zVREz0RApjxSKYg\" target=\"_blank\" rel=\"noopener noreferrer\">Pack pro<\/a><\/p>\n<ul>\n<li><i class=\"fa fa-chevron-right fa-2x\"><\/i> <a title=\"Betty Hovette\" href=\"https:\/\/freddymorezon.org\/artistes\/betty-hovette\/\">Betty Hovette<\/a><\/li>\n<li><i class=\"fa fa-chevron-right fa-2x\"><\/i> <a title=\"Nicolas Lafourest\" href=\"https:\/\/freddymorezon.org\/artistes\/nicolas-lafourest\/\">Nicolas Lafourest<\/a><\/li>\n<\/ul>\n<\/div>\n<\/div><\/div><\/div><\/div><\/div>","protected":false},"excerpt":{"rendered":"<p>Xibip\u00ed\u00edo creation 2022 \u00a9 Michel Laborde Toutes les vid\u00e9os de Xibip\u00ed\u00edo Xibip\u00ed\u00edo (cr\u00e9ation 2022) Xibip\u00ed\u00edo, c\u2019est la\u00a0 rencontre vibrante et r\u00e9sonnante de 170 cordes. A l\u2019origine, une proposition de Nicolas, celle de se rencontrer pour jouer ensemble quelques morceaux issus de son solo Faulkner Songs. Aux fronti\u00e8res de l\u2019improvisation et de la composition, le duo&hellip;<\/p>\n<p><a class=\"more-link\" href=\"https:\/\/freddymorezon.org\/en\/catalogue\/xibipiio\/\" title=\"Continue reading &lsquo;Xibip\u00ed\u00edo&rsquo;\">Continue reading <span class=\"meta-nav\">&rarr;<\/span><\/a><\/p>\n","protected":false},"author":1,"featured_media":13639,"parent":134,"menu_order":90,"comment_status":"closed","ping_status":"closed","template":"page-templates\/full-width.php","meta":{"om_disable_all_campaigns":false,"_monsterinsights_skip_tracking":false,"_monsterinsights_sitenote_active":false,"_monsterinsights_sitenote_note":"","_monsterinsights_sitenote_category":0,"_uf_show_specific_survey":0,"_uf_disable_surveys":false,"footnotes":""},"categories":[766,1078,1300,932],"tags":[],"class_list":["post-13538","page","type-page","status-publish","has-post-thumbnail","hentry","category-betty-hovette","category-nicolas-lafourest","category-page-archives","category-projets"],"aioseo_notices":[],"yoast_head":"<!-- This site is optimized with the Yoast SEO plugin v27.4 - https:\/\/yoast.com\/product\/yoast-seo-wordpress\/ -->\n<title>Xibip\u00ed\u00edo | Freddy Morezon<\/title>\n<meta name=\"robots\" content=\"index, follow, max-snippet:-1, max-image-preview:large, max-video-preview:-1\" \/>\n<link rel=\"canonical\" href=\"https:\/\/freddymorezon.org\/catalogue\/xibipiio\/\" \/>\n<meta property=\"og:locale\" content=\"en_US\" \/>\n<meta property=\"og:type\" content=\"article\" \/>\n<meta property=\"og:title\" content=\"Xibip\u00ed\u00edo | Freddy Morezon\" \/>\n<meta property=\"og:description\" content=\"Xibip\u00ed\u00edo creation 2022 \u00a9 Michel Laborde Toutes les vid\u00e9os de Xibip\u00ed\u00edo Xibip\u00ed\u00edo (cr\u00e9ation 2022) Xibip\u00ed\u00edo, c\u2019est la\u00a0 rencontre vibrante et r\u00e9sonnante de 170 cordes. A l\u2019origine, une proposition de Nicolas, celle de se rencontrer pour jouer ensemble quelques morceaux issus de son solo Faulkner Songs. Aux fronti\u00e8res de l\u2019improvisation et de la composition, le duo&hellip;Continue reading &rarr;\" \/>\n<meta property=\"og:url\" content=\"https:\/\/freddymorezon.org\/catalogue\/xibipiio\/\" \/>\n<meta property=\"og:site_name\" content=\"Freddy Morezon\" \/>\n<meta property=\"article:publisher\" content=\"https:\/\/www.facebook.com\/freddy.morezon\/\" \/>\n<meta property=\"article:modified_time\" content=\"2026-04-08T08:11:38+00:00\" \/>\n<meta property=\"og:image\" content=\"https:\/\/freddymorezon.org\/wp-content\/uploads\/2022\/01\/Xibipiio-c-Michel-Laborde-web-nb-DSCF1973.jpg\" \/>\n\t<meta property=\"og:image:width\" content=\"1200\" \/>\n\t<meta property=\"og:image:height\" content=\"804\" \/>\n\t<meta property=\"og:image:type\" content=\"image\/jpeg\" \/>\n<meta name=\"twitter:card\" content=\"summary_large_image\" \/>\n<script type=\"application\/ld+json\" class=\"yoast-schema-graph\">{\"@context\":\"https:\\\/\\\/schema.org\",\"@graph\":[{\"@type\":\"WebPage\",\"@id\":\"https:\\\/\\\/freddymorezon.org\\\/catalogue\\\/xibipiio\\\/\",\"url\":\"https:\\\/\\\/freddymorezon.org\\\/catalogue\\\/xibipiio\\\/\",\"name\":\"Xibip\u00ed\u00edo | Freddy Morezon\",\"isPartOf\":{\"@id\":\"https:\\\/\\\/freddymorezon.org\\\/#website\"},\"primaryImageOfPage\":{\"@id\":\"https:\\\/\\\/freddymorezon.org\\\/catalogue\\\/xibipiio\\\/#primaryimage\"},\"image\":{\"@id\":\"https:\\\/\\\/freddymorezon.org\\\/catalogue\\\/xibipiio\\\/#primaryimage\"},\"thumbnailUrl\":\"https:\\\/\\\/freddymorezon.org\\\/wp-content\\\/uploads\\\/2022\\\/01\\\/Xibipiio-c-Michel-Laborde-web-nb-DSCF1973.jpg\",\"datePublished\":\"2022-01-24T14:46:48+00:00\",\"dateModified\":\"2026-04-08T08:11:38+00:00\",\"breadcrumb\":{\"@id\":\"https:\\\/\\\/freddymorezon.org\\\/catalogue\\\/xibipiio\\\/#breadcrumb\"},\"inLanguage\":\"en-US\",\"potentialAction\":[{\"@type\":\"ReadAction\",\"target\":[\"https:\\\/\\\/freddymorezon.org\\\/catalogue\\\/xibipiio\\\/\"]}]},{\"@type\":\"ImageObject\",\"inLanguage\":\"en-US\",\"@id\":\"https:\\\/\\\/freddymorezon.org\\\/catalogue\\\/xibipiio\\\/#primaryimage\",\"url\":\"https:\\\/\\\/freddymorezon.org\\\/wp-content\\\/uploads\\\/2022\\\/01\\\/Xibipiio-c-Michel-Laborde-web-nb-DSCF1973.jpg\",\"contentUrl\":\"https:\\\/\\\/freddymorezon.org\\\/wp-content\\\/uploads\\\/2022\\\/01\\\/Xibipiio-c-Michel-Laborde-web-nb-DSCF1973.jpg\",\"width\":1200,\"height\":804,\"caption\":\"Betty Hovette, Nicolas Lafourest\"},{\"@type\":\"BreadcrumbList\",\"@id\":\"https:\\\/\\\/freddymorezon.org\\\/catalogue\\\/xibipiio\\\/#breadcrumb\",\"itemListElement\":[{\"@type\":\"ListItem\",\"position\":1,\"name\":\"Accueil\",\"item\":\"https:\\\/\\\/freddymorezon.org\\\/\"},{\"@type\":\"ListItem\",\"position\":2,\"name\":\"Catalogue\",\"item\":\"https:\\\/\\\/freddymorezon.org\\\/catalogue\\\/\"},{\"@type\":\"ListItem\",\"position\":3,\"name\":\"Xibip\u00ed\u00edo\"}]},{\"@type\":\"WebSite\",\"@id\":\"https:\\\/\\\/freddymorezon.org\\\/#website\",\"url\":\"https:\\\/\\\/freddymorezon.org\\\/\",\"name\":\"Freddy Morezon\",\"description\":\"jazz - musique improvis\u00e9e - esth\u00e9tiques plurielles\",\"publisher\":{\"@id\":\"https:\\\/\\\/freddymorezon.org\\\/#organization\"},\"potentialAction\":[{\"@type\":\"SearchAction\",\"target\":{\"@type\":\"EntryPoint\",\"urlTemplate\":\"https:\\\/\\\/freddymorezon.org\\\/?s={search_term_string}\"},\"query-input\":{\"@type\":\"PropertyValueSpecification\",\"valueRequired\":true,\"valueName\":\"search_term_string\"}}],\"inLanguage\":\"en-US\"},{\"@type\":\"Organization\",\"@id\":\"https:\\\/\\\/freddymorezon.org\\\/#organization\",\"name\":\"Association Freddy Morezon\",\"url\":\"https:\\\/\\\/freddymorezon.org\\\/\",\"logo\":{\"@type\":\"ImageObject\",\"inLanguage\":\"en-US\",\"@id\":\"https:\\\/\\\/freddymorezon.org\\\/#\\\/schema\\\/logo\\\/image\\\/\",\"url\":\"https:\\\/\\\/freddymorezon.org\\\/wp-content\\\/uploads\\\/2016\\\/02\\\/mini-logo-header-site2.jpg\",\"contentUrl\":\"https:\\\/\\\/freddymorezon.org\\\/wp-content\\\/uploads\\\/2016\\\/02\\\/mini-logo-header-site2.jpg\",\"width\":234,\"height\":174,\"caption\":\"Association Freddy Morezon\"},\"image\":{\"@id\":\"https:\\\/\\\/freddymorezon.org\\\/#\\\/schema\\\/logo\\\/image\\\/\"},\"sameAs\":[\"https:\\\/\\\/www.facebook.com\\\/freddy.morezon\\\/\",\"https:\\\/\\\/www.instagram.com\\\/freddymorezon\\\/\",\"https:\\\/\\\/www.youtube.com\\\/user\\\/freddymorezon\",\"https:\\\/\\\/fr.linkedin.com\\\/company\\\/freddy-morezon-p.r.o.d.\"]}]}<\/script>\n<!-- \/ Yoast SEO plugin. -->","yoast_head_json":{"title":"Xibip\u00ed\u00edo | Freddy Morezon","robots":{"index":"index","follow":"follow","max-snippet":"max-snippet:-1","max-image-preview":"max-image-preview:large","max-video-preview":"max-video-preview:-1"},"canonical":"https:\/\/freddymorezon.org\/catalogue\/xibipiio\/","og_locale":"en_US","og_type":"article","og_title":"Xibip\u00ed\u00edo | Freddy Morezon","og_description":"Xibip\u00ed\u00edo creation 2022 \u00a9 Michel Laborde Toutes les vid\u00e9os de Xibip\u00ed\u00edo Xibip\u00ed\u00edo (cr\u00e9ation 2022) Xibip\u00ed\u00edo, c\u2019est la\u00a0 rencontre vibrante et r\u00e9sonnante de 170 cordes. A l\u2019origine, une proposition de Nicolas, celle de se rencontrer pour jouer ensemble quelques morceaux issus de son solo Faulkner Songs. Aux fronti\u00e8res de l\u2019improvisation et de la composition, le duo&hellip;Continue reading &rarr;","og_url":"https:\/\/freddymorezon.org\/catalogue\/xibipiio\/","og_site_name":"Freddy Morezon","article_publisher":"https:\/\/www.facebook.com\/freddy.morezon\/","article_modified_time":"2026-04-08T08:11:38+00:00","og_image":[{"width":1200,"height":804,"url":"https:\/\/freddymorezon.org\/wp-content\/uploads\/2022\/01\/Xibipiio-c-Michel-Laborde-web-nb-DSCF1973.jpg","type":"image\/jpeg"}],"twitter_card":"summary_large_image","schema":{"@context":"https:\/\/schema.org","@graph":[{"@type":"WebPage","@id":"https:\/\/freddymorezon.org\/catalogue\/xibipiio\/","url":"https:\/\/freddymorezon.org\/catalogue\/xibipiio\/","name":"Xibip\u00ed\u00edo | Freddy Morezon","isPartOf":{"@id":"https:\/\/freddymorezon.org\/#website"},"primaryImageOfPage":{"@id":"https:\/\/freddymorezon.org\/catalogue\/xibipiio\/#primaryimage"},"image":{"@id":"https:\/\/freddymorezon.org\/catalogue\/xibipiio\/#primaryimage"},"thumbnailUrl":"https:\/\/freddymorezon.org\/wp-content\/uploads\/2022\/01\/Xibipiio-c-Michel-Laborde-web-nb-DSCF1973.jpg","datePublished":"2022-01-24T14:46:48+00:00","dateModified":"2026-04-08T08:11:38+00:00","breadcrumb":{"@id":"https:\/\/freddymorezon.org\/catalogue\/xibipiio\/#breadcrumb"},"inLanguage":"en-US","potentialAction":[{"@type":"ReadAction","target":["https:\/\/freddymorezon.org\/catalogue\/xibipiio\/"]}]},{"@type":"ImageObject","inLanguage":"en-US","@id":"https:\/\/freddymorezon.org\/catalogue\/xibipiio\/#primaryimage","url":"https:\/\/freddymorezon.org\/wp-content\/uploads\/2022\/01\/Xibipiio-c-Michel-Laborde-web-nb-DSCF1973.jpg","contentUrl":"https:\/\/freddymorezon.org\/wp-content\/uploads\/2022\/01\/Xibipiio-c-Michel-Laborde-web-nb-DSCF1973.jpg","width":1200,"height":804,"caption":"Betty Hovette, Nicolas Lafourest"},{"@type":"BreadcrumbList","@id":"https:\/\/freddymorezon.org\/catalogue\/xibipiio\/#breadcrumb","itemListElement":[{"@type":"ListItem","position":1,"name":"Accueil","item":"https:\/\/freddymorezon.org\/"},{"@type":"ListItem","position":2,"name":"Catalogue","item":"https:\/\/freddymorezon.org\/catalogue\/"},{"@type":"ListItem","position":3,"name":"Xibip\u00ed\u00edo"}]},{"@type":"WebSite","@id":"https:\/\/freddymorezon.org\/#website","url":"https:\/\/freddymorezon.org\/","name":"Freddy Morezon","description":"jazz - musique improvis\u00e9e - esth\u00e9tiques plurielles","publisher":{"@id":"https:\/\/freddymorezon.org\/#organization"},"potentialAction":[{"@type":"SearchAction","target":{"@type":"EntryPoint","urlTemplate":"https:\/\/freddymorezon.org\/?s={search_term_string}"},"query-input":{"@type":"PropertyValueSpecification","valueRequired":true,"valueName":"search_term_string"}}],"inLanguage":"en-US"},{"@type":"Organization","@id":"https:\/\/freddymorezon.org\/#organization","name":"Association Freddy Morezon","url":"https:\/\/freddymorezon.org\/","logo":{"@type":"ImageObject","inLanguage":"en-US","@id":"https:\/\/freddymorezon.org\/#\/schema\/logo\/image\/","url":"https:\/\/freddymorezon.org\/wp-content\/uploads\/2016\/02\/mini-logo-header-site2.jpg","contentUrl":"https:\/\/freddymorezon.org\/wp-content\/uploads\/2016\/02\/mini-logo-header-site2.jpg","width":234,"height":174,"caption":"Association Freddy Morezon"},"image":{"@id":"https:\/\/freddymorezon.org\/#\/schema\/logo\/image\/"},"sameAs":["https:\/\/www.facebook.com\/freddy.morezon\/","https:\/\/www.instagram.com\/freddymorezon\/","https:\/\/www.youtube.com\/user\/freddymorezon","https:\/\/fr.linkedin.com\/company\/freddy-morezon-p.r.o.d."]}]}},"_links":{"self":[{"href":"https:\/\/freddymorezon.org\/en\/wp-json\/wp\/v2\/pages\/13538","targetHints":{"allow":["GET"]}}],"collection":[{"href":"https:\/\/freddymorezon.org\/en\/wp-json\/wp\/v2\/pages"}],"about":[{"href":"https:\/\/freddymorezon.org\/en\/wp-json\/wp\/v2\/types\/page"}],"author":[{"embeddable":true,"href":"https:\/\/freddymorezon.org\/en\/wp-json\/wp\/v2\/users\/1"}],"replies":[{"embeddable":true,"href":"https:\/\/freddymorezon.org\/en\/wp-json\/wp\/v2\/comments?post=13538"}],"version-history":[{"count":68,"href":"https:\/\/freddymorezon.org\/en\/wp-json\/wp\/v2\/pages\/13538\/revisions"}],"predecessor-version":[{"id":25281,"href":"https:\/\/freddymorezon.org\/en\/wp-json\/wp\/v2\/pages\/13538\/revisions\/25281"}],"up":[{"embeddable":true,"href":"https:\/\/freddymorezon.org\/en\/wp-json\/wp\/v2\/pages\/134"}],"wp:featuredmedia":[{"embeddable":true,"href":"https:\/\/freddymorezon.org\/en\/wp-json\/wp\/v2\/media\/13639"}],"wp:attachment":[{"href":"https:\/\/freddymorezon.org\/en\/wp-json\/wp\/v2\/media?parent=13538"}],"wp:term":[{"taxonomy":"category","embeddable":true,"href":"https:\/\/freddymorezon.org\/en\/wp-json\/wp\/v2\/categories?post=13538"},{"taxonomy":"post_tag","embeddable":true,"href":"https:\/\/freddymorezon.org\/en\/wp-json\/wp\/v2\/tags?post=13538"}],"curies":[{"name":"wp","href":"https:\/\/api.w.org\/{rel}","templated":true}]}}