
{"id":13856,"date":"2022-02-14T15:34:43","date_gmt":"2022-02-14T14:34:43","guid":{"rendered":"https:\/\/freddymorezon.org\/?page_id=13856"},"modified":"2024-11-25T13:04:21","modified_gmt":"2024-11-25T11:04:21","slug":"bize","status":"publish","type":"page","link":"https:\/\/freddymorezon.org\/en\/catalogue\/bize\/","title":{"rendered":"BIZE"},"content":{"rendered":"<div id=\"pl-13856\"  class=\"panel-layout\" ><div id=\"pg-13856-0\"  class=\"panel-grid panel-no-style\" ><div id=\"pgc-13856-0-0\"  class=\"panel-grid-cell\" ><div id=\"panel-13856-0-0-0\" class=\"so-panel widget widget_eo_event_list_widget EO_Event_List_Widget panel-first-child\" data-index=\"0\" >\n\n<\/div><div id=\"panel-13856-0-0-1\" class=\"so-panel widget widget_sow-button\" data-index=\"1\" ><div\n\t\t\t\n\t\t\tclass=\"so-widget-sow-button so-widget-sow-button-flat-5192bebda948-13856\"\n\t\t\t\n\t\t><div class=\"ow-button-base ow-button-align-center\"\n>\n\t\t\t<a\n\t\t\t\t\thref=\"https:\/\/freddymorezon.org\/catalogue\/bize\/\"\n\t\t\t\t\tclass=\"sowb-button ow-icon-placement-left ow-button-hover\" \t>\n\t\t<span>\n\t\t\t\n\t\t\tView all tour dates\t\t<\/span>\n\t\t\t<\/a>\n\t<\/div>\n<\/div><\/div><div id=\"panel-13856-0-0-2\" class=\"so-panel widget widget_sow-editor\" data-index=\"2\" ><div\n\t\t\t\n\t\t\tclass=\"so-widget-sow-editor so-widget-sow-editor-base\"\n\t\t\t\n\t\t>\n<div class=\"siteorigin-widget-tinymce textwidget\">\n\t<h3>listen<\/h3>\n<p><iframe style=\"border: 0; width: 100%; height: 200px;\" src=\"https:\/\/bandcamp.com\/EmbeddedPlayer\/album=812932800\/size=large\/bgcol=ffffff\/linkcol=de270f\/artwork=none\/transparent=true\/\" seamless=\"\"><a href=\"https:\/\/mrmorezon.bandcamp.com\/album\/bize\">BIZE<\/a><\/iframe><\/p>\n<\/div>\n<\/div><\/div><div id=\"panel-13856-0-0-3\" class=\"so-panel widget widget_sow-headline\" data-index=\"3\" ><div\n\t\t\t\n\t\t\tclass=\"so-widget-sow-headline so-widget-sow-headline-default-7746819de07c-13856\"\n\t\t\t\n\t\t><div class=\"sow-headline-container \">\n\t\t\t\t\t\t<div class=\"decoration\">\n\t\t\t\t\t\t<div class=\"decoration-inside\"><\/div>\n\t\t\t\t\t<\/div>\n\t\t\t\t\t<\/div>\n<\/div><\/div><div id=\"panel-13856-0-0-4\" class=\"so-panel widget widget_sow-editor\" data-index=\"4\" ><div\n\t\t\t\n\t\t\tclass=\"so-widget-sow-editor so-widget-sow-editor-base\"\n\t\t\t\n\t\t>\n<div class=\"siteorigin-widget-tinymce textwidget\">\n\t<h3>Discography<\/h3>\n<div class=\"pt-cv-wrapper\">\n<div class=\"pt-cv-view pt-cv-scrollable pt-cv-colsys pt-cv-sharp-buttons\" id=\"pt-cv-view-892866d5wb\">\n<div data-id=\"pt-cv-page-1\" class=\"pt-cv-page\" data-cvc=\"1\">\n<div id=\"7953cacc42\" class=\"pt-cv-carousel pt-cv-slide\" data-ride=\"cvcarousel\" data-interval=false>\n<div class=\"carousel-inner\">\n<div class=\"item active\">\n<div class=\"row\">\n<div class=\"col-md-12 col-sm-6 col-xs-12 pt-cv-content-item pt-cv-1-col\"  data-pid=\"13900\"><a href=\"\" class=\"pt-cv-none pt-cv-href-thumbnail pt-cv-thumb-default cvplbd\" target=\"pt-cv-none\" ><img loading=\"lazy\" decoding=\"async\" width=\"150\" height=\"150\" src=\"https:\/\/freddymorezon.org\/wp-content\/uploads\/2022\/02\/Pochette-Bize-cadre-150x150.jpg\" class=\"pt-cv-thumbnail img-none\" alt=\"Bize\" srcset=\"https:\/\/freddymorezon.org\/wp-content\/uploads\/2022\/02\/Pochette-Bize-cadre-150x150.jpg 150w, https:\/\/freddymorezon.org\/wp-content\/uploads\/2022\/02\/Pochette-Bize-cadre-800x800.jpg 800w, https:\/\/freddymorezon.org\/wp-content\/uploads\/2022\/02\/Pochette-Bize-cadre-400x400.jpg 400w, https:\/\/freddymorezon.org\/wp-content\/uploads\/2022\/02\/Pochette-Bize-cadre-100x100.jpg 100w, https:\/\/freddymorezon.org\/wp-content\/uploads\/2022\/02\/Pochette-Bize-cadre-300x300.jpg 300w\" sizes=\"auto, (max-width: 150px) 100vw, 150px\" data-no-lazy=\"1\" \/><\/a><\/p>\n<div class=\"pt-cv-carousel-caption pt-cv-cap-w-img\">\n<h4 class=\"pt-cv-title\"><a href=\"\" class=\"pt-cv-none cvplbd\" target=\"pt-cv-none\" >Bize<\/a><\/h4>\n<div class=\"pt-cv-content\">\n<p class=\"disco\">Mr Morezon 029<br \/>\n20th of June 2022<br \/>\n<a href=\"https:\/\/freddymorezon.org\/label\/bize\/\" alt=\"BIZE - Mr Morezon 029\" title=\"BIZE - Mr Morezon 029\"><i class=\"fa fa-chevron-right\"><\/i>&nbsp;more infos<\/a><\/p>\n<\/div>\n<\/div>\n<\/div>\n<\/div>\n<\/div>\n<\/div>\n<\/div>\n<\/div>\n<\/div>\n<\/div>\n<style type=\"text\/css\" id=\"pt-cv-inline-style-c3d0d327g1\">#pt-cv-view-892866d5wb  .pt-cv-carousel-caption   { background-color: #ffffff !important; }\n#pt-cv-view-892866d5wb.pt-cv-post-border .pt-cv-content-item   { border-top-style: solid; border-left-style: solid; }\n#pt-cv-view-892866d5wb .pt-cv-title a, #pt-cv-view-892866d5wb  .panel-title { color: #000000 !important; }\n#pt-cv-view-892866d5wb  .pt-cv-title a:hover, #pt-cv-view-892866d5wb  .panel-title:hover   { color: #000000 !important; }\n#pt-cv-view-892866d5wb .pt-cv-content , #pt-cv-view-892866d5wb  .pt-cv-content *:not(.pt-cv-readmore):not(style):not(script) { color: #000000 !important; }\n#pt-cv-view-892866d5wb  .pt-cv-content-item:hover .pt-cv-hover-wrapper::before   { background-color: rgba(51,51,51,.6) !important; }\n#pt-cv-view-892866d5wb:not(.pt-cv-nohover) .pt-cv-mask *   { color: #fff; }\n#pt-cv-view-892866d5wb .pt-cv-carousel-caption  { background-color: rgba(255,255,255,0.6) !important; }\n#pt-cv-view-892866d5wb .pt-cv-specialp * { color: #fff !important; background-color: #CC3333 !important; }\n#pt-cv-view-892866d5wb .pt-cv-pficon  { color: #bbb !important; }\n#pt-cv-view-892866d5wb .pt-cv-custom-fields * { color: #000000 !important; }\n#pt-cv-view-892866d5wb  .add_to_cart_button, #pt-cv-view-892866d5wb  .add_to_cart_button *   { color: #ffffff !important; background-color: #00aeef !important; }\n#pt-cv-view-892866d5wb  .woocommerce-onsale   { color: #ffffff !important; background-color: #ff5a5f !important; }\n#pt-cv-view-892866d5wb .pt-cv-readmore  { color: #ffffff !important; background-color: #00aeef !important; }\n#pt-cv-view-892866d5wb .pt-cv-readmore:hover  { color: #ffffff !important; background-color: #00aeef !important; }\n#pt-cv-view-892866d5wb  + .pt-cv-pagination-wrapper .pt-cv-more , #pt-cv-view-892866d5wb  + .pt-cv-pagination-wrapper .pagination .active a { color: #ffffff !important; background-color: #00aeef !important; }\n[id^='pt-cv-filter-bar-892866d5wb'] .active.pt-cv-filter-option, [id^='pt-cv-filter-bar-892866d5wb'] .active .pt-cv-filter-option, [id^='pt-cv-filter-bar-892866d5wb'] .selected.pt-cv-filter-option, [id^='pt-cv-filter-bar-892866d5wb'] .dropdown-toggle   { color: #fff !important; background-color: #00aeef !important; }\n[id^='pt-cv-filter-bar-892866d5wb'] .pt-cv-filter-title   { color: #fff !important; background-color: #00aeef !important; }\n#pt-cv-view-892866d5wb .pt-cv-gls-header  { background-color: #00aeef !important; }<\/style>\n<\/div>\n<\/div><\/div><div id=\"panel-13856-0-0-5\" class=\"so-panel widget widget_sow-headline\" data-index=\"5\" ><div\n\t\t\t\n\t\t\tclass=\"so-widget-sow-headline so-widget-sow-headline-default-7746819de07c-13856\"\n\t\t\t\n\t\t><div class=\"sow-headline-container \">\n\t\t\t\t\t\t<div class=\"decoration\">\n\t\t\t\t\t\t<div class=\"decoration-inside\"><\/div>\n\t\t\t\t\t<\/div>\n\t\t\t\t\t<\/div>\n<\/div><\/div><div id=\"panel-13856-0-0-6\" class=\"so-panel widget widget_sow-editor\" data-index=\"6\" ><div\n\t\t\t\n\t\t\tclass=\"so-widget-sow-editor so-widget-sow-editor-base\"\n\t\t\t\n\t\t>\n<div class=\"siteorigin-widget-tinymce textwidget\">\n\t<h3>Line-up<\/h3>\n<p><strong>Robin Fincker :<\/strong> tenor saxophone, clarinet<br \/>\n<strong>Sylvaine H\u00e9lary :<\/strong> flutes, piccolo<\/p>\n<\/div>\n<\/div><\/div><div id=\"panel-13856-0-0-7\" class=\"so-panel widget widget_sow-headline\" data-index=\"7\" ><div\n\t\t\t\n\t\t\tclass=\"so-widget-sow-headline so-widget-sow-headline-default-7746819de07c-13856\"\n\t\t\t\n\t\t><div class=\"sow-headline-container \">\n\t\t\t\t\t\t<div class=\"decoration\">\n\t\t\t\t\t\t<div class=\"decoration-inside\"><\/div>\n\t\t\t\t\t<\/div>\n\t\t\t\t\t<\/div>\n<\/div><\/div><div id=\"panel-13856-0-0-8\" class=\"so-panel widget widget_sow-editor\" data-index=\"8\" ><div\n\t\t\t\n\t\t\tclass=\"so-widget-sow-editor so-widget-sow-editor-base\"\n\t\t\t\n\t\t>\n<div class=\"siteorigin-widget-tinymce textwidget\">\n\t<h3>Contact<\/h3>\n<p>Robin Fincker \/\/ robinfincker@gmail.com<\/p>\n<\/div>\n<\/div><\/div><div id=\"panel-13856-0-0-9\" class=\"so-panel widget widget_sow-headline\" data-index=\"9\" ><div\n\t\t\t\n\t\t\tclass=\"so-widget-sow-headline so-widget-sow-headline-default-7746819de07c-13856\"\n\t\t\t\n\t\t><div class=\"sow-headline-container \">\n\t\t\t\t\t\t<div class=\"decoration\">\n\t\t\t\t\t\t<div class=\"decoration-inside\"><\/div>\n\t\t\t\t\t<\/div>\n\t\t\t\t\t<\/div>\n<\/div><\/div><div id=\"panel-13856-0-0-10\" class=\"so-panel widget widget_sow-editor panel-last-child\" data-index=\"10\" ><div\n\t\t\t\n\t\t\tclass=\"so-widget-sow-editor so-widget-sow-editor-base\"\n\t\t\t\n\t\t>\n<div class=\"siteorigin-widget-tinymce textwidget\">\n\t<h3>links<\/h3>\n<ul>\n<li><i class=\"fa fa-chevron-right fa-2x\"><\/i> <a title=\"Robin Fincker (biographie)\" href=\"https:\/\/freddymorezon.org\/artistes\/robin-fincker\/\">Robin Fincker<\/a><\/li>\n<li><i class=\"fa fa-chevron-right fa-2x\"><\/i> <a title=\"Sylvaine H\u00e9lary\" href=\"https:\/\/www.sylvainehelary.com\/\" target=\"_blank\" rel=\"noopener noreferrer\">Sylvaine H\u00e9lary<\/a><\/li>\n<\/ul>\n<\/div>\n<\/div><\/div><\/div><div id=\"pgc-13856-0-1\"  class=\"panel-grid-cell\" ><div id=\"panel-13856-0-1-0\" class=\"so-panel widget widget_sow-editor panel-first-child\" data-index=\"11\" ><div\n\t\t\t\n\t\t\tclass=\"so-widget-sow-editor so-widget-sow-editor-base\"\n\t\t\t\n\t\t>\n<div class=\"siteorigin-widget-tinymce textwidget\">\n\t<h1>BIZE<\/h1>\n<\/div>\n<\/div><\/div><div id=\"panel-13856-0-1-1\" class=\"so-panel widget widget_sow-image\" data-index=\"12\" ><div\n\t\t\t\n\t\t\tclass=\"so-widget-sow-image so-widget-sow-image-default-8b5b6f678277-13856\"\n\t\t\t\n\t\t>\n<div class=\"sow-image-container\">\n\t\t<img \n\tsrc=\"https:\/\/freddymorezon.org\/wp-content\/uploads\/2022\/02\/Bize-crop-1240x560.jpeg\" width=\"1240\" height=\"560\" sizes=\"(max-width: 1240px) 100vw, 1240px\" title=\"Bize crop\" alt=\"\" \t\tclass=\"so-widget-image\"\/>\n\t<\/div>\n\n<\/div><\/div><div id=\"panel-13856-0-1-2\" class=\"so-panel widget widget_sow-editor panel-last-child\" data-index=\"13\" ><div\n\t\t\t\n\t\t\tclass=\"so-widget-sow-editor so-widget-sow-editor-base\"\n\t\t\t\n\t\t>\n<div class=\"siteorigin-widget-tinymce textwidget\">\n\t<p class=\"copyright\" style=\"text-align: right;\">\u00a9 DR<\/p>\n<p><script>document.addEventListener('DOMContentLoaded', function() {(tarteaucitron.job = tarteaucitron.job || []).push('youtube');});<\/script><\/p>\n<div class=\"youtube_player\" videoID=\"Jrra8cA9AfQ\" width=\"100%\" height=\"100%\" style=\"height:50vw\" theme=\"light\" rel=\"0\" controls=\"1\" showinfo=\"1\" autoplay=\"0\"><\/div>\n<h3>BIZE<\/h3>\n<p>Imaginez deux rails qui, au gr\u00e9 d\u2019une bourrasque, rompent le charme du parall\u00e9lisme, et se rencontrent en certains points, pour se s\u00e9parer quelques m\u00e8tres plus loin.<br \/>\nCela pourrait ressembler fortement aux trajectoires sonores des instruments de ce duo, d\u00e9couvrant \u00e0 chaque instant des routes inattendues, d\u00e9cidant de virages et arr\u00eats ponctuels, parcourant des paysages ou l\u2019improvisation et l\u2019\u00e9criture se m\u00ealent sans distinction aucune, brouillant les pistes avec jubilation.<\/p>\n<p>Se penchant dans leurs diff\u00e9rents projets, tant sur les musiques actuelles que l\u2019improvisation libre, l\u2019\u00e9criture contemporaine ou les musiques populaires, Sylvaine H\u00e9lary et Robin Fincker cherchent dans leur rencontre \u00e0 retracer, au fil de leurs compositions, le trajet de l\u2019air produit par leurs instruments, pour y plonger l\u2019auditeur. Du bruissement le plus t\u00e9nu au souffle le plus plein, le duo r\u00e9sonne, glisse et devient trio, accompagnant ainsi la pi\u00e8ce, la vo\u00fbte, le mur ou la clairi\u00e8re qui l\u2019entoure.<\/p>\n<blockquote><p>Nous sommes faits de l\u2019\u00e9toffe dont sont tiss\u00e9s les vents.<\/p><\/blockquote>\n<p><em>Alain Damasio, La Horde du Contrevent, \u00e9d. La Volte<\/em><\/p>\n<\/div>\n<\/div><\/div><\/div><\/div><\/div>","protected":false},"excerpt":{"rendered":"<p>listen BIZE Discography Line-up Robin Fincker : tenor saxophone, clarinet Sylvaine H\u00e9lary : flutes, piccolo Contact Robin Fincker \/\/ robinfincker@gmail.com links Robin Fincker Sylvaine H\u00e9lary BIZE \u00a9 DR BIZE Imaginez deux rails qui, au gr\u00e9 d\u2019une bourrasque, rompent le charme du parall\u00e9lisme, et se rencontrent en certains points, pour se s\u00e9parer quelques m\u00e8tres plus loin.&hellip;<\/p>\n<p><a class=\"more-link\" href=\"https:\/\/freddymorezon.org\/en\/catalogue\/bize\/\" title=\"Continue reading &lsquo;BIZE&rsquo;\">Continue reading <span class=\"meta-nav\">&rarr;<\/span><\/a><\/p>\n","protected":false},"author":1,"featured_media":13933,"parent":134,"menu_order":600,"comment_status":"closed","ping_status":"closed","template":"page-templates\/full-width.php","meta":{"om_disable_all_campaigns":false,"_monsterinsights_skip_tracking":false,"_monsterinsights_sitenote_active":false,"_monsterinsights_sitenote_note":"","_monsterinsights_sitenote_category":0,"_uf_show_specific_survey":0,"_uf_disable_surveys":false,"footnotes":""},"categories":[1172,932,1076],"tags":[],"class_list":["post-13856","page","type-page","status-publish","has-post-thumbnail","hentry","category-page-catalogue","category-projets","category-robin-fincker"],"aioseo_notices":[],"yoast_head":"<!-- This site is optimized with the Yoast SEO plugin v27.3 - https:\/\/yoast.com\/product\/yoast-seo-wordpress\/ -->\n<title>BIZE | Freddy Morezon<\/title>\n<meta name=\"robots\" content=\"index, follow, max-snippet:-1, max-image-preview:large, max-video-preview:-1\" \/>\n<link rel=\"canonical\" href=\"https:\/\/freddymorezon.org\/catalogue\/bize\/\" \/>\n<meta property=\"og:locale\" content=\"en_US\" \/>\n<meta property=\"og:type\" content=\"article\" \/>\n<meta property=\"og:title\" content=\"BIZE | Freddy Morezon\" \/>\n<meta property=\"og:description\" content=\"listen BIZE Discography Line-up Robin Fincker : tenor saxophone, clarinet Sylvaine H\u00e9lary : flutes, piccolo Contact Robin Fincker \/\/ robinfincker@gmail.com links Robin Fincker Sylvaine H\u00e9lary BIZE \u00a9 DR BIZE Imaginez deux rails qui, au gr\u00e9 d\u2019une bourrasque, rompent le charme du parall\u00e9lisme, et se rencontrent en certains points, pour se s\u00e9parer quelques m\u00e8tres plus loin.&hellip;Continue reading &rarr;\" \/>\n<meta property=\"og:url\" content=\"https:\/\/freddymorezon.org\/catalogue\/bize\/\" \/>\n<meta property=\"og:site_name\" content=\"Freddy Morezon\" \/>\n<meta property=\"article:publisher\" content=\"https:\/\/www.facebook.com\/freddy.morezon\/\" \/>\n<meta property=\"article:modified_time\" content=\"2024-11-25T11:04:21+00:00\" \/>\n<meta property=\"og:image\" content=\"https:\/\/freddymorezon.org\/wp-content\/uploads\/2022\/02\/2022-02-04-Bize-photo-Remi-Angeli-015-.jpg\" \/>\n\t<meta property=\"og:image:width\" content=\"2000\" \/>\n\t<meta property=\"og:image:height\" content=\"1333\" \/>\n\t<meta property=\"og:image:type\" content=\"image\/jpeg\" \/>\n<meta name=\"twitter:card\" content=\"summary_large_image\" \/>\n<script type=\"application\/ld+json\" class=\"yoast-schema-graph\">{\"@context\":\"https:\\\/\\\/schema.org\",\"@graph\":[{\"@type\":\"WebPage\",\"@id\":\"https:\\\/\\\/freddymorezon.org\\\/catalogue\\\/bize\\\/\",\"url\":\"https:\\\/\\\/freddymorezon.org\\\/catalogue\\\/bize\\\/\",\"name\":\"BIZE | Freddy Morezon\",\"isPartOf\":{\"@id\":\"https:\\\/\\\/freddymorezon.org\\\/#website\"},\"primaryImageOfPage\":{\"@id\":\"https:\\\/\\\/freddymorezon.org\\\/catalogue\\\/bize\\\/#primaryimage\"},\"image\":{\"@id\":\"https:\\\/\\\/freddymorezon.org\\\/catalogue\\\/bize\\\/#primaryimage\"},\"thumbnailUrl\":\"https:\\\/\\\/freddymorezon.org\\\/wp-content\\\/uploads\\\/2022\\\/02\\\/2022-02-04-Bize-photo-Remi-Angeli-015-.jpg\",\"datePublished\":\"2022-02-14T14:34:43+00:00\",\"dateModified\":\"2024-11-25T11:04:21+00:00\",\"breadcrumb\":{\"@id\":\"https:\\\/\\\/freddymorezon.org\\\/catalogue\\\/bize\\\/#breadcrumb\"},\"inLanguage\":\"en-US\",\"potentialAction\":[{\"@type\":\"ReadAction\",\"target\":[\"https:\\\/\\\/freddymorezon.org\\\/catalogue\\\/bize\\\/\"]}]},{\"@type\":\"ImageObject\",\"inLanguage\":\"en-US\",\"@id\":\"https:\\\/\\\/freddymorezon.org\\\/catalogue\\\/bize\\\/#primaryimage\",\"url\":\"https:\\\/\\\/freddymorezon.org\\\/wp-content\\\/uploads\\\/2022\\\/02\\\/2022-02-04-Bize-photo-Remi-Angeli-015-.jpg\",\"contentUrl\":\"https:\\\/\\\/freddymorezon.org\\\/wp-content\\\/uploads\\\/2022\\\/02\\\/2022-02-04-Bize-photo-Remi-Angeli-015-.jpg\",\"width\":2000,\"height\":1333},{\"@type\":\"BreadcrumbList\",\"@id\":\"https:\\\/\\\/freddymorezon.org\\\/catalogue\\\/bize\\\/#breadcrumb\",\"itemListElement\":[{\"@type\":\"ListItem\",\"position\":1,\"name\":\"Accueil\",\"item\":\"https:\\\/\\\/freddymorezon.org\\\/\"},{\"@type\":\"ListItem\",\"position\":2,\"name\":\"Catalogue\",\"item\":\"https:\\\/\\\/freddymorezon.org\\\/catalogue\\\/\"},{\"@type\":\"ListItem\",\"position\":3,\"name\":\"BIZE\"}]},{\"@type\":\"WebSite\",\"@id\":\"https:\\\/\\\/freddymorezon.org\\\/#website\",\"url\":\"https:\\\/\\\/freddymorezon.org\\\/\",\"name\":\"Freddy Morezon\",\"description\":\"jazz - musique improvis\u00e9e - esth\u00e9tiques plurielles\",\"publisher\":{\"@id\":\"https:\\\/\\\/freddymorezon.org\\\/#organization\"},\"potentialAction\":[{\"@type\":\"SearchAction\",\"target\":{\"@type\":\"EntryPoint\",\"urlTemplate\":\"https:\\\/\\\/freddymorezon.org\\\/?s={search_term_string}\"},\"query-input\":{\"@type\":\"PropertyValueSpecification\",\"valueRequired\":true,\"valueName\":\"search_term_string\"}}],\"inLanguage\":\"en-US\"},{\"@type\":\"Organization\",\"@id\":\"https:\\\/\\\/freddymorezon.org\\\/#organization\",\"name\":\"Association Freddy Morezon\",\"url\":\"https:\\\/\\\/freddymorezon.org\\\/\",\"logo\":{\"@type\":\"ImageObject\",\"inLanguage\":\"en-US\",\"@id\":\"https:\\\/\\\/freddymorezon.org\\\/#\\\/schema\\\/logo\\\/image\\\/\",\"url\":\"https:\\\/\\\/freddymorezon.org\\\/wp-content\\\/uploads\\\/2016\\\/02\\\/mini-logo-header-site2.jpg\",\"contentUrl\":\"https:\\\/\\\/freddymorezon.org\\\/wp-content\\\/uploads\\\/2016\\\/02\\\/mini-logo-header-site2.jpg\",\"width\":234,\"height\":174,\"caption\":\"Association Freddy Morezon\"},\"image\":{\"@id\":\"https:\\\/\\\/freddymorezon.org\\\/#\\\/schema\\\/logo\\\/image\\\/\"},\"sameAs\":[\"https:\\\/\\\/www.facebook.com\\\/freddy.morezon\\\/\",\"https:\\\/\\\/www.instagram.com\\\/freddymorezon\\\/\",\"https:\\\/\\\/www.youtube.com\\\/user\\\/freddymorezon\",\"https:\\\/\\\/fr.linkedin.com\\\/company\\\/freddy-morezon-p.r.o.d.\"]}]}<\/script>\n<!-- \/ Yoast SEO plugin. -->","yoast_head_json":{"title":"BIZE | Freddy Morezon","robots":{"index":"index","follow":"follow","max-snippet":"max-snippet:-1","max-image-preview":"max-image-preview:large","max-video-preview":"max-video-preview:-1"},"canonical":"https:\/\/freddymorezon.org\/catalogue\/bize\/","og_locale":"en_US","og_type":"article","og_title":"BIZE | Freddy Morezon","og_description":"listen BIZE Discography Line-up Robin Fincker : tenor saxophone, clarinet Sylvaine H\u00e9lary : flutes, piccolo Contact Robin Fincker \/\/ robinfincker@gmail.com links Robin Fincker Sylvaine H\u00e9lary BIZE \u00a9 DR BIZE Imaginez deux rails qui, au gr\u00e9 d\u2019une bourrasque, rompent le charme du parall\u00e9lisme, et se rencontrent en certains points, pour se s\u00e9parer quelques m\u00e8tres plus loin.&hellip;Continue reading &rarr;","og_url":"https:\/\/freddymorezon.org\/catalogue\/bize\/","og_site_name":"Freddy Morezon","article_publisher":"https:\/\/www.facebook.com\/freddy.morezon\/","article_modified_time":"2024-11-25T11:04:21+00:00","og_image":[{"width":2000,"height":1333,"url":"https:\/\/freddymorezon.org\/wp-content\/uploads\/2022\/02\/2022-02-04-Bize-photo-Remi-Angeli-015-.jpg","type":"image\/jpeg"}],"twitter_card":"summary_large_image","schema":{"@context":"https:\/\/schema.org","@graph":[{"@type":"WebPage","@id":"https:\/\/freddymorezon.org\/catalogue\/bize\/","url":"https:\/\/freddymorezon.org\/catalogue\/bize\/","name":"BIZE | Freddy Morezon","isPartOf":{"@id":"https:\/\/freddymorezon.org\/#website"},"primaryImageOfPage":{"@id":"https:\/\/freddymorezon.org\/catalogue\/bize\/#primaryimage"},"image":{"@id":"https:\/\/freddymorezon.org\/catalogue\/bize\/#primaryimage"},"thumbnailUrl":"https:\/\/freddymorezon.org\/wp-content\/uploads\/2022\/02\/2022-02-04-Bize-photo-Remi-Angeli-015-.jpg","datePublished":"2022-02-14T14:34:43+00:00","dateModified":"2024-11-25T11:04:21+00:00","breadcrumb":{"@id":"https:\/\/freddymorezon.org\/catalogue\/bize\/#breadcrumb"},"inLanguage":"en-US","potentialAction":[{"@type":"ReadAction","target":["https:\/\/freddymorezon.org\/catalogue\/bize\/"]}]},{"@type":"ImageObject","inLanguage":"en-US","@id":"https:\/\/freddymorezon.org\/catalogue\/bize\/#primaryimage","url":"https:\/\/freddymorezon.org\/wp-content\/uploads\/2022\/02\/2022-02-04-Bize-photo-Remi-Angeli-015-.jpg","contentUrl":"https:\/\/freddymorezon.org\/wp-content\/uploads\/2022\/02\/2022-02-04-Bize-photo-Remi-Angeli-015-.jpg","width":2000,"height":1333},{"@type":"BreadcrumbList","@id":"https:\/\/freddymorezon.org\/catalogue\/bize\/#breadcrumb","itemListElement":[{"@type":"ListItem","position":1,"name":"Accueil","item":"https:\/\/freddymorezon.org\/"},{"@type":"ListItem","position":2,"name":"Catalogue","item":"https:\/\/freddymorezon.org\/catalogue\/"},{"@type":"ListItem","position":3,"name":"BIZE"}]},{"@type":"WebSite","@id":"https:\/\/freddymorezon.org\/#website","url":"https:\/\/freddymorezon.org\/","name":"Freddy Morezon","description":"jazz - musique improvis\u00e9e - esth\u00e9tiques plurielles","publisher":{"@id":"https:\/\/freddymorezon.org\/#organization"},"potentialAction":[{"@type":"SearchAction","target":{"@type":"EntryPoint","urlTemplate":"https:\/\/freddymorezon.org\/?s={search_term_string}"},"query-input":{"@type":"PropertyValueSpecification","valueRequired":true,"valueName":"search_term_string"}}],"inLanguage":"en-US"},{"@type":"Organization","@id":"https:\/\/freddymorezon.org\/#organization","name":"Association Freddy Morezon","url":"https:\/\/freddymorezon.org\/","logo":{"@type":"ImageObject","inLanguage":"en-US","@id":"https:\/\/freddymorezon.org\/#\/schema\/logo\/image\/","url":"https:\/\/freddymorezon.org\/wp-content\/uploads\/2016\/02\/mini-logo-header-site2.jpg","contentUrl":"https:\/\/freddymorezon.org\/wp-content\/uploads\/2016\/02\/mini-logo-header-site2.jpg","width":234,"height":174,"caption":"Association Freddy Morezon"},"image":{"@id":"https:\/\/freddymorezon.org\/#\/schema\/logo\/image\/"},"sameAs":["https:\/\/www.facebook.com\/freddy.morezon\/","https:\/\/www.instagram.com\/freddymorezon\/","https:\/\/www.youtube.com\/user\/freddymorezon","https:\/\/fr.linkedin.com\/company\/freddy-morezon-p.r.o.d."]}]}},"_links":{"self":[{"href":"https:\/\/freddymorezon.org\/en\/wp-json\/wp\/v2\/pages\/13856","targetHints":{"allow":["GET"]}}],"collection":[{"href":"https:\/\/freddymorezon.org\/en\/wp-json\/wp\/v2\/pages"}],"about":[{"href":"https:\/\/freddymorezon.org\/en\/wp-json\/wp\/v2\/types\/page"}],"author":[{"embeddable":true,"href":"https:\/\/freddymorezon.org\/en\/wp-json\/wp\/v2\/users\/1"}],"replies":[{"embeddable":true,"href":"https:\/\/freddymorezon.org\/en\/wp-json\/wp\/v2\/comments?post=13856"}],"version-history":[{"count":42,"href":"https:\/\/freddymorezon.org\/en\/wp-json\/wp\/v2\/pages\/13856\/revisions"}],"predecessor-version":[{"id":21368,"href":"https:\/\/freddymorezon.org\/en\/wp-json\/wp\/v2\/pages\/13856\/revisions\/21368"}],"up":[{"embeddable":true,"href":"https:\/\/freddymorezon.org\/en\/wp-json\/wp\/v2\/pages\/134"}],"wp:featuredmedia":[{"embeddable":true,"href":"https:\/\/freddymorezon.org\/en\/wp-json\/wp\/v2\/media\/13933"}],"wp:attachment":[{"href":"https:\/\/freddymorezon.org\/en\/wp-json\/wp\/v2\/media?parent=13856"}],"wp:term":[{"taxonomy":"category","embeddable":true,"href":"https:\/\/freddymorezon.org\/en\/wp-json\/wp\/v2\/categories?post=13856"},{"taxonomy":"post_tag","embeddable":true,"href":"https:\/\/freddymorezon.org\/en\/wp-json\/wp\/v2\/tags?post=13856"}],"curies":[{"name":"wp","href":"https:\/\/api.w.org\/{rel}","templated":true}]}}