
{"id":13869,"date":"2022-02-14T15:51:58","date_gmt":"2022-02-14T14:51:58","guid":{"rendered":"https:\/\/freddymorezon.org\/?page_id=13869"},"modified":"2025-07-08T15:48:46","modified_gmt":"2025-07-08T13:48:46","slug":"bize","status":"publish","type":"page","link":"https:\/\/freddymorezon.org\/en\/label\/bize\/","title":{"rendered":"BIZE"},"content":{"rendered":"<div id=\"pl-13869\"  class=\"panel-layout\" ><div id=\"pg-13869-0\"  class=\"panel-grid panel-no-style\" ><div id=\"pgc-13869-0-0\"  class=\"panel-grid-cell\" ><div id=\"panel-13869-0-0-0\" class=\"so-panel widget widget_sow-image panel-first-child\" data-index=\"0\" ><div\n\t\t\t\n\t\t\tclass=\"so-widget-sow-image so-widget-sow-image-default-8b5b6f678277-13869\"\n\t\t\t\n\t\t>\n<div class=\"sow-image-container\">\n\t\t<img \n\tsrc=\"https:\/\/freddymorezon.org\/wp-content\/uploads\/2022\/02\/Pochette-Bize-cadre-400x400.jpg\" width=\"400\" height=\"400\" srcset=\"https:\/\/freddymorezon.org\/wp-content\/uploads\/2022\/02\/Pochette-Bize-cadre-400x400.jpg 400w, https:\/\/freddymorezon.org\/wp-content\/uploads\/2022\/02\/Pochette-Bize-cadre-150x150.jpg 150w, https:\/\/freddymorezon.org\/wp-content\/uploads\/2022\/02\/Pochette-Bize-cadre-800x800.jpg 800w, https:\/\/freddymorezon.org\/wp-content\/uploads\/2022\/02\/Pochette-Bize-cadre-100x100.jpg 100w, https:\/\/freddymorezon.org\/wp-content\/uploads\/2022\/02\/Pochette-Bize-cadre-300x300.jpg 300w\" sizes=\"(max-width: 400px) 100vw, 400px\" title=\"Pochette\" alt=\"\" \t\tclass=\"so-widget-image\"\/>\n\t<\/div>\n\n<\/div><\/div><div id=\"panel-13869-0-0-1\" class=\"so-panel widget widget_sow-editor\" data-index=\"1\" ><div\n\t\t\t\n\t\t\tclass=\"so-widget-sow-editor so-widget-sow-editor-base\"\n\t\t\t\n\t\t>\n<div class=\"siteorigin-widget-tinymce textwidget\">\n\t<div class=\"commande-album\" style=\"text-align: left;\">\n<div class=\"ajout-panier woocommerce add_to_cart_inline\">\n<h3>Commander<\/h3>\n<h4>Vinyle<\/h4>\n<p class=\"product woocommerce add_to_cart_inline \" style=\"border: 4px solid #cccccc; padding: 12px;\"><span class=\"woocommerce-Price-amount amount\"><bdi>15,00<span class=\"woocommerce-Price-currencySymbol\">\u20ac<\/span><\/bdi><\/span><\/p>\n<p class=\"product woocommerce add_to_cart_inline \" style=\"border: 4px solid #cccccc; padding: 12px;\"><a class=\"button product_type_simple add_to_cart_button ajax_add_to_cart\" href=\"?add-to-cart=14896\" rel=\"nofollow\" aria-describedby=\"woocommerce_loop_add_to_cart_link_describedby_14896 \" data-quantity=\"1\" data-product_id=\"14896\" data-product_sku=\"\" aria-label=\"Ajouter au panier : \u201cBIZE - Vinyle\u201d\" data-success_message=\"\u00ab BIZE - Vinyle \u00bb a \u00e9t\u00e9 ajout\u00e9 \u00e0 votre panier\">Ajouter au panier<\/a><br \/>\n<span id=\"woocommerce_loop_add_to_cart_link_describedby_14896 \" class=\"screen-reader-text\"><br \/>\n<\/span><\/p>\n<\/div>\n<\/div>\n<\/div>\n<\/div><\/div><div id=\"panel-13869-0-0-2\" class=\"so-panel widget widget_sow-editor\" data-index=\"2\" ><div\n\t\t\t\n\t\t\tclass=\"so-widget-sow-editor so-widget-sow-editor-base\"\n\t\t\t\n\t\t>\n<div class=\"siteorigin-widget-tinymce textwidget\">\n\t<p><iframe style=\"border: 0; width: 100%; height: 472px;\" src=\"https:\/\/bandcamp.com\/EmbeddedPlayer\/album=812932800\/size=large\/bgcol=ffffff\/linkcol=0687f5\/artwork=none\/transparent=true\/\" seamless><a href=\"https:\/\/mrmorezon.bandcamp.com\/album\/bize\">BIZE by BIZE<\/a><\/iframe><\/p>\n<\/div>\n<\/div><\/div><div id=\"panel-13869-0-0-3\" class=\"so-panel widget widget_sow-editor\" data-index=\"3\" ><div\n\t\t\t\n\t\t\tclass=\"so-widget-sow-editor so-widget-sow-editor-base\"\n\t\t\t\n\t\t><h3 class=\"widget-title\">DISTRIBUTION &amp; CR\u00c9DITS<\/h3>\n<div class=\"siteorigin-widget-tinymce textwidget\">\n\t<p>Robin Fincker : saxophone t\u00e9nor \/ clarinette<br \/>\nSylvaine Helary : fl\u00fbtes \/ piccolo <\/p>\n<p>Musique soufl\u00e9e, \u00e9dit\u00e9e et agenc\u00e9e par Robin Fincker et Sylvaine H\u00e9lary.<br \/>\nEnregistrement, mixage et mastering par Antonin Rayon entre Juin 2019 et Novembre 2021.<br \/>\nIllustration de Pochette: \u00ab Le dernier lac \u00bb par Olivia Maurey-Barisson (2021)<br \/>\nGraphisme par Christophe Natale<\/p>\n<p>Co-produit par Sybille & Freddy Morezon<\/p>\n<\/div>\n<\/div><\/div><div id=\"panel-13869-0-0-4\" class=\"so-panel widget widget_sow-editor panel-last-child\" data-index=\"4\" ><div\n\t\t\t\n\t\t\tclass=\"so-widget-sow-editor so-widget-sow-editor-base\"\n\t\t\t\n\t\t>\n<div class=\"siteorigin-widget-tinymce textwidget\">\n\t<h3>Links<\/h3>\n<ul>\n<li><i class=\"fa fa-chevron-right fa-2x\"><\/i> <a href=\"https:\/\/freddymorezon.org\/artistes\/robin-fincker\/bize\/\">BIZE<\/a><\/li>\n<li><i class=\"fa fa-chevron-right fa-2x\"><\/i> <a href=\"https:\/\/freddymorezon.org\/artistes\/robin-fincker\/\">Robin Fincker<\/a><\/li>\n<\/ul>\n<ul><\/ul>\n<\/div>\n<\/div><\/div><\/div><div id=\"pgc-13869-0-1\"  class=\"panel-grid-cell\" ><div id=\"panel-13869-0-1-0\" class=\"so-panel widget widget_sow-headline panel-first-child\" data-index=\"5\" ><div\n\t\t\t\n\t\t\tclass=\"so-widget-sow-headline so-widget-sow-headline-default-c8fa18c4903e-13869\"\n\t\t\t\n\t\t><div class=\"sow-headline-container \">\n\t\t\t\t\t\t\t<h2 class=\"sow-headline\">\n\t\t\t\t\t\tBIZE\t\t\t\t\t\t<\/h2>\n\t\t\t\t\t\t\t\t\t\t\t\t<h3 class=\"sow-sub-headline\">\n\t\t\t\t\t\tSYLVAINE HELARY x ROBIN FINCKER Morezon 029 \/ 20 juin 2022\t\t\t\t\t\t<\/h3>\n\t\t\t\t\t\t\t\t\t\t\t<div class=\"decoration\">\n\t\t\t\t\t\t<div class=\"decoration-inside\"><\/div>\n\t\t\t\t\t<\/div>\n\t\t\t\t\t<\/div>\n<\/div><\/div><div id=\"panel-13869-0-1-1\" class=\"so-panel widget widget_sow-editor\" data-index=\"6\" ><div\n\t\t\t\n\t\t\tclass=\"so-widget-sow-editor so-widget-sow-editor-base\"\n\t\t\t\n\t\t>\n<div class=\"siteorigin-widget-tinymce textwidget\">\n\t<p>FOEHN vent du sud, chaud et sec, qui souffle dans les vall\u00e9es alpines.<br \/>\nHELM vent de l'English Lake District.<br \/>\nAUTAN vent violent, soufflant du sud-est sur le secteur de Toulouse.<br \/>\nAGUEIL vent d'est soufflant sur les C\u00e9vennes m\u00e9ridionales.<br \/>\nZEPHYR vent d\u2019ouest doux et chaud.<br \/>\nKHAMSIN vent de sable br\u00fblant qui souffle du d\u00e9sert d'\u00c9gypte vers le nord jusqu'au Liban.<br \/>\nTIVANO brise de montagne soufflant sur les lacs italiens.<br \/>\nLOO vent br\u00fblant venant du sud-ouest dans le d\u00e9sert du Thar, accompagnant parfois les temp\u00eates de sable.<br \/>\nSONORA vent chaud se d\u00e9pla\u00e7ant du Mexique vers la r\u00e9gion sud-ouest des Etats-Unis.<br \/>\nLEVANT vent d'est doux et tr\u00e8s humide soufflant en mer M\u00e9diterran\u00e9e.<br \/>\nBIS(Z)E vent froid venant du nord ou du nord-ouest, r\u00e9put\u00e9 avec raison comme vent de beau temps.<\/p>\n<\/div>\n<\/div><\/div><div id=\"panel-13869-0-1-2\" class=\"so-panel widget widget_sow-editor panel-last-child\" data-index=\"7\" ><div\n\t\t\t\n\t\t\tclass=\"so-widget-sow-editor so-widget-sow-editor-base\"\n\t\t\t\n\t\t>\n<div class=\"siteorigin-widget-tinymce textwidget\">\n\t<p><iframe loading=\"lazy\" title=\"BIZE Robin Fincker &amp; Sylvaine H\u00e9lary\" width=\"790\" height=\"444\" src=\"https:\/\/www.youtube.com\/embed\/NmiRuCQd9tI?feature=oembed\" frameborder=\"0\" allow=\"accelerometer; autoplay; clipboard-write; encrypted-media; gyroscope; picture-in-picture; web-share\" referrerpolicy=\"strict-origin-when-cross-origin\" allowfullscreen><\/iframe><\/p>\n<\/div>\n<\/div><\/div><\/div><\/div><\/div>","protected":false},"excerpt":{"rendered":"<p>June 2022<\/p>\n","protected":false},"author":1,"featured_media":13891,"parent":140,"menu_order":0,"comment_status":"closed","ping_status":"closed","template":"page-templates\/full-width.php","meta":{"om_disable_all_campaigns":false,"_monsterinsights_skip_tracking":false,"_monsterinsights_sitenote_active":false,"_monsterinsights_sitenote_note":"","_monsterinsights_sitenote_category":0,"_uf_show_specific_survey":0,"_uf_disable_surveys":false,"footnotes":""},"categories":[1174],"tags":[],"class_list":["post-13869","page","type-page","status-publish","has-post-thumbnail","hentry","category-page-label"],"aioseo_notices":[],"yoast_head":"<!-- This site is optimized with the Yoast SEO plugin v27.3 - https:\/\/yoast.com\/product\/yoast-seo-wordpress\/ -->\n<title>BIZE | Freddy Morezon<\/title>\n<meta name=\"robots\" content=\"index, follow, max-snippet:-1, max-image-preview:large, max-video-preview:-1\" \/>\n<link rel=\"canonical\" href=\"https:\/\/freddymorezon.org\/label\/bize\/\" \/>\n<meta property=\"og:locale\" content=\"en_US\" \/>\n<meta property=\"og:type\" content=\"article\" \/>\n<meta property=\"og:title\" content=\"BIZE | Freddy Morezon\" \/>\n<meta property=\"og:description\" content=\"[:fr]Juin 2022[:en]June 2022[:]\" \/>\n<meta property=\"og:url\" content=\"https:\/\/freddymorezon.org\/label\/bize\/\" \/>\n<meta property=\"og:site_name\" content=\"Freddy Morezon\" \/>\n<meta property=\"article:publisher\" content=\"https:\/\/www.facebook.com\/freddy.morezon\/\" \/>\n<meta property=\"article:modified_time\" content=\"2025-07-08T13:48:46+00:00\" \/>\n<meta property=\"og:image\" content=\"https:\/\/freddymorezon.org\/wp-content\/uploads\/2022\/02\/Pochette-Bize-cadre.jpg\" \/>\n\t<meta property=\"og:image:width\" content=\"3584\" \/>\n\t<meta property=\"og:image:height\" content=\"3584\" \/>\n\t<meta property=\"og:image:type\" content=\"image\/jpeg\" \/>\n<meta name=\"twitter:card\" content=\"summary_large_image\" \/>\n<script type=\"application\/ld+json\" class=\"yoast-schema-graph\">{\"@context\":\"https:\\\/\\\/schema.org\",\"@graph\":[{\"@type\":\"WebPage\",\"@id\":\"https:\\\/\\\/freddymorezon.org\\\/label\\\/bize\\\/\",\"url\":\"https:\\\/\\\/freddymorezon.org\\\/label\\\/bize\\\/\",\"name\":\"BIZE | Freddy Morezon\",\"isPartOf\":{\"@id\":\"https:\\\/\\\/freddymorezon.org\\\/#website\"},\"primaryImageOfPage\":{\"@id\":\"https:\\\/\\\/freddymorezon.org\\\/label\\\/bize\\\/#primaryimage\"},\"image\":{\"@id\":\"https:\\\/\\\/freddymorezon.org\\\/label\\\/bize\\\/#primaryimage\"},\"thumbnailUrl\":\"https:\\\/\\\/freddymorezon.org\\\/wp-content\\\/uploads\\\/2022\\\/02\\\/Pochette-Bize-cadre.jpg\",\"datePublished\":\"2022-02-14T14:51:58+00:00\",\"dateModified\":\"2025-07-08T13:48:46+00:00\",\"breadcrumb\":{\"@id\":\"https:\\\/\\\/freddymorezon.org\\\/label\\\/bize\\\/#breadcrumb\"},\"inLanguage\":\"en-US\",\"potentialAction\":[{\"@type\":\"ReadAction\",\"target\":[\"https:\\\/\\\/freddymorezon.org\\\/label\\\/bize\\\/\"]}]},{\"@type\":\"ImageObject\",\"inLanguage\":\"en-US\",\"@id\":\"https:\\\/\\\/freddymorezon.org\\\/label\\\/bize\\\/#primaryimage\",\"url\":\"https:\\\/\\\/freddymorezon.org\\\/wp-content\\\/uploads\\\/2022\\\/02\\\/Pochette-Bize-cadre.jpg\",\"contentUrl\":\"https:\\\/\\\/freddymorezon.org\\\/wp-content\\\/uploads\\\/2022\\\/02\\\/Pochette-Bize-cadre.jpg\",\"width\":3584,\"height\":3584},{\"@type\":\"BreadcrumbList\",\"@id\":\"https:\\\/\\\/freddymorezon.org\\\/label\\\/bize\\\/#breadcrumb\",\"itemListElement\":[{\"@type\":\"ListItem\",\"position\":1,\"name\":\"Accueil\",\"item\":\"https:\\\/\\\/freddymorezon.org\\\/\"},{\"@type\":\"ListItem\",\"position\":2,\"name\":\"Label\",\"item\":\"https:\\\/\\\/freddymorezon.org\\\/label\\\/\"},{\"@type\":\"ListItem\",\"position\":3,\"name\":\"BIZE\"}]},{\"@type\":\"WebSite\",\"@id\":\"https:\\\/\\\/freddymorezon.org\\\/#website\",\"url\":\"https:\\\/\\\/freddymorezon.org\\\/\",\"name\":\"Freddy Morezon\",\"description\":\"jazz - musique improvis\u00e9e - esth\u00e9tiques plurielles\",\"publisher\":{\"@id\":\"https:\\\/\\\/freddymorezon.org\\\/#organization\"},\"potentialAction\":[{\"@type\":\"SearchAction\",\"target\":{\"@type\":\"EntryPoint\",\"urlTemplate\":\"https:\\\/\\\/freddymorezon.org\\\/?s={search_term_string}\"},\"query-input\":{\"@type\":\"PropertyValueSpecification\",\"valueRequired\":true,\"valueName\":\"search_term_string\"}}],\"inLanguage\":\"en-US\"},{\"@type\":\"Organization\",\"@id\":\"https:\\\/\\\/freddymorezon.org\\\/#organization\",\"name\":\"Association Freddy Morezon\",\"url\":\"https:\\\/\\\/freddymorezon.org\\\/\",\"logo\":{\"@type\":\"ImageObject\",\"inLanguage\":\"en-US\",\"@id\":\"https:\\\/\\\/freddymorezon.org\\\/#\\\/schema\\\/logo\\\/image\\\/\",\"url\":\"https:\\\/\\\/freddymorezon.org\\\/wp-content\\\/uploads\\\/2016\\\/02\\\/mini-logo-header-site2.jpg\",\"contentUrl\":\"https:\\\/\\\/freddymorezon.org\\\/wp-content\\\/uploads\\\/2016\\\/02\\\/mini-logo-header-site2.jpg\",\"width\":234,\"height\":174,\"caption\":\"Association Freddy Morezon\"},\"image\":{\"@id\":\"https:\\\/\\\/freddymorezon.org\\\/#\\\/schema\\\/logo\\\/image\\\/\"},\"sameAs\":[\"https:\\\/\\\/www.facebook.com\\\/freddy.morezon\\\/\",\"https:\\\/\\\/www.instagram.com\\\/freddymorezon\\\/\",\"https:\\\/\\\/www.youtube.com\\\/user\\\/freddymorezon\",\"https:\\\/\\\/fr.linkedin.com\\\/company\\\/freddy-morezon-p.r.o.d.\"]}]}<\/script>\n<!-- \/ Yoast SEO plugin. -->","yoast_head_json":{"title":"BIZE | Freddy Morezon","robots":{"index":"index","follow":"follow","max-snippet":"max-snippet:-1","max-image-preview":"max-image-preview:large","max-video-preview":"max-video-preview:-1"},"canonical":"https:\/\/freddymorezon.org\/label\/bize\/","og_locale":"en_US","og_type":"article","og_title":"BIZE | Freddy Morezon","og_description":"[:fr]Juin 2022[:en]June 2022[:]","og_url":"https:\/\/freddymorezon.org\/label\/bize\/","og_site_name":"Freddy Morezon","article_publisher":"https:\/\/www.facebook.com\/freddy.morezon\/","article_modified_time":"2025-07-08T13:48:46+00:00","og_image":[{"width":3584,"height":3584,"url":"https:\/\/freddymorezon.org\/wp-content\/uploads\/2022\/02\/Pochette-Bize-cadre.jpg","type":"image\/jpeg"}],"twitter_card":"summary_large_image","schema":{"@context":"https:\/\/schema.org","@graph":[{"@type":"WebPage","@id":"https:\/\/freddymorezon.org\/label\/bize\/","url":"https:\/\/freddymorezon.org\/label\/bize\/","name":"BIZE | Freddy Morezon","isPartOf":{"@id":"https:\/\/freddymorezon.org\/#website"},"primaryImageOfPage":{"@id":"https:\/\/freddymorezon.org\/label\/bize\/#primaryimage"},"image":{"@id":"https:\/\/freddymorezon.org\/label\/bize\/#primaryimage"},"thumbnailUrl":"https:\/\/freddymorezon.org\/wp-content\/uploads\/2022\/02\/Pochette-Bize-cadre.jpg","datePublished":"2022-02-14T14:51:58+00:00","dateModified":"2025-07-08T13:48:46+00:00","breadcrumb":{"@id":"https:\/\/freddymorezon.org\/label\/bize\/#breadcrumb"},"inLanguage":"en-US","potentialAction":[{"@type":"ReadAction","target":["https:\/\/freddymorezon.org\/label\/bize\/"]}]},{"@type":"ImageObject","inLanguage":"en-US","@id":"https:\/\/freddymorezon.org\/label\/bize\/#primaryimage","url":"https:\/\/freddymorezon.org\/wp-content\/uploads\/2022\/02\/Pochette-Bize-cadre.jpg","contentUrl":"https:\/\/freddymorezon.org\/wp-content\/uploads\/2022\/02\/Pochette-Bize-cadre.jpg","width":3584,"height":3584},{"@type":"BreadcrumbList","@id":"https:\/\/freddymorezon.org\/label\/bize\/#breadcrumb","itemListElement":[{"@type":"ListItem","position":1,"name":"Accueil","item":"https:\/\/freddymorezon.org\/"},{"@type":"ListItem","position":2,"name":"Label","item":"https:\/\/freddymorezon.org\/label\/"},{"@type":"ListItem","position":3,"name":"BIZE"}]},{"@type":"WebSite","@id":"https:\/\/freddymorezon.org\/#website","url":"https:\/\/freddymorezon.org\/","name":"Freddy Morezon","description":"jazz - musique improvis\u00e9e - esth\u00e9tiques plurielles","publisher":{"@id":"https:\/\/freddymorezon.org\/#organization"},"potentialAction":[{"@type":"SearchAction","target":{"@type":"EntryPoint","urlTemplate":"https:\/\/freddymorezon.org\/?s={search_term_string}"},"query-input":{"@type":"PropertyValueSpecification","valueRequired":true,"valueName":"search_term_string"}}],"inLanguage":"en-US"},{"@type":"Organization","@id":"https:\/\/freddymorezon.org\/#organization","name":"Association Freddy Morezon","url":"https:\/\/freddymorezon.org\/","logo":{"@type":"ImageObject","inLanguage":"en-US","@id":"https:\/\/freddymorezon.org\/#\/schema\/logo\/image\/","url":"https:\/\/freddymorezon.org\/wp-content\/uploads\/2016\/02\/mini-logo-header-site2.jpg","contentUrl":"https:\/\/freddymorezon.org\/wp-content\/uploads\/2016\/02\/mini-logo-header-site2.jpg","width":234,"height":174,"caption":"Association Freddy Morezon"},"image":{"@id":"https:\/\/freddymorezon.org\/#\/schema\/logo\/image\/"},"sameAs":["https:\/\/www.facebook.com\/freddy.morezon\/","https:\/\/www.instagram.com\/freddymorezon\/","https:\/\/www.youtube.com\/user\/freddymorezon","https:\/\/fr.linkedin.com\/company\/freddy-morezon-p.r.o.d."]}]}},"_links":{"self":[{"href":"https:\/\/freddymorezon.org\/en\/wp-json\/wp\/v2\/pages\/13869","targetHints":{"allow":["GET"]}}],"collection":[{"href":"https:\/\/freddymorezon.org\/en\/wp-json\/wp\/v2\/pages"}],"about":[{"href":"https:\/\/freddymorezon.org\/en\/wp-json\/wp\/v2\/types\/page"}],"author":[{"embeddable":true,"href":"https:\/\/freddymorezon.org\/en\/wp-json\/wp\/v2\/users\/1"}],"replies":[{"embeddable":true,"href":"https:\/\/freddymorezon.org\/en\/wp-json\/wp\/v2\/comments?post=13869"}],"version-history":[{"count":48,"href":"https:\/\/freddymorezon.org\/en\/wp-json\/wp\/v2\/pages\/13869\/revisions"}],"predecessor-version":[{"id":23484,"href":"https:\/\/freddymorezon.org\/en\/wp-json\/wp\/v2\/pages\/13869\/revisions\/23484"}],"up":[{"embeddable":true,"href":"https:\/\/freddymorezon.org\/en\/wp-json\/wp\/v2\/pages\/140"}],"wp:featuredmedia":[{"embeddable":true,"href":"https:\/\/freddymorezon.org\/en\/wp-json\/wp\/v2\/media\/13891"}],"wp:attachment":[{"href":"https:\/\/freddymorezon.org\/en\/wp-json\/wp\/v2\/media?parent=13869"}],"wp:term":[{"taxonomy":"category","embeddable":true,"href":"https:\/\/freddymorezon.org\/en\/wp-json\/wp\/v2\/categories?post=13869"},{"taxonomy":"post_tag","embeddable":true,"href":"https:\/\/freddymorezon.org\/en\/wp-json\/wp\/v2\/tags?post=13869"}],"curies":[{"name":"wp","href":"https:\/\/api.w.org\/{rel}","templated":true}]}}