
{"id":15173,"date":"2022-07-28T11:47:27","date_gmt":"2022-07-28T10:47:27","guid":{"rendered":"https:\/\/freddymorezon.org\/?page_id=15173"},"modified":"2025-07-08T15:27:43","modified_gmt":"2025-07-08T13:27:43","slug":"route-2-ulysses","status":"publish","type":"page","link":"https:\/\/freddymorezon.org\/en\/label\/route-2-ulysses\/","title":{"rendered":"Route 2 Ulysses"},"content":{"rendered":"<div id=\"pl-15173\"  class=\"panel-layout\" ><div id=\"pg-15173-0\"  class=\"panel-grid panel-no-style\" ><div id=\"pgc-15173-0-0\"  class=\"panel-grid-cell\" ><div id=\"panel-15173-0-0-0\" class=\"so-panel widget widget_sow-image panel-first-child\" data-index=\"0\" ><div\n\t\t\t\n\t\t\tclass=\"so-widget-sow-image so-widget-sow-image-default-8b5b6f678277-15173\"\n\t\t\t\n\t\t>\n<div class=\"sow-image-container\">\n\t\t<img \n\tsrc=\"https:\/\/freddymorezon.org\/wp-content\/uploads\/2022\/09\/PochetteRW-carre-400x400.jpg\" width=\"400\" height=\"400\" srcset=\"https:\/\/freddymorezon.org\/wp-content\/uploads\/2022\/09\/PochetteRW-carre-400x400.jpg 400w, https:\/\/freddymorezon.org\/wp-content\/uploads\/2022\/09\/PochetteRW-carre-150x150.jpg 150w, https:\/\/freddymorezon.org\/wp-content\/uploads\/2022\/09\/PochetteRW-carre-800x800.jpg 800w, https:\/\/freddymorezon.org\/wp-content\/uploads\/2022\/09\/PochetteRW-carre-100x100.jpg 100w, https:\/\/freddymorezon.org\/wp-content\/uploads\/2022\/09\/PochetteRW-carre-300x300.jpg 300w\" sizes=\"(max-width: 400px) 100vw, 400px\" alt=\"\" \t\tclass=\"so-widget-image\"\/>\n\t<\/div>\n\n<\/div><\/div><div id=\"panel-15173-0-0-1\" class=\"so-panel widget widget_sow-editor\" data-index=\"1\" ><div\n\t\t\t\n\t\t\tclass=\"so-widget-sow-editor so-widget-sow-editor-base\"\n\t\t\t\n\t\t>\n<div class=\"siteorigin-widget-tinymce textwidget\">\n\t<div class=\"commande-album\" style=\"text-align: left;\">\n<div class=\"ajout-panier woocommerce add_to_cart_inline\">\n<h3>Commander<\/h3>\n<h4>Vinyle<\/h4>\n<p class=\"product woocommerce add_to_cart_inline \" style=\"border: 4px solid #cccccc; padding: 12px;\"><span class=\"woocommerce-Price-amount amount\"><bdi>15,00<span class=\"woocommerce-Price-currencySymbol\">\u20ac<\/span><\/bdi><\/span><\/p>\n<p class=\"product woocommerce add_to_cart_inline \" style=\"border: 4px solid #cccccc; padding: 12px;\"><a class=\"button product_type_simple add_to_cart_button ajax_add_to_cart\" href=\"?add-to-cart=15544\" rel=\"nofollow\" aria-describedby=\"woocommerce_loop_add_to_cart_link_describedby_15544 \" data-quantity=\"1\" data-product_id=\"15544\" data-product_sku=\"\" aria-label=\"Ajouter au panier : \u201cRoute 2 Ulysses - Vinyle\u201d\" data-success_message=\"\u00ab Route 2 Ulysses - Vinyle \u00bb a \u00e9t\u00e9 ajout\u00e9 \u00e0 votre panier\">Ajouter au panier<\/a><br \/>\n<span id=\"woocommerce_loop_add_to_cart_link_describedby_15544 \" class=\"screen-reader-text\"><br \/>\n<\/span><\/p>\n<\/div>\n<\/div>\n<\/div>\n<\/div><\/div><div id=\"panel-15173-0-0-2\" class=\"so-panel widget widget_sow-editor\" data-index=\"2\" ><div\n\t\t\t\n\t\t\tclass=\"so-widget-sow-editor so-widget-sow-editor-base\"\n\t\t\t\n\t\t>\n<div class=\"siteorigin-widget-tinymce textwidget\">\n\t<p><iframe style=\"border: 0; width: 350px; height: 472px;\" src=\"https:\/\/bandcamp.com\/EmbeddedPlayer\/album=1838036881\/size=large\/bgcol=ffffff\/linkcol=0687f5\/artwork=none\/transparent=true\/\" seamless><a href=\"https:\/\/mrmorezon.bandcamp.com\/album\/route-2-ulysses\">Route 2 Ulysses by Reverse Winchester<\/a><\/iframe><\/p>\n<\/div>\n<\/div><\/div><div id=\"panel-15173-0-0-3\" class=\"so-panel widget widget_sow-editor\" data-index=\"3\" ><div\n\t\t\t\n\t\t\tclass=\"so-widget-sow-editor so-widget-sow-editor-base\"\n\t\t\t\n\t\t><h3 class=\"widget-title\">DISTRIBUTION &amp; CR\u00c9DITS<\/h3>\n<div class=\"siteorigin-widget-tinymce textwidget\">\n\t<p>Mike Ladd : voix, textes<br \/>\nMathieu Sourisseau : guitare acoustique amplifi\u00e9e<\/p>\n<p>Compositions de Mathieu Sourisseau et Mike Ladd<br \/>\nEnregistr\u00e9 et masteris\u00e9 au Studio de la Lune Rouge par Simon Baconnier en janvier 2022.<br \/>\nMix\u00e9 par Simon Baconnier et Mathieu Sourisseau, Studio de la Lune Rouge<br \/>\nMusiciens invit\u00e9s S\u00e9bastien Bacquias (contrebasse), Mathias Bayle (batterie), Tristant Charles-Alfred (saxophone baryton), S\u00e9bastien Cirotteau (saxhorn alto), Fabien Duscombs (batterie), Jean Lacarri\u00e8re (saxophone t\u00e9nor), Nathana\u00ebl Renoux (trompet)<\/p>\n<p>Couverture de la pochette : Florence Ladd, Mike\u2019s Mother \u00a9 William Cawthorne<br \/>\nPhoto \u00e0 l'int\u00e9rieur : Mike\u2019s father \u00a9 anonymous<br \/>\nGraphisme : William Badneighbour \u00a9 LeBloc<\/p>\n<\/div>\n<\/div><\/div><div id=\"panel-15173-0-0-4\" class=\"so-panel widget widget_sow-editor panel-last-child\" data-index=\"4\" ><div\n\t\t\t\n\t\t\tclass=\"so-widget-sow-editor so-widget-sow-editor-base\"\n\t\t\t\n\t\t>\n<div class=\"siteorigin-widget-tinymce textwidget\">\n\t<h3>Links<\/h3>\n<ul>\n<li><i class=\"fa fa-chevron-right fa-2x\"><\/i> <a href=\"https:\/\/freddymorezon.org\/projets\/reverse-winchester\/\">Reverse Winchester<\/a><\/li>\n<li><i class=\"fa fa-chevron-right fa-2x\"><\/i> <a href=\"https:\/\/freddymorezon.org\/artistes\/mathieu-sourisseau\/\">Mathieu Sourisseau<\/a><\/li>\n<li><i class=\"fa fa-chevron-right fa-2x\"><\/i> <a href=\"https:\/\/mikeladd.fr\/\" target=\"_blank\" rel=\"noopener noreferrer\">Mike Ladd<\/a><\/li>\n<\/ul>\n<\/div>\n<\/div><\/div><\/div><div id=\"pgc-15173-0-1\"  class=\"panel-grid-cell\" ><div id=\"panel-15173-0-1-0\" class=\"so-panel widget widget_sow-headline panel-first-child\" data-index=\"5\" ><div\n\t\t\t\n\t\t\tclass=\"so-widget-sow-headline so-widget-sow-headline-default-c8fa18c4903e-15173\"\n\t\t\t\n\t\t><div class=\"sow-headline-container \">\n\t\t\t\t\t\t\t<h2 class=\"sow-headline\">\n\t\t\t\t\t\tROUTE 2 ULYSSES\t\t\t\t\t\t<\/h2>\n\t\t\t\t\t\t\t\t\t\t\t\t<h3 class=\"sow-sub-headline\">\n\t\t\t\t\t\tReverse Winchester  Mr Morezon 030 \/ 7 octobre 2022\t\t\t\t\t\t<\/h3>\n\t\t\t\t\t\t\t\t\t\t\t<div class=\"decoration\">\n\t\t\t\t\t\t<div class=\"decoration-inside\"><\/div>\n\t\t\t\t\t<\/div>\n\t\t\t\t\t<\/div>\n<\/div><\/div><div id=\"panel-15173-0-1-1\" class=\"so-panel widget widget_sow-editor\" data-index=\"6\" ><div\n\t\t\t\n\t\t\tclass=\"so-widget-sow-editor so-widget-sow-editor-base\"\n\t\t\t\n\t\t>\n<div class=\"siteorigin-widget-tinymce textwidget\">\n\t<p>Le disque nous raconte de petites choses dans un vaste monde dont l\u2019histoire est longue, parfois plus longue qu\u2019on ne croit. Il parle de nos moyens d'aborder les souvenirs, de la perte et du gain, de rires en coin, et de ne pas se laisser emmerder. Id\u00e9alement, c\u2019est un recueil de chansons reli\u00e9es quelque part au-del\u00e0 de leur naissance. C\u2019est un jeu de Lego du cerveau; laissons chacun les interpr\u00e9ter \u00e0 sa guise.<br \/>\nLa musique minimale, intime parfois impulsive, d\u00e9nud\u00e9e, vautr\u00e9e un peu plus dans le blues, d\u00e9charn\u00e9e un peu plus sur ce qu'il lui reste de folk.<br \/>\nLe duo continue sa route en creusant sa complicit\u00e9, vieillir a parfois du bon.<\/p>\n<\/div>\n<\/div><\/div><div id=\"panel-15173-0-1-2\" class=\"so-panel widget widget_sow-editor\" data-index=\"7\" ><div\n\t\t\t\n\t\t\tclass=\"so-widget-sow-editor so-widget-sow-editor-base\"\n\t\t\t\n\t\t>\n<div class=\"siteorigin-widget-tinymce textwidget\">\n\t<p><iframe loading=\"lazy\" title=\"Wild out day - Reverse Winchester @ Tribu Festival 2019\" width=\"790\" height=\"444\" src=\"https:\/\/www.youtube.com\/embed\/HAYE0KFO_BU?feature=oembed\" frameborder=\"0\" allow=\"accelerometer; autoplay; clipboard-write; encrypted-media; gyroscope; picture-in-picture; web-share\" referrerpolicy=\"strict-origin-when-cross-origin\" allowfullscreen><\/iframe><\/p>\n<\/div>\n<\/div><\/div><div id=\"panel-15173-0-1-3\" class=\"so-panel widget widget_eo_event_list_widget EO_Event_List_Widget panel-last-child\" data-index=\"8\" >\n\n<\/div><\/div><\/div><\/div>","protected":false},"excerpt":{"rendered":"<p>October 2022<\/p>\n","protected":false},"author":1,"featured_media":15268,"parent":140,"menu_order":0,"comment_status":"closed","ping_status":"closed","template":"page-templates\/full-width.php","meta":{"om_disable_all_campaigns":false,"_monsterinsights_skip_tracking":false,"_monsterinsights_sitenote_active":false,"_monsterinsights_sitenote_note":"","_monsterinsights_sitenote_category":0,"_uf_show_specific_survey":0,"_uf_disable_surveys":false,"footnotes":""},"categories":[1174],"tags":[],"class_list":["post-15173","page","type-page","status-publish","has-post-thumbnail","hentry","category-page-label"],"aioseo_notices":[],"yoast_head":"<!-- This site is optimized with the Yoast SEO plugin v27.3 - https:\/\/yoast.com\/product\/yoast-seo-wordpress\/ -->\n<title>Route 2 Ulysses | Freddy Morezon<\/title>\n<meta name=\"robots\" content=\"index, follow, max-snippet:-1, max-image-preview:large, max-video-preview:-1\" \/>\n<link rel=\"canonical\" href=\"https:\/\/freddymorezon.org\/label\/route-2-ulysses\/\" \/>\n<meta property=\"og:locale\" content=\"en_US\" \/>\n<meta property=\"og:type\" content=\"article\" \/>\n<meta property=\"og:title\" content=\"Route 2 Ulysses | Freddy Morezon\" \/>\n<meta property=\"og:description\" content=\"[:fr]Octobre 2022[:en]October 2022[:]\" \/>\n<meta property=\"og:url\" content=\"https:\/\/freddymorezon.org\/label\/route-2-ulysses\/\" \/>\n<meta property=\"og:site_name\" content=\"Freddy Morezon\" \/>\n<meta property=\"article:publisher\" content=\"https:\/\/www.facebook.com\/freddy.morezon\/\" \/>\n<meta property=\"article:modified_time\" content=\"2025-07-08T13:27:43+00:00\" \/>\n<meta property=\"og:image\" content=\"https:\/\/freddymorezon.org\/wp-content\/uploads\/2022\/09\/PochetteRW-carre-1240x800.jpg\" \/>\n\t<meta property=\"og:image:width\" content=\"1240\" \/>\n\t<meta property=\"og:image:height\" content=\"800\" \/>\n\t<meta property=\"og:image:type\" content=\"image\/jpeg\" \/>\n<meta name=\"twitter:card\" content=\"summary_large_image\" \/>\n<script type=\"application\/ld+json\" class=\"yoast-schema-graph\">{\"@context\":\"https:\\\/\\\/schema.org\",\"@graph\":[{\"@type\":\"WebPage\",\"@id\":\"https:\\\/\\\/freddymorezon.org\\\/label\\\/route-2-ulysses\\\/\",\"url\":\"https:\\\/\\\/freddymorezon.org\\\/label\\\/route-2-ulysses\\\/\",\"name\":\"Route 2 Ulysses | Freddy Morezon\",\"isPartOf\":{\"@id\":\"https:\\\/\\\/freddymorezon.org\\\/#website\"},\"primaryImageOfPage\":{\"@id\":\"https:\\\/\\\/freddymorezon.org\\\/label\\\/route-2-ulysses\\\/#primaryimage\"},\"image\":{\"@id\":\"https:\\\/\\\/freddymorezon.org\\\/label\\\/route-2-ulysses\\\/#primaryimage\"},\"thumbnailUrl\":\"https:\\\/\\\/freddymorezon.org\\\/wp-content\\\/uploads\\\/2022\\\/09\\\/PochetteRW-carre.jpg\",\"datePublished\":\"2022-07-28T10:47:27+00:00\",\"dateModified\":\"2025-07-08T13:27:43+00:00\",\"breadcrumb\":{\"@id\":\"https:\\\/\\\/freddymorezon.org\\\/label\\\/route-2-ulysses\\\/#breadcrumb\"},\"inLanguage\":\"en-US\",\"potentialAction\":[{\"@type\":\"ReadAction\",\"target\":[\"https:\\\/\\\/freddymorezon.org\\\/label\\\/route-2-ulysses\\\/\"]}]},{\"@type\":\"ImageObject\",\"inLanguage\":\"en-US\",\"@id\":\"https:\\\/\\\/freddymorezon.org\\\/label\\\/route-2-ulysses\\\/#primaryimage\",\"url\":\"https:\\\/\\\/freddymorezon.org\\\/wp-content\\\/uploads\\\/2022\\\/09\\\/PochetteRW-carre.jpg\",\"contentUrl\":\"https:\\\/\\\/freddymorezon.org\\\/wp-content\\\/uploads\\\/2022\\\/09\\\/PochetteRW-carre.jpg\",\"width\":3685,\"height\":3685},{\"@type\":\"BreadcrumbList\",\"@id\":\"https:\\\/\\\/freddymorezon.org\\\/label\\\/route-2-ulysses\\\/#breadcrumb\",\"itemListElement\":[{\"@type\":\"ListItem\",\"position\":1,\"name\":\"Accueil\",\"item\":\"https:\\\/\\\/freddymorezon.org\\\/\"},{\"@type\":\"ListItem\",\"position\":2,\"name\":\"Label\",\"item\":\"https:\\\/\\\/freddymorezon.org\\\/label\\\/\"},{\"@type\":\"ListItem\",\"position\":3,\"name\":\"Route 2 Ulysses\"}]},{\"@type\":\"WebSite\",\"@id\":\"https:\\\/\\\/freddymorezon.org\\\/#website\",\"url\":\"https:\\\/\\\/freddymorezon.org\\\/\",\"name\":\"Freddy Morezon\",\"description\":\"jazz - musique improvis\u00e9e - esth\u00e9tiques plurielles\",\"publisher\":{\"@id\":\"https:\\\/\\\/freddymorezon.org\\\/#organization\"},\"potentialAction\":[{\"@type\":\"SearchAction\",\"target\":{\"@type\":\"EntryPoint\",\"urlTemplate\":\"https:\\\/\\\/freddymorezon.org\\\/?s={search_term_string}\"},\"query-input\":{\"@type\":\"PropertyValueSpecification\",\"valueRequired\":true,\"valueName\":\"search_term_string\"}}],\"inLanguage\":\"en-US\"},{\"@type\":\"Organization\",\"@id\":\"https:\\\/\\\/freddymorezon.org\\\/#organization\",\"name\":\"Association Freddy Morezon\",\"url\":\"https:\\\/\\\/freddymorezon.org\\\/\",\"logo\":{\"@type\":\"ImageObject\",\"inLanguage\":\"en-US\",\"@id\":\"https:\\\/\\\/freddymorezon.org\\\/#\\\/schema\\\/logo\\\/image\\\/\",\"url\":\"https:\\\/\\\/freddymorezon.org\\\/wp-content\\\/uploads\\\/2016\\\/02\\\/mini-logo-header-site2.jpg\",\"contentUrl\":\"https:\\\/\\\/freddymorezon.org\\\/wp-content\\\/uploads\\\/2016\\\/02\\\/mini-logo-header-site2.jpg\",\"width\":234,\"height\":174,\"caption\":\"Association Freddy Morezon\"},\"image\":{\"@id\":\"https:\\\/\\\/freddymorezon.org\\\/#\\\/schema\\\/logo\\\/image\\\/\"},\"sameAs\":[\"https:\\\/\\\/www.facebook.com\\\/freddy.morezon\\\/\",\"https:\\\/\\\/www.instagram.com\\\/freddymorezon\\\/\",\"https:\\\/\\\/www.youtube.com\\\/user\\\/freddymorezon\",\"https:\\\/\\\/fr.linkedin.com\\\/company\\\/freddy-morezon-p.r.o.d.\"]}]}<\/script>\n<!-- \/ Yoast SEO plugin. -->","yoast_head_json":{"title":"Route 2 Ulysses | Freddy Morezon","robots":{"index":"index","follow":"follow","max-snippet":"max-snippet:-1","max-image-preview":"max-image-preview:large","max-video-preview":"max-video-preview:-1"},"canonical":"https:\/\/freddymorezon.org\/label\/route-2-ulysses\/","og_locale":"en_US","og_type":"article","og_title":"Route 2 Ulysses | Freddy Morezon","og_description":"[:fr]Octobre 2022[:en]October 2022[:]","og_url":"https:\/\/freddymorezon.org\/label\/route-2-ulysses\/","og_site_name":"Freddy Morezon","article_publisher":"https:\/\/www.facebook.com\/freddy.morezon\/","article_modified_time":"2025-07-08T13:27:43+00:00","og_image":[{"width":1240,"height":800,"url":"https:\/\/freddymorezon.org\/wp-content\/uploads\/2022\/09\/PochetteRW-carre-1240x800.jpg","type":"image\/jpeg"}],"twitter_card":"summary_large_image","schema":{"@context":"https:\/\/schema.org","@graph":[{"@type":"WebPage","@id":"https:\/\/freddymorezon.org\/label\/route-2-ulysses\/","url":"https:\/\/freddymorezon.org\/label\/route-2-ulysses\/","name":"Route 2 Ulysses | Freddy Morezon","isPartOf":{"@id":"https:\/\/freddymorezon.org\/#website"},"primaryImageOfPage":{"@id":"https:\/\/freddymorezon.org\/label\/route-2-ulysses\/#primaryimage"},"image":{"@id":"https:\/\/freddymorezon.org\/label\/route-2-ulysses\/#primaryimage"},"thumbnailUrl":"https:\/\/freddymorezon.org\/wp-content\/uploads\/2022\/09\/PochetteRW-carre.jpg","datePublished":"2022-07-28T10:47:27+00:00","dateModified":"2025-07-08T13:27:43+00:00","breadcrumb":{"@id":"https:\/\/freddymorezon.org\/label\/route-2-ulysses\/#breadcrumb"},"inLanguage":"en-US","potentialAction":[{"@type":"ReadAction","target":["https:\/\/freddymorezon.org\/label\/route-2-ulysses\/"]}]},{"@type":"ImageObject","inLanguage":"en-US","@id":"https:\/\/freddymorezon.org\/label\/route-2-ulysses\/#primaryimage","url":"https:\/\/freddymorezon.org\/wp-content\/uploads\/2022\/09\/PochetteRW-carre.jpg","contentUrl":"https:\/\/freddymorezon.org\/wp-content\/uploads\/2022\/09\/PochetteRW-carre.jpg","width":3685,"height":3685},{"@type":"BreadcrumbList","@id":"https:\/\/freddymorezon.org\/label\/route-2-ulysses\/#breadcrumb","itemListElement":[{"@type":"ListItem","position":1,"name":"Accueil","item":"https:\/\/freddymorezon.org\/"},{"@type":"ListItem","position":2,"name":"Label","item":"https:\/\/freddymorezon.org\/label\/"},{"@type":"ListItem","position":3,"name":"Route 2 Ulysses"}]},{"@type":"WebSite","@id":"https:\/\/freddymorezon.org\/#website","url":"https:\/\/freddymorezon.org\/","name":"Freddy Morezon","description":"jazz - musique improvis\u00e9e - esth\u00e9tiques plurielles","publisher":{"@id":"https:\/\/freddymorezon.org\/#organization"},"potentialAction":[{"@type":"SearchAction","target":{"@type":"EntryPoint","urlTemplate":"https:\/\/freddymorezon.org\/?s={search_term_string}"},"query-input":{"@type":"PropertyValueSpecification","valueRequired":true,"valueName":"search_term_string"}}],"inLanguage":"en-US"},{"@type":"Organization","@id":"https:\/\/freddymorezon.org\/#organization","name":"Association Freddy Morezon","url":"https:\/\/freddymorezon.org\/","logo":{"@type":"ImageObject","inLanguage":"en-US","@id":"https:\/\/freddymorezon.org\/#\/schema\/logo\/image\/","url":"https:\/\/freddymorezon.org\/wp-content\/uploads\/2016\/02\/mini-logo-header-site2.jpg","contentUrl":"https:\/\/freddymorezon.org\/wp-content\/uploads\/2016\/02\/mini-logo-header-site2.jpg","width":234,"height":174,"caption":"Association Freddy Morezon"},"image":{"@id":"https:\/\/freddymorezon.org\/#\/schema\/logo\/image\/"},"sameAs":["https:\/\/www.facebook.com\/freddy.morezon\/","https:\/\/www.instagram.com\/freddymorezon\/","https:\/\/www.youtube.com\/user\/freddymorezon","https:\/\/fr.linkedin.com\/company\/freddy-morezon-p.r.o.d."]}]}},"_links":{"self":[{"href":"https:\/\/freddymorezon.org\/en\/wp-json\/wp\/v2\/pages\/15173","targetHints":{"allow":["GET"]}}],"collection":[{"href":"https:\/\/freddymorezon.org\/en\/wp-json\/wp\/v2\/pages"}],"about":[{"href":"https:\/\/freddymorezon.org\/en\/wp-json\/wp\/v2\/types\/page"}],"author":[{"embeddable":true,"href":"https:\/\/freddymorezon.org\/en\/wp-json\/wp\/v2\/users\/1"}],"replies":[{"embeddable":true,"href":"https:\/\/freddymorezon.org\/en\/wp-json\/wp\/v2\/comments?post=15173"}],"version-history":[{"count":41,"href":"https:\/\/freddymorezon.org\/en\/wp-json\/wp\/v2\/pages\/15173\/revisions"}],"predecessor-version":[{"id":23471,"href":"https:\/\/freddymorezon.org\/en\/wp-json\/wp\/v2\/pages\/15173\/revisions\/23471"}],"up":[{"embeddable":true,"href":"https:\/\/freddymorezon.org\/en\/wp-json\/wp\/v2\/pages\/140"}],"wp:featuredmedia":[{"embeddable":true,"href":"https:\/\/freddymorezon.org\/en\/wp-json\/wp\/v2\/media\/15268"}],"wp:attachment":[{"href":"https:\/\/freddymorezon.org\/en\/wp-json\/wp\/v2\/media?parent=15173"}],"wp:term":[{"taxonomy":"category","embeddable":true,"href":"https:\/\/freddymorezon.org\/en\/wp-json\/wp\/v2\/categories?post=15173"},{"taxonomy":"post_tag","embeddable":true,"href":"https:\/\/freddymorezon.org\/en\/wp-json\/wp\/v2\/tags?post=15173"}],"curies":[{"name":"wp","href":"https:\/\/api.w.org\/{rel}","templated":true}]}}