
{"id":15314,"date":"2022-09-20T13:24:57","date_gmt":"2022-09-20T12:24:57","guid":{"rendered":"https:\/\/freddymorezon.org\/?page_id=15314"},"modified":"2022-09-29T14:28:47","modified_gmt":"2022-09-29T13:28:47","slug":"lenvol-ne-finit-jamais","status":"publish","type":"page","link":"https:\/\/freddymorezon.org\/en\/lenvol-ne-finit-jamais\/","title":{"rendered":"L&#8217;Envol ne finit jamais"},"content":{"rendered":"<div id=\"pl-15314\"  class=\"panel-layout\" ><div id=\"pg-15314-0\"  class=\"panel-grid panel-no-style\" ><div id=\"pgc-15314-0-0\"  class=\"panel-grid-cell\" ><div id=\"panel-15314-0-0-0\" class=\"so-panel widget widget_eo_event_list_widget EO_Event_List_Widget panel-first-child\" data-index=\"0\" >\n\n<\/div><div id=\"panel-15314-0-0-1\" class=\"so-panel widget widget_sow-editor\" data-index=\"1\" ><div\n\t\t\t\n\t\t\tclass=\"so-widget-sow-editor so-widget-sow-editor-base\"\n\t\t\t\n\t\t>\n<div class=\"siteorigin-widget-tinymce textwidget\">\n\t<p style=\"text-align: center;\"><a href=\"https:\/\/freddymorezon.org\/projets\/kill-your-idols\/agenda-kill-your-idols\/\"><i class=\"fa fa-chevron-right fa-2x\"><\/i> View all tour dates<\/a><\/p>\n<\/div>\n<\/div><\/div><div id=\"panel-15314-0-0-2\" class=\"so-panel widget widget_sow-editor\" data-index=\"2\" ><div\n\t\t\t\n\t\t\tclass=\"so-widget-sow-editor so-widget-sow-editor-base\"\n\t\t\t\n\t\t>\n<div class=\"siteorigin-widget-tinymce textwidget\">\n\t<h3>listen<\/h3>\n<p><iframe loading=\"lazy\" width=\"100%\" height=\"450\" scrolling=\"no\" frameborder=\"no\" allow=\"autoplay\" src=\"https:\/\/w.soundcloud.com\/player\/?url=https%3A\/\/api.soundcloud.com\/playlists\/1500949900&color=%23ff5500&auto_play=false&hide_related=false&show_comments=true&show_user=true&show_reposts=false&show_teaser=true\"><\/iframe><\/p>\n<div style=\"font-size: 10px; color: #cccccc;line-break: anywhere;word-break: normal;overflow: hidden;white-space: nowrap;text-overflow: ellipsis; font-family: Interstate,Lucida Grande,Lucida Sans Unicode,Lucida Sans,Garuda,Verdana,Tahoma,sans-serif;font-weight: 100;\"><a href=\"https:\/\/soundcloud.com\/freddymorezon\" title=\"FreddyMorezon\" target=\"_blank\" style=\"color: #cccccc; text-decoration: none;\" rel=\"noopener noreferrer\">FreddyMorezon<\/a> \u00b7 <a href=\"https:\/\/soundcloud.com\/freddymorezon\/sets\/lenvol-ne-finit-jamais\" title=\"Kill Your Idols : L&#x27;Envol ne finit jamais\" target=\"_blank\" style=\"color: #cccccc; text-decoration: none;\" rel=\"noopener noreferrer\">Kill Your Idols : L&#x27;Envol ne finit jamais<\/a><\/div>\n<\/div>\n<\/div><\/div><div id=\"panel-15314-0-0-3\" class=\"so-panel widget widget_sow-headline\" data-index=\"3\" ><div\n\t\t\t\n\t\t\tclass=\"so-widget-sow-headline so-widget-sow-headline-default-7746819de07c-15314\"\n\t\t\t\n\t\t><div class=\"sow-headline-container \">\n\t\t\t\t\t\t<div class=\"decoration\">\n\t\t\t\t\t\t<div class=\"decoration-inside\"><\/div>\n\t\t\t\t\t<\/div>\n\t\t\t\t\t<\/div>\n<\/div><\/div><div id=\"panel-15314-0-0-4\" class=\"so-panel widget widget_sow-editor\" data-index=\"4\" ><div\n\t\t\t\n\t\t\tclass=\"so-widget-sow-editor so-widget-sow-editor-base\"\n\t\t\t\n\t\t>\n<div class=\"siteorigin-widget-tinymce textwidget\">\n\t<h3>Line-up<\/h3>\n<p><strong>Radek Klukowski :<\/strong> trumpet<br \/>\n<strong>Patrick Charbonnier :<\/strong> trombone<br \/>\n<strong>Olivier Bost :<\/strong> trombone<br \/>\n<strong>Eric Vagnon :<\/strong> baritone saxophone<br \/>\n<strong>Marc D\u00e9mereau :<\/strong> baritone saxophone<br \/>\n<strong>Marc Maffiolo :<\/strong> bass saxophone<br \/>\n<strong>Florian Nastorg :<\/strong> bass saxophone<\/p>\n<\/div>\n<\/div><\/div><div id=\"panel-15314-0-0-5\" class=\"so-panel widget widget_sow-headline\" data-index=\"5\" ><div\n\t\t\t\n\t\t\tclass=\"so-widget-sow-headline so-widget-sow-headline-default-7746819de07c-15314\"\n\t\t\t\n\t\t><div class=\"sow-headline-container \">\n\t\t\t\t\t\t<div class=\"decoration\">\n\t\t\t\t\t\t<div class=\"decoration-inside\"><\/div>\n\t\t\t\t\t<\/div>\n\t\t\t\t\t<\/div>\n<\/div><\/div><div id=\"panel-15314-0-0-6\" class=\"so-panel widget widget_sow-editor\" data-index=\"6\" ><div\n\t\t\t\n\t\t\tclass=\"so-widget-sow-editor so-widget-sow-editor-base\"\n\t\t\t\n\t\t>\n<div class=\"siteorigin-widget-tinymce textwidget\">\n\t<h3 class=\"widget-title\">Contact<\/h3>\n<p>Pia De Witte \/\/ pia@freddymorezon.org<\/p>\n<\/div>\n<\/div><\/div><div id=\"panel-15314-0-0-7\" class=\"so-panel widget widget_sow-headline\" data-index=\"7\" ><div\n\t\t\t\n\t\t\tclass=\"so-widget-sow-headline so-widget-sow-headline-default-7746819de07c-15314\"\n\t\t\t\n\t\t><div class=\"sow-headline-container \">\n\t\t\t\t\t\t<div class=\"decoration\">\n\t\t\t\t\t\t<div class=\"decoration-inside\"><\/div>\n\t\t\t\t\t<\/div>\n\t\t\t\t\t<\/div>\n<\/div><\/div><div id=\"panel-15314-0-0-8\" class=\"so-panel widget widget_sow-editor panel-last-child\" data-index=\"8\" ><div\n\t\t\t\n\t\t\tclass=\"so-widget-sow-editor so-widget-sow-editor-base\"\n\t\t\t\n\t\t>\n<div class=\"siteorigin-widget-tinymce textwidget\">\n\t<h3>links<\/h3>\n<ul>\n<li><i class=\"fa fa-chevron-right fa-2x\"><\/i> <a title=\"Retour \u00e0 la page d'accueil Kill Your Idols\" href=\"https:\/\/freddymorezon.org\/projets\/kill-your-idols\/\"><strong>Return to main page Kill Your Idols<\/strong><\/a><\/li>\n<\/ul>\n<p><i class=\"fa fa-file-text-o fa-2x\"><\/i> <a title=\"consulter le dossier de pr\u00e9sentation\" href=\"https:\/\/freddymorezon.org\/packspro\/2020_killyouridols_dossier.pdf\" target=\"_blank\" rel=\"noopener noreferrer\">Presentation file (FR)<\/a><\/p>\n<p><i class=\"fa fa-file-text-o fa-2x\"><\/i> <a title=\"consulter la revue de presse\" href=\"https:\/\/freddymorezon.org\/packspro\/revues_de_presse\/Revue_de_presse_-_Kill_Your_Idols.pdf\" target=\"_blank\" rel=\"noopener noreferrer\">Press review (FR)<\/a><\/p>\n<p><i class=\"fa fa-folder fa-4x\"><\/i> <a title=\"pack pro\" href=\"https:\/\/fichiers.freddymorezon.org\/index.php\/s\/etM9txnBXGuVKkF\" target=\"_blank\" rel=\"noopener noreferrer\">Pack pro<\/a><\/p>\n<ul>\n<li><i class=\"fa fa-facebook fa-2x\"><\/i> <a href=\"https:\/\/www.facebook.com\/Kill.Your.Idols.hommage\" target=\"_blank\" rel=\"noopener noreferrer\">page facebook<\/a><\/li>\n<li><i class=\"fa fa-chevron-right fa-2x\"><\/i> <a href=\"http:\/\/www.pepete-lumiere.com\/kill-your-idols\/\" target=\"_blank\" rel=\"noopener noreferrer\">P\u00e9p\u00e8te Lumi\u00e8re<\/a><\/li>\n<\/ul>\n<ul>\n<li><i class=\"fa fa-chevron-right fa-2x\"><\/i> <a href=\"https:\/\/freddymorezon.org\/projets\/no-noise-no-reduction\/\">No Noise No Reduction<\/a><\/li>\n<li><i class=\"fa fa-chevron-right fa-2x\"><\/i> <a href=\"https:\/\/freddymorezon.org\/artistes\/marc-demereau\/\">Marc D\u00e9mereau<\/a><\/li>\n<li><i class=\"fa fa-chevron-right fa-2x\"><\/i> <a href=\"https:\/\/freddymorezon.org\/artistes\/marc-maffiolo\/\">Marc Maffiolo<\/a><\/li>\n<li><i class=\"fa fa-chevron-right fa-2x\"><\/i> <a href=\"https:\/\/freddymorezon.org\/artistes\/florian-nastorg\/\">Florian Nastorg<\/a><\/li>\n<\/ul>\n<\/div>\n<\/div><\/div><\/div><div id=\"pgc-15314-0-1\"  class=\"panel-grid-cell\" ><div id=\"panel-15314-0-1-0\" class=\"so-panel widget widget_sow-editor panel-first-child\" data-index=\"9\" ><div\n\t\t\t\n\t\t\tclass=\"so-widget-sow-editor so-widget-sow-editor-base\"\n\t\t\t\n\t\t>\n<div class=\"siteorigin-widget-tinymce textwidget\">\n\t<h1>Kill Your Idols<\/h1>\n<h2 id=\"killyouridols\">L'envol ne finit jamais<span class=\"h3\">(cr\u00e9ation 2021)<\/span><\/h2>\n<p><!--\n\n<h3>composition sur (d\u00e9)mesure par Fred Frith--><\/p>\n<\/div>\n<\/div><\/div><div id=\"panel-15314-0-1-1\" class=\"so-panel widget widget_sow-editor\" data-index=\"10\" ><div\n\t\t\t\n\t\t\tclass=\"so-widget-sow-editor so-widget-sow-editor-base\"\n\t\t\t\n\t\t>\n<div class=\"siteorigin-widget-tinymce textwidget\">\n\t<h3 style=\"text-align: left;\">L'Envol ne finit jamais (Creation 2021)<\/h3>\n<p style=\"text-align: left;\"><em>Kill Your Idols meet Fred Frith en lui passant la commande d'une composition sur (d\u00e9)mesure.<\/em><\/p>\n<p style=\"text-align: left;\">Wishing to pursue the search for this singular ensemble sound acquired by triturating Sonic Youth\u2019s music, the band Kill Your Idols aspires today to interpret an unusual creative music, by granting an experimental composer this \"Know How to Make Sound\". Multi-instrumentalist, composer and improviser, Fred Frith has been making noise for 50 years. He is best known as a pioneering electric guitarist and improviser, songwriter and composer for film, dance and theater. Moving from powerful rock to experimental music, from sonic research to popular melodies, from radical forms to open writing, and always at the service of an extraordinary artistic coherence, Fred remains the musician and composer who has written an inescapable page in the history of alternative music since the end of the 20th century.<\/p>\n<p><a style=\"color: black;\" title=\"\" href=\"http:\/\/www.fredfrith.com\/\" target=\"_blank\" rel=\"noopener noreferrer\">Fred Frith's website<\/a><\/p>\n<\/div>\n<\/div><\/div><div id=\"panel-15314-0-1-2\" class=\"so-panel widget widget_sow-image\" data-index=\"11\" ><div\n\t\t\t\n\t\t\tclass=\"so-widget-sow-image so-widget-sow-image-default-8b5b6f678277-15314\"\n\t\t\t\n\t\t>\n<div class=\"sow-image-container\">\n\t\t<img \n\tsrc=\"https:\/\/freddymorezon.org\/wp-content\/uploads\/2022\/09\/lenvol.jpeg\" width=\"2454\" height=\"2602\" srcset=\"https:\/\/freddymorezon.org\/wp-content\/uploads\/2022\/09\/lenvol.jpeg 2454w, https:\/\/freddymorezon.org\/wp-content\/uploads\/2022\/09\/lenvol-754x800.jpeg 754w, https:\/\/freddymorezon.org\/wp-content\/uploads\/2022\/09\/lenvol-400x424.jpeg 400w\" sizes=\"(max-width: 2454px) 100vw, 2454px\" title=\"l&#8217;envol\" alt=\"\" \t\tclass=\"so-widget-image\"\/>\n\t<\/div>\n\n<\/div><\/div><div id=\"panel-15314-0-1-3\" class=\"so-panel widget widget_sow-editor panel-last-child\" data-index=\"12\" ><div\n\t\t\t\n\t\t\tclass=\"so-widget-sow-editor so-widget-sow-editor-base\"\n\t\t\t\n\t\t>\n<div class=\"siteorigin-widget-tinymce textwidget\">\n\t<p class=\"copyright\" style=\"text-align: left;\">\u00a9 Fred Frith<\/p>\n<\/div>\n<\/div><\/div><\/div><\/div><\/div>","protected":false},"excerpt":{"rendered":"<p>View all tour dates listen FreddyMorezon \u00b7 Kill Your Idols : L&#x27;Envol ne finit jamais Line-up Radek Klukowski : trumpet Patrick Charbonnier : trombone Olivier Bost : trombone Eric Vagnon : baritone saxophone Marc D\u00e9mereau : baritone saxophone Marc Maffiolo : bass saxophone Florian Nastorg : bass saxophone Contact Pia De Witte \/\/ pia@freddymorezon.org links&hellip;<\/p>\n<p><a class=\"more-link\" href=\"https:\/\/freddymorezon.org\/en\/lenvol-ne-finit-jamais\/\" title=\"Continue reading &lsquo;L&#8217;Envol ne finit jamais&rsquo;\">Continue reading <span class=\"meta-nav\">&rarr;<\/span><\/a><\/p>\n","protected":false},"author":1,"featured_media":15315,"parent":0,"menu_order":0,"comment_status":"closed","ping_status":"closed","template":"page-templates\/full-width.php","meta":{"om_disable_all_campaigns":false,"_monsterinsights_skip_tracking":false,"_monsterinsights_sitenote_active":false,"_monsterinsights_sitenote_note":"","_monsterinsights_sitenote_category":0,"_uf_show_specific_survey":0,"_uf_disable_surveys":false,"footnotes":""},"categories":[438],"tags":[],"class_list":["post-15314","page","type-page","status-publish","has-post-thumbnail","hentry","category-kill-your-idols"],"aioseo_notices":[],"yoast_head":"<!-- This site is optimized with the Yoast SEO plugin v27.4 - https:\/\/yoast.com\/product\/yoast-seo-wordpress\/ -->\n<title>L&#039;Envol ne finit jamais | Freddy Morezon<\/title>\n<meta name=\"robots\" content=\"index, follow, max-snippet:-1, max-image-preview:large, max-video-preview:-1\" \/>\n<link rel=\"canonical\" href=\"https:\/\/freddymorezon.org\/lenvol-ne-finit-jamais\/\" \/>\n<meta property=\"og:locale\" content=\"en_US\" \/>\n<meta property=\"og:type\" content=\"article\" \/>\n<meta property=\"og:title\" content=\"L&#039;Envol ne finit jamais | Freddy Morezon\" \/>\n<meta property=\"og:description\" content=\"View all tour dates listen FreddyMorezon \u00b7 Kill Your Idols : L&#x27;Envol ne finit jamais Line-up Radek Klukowski : trumpet Patrick Charbonnier : trombone Olivier Bost : trombone Eric Vagnon : baritone saxophone Marc D\u00e9mereau : baritone saxophone Marc Maffiolo : bass saxophone Florian Nastorg : bass saxophone Contact Pia De Witte \/\/ pia@freddymorezon.org links&hellip;Continue reading &rarr;\" \/>\n<meta property=\"og:url\" content=\"https:\/\/freddymorezon.org\/lenvol-ne-finit-jamais\/\" \/>\n<meta property=\"og:site_name\" content=\"Freddy Morezon\" \/>\n<meta property=\"article:publisher\" content=\"https:\/\/www.facebook.com\/freddy.morezon\/\" \/>\n<meta property=\"article:modified_time\" content=\"2022-09-29T13:28:47+00:00\" \/>\n<meta property=\"og:image\" content=\"https:\/\/freddymorezon.org\/wp-content\/uploads\/2022\/09\/lenvol.jpeg\" \/>\n\t<meta property=\"og:image:width\" content=\"2454\" \/>\n\t<meta property=\"og:image:height\" content=\"2602\" \/>\n\t<meta property=\"og:image:type\" content=\"image\/jpeg\" \/>\n<meta name=\"twitter:card\" content=\"summary_large_image\" \/>\n<script type=\"application\/ld+json\" class=\"yoast-schema-graph\">{\"@context\":\"https:\\\/\\\/schema.org\",\"@graph\":[{\"@type\":\"WebPage\",\"@id\":\"https:\\\/\\\/freddymorezon.org\\\/lenvol-ne-finit-jamais\\\/\",\"url\":\"https:\\\/\\\/freddymorezon.org\\\/lenvol-ne-finit-jamais\\\/\",\"name\":\"L'Envol ne finit jamais | Freddy Morezon\",\"isPartOf\":{\"@id\":\"https:\\\/\\\/freddymorezon.org\\\/#website\"},\"primaryImageOfPage\":{\"@id\":\"https:\\\/\\\/freddymorezon.org\\\/lenvol-ne-finit-jamais\\\/#primaryimage\"},\"image\":{\"@id\":\"https:\\\/\\\/freddymorezon.org\\\/lenvol-ne-finit-jamais\\\/#primaryimage\"},\"thumbnailUrl\":\"https:\\\/\\\/freddymorezon.org\\\/wp-content\\\/uploads\\\/2022\\\/09\\\/lenvol.jpeg\",\"datePublished\":\"2022-09-20T12:24:57+00:00\",\"dateModified\":\"2022-09-29T13:28:47+00:00\",\"breadcrumb\":{\"@id\":\"https:\\\/\\\/freddymorezon.org\\\/lenvol-ne-finit-jamais\\\/#breadcrumb\"},\"inLanguage\":\"en-US\",\"potentialAction\":[{\"@type\":\"ReadAction\",\"target\":[\"https:\\\/\\\/freddymorezon.org\\\/lenvol-ne-finit-jamais\\\/\"]}]},{\"@type\":\"ImageObject\",\"inLanguage\":\"en-US\",\"@id\":\"https:\\\/\\\/freddymorezon.org\\\/lenvol-ne-finit-jamais\\\/#primaryimage\",\"url\":\"https:\\\/\\\/freddymorezon.org\\\/wp-content\\\/uploads\\\/2022\\\/09\\\/lenvol.jpeg\",\"contentUrl\":\"https:\\\/\\\/freddymorezon.org\\\/wp-content\\\/uploads\\\/2022\\\/09\\\/lenvol.jpeg\",\"width\":2454,\"height\":2602},{\"@type\":\"BreadcrumbList\",\"@id\":\"https:\\\/\\\/freddymorezon.org\\\/lenvol-ne-finit-jamais\\\/#breadcrumb\",\"itemListElement\":[{\"@type\":\"ListItem\",\"position\":1,\"name\":\"Accueil\",\"item\":\"https:\\\/\\\/freddymorezon.org\\\/\"},{\"@type\":\"ListItem\",\"position\":2,\"name\":\"L&rsquo;Envol ne finit jamais\"}]},{\"@type\":\"WebSite\",\"@id\":\"https:\\\/\\\/freddymorezon.org\\\/#website\",\"url\":\"https:\\\/\\\/freddymorezon.org\\\/\",\"name\":\"Freddy Morezon\",\"description\":\"jazz - musique improvis\u00e9e - esth\u00e9tiques plurielles\",\"publisher\":{\"@id\":\"https:\\\/\\\/freddymorezon.org\\\/#organization\"},\"potentialAction\":[{\"@type\":\"SearchAction\",\"target\":{\"@type\":\"EntryPoint\",\"urlTemplate\":\"https:\\\/\\\/freddymorezon.org\\\/?s={search_term_string}\"},\"query-input\":{\"@type\":\"PropertyValueSpecification\",\"valueRequired\":true,\"valueName\":\"search_term_string\"}}],\"inLanguage\":\"en-US\"},{\"@type\":\"Organization\",\"@id\":\"https:\\\/\\\/freddymorezon.org\\\/#organization\",\"name\":\"Association Freddy Morezon\",\"url\":\"https:\\\/\\\/freddymorezon.org\\\/\",\"logo\":{\"@type\":\"ImageObject\",\"inLanguage\":\"en-US\",\"@id\":\"https:\\\/\\\/freddymorezon.org\\\/#\\\/schema\\\/logo\\\/image\\\/\",\"url\":\"https:\\\/\\\/freddymorezon.org\\\/wp-content\\\/uploads\\\/2016\\\/02\\\/mini-logo-header-site2.jpg\",\"contentUrl\":\"https:\\\/\\\/freddymorezon.org\\\/wp-content\\\/uploads\\\/2016\\\/02\\\/mini-logo-header-site2.jpg\",\"width\":234,\"height\":174,\"caption\":\"Association Freddy Morezon\"},\"image\":{\"@id\":\"https:\\\/\\\/freddymorezon.org\\\/#\\\/schema\\\/logo\\\/image\\\/\"},\"sameAs\":[\"https:\\\/\\\/www.facebook.com\\\/freddy.morezon\\\/\",\"https:\\\/\\\/www.instagram.com\\\/freddymorezon\\\/\",\"https:\\\/\\\/www.youtube.com\\\/user\\\/freddymorezon\",\"https:\\\/\\\/fr.linkedin.com\\\/company\\\/freddy-morezon-p.r.o.d.\"]}]}<\/script>\n<!-- \/ Yoast SEO plugin. -->","yoast_head_json":{"title":"L'Envol ne finit jamais | Freddy Morezon","robots":{"index":"index","follow":"follow","max-snippet":"max-snippet:-1","max-image-preview":"max-image-preview:large","max-video-preview":"max-video-preview:-1"},"canonical":"https:\/\/freddymorezon.org\/lenvol-ne-finit-jamais\/","og_locale":"en_US","og_type":"article","og_title":"L'Envol ne finit jamais | Freddy Morezon","og_description":"View all tour dates listen FreddyMorezon \u00b7 Kill Your Idols : L&#x27;Envol ne finit jamais Line-up Radek Klukowski : trumpet Patrick Charbonnier : trombone Olivier Bost : trombone Eric Vagnon : baritone saxophone Marc D\u00e9mereau : baritone saxophone Marc Maffiolo : bass saxophone Florian Nastorg : bass saxophone Contact Pia De Witte \/\/ pia@freddymorezon.org links&hellip;Continue reading &rarr;","og_url":"https:\/\/freddymorezon.org\/lenvol-ne-finit-jamais\/","og_site_name":"Freddy Morezon","article_publisher":"https:\/\/www.facebook.com\/freddy.morezon\/","article_modified_time":"2022-09-29T13:28:47+00:00","og_image":[{"width":2454,"height":2602,"url":"https:\/\/freddymorezon.org\/wp-content\/uploads\/2022\/09\/lenvol.jpeg","type":"image\/jpeg"}],"twitter_card":"summary_large_image","schema":{"@context":"https:\/\/schema.org","@graph":[{"@type":"WebPage","@id":"https:\/\/freddymorezon.org\/lenvol-ne-finit-jamais\/","url":"https:\/\/freddymorezon.org\/lenvol-ne-finit-jamais\/","name":"L'Envol ne finit jamais | Freddy Morezon","isPartOf":{"@id":"https:\/\/freddymorezon.org\/#website"},"primaryImageOfPage":{"@id":"https:\/\/freddymorezon.org\/lenvol-ne-finit-jamais\/#primaryimage"},"image":{"@id":"https:\/\/freddymorezon.org\/lenvol-ne-finit-jamais\/#primaryimage"},"thumbnailUrl":"https:\/\/freddymorezon.org\/wp-content\/uploads\/2022\/09\/lenvol.jpeg","datePublished":"2022-09-20T12:24:57+00:00","dateModified":"2022-09-29T13:28:47+00:00","breadcrumb":{"@id":"https:\/\/freddymorezon.org\/lenvol-ne-finit-jamais\/#breadcrumb"},"inLanguage":"en-US","potentialAction":[{"@type":"ReadAction","target":["https:\/\/freddymorezon.org\/lenvol-ne-finit-jamais\/"]}]},{"@type":"ImageObject","inLanguage":"en-US","@id":"https:\/\/freddymorezon.org\/lenvol-ne-finit-jamais\/#primaryimage","url":"https:\/\/freddymorezon.org\/wp-content\/uploads\/2022\/09\/lenvol.jpeg","contentUrl":"https:\/\/freddymorezon.org\/wp-content\/uploads\/2022\/09\/lenvol.jpeg","width":2454,"height":2602},{"@type":"BreadcrumbList","@id":"https:\/\/freddymorezon.org\/lenvol-ne-finit-jamais\/#breadcrumb","itemListElement":[{"@type":"ListItem","position":1,"name":"Accueil","item":"https:\/\/freddymorezon.org\/"},{"@type":"ListItem","position":2,"name":"L&rsquo;Envol ne finit jamais"}]},{"@type":"WebSite","@id":"https:\/\/freddymorezon.org\/#website","url":"https:\/\/freddymorezon.org\/","name":"Freddy Morezon","description":"jazz - musique improvis\u00e9e - esth\u00e9tiques plurielles","publisher":{"@id":"https:\/\/freddymorezon.org\/#organization"},"potentialAction":[{"@type":"SearchAction","target":{"@type":"EntryPoint","urlTemplate":"https:\/\/freddymorezon.org\/?s={search_term_string}"},"query-input":{"@type":"PropertyValueSpecification","valueRequired":true,"valueName":"search_term_string"}}],"inLanguage":"en-US"},{"@type":"Organization","@id":"https:\/\/freddymorezon.org\/#organization","name":"Association Freddy Morezon","url":"https:\/\/freddymorezon.org\/","logo":{"@type":"ImageObject","inLanguage":"en-US","@id":"https:\/\/freddymorezon.org\/#\/schema\/logo\/image\/","url":"https:\/\/freddymorezon.org\/wp-content\/uploads\/2016\/02\/mini-logo-header-site2.jpg","contentUrl":"https:\/\/freddymorezon.org\/wp-content\/uploads\/2016\/02\/mini-logo-header-site2.jpg","width":234,"height":174,"caption":"Association Freddy Morezon"},"image":{"@id":"https:\/\/freddymorezon.org\/#\/schema\/logo\/image\/"},"sameAs":["https:\/\/www.facebook.com\/freddy.morezon\/","https:\/\/www.instagram.com\/freddymorezon\/","https:\/\/www.youtube.com\/user\/freddymorezon","https:\/\/fr.linkedin.com\/company\/freddy-morezon-p.r.o.d."]}]}},"_links":{"self":[{"href":"https:\/\/freddymorezon.org\/en\/wp-json\/wp\/v2\/pages\/15314","targetHints":{"allow":["GET"]}}],"collection":[{"href":"https:\/\/freddymorezon.org\/en\/wp-json\/wp\/v2\/pages"}],"about":[{"href":"https:\/\/freddymorezon.org\/en\/wp-json\/wp\/v2\/types\/page"}],"author":[{"embeddable":true,"href":"https:\/\/freddymorezon.org\/en\/wp-json\/wp\/v2\/users\/1"}],"replies":[{"embeddable":true,"href":"https:\/\/freddymorezon.org\/en\/wp-json\/wp\/v2\/comments?post=15314"}],"version-history":[{"count":16,"href":"https:\/\/freddymorezon.org\/en\/wp-json\/wp\/v2\/pages\/15314\/revisions"}],"predecessor-version":[{"id":15508,"href":"https:\/\/freddymorezon.org\/en\/wp-json\/wp\/v2\/pages\/15314\/revisions\/15508"}],"wp:featuredmedia":[{"embeddable":true,"href":"https:\/\/freddymorezon.org\/en\/wp-json\/wp\/v2\/media\/15315"}],"wp:attachment":[{"href":"https:\/\/freddymorezon.org\/en\/wp-json\/wp\/v2\/media?parent=15314"}],"wp:term":[{"taxonomy":"category","embeddable":true,"href":"https:\/\/freddymorezon.org\/en\/wp-json\/wp\/v2\/categories?post=15314"},{"taxonomy":"post_tag","embeddable":true,"href":"https:\/\/freddymorezon.org\/en\/wp-json\/wp\/v2\/tags?post=15314"}],"curies":[{"name":"wp","href":"https:\/\/api.w.org\/{rel}","templated":true}]}}