
{"id":15894,"date":"2022-12-08T13:00:23","date_gmt":"2022-12-08T12:00:23","guid":{"rendered":"https:\/\/freddymorezon.org\/?page_id=15894"},"modified":"2025-09-08T17:33:03","modified_gmt":"2025-09-08T15:33:03","slug":"court-circuit","status":"publish","type":"page","link":"https:\/\/freddymorezon.org\/en\/action-culturelle\/court-circuit\/","title":{"rendered":"Court-Circuit"},"content":{"rendered":"<div id=\"pl-15894\"  class=\"panel-layout\" ><div id=\"pg-15894-0\"  class=\"panel-grid panel-no-style\" ><div id=\"pgc-15894-0-0\"  class=\"panel-grid-cell\" ><div id=\"panel-15894-0-0-0\" class=\"so-panel widget widget_eo_event_list_widget EO_Event_List_Widget panel-first-child\" data-index=\"0\" >\n\n<\/div><div id=\"panel-15894-0-0-1\" class=\"so-panel widget widget_sow-button panel-last-child\" data-index=\"1\" ><div\n\t\t\t\n\t\t\tclass=\"so-widget-sow-button so-widget-sow-button-flat-5192bebda948-15894\"\n\t\t\t\n\t\t><div class=\"ow-button-base ow-button-align-center\"\n>\n\t\t\t<a\n\t\t\t\t\thref=\"https:\/\/freddymorezon.org\/action-culturelle\/court-circuit\/agenda-court-circuit\/\"\n\t\t\t\t\tclass=\"sowb-button ow-icon-placement-left ow-button-hover\" \t>\n\t\t<span>\n\t\t\t\n\t\t\tView all tour dates\t\t<\/span>\n\t\t\t<\/a>\n\t<\/div>\n<\/div><\/div><\/div><div id=\"pgc-15894-0-1\"  class=\"panel-grid-cell\" ><div id=\"panel-15894-0-1-0\" class=\"so-panel widget widget_sow-editor panel-first-child panel-last-child\" data-index=\"2\" ><div\n\t\t\t\n\t\t\tclass=\"so-widget-sow-editor so-widget-sow-editor-base\"\n\t\t\t\n\t\t>\n<div class=\"siteorigin-widget-tinymce textwidget\">\n\t<h2>Court-Circuit<\/h2>\n<h3>R\u00e9sidence de Territoire 2022-2025<\/h3>\n<\/div>\n<\/div><\/div><\/div><div id=\"pgc-15894-0-2\"  class=\"panel-grid-cell\" ><div id=\"panel-15894-0-2-0\" class=\"so-panel widget widget_sow-image panel-first-child panel-last-child\" data-index=\"3\" ><div\n\t\t\t\n\t\t\tclass=\"so-widget-sow-image so-widget-sow-image-default-8b5b6f678277-15894\"\n\t\t\t\n\t\t>\n<div class=\"sow-image-container\">\n\t\t<img \n\tsrc=\"https:\/\/freddymorezon.org\/wp-content\/uploads\/2025\/03\/Logo-Court-Circuit_page-0001.jpg\" width=\"500\" height=\"250\" srcset=\"https:\/\/freddymorezon.org\/wp-content\/uploads\/2025\/03\/Logo-Court-Circuit_page-0001.jpg 469w, https:\/\/freddymorezon.org\/wp-content\/uploads\/2025\/03\/Logo-Court-Circuit_page-0001-300x200.jpg 300w, https:\/\/freddymorezon.org\/wp-content\/uploads\/2025\/03\/Logo-Court-Circuit_page-0001-400x267.jpg 400w, https:\/\/freddymorezon.org\/wp-content\/uploads\/2025\/03\/Logo-Court-Circuit_page-0001-272x182.jpg 272w\" sizes=\"(max-width: 375px) 100vw, 375px\" title=\"Logo Court-Circuit_page-0001\" alt=\"\" \t\tclass=\"so-widget-image\"\/>\n\t<\/div>\n\n<\/div><\/div><\/div><\/div><div id=\"pg-15894-1\"  class=\"panel-grid panel-no-style\" ><div id=\"pgc-15894-1-0\"  class=\"panel-grid-cell\" ><div id=\"panel-15894-1-0-0\" class=\"so-panel widget widget_sow-editor panel-first-child panel-last-child\" data-index=\"4\" ><div\n\t\t\t\n\t\t\tclass=\"so-widget-sow-editor so-widget-sow-editor-base\"\n\t\t\t\n\t\t>\n<div class=\"siteorigin-widget-tinymce textwidget\">\n\t<h3>Artistes<\/h3>\n<p>Sam Brault \u23ae S\u00e9bastien Cirotteau \u23ae Marc D\u00e9mereau \u23ae Fabien Duscombs Luc Fagoaga \u23ae Audrey Gary \u23ae Audrey Houdard \u23ae Betty Hovette \u23ae Marek Kastelnik \u23ae Mathias Imbert Eela Laitinen \u23ae Andy L\u00e9v\u00eaque \u23ae Marc Maffiolo \u23aeCharl\u00e8ne Moura \u23ae Florian Nastorg \u23ae Laurent Paris \u23ae Marion Piel \u23ae Nathana\u00ebl Renoux \u23ae Daniel Scalliet \u23ae Mathieu Sourisseau<\/p>\n<h3>Listen<\/h3>\n<ul>\n<li><a href=\"https:\/\/archive.org\/details\/caramel-mou-n-986-03-03-23\" target=\"_blank\" rel=\"noopener noreferrer\"><i class=\"fa fa-chevron-right fa-2x\"><\/i> Podcast - \u00e9mission Caramel Mou du 2 mars 2023 - Interview \u00e0 partir de 41'30<\/a><\/li>\n<\/ul>\n<h3>TO DOWNLOAD<\/h3>\n<p><i class=\"fa fa-file-text-o fa-2x\"><\/i> <a title=\"consulter le dossier de pr\u00e9sentation\" href=\"https:\/\/freddymorezon.org\/wp-content\/uploads\/2025\/04\/Projet-Court-Circuit-2025.pdf\" target=\"_blank\" rel=\"noopener noreferrer\">Presentation 2025 (FR)<\/a><\/p>\n<p><i class=\"fa fa-file-text-o fa-2x\"><\/i> <a title=\"consulter le dossier de pr\u00e9sentation\" href=\"https:\/\/freddymorezon.org\/packspro\/Dossier-Court-Circuit\" target=\"_blank\" rel=\"noopener noreferrer\">Presentation file (FR)<\/a><\/p>\n<p><i class=\"fa fa-file-text-o fa-2x\"><\/i> <a title=\"consulter la revue de presse\" href=\"https:\/\/freddymorezon.org\/packspro\/Court-Circuit-revuedepresse\" target=\"_blank\" rel=\"noopener noreferrer\">Press review (FR)<\/a><\/p>\n<p><i class=\"fa fa-file-text-o fa-2x\"><\/i> <a title=\"consulter le dossier de presse 2023\" href=\"https:\/\/freddymorezon.org\/packspro\/Court-Circuit-dossierdepresse\" target=\"_blank\" rel=\"noopener noreferrer\">2023 Press file (FR)<\/a><\/p>\n<p><i class=\"fa fa-file-text-o fa-2x\"><\/i> <a title=\"consulter le dossier de presse 2024\" href=\"https:\/\/freddymorezon.org\/wp-content\/uploads\/2024\/05\/Dossier-de-presse-Court-Circuit.pdf\" target=\"_blank\" rel=\"noopener noreferrer\">2024 Press file (FR)<\/a><\/p>\n<h3>LINKS<\/h3>\n<ul>\n<li><a href=\"https:\/\/culture.univ-tlse2.fr\/\" target=\"_blank\" rel=\"noopener noreferrer\">Le Ciam - UT2J<\/a><\/li>\n<li><a href=\"https:\/\/www.facebook.com\/CollectifAbbal\" target=\"_blank\" rel=\"noopener noreferrer\">collectif Abbal<\/a><\/li>\n<li><a href=\"https:\/\/maop.fr\/\" target=\"_blank\" rel=\"noopener noreferrer\">Maison de l'Architecture Occitanie Pyr\u00e9n\u00e9es<\/a><\/li>\n<\/ul>\n<\/div>\n<\/div><\/div><\/div><div id=\"pgc-15894-1-1\"  class=\"panel-grid-cell\" ><div id=\"panel-15894-1-1-0\" class=\"so-panel widget widget_sow-editor panel-first-child panel-last-child\" data-index=\"5\" ><div\n\t\t\t\n\t\t\tclass=\"so-widget-sow-editor so-widget-sow-editor-base\"\n\t\t\t\n\t\t>\n<div class=\"siteorigin-widget-tinymce textwidget\">\n\t<p><strong>Po\u00e9tiser l\u2019espace public au Grand Mirail<br \/>\n<\/strong>Le projet Court-Circuit, port\u00e9 par le collectif Freddy Morezon, explore l\u2019espace public du quartier du Grand Mirail \u00e0 Toulouse. En r\u00e9inventant les notions de territoire et de paysage urbain, ce projet artistique propose de nouveaux regards sur un quartier inscrit dans la politique de la ville. \u00c0 la mani\u00e8re des sentiers de Grande Randonn\u00e9e, Court-Circuit invite \u00e0 arpenter les rues et chemins du Mirail et de la Reynerie et \u00e0 po\u00e9tiser l\u2019espace public pour r\u00e9v\u00e9ler les tr\u00e9sors cach\u00e9s du quartier.<br \/>\nCon\u00e7u comme une r\u00e9sidence de territoire, le projet favorise l\u2019\u00e9change et la rencontre en impliquant les habitant\u00b7es dans un processus de cr\u00e9ation partag\u00e9. Par la marche, la cr\u00e9ation musicale et la d\u00e9ambulation artistique, Court-Circuit transforme l\u2019espace urbain en un terrain d\u2019exp\u00e9rimentation sensorielle et collective.<\/p>\n<blockquote>\n<p>Court-Circuit est d\u00e9velopp\u00e9 en 4 phases<\/p>\n<p><strong>Phase 1 : Habiter le quartier po\u00e9tiquement<br \/>\n<\/strong>Objectif : Inauguration du premier sentier de grande randonn\u00e9e sur le quartier du Mirail, les 10 et 17 octobre 2023 en compagnie des musiciens du collectif Freddy Morezon.<br \/>\n<em>En partenariat avec le CIAM de l'Universit\u00e9 Toulouse 2 Jean Jaur\u00e8s<\/em><\/p>\n<p><strong>Phase 2 : Fabriquer un diagnostic sensible du territoire<br \/>\n<\/strong>Objectif : Identification d'un second sentier de grande randonn\u00e9e qui lie deux quartiers, \u00e0 partir d'un diagnostic r\u00e9alis\u00e9 avec les habitants.<br \/>\n<em>En partenariat avec le collectif Abbal et la Maison de l'Architecture de Toulouse<\/em><\/p>\n<p><strong>Phase 3 : Vers une randonn\u00e9e po\u00e9tique - Chemins de Traverse<br \/>\n<\/strong>Objectifs : Inauguration du second sentier de grande randonn\u00e9e sur les quartiers Mirail et Reynerie en compagnie des musiciens du collectifs Freddy Morezon et les habitants des deux quartiers.<br \/>\n<em>En partenariat avec <\/em><em>En Qu\u00eate de Patrimoine, le Centre Culturel de la Reynerie, Toulouse Espace Couture, le Collectif Abbal, Fidia Diala, Our Park 31, le Centre Social Mirail U, le Centre Social de La Reynerie, l\u2019\u00e9cole les Vergers, l\u2019\u00e9cole Bourliaguet, Moshen.<\/em><\/p>\n<p><strong>Phase 4 : Quelle trace de la coop\u00e9ration ?<br \/>\n<\/strong>Objectifs : R\u00e9aliser un travail de cartographie sensible pour topographier les coop\u00e9rations qui ont pris forme dans le quartier.<br \/>\nDe multiples rencontres, ateliers, temps de cr\u00e9ation partag\u00e9e ont jalonn\u00e9 ce projet de territoire. Court-Circuit, c'est plus de 2500 personnes rencontr\u00e9es sur le territoire.<\/p>\n<\/blockquote>\n<p>Retrouvez davantage d'informations sur le contenu du projet dans les dossiers artistiques pr\u00e9sents sur cette page.<\/p>\n<p><em>COURT-CIRCUIT<\/em> \u23ae <em>Coproduction du collectif Freddy Morezon et le CIAM - Universit\u00e9 Toulouse - Jean Jaur\u00e8s. Avec le soutien de la DRAC Occitanie, de la Pr\u00e9fecture de la Haute-Garonne, du Conseil d\u00e9partemental de la Haute-Garonne et de la Ville de Toulouse.<\/em><\/p>\n<\/div>\n<\/div><\/div><\/div><\/div><div id=\"pg-15894-2\"  class=\"panel-grid panel-no-style\" ><div id=\"pgc-15894-2-0\"  class=\"panel-grid-cell\" ><div id=\"panel-15894-2-0-0\" class=\"so-panel widget widget_sow-image panel-first-child\" data-index=\"6\" ><div\n\t\t\t\n\t\t\tclass=\"so-widget-sow-image so-widget-sow-image-default-8b5b6f678277-15894\"\n\t\t\t\n\t\t>\n<div class=\"sow-image-container\">\n\t\t\t<a href=\"https:\/\/freddymorezon.org\/action-culturelle\/court-circuit\/court-circuit-galerie-photos\/\"\n\t\t\ttarget=\"_blank\" rel=\"noopener noreferrer\" \t\t>\n\t\t\t<img \n\tsrc=\"https:\/\/freddymorezon.org\/wp-content\/uploads\/2025\/03\/1-300x200.png\" width=\"300\" height=\"200\" srcset=\"https:\/\/freddymorezon.org\/wp-content\/uploads\/2025\/03\/1-300x200.png 300w, https:\/\/freddymorezon.org\/wp-content\/uploads\/2025\/03\/1-272x182.png 272w\" sizes=\"(max-width: 300px) 100vw, 300px\" alt=\"\" \t\tclass=\"so-widget-image\"\/>\n\t\t\t<\/a><\/div>\n\n<\/div><\/div><div id=\"panel-15894-2-0-1\" class=\"so-panel widget widget_sow-editor panel-last-child\" data-index=\"7\" ><div\n\t\t\t\n\t\t\tclass=\"so-widget-sow-editor so-widget-sow-editor-base\"\n\t\t\t\n\t\t>\n<div class=\"siteorigin-widget-tinymce textwidget\">\n\t<h4 style=\"text-align: center;\">COURT-CIRCUIT<\/h4>\n<h4 style=\"text-align: center;\">EN PHOTOS<\/h4>\n<p style=\"text-align: center;\"><a href=\"https:\/\/freddymorezon.org\/action-culturelle\/court-circuit\/court-circuit-galerie-photos\/\">+++<\/a><\/p>\n<\/div>\n<\/div><\/div><\/div><div id=\"pgc-15894-2-1\"  class=\"panel-grid-cell\" ><div id=\"panel-15894-2-1-0\" class=\"so-panel widget widget_sow-image panel-first-child\" data-index=\"8\" ><div\n\t\t\t\n\t\t\tclass=\"so-widget-sow-image so-widget-sow-image-default-8b5b6f678277-15894\"\n\t\t\t\n\t\t>\n<div class=\"sow-image-container\">\n\t\t<img \n\tsrc=\"https:\/\/freddymorezon.org\/wp-content\/uploads\/2025\/03\/3-300x200.png\" width=\"300\" height=\"200\" srcset=\"https:\/\/freddymorezon.org\/wp-content\/uploads\/2025\/03\/3-300x200.png 300w, https:\/\/freddymorezon.org\/wp-content\/uploads\/2025\/03\/3-272x182.png 272w\" sizes=\"(max-width: 300px) 100vw, 300px\" alt=\"\" \t\tclass=\"so-widget-image\"\/>\n\t<\/div>\n\n<\/div><\/div><div id=\"panel-15894-2-1-1\" class=\"so-panel widget widget_sow-editor panel-last-child\" data-index=\"9\" ><div\n\t\t\t\n\t\t\tclass=\"so-widget-sow-editor so-widget-sow-editor-base\"\n\t\t\t\n\t\t>\n<div class=\"siteorigin-widget-tinymce textwidget\">\n\t<h4 style=\"text-align: center;\">COURT-CIRCUIT<\/h4>\n<h4 style=\"text-align: center;\">EN VID\u00c9OS<\/h4>\n<p style=\"text-align: center;\"><a href=\"https:\/\/www.youtube.com\/playlist?list=PLG_k4hTlcRtJRFpSBKKBSxToj3sE_I1HR\">+++<\/a><\/p>\n<\/div>\n<\/div><\/div><\/div><div id=\"pgc-15894-2-2\"  class=\"panel-grid-cell\" ><div id=\"panel-15894-2-2-0\" class=\"so-panel widget widget_sow-image panel-first-child\" data-index=\"10\" ><div\n\t\t\t\n\t\t\tclass=\"so-widget-sow-image so-widget-sow-image-default-8b5b6f678277-15894\"\n\t\t\t\n\t\t>\n<div class=\"sow-image-container\">\n\t\t\t<a href=\"https:\/\/soundcloud.com\/freddymorezon\/sets\/court-circuit?si=90d1f678cc224c06bf522a874197af47&#038;utm_source=clipboard&#038;utm_medium=text&#038;utm_campaign=social_sharing\"\n\t\t\ttarget=\"_blank\" rel=\"noopener noreferrer\" \t\t>\n\t\t\t<img \n\tsrc=\"https:\/\/freddymorezon.org\/wp-content\/uploads\/2025\/03\/2-300x200.png\" width=\"300\" height=\"200\" srcset=\"https:\/\/freddymorezon.org\/wp-content\/uploads\/2025\/03\/2-300x200.png 300w, https:\/\/freddymorezon.org\/wp-content\/uploads\/2025\/03\/2-272x182.png 272w\" sizes=\"(max-width: 300px) 100vw, 300px\" alt=\"\" \t\tclass=\"so-widget-image\"\/>\n\t\t\t<\/a><\/div>\n\n<\/div><\/div><div id=\"panel-15894-2-2-1\" class=\"so-panel widget widget_sow-editor panel-last-child\" data-index=\"11\" ><div\n\t\t\t\n\t\t\tclass=\"so-widget-sow-editor so-widget-sow-editor-base\"\n\t\t\t\n\t\t>\n<div class=\"siteorigin-widget-tinymce textwidget\">\n\t<h4 style=\"text-align: center;\">COURT-CIRCUIT<\/h4>\n<h4 style=\"text-align: center;\">EN SONS<\/h4>\n<p style=\"text-align: center;\"><a href=\"https:\/\/soundcloud.com\/freddymorezon\/sets\/court-circuit?si=90d1f678cc224c06bf522a874197af47&amp;utm_source=clipboard&amp;utm_medium=text&amp;utm_campaign=social_sharing\" target=\"_blank\" rel=\"noopener\">+++<\/a><\/p>\n<\/div>\n<\/div><\/div><\/div><div id=\"pgc-15894-2-3\"  class=\"panel-grid-cell\" ><div id=\"panel-15894-2-3-0\" class=\"so-panel widget widget_sow-image panel-first-child\" data-index=\"12\" ><div\n\t\t\t\n\t\t\tclass=\"so-widget-sow-image so-widget-sow-image-default-8b5b6f678277-15894\"\n\t\t\t\n\t\t>\n<div class=\"sow-image-container\">\n\t\t<img \n\tsrc=\"https:\/\/freddymorezon.org\/wp-content\/uploads\/2025\/03\/4-300x200.png\" width=\"300\" height=\"200\" srcset=\"https:\/\/freddymorezon.org\/wp-content\/uploads\/2025\/03\/4-300x200.png 300w, https:\/\/freddymorezon.org\/wp-content\/uploads\/2025\/03\/4-272x182.png 272w\" sizes=\"(max-width: 300px) 100vw, 300px\" alt=\"\" \t\tclass=\"so-widget-image\"\/>\n\t<\/div>\n\n<\/div><\/div><div id=\"panel-15894-2-3-1\" class=\"so-panel widget widget_sow-editor panel-last-child\" data-index=\"13\" ><div\n\t\t\t\n\t\t\tclass=\"so-widget-sow-editor so-widget-sow-editor-base\"\n\t\t\t\n\t\t>\n<div class=\"siteorigin-widget-tinymce textwidget\">\n\t<h4 style=\"text-align: center;\">COURT-CIRCUIT<\/h4>\n<h4 style=\"text-align: center;\">EN CARTES<\/h4>\n<p style=\"text-align: center;\"><a href=\"https:\/\/freddymorezon.org\/court-circuit-en-cartes\/\" target=\"_blank\" rel=\"noopener\">+++<\/a><\/p>\n<\/div>\n<\/div><\/div><\/div><\/div><\/div>","protected":false},"excerpt":{"rendered":"<p>Court-Circuit R\u00e9sidence de Territoire 2022-2025 Artistes Sam Brault \u23ae S\u00e9bastien Cirotteau \u23ae Marc D\u00e9mereau \u23ae Fabien Duscombs Luc Fagoaga \u23ae Audrey Gary \u23ae Audrey Houdard \u23ae Betty Hovette \u23ae Marek Kastelnik \u23ae Mathias Imbert Eela Laitinen \u23ae Andy L\u00e9v\u00eaque \u23ae Marc Maffiolo \u23aeCharl\u00e8ne Moura \u23ae Florian Nastorg \u23ae Laurent Paris \u23ae Marion Piel \u23ae Nathana\u00ebl&hellip;<\/p>\n<p><a class=\"more-link\" href=\"https:\/\/freddymorezon.org\/en\/action-culturelle\/court-circuit\/\" title=\"Continue reading &lsquo;Court-Circuit&rsquo;\">Continue reading <span class=\"meta-nav\">&rarr;<\/span><\/a><\/p>\n","protected":false},"author":1,"featured_media":15895,"parent":136,"menu_order":0,"comment_status":"closed","ping_status":"closed","template":"page-templates\/full-width.php","meta":{"om_disable_all_campaigns":false,"_monsterinsights_skip_tracking":false,"_monsterinsights_sitenote_active":false,"_monsterinsights_sitenote_note":"","_monsterinsights_sitenote_category":0,"_uf_show_specific_survey":0,"_uf_disable_surveys":false,"footnotes":""},"categories":[1234,1175,1183],"tags":[],"class_list":["post-15894","page","type-page","status-publish","has-post-thumbnail","hentry","category-eela-laitinen","category-page-diffusion-hors-les-murs","category-page-residence-territoire"],"aioseo_notices":[],"yoast_head":"<!-- This site is optimized with the Yoast SEO plugin v27.4 - https:\/\/yoast.com\/product\/yoast-seo-wordpress\/ -->\n<title>Court-Circuit | Freddy Morezon<\/title>\n<meta name=\"robots\" content=\"index, follow, max-snippet:-1, max-image-preview:large, max-video-preview:-1\" \/>\n<link rel=\"canonical\" href=\"https:\/\/freddymorezon.org\/action-culturelle\/court-circuit\/\" \/>\n<meta property=\"og:locale\" content=\"en_US\" \/>\n<meta property=\"og:type\" content=\"article\" \/>\n<meta property=\"og:title\" content=\"Court-Circuit | Freddy Morezon\" \/>\n<meta property=\"og:description\" content=\"Court-Circuit R\u00e9sidence de Territoire 2022-2025 Artistes Sam Brault \u23ae S\u00e9bastien Cirotteau \u23ae Marc D\u00e9mereau \u23ae Fabien Duscombs Luc Fagoaga \u23ae Audrey Gary \u23ae Audrey Houdard \u23ae Betty Hovette \u23ae Marek Kastelnik \u23ae Mathias Imbert Eela Laitinen \u23ae Andy L\u00e9v\u00eaque \u23ae Marc Maffiolo \u23aeCharl\u00e8ne Moura \u23ae Florian Nastorg \u23ae Laurent Paris \u23ae Marion Piel \u23ae Nathana\u00ebl&hellip;Continue reading &rarr;\" \/>\n<meta property=\"og:url\" content=\"https:\/\/freddymorezon.org\/action-culturelle\/court-circuit\/\" \/>\n<meta property=\"og:site_name\" content=\"Freddy Morezon\" \/>\n<meta property=\"article:publisher\" content=\"https:\/\/www.facebook.com\/freddy.morezon\/\" \/>\n<meta property=\"article:modified_time\" content=\"2025-09-08T15:33:03+00:00\" \/>\n<meta property=\"og:image\" content=\"https:\/\/freddymorezon.org\/wp-content\/uploads\/2022\/12\/Court-Circuit-Visuel.png\" \/>\n\t<meta property=\"og:image:width\" content=\"3508\" \/>\n\t<meta property=\"og:image:height\" content=\"2480\" \/>\n\t<meta property=\"og:image:type\" content=\"image\/png\" \/>\n<meta name=\"twitter:card\" content=\"summary_large_image\" \/>\n<script type=\"application\/ld+json\" class=\"yoast-schema-graph\">{\"@context\":\"https:\\\/\\\/schema.org\",\"@graph\":[{\"@type\":\"WebPage\",\"@id\":\"https:\\\/\\\/freddymorezon.org\\\/action-culturelle\\\/court-circuit\\\/\",\"url\":\"https:\\\/\\\/freddymorezon.org\\\/action-culturelle\\\/court-circuit\\\/\",\"name\":\"Court-Circuit | Freddy Morezon\",\"isPartOf\":{\"@id\":\"https:\\\/\\\/freddymorezon.org\\\/#website\"},\"primaryImageOfPage\":{\"@id\":\"https:\\\/\\\/freddymorezon.org\\\/action-culturelle\\\/court-circuit\\\/#primaryimage\"},\"image\":{\"@id\":\"https:\\\/\\\/freddymorezon.org\\\/action-culturelle\\\/court-circuit\\\/#primaryimage\"},\"thumbnailUrl\":\"https:\\\/\\\/freddymorezon.org\\\/wp-content\\\/uploads\\\/2022\\\/12\\\/Court-Circuit-Visuel.png\",\"datePublished\":\"2022-12-08T12:00:23+00:00\",\"dateModified\":\"2025-09-08T15:33:03+00:00\",\"breadcrumb\":{\"@id\":\"https:\\\/\\\/freddymorezon.org\\\/action-culturelle\\\/court-circuit\\\/#breadcrumb\"},\"inLanguage\":\"en-US\",\"potentialAction\":[{\"@type\":\"ReadAction\",\"target\":[\"https:\\\/\\\/freddymorezon.org\\\/action-culturelle\\\/court-circuit\\\/\"]}]},{\"@type\":\"ImageObject\",\"inLanguage\":\"en-US\",\"@id\":\"https:\\\/\\\/freddymorezon.org\\\/action-culturelle\\\/court-circuit\\\/#primaryimage\",\"url\":\"https:\\\/\\\/freddymorezon.org\\\/wp-content\\\/uploads\\\/2022\\\/12\\\/Court-Circuit-Visuel.png\",\"contentUrl\":\"https:\\\/\\\/freddymorezon.org\\\/wp-content\\\/uploads\\\/2022\\\/12\\\/Court-Circuit-Visuel.png\",\"width\":3508,\"height\":2480},{\"@type\":\"BreadcrumbList\",\"@id\":\"https:\\\/\\\/freddymorezon.org\\\/action-culturelle\\\/court-circuit\\\/#breadcrumb\",\"itemListElement\":[{\"@type\":\"ListItem\",\"position\":1,\"name\":\"Accueil\",\"item\":\"https:\\\/\\\/freddymorezon.org\\\/\"},{\"@type\":\"ListItem\",\"position\":2,\"name\":\"Action culturelle\",\"item\":\"https:\\\/\\\/freddymorezon.org\\\/action-culturelle\\\/\"},{\"@type\":\"ListItem\",\"position\":3,\"name\":\"Court-Circuit\"}]},{\"@type\":\"WebSite\",\"@id\":\"https:\\\/\\\/freddymorezon.org\\\/#website\",\"url\":\"https:\\\/\\\/freddymorezon.org\\\/\",\"name\":\"Freddy Morezon\",\"description\":\"jazz - musique improvis\u00e9e - esth\u00e9tiques plurielles\",\"publisher\":{\"@id\":\"https:\\\/\\\/freddymorezon.org\\\/#organization\"},\"potentialAction\":[{\"@type\":\"SearchAction\",\"target\":{\"@type\":\"EntryPoint\",\"urlTemplate\":\"https:\\\/\\\/freddymorezon.org\\\/?s={search_term_string}\"},\"query-input\":{\"@type\":\"PropertyValueSpecification\",\"valueRequired\":true,\"valueName\":\"search_term_string\"}}],\"inLanguage\":\"en-US\"},{\"@type\":\"Organization\",\"@id\":\"https:\\\/\\\/freddymorezon.org\\\/#organization\",\"name\":\"Association Freddy Morezon\",\"url\":\"https:\\\/\\\/freddymorezon.org\\\/\",\"logo\":{\"@type\":\"ImageObject\",\"inLanguage\":\"en-US\",\"@id\":\"https:\\\/\\\/freddymorezon.org\\\/#\\\/schema\\\/logo\\\/image\\\/\",\"url\":\"https:\\\/\\\/freddymorezon.org\\\/wp-content\\\/uploads\\\/2016\\\/02\\\/mini-logo-header-site2.jpg\",\"contentUrl\":\"https:\\\/\\\/freddymorezon.org\\\/wp-content\\\/uploads\\\/2016\\\/02\\\/mini-logo-header-site2.jpg\",\"width\":234,\"height\":174,\"caption\":\"Association Freddy Morezon\"},\"image\":{\"@id\":\"https:\\\/\\\/freddymorezon.org\\\/#\\\/schema\\\/logo\\\/image\\\/\"},\"sameAs\":[\"https:\\\/\\\/www.facebook.com\\\/freddy.morezon\\\/\",\"https:\\\/\\\/www.instagram.com\\\/freddymorezon\\\/\",\"https:\\\/\\\/www.youtube.com\\\/user\\\/freddymorezon\",\"https:\\\/\\\/fr.linkedin.com\\\/company\\\/freddy-morezon-p.r.o.d.\"]}]}<\/script>\n<!-- \/ Yoast SEO plugin. -->","yoast_head_json":{"title":"Court-Circuit | Freddy Morezon","robots":{"index":"index","follow":"follow","max-snippet":"max-snippet:-1","max-image-preview":"max-image-preview:large","max-video-preview":"max-video-preview:-1"},"canonical":"https:\/\/freddymorezon.org\/action-culturelle\/court-circuit\/","og_locale":"en_US","og_type":"article","og_title":"Court-Circuit | Freddy Morezon","og_description":"Court-Circuit R\u00e9sidence de Territoire 2022-2025 Artistes Sam Brault \u23ae S\u00e9bastien Cirotteau \u23ae Marc D\u00e9mereau \u23ae Fabien Duscombs Luc Fagoaga \u23ae Audrey Gary \u23ae Audrey Houdard \u23ae Betty Hovette \u23ae Marek Kastelnik \u23ae Mathias Imbert Eela Laitinen \u23ae Andy L\u00e9v\u00eaque \u23ae Marc Maffiolo \u23aeCharl\u00e8ne Moura \u23ae Florian Nastorg \u23ae Laurent Paris \u23ae Marion Piel \u23ae Nathana\u00ebl&hellip;Continue reading &rarr;","og_url":"https:\/\/freddymorezon.org\/action-culturelle\/court-circuit\/","og_site_name":"Freddy Morezon","article_publisher":"https:\/\/www.facebook.com\/freddy.morezon\/","article_modified_time":"2025-09-08T15:33:03+00:00","og_image":[{"width":3508,"height":2480,"url":"https:\/\/freddymorezon.org\/wp-content\/uploads\/2022\/12\/Court-Circuit-Visuel.png","type":"image\/png"}],"twitter_card":"summary_large_image","schema":{"@context":"https:\/\/schema.org","@graph":[{"@type":"WebPage","@id":"https:\/\/freddymorezon.org\/action-culturelle\/court-circuit\/","url":"https:\/\/freddymorezon.org\/action-culturelle\/court-circuit\/","name":"Court-Circuit | Freddy Morezon","isPartOf":{"@id":"https:\/\/freddymorezon.org\/#website"},"primaryImageOfPage":{"@id":"https:\/\/freddymorezon.org\/action-culturelle\/court-circuit\/#primaryimage"},"image":{"@id":"https:\/\/freddymorezon.org\/action-culturelle\/court-circuit\/#primaryimage"},"thumbnailUrl":"https:\/\/freddymorezon.org\/wp-content\/uploads\/2022\/12\/Court-Circuit-Visuel.png","datePublished":"2022-12-08T12:00:23+00:00","dateModified":"2025-09-08T15:33:03+00:00","breadcrumb":{"@id":"https:\/\/freddymorezon.org\/action-culturelle\/court-circuit\/#breadcrumb"},"inLanguage":"en-US","potentialAction":[{"@type":"ReadAction","target":["https:\/\/freddymorezon.org\/action-culturelle\/court-circuit\/"]}]},{"@type":"ImageObject","inLanguage":"en-US","@id":"https:\/\/freddymorezon.org\/action-culturelle\/court-circuit\/#primaryimage","url":"https:\/\/freddymorezon.org\/wp-content\/uploads\/2022\/12\/Court-Circuit-Visuel.png","contentUrl":"https:\/\/freddymorezon.org\/wp-content\/uploads\/2022\/12\/Court-Circuit-Visuel.png","width":3508,"height":2480},{"@type":"BreadcrumbList","@id":"https:\/\/freddymorezon.org\/action-culturelle\/court-circuit\/#breadcrumb","itemListElement":[{"@type":"ListItem","position":1,"name":"Accueil","item":"https:\/\/freddymorezon.org\/"},{"@type":"ListItem","position":2,"name":"Action culturelle","item":"https:\/\/freddymorezon.org\/action-culturelle\/"},{"@type":"ListItem","position":3,"name":"Court-Circuit"}]},{"@type":"WebSite","@id":"https:\/\/freddymorezon.org\/#website","url":"https:\/\/freddymorezon.org\/","name":"Freddy Morezon","description":"jazz - musique improvis\u00e9e - esth\u00e9tiques plurielles","publisher":{"@id":"https:\/\/freddymorezon.org\/#organization"},"potentialAction":[{"@type":"SearchAction","target":{"@type":"EntryPoint","urlTemplate":"https:\/\/freddymorezon.org\/?s={search_term_string}"},"query-input":{"@type":"PropertyValueSpecification","valueRequired":true,"valueName":"search_term_string"}}],"inLanguage":"en-US"},{"@type":"Organization","@id":"https:\/\/freddymorezon.org\/#organization","name":"Association Freddy Morezon","url":"https:\/\/freddymorezon.org\/","logo":{"@type":"ImageObject","inLanguage":"en-US","@id":"https:\/\/freddymorezon.org\/#\/schema\/logo\/image\/","url":"https:\/\/freddymorezon.org\/wp-content\/uploads\/2016\/02\/mini-logo-header-site2.jpg","contentUrl":"https:\/\/freddymorezon.org\/wp-content\/uploads\/2016\/02\/mini-logo-header-site2.jpg","width":234,"height":174,"caption":"Association Freddy Morezon"},"image":{"@id":"https:\/\/freddymorezon.org\/#\/schema\/logo\/image\/"},"sameAs":["https:\/\/www.facebook.com\/freddy.morezon\/","https:\/\/www.instagram.com\/freddymorezon\/","https:\/\/www.youtube.com\/user\/freddymorezon","https:\/\/fr.linkedin.com\/company\/freddy-morezon-p.r.o.d."]}]}},"_links":{"self":[{"href":"https:\/\/freddymorezon.org\/en\/wp-json\/wp\/v2\/pages\/15894","targetHints":{"allow":["GET"]}}],"collection":[{"href":"https:\/\/freddymorezon.org\/en\/wp-json\/wp\/v2\/pages"}],"about":[{"href":"https:\/\/freddymorezon.org\/en\/wp-json\/wp\/v2\/types\/page"}],"author":[{"embeddable":true,"href":"https:\/\/freddymorezon.org\/en\/wp-json\/wp\/v2\/users\/1"}],"replies":[{"embeddable":true,"href":"https:\/\/freddymorezon.org\/en\/wp-json\/wp\/v2\/comments?post=15894"}],"version-history":[{"count":322,"href":"https:\/\/freddymorezon.org\/en\/wp-json\/wp\/v2\/pages\/15894\/revisions"}],"predecessor-version":[{"id":23640,"href":"https:\/\/freddymorezon.org\/en\/wp-json\/wp\/v2\/pages\/15894\/revisions\/23640"}],"up":[{"embeddable":true,"href":"https:\/\/freddymorezon.org\/en\/wp-json\/wp\/v2\/pages\/136"}],"wp:featuredmedia":[{"embeddable":true,"href":"https:\/\/freddymorezon.org\/en\/wp-json\/wp\/v2\/media\/15895"}],"wp:attachment":[{"href":"https:\/\/freddymorezon.org\/en\/wp-json\/wp\/v2\/media?parent=15894"}],"wp:term":[{"taxonomy":"category","embeddable":true,"href":"https:\/\/freddymorezon.org\/en\/wp-json\/wp\/v2\/categories?post=15894"},{"taxonomy":"post_tag","embeddable":true,"href":"https:\/\/freddymorezon.org\/en\/wp-json\/wp\/v2\/tags?post=15894"}],"curies":[{"name":"wp","href":"https:\/\/api.w.org\/{rel}","templated":true}]}}