
{"id":15937,"date":"2022-12-13T15:04:13","date_gmt":"2022-12-13T14:04:13","guid":{"rendered":"https:\/\/freddymorezon.org\/?page_id=15937"},"modified":"2025-11-10T16:58:50","modified_gmt":"2025-11-10T14:58:50","slug":"cirus-vircule","status":"publish","type":"page","link":"https:\/\/freddymorezon.org\/en\/label\/cirus-vircule\/","title":{"rendered":"CiRuS ViRCuLe"},"content":{"rendered":"<div id=\"pl-15937\"  class=\"panel-layout\" ><div id=\"pg-15937-0\"  class=\"panel-grid panel-no-style\" ><div id=\"pgc-15937-0-0\"  class=\"panel-grid-cell\" ><div id=\"panel-15937-0-0-0\" class=\"so-panel widget widget_sow-image panel-first-child\" data-index=\"0\" ><div\n\t\t\t\n\t\t\tclass=\"so-widget-sow-image so-widget-sow-image-default-8b5b6f678277-15937\"\n\t\t\t\n\t\t>\n<div class=\"sow-image-container\">\n\t\t<img \n\tsrc=\"https:\/\/freddymorezon.org\/wp-content\/uploads\/2022\/12\/pochette-cirusvircule-carre-400x400.jpg\" width=\"400\" height=\"400\" srcset=\"https:\/\/freddymorezon.org\/wp-content\/uploads\/2022\/12\/pochette-cirusvircule-carre-400x400.jpg 400w, https:\/\/freddymorezon.org\/wp-content\/uploads\/2022\/12\/pochette-cirusvircule-carre-150x150.jpg 150w, https:\/\/freddymorezon.org\/wp-content\/uploads\/2022\/12\/pochette-cirusvircule-carre-800x800.jpg 800w, https:\/\/freddymorezon.org\/wp-content\/uploads\/2022\/12\/pochette-cirusvircule-carre-100x100.jpg 100w, https:\/\/freddymorezon.org\/wp-content\/uploads\/2022\/12\/pochette-cirusvircule-carre-300x300.jpg 300w, https:\/\/freddymorezon.org\/wp-content\/uploads\/2022\/12\/pochette-cirusvircule-carre.jpg 1400w\" sizes=\"(max-width: 400px) 100vw, 400px\" alt=\"\" \t\tclass=\"so-widget-image\"\/>\n\t<\/div>\n\n<\/div><\/div><div id=\"panel-15937-0-0-1\" class=\"so-panel widget widget_sow-editor\" data-index=\"1\" ><div\n\t\t\t\n\t\t\tclass=\"so-widget-sow-editor so-widget-sow-editor-base\"\n\t\t\t\n\t\t>\n<div class=\"siteorigin-widget-tinymce textwidget\">\n\t<div class=\"commande-album\" style=\"text-align: left;\">\n<h3>Commander<\/h3>\n<h4>LP digital<\/h4>\n<\/div>\n<\/div>\n<\/div><\/div><div id=\"panel-15937-0-0-2\" class=\"so-panel widget widget_sow-button\" data-index=\"2\" ><div\n\t\t\t\n\t\t\tclass=\"so-widget-sow-button so-widget-sow-button-flat-a80d2c62f690-15937\"\n\t\t\t\n\t\t><div class=\"ow-button-base ow-button-align-left\"\n>\n\t\t\t<a\n\t\t\t\t\thref=\"https:\/\/mrmorezon.bandcamp.com\/album\/cirus-vircule\"\n\t\t\t\t\tclass=\"sowb-button ow-icon-placement-left ow-button-hover\" \t>\n\t\t<span>\n\t\t\t\n\t\t\tVERSION DIGITALE\t\t<\/span>\n\t\t\t<\/a>\n\t<\/div>\n<\/div><\/div><div id=\"panel-15937-0-0-3\" class=\"so-panel widget widget_sow-editor\" data-index=\"3\" ><div\n\t\t\t\n\t\t\tclass=\"so-widget-sow-editor so-widget-sow-editor-base\"\n\t\t\t\n\t\t>\n<div class=\"siteorigin-widget-tinymce textwidget\">\n\t<p><iframe style=\"border: 0; width: 350px; height: 406px;\" src=\"https:\/\/bandcamp.com\/EmbeddedPlayer\/album=2017321635\/size=large\/bgcol=ffffff\/linkcol=0687f5\/artwork=none\/transparent=true\/\" seamless><a href=\"https:\/\/mrmorezon.bandcamp.com\/album\/cirus-vircule\">CiRuS ViRCuLe by Betty Hovette &amp; Laurent Paris<\/a><\/iframe><\/p>\n<\/div>\n<\/div><\/div><div id=\"panel-15937-0-0-4\" class=\"so-panel widget widget_sow-editor\" data-index=\"4\" ><div\n\t\t\t\n\t\t\tclass=\"so-widget-sow-editor so-widget-sow-editor-base\"\n\t\t\t\n\t\t><h3 class=\"widget-title\">DISTRIBUTION &amp; CR\u00c9DITS<\/h3>\n<div class=\"siteorigin-widget-tinymce textwidget\">\n\t<p>Betty Hovette : piano pr\u00e9par\u00e9<br \/>\nLaurent Paris : percussions pr\u00e9par\u00e9es<br \/>\nCompositions Betty Hovette & Laurent Paris<br \/>\nEnregistr\u00e9 en ao\u00fbt 2022 au CIAM (Toulouse)<br \/>\nPrise de son, mixage, mastering : Damien Lebrun<br \/>\nDessin : Louis Paris<br \/>\nGravure sur t\u00e9trapak : Julie Bonnafous<\/p>\n<\/div>\n<\/div><\/div><div id=\"panel-15937-0-0-5\" class=\"so-panel widget widget_sow-editor panel-last-child\" data-index=\"5\" ><div\n\t\t\t\n\t\t\tclass=\"so-widget-sow-editor so-widget-sow-editor-base\"\n\t\t\t\n\t\t>\n<div class=\"siteorigin-widget-tinymce textwidget\">\n\t<h3>Links<\/h3>\n<ul>\n<li><i class=\"fa fa-chevron-right fa-2x\"><\/i> <a href=\"https:\/\/freddymorezon.org\/projets\/cirus-vircule\/\">CiRuS ViRCuLe<\/a><\/li>\n<li><i class=\"fa fa-chevron-right fa-2x\"><\/i> <a href=\"https:\/\/freddymorezon.org\/artistes\/betty-hovette\/\">Betty Hovette<\/a><\/li>\n<li><i class=\"fa fa-chevron-right fa-2x\"><\/i> <a href=\"https:\/\/freddymorezon.org\/artistes\/laurent-paris\/\">Laurent Paris<\/a><\/li>\n<\/ul>\n<\/div>\n<\/div><\/div><\/div><div id=\"pgc-15937-0-1\"  class=\"panel-grid-cell\" ><div id=\"panel-15937-0-1-0\" class=\"so-panel widget widget_sow-headline panel-first-child\" data-index=\"6\" ><div\n\t\t\t\n\t\t\tclass=\"so-widget-sow-headline so-widget-sow-headline-default-c8fa18c4903e-15937\"\n\t\t\t\n\t\t><div class=\"sow-headline-container \">\n\t\t\t\t\t\t\t<h2 class=\"sow-headline\">\n\t\t\t\t\t\tCiRuS ViRCuLe\t\t\t\t\t\t<\/h2>\n\t\t\t\t\t\t\t\t\t\t\t\t<h3 class=\"sow-sub-headline\">\n\t\t\t\t\t\tDuo Betty Hovette - Laurent Paris  Mr Morezon 031 \/ 6 janvier 2023\t\t\t\t\t\t<\/h3>\n\t\t\t\t\t\t\t\t\t\t\t<div class=\"decoration\">\n\t\t\t\t\t\t<div class=\"decoration-inside\"><\/div>\n\t\t\t\t\t<\/div>\n\t\t\t\t\t<\/div>\n<\/div><\/div><div id=\"panel-15937-0-1-1\" class=\"so-panel widget widget_sow-editor\" data-index=\"7\" ><div\n\t\t\t\n\t\t\tclass=\"so-widget-sow-editor so-widget-sow-editor-base\"\n\t\t\t\n\t\t>\n<div class=\"siteorigin-widget-tinymce textwidget\">\n\t<p>Nous avons chang\u00e9 d\u2019\u00e9poque. De nos jours, l\u2019Intelligence Artificiel (IA) a d\u00e9j\u00e0 pris tant d\u2019importance que m\u00eame dans le domaine des arts elle est en mesure de remplacer l\u2019homme. On peut aujourd\u2019hui lui faire \u00e9crire de la musique dans le style de Stravinsky, \u00e0 la mani\u00e8re des chorals de Bach, lui demander d\u2019engendrer une improvisation dans l\u2019esprit du \u00ab\u00a0Giant Steps\u00a0\u00bb de John Coltrane, voire de cr\u00e9er sa musique originale. Cependant, l\u2019improvisation libre est un domaine qui pourrait bien lui rester inaccessible, car derri\u00e8re l\u2019IA la mal nomm\u00e9e se trouvent \u2013 il faut s\u2019en souvenir \u2013 des programmeurs inaptes \u00e0 transcrire en codes informatiques les qualit\u00e9s fondamentales de l\u2019improvisation libre, au centre de cet enregistrement\u00a0: l\u2019instinct, l\u2019inspiration partag\u00e9e, l\u2019empathie v\u00e9ritable.<\/p>\n<p>Fort de ces qualit\u00e9s, CiRuS ViRCuLe part \u00e0 la recherche des derniers territoires sonores inconnus \u00e0 chacune de leur performance. Betty Hovette et Laurent Paris sont deux \u00ab\u00a0artistes-r\u00e9v\u00e9lateurs\u00a0\u00bb en ce sens qu\u2019ils continuent de d\u00e9nicher des tr\u00e9sors indompt\u00e9s. Qualifier leur musique d\u2019\u00ab\u00a0improvisation libre\u00a0\u00bb serait d\u2019ailleurs r\u00e9ducteur, car leur qu\u00eate consiste moins \u00e0 trouver une libert\u00e9 qu\u2019ils (s)ont d\u00e9j\u00e0 qu\u2019\u00e0 parvenir au c\u0153ur du son lui-m\u00eame, \u00e0 qu\u00e9rir l\u2019inesp\u00e9r\u00e9 du finalement advenu. Loin de tout pr\u00e9-organis\u00e9, bien au-del\u00e0 de la m\u00e9lodie accompagn\u00e9e et de la notion traditionnelle d\u2019harmonie (sans pour autant les renier ni les \u00e9vacuer absolument), ces musiciens de notre temps concentrent leurs efforts cr\u00e9atifs sur la cr\u00e9ation de textures inenvisag\u00e9es ou de ph\u00e9nom\u00e8nes rythmiques dans le hors tempo. Se joue d\u2019ailleurs entre eux un jeu d\u2019identit\u00e9 instrumental\u00a0: qui joue quoi est bien l\u2019un des myst\u00e8res que l\u2019on ressent avec plaisir \u00e0 l\u2019\u00e9coute de ces moments musicaux. Il en r\u00e9sulte une musique jamais, \u00f4 grand jamais directive. L\u2019incroyable ici r\u00e9side pr\u00e9cis\u00e9ment dans la diversit\u00e9 des sentiments exprim\u00e9s\/ressentis, dans l\u2019ouverture \u00e0 des rapports au monde autres (que ceux qu\u2019on voudrait nous imposer) dont toute la saveur r\u00e9side dans l\u2019incertain m\u00eame, le savoureux ambigu. <\/p>\n<p>Musique intemporelle \u2013 qu\u2019on imagine avoir \u00e9t\u00e9 possiblement enregistr\u00e9e aussi bien \u00e0 la pr\u00e9histoire qu\u2019au plus fort des musiques dites \u00ab\u00a0contemporaines\u00a0\u00bb \u2013, musique d\u2019apparition \u2013 mieux\u00a0: d\u2019\u00e9mergence\u00a0! \u2013, la vis\u00e9e de ses cr\u00e9ateurs rel\u00e8ve moins de l\u2019exp\u00e9rimental, moins de la d\u00e9couverte du nouveau que du pur plaisir d\u2019\u00e9couter du\/des son\/s. Soit un antidote au grandiloquent, au ressass\u00e9, au connu d\u2019avance.<\/p>\n<p><em>Ludovic Florin<\/em><\/p>\n<\/div>\n<\/div><\/div><div id=\"panel-15937-0-1-2\" class=\"so-panel widget widget_sow-editor\" data-index=\"8\" ><div\n\t\t\t\n\t\t\tclass=\"so-widget-sow-editor so-widget-sow-editor-base\"\n\t\t\t\n\t\t>\n<div class=\"siteorigin-widget-tinymce textwidget\">\n\t<p><iframe loading=\"lazy\" title=\"CiRuS ViRCuLe - CV17\" width=\"790\" height=\"444\" src=\"https:\/\/www.youtube.com\/embed\/WMPWef_Kuks?feature=oembed\" frameborder=\"0\" allow=\"accelerometer; autoplay; clipboard-write; encrypted-media; gyroscope; picture-in-picture; web-share\" referrerpolicy=\"strict-origin-when-cross-origin\" allowfullscreen><\/iframe><\/p>\n<\/div>\n<\/div><\/div><div id=\"panel-15937-0-1-3\" class=\"so-panel widget widget_eo_event_list_widget EO_Event_List_Widget panel-last-child\" data-index=\"9\" >\n\n<\/div><\/div><\/div><\/div>","protected":false},"excerpt":{"rendered":"<p>January 2023<\/p>\n","protected":false},"author":1,"featured_media":15954,"parent":140,"menu_order":0,"comment_status":"closed","ping_status":"closed","template":"page-templates\/full-width.php","meta":{"om_disable_all_campaigns":false,"_monsterinsights_skip_tracking":false,"_monsterinsights_sitenote_active":false,"_monsterinsights_sitenote_note":"","_monsterinsights_sitenote_category":0,"_uf_show_specific_survey":0,"_uf_disable_surveys":false,"footnotes":""},"categories":[1174],"tags":[],"class_list":["post-15937","page","type-page","status-publish","has-post-thumbnail","hentry","category-page-label"],"aioseo_notices":[],"yoast_head":"<!-- This site is optimized with the Yoast SEO plugin v27.3 - https:\/\/yoast.com\/product\/yoast-seo-wordpress\/ -->\n<title>CiRuS ViRCuLe | Freddy Morezon<\/title>\n<meta name=\"robots\" content=\"index, follow, max-snippet:-1, max-image-preview:large, max-video-preview:-1\" \/>\n<link rel=\"canonical\" href=\"https:\/\/freddymorezon.org\/label\/cirus-vircule\/\" \/>\n<meta property=\"og:locale\" content=\"en_US\" \/>\n<meta property=\"og:type\" content=\"article\" \/>\n<meta property=\"og:title\" content=\"CiRuS ViRCuLe | Freddy Morezon\" \/>\n<meta property=\"og:description\" content=\"[:fr]Janvier 2023[:en]January 2023[:]\" \/>\n<meta property=\"og:url\" content=\"https:\/\/freddymorezon.org\/label\/cirus-vircule\/\" \/>\n<meta property=\"og:site_name\" content=\"Freddy Morezon\" \/>\n<meta property=\"article:publisher\" content=\"https:\/\/www.facebook.com\/freddy.morezon\/\" \/>\n<meta property=\"article:modified_time\" content=\"2025-11-10T14:58:50+00:00\" \/>\n<meta property=\"og:image\" content=\"https:\/\/freddymorezon.org\/wp-content\/uploads\/2022\/12\/pochette-cirusvircule-carre.jpg\" \/>\n\t<meta property=\"og:image:width\" content=\"1400\" \/>\n\t<meta property=\"og:image:height\" content=\"1400\" \/>\n\t<meta property=\"og:image:type\" content=\"image\/jpeg\" \/>\n<meta name=\"twitter:card\" content=\"summary_large_image\" \/>\n<script type=\"application\/ld+json\" class=\"yoast-schema-graph\">{\"@context\":\"https:\\\/\\\/schema.org\",\"@graph\":[{\"@type\":\"WebPage\",\"@id\":\"https:\\\/\\\/freddymorezon.org\\\/label\\\/cirus-vircule\\\/\",\"url\":\"https:\\\/\\\/freddymorezon.org\\\/label\\\/cirus-vircule\\\/\",\"name\":\"CiRuS ViRCuLe | Freddy Morezon\",\"isPartOf\":{\"@id\":\"https:\\\/\\\/freddymorezon.org\\\/#website\"},\"primaryImageOfPage\":{\"@id\":\"https:\\\/\\\/freddymorezon.org\\\/label\\\/cirus-vircule\\\/#primaryimage\"},\"image\":{\"@id\":\"https:\\\/\\\/freddymorezon.org\\\/label\\\/cirus-vircule\\\/#primaryimage\"},\"thumbnailUrl\":\"https:\\\/\\\/freddymorezon.org\\\/wp-content\\\/uploads\\\/2022\\\/12\\\/pochette-cirusvircule-carre.jpg\",\"datePublished\":\"2022-12-13T14:04:13+00:00\",\"dateModified\":\"2025-11-10T14:58:50+00:00\",\"breadcrumb\":{\"@id\":\"https:\\\/\\\/freddymorezon.org\\\/label\\\/cirus-vircule\\\/#breadcrumb\"},\"inLanguage\":\"en-US\",\"potentialAction\":[{\"@type\":\"ReadAction\",\"target\":[\"https:\\\/\\\/freddymorezon.org\\\/label\\\/cirus-vircule\\\/\"]}]},{\"@type\":\"ImageObject\",\"inLanguage\":\"en-US\",\"@id\":\"https:\\\/\\\/freddymorezon.org\\\/label\\\/cirus-vircule\\\/#primaryimage\",\"url\":\"https:\\\/\\\/freddymorezon.org\\\/wp-content\\\/uploads\\\/2022\\\/12\\\/pochette-cirusvircule-carre.jpg\",\"contentUrl\":\"https:\\\/\\\/freddymorezon.org\\\/wp-content\\\/uploads\\\/2022\\\/12\\\/pochette-cirusvircule-carre.jpg\",\"width\":1400,\"height\":1400},{\"@type\":\"BreadcrumbList\",\"@id\":\"https:\\\/\\\/freddymorezon.org\\\/label\\\/cirus-vircule\\\/#breadcrumb\",\"itemListElement\":[{\"@type\":\"ListItem\",\"position\":1,\"name\":\"Accueil\",\"item\":\"https:\\\/\\\/freddymorezon.org\\\/\"},{\"@type\":\"ListItem\",\"position\":2,\"name\":\"Label\",\"item\":\"https:\\\/\\\/freddymorezon.org\\\/label\\\/\"},{\"@type\":\"ListItem\",\"position\":3,\"name\":\"CiRuS ViRCuLe\"}]},{\"@type\":\"WebSite\",\"@id\":\"https:\\\/\\\/freddymorezon.org\\\/#website\",\"url\":\"https:\\\/\\\/freddymorezon.org\\\/\",\"name\":\"Freddy Morezon\",\"description\":\"jazz - musique improvis\u00e9e - esth\u00e9tiques plurielles\",\"publisher\":{\"@id\":\"https:\\\/\\\/freddymorezon.org\\\/#organization\"},\"potentialAction\":[{\"@type\":\"SearchAction\",\"target\":{\"@type\":\"EntryPoint\",\"urlTemplate\":\"https:\\\/\\\/freddymorezon.org\\\/?s={search_term_string}\"},\"query-input\":{\"@type\":\"PropertyValueSpecification\",\"valueRequired\":true,\"valueName\":\"search_term_string\"}}],\"inLanguage\":\"en-US\"},{\"@type\":\"Organization\",\"@id\":\"https:\\\/\\\/freddymorezon.org\\\/#organization\",\"name\":\"Association Freddy Morezon\",\"url\":\"https:\\\/\\\/freddymorezon.org\\\/\",\"logo\":{\"@type\":\"ImageObject\",\"inLanguage\":\"en-US\",\"@id\":\"https:\\\/\\\/freddymorezon.org\\\/#\\\/schema\\\/logo\\\/image\\\/\",\"url\":\"https:\\\/\\\/freddymorezon.org\\\/wp-content\\\/uploads\\\/2016\\\/02\\\/mini-logo-header-site2.jpg\",\"contentUrl\":\"https:\\\/\\\/freddymorezon.org\\\/wp-content\\\/uploads\\\/2016\\\/02\\\/mini-logo-header-site2.jpg\",\"width\":234,\"height\":174,\"caption\":\"Association Freddy Morezon\"},\"image\":{\"@id\":\"https:\\\/\\\/freddymorezon.org\\\/#\\\/schema\\\/logo\\\/image\\\/\"},\"sameAs\":[\"https:\\\/\\\/www.facebook.com\\\/freddy.morezon\\\/\",\"https:\\\/\\\/www.instagram.com\\\/freddymorezon\\\/\",\"https:\\\/\\\/www.youtube.com\\\/user\\\/freddymorezon\",\"https:\\\/\\\/fr.linkedin.com\\\/company\\\/freddy-morezon-p.r.o.d.\"]}]}<\/script>\n<!-- \/ Yoast SEO plugin. -->","yoast_head_json":{"title":"CiRuS ViRCuLe | Freddy Morezon","robots":{"index":"index","follow":"follow","max-snippet":"max-snippet:-1","max-image-preview":"max-image-preview:large","max-video-preview":"max-video-preview:-1"},"canonical":"https:\/\/freddymorezon.org\/label\/cirus-vircule\/","og_locale":"en_US","og_type":"article","og_title":"CiRuS ViRCuLe | Freddy Morezon","og_description":"[:fr]Janvier 2023[:en]January 2023[:]","og_url":"https:\/\/freddymorezon.org\/label\/cirus-vircule\/","og_site_name":"Freddy Morezon","article_publisher":"https:\/\/www.facebook.com\/freddy.morezon\/","article_modified_time":"2025-11-10T14:58:50+00:00","og_image":[{"width":1400,"height":1400,"url":"https:\/\/freddymorezon.org\/wp-content\/uploads\/2022\/12\/pochette-cirusvircule-carre.jpg","type":"image\/jpeg"}],"twitter_card":"summary_large_image","schema":{"@context":"https:\/\/schema.org","@graph":[{"@type":"WebPage","@id":"https:\/\/freddymorezon.org\/label\/cirus-vircule\/","url":"https:\/\/freddymorezon.org\/label\/cirus-vircule\/","name":"CiRuS ViRCuLe | Freddy Morezon","isPartOf":{"@id":"https:\/\/freddymorezon.org\/#website"},"primaryImageOfPage":{"@id":"https:\/\/freddymorezon.org\/label\/cirus-vircule\/#primaryimage"},"image":{"@id":"https:\/\/freddymorezon.org\/label\/cirus-vircule\/#primaryimage"},"thumbnailUrl":"https:\/\/freddymorezon.org\/wp-content\/uploads\/2022\/12\/pochette-cirusvircule-carre.jpg","datePublished":"2022-12-13T14:04:13+00:00","dateModified":"2025-11-10T14:58:50+00:00","breadcrumb":{"@id":"https:\/\/freddymorezon.org\/label\/cirus-vircule\/#breadcrumb"},"inLanguage":"en-US","potentialAction":[{"@type":"ReadAction","target":["https:\/\/freddymorezon.org\/label\/cirus-vircule\/"]}]},{"@type":"ImageObject","inLanguage":"en-US","@id":"https:\/\/freddymorezon.org\/label\/cirus-vircule\/#primaryimage","url":"https:\/\/freddymorezon.org\/wp-content\/uploads\/2022\/12\/pochette-cirusvircule-carre.jpg","contentUrl":"https:\/\/freddymorezon.org\/wp-content\/uploads\/2022\/12\/pochette-cirusvircule-carre.jpg","width":1400,"height":1400},{"@type":"BreadcrumbList","@id":"https:\/\/freddymorezon.org\/label\/cirus-vircule\/#breadcrumb","itemListElement":[{"@type":"ListItem","position":1,"name":"Accueil","item":"https:\/\/freddymorezon.org\/"},{"@type":"ListItem","position":2,"name":"Label","item":"https:\/\/freddymorezon.org\/label\/"},{"@type":"ListItem","position":3,"name":"CiRuS ViRCuLe"}]},{"@type":"WebSite","@id":"https:\/\/freddymorezon.org\/#website","url":"https:\/\/freddymorezon.org\/","name":"Freddy Morezon","description":"jazz - musique improvis\u00e9e - esth\u00e9tiques plurielles","publisher":{"@id":"https:\/\/freddymorezon.org\/#organization"},"potentialAction":[{"@type":"SearchAction","target":{"@type":"EntryPoint","urlTemplate":"https:\/\/freddymorezon.org\/?s={search_term_string}"},"query-input":{"@type":"PropertyValueSpecification","valueRequired":true,"valueName":"search_term_string"}}],"inLanguage":"en-US"},{"@type":"Organization","@id":"https:\/\/freddymorezon.org\/#organization","name":"Association Freddy Morezon","url":"https:\/\/freddymorezon.org\/","logo":{"@type":"ImageObject","inLanguage":"en-US","@id":"https:\/\/freddymorezon.org\/#\/schema\/logo\/image\/","url":"https:\/\/freddymorezon.org\/wp-content\/uploads\/2016\/02\/mini-logo-header-site2.jpg","contentUrl":"https:\/\/freddymorezon.org\/wp-content\/uploads\/2016\/02\/mini-logo-header-site2.jpg","width":234,"height":174,"caption":"Association Freddy Morezon"},"image":{"@id":"https:\/\/freddymorezon.org\/#\/schema\/logo\/image\/"},"sameAs":["https:\/\/www.facebook.com\/freddy.morezon\/","https:\/\/www.instagram.com\/freddymorezon\/","https:\/\/www.youtube.com\/user\/freddymorezon","https:\/\/fr.linkedin.com\/company\/freddy-morezon-p.r.o.d."]}]}},"_links":{"self":[{"href":"https:\/\/freddymorezon.org\/en\/wp-json\/wp\/v2\/pages\/15937","targetHints":{"allow":["GET"]}}],"collection":[{"href":"https:\/\/freddymorezon.org\/en\/wp-json\/wp\/v2\/pages"}],"about":[{"href":"https:\/\/freddymorezon.org\/en\/wp-json\/wp\/v2\/types\/page"}],"author":[{"embeddable":true,"href":"https:\/\/freddymorezon.org\/en\/wp-json\/wp\/v2\/users\/1"}],"replies":[{"embeddable":true,"href":"https:\/\/freddymorezon.org\/en\/wp-json\/wp\/v2\/comments?post=15937"}],"version-history":[{"count":49,"href":"https:\/\/freddymorezon.org\/en\/wp-json\/wp\/v2\/pages\/15937\/revisions"}],"predecessor-version":[{"id":24282,"href":"https:\/\/freddymorezon.org\/en\/wp-json\/wp\/v2\/pages\/15937\/revisions\/24282"}],"up":[{"embeddable":true,"href":"https:\/\/freddymorezon.org\/en\/wp-json\/wp\/v2\/pages\/140"}],"wp:featuredmedia":[{"embeddable":true,"href":"https:\/\/freddymorezon.org\/en\/wp-json\/wp\/v2\/media\/15954"}],"wp:attachment":[{"href":"https:\/\/freddymorezon.org\/en\/wp-json\/wp\/v2\/media?parent=15937"}],"wp:term":[{"taxonomy":"category","embeddable":true,"href":"https:\/\/freddymorezon.org\/en\/wp-json\/wp\/v2\/categories?post=15937"},{"taxonomy":"post_tag","embeddable":true,"href":"https:\/\/freddymorezon.org\/en\/wp-json\/wp\/v2\/tags?post=15937"}],"curies":[{"name":"wp","href":"https:\/\/api.w.org\/{rel}","templated":true}]}}