
{"id":167,"date":"2016-02-11T17:07:39","date_gmt":"2016-02-11T16:07:39","guid":{"rendered":"https:\/\/freddymorezon.org\/?page_id=167"},"modified":"2023-04-18T14:01:41","modified_gmt":"2023-04-18T13:01:41","slug":"action-culturelleportraits-sonores","status":"publish","type":"page","link":"https:\/\/freddymorezon.org\/en\/action-culturelle\/action-culturelleportraits-sonores\/","title":{"rendered":"Portraits sonores <p>handicap, s\u00e9niors<\/p>"},"content":{"rendered":"<div id=\"pl-167\"  class=\"panel-layout\" ><div id=\"pg-167-0\"  class=\"panel-grid panel-no-style\" ><div id=\"pgc-167-0-0\"  class=\"panel-grid-cell\" ><div id=\"panel-167-0-0-0\" class=\"so-panel widget widget_eo_event_list_widget EO_Event_List_Widget panel-first-child\" data-index=\"0\" >\n\n<\/div><div id=\"panel-167-0-0-1\" class=\"so-panel widget widget_sow-editor panel-last-child\" data-index=\"1\" ><div\n\t\t\t\n\t\t\tclass=\"so-widget-sow-editor so-widget-sow-editor-base\"\n\t\t\t\n\t\t>\n<div class=\"siteorigin-widget-tinymce textwidget\">\n\t<h3>Les intervenants<\/h3>\n<p>Sofie Sforzini<br \/>\nJulie Castel Jordy<br \/>\nFabio Sforzini<\/p>\n<\/div>\n<\/div><\/div><\/div><div id=\"pgc-167-0-1\"  class=\"panel-grid-cell\" ><div id=\"panel-167-0-1-0\" class=\"so-panel widget widget_sow-editor panel-first-child\" data-index=\"2\" ><div\n\t\t\t\n\t\t\tclass=\"so-widget-sow-editor so-widget-sow-editor-base\"\n\t\t\t\n\t\t>\n<div class=\"siteorigin-widget-tinymce textwidget\">\n\t<h2>Portraits sonores <span class=\"h3\">(2016)<\/span><\/h2>\n<\/div>\n<\/div><\/div><div id=\"panel-167-0-1-1\" class=\"so-panel widget widget_sow-image\" data-index=\"3\" ><div\n\t\t\t\n\t\t\tclass=\"so-widget-sow-image so-widget-sow-image-default-8b5b6f678277-167\"\n\t\t\t\n\t\t>\n<div class=\"sow-image-container\">\n\t\t<img \n\tsrc=\"https:\/\/freddymorezon.org\/wp-content\/uploads\/2016\/02\/dessin-Sofie-1240x560.jpg\" width=\"1240\" height=\"560\" sizes=\"(max-width: 1240px) 100vw, 1240px\" title=\"Portraits Sonores &#8211; Sofie Sforzini\" alt=\"\" \t\tclass=\"so-widget-image\"\/>\n\t<\/div>\n\n<\/div><\/div><div id=\"panel-167-0-1-2\" class=\"so-panel widget widget_sow-editor panel-last-child\" data-index=\"4\" ><div\n\t\t\t\n\t\t\tclass=\"so-widget-sow-editor so-widget-sow-editor-base\"\n\t\t\t\n\t\t><h3 class=\"widget-title\"> <\/h3>\n<div class=\"siteorigin-widget-tinymce textwidget\">\n\t<p style=\"text-align: left;\"><em>La premi\u00e8re \u00e9dition de Portraits Sonores, projet d'action culturelle destin\u00e9 \u00e0 un public de personnes \u00e2g\u00e9es d\u00e9pendantes, m\u00ealant \u00e9criture, po\u00e9sie et musique, a eu lieu de mars \u00e0 octobre 2016 \u00e0 l'EHPAD R\u00e9sidences des 7 Fontaines \u00e0 Gaillac. Les textes, \u00e9crits en ateliers d'\u00e9criture par les participants, ont ensuite \u00e9t\u00e9 mis en valeur par la cr\u00e9ation de portraits visuels et sonores intimistes et acoustiques.<\/em><\/p>\n<p style=\"text-align: left;\">Ce projet artistique participatif a pour objectif de valoriser et de maintenir l\u2019identit\u00e9 et la personnalit\u00e9 des personnes \u00e2g\u00e9es participantes, par le biais de l\u2019\u00e9criture, de la po\u00e9sie et de la musique. La finalit\u00e9 \u00e9tant de mettre en lumi\u00e8re les \u00e9crits des participants par des portraits visuels et sonores intimistes et acoustiques.<\/p>\n<p style=\"text-align: left;\">L\u2019identit\u00e9 n\u2019est jamais install\u00e9e une fois pour toute chez l\u2019individu. Elle suit les coups et les \u00e0-coups de la vie et se situe dans le mouvement historique et culturel de l\u2019individu, aussi, il n\u2019est pas paradoxal de parler de crise d\u2019identit\u00e9 dans l\u2019\u00e2ge avanc\u00e9. La personne qui vieillit est d\u00e9poss\u00e9d\u00e9e peu \u00e0 peu de ces \u00e9l\u00e9ments qui la constituaient et faisaient son identit\u00e9 (perte de l\u2019activit\u00e9 dominante, de relations sociales, perte du r\u00f4le et du statut, du revenu). Plus tard, le corps se d\u00e9grade, perd son allure. La perte de la sant\u00e9 amoindrit encore les capacit\u00e9s et r\u00e9tr\u00e9cit davantage le tissu social .<br \/>\nAinsi, si l\u2019on pose la question \u00abQui-\u00eates-vous?\u00bb \u00e0 une personne \u00e2g\u00e9e, elle vous r\u00e9pondra le plus souvent \u00abJ\u2019\u00e9tais...\u00bb. Il semble donc essentiel de leur apporter un espace pour se reconnecter \u00e0 eux-m\u00eames, un espace pour se raconter, un espace pour cr\u00e9er, sur \u00abQui suis-je?\u00bb aujourd\u2019hui. L\u2019id\u00e9e dans cet atelier est d\u2019amener les personnes, qui, pour la plupart, ne sont plus en capacit\u00e9 de sortir ou m\u00eame parfois de se mouvoir, \u00e0 se red\u00e9couvrir par le biais de l\u2019\u00e9criture et de la musique.<\/p>\n<p style=\"text-align: left;\">La musique est pr\u00e9sente pour cr\u00e9er un univers sonore qui encourage cette forme d\u2019introspection ludique et de recherche. Elle favorise le d\u00e9veloppement de la personnalit\u00e9, la cr\u00e9ation d\u2019\u00e9motions et permet de retrouver des sensations et des bribes d\u2019identit\u00e9. Elle incite les participants \u00e0 l\u00e2cher prise. En effet, la musique a un r\u00f4le tr\u00e8s important dans les maisons de retraite. En plus de son c\u00f4t\u00e9 ludique, elle fait appel \u00e0 des fonctions cognitives, c\u00e9r\u00e9brales, sensorielles et motrices qui doivent \u00eatre stimul\u00e9es pour que les personnes \u00e2g\u00e9es conservent le plus longtemps possible leur autonomie.<\/p>\n<p style=\"text-align: left;\">Par ailleurs, la cr\u00e9ation artistique et l\u2019expression de soi permettent \u00e0 la personne \u00e2g\u00e9e d\u2019affirmer sa libert\u00e9 d\u2019\u00eatre, fondamentale quand le handicap et\/ou la maladie r\u00e9duisent la libert\u00e9 d\u2019action. La cr\u00e9ation \u00e9tant un mode d\u2019expression riche en \u00e9motions, elle permet la d\u00e9tente et l\u2019\u00e9panouissement des participants.<\/p>\n<\/div>\n<\/div><\/div><\/div><\/div><\/div>","protected":false},"excerpt":{"rendered":"<p>Les intervenants Sofie Sforzini Julie Castel Jordy Fabio Sforzini Portraits sonores (2016) La premi\u00e8re \u00e9dition de Portraits Sonores, projet d&#8217;action culturelle destin\u00e9 \u00e0 un public de personnes \u00e2g\u00e9es d\u00e9pendantes, m\u00ealant \u00e9criture, po\u00e9sie et musique, a eu lieu de mars \u00e0 octobre 2016 \u00e0 l&#8217;EHPAD R\u00e9sidences des 7 Fontaines \u00e0 Gaillac. Les textes, \u00e9crits en ateliers&hellip;<\/p>\n<p><a class=\"more-link\" href=\"https:\/\/freddymorezon.org\/en\/action-culturelle\/action-culturelleportraits-sonores\/\" title=\"Continue reading &lsquo;Portraits sonores \n\n<p>handicap, s\u00e9niors<\/p>\n<p>&rsquo;&#8221;>Continue reading <span class=\"meta-nav\">&rarr;<\/span><\/a><\/p>\n","protected":false},"author":1,"featured_media":2354,"parent":136,"menu_order":20,"comment_status":"closed","ping_status":"closed","template":"page-templates\/full-width.php","meta":{"om_disable_all_campaigns":false,"_monsterinsights_skip_tracking":false,"_monsterinsights_sitenote_active":false,"_monsterinsights_sitenote_note":"","_monsterinsights_sitenote_category":0,"_uf_show_specific_survey":0,"_uf_disable_surveys":false,"footnotes":""},"categories":[143],"tags":[],"class_list":["post-167","page","type-page","status-publish","has-post-thumbnail","hentry","category-portraits-sonores"],"aioseo_notices":[],"yoast_head":"<!-- This site is optimized with the Yoast SEO plugin v27.4 - https:\/\/yoast.com\/product\/yoast-seo-wordpress\/ -->\n<title>Portraits sonores handicap, s\u00e9niors | Action culturelle | Freddy Morezon<\/title>\n<meta name=\"description\" content=\"Projet artistique participatif en EHPAD valorisant des personnes \u00e2g\u00e9es d\u00e9pendantes, par le biais de l\u2019\u00e9criture, de la po\u00e9sie et de la musique. Avec Sofie Sforzini, Julie Castel Jordy et Fabio Sforzini.\" \/>\n<meta name=\"robots\" content=\"index, follow, max-snippet:-1, max-image-preview:large, max-video-preview:-1\" \/>\n<link rel=\"canonical\" href=\"https:\/\/freddymorezon.org\/action-culturelle\/action-culturelleportraits-sonores\/\" \/>\n<meta property=\"og:locale\" content=\"en_US\" \/>\n<meta property=\"og:type\" content=\"article\" \/>\n<meta property=\"og:title\" content=\"Portraits sonores handicap, s\u00e9niors | Action culturelle | Freddy Morezon\" \/>\n<meta property=\"og:description\" content=\"Projet artistique participatif en EHPAD valorisant des personnes \u00e2g\u00e9es d\u00e9pendantes, par le biais de l\u2019\u00e9criture, de la po\u00e9sie et de la musique. Avec Sofie Sforzini, Julie Castel Jordy et Fabio Sforzini.\" \/>\n<meta property=\"og:url\" content=\"https:\/\/freddymorezon.org\/action-culturelle\/action-culturelleportraits-sonores\/\" \/>\n<meta property=\"og:site_name\" content=\"Freddy Morezon\" \/>\n<meta property=\"article:publisher\" content=\"https:\/\/www.facebook.com\/freddy.morezon\/\" \/>\n<meta property=\"article:modified_time\" content=\"2023-04-18T13:01:41+00:00\" \/>\n<meta property=\"og:image\" content=\"https:\/\/freddymorezon.org\/wp-content\/uploads\/2016\/02\/dessin-Sofie-1240x800.jpg\" \/>\n\t<meta property=\"og:image:width\" content=\"1240\" \/>\n\t<meta property=\"og:image:height\" content=\"800\" \/>\n\t<meta property=\"og:image:type\" content=\"image\/jpeg\" \/>\n<meta name=\"twitter:card\" content=\"summary_large_image\" \/>\n<script type=\"application\/ld+json\" class=\"yoast-schema-graph\">{\"@context\":\"https:\\\/\\\/schema.org\",\"@graph\":[{\"@type\":\"WebPage\",\"@id\":\"https:\\\/\\\/freddymorezon.org\\\/action-culturelle\\\/action-culturelleportraits-sonores\\\/\",\"url\":\"https:\\\/\\\/freddymorezon.org\\\/action-culturelle\\\/action-culturelleportraits-sonores\\\/\",\"name\":\"Portraits sonores handicap, s\u00e9niors | Action culturelle | Freddy Morezon\",\"isPartOf\":{\"@id\":\"https:\\\/\\\/freddymorezon.org\\\/#website\"},\"primaryImageOfPage\":{\"@id\":\"https:\\\/\\\/freddymorezon.org\\\/action-culturelle\\\/action-culturelleportraits-sonores\\\/#primaryimage\"},\"image\":{\"@id\":\"https:\\\/\\\/freddymorezon.org\\\/action-culturelle\\\/action-culturelleportraits-sonores\\\/#primaryimage\"},\"thumbnailUrl\":\"https:\\\/\\\/freddymorezon.org\\\/wp-content\\\/uploads\\\/2016\\\/02\\\/dessin-Sofie.jpg\",\"datePublished\":\"2016-02-11T16:07:39+00:00\",\"dateModified\":\"2023-04-18T13:01:41+00:00\",\"description\":\"Projet artistique participatif en EHPAD valorisant des personnes \u00e2g\u00e9es d\u00e9pendantes, par le biais de l\u2019\u00e9criture, de la po\u00e9sie et de la musique. Avec Sofie Sforzini, Julie Castel Jordy et Fabio Sforzini.\",\"breadcrumb\":{\"@id\":\"https:\\\/\\\/freddymorezon.org\\\/action-culturelle\\\/action-culturelleportraits-sonores\\\/#breadcrumb\"},\"inLanguage\":\"en-US\",\"potentialAction\":[{\"@type\":\"ReadAction\",\"target\":[\"https:\\\/\\\/freddymorezon.org\\\/action-culturelle\\\/action-culturelleportraits-sonores\\\/\"]}]},{\"@type\":\"ImageObject\",\"inLanguage\":\"en-US\",\"@id\":\"https:\\\/\\\/freddymorezon.org\\\/action-culturelle\\\/action-culturelleportraits-sonores\\\/#primaryimage\",\"url\":\"https:\\\/\\\/freddymorezon.org\\\/wp-content\\\/uploads\\\/2016\\\/02\\\/dessin-Sofie.jpg\",\"contentUrl\":\"https:\\\/\\\/freddymorezon.org\\\/wp-content\\\/uploads\\\/2016\\\/02\\\/dessin-Sofie.jpg\",\"width\":2444,\"height\":1964},{\"@type\":\"BreadcrumbList\",\"@id\":\"https:\\\/\\\/freddymorezon.org\\\/action-culturelle\\\/action-culturelleportraits-sonores\\\/#breadcrumb\",\"itemListElement\":[{\"@type\":\"ListItem\",\"position\":1,\"name\":\"Accueil\",\"item\":\"https:\\\/\\\/freddymorezon.org\\\/\"},{\"@type\":\"ListItem\",\"position\":2,\"name\":\"Action culturelle\",\"item\":\"https:\\\/\\\/freddymorezon.org\\\/action-culturelle\\\/\"},{\"@type\":\"ListItem\",\"position\":3,\"name\":\"Portraits sonores handicap, s\u00e9niors\"}]},{\"@type\":\"WebSite\",\"@id\":\"https:\\\/\\\/freddymorezon.org\\\/#website\",\"url\":\"https:\\\/\\\/freddymorezon.org\\\/\",\"name\":\"Freddy Morezon\",\"description\":\"jazz - musique improvis\u00e9e - esth\u00e9tiques plurielles\",\"publisher\":{\"@id\":\"https:\\\/\\\/freddymorezon.org\\\/#organization\"},\"potentialAction\":[{\"@type\":\"SearchAction\",\"target\":{\"@type\":\"EntryPoint\",\"urlTemplate\":\"https:\\\/\\\/freddymorezon.org\\\/?s={search_term_string}\"},\"query-input\":{\"@type\":\"PropertyValueSpecification\",\"valueRequired\":true,\"valueName\":\"search_term_string\"}}],\"inLanguage\":\"en-US\"},{\"@type\":\"Organization\",\"@id\":\"https:\\\/\\\/freddymorezon.org\\\/#organization\",\"name\":\"Association Freddy Morezon\",\"url\":\"https:\\\/\\\/freddymorezon.org\\\/\",\"logo\":{\"@type\":\"ImageObject\",\"inLanguage\":\"en-US\",\"@id\":\"https:\\\/\\\/freddymorezon.org\\\/#\\\/schema\\\/logo\\\/image\\\/\",\"url\":\"https:\\\/\\\/freddymorezon.org\\\/wp-content\\\/uploads\\\/2016\\\/02\\\/mini-logo-header-site2.jpg\",\"contentUrl\":\"https:\\\/\\\/freddymorezon.org\\\/wp-content\\\/uploads\\\/2016\\\/02\\\/mini-logo-header-site2.jpg\",\"width\":234,\"height\":174,\"caption\":\"Association Freddy Morezon\"},\"image\":{\"@id\":\"https:\\\/\\\/freddymorezon.org\\\/#\\\/schema\\\/logo\\\/image\\\/\"},\"sameAs\":[\"https:\\\/\\\/www.facebook.com\\\/freddy.morezon\\\/\",\"https:\\\/\\\/www.instagram.com\\\/freddymorezon\\\/\",\"https:\\\/\\\/www.youtube.com\\\/user\\\/freddymorezon\",\"https:\\\/\\\/fr.linkedin.com\\\/company\\\/freddy-morezon-p.r.o.d.\"]}]}<\/script>\n<!-- \/ Yoast SEO plugin. -->","yoast_head_json":{"title":"Portraits sonores handicap, s\u00e9niors | Action culturelle | Freddy Morezon","description":"Projet artistique participatif en EHPAD valorisant des personnes \u00e2g\u00e9es d\u00e9pendantes, par le biais de l\u2019\u00e9criture, de la po\u00e9sie et de la musique. Avec Sofie Sforzini, Julie Castel Jordy et Fabio Sforzini.","robots":{"index":"index","follow":"follow","max-snippet":"max-snippet:-1","max-image-preview":"max-image-preview:large","max-video-preview":"max-video-preview:-1"},"canonical":"https:\/\/freddymorezon.org\/action-culturelle\/action-culturelleportraits-sonores\/","og_locale":"en_US","og_type":"article","og_title":"Portraits sonores handicap, s\u00e9niors | Action culturelle | Freddy Morezon","og_description":"Projet artistique participatif en EHPAD valorisant des personnes \u00e2g\u00e9es d\u00e9pendantes, par le biais de l\u2019\u00e9criture, de la po\u00e9sie et de la musique. Avec Sofie Sforzini, Julie Castel Jordy et Fabio Sforzini.","og_url":"https:\/\/freddymorezon.org\/action-culturelle\/action-culturelleportraits-sonores\/","og_site_name":"Freddy Morezon","article_publisher":"https:\/\/www.facebook.com\/freddy.morezon\/","article_modified_time":"2023-04-18T13:01:41+00:00","og_image":[{"width":1240,"height":800,"url":"https:\/\/freddymorezon.org\/wp-content\/uploads\/2016\/02\/dessin-Sofie-1240x800.jpg","type":"image\/jpeg"}],"twitter_card":"summary_large_image","schema":{"@context":"https:\/\/schema.org","@graph":[{"@type":"WebPage","@id":"https:\/\/freddymorezon.org\/action-culturelle\/action-culturelleportraits-sonores\/","url":"https:\/\/freddymorezon.org\/action-culturelle\/action-culturelleportraits-sonores\/","name":"Portraits sonores handicap, s\u00e9niors | Action culturelle | Freddy Morezon","isPartOf":{"@id":"https:\/\/freddymorezon.org\/#website"},"primaryImageOfPage":{"@id":"https:\/\/freddymorezon.org\/action-culturelle\/action-culturelleportraits-sonores\/#primaryimage"},"image":{"@id":"https:\/\/freddymorezon.org\/action-culturelle\/action-culturelleportraits-sonores\/#primaryimage"},"thumbnailUrl":"https:\/\/freddymorezon.org\/wp-content\/uploads\/2016\/02\/dessin-Sofie.jpg","datePublished":"2016-02-11T16:07:39+00:00","dateModified":"2023-04-18T13:01:41+00:00","description":"Projet artistique participatif en EHPAD valorisant des personnes \u00e2g\u00e9es d\u00e9pendantes, par le biais de l\u2019\u00e9criture, de la po\u00e9sie et de la musique. Avec Sofie Sforzini, Julie Castel Jordy et Fabio Sforzini.","breadcrumb":{"@id":"https:\/\/freddymorezon.org\/action-culturelle\/action-culturelleportraits-sonores\/#breadcrumb"},"inLanguage":"en-US","potentialAction":[{"@type":"ReadAction","target":["https:\/\/freddymorezon.org\/action-culturelle\/action-culturelleportraits-sonores\/"]}]},{"@type":"ImageObject","inLanguage":"en-US","@id":"https:\/\/freddymorezon.org\/action-culturelle\/action-culturelleportraits-sonores\/#primaryimage","url":"https:\/\/freddymorezon.org\/wp-content\/uploads\/2016\/02\/dessin-Sofie.jpg","contentUrl":"https:\/\/freddymorezon.org\/wp-content\/uploads\/2016\/02\/dessin-Sofie.jpg","width":2444,"height":1964},{"@type":"BreadcrumbList","@id":"https:\/\/freddymorezon.org\/action-culturelle\/action-culturelleportraits-sonores\/#breadcrumb","itemListElement":[{"@type":"ListItem","position":1,"name":"Accueil","item":"https:\/\/freddymorezon.org\/"},{"@type":"ListItem","position":2,"name":"Action culturelle","item":"https:\/\/freddymorezon.org\/action-culturelle\/"},{"@type":"ListItem","position":3,"name":"Portraits sonores handicap, s\u00e9niors"}]},{"@type":"WebSite","@id":"https:\/\/freddymorezon.org\/#website","url":"https:\/\/freddymorezon.org\/","name":"Freddy Morezon","description":"jazz - musique improvis\u00e9e - esth\u00e9tiques plurielles","publisher":{"@id":"https:\/\/freddymorezon.org\/#organization"},"potentialAction":[{"@type":"SearchAction","target":{"@type":"EntryPoint","urlTemplate":"https:\/\/freddymorezon.org\/?s={search_term_string}"},"query-input":{"@type":"PropertyValueSpecification","valueRequired":true,"valueName":"search_term_string"}}],"inLanguage":"en-US"},{"@type":"Organization","@id":"https:\/\/freddymorezon.org\/#organization","name":"Association Freddy Morezon","url":"https:\/\/freddymorezon.org\/","logo":{"@type":"ImageObject","inLanguage":"en-US","@id":"https:\/\/freddymorezon.org\/#\/schema\/logo\/image\/","url":"https:\/\/freddymorezon.org\/wp-content\/uploads\/2016\/02\/mini-logo-header-site2.jpg","contentUrl":"https:\/\/freddymorezon.org\/wp-content\/uploads\/2016\/02\/mini-logo-header-site2.jpg","width":234,"height":174,"caption":"Association Freddy Morezon"},"image":{"@id":"https:\/\/freddymorezon.org\/#\/schema\/logo\/image\/"},"sameAs":["https:\/\/www.facebook.com\/freddy.morezon\/","https:\/\/www.instagram.com\/freddymorezon\/","https:\/\/www.youtube.com\/user\/freddymorezon","https:\/\/fr.linkedin.com\/company\/freddy-morezon-p.r.o.d."]}]}},"_links":{"self":[{"href":"https:\/\/freddymorezon.org\/en\/wp-json\/wp\/v2\/pages\/167","targetHints":{"allow":["GET"]}}],"collection":[{"href":"https:\/\/freddymorezon.org\/en\/wp-json\/wp\/v2\/pages"}],"about":[{"href":"https:\/\/freddymorezon.org\/en\/wp-json\/wp\/v2\/types\/page"}],"author":[{"embeddable":true,"href":"https:\/\/freddymorezon.org\/en\/wp-json\/wp\/v2\/users\/1"}],"replies":[{"embeddable":true,"href":"https:\/\/freddymorezon.org\/en\/wp-json\/wp\/v2\/comments?post=167"}],"version-history":[{"count":30,"href":"https:\/\/freddymorezon.org\/en\/wp-json\/wp\/v2\/pages\/167\/revisions"}],"predecessor-version":[{"id":17459,"href":"https:\/\/freddymorezon.org\/en\/wp-json\/wp\/v2\/pages\/167\/revisions\/17459"}],"up":[{"embeddable":true,"href":"https:\/\/freddymorezon.org\/en\/wp-json\/wp\/v2\/pages\/136"}],"wp:featuredmedia":[{"embeddable":true,"href":"https:\/\/freddymorezon.org\/en\/wp-json\/wp\/v2\/media\/2354"}],"wp:attachment":[{"href":"https:\/\/freddymorezon.org\/en\/wp-json\/wp\/v2\/media?parent=167"}],"wp:term":[{"taxonomy":"category","embeddable":true,"href":"https:\/\/freddymorezon.org\/en\/wp-json\/wp\/v2\/categories?post=167"},{"taxonomy":"post_tag","embeddable":true,"href":"https:\/\/freddymorezon.org\/en\/wp-json\/wp\/v2\/tags?post=167"}],"curies":[{"name":"wp","href":"https:\/\/api.w.org\/{rel}","templated":true}]}}