
{"id":16849,"date":"2023-04-12T09:49:36","date_gmt":"2023-04-12T08:49:36","guid":{"rendered":"https:\/\/freddymorezon.org\/?page_id=16849"},"modified":"2024-09-23T14:35:20","modified_gmt":"2024-09-23T13:35:20","slug":"delaboxe","status":"publish","type":"page","link":"https:\/\/freddymorezon.org\/en\/catalogue\/delaboxe\/","title":{"rendered":"Delaboxe"},"content":{"rendered":"<div id=\"pl-16849\"  class=\"panel-layout\" ><div id=\"pg-16849-0\"  class=\"panel-grid panel-no-style\" ><div id=\"pgc-16849-0-0\"  class=\"panel-grid-cell\" ><div id=\"panel-16849-0-0-0\" class=\"so-panel widget widget_sow-editor panel-first-child\" data-index=\"0\" ><div\n\t\t\t\n\t\t\tclass=\"so-widget-sow-editor so-widget-sow-editor-base\"\n\t\t\t\n\t\t><h3 class=\"widget-title\">Line-up<\/h3>\n<div class=\"siteorigin-widget-tinymce textwidget\">\n\t<p><strong>S\u00e9bastien Cirotteau<\/strong> : saxhorn alto<br \/>\n<strong>Florian Nastorg<\/strong> : saxophone alto<br \/>\nAvec la contribution de : Frederick Wiseman, Christophe Camoirano, Pascal Deux, Leon Gast, Mohammed Ali, Sylvester Stallone, Eric Sarner, Loic Wacquant, Joyce Carol Oates<\/p>\n<\/div>\n<\/div><\/div><div id=\"panel-16849-0-0-1\" class=\"so-panel widget widget_sow-headline\" data-index=\"1\" ><div\n\t\t\t\n\t\t\tclass=\"so-widget-sow-headline so-widget-sow-headline-default-7746819de07c-16849\"\n\t\t\t\n\t\t><div class=\"sow-headline-container \">\n\t\t\t\t\t\t<div class=\"decoration\">\n\t\t\t\t\t\t<div class=\"decoration-inside\"><\/div>\n\t\t\t\t\t<\/div>\n\t\t\t\t\t<\/div>\n<\/div><\/div><div id=\"panel-16849-0-0-2\" class=\"so-panel widget widget_sow-editor\" data-index=\"2\" ><div\n\t\t\t\n\t\t\tclass=\"so-widget-sow-editor so-widget-sow-editor-base\"\n\t\t\t\n\t\t>\n<div class=\"siteorigin-widget-tinymce textwidget\">\n\t<h3>Contact<\/h3>\n<p>Alexandra Cirotteau \/\/ alexandra@freddymorezon.org<\/p>\n<\/div>\n<\/div><\/div><div id=\"panel-16849-0-0-3\" class=\"so-panel widget widget_sow-headline\" data-index=\"3\" ><div\n\t\t\t\n\t\t\tclass=\"so-widget-sow-headline so-widget-sow-headline-default-7746819de07c-16849\"\n\t\t\t\n\t\t><div class=\"sow-headline-container \">\n\t\t\t\t\t\t<div class=\"decoration\">\n\t\t\t\t\t\t<div class=\"decoration-inside\"><\/div>\n\t\t\t\t\t<\/div>\n\t\t\t\t\t<\/div>\n<\/div><\/div><div id=\"panel-16849-0-0-4\" class=\"so-panel widget widget_sow-editor panel-last-child\" data-index=\"4\" ><div\n\t\t\t\n\t\t\tclass=\"so-widget-sow-editor so-widget-sow-editor-base\"\n\t\t\t\n\t\t>\n<div class=\"siteorigin-widget-tinymce textwidget\">\n\t<h3>links<\/h3>\n<ul>\n<li><i class=\"fa fa-chevron-right fa-2x\"><\/i> <a title=\"S\u00e9bastien Cirotteau\" href=\"https:\/\/freddymorezon.org\/artistes\/sebastien-cirotteau\/\">S\u00e9bastien Cirotteau<\/a><\/li>\n<li><i class=\"fa fa-chevron-right fa-2x\"><\/i> <a title=\"Florian Nastorg\" href=\"https:\/\/freddymorezon.org\/artistes\/florian-nastorg\/\">Florian Nastorg<\/a><\/li>\n<\/ul>\n<\/div>\n<\/div><\/div><\/div><div id=\"pgc-16849-0-1\"  class=\"panel-grid-cell\" ><div id=\"panel-16849-0-1-0\" class=\"so-panel widget widget_sow-editor panel-first-child\" data-index=\"5\" ><div\n\t\t\t\n\t\t\tclass=\"so-widget-sow-editor so-widget-sow-editor-base\"\n\t\t\t\n\t\t>\n<div class=\"siteorigin-widget-tinymce textwidget\">\n\t<h1>Delaboxe<\/h1>\n<\/div>\n<\/div><\/div><div id=\"panel-16849-0-1-1\" class=\"so-panel widget widget_sow-image\" data-index=\"6\" ><div\n\t\t\t\n\t\t\tclass=\"so-widget-sow-image so-widget-sow-image-default-8b5b6f678277-16849\"\n\t\t\t\n\t\t>\n<div class=\"sow-image-container\">\n\t\t<img \n\tsrc=\"https:\/\/freddymorezon.org\/wp-content\/uploads\/2023\/04\/delaboxe-site.jpg\" width=\"2066\" height=\"934\" srcset=\"https:\/\/freddymorezon.org\/wp-content\/uploads\/2023\/04\/delaboxe-site.jpg 2066w, https:\/\/freddymorezon.org\/wp-content\/uploads\/2023\/04\/delaboxe-site-800x362.jpg 800w, https:\/\/freddymorezon.org\/wp-content\/uploads\/2023\/04\/delaboxe-site-1240x560.jpg 1240w, https:\/\/freddymorezon.org\/wp-content\/uploads\/2023\/04\/delaboxe-site-400x181.jpg 400w\" sizes=\"(max-width: 2066px) 100vw, 2066px\" alt=\"\" \t\tclass=\"so-widget-image\"\/>\n\t<\/div>\n\n<\/div><\/div><div id=\"panel-16849-0-1-2\" class=\"so-panel widget widget_sow-editor panel-last-child\" data-index=\"7\" ><div\n\t\t\t\n\t\t\tclass=\"so-widget-sow-editor so-widget-sow-editor-base\"\n\t\t\t\n\t\t>\n<div class=\"siteorigin-widget-tinymce textwidget\">\n\t<p class=\"copyright\" style=\"text-align: right;\">\u00a9 Fernand Steven<\/p>\n<h3 style=\"text-align: left;\">DELABOXE<\/h3>\n<h4 style=\"text-align: left;\">UNE PI\u00c8CE RADIOPHONIQUE DE FLORIAN NASTORG ET S\u00c9BASTIEN CIROTTEAU<\/h4>\n<p>20 minutes d\u2019uppercut, de garde serr\u00e9e, de mots m\u00e2ch\u00e9s par un prot\u00e8ge dents et de cordes \u00e0 sauter.<br \/>\nIl parait m\u00eame que Rocky Balboa s\u2019est invit\u00e9 dans le game...<\/p>\n<p>S\u00e9bastien Cirotteau - saxhorn alto<br \/>\nFlorian Nastorg - saxophone alto<br \/>\nAvec la contribution de : Frederick Wiseman, Christophe Camoirano, Pascal Deux, Leon Gast, Mohammed Ali, Sylvester Stallone, Eric Sarner, Loic Wacquant, Joyce Carol Oates<\/p>\n<p><em>Une production Freddy Morezon. Dans le cadre de la r\u00e9sidence de Territoire \/ Art\u2019Cade. Avec le soutien de la r\u00e9gion Occitanie<br \/>\nImage : \"Les Boxeurs\" peinture de Fernand Steven de 1951<\/em><\/p>\n<p><iframe width=\"100%\" scrolling=\"yes\" frameborder=\"no\" allow=\"autoplay\" src=\"https:\/\/w.soundcloud.com\/player\/?url=https%3A\/\/api.soundcloud.com\/tracks\/1065615442&color=%23ff5500&auto_play=false&hide_related=false&show_comments=false&show_user=false&show_reposts=false&show_teaser=false\"><\/iframe><\/p>\n<div style=\"font-size: 10px; color: #cccccc;line-break: anywhere;word-break: normal;overflow: hidden;white-space: nowrap;text-overflow: ellipsis; font-family: Interstate,Lucida Grande,Lucida Sans Unicode,Lucida Sans,Garuda,Verdana,Tahoma,sans-serif;font-weight: 100;\"><a href=\"https:\/\/soundcloud.com\/freddymorezon\" title=\"FreddyMorezon\" target=\"_blank\" style=\"color: #cccccc; text-decoration: none;\" rel=\"noopener noreferrer\">FreddyMorezon<\/a> \u00b7 <a href=\"https:\/\/soundcloud.com\/freddymorezon\/delaboxe\" title=\"DELABOXE\" target=\"_blank\" style=\"color: #cccccc; text-decoration: none;\" rel=\"noopener noreferrer\">DELABOXE<\/a><\/div>\n<\/div>\n<\/div><\/div><\/div><\/div><\/div>","protected":false},"excerpt":{"rendered":"<p>S\u00e9bastien Cirotteau : saxhorn alto Florian Nastorg : saxophone alto Avec la contribution de : Frederick Wiseman, Christophe Camoirano, Pascal Deux, Leon Gast, Mohammed Ali, Sylvester Stallone, Eric Sarner, Loic Wacquant, Joyce Carol Oates Contact Alexandra Cirotteau \/\/ alexandra@freddymorezon.org links S\u00e9bastien Cirotteau Florian Nastorg Delaboxe \u00a9 Fernand Steven DELABOXE UNE PI\u00c8CE RADIOPHONIQUE DE FLORIAN NASTORG&hellip;<\/p>\n<p><a class=\"more-link\" href=\"https:\/\/freddymorezon.org\/en\/catalogue\/delaboxe\/\" title=\"Continue reading &lsquo;Delaboxe&rsquo;\">Continue reading <span class=\"meta-nav\">&rarr;<\/span><\/a><\/p>\n","protected":false},"author":1,"featured_media":11747,"parent":134,"menu_order":0,"comment_status":"closed","ping_status":"closed","template":"page-templates\/full-width.php","meta":{"om_disable_all_campaigns":false,"_monsterinsights_skip_tracking":false,"_monsterinsights_sitenote_active":false,"_monsterinsights_sitenote_note":"","_monsterinsights_sitenote_category":0,"_uf_show_specific_survey":0,"_uf_disable_surveys":false,"footnotes":""},"categories":[1080,1300,1073],"tags":[],"class_list":["post-16849","page","type-page","status-publish","has-post-thumbnail","hentry","category-florian-nastorg","category-page-archives","category-sebastien-cirotteau"],"aioseo_notices":[],"yoast_head":"<!-- This site is optimized with the Yoast SEO plugin v27.3 - https:\/\/yoast.com\/product\/yoast-seo-wordpress\/ -->\n<title>Delaboxe | Freddy Morezon<\/title>\n<meta name=\"robots\" content=\"index, follow, max-snippet:-1, max-image-preview:large, max-video-preview:-1\" \/>\n<link rel=\"canonical\" href=\"https:\/\/freddymorezon.org\/catalogue\/delaboxe\/\" \/>\n<meta property=\"og:locale\" content=\"en_US\" \/>\n<meta property=\"og:type\" content=\"article\" \/>\n<meta property=\"og:title\" content=\"Delaboxe | Freddy Morezon\" \/>\n<meta property=\"og:description\" content=\"S\u00e9bastien Cirotteau : saxhorn alto Florian Nastorg : saxophone alto Avec la contribution de : Frederick Wiseman, Christophe Camoirano, Pascal Deux, Leon Gast, Mohammed Ali, Sylvester Stallone, Eric Sarner, Loic Wacquant, Joyce Carol Oates Contact Alexandra Cirotteau \/\/ alexandra@freddymorezon.org links S\u00e9bastien Cirotteau Florian Nastorg Delaboxe \u00a9 Fernand Steven DELABOXE UNE PI\u00c8CE RADIOPHONIQUE DE FLORIAN NASTORG&hellip;Continue reading &rarr;\" \/>\n<meta property=\"og:url\" content=\"https:\/\/freddymorezon.org\/catalogue\/delaboxe\/\" \/>\n<meta property=\"og:site_name\" content=\"Freddy Morezon\" \/>\n<meta property=\"article:publisher\" content=\"https:\/\/www.facebook.com\/freddy.morezon\/\" \/>\n<meta property=\"article:modified_time\" content=\"2024-09-23T13:35:20+00:00\" \/>\n<meta property=\"og:image\" content=\"https:\/\/freddymorezon.org\/wp-content\/uploads\/2021\/06\/FREDDY-MOREZON-RADIO.png\" \/>\n\t<meta property=\"og:image:width\" content=\"1080\" \/>\n\t<meta property=\"og:image:height\" content=\"1080\" \/>\n\t<meta property=\"og:image:type\" content=\"image\/png\" \/>\n<meta name=\"twitter:card\" content=\"summary_large_image\" \/>\n<script type=\"application\/ld+json\" class=\"yoast-schema-graph\">{\"@context\":\"https:\\\/\\\/schema.org\",\"@graph\":[{\"@type\":\"WebPage\",\"@id\":\"https:\\\/\\\/freddymorezon.org\\\/catalogue\\\/delaboxe\\\/\",\"url\":\"https:\\\/\\\/freddymorezon.org\\\/catalogue\\\/delaboxe\\\/\",\"name\":\"Delaboxe | Freddy Morezon\",\"isPartOf\":{\"@id\":\"https:\\\/\\\/freddymorezon.org\\\/#website\"},\"primaryImageOfPage\":{\"@id\":\"https:\\\/\\\/freddymorezon.org\\\/catalogue\\\/delaboxe\\\/#primaryimage\"},\"image\":{\"@id\":\"https:\\\/\\\/freddymorezon.org\\\/catalogue\\\/delaboxe\\\/#primaryimage\"},\"thumbnailUrl\":\"https:\\\/\\\/freddymorezon.org\\\/wp-content\\\/uploads\\\/2021\\\/06\\\/FREDDY-MOREZON-RADIO.png\",\"datePublished\":\"2023-04-12T08:49:36+00:00\",\"dateModified\":\"2024-09-23T13:35:20+00:00\",\"breadcrumb\":{\"@id\":\"https:\\\/\\\/freddymorezon.org\\\/catalogue\\\/delaboxe\\\/#breadcrumb\"},\"inLanguage\":\"en-US\",\"potentialAction\":[{\"@type\":\"ReadAction\",\"target\":[\"https:\\\/\\\/freddymorezon.org\\\/catalogue\\\/delaboxe\\\/\"]}]},{\"@type\":\"ImageObject\",\"inLanguage\":\"en-US\",\"@id\":\"https:\\\/\\\/freddymorezon.org\\\/catalogue\\\/delaboxe\\\/#primaryimage\",\"url\":\"https:\\\/\\\/freddymorezon.org\\\/wp-content\\\/uploads\\\/2021\\\/06\\\/FREDDY-MOREZON-RADIO.png\",\"contentUrl\":\"https:\\\/\\\/freddymorezon.org\\\/wp-content\\\/uploads\\\/2021\\\/06\\\/FREDDY-MOREZON-RADIO.png\",\"width\":1080,\"height\":1080},{\"@type\":\"BreadcrumbList\",\"@id\":\"https:\\\/\\\/freddymorezon.org\\\/catalogue\\\/delaboxe\\\/#breadcrumb\",\"itemListElement\":[{\"@type\":\"ListItem\",\"position\":1,\"name\":\"Accueil\",\"item\":\"https:\\\/\\\/freddymorezon.org\\\/\"},{\"@type\":\"ListItem\",\"position\":2,\"name\":\"Catalogue\",\"item\":\"https:\\\/\\\/freddymorezon.org\\\/catalogue\\\/\"},{\"@type\":\"ListItem\",\"position\":3,\"name\":\"Delaboxe\"}]},{\"@type\":\"WebSite\",\"@id\":\"https:\\\/\\\/freddymorezon.org\\\/#website\",\"url\":\"https:\\\/\\\/freddymorezon.org\\\/\",\"name\":\"Freddy Morezon\",\"description\":\"jazz - musique improvis\u00e9e - esth\u00e9tiques plurielles\",\"publisher\":{\"@id\":\"https:\\\/\\\/freddymorezon.org\\\/#organization\"},\"potentialAction\":[{\"@type\":\"SearchAction\",\"target\":{\"@type\":\"EntryPoint\",\"urlTemplate\":\"https:\\\/\\\/freddymorezon.org\\\/?s={search_term_string}\"},\"query-input\":{\"@type\":\"PropertyValueSpecification\",\"valueRequired\":true,\"valueName\":\"search_term_string\"}}],\"inLanguage\":\"en-US\"},{\"@type\":\"Organization\",\"@id\":\"https:\\\/\\\/freddymorezon.org\\\/#organization\",\"name\":\"Association Freddy Morezon\",\"url\":\"https:\\\/\\\/freddymorezon.org\\\/\",\"logo\":{\"@type\":\"ImageObject\",\"inLanguage\":\"en-US\",\"@id\":\"https:\\\/\\\/freddymorezon.org\\\/#\\\/schema\\\/logo\\\/image\\\/\",\"url\":\"https:\\\/\\\/freddymorezon.org\\\/wp-content\\\/uploads\\\/2016\\\/02\\\/mini-logo-header-site2.jpg\",\"contentUrl\":\"https:\\\/\\\/freddymorezon.org\\\/wp-content\\\/uploads\\\/2016\\\/02\\\/mini-logo-header-site2.jpg\",\"width\":234,\"height\":174,\"caption\":\"Association Freddy Morezon\"},\"image\":{\"@id\":\"https:\\\/\\\/freddymorezon.org\\\/#\\\/schema\\\/logo\\\/image\\\/\"},\"sameAs\":[\"https:\\\/\\\/www.facebook.com\\\/freddy.morezon\\\/\",\"https:\\\/\\\/www.instagram.com\\\/freddymorezon\\\/\",\"https:\\\/\\\/www.youtube.com\\\/user\\\/freddymorezon\",\"https:\\\/\\\/fr.linkedin.com\\\/company\\\/freddy-morezon-p.r.o.d.\"]}]}<\/script>\n<!-- \/ Yoast SEO plugin. -->","yoast_head_json":{"title":"Delaboxe | Freddy Morezon","robots":{"index":"index","follow":"follow","max-snippet":"max-snippet:-1","max-image-preview":"max-image-preview:large","max-video-preview":"max-video-preview:-1"},"canonical":"https:\/\/freddymorezon.org\/catalogue\/delaboxe\/","og_locale":"en_US","og_type":"article","og_title":"Delaboxe | Freddy Morezon","og_description":"S\u00e9bastien Cirotteau : saxhorn alto Florian Nastorg : saxophone alto Avec la contribution de : Frederick Wiseman, Christophe Camoirano, Pascal Deux, Leon Gast, Mohammed Ali, Sylvester Stallone, Eric Sarner, Loic Wacquant, Joyce Carol Oates Contact Alexandra Cirotteau \/\/ alexandra@freddymorezon.org links S\u00e9bastien Cirotteau Florian Nastorg Delaboxe \u00a9 Fernand Steven DELABOXE UNE PI\u00c8CE RADIOPHONIQUE DE FLORIAN NASTORG&hellip;Continue reading &rarr;","og_url":"https:\/\/freddymorezon.org\/catalogue\/delaboxe\/","og_site_name":"Freddy Morezon","article_publisher":"https:\/\/www.facebook.com\/freddy.morezon\/","article_modified_time":"2024-09-23T13:35:20+00:00","og_image":[{"width":1080,"height":1080,"url":"https:\/\/freddymorezon.org\/wp-content\/uploads\/2021\/06\/FREDDY-MOREZON-RADIO.png","type":"image\/png"}],"twitter_card":"summary_large_image","schema":{"@context":"https:\/\/schema.org","@graph":[{"@type":"WebPage","@id":"https:\/\/freddymorezon.org\/catalogue\/delaboxe\/","url":"https:\/\/freddymorezon.org\/catalogue\/delaboxe\/","name":"Delaboxe | Freddy Morezon","isPartOf":{"@id":"https:\/\/freddymorezon.org\/#website"},"primaryImageOfPage":{"@id":"https:\/\/freddymorezon.org\/catalogue\/delaboxe\/#primaryimage"},"image":{"@id":"https:\/\/freddymorezon.org\/catalogue\/delaboxe\/#primaryimage"},"thumbnailUrl":"https:\/\/freddymorezon.org\/wp-content\/uploads\/2021\/06\/FREDDY-MOREZON-RADIO.png","datePublished":"2023-04-12T08:49:36+00:00","dateModified":"2024-09-23T13:35:20+00:00","breadcrumb":{"@id":"https:\/\/freddymorezon.org\/catalogue\/delaboxe\/#breadcrumb"},"inLanguage":"en-US","potentialAction":[{"@type":"ReadAction","target":["https:\/\/freddymorezon.org\/catalogue\/delaboxe\/"]}]},{"@type":"ImageObject","inLanguage":"en-US","@id":"https:\/\/freddymorezon.org\/catalogue\/delaboxe\/#primaryimage","url":"https:\/\/freddymorezon.org\/wp-content\/uploads\/2021\/06\/FREDDY-MOREZON-RADIO.png","contentUrl":"https:\/\/freddymorezon.org\/wp-content\/uploads\/2021\/06\/FREDDY-MOREZON-RADIO.png","width":1080,"height":1080},{"@type":"BreadcrumbList","@id":"https:\/\/freddymorezon.org\/catalogue\/delaboxe\/#breadcrumb","itemListElement":[{"@type":"ListItem","position":1,"name":"Accueil","item":"https:\/\/freddymorezon.org\/"},{"@type":"ListItem","position":2,"name":"Catalogue","item":"https:\/\/freddymorezon.org\/catalogue\/"},{"@type":"ListItem","position":3,"name":"Delaboxe"}]},{"@type":"WebSite","@id":"https:\/\/freddymorezon.org\/#website","url":"https:\/\/freddymorezon.org\/","name":"Freddy Morezon","description":"jazz - musique improvis\u00e9e - esth\u00e9tiques plurielles","publisher":{"@id":"https:\/\/freddymorezon.org\/#organization"},"potentialAction":[{"@type":"SearchAction","target":{"@type":"EntryPoint","urlTemplate":"https:\/\/freddymorezon.org\/?s={search_term_string}"},"query-input":{"@type":"PropertyValueSpecification","valueRequired":true,"valueName":"search_term_string"}}],"inLanguage":"en-US"},{"@type":"Organization","@id":"https:\/\/freddymorezon.org\/#organization","name":"Association Freddy Morezon","url":"https:\/\/freddymorezon.org\/","logo":{"@type":"ImageObject","inLanguage":"en-US","@id":"https:\/\/freddymorezon.org\/#\/schema\/logo\/image\/","url":"https:\/\/freddymorezon.org\/wp-content\/uploads\/2016\/02\/mini-logo-header-site2.jpg","contentUrl":"https:\/\/freddymorezon.org\/wp-content\/uploads\/2016\/02\/mini-logo-header-site2.jpg","width":234,"height":174,"caption":"Association Freddy Morezon"},"image":{"@id":"https:\/\/freddymorezon.org\/#\/schema\/logo\/image\/"},"sameAs":["https:\/\/www.facebook.com\/freddy.morezon\/","https:\/\/www.instagram.com\/freddymorezon\/","https:\/\/www.youtube.com\/user\/freddymorezon","https:\/\/fr.linkedin.com\/company\/freddy-morezon-p.r.o.d."]}]}},"_links":{"self":[{"href":"https:\/\/freddymorezon.org\/en\/wp-json\/wp\/v2\/pages\/16849","targetHints":{"allow":["GET"]}}],"collection":[{"href":"https:\/\/freddymorezon.org\/en\/wp-json\/wp\/v2\/pages"}],"about":[{"href":"https:\/\/freddymorezon.org\/en\/wp-json\/wp\/v2\/types\/page"}],"author":[{"embeddable":true,"href":"https:\/\/freddymorezon.org\/en\/wp-json\/wp\/v2\/users\/1"}],"replies":[{"embeddable":true,"href":"https:\/\/freddymorezon.org\/en\/wp-json\/wp\/v2\/comments?post=16849"}],"version-history":[{"count":28,"href":"https:\/\/freddymorezon.org\/en\/wp-json\/wp\/v2\/pages\/16849\/revisions"}],"predecessor-version":[{"id":18334,"href":"https:\/\/freddymorezon.org\/en\/wp-json\/wp\/v2\/pages\/16849\/revisions\/18334"}],"up":[{"embeddable":true,"href":"https:\/\/freddymorezon.org\/en\/wp-json\/wp\/v2\/pages\/134"}],"wp:featuredmedia":[{"embeddable":true,"href":"https:\/\/freddymorezon.org\/en\/wp-json\/wp\/v2\/media\/11747"}],"wp:attachment":[{"href":"https:\/\/freddymorezon.org\/en\/wp-json\/wp\/v2\/media?parent=16849"}],"wp:term":[{"taxonomy":"category","embeddable":true,"href":"https:\/\/freddymorezon.org\/en\/wp-json\/wp\/v2\/categories?post=16849"},{"taxonomy":"post_tag","embeddable":true,"href":"https:\/\/freddymorezon.org\/en\/wp-json\/wp\/v2\/tags?post=16849"}],"curies":[{"name":"wp","href":"https:\/\/api.w.org\/{rel}","templated":true}]}}