
{"id":169,"date":"2016-02-10T17:10:23","date_gmt":"2016-02-10T16:10:23","guid":{"rendered":"https:\/\/freddymorezon.org\/?page_id=169"},"modified":"2023-04-18T14:01:52","modified_gmt":"2023-04-18T13:01:52","slug":"en-milieu-penitentiaire","status":"publish","type":"page","link":"https:\/\/freddymorezon.org\/en\/action-culturelle\/en-milieu-penitentiaire\/","title":{"rendered":"Musique en prison <p>milieu carc\u00e9ral<\/p>"},"content":{"rendered":"<div id=\"pl-169\"  class=\"panel-layout\" ><div id=\"pg-169-0\"  class=\"panel-grid panel-no-style\" ><div id=\"pgc-169-0-0\"  class=\"panel-grid-cell\" ><div id=\"panel-169-0-0-0\" class=\"so-panel widget widget_eo_event_list_widget EO_Event_List_Widget panel-first-child panel-last-child\" data-index=\"0\" >\n\n<\/div><\/div><div id=\"pgc-169-0-1\"  class=\"panel-grid-cell\" ><div id=\"panel-169-0-1-0\" class=\"so-panel widget widget_sow-editor panel-first-child\" data-index=\"1\" ><div\n\t\t\t\n\t\t\tclass=\"so-widget-sow-editor so-widget-sow-editor-base\"\n\t\t\t\n\t\t>\n<div class=\"siteorigin-widget-tinymce textwidget\">\n\t<h2>Musique en prison <span class=\"h3\">(2014 et 2015-2016)<\/span><\/h2>\n<\/div>\n<\/div><\/div><div id=\"panel-169-0-1-1\" class=\"so-panel widget widget_sow-editor\" data-index=\"2\" ><div\n\t\t\t\n\t\t\tclass=\"so-widget-sow-editor so-widget-sow-editor-base\"\n\t\t\t\n\t\t>\n<div class=\"siteorigin-widget-tinymce textwidget\">\n\t<p style=\"text-align: left;\">Durant deux ann\u00e9es cons\u00e9cutives des artistes du collectif ont collabor\u00e9 avec des personnes d\u00e9tenues du centre de d\u00e9tention de Muret pour \u00e9laborer une performance sonore publique. Ils travaillent sur une th\u00e9matique pr\u00e9cise pour mettre en forme\u00a0des textes qui seront par la suite d\u00e9clam\u00e9s et mis en musique.<\/p>\n<p style=\"text-align: left;\">\u00c0 deux reprises ce projet fut un succ\u00e8s, att\u00e9nuant le mal-\u00eatre et les effets d\u00e9socialisants g\u00e9n\u00e9r\u00e9s par l'enfermement et contribuant\u00a0ainsi \u00e0 lutte contre la r\u00e9cidive. Aller se confronter \u00e0 l\u2019ailleurs, par le biais de l\u2019\u00e9criture, de la musique peut \u00eatre un acte fondateur, c\u2019est un manifeste, un message. Ce projet est\u00a0une force pour faire porter des messages hors de la prison. Cette force est d\u2019autant plus importante lorsque la participation active est un parti pris artistique, moteur du projet.<\/p>\n<\/div>\n<\/div><\/div><div id=\"panel-169-0-1-2\" class=\"so-panel widget widget_sow-image\" data-index=\"3\" ><div\n\t\t\t\n\t\t\tclass=\"so-widget-sow-image so-widget-sow-image-default-dbf295114b96-169\"\n\t\t\t\n\t\t>\n<div class=\"sow-image-container\">\n\t\t<img \n\tsrc=\"https:\/\/freddymorezon.org\/wp-content\/uploads\/2016\/04\/dessin_resonances-1240x560.jpg\" width=\"1240\" height=\"560\" sizes=\"(max-width: 1240px) 100vw, 1240px\" title=\"dessin Resonances\" alt=\"\" \t\tclass=\"so-widget-image\"\/>\n\t<\/div>\n\n<\/div><\/div><div id=\"panel-169-0-1-3\" class=\"so-panel widget widget_sow-headline\" data-index=\"4\" ><div\n\t\t\t\n\t\t\tclass=\"so-widget-sow-headline so-widget-sow-headline-default-7f3fc6d4cfe0-169\"\n\t\t\t\n\t\t><div class=\"sow-headline-container \">\n\t\t\t\t\t\t<div class=\"decoration\">\n\t\t\t\t\t\t<div class=\"decoration-inside\"><\/div>\n\t\t\t\t\t<\/div>\n\t\t\t\t\t<\/div>\n<\/div><\/div><div id=\"panel-169-0-1-4\" class=\"so-panel widget widget_sow-editor\" data-index=\"5\" ><div\n\t\t\t\n\t\t\tclass=\"so-widget-sow-editor so-widget-sow-editor-base\"\n\t\t\t\n\t\t>\n<div class=\"siteorigin-widget-tinymce textwidget\">\n\t<h2 style=\"text-align: left;\">R\u00e9sonances <span class=\"h3\">(2015-2016)<\/span><\/h2>\n<p style=\"text-align: left;\"><em>Ce projet a eu lieu de septembre 2015 \u00e0 mai 2016, autour de\u00a0l'\u00e9criture, du slam, de la musique et de l'illustration avec 26 personnes d\u00e9tenues du centre de d\u00e9tention de Muret et des membres des\u00a0familles. Il a donn\u00e9 lieu a deux repr\u00e9sentations publiques, l'une au sein du Centre de D\u00e9tention et l'autre hors-les-murs, \u00e0 l'Espace Bonnefoy \u00e0 Toulouse, ainsi qu'a une exposition et \u00e0 la r\u00e9alisation d'un recueil s\u00e9rigraphi\u00e9 r\u00e9unissant les textes, les illustrations et la musique.<\/em><\/p>\n<p style=\"text-align: left;\">Le projet \"R\u00e9sonances\" est une suite logique de ce qui a \u00e9t\u00e9 produit durant les ateliers de \"Correspondances\" en 2014. Lors des ateliers pass\u00e9s, les textes s\u2019\u00e9loignaient du th\u00e8me donn\u00e9 des \"correspondances\" pour aller vers le voyage et la rencontre. Nous nous sommes donc appuy\u00e9s sur cette observation pour \u00e9laborer le th\u00e8me de cette \u00e9dition. \"Voyage et rencontre\", ou une incitation \u00e0 faire un retour sur soi et sur les autres, pour raconter le monde et ses bouleversements, son propre monde. Marche aventureuse, longue travers\u00e9e, terre inconnue, horizons insolites, histoire de rencontre... Comment tracer des routes, des chemins de voyages avec des mots, de la musique, et des images?<\/p>\n<p style=\"text-align: left;\">La musique, l\u2019\u00e9criture et l\u2019illustration sont des moyens formidables pour voyager diff\u00e9remment. Les trois ateliers sont \u00e9troitement li\u00e9s et viennent r\u00e9sonner au sein d\u2019un m\u00eame projet et d\u2019une m\u00eame prison. Chaque \u00e9tape du projet consiste \u00e0 venir mettre en valeur des textes \u00e9crits par les personnes d\u00e9tenues en vue de la r\u00e9alisation d\u2019une pi\u00e8ce sonore collective puis d\u2019un recueil illustr\u00e9.<\/p>\n<p style=\"text-align: left;\">Un point d\u2019honneur a \u00e9t\u00e9 mis sur l\u2019articulation entre le texte et la musique puis entre le texte et l\u2019image. Les textes sont travaill\u00e9s de mani\u00e8re aboutie car ils sont utilis\u00e9s comme base fixe pour l\u2019improvisation musicale et pour le travail plastique. Les personnes d\u00e9tenues se sont impliqu\u00e9es dans un processus de cr\u00e9ation \"libre\". Ils ont du \u00e9crire leur musique dans l\u2019instant tout en respectant certains codes et r\u00e8gles de base \u00e0 l\u2019improvisation. Pour finir, l\u2019atelier d\u2019arts plastiques a permis aux participants de travailler sur la relation entre le texte et l\u2019image.<\/p>\n<p style=\"text-align: left;\">Une partie des ateliers\u00a0d'illustration ont \u00e9t\u00e9 men\u00e9s avec des proches de personnes d\u00e9tenues, en collaboration avec la maison des famille et l'association Roqueclaire. Ces ateliers ont \u00e9t\u00e9 r\u00e9alis\u00e9s en fonction de la th\u00e9matique et autour de la technique de la s\u00e9rigraphie artisanale.<\/p>\n<p style=\"text-align: left;\"><b>Artistes intervenants :<\/b> Julie Castel Jordy, Pascal Portejoie, Ignacio Herero Lopez, Boris Havet. Et Laura Freeth et Sol\u00e8ne Caillebote du collectif IPN.<\/p>\n<p style=\"text-align: left;\"><em>Ce projet a \u00e9t\u00e9 men\u00e9 gr\u00e2ce au soutien du fonds de dotation <\/em>I<em>n<\/em>PACT<em> - Initiative pour le partage culturel. Avec le soutien de la DRAC Midi-Pyr\u00e9n\u00e9es et de la DISP de Toulouse dans le cadre du programme Culture-Justice.<\/em><\/p>\n<\/div>\n<\/div><\/div><div id=\"panel-169-0-1-5\" class=\"so-panel widget widget_sow-headline\" data-index=\"6\" ><div\n\t\t\t\n\t\t\tclass=\"so-widget-sow-headline so-widget-sow-headline-default-7f3fc6d4cfe0-169\"\n\t\t\t\n\t\t><div class=\"sow-headline-container \">\n\t\t\t\t\t\t<div class=\"decoration\">\n\t\t\t\t\t\t<div class=\"decoration-inside\"><\/div>\n\t\t\t\t\t<\/div>\n\t\t\t\t\t<\/div>\n<\/div><\/div><div id=\"panel-169-0-1-6\" class=\"so-panel widget widget_sow-editor panel-last-child\" data-index=\"7\" ><div\n\t\t\t\n\t\t\tclass=\"so-widget-sow-editor so-widget-sow-editor-base\"\n\t\t\t\n\t\t>\n<div class=\"siteorigin-widget-tinymce textwidget\">\n\t<h2 style=\"text-align: left;\">Correspondances<span class=\"h3\">(2014)<\/span><\/h2>\n<p style=\"text-align: left;\"><em>Ce projet a eu lieu \u00e0 l'automne 2014, avec 15 personnes d\u00e9tenues du Centre de D\u00e9tention de Muret et les musiciens Julie Castel Jordy, Piero Pepin et Pascal Portejoie. Il a donn\u00e9 lieu \u00e0 deux repr\u00e9sentations, l'une dans l'enceinte du Centre de D\u00e9tention, et l'autre hors-les-murs, \u00e0 L'Espace Bonnefoy, \u00e0 Toulouse, ainsi qu'\u00e0 la r\u00e9alisation d'un CD.<\/em><\/p>\n<p style=\"text-align: left;\">Correspondances a pour objectif de faire renouer les d\u00e9tenus avec la correspondance, par la pratique du slam et de la musique. Chaque \u00e9tape du projet (\u00e9criture, prise de parole, slam, mise en musique, enregistrement, concert...) permet au d\u00e9tenu de s\u2019exprimer et de se r\u00e9aliser gr\u00e2ce \u00e0 la cr\u00e9ation artistique. Chacune tend \u00e0 favoriser l'ouverture d'esprit, le dialogue et la libert\u00e9 d'expression de chaque individu et permet d\u2019am\u00e9liorer la situation des d\u00e9tenus.<\/p>\n<p style=\"text-align: left;\">La correspondance est le moyen universellement admis pour les d\u00e9tenus de maintenir le contact avec l\u2019ext\u00e9rieur. Elle devient indispensable pour ceux qui veulent garder les liens avec les autres. Comment \u00e0 travers la pratique du slam et de la musique, les d\u00e9tenus, parfois mur\u00e9s dans le silence, peuvent-ils d\u00e9couvrir ou renouer avec ce go\u00fbt de la correspondance ? Cette th\u00e9matique se pr\u00eate \u00e0 la relativisation de l\u2019enfermement et se veut ouverte \u00e0 l\u2019amorce d\u2019un dialogue. Quand au slam, il s'agit d'un mouvement artistique porteur de valeurs telles que l\u2019ouverture d\u2019esprit, le partage, la libert\u00e9 d\u2019expression et le d\u00e9passement des barri\u00e8res sociales. Ce projet permet aux participants de s\u2019exprimer, de se r\u00e9aliser salutairement et de reprendre confiance gr\u00e2ce \u00e0 la cr\u00e9ation artistique. Le concert en public a pour objectif de diffuser une image positive des d\u00e9tenus.<\/p>\n<p style=\"text-align: left;\">Deux repr\u00e9sentations on eut lieu \u00e0 l'issue du projet, l'une dans l'enceinte du Centre de D\u00e9tention, et l'autre hors-les-murs, \u00e0 L'Espace Bonnefoy, \u00e0 Toulouse. Un CD a \u00e9galement \u00e9t\u00e9 r\u00e9alis\u00e9 afin que chaque participant puisse garder une trace du processus de cr\u00e9ation.<\/p>\n<p style=\"text-align: left;\"><b>Artistes intervenants :<\/b> Julie Castel Jordy, Pascal Portejoie et Piero Pepin.<\/p>\n<p style=\"text-align: left;\"><em>Avec le soutien de la DRAC Midi-Pyr\u00e9n\u00e9es et de la DISP de Toulouse dans le cadre du programme Culture-Justice.<\/em><\/p>\n<\/div>\n<\/div><\/div><\/div><\/div><div id=\"pg-169-1\"  class=\"panel-grid panel-no-style\" ><div id=\"pgc-169-1-0\"  class=\"panel-grid-cell panel-grid-cell-empty\" ><\/div><\/div><div id=\"pg-169-2\"  class=\"panel-grid panel-no-style\" ><div id=\"pgc-169-2-0\"  class=\"panel-grid-cell panel-grid-cell-empty\" ><\/div><\/div><\/div>","protected":false},"excerpt":{"rendered":"<p>Musique en prison (2014 et 2015-2016) Durant deux ann\u00e9es cons\u00e9cutives des artistes du collectif ont collabor\u00e9 avec des personnes d\u00e9tenues du centre de d\u00e9tention de Muret pour \u00e9laborer une performance sonore publique. Ils travaillent sur une th\u00e9matique pr\u00e9cise pour mettre en forme\u00a0des textes qui seront par la suite d\u00e9clam\u00e9s et mis en musique. \u00c0 deux&hellip;<\/p>\n<p><a class=\"more-link\" href=\"https:\/\/freddymorezon.org\/en\/action-culturelle\/en-milieu-penitentiaire\/\" title=\"Continue reading &lsquo;Musique en prison \n\n<p>milieu carc\u00e9ral<\/p>\n<p>&rsquo;&#8221;>Continue reading <span class=\"meta-nav\">&rarr;<\/span><\/a><\/p>\n","protected":false},"author":1,"featured_media":1733,"parent":136,"menu_order":19,"comment_status":"closed","ping_status":"closed","template":"page-templates\/full-width.php","meta":{"om_disable_all_campaigns":false,"_monsterinsights_skip_tracking":false,"_monsterinsights_sitenote_active":false,"_monsterinsights_sitenote_note":"","_monsterinsights_sitenote_category":0,"_uf_show_specific_survey":0,"_uf_disable_surveys":false,"footnotes":""},"categories":[73],"tags":[],"class_list":["post-169","page","type-page","status-publish","has-post-thumbnail","hentry","category-musique-en-milieu-penitentiaire"],"aioseo_notices":[],"yoast_head":"<!-- This site is optimized with the Yoast SEO plugin v27.4 - https:\/\/yoast.com\/product\/yoast-seo-wordpress\/ -->\n<title>Musique en prison milieu carc\u00e9ral | Action culturelle | Freddy Morezon<\/title>\n<meta name=\"description\" content=\"Projets de cr\u00e9ation artistique pluridisciplinaires en milieu p\u00e9nitentiaire, m\u00ealant musique, \u00e9criture, slam, arts visuels... Avec Julie Castel Jordy, Pascal Portejoie, Piero Pepin, Ignacio Herero Lopez, Boris Havet, Laura Freeth et Sol\u00e8ne Caillebote\" \/>\n<meta name=\"robots\" content=\"index, follow, max-snippet:-1, max-image-preview:large, max-video-preview:-1\" \/>\n<link rel=\"canonical\" href=\"https:\/\/freddymorezon.org\/action-culturelle\/en-milieu-penitentiaire\/\" \/>\n<meta property=\"og:locale\" content=\"en_US\" \/>\n<meta property=\"og:type\" content=\"article\" \/>\n<meta property=\"og:title\" content=\"Musique en prison milieu carc\u00e9ral | Action culturelle | Freddy Morezon\" \/>\n<meta property=\"og:description\" content=\"Projets de cr\u00e9ation artistique pluridisciplinaires en milieu p\u00e9nitentiaire, m\u00ealant musique, \u00e9criture, slam, arts visuels... Avec Julie Castel Jordy, Pascal Portejoie, Piero Pepin, Ignacio Herero Lopez, Boris Havet, Laura Freeth et Sol\u00e8ne Caillebote\" \/>\n<meta property=\"og:url\" content=\"https:\/\/freddymorezon.org\/action-culturelle\/en-milieu-penitentiaire\/\" \/>\n<meta property=\"og:site_name\" content=\"Freddy Morezon\" \/>\n<meta property=\"article:publisher\" content=\"https:\/\/www.facebook.com\/freddy.morezon\/\" \/>\n<meta property=\"article:modified_time\" content=\"2023-04-18T13:01:52+00:00\" \/>\n<meta property=\"og:image\" content=\"https:\/\/freddymorezon.org\/wp-content\/uploads\/2016\/04\/dessin_resonances-1240x800.jpg\" \/>\n\t<meta property=\"og:image:width\" content=\"1240\" \/>\n\t<meta property=\"og:image:height\" content=\"800\" \/>\n\t<meta property=\"og:image:type\" content=\"image\/jpeg\" \/>\n<meta name=\"twitter:card\" content=\"summary_large_image\" \/>\n<script type=\"application\/ld+json\" class=\"yoast-schema-graph\">{\"@context\":\"https:\\\/\\\/schema.org\",\"@graph\":[{\"@type\":\"WebPage\",\"@id\":\"https:\\\/\\\/freddymorezon.org\\\/action-culturelle\\\/en-milieu-penitentiaire\\\/\",\"url\":\"https:\\\/\\\/freddymorezon.org\\\/action-culturelle\\\/en-milieu-penitentiaire\\\/\",\"name\":\"Musique en prison milieu carc\u00e9ral | Action culturelle | Freddy Morezon\",\"isPartOf\":{\"@id\":\"https:\\\/\\\/freddymorezon.org\\\/#website\"},\"primaryImageOfPage\":{\"@id\":\"https:\\\/\\\/freddymorezon.org\\\/action-culturelle\\\/en-milieu-penitentiaire\\\/#primaryimage\"},\"image\":{\"@id\":\"https:\\\/\\\/freddymorezon.org\\\/action-culturelle\\\/en-milieu-penitentiaire\\\/#primaryimage\"},\"thumbnailUrl\":\"https:\\\/\\\/freddymorezon.org\\\/wp-content\\\/uploads\\\/2016\\\/04\\\/dessin_resonances.jpg\",\"datePublished\":\"2016-02-10T16:10:23+00:00\",\"dateModified\":\"2023-04-18T13:01:52+00:00\",\"description\":\"Projets de cr\u00e9ation artistique pluridisciplinaires en milieu p\u00e9nitentiaire, m\u00ealant musique, \u00e9criture, slam, arts visuels... Avec Julie Castel Jordy, Pascal Portejoie, Piero Pepin, Ignacio Herero Lopez, Boris Havet, Laura Freeth et Sol\u00e8ne Caillebote\",\"breadcrumb\":{\"@id\":\"https:\\\/\\\/freddymorezon.org\\\/action-culturelle\\\/en-milieu-penitentiaire\\\/#breadcrumb\"},\"inLanguage\":\"en-US\",\"potentialAction\":[{\"@type\":\"ReadAction\",\"target\":[\"https:\\\/\\\/freddymorezon.org\\\/action-culturelle\\\/en-milieu-penitentiaire\\\/\"]}]},{\"@type\":\"ImageObject\",\"inLanguage\":\"en-US\",\"@id\":\"https:\\\/\\\/freddymorezon.org\\\/action-culturelle\\\/en-milieu-penitentiaire\\\/#primaryimage\",\"url\":\"https:\\\/\\\/freddymorezon.org\\\/wp-content\\\/uploads\\\/2016\\\/04\\\/dessin_resonances.jpg\",\"contentUrl\":\"https:\\\/\\\/freddymorezon.org\\\/wp-content\\\/uploads\\\/2016\\\/04\\\/dessin_resonances.jpg\",\"width\":4016,\"height\":2603},{\"@type\":\"BreadcrumbList\",\"@id\":\"https:\\\/\\\/freddymorezon.org\\\/action-culturelle\\\/en-milieu-penitentiaire\\\/#breadcrumb\",\"itemListElement\":[{\"@type\":\"ListItem\",\"position\":1,\"name\":\"Accueil\",\"item\":\"https:\\\/\\\/freddymorezon.org\\\/\"},{\"@type\":\"ListItem\",\"position\":2,\"name\":\"Action culturelle\",\"item\":\"https:\\\/\\\/freddymorezon.org\\\/action-culturelle\\\/\"},{\"@type\":\"ListItem\",\"position\":3,\"name\":\"Musique en prison milieu carc\u00e9ral\"}]},{\"@type\":\"WebSite\",\"@id\":\"https:\\\/\\\/freddymorezon.org\\\/#website\",\"url\":\"https:\\\/\\\/freddymorezon.org\\\/\",\"name\":\"Freddy Morezon\",\"description\":\"jazz - musique improvis\u00e9e - esth\u00e9tiques plurielles\",\"publisher\":{\"@id\":\"https:\\\/\\\/freddymorezon.org\\\/#organization\"},\"potentialAction\":[{\"@type\":\"SearchAction\",\"target\":{\"@type\":\"EntryPoint\",\"urlTemplate\":\"https:\\\/\\\/freddymorezon.org\\\/?s={search_term_string}\"},\"query-input\":{\"@type\":\"PropertyValueSpecification\",\"valueRequired\":true,\"valueName\":\"search_term_string\"}}],\"inLanguage\":\"en-US\"},{\"@type\":\"Organization\",\"@id\":\"https:\\\/\\\/freddymorezon.org\\\/#organization\",\"name\":\"Association Freddy Morezon\",\"url\":\"https:\\\/\\\/freddymorezon.org\\\/\",\"logo\":{\"@type\":\"ImageObject\",\"inLanguage\":\"en-US\",\"@id\":\"https:\\\/\\\/freddymorezon.org\\\/#\\\/schema\\\/logo\\\/image\\\/\",\"url\":\"https:\\\/\\\/freddymorezon.org\\\/wp-content\\\/uploads\\\/2016\\\/02\\\/mini-logo-header-site2.jpg\",\"contentUrl\":\"https:\\\/\\\/freddymorezon.org\\\/wp-content\\\/uploads\\\/2016\\\/02\\\/mini-logo-header-site2.jpg\",\"width\":234,\"height\":174,\"caption\":\"Association Freddy Morezon\"},\"image\":{\"@id\":\"https:\\\/\\\/freddymorezon.org\\\/#\\\/schema\\\/logo\\\/image\\\/\"},\"sameAs\":[\"https:\\\/\\\/www.facebook.com\\\/freddy.morezon\\\/\",\"https:\\\/\\\/www.instagram.com\\\/freddymorezon\\\/\",\"https:\\\/\\\/www.youtube.com\\\/user\\\/freddymorezon\",\"https:\\\/\\\/fr.linkedin.com\\\/company\\\/freddy-morezon-p.r.o.d.\"]}]}<\/script>\n<!-- \/ Yoast SEO plugin. -->","yoast_head_json":{"title":"Musique en prison milieu carc\u00e9ral | Action culturelle | Freddy Morezon","description":"Projets de cr\u00e9ation artistique pluridisciplinaires en milieu p\u00e9nitentiaire, m\u00ealant musique, \u00e9criture, slam, arts visuels... Avec Julie Castel Jordy, Pascal Portejoie, Piero Pepin, Ignacio Herero Lopez, Boris Havet, Laura Freeth et Sol\u00e8ne Caillebote","robots":{"index":"index","follow":"follow","max-snippet":"max-snippet:-1","max-image-preview":"max-image-preview:large","max-video-preview":"max-video-preview:-1"},"canonical":"https:\/\/freddymorezon.org\/action-culturelle\/en-milieu-penitentiaire\/","og_locale":"en_US","og_type":"article","og_title":"Musique en prison milieu carc\u00e9ral | Action culturelle | Freddy Morezon","og_description":"Projets de cr\u00e9ation artistique pluridisciplinaires en milieu p\u00e9nitentiaire, m\u00ealant musique, \u00e9criture, slam, arts visuels... Avec Julie Castel Jordy, Pascal Portejoie, Piero Pepin, Ignacio Herero Lopez, Boris Havet, Laura Freeth et Sol\u00e8ne Caillebote","og_url":"https:\/\/freddymorezon.org\/action-culturelle\/en-milieu-penitentiaire\/","og_site_name":"Freddy Morezon","article_publisher":"https:\/\/www.facebook.com\/freddy.morezon\/","article_modified_time":"2023-04-18T13:01:52+00:00","og_image":[{"width":1240,"height":800,"url":"https:\/\/freddymorezon.org\/wp-content\/uploads\/2016\/04\/dessin_resonances-1240x800.jpg","type":"image\/jpeg"}],"twitter_card":"summary_large_image","schema":{"@context":"https:\/\/schema.org","@graph":[{"@type":"WebPage","@id":"https:\/\/freddymorezon.org\/action-culturelle\/en-milieu-penitentiaire\/","url":"https:\/\/freddymorezon.org\/action-culturelle\/en-milieu-penitentiaire\/","name":"Musique en prison milieu carc\u00e9ral | Action culturelle | Freddy Morezon","isPartOf":{"@id":"https:\/\/freddymorezon.org\/#website"},"primaryImageOfPage":{"@id":"https:\/\/freddymorezon.org\/action-culturelle\/en-milieu-penitentiaire\/#primaryimage"},"image":{"@id":"https:\/\/freddymorezon.org\/action-culturelle\/en-milieu-penitentiaire\/#primaryimage"},"thumbnailUrl":"https:\/\/freddymorezon.org\/wp-content\/uploads\/2016\/04\/dessin_resonances.jpg","datePublished":"2016-02-10T16:10:23+00:00","dateModified":"2023-04-18T13:01:52+00:00","description":"Projets de cr\u00e9ation artistique pluridisciplinaires en milieu p\u00e9nitentiaire, m\u00ealant musique, \u00e9criture, slam, arts visuels... Avec Julie Castel Jordy, Pascal Portejoie, Piero Pepin, Ignacio Herero Lopez, Boris Havet, Laura Freeth et Sol\u00e8ne Caillebote","breadcrumb":{"@id":"https:\/\/freddymorezon.org\/action-culturelle\/en-milieu-penitentiaire\/#breadcrumb"},"inLanguage":"en-US","potentialAction":[{"@type":"ReadAction","target":["https:\/\/freddymorezon.org\/action-culturelle\/en-milieu-penitentiaire\/"]}]},{"@type":"ImageObject","inLanguage":"en-US","@id":"https:\/\/freddymorezon.org\/action-culturelle\/en-milieu-penitentiaire\/#primaryimage","url":"https:\/\/freddymorezon.org\/wp-content\/uploads\/2016\/04\/dessin_resonances.jpg","contentUrl":"https:\/\/freddymorezon.org\/wp-content\/uploads\/2016\/04\/dessin_resonances.jpg","width":4016,"height":2603},{"@type":"BreadcrumbList","@id":"https:\/\/freddymorezon.org\/action-culturelle\/en-milieu-penitentiaire\/#breadcrumb","itemListElement":[{"@type":"ListItem","position":1,"name":"Accueil","item":"https:\/\/freddymorezon.org\/"},{"@type":"ListItem","position":2,"name":"Action culturelle","item":"https:\/\/freddymorezon.org\/action-culturelle\/"},{"@type":"ListItem","position":3,"name":"Musique en prison milieu carc\u00e9ral"}]},{"@type":"WebSite","@id":"https:\/\/freddymorezon.org\/#website","url":"https:\/\/freddymorezon.org\/","name":"Freddy Morezon","description":"jazz - musique improvis\u00e9e - esth\u00e9tiques plurielles","publisher":{"@id":"https:\/\/freddymorezon.org\/#organization"},"potentialAction":[{"@type":"SearchAction","target":{"@type":"EntryPoint","urlTemplate":"https:\/\/freddymorezon.org\/?s={search_term_string}"},"query-input":{"@type":"PropertyValueSpecification","valueRequired":true,"valueName":"search_term_string"}}],"inLanguage":"en-US"},{"@type":"Organization","@id":"https:\/\/freddymorezon.org\/#organization","name":"Association Freddy Morezon","url":"https:\/\/freddymorezon.org\/","logo":{"@type":"ImageObject","inLanguage":"en-US","@id":"https:\/\/freddymorezon.org\/#\/schema\/logo\/image\/","url":"https:\/\/freddymorezon.org\/wp-content\/uploads\/2016\/02\/mini-logo-header-site2.jpg","contentUrl":"https:\/\/freddymorezon.org\/wp-content\/uploads\/2016\/02\/mini-logo-header-site2.jpg","width":234,"height":174,"caption":"Association Freddy Morezon"},"image":{"@id":"https:\/\/freddymorezon.org\/#\/schema\/logo\/image\/"},"sameAs":["https:\/\/www.facebook.com\/freddy.morezon\/","https:\/\/www.instagram.com\/freddymorezon\/","https:\/\/www.youtube.com\/user\/freddymorezon","https:\/\/fr.linkedin.com\/company\/freddy-morezon-p.r.o.d."]}]}},"_links":{"self":[{"href":"https:\/\/freddymorezon.org\/en\/wp-json\/wp\/v2\/pages\/169","targetHints":{"allow":["GET"]}}],"collection":[{"href":"https:\/\/freddymorezon.org\/en\/wp-json\/wp\/v2\/pages"}],"about":[{"href":"https:\/\/freddymorezon.org\/en\/wp-json\/wp\/v2\/types\/page"}],"author":[{"embeddable":true,"href":"https:\/\/freddymorezon.org\/en\/wp-json\/wp\/v2\/users\/1"}],"replies":[{"embeddable":true,"href":"https:\/\/freddymorezon.org\/en\/wp-json\/wp\/v2\/comments?post=169"}],"version-history":[{"count":68,"href":"https:\/\/freddymorezon.org\/en\/wp-json\/wp\/v2\/pages\/169\/revisions"}],"predecessor-version":[{"id":17461,"href":"https:\/\/freddymorezon.org\/en\/wp-json\/wp\/v2\/pages\/169\/revisions\/17461"}],"up":[{"embeddable":true,"href":"https:\/\/freddymorezon.org\/en\/wp-json\/wp\/v2\/pages\/136"}],"wp:featuredmedia":[{"embeddable":true,"href":"https:\/\/freddymorezon.org\/en\/wp-json\/wp\/v2\/media\/1733"}],"wp:attachment":[{"href":"https:\/\/freddymorezon.org\/en\/wp-json\/wp\/v2\/media?parent=169"}],"wp:term":[{"taxonomy":"category","embeddable":true,"href":"https:\/\/freddymorezon.org\/en\/wp-json\/wp\/v2\/categories?post=169"},{"taxonomy":"post_tag","embeddable":true,"href":"https:\/\/freddymorezon.org\/en\/wp-json\/wp\/v2\/tags?post=169"}],"curies":[{"name":"wp","href":"https:\/\/api.w.org\/{rel}","templated":true}]}}