
{"id":172,"date":"2016-02-04T17:12:06","date_gmt":"2016-02-04T16:12:06","guid":{"rendered":"https:\/\/freddymorezon.org\/?page_id=172"},"modified":"2023-04-13T15:29:48","modified_gmt":"2023-04-13T14:29:48","slug":"christine-wodrascka","status":"publish","type":"page","link":"https:\/\/freddymorezon.org\/en\/christine-wodrascka\/","title":{"rendered":"Christine Wodrascka"},"content":{"rendered":"<div id=\"pl-172\"  class=\"panel-layout\" ><div id=\"pg-172-0\"  class=\"panel-grid panel-no-style\" ><div id=\"pgc-172-0-0\"  class=\"panel-grid-cell\" ><div id=\"panel-172-0-0-0\" class=\"so-panel widget widget_sow-editor panel-first-child panel-last-child\" data-index=\"0\" ><div\n\t\t\t\n\t\t\tclass=\"so-widget-sow-editor so-widget-sow-editor-base\"\n\t\t\t\n\t\t>\n<div class=\"siteorigin-widget-tinymce textwidget\">\n\t<h1>Christine Wodrascka<\/h1>\n<\/div>\n<\/div><\/div><\/div><\/div><div id=\"pg-172-1\"  class=\"panel-grid panel-no-style\" ><div id=\"pgc-172-1-0\"  class=\"panel-grid-cell\" ><div id=\"panel-172-1-0-0\" class=\"so-panel widget widget_sow-image panel-first-child\" data-index=\"1\" ><div\n\t\t\t\n\t\t\tclass=\"so-widget-sow-image so-widget-sow-image-default-8b5b6f678277-172\"\n\t\t\t\n\t\t>\n<div class=\"sow-image-container\">\n\t\t<img \n\tsrc=\"https:\/\/freddymorezon.org\/wp-content\/uploads\/2016\/02\/christine-560x800.jpg\" width=\"560\" height=\"800\" sizes=\"(max-width: 560px) 100vw, 560px\" title=\"Christine Wodrascka\" alt=\"\" \t\tclass=\"so-widget-image\"\/>\n\t<\/div>\n\n<\/div><\/div><div id=\"panel-172-1-0-1\" class=\"so-panel widget widget_sow-editor panel-last-child\" data-index=\"2\" ><div\n\t\t\t\n\t\t\tclass=\"so-widget-sow-editor so-widget-sow-editor-base\"\n\t\t\t\n\t\t>\n<div class=\"siteorigin-widget-tinymce textwidget\">\n\t<h3>Chez Freddy Morezon<\/h3>\n<ul style=\"list-style: none;\">\n<li><i class=\"fa fa-chevron-right fa-2x\"><\/i> <a title=\"Christine Wodrascka (projets)\" href=\"https:\/\/freddymorezon.org\/projets\/christine-wodrascka\">projets de Christine Wodrascka<\/a><\/li>\n<li><i class=\"fa fa-chevron-right\"><\/i> <a href=\"https:\/\/freddymorezon.org\/projets\/iana\/\">Iana<\/a><\/li>\n<li><i class=\"fa fa-chevron-right\"><\/i> <a href=\"https:\/\/freddymorezon.org\/projets\/christine-wodrascka-solo\/\">Christine Wodrascka solo<\/a><\/li>\n<li><i class=\"fa fa-chevron-right\"><\/i> <a href=\"https:\/\/freddymorezon.org\/projets\/duo-wodrascka-evrard\/\">duo Wodrascka-Evrard<\/a><\/li>\n<li><i class=\"fa fa-chevron-right\"><\/i> <a href=\"https:\/\/freddymorezon.org\/projets\/trio-evrard-frith-wodrascka\/\">trio Evrard-Frith-Wodrascka<\/a><\/li>\n<li><i class=\"fa fa-chevron-right\"><\/i> <a href=\"https:\/\/freddymorezon.org\/projets\/ensemble-fm-in-c\/\">Ensemble FM<\/a><\/li>\n<\/ul>\n<\/div>\n<\/div><\/div><\/div><div id=\"pgc-172-1-1\"  class=\"panel-grid-cell\" ><div id=\"panel-172-1-1-0\" class=\"so-panel widget widget_sow-editor panel-first-child panel-last-child\" data-index=\"3\" ><div\n\t\t\t\n\t\t\tclass=\"so-widget-sow-editor so-widget-sow-editor-base\"\n\t\t\t\n\t\t>\n<div class=\"siteorigin-widget-tinymce textwidget\">\n\t<p>C\u2019est \u00e0 l\u2019\u00e2ge de vingt ans que la pianiste fran\u00e7aise Christine Wodrascka d\u00e9couvre la musique improvis\u00e9e. Fascin\u00e9e par la libert\u00e9 artistique et l\u2019expressivit\u00e9 qu\u2019offre cette musique de l\u2019instant, elle se sp\u00e9cialise dans l\u2019improvisation libre. Elle se produit sur les sc\u00e8nes fran\u00e7aises et europ\u00e9ennes depuis une trentaine d\u2019ann\u00e9es et joue et a jou\u00e9 avec des figures embl\u00e9matiques de la musique improvis\u00e9e comme Fred Frith, Daunik Lazro, Jo\u00eblle L\u00e9andre, Evan Parker, Fred Van Hove, Dennis Charles...<\/p>\n<p>Nourrie par la musique contemporaine, en particulier par le minimalisme, Christine Wodrascka croise les univers, notamment dans son duo de piano <strong><em>Iana<\/em><\/strong> avec Betty Hovette. Avec une cr\u00e9ativit\u00e9 sans limites, elle multiplie les projets dans diverses formations, en duo et trio avec Jean-Yves Evrard, jusque dans l\u2019orchestre au sein de l\u2019<strong>Ensemble FM<\/strong>. Elle fait actuellement partie du projet <strong>\"The Bridge\"<\/strong> men\u00e9 par Alexandre Pierrepont : \u00e9change de concerts entre la France et Chicago.<\/p>\n<p>Constamment anim\u00e9e par la volont\u00e9 d\u2019explorer les possibilit\u00e9s de son instrument, elle a d\u00e9velopp\u00e9 sa propre technique pianistique, bas\u00e9e sur l\u2019intention instantan\u00e9e. Ce qui caract\u00e9rise son jeu \u00e9nerg\u00e9tique, parfois qualifi\u00e9 de physique, c\u2019est assur\u00e9ment l\u2019importance qu\u2019elle donne au geste, souvent peu conventionnel.<\/p>\n<p>H\u00e9riti\u00e8re de la pens\u00e9e Cagienne, elle pr\u00e9pare son piano, travaille le timbre avec des objets, diversifiant les modes de jeu, apprivoisant les paysages sonores.<\/p>\n<p>Libre, c\u2019est s\u00fbrement le mot qui d\u00e9crit le mieux la musique de\u00a0 Christine Wodrascka. Pour elle, la libert\u00e9 est une sensation. La sensation du risque, du saut dans l\u2019inconnu \u2026 Inattendue et insaisissable, la pianiste compose la musique en temps r\u00e9el, guid\u00e9e par ses diverses sources d\u2019inspiration. Architecture, peinture, formes, volumes, traits, mouvements, mati\u00e8res, langage, mais aussi cascades, pluies ou rivi\u00e8res, une multitude d\u2019\u00e9l\u00e9ments enrichissent en permanence l\u2019univers sonore de Christine Wodrascka.<\/p>\n<\/div>\n<\/div><\/div><\/div><div id=\"pgc-172-1-2\"  class=\"panel-grid-cell\" ><div id=\"panel-172-1-2-0\" class=\"so-panel widget widget_eo_event_list_widget EO_Event_List_Widget panel-first-child panel-last-child\" data-index=\"4\" >\n\n\t<h3 class=\"widget-title evenements\">Tour<\/h3>\n\t<ul  class=\"eo-events eo-events-widget\" > \n\n\t\t\n\t\t\t\t\t\t\n\t\t\t<li class=\"eo-event-venue-jazz-a-luz eo-event-cat-agenda eo-event-cat-christine-wodrascka eo-event-cat-eela-laitinen eo-event-cat-mathieu-werchowski eo-event-future\" >\n\t\t\t\n\t\t\n\t\t\t\n\t\t\n\t\t\t\t<div class=\"date\"> \n\t\t\t\t <div class=\"jour\">11<\/div> <div class=\"mois\">Jul<\/div><\/div>\t\t\t\n\t\t\t\t\t\n\t\t\t\t\t\t\t\t\t\t\n\t\t\t\t\t\n\t\t\t\t <div class=\"contenu-date\">\n\t\t\t\t\n\t\t\t\t<h4 class=\"titre\">For John Cage (Morton Feldman 1982) - <\/h4> \n\t\t\t\t<div class=\"detail\">\n\t\t\t\t<span class=\"lieu\">Jazz \u00e0 Luz, Luz-Saint-Sauveur<\/span><!-- \/.lieu --> - <span class=\"heure\">11h00<\/span>\t\t\t\t\n\t\t\t\t\n\t\t\t\t\n\t\t\t\t<span class=\"extrait\"> - <p><a href=\"https:\/\/freddymorezon.org\/catalogue\/for-john-cage-morton-feldman-wodrascka-x-laitinen-x-werchowski\/\" title=\"+ d'infos\" alt=\"+ d'infos\"><i class=\"fa fa-plus-square\"><\/i><\/a><a href=\"https:\/\/jazzaluz.com\/\" target=\"_blank\" title=\"+ d'infos\" alt=\"+ d'infos\"><i class=\"fa fa-plus-square\"><\/i><\/a><\/p>\n<\/span><!-- \/.extrait -->\t\t\t\t\n\t\t\t\t\t\t\t\t&nbsp;<span class=\"meta\"><ul class='post-meta'>\n<li><span class='post-meta-key'>om_disable_all_campaigns:<\/span> <\/li>\n<\/ul>\n<\/span><!-- \/.meta -->\n\t\t\t\t<\/div> <!-- \/.detail -->\n\t\t\t\t\n\t\t\t\t\n\t\t\t\t\n\t\t\t\t\n\t\t\t\t\n\t\t\t\t\n\t\t\t\t\n\t\t\t\t\n\t\t\t\t\n\t\t\t\t\n\t\t<!--\t<div class=\"meta-projet-associe-a-l-actu\"><\/div> -->\n\t\t\t\t  \n\t\t\t\t  <div class=\"mois-titre\">\t\t\t\t<!-- \/.mois-titre -->\n\t\t\t\t\n\t\t\t\t   \n\t\t\t\t <\/div><!-- \/.contenu-date -->\n\t\t\t<\/li>\n\n\t\t\n\t\t\t\t\t\t\n\t\t\t<li class=\"eo-event-venue-jazz-a-luz eo-event-cat-agenda eo-event-cat-christine-wodrascka eo-event-cat-trio-evrard-frith-wodrascka eo-event-future\" >\n\t\t\t\n\t\t\n\t\t\t\n\t\t\n\t\t\t\t<div class=\"date\"> \n\t\t\t\t <div class=\"jour\">13<\/div> <div class=\"mois\">Jul<\/div><\/div>\t\t\t\n\t\t\t\t\t\n\t\t\t\t\t\t\t\t\t\t\n\t\t\t\t\t\n\t\t\t\t <div class=\"contenu-date\">\n\t\t\t\t\n\t\t\t\t<h4 class=\"titre\">Trio Wodrascka x Frith x Evrard - <\/h4> \n\t\t\t\t<div class=\"detail\">\n\t\t\t\t<span class=\"lieu\">Jazz \u00e0 Luz, Luz-Saint-Sauveur<\/span><!-- \/.lieu --> - <span class=\"heure\">20h30<\/span>\t\t\t\t\n\t\t\t\t\n\t\t\t\t\n\t\t\t\t<span class=\"extrait\"> - <p><a href=\"https:\/\/freddymorezon.org\/catalogue\/trio-evrard-frith-wodrascka\/\" title=\"+ d'infos\" alt=\"+ d'infos\"><i class=\"fa fa-plus-square\"><\/i><\/a><a href=\"https:\/\/jazzaluz.com\/\" target=\"_blank\" title=\"+ d'infos\" alt=\"+ d'infos\"><i class=\"fa fa-plus-square\"><\/i><\/a><\/p>\n<\/span><!-- \/.extrait -->\t\t\t\t\n\t\t\t\t\t\t\t\t&nbsp;<span class=\"meta\"><ul class='post-meta'>\n<li><span class='post-meta-key'>om_disable_all_campaigns:<\/span> <\/li>\n<\/ul>\n<\/span><!-- \/.meta -->\n\t\t\t\t<\/div> <!-- \/.detail -->\n\t\t\t\t\n\t\t\t\t\n\t\t\t\t\n\t\t\t\t\n\t\t\t\t\n\t\t\t\t\n\t\t\t\t\n\t\t\t\t\n\t\t\t\t\n\t\t\t\t\n\t\t<!--\t<div class=\"meta-projet-associe-a-l-actu\"><\/div> -->\n\t\t\t\t  \n\t\t\t\t  <div class=\"mois-titre\">\t\t\t\t<!-- \/.mois-titre -->\n\t\t\t\t\n\t\t\t\t   \n\t\t\t\t <\/div><!-- \/.contenu-date -->\n\t\t\t<\/li>\n\n\t\t\n\t\t\t\t\t\t\n\t\t\t<li class=\"eo-event-venue-festival-riverrun eo-event-cat-agenda eo-event-cat-christine-wodrascka eo-event-cat-eela-laitinen eo-event-cat-mathieu-werchowski eo-event-future eo-all-day\" >\n\t\t\t\n\t\t\n\t\t\t\n\t\t\n\t\t\t\t<div class=\"date\"> \n\t\t\t\t <div class=\"jour\">10<\/div> <div class=\"mois\">Oct<\/div><\/div>\t\t\t\n\t\t\t\t\t\n\t\t\t\t\t\t\t\t\t\t\n\t\t\t\t\t\n\t\t\t\t <div class=\"contenu-date\">\n\t\t\t\t\n\t\t\t\t<h4 class=\"titre\">For John Cage (Morton Feldman 1982) - <\/h4> \n\t\t\t\t<div class=\"detail\">\n\t\t\t\t<span class=\"lieu\">Festival Riverrun, Albi<\/span><!-- \/.lieu --><div class=\"jour\">10<\/div> <div class=\"mois\">Oct<\/div><\/div>\t\t\t\t\n\t\t\t\t\n\t\t\t\t\n\t\t\t\t<span class=\"extrait\"> - <p><a href=\"https:\/\/freddymorezon.org\/catalogue\/for-john-cage-morton-feldman-wodrascka-x-laitinen-x-werchowski\/\" title=\"+ d'infos\" alt=\"+ d'infos\"><i class=\"fa fa-plus-square\"><\/i><\/a><a href=\"https:\/\/www.gmea.net\/activites\/article\/riverrun\" target=\"_blank\" title=\"+ d'infos\" alt=\"+ d'infos\"><i class=\"fa fa-plus-square\"><\/i><\/a><\/p>\n<\/span><!-- \/.extrait -->\t\t\t\t\n\t\t\t\t\t\t\t\t&nbsp;<span class=\"meta\"><ul class='post-meta'>\n<li><span class='post-meta-key'>om_disable_all_campaigns:<\/span> <\/li>\n<\/ul>\n<\/span><!-- \/.meta -->\n\t\t\t\t<\/div> <!-- \/.detail -->\n\t\t\t\t\n\t\t\t\t\n\t\t\t\t\n\t\t\t\t\n\t\t\t\t\n\t\t\t\t\n\t\t\t\t\n\t\t\t\t\n\t\t\t\t\n\t\t\t\t\n\t\t<!--\t<div class=\"meta-projet-associe-a-l-actu\"><\/div> -->\n\t\t\t\t  \n\t\t\t\t  <div class=\"mois-titre\">\t\t\t\t<!-- \/.mois-titre -->\n\t\t\t\t\n\t\t\t\t   \n\t\t\t\t <\/div><!-- \/.contenu-date -->\n\t\t\t<\/li>\n\n\t\t\n\t<\/ul>\n\n\n<\/div><\/div><\/div><\/div>","protected":false},"excerpt":{"rendered":"<p>Christine Wodrascka Chez Freddy Morezon projets de Christine Wodrascka Iana Christine Wodrascka solo duo Wodrascka-Evrard trio Evrard-Frith-Wodrascka Ensemble FM C\u2019est \u00e0 l\u2019\u00e2ge de vingt ans que la pianiste fran\u00e7aise Christine Wodrascka d\u00e9couvre la musique improvis\u00e9e. Fascin\u00e9e par la libert\u00e9 artistique et l\u2019expressivit\u00e9 qu\u2019offre cette musique de l\u2019instant, elle se sp\u00e9cialise dans l\u2019improvisation libre. Elle se&hellip;<\/p>\n<p><a class=\"more-link\" href=\"https:\/\/freddymorezon.org\/en\/christine-wodrascka\/\" title=\"Continue reading &lsquo;Christine Wodrascka&rsquo;\">Continue reading <span class=\"meta-nav\">&rarr;<\/span><\/a><\/p>\n","protected":false},"author":1,"featured_media":34,"parent":0,"menu_order":80,"comment_status":"closed","ping_status":"closed","template":"page-templates\/front-page.php","meta":{"om_disable_all_campaigns":false,"_monsterinsights_skip_tracking":false,"_monsterinsights_sitenote_active":false,"_monsterinsights_sitenote_note":"","_monsterinsights_sitenote_category":0,"_uf_show_specific_survey":0,"_uf_disable_surveys":false,"footnotes":""},"categories":[],"tags":[],"class_list":["post-172","page","type-page","status-publish","has-post-thumbnail","hentry"],"aioseo_notices":[],"yoast_head":"<!-- This site is optimized with the Yoast SEO plugin v27.3 - https:\/\/yoast.com\/product\/yoast-seo-wordpress\/ -->\n<title>Christine Wodrascka | Freddy Morezon<\/title>\n<meta name=\"description\" content=\"Christine Wodrascka est une pianiste fran\u00e7aise sp\u00e9cialis\u00e9e dans l&#039;improvisation libre. C&#039;est \u00e0 Toulouse \u00e0 vingt ans qu&#039;elle fait ses premi\u00e8res exp\u00e9riences dans l&#039;improvisation, domaine musical dont elle ne pourra plus se passer, tant il a r\u00e9v\u00e9l\u00e9 son besoin de libert\u00e9 artistique et sa capacit\u00e9 \u00e0 s&#039;exprimer avec son instrument dans l&#039;instant pr\u00e9sent. Christine Wodrascka veut explorer tous les possibles autant dans les domaines de la technique pianistique que de l&#039;expression \u00e9motionnelle et se produit sur les sc\u00e8nes fran\u00e7aises et europ\u00e9ennes depuis plus de vingt ans. Elle a jou\u00e9 avec des figures tut\u00e9laires de la musique improvis\u00e9e comme Jo\u00eblle L\u00e9andre, Fred Frith, Raymond Boni, Fred Van Hove, ou encore Dennis Charles, Han Bennink...\" \/>\n<meta name=\"robots\" content=\"index, follow, max-snippet:-1, max-image-preview:large, max-video-preview:-1\" \/>\n<link rel=\"canonical\" href=\"https:\/\/freddymorezon.org\/christine-wodrascka\/\" \/>\n<meta property=\"og:locale\" content=\"en_US\" \/>\n<meta property=\"og:type\" content=\"article\" \/>\n<meta property=\"og:title\" content=\"Christine Wodrascka | Freddy Morezon\" \/>\n<meta property=\"og:description\" content=\"Christine Wodrascka est une pianiste fran\u00e7aise sp\u00e9cialis\u00e9e dans l&#039;improvisation libre. C&#039;est \u00e0 Toulouse \u00e0 vingt ans qu&#039;elle fait ses premi\u00e8res exp\u00e9riences dans l&#039;improvisation, domaine musical dont elle ne pourra plus se passer, tant il a r\u00e9v\u00e9l\u00e9 son besoin de libert\u00e9 artistique et sa capacit\u00e9 \u00e0 s&#039;exprimer avec son instrument dans l&#039;instant pr\u00e9sent. Christine Wodrascka veut explorer tous les possibles autant dans les domaines de la technique pianistique que de l&#039;expression \u00e9motionnelle et se produit sur les sc\u00e8nes fran\u00e7aises et europ\u00e9ennes depuis plus de vingt ans. Elle a jou\u00e9 avec des figures tut\u00e9laires de la musique improvis\u00e9e comme Jo\u00eblle L\u00e9andre, Fred Frith, Raymond Boni, Fred Van Hove, ou encore Dennis Charles, Han Bennink...\" \/>\n<meta property=\"og:url\" content=\"https:\/\/freddymorezon.org\/christine-wodrascka\/\" \/>\n<meta property=\"og:site_name\" content=\"Freddy Morezon\" \/>\n<meta property=\"article:publisher\" content=\"https:\/\/www.facebook.com\/freddy.morezon\/\" \/>\n<meta property=\"article:modified_time\" content=\"2023-04-13T14:29:48+00:00\" \/>\n<meta property=\"og:image\" content=\"https:\/\/freddymorezon.org\/wp-content\/uploads\/2016\/02\/christine-1240x800.jpg\" \/>\n\t<meta property=\"og:image:width\" content=\"1240\" \/>\n\t<meta property=\"og:image:height\" content=\"800\" \/>\n\t<meta property=\"og:image:type\" content=\"image\/jpeg\" \/>\n<meta name=\"twitter:card\" content=\"summary_large_image\" \/>\n<script type=\"application\/ld+json\" class=\"yoast-schema-graph\">{\"@context\":\"https:\\\/\\\/schema.org\",\"@graph\":[{\"@type\":\"WebPage\",\"@id\":\"https:\\\/\\\/freddymorezon.org\\\/christine-wodrascka\\\/\",\"url\":\"https:\\\/\\\/freddymorezon.org\\\/christine-wodrascka\\\/\",\"name\":\"Christine Wodrascka | Freddy Morezon\",\"isPartOf\":{\"@id\":\"https:\\\/\\\/freddymorezon.org\\\/#website\"},\"primaryImageOfPage\":{\"@id\":\"https:\\\/\\\/freddymorezon.org\\\/christine-wodrascka\\\/#primaryimage\"},\"image\":{\"@id\":\"https:\\\/\\\/freddymorezon.org\\\/christine-wodrascka\\\/#primaryimage\"},\"thumbnailUrl\":\"https:\\\/\\\/freddymorezon.org\\\/wp-content\\\/uploads\\\/2016\\\/02\\\/christine.jpg\",\"datePublished\":\"2016-02-04T16:12:06+00:00\",\"dateModified\":\"2023-04-13T14:29:48+00:00\",\"description\":\"Christine Wodrascka est une pianiste fran\u00e7aise sp\u00e9cialis\u00e9e dans l'improvisation libre. C'est \u00e0 Toulouse \u00e0 vingt ans qu'elle fait ses premi\u00e8res exp\u00e9riences dans l'improvisation, domaine musical dont elle ne pourra plus se passer, tant il a r\u00e9v\u00e9l\u00e9 son besoin de libert\u00e9 artistique et sa capacit\u00e9 \u00e0 s'exprimer avec son instrument dans l'instant pr\u00e9sent. Christine Wodrascka veut explorer tous les possibles autant dans les domaines de la technique pianistique que de l'expression \u00e9motionnelle et se produit sur les sc\u00e8nes fran\u00e7aises et europ\u00e9ennes depuis plus de vingt ans. Elle a jou\u00e9 avec des figures tut\u00e9laires de la musique improvis\u00e9e comme Jo\u00eblle L\u00e9andre, Fred Frith, Raymond Boni, Fred Van Hove, ou encore Dennis Charles, Han Bennink...\",\"breadcrumb\":{\"@id\":\"https:\\\/\\\/freddymorezon.org\\\/christine-wodrascka\\\/#breadcrumb\"},\"inLanguage\":\"en-US\",\"potentialAction\":[{\"@type\":\"ReadAction\",\"target\":[\"https:\\\/\\\/freddymorezon.org\\\/christine-wodrascka\\\/\"]}]},{\"@type\":\"ImageObject\",\"inLanguage\":\"en-US\",\"@id\":\"https:\\\/\\\/freddymorezon.org\\\/christine-wodrascka\\\/#primaryimage\",\"url\":\"https:\\\/\\\/freddymorezon.org\\\/wp-content\\\/uploads\\\/2016\\\/02\\\/christine.jpg\",\"contentUrl\":\"https:\\\/\\\/freddymorezon.org\\\/wp-content\\\/uploads\\\/2016\\\/02\\\/christine.jpg\",\"width\":3057,\"height\":3072},{\"@type\":\"BreadcrumbList\",\"@id\":\"https:\\\/\\\/freddymorezon.org\\\/christine-wodrascka\\\/#breadcrumb\",\"itemListElement\":[{\"@type\":\"ListItem\",\"position\":1,\"name\":\"Accueil\",\"item\":\"https:\\\/\\\/freddymorezon.org\\\/\"},{\"@type\":\"ListItem\",\"position\":2,\"name\":\"Christine Wodrascka\"}]},{\"@type\":\"WebSite\",\"@id\":\"https:\\\/\\\/freddymorezon.org\\\/#website\",\"url\":\"https:\\\/\\\/freddymorezon.org\\\/\",\"name\":\"Freddy Morezon\",\"description\":\"jazz - musique improvis\u00e9e - esth\u00e9tiques plurielles\",\"publisher\":{\"@id\":\"https:\\\/\\\/freddymorezon.org\\\/#organization\"},\"potentialAction\":[{\"@type\":\"SearchAction\",\"target\":{\"@type\":\"EntryPoint\",\"urlTemplate\":\"https:\\\/\\\/freddymorezon.org\\\/?s={search_term_string}\"},\"query-input\":{\"@type\":\"PropertyValueSpecification\",\"valueRequired\":true,\"valueName\":\"search_term_string\"}}],\"inLanguage\":\"en-US\"},{\"@type\":\"Organization\",\"@id\":\"https:\\\/\\\/freddymorezon.org\\\/#organization\",\"name\":\"Association Freddy Morezon\",\"url\":\"https:\\\/\\\/freddymorezon.org\\\/\",\"logo\":{\"@type\":\"ImageObject\",\"inLanguage\":\"en-US\",\"@id\":\"https:\\\/\\\/freddymorezon.org\\\/#\\\/schema\\\/logo\\\/image\\\/\",\"url\":\"https:\\\/\\\/freddymorezon.org\\\/wp-content\\\/uploads\\\/2016\\\/02\\\/mini-logo-header-site2.jpg\",\"contentUrl\":\"https:\\\/\\\/freddymorezon.org\\\/wp-content\\\/uploads\\\/2016\\\/02\\\/mini-logo-header-site2.jpg\",\"width\":234,\"height\":174,\"caption\":\"Association Freddy Morezon\"},\"image\":{\"@id\":\"https:\\\/\\\/freddymorezon.org\\\/#\\\/schema\\\/logo\\\/image\\\/\"},\"sameAs\":[\"https:\\\/\\\/www.facebook.com\\\/freddy.morezon\\\/\",\"https:\\\/\\\/www.instagram.com\\\/freddymorezon\\\/\",\"https:\\\/\\\/www.youtube.com\\\/user\\\/freddymorezon\",\"https:\\\/\\\/fr.linkedin.com\\\/company\\\/freddy-morezon-p.r.o.d.\"]}]}<\/script>\n<!-- \/ Yoast SEO plugin. -->","yoast_head_json":{"title":"Christine Wodrascka | Freddy Morezon","description":"Christine Wodrascka est une pianiste fran\u00e7aise sp\u00e9cialis\u00e9e dans l'improvisation libre. C'est \u00e0 Toulouse \u00e0 vingt ans qu'elle fait ses premi\u00e8res exp\u00e9riences dans l'improvisation, domaine musical dont elle ne pourra plus se passer, tant il a r\u00e9v\u00e9l\u00e9 son besoin de libert\u00e9 artistique et sa capacit\u00e9 \u00e0 s'exprimer avec son instrument dans l'instant pr\u00e9sent. Christine Wodrascka veut explorer tous les possibles autant dans les domaines de la technique pianistique que de l'expression \u00e9motionnelle et se produit sur les sc\u00e8nes fran\u00e7aises et europ\u00e9ennes depuis plus de vingt ans. Elle a jou\u00e9 avec des figures tut\u00e9laires de la musique improvis\u00e9e comme Jo\u00eblle L\u00e9andre, Fred Frith, Raymond Boni, Fred Van Hove, ou encore Dennis Charles, Han Bennink...","robots":{"index":"index","follow":"follow","max-snippet":"max-snippet:-1","max-image-preview":"max-image-preview:large","max-video-preview":"max-video-preview:-1"},"canonical":"https:\/\/freddymorezon.org\/christine-wodrascka\/","og_locale":"en_US","og_type":"article","og_title":"Christine Wodrascka | Freddy Morezon","og_description":"Christine Wodrascka est une pianiste fran\u00e7aise sp\u00e9cialis\u00e9e dans l'improvisation libre. C'est \u00e0 Toulouse \u00e0 vingt ans qu'elle fait ses premi\u00e8res exp\u00e9riences dans l'improvisation, domaine musical dont elle ne pourra plus se passer, tant il a r\u00e9v\u00e9l\u00e9 son besoin de libert\u00e9 artistique et sa capacit\u00e9 \u00e0 s'exprimer avec son instrument dans l'instant pr\u00e9sent. Christine Wodrascka veut explorer tous les possibles autant dans les domaines de la technique pianistique que de l'expression \u00e9motionnelle et se produit sur les sc\u00e8nes fran\u00e7aises et europ\u00e9ennes depuis plus de vingt ans. Elle a jou\u00e9 avec des figures tut\u00e9laires de la musique improvis\u00e9e comme Jo\u00eblle L\u00e9andre, Fred Frith, Raymond Boni, Fred Van Hove, ou encore Dennis Charles, Han Bennink...","og_url":"https:\/\/freddymorezon.org\/christine-wodrascka\/","og_site_name":"Freddy Morezon","article_publisher":"https:\/\/www.facebook.com\/freddy.morezon\/","article_modified_time":"2023-04-13T14:29:48+00:00","og_image":[{"width":1240,"height":800,"url":"https:\/\/freddymorezon.org\/wp-content\/uploads\/2016\/02\/christine-1240x800.jpg","type":"image\/jpeg"}],"twitter_card":"summary_large_image","schema":{"@context":"https:\/\/schema.org","@graph":[{"@type":"WebPage","@id":"https:\/\/freddymorezon.org\/christine-wodrascka\/","url":"https:\/\/freddymorezon.org\/christine-wodrascka\/","name":"Christine Wodrascka | Freddy Morezon","isPartOf":{"@id":"https:\/\/freddymorezon.org\/#website"},"primaryImageOfPage":{"@id":"https:\/\/freddymorezon.org\/christine-wodrascka\/#primaryimage"},"image":{"@id":"https:\/\/freddymorezon.org\/christine-wodrascka\/#primaryimage"},"thumbnailUrl":"https:\/\/freddymorezon.org\/wp-content\/uploads\/2016\/02\/christine.jpg","datePublished":"2016-02-04T16:12:06+00:00","dateModified":"2023-04-13T14:29:48+00:00","description":"Christine Wodrascka est une pianiste fran\u00e7aise sp\u00e9cialis\u00e9e dans l'improvisation libre. C'est \u00e0 Toulouse \u00e0 vingt ans qu'elle fait ses premi\u00e8res exp\u00e9riences dans l'improvisation, domaine musical dont elle ne pourra plus se passer, tant il a r\u00e9v\u00e9l\u00e9 son besoin de libert\u00e9 artistique et sa capacit\u00e9 \u00e0 s'exprimer avec son instrument dans l'instant pr\u00e9sent. Christine Wodrascka veut explorer tous les possibles autant dans les domaines de la technique pianistique que de l'expression \u00e9motionnelle et se produit sur les sc\u00e8nes fran\u00e7aises et europ\u00e9ennes depuis plus de vingt ans. Elle a jou\u00e9 avec des figures tut\u00e9laires de la musique improvis\u00e9e comme Jo\u00eblle L\u00e9andre, Fred Frith, Raymond Boni, Fred Van Hove, ou encore Dennis Charles, Han Bennink...","breadcrumb":{"@id":"https:\/\/freddymorezon.org\/christine-wodrascka\/#breadcrumb"},"inLanguage":"en-US","potentialAction":[{"@type":"ReadAction","target":["https:\/\/freddymorezon.org\/christine-wodrascka\/"]}]},{"@type":"ImageObject","inLanguage":"en-US","@id":"https:\/\/freddymorezon.org\/christine-wodrascka\/#primaryimage","url":"https:\/\/freddymorezon.org\/wp-content\/uploads\/2016\/02\/christine.jpg","contentUrl":"https:\/\/freddymorezon.org\/wp-content\/uploads\/2016\/02\/christine.jpg","width":3057,"height":3072},{"@type":"BreadcrumbList","@id":"https:\/\/freddymorezon.org\/christine-wodrascka\/#breadcrumb","itemListElement":[{"@type":"ListItem","position":1,"name":"Accueil","item":"https:\/\/freddymorezon.org\/"},{"@type":"ListItem","position":2,"name":"Christine Wodrascka"}]},{"@type":"WebSite","@id":"https:\/\/freddymorezon.org\/#website","url":"https:\/\/freddymorezon.org\/","name":"Freddy Morezon","description":"jazz - musique improvis\u00e9e - esth\u00e9tiques plurielles","publisher":{"@id":"https:\/\/freddymorezon.org\/#organization"},"potentialAction":[{"@type":"SearchAction","target":{"@type":"EntryPoint","urlTemplate":"https:\/\/freddymorezon.org\/?s={search_term_string}"},"query-input":{"@type":"PropertyValueSpecification","valueRequired":true,"valueName":"search_term_string"}}],"inLanguage":"en-US"},{"@type":"Organization","@id":"https:\/\/freddymorezon.org\/#organization","name":"Association Freddy Morezon","url":"https:\/\/freddymorezon.org\/","logo":{"@type":"ImageObject","inLanguage":"en-US","@id":"https:\/\/freddymorezon.org\/#\/schema\/logo\/image\/","url":"https:\/\/freddymorezon.org\/wp-content\/uploads\/2016\/02\/mini-logo-header-site2.jpg","contentUrl":"https:\/\/freddymorezon.org\/wp-content\/uploads\/2016\/02\/mini-logo-header-site2.jpg","width":234,"height":174,"caption":"Association Freddy Morezon"},"image":{"@id":"https:\/\/freddymorezon.org\/#\/schema\/logo\/image\/"},"sameAs":["https:\/\/www.facebook.com\/freddy.morezon\/","https:\/\/www.instagram.com\/freddymorezon\/","https:\/\/www.youtube.com\/user\/freddymorezon","https:\/\/fr.linkedin.com\/company\/freddy-morezon-p.r.o.d."]}]}},"_links":{"self":[{"href":"https:\/\/freddymorezon.org\/en\/wp-json\/wp\/v2\/pages\/172","targetHints":{"allow":["GET"]}}],"collection":[{"href":"https:\/\/freddymorezon.org\/en\/wp-json\/wp\/v2\/pages"}],"about":[{"href":"https:\/\/freddymorezon.org\/en\/wp-json\/wp\/v2\/types\/page"}],"author":[{"embeddable":true,"href":"https:\/\/freddymorezon.org\/en\/wp-json\/wp\/v2\/users\/1"}],"replies":[{"embeddable":true,"href":"https:\/\/freddymorezon.org\/en\/wp-json\/wp\/v2\/comments?post=172"}],"version-history":[{"count":16,"href":"https:\/\/freddymorezon.org\/en\/wp-json\/wp\/v2\/pages\/172\/revisions"}],"predecessor-version":[{"id":13279,"href":"https:\/\/freddymorezon.org\/en\/wp-json\/wp\/v2\/pages\/172\/revisions\/13279"}],"wp:featuredmedia":[{"embeddable":true,"href":"https:\/\/freddymorezon.org\/en\/wp-json\/wp\/v2\/media\/34"}],"wp:attachment":[{"href":"https:\/\/freddymorezon.org\/en\/wp-json\/wp\/v2\/media?parent=172"}],"wp:term":[{"taxonomy":"category","embeddable":true,"href":"https:\/\/freddymorezon.org\/en\/wp-json\/wp\/v2\/categories?post=172"},{"taxonomy":"post_tag","embeddable":true,"href":"https:\/\/freddymorezon.org\/en\/wp-json\/wp\/v2\/tags?post=172"}],"curies":[{"name":"wp","href":"https:\/\/api.w.org\/{rel}","templated":true}]}}