
{"id":17489,"date":"2023-04-26T09:57:26","date_gmt":"2023-04-26T08:57:26","guid":{"rendered":"https:\/\/freddymorezon.org\/?page_id=17489"},"modified":"2024-11-25T13:01:19","modified_gmt":"2024-11-25T11:01:19","slug":"betty-hovette-solo","status":"publish","type":"page","link":"https:\/\/freddymorezon.org\/en\/catalogue\/betty-hovette-solo\/","title":{"rendered":"Betty Hovette solo"},"content":{"rendered":"<div id=\"pl-17489\"  class=\"panel-layout\" ><div id=\"pg-17489-0\"  class=\"panel-grid panel-no-style\" ><div id=\"pgc-17489-0-0\"  class=\"panel-grid-cell\" ><div id=\"panel-17489-0-0-0\" class=\"so-panel widget widget_eo_event_list_widget EO_Event_List_Widget panel-first-child\" data-index=\"0\" >\n\n\t<h3 class=\"widget-title evenements\">Tour<\/h3>\n\t<ul  class=\"eo-events eo-events-widget\" > \n\n\t\t\n\t\t\t\t\t\t\n\t\t\t<li class=\"eo-event-venue-serempuy eo-event-cat-agenda eo-event-cat-betty-hovette eo-event-cat-detournees eo-event-cat-laurent-paris eo-event-cat-residence eo-event-future eo-multi-day eo-all-day\" >\n\t\t\t\n\t\t\n\t\t\t\n\t\t\n\t\t\t\t<div class=\"date\"> \n\t\t\t\t <div class=\"jour\">14<\/div> <div class=\"mois\">May<\/div><\/div>\t\t\t\n\t\t\t\t\t\n\t\t\t\t\t\t\t\t\t\t<div class=\"date2\"> \n\t\t\t\t<div class=\"jour\">15<\/div> <div class=\"mois\">May<\/div><\/div>\t\t\t\t\t\n\t\t\t\t\t\n\t\t\t\t <div class=\"contenu-date\">\n\t\t\t\t\n\t\t\t\t<h4 class=\"titre\">D\u00e9(tourn\u00e9es) \/\/ CiRuS RaMa - <\/h4> \n\t\t\t\t<div class=\"detail\">\n\t\t\t\t<span class=\"lieu\">S\u00e9rempuy<\/span><!-- \/.lieu --><div class=\"jour\">14<\/div> <div class=\"mois\">May<\/div><\/div>\t\t\t\t\n\t\t\t\t\n\t\t\t\t\n\t\t\t\t<span class=\"extrait\"> - <p><a href=\"https:\/\/freddymorezon.org\/projets-de-territoire\/projet-de-territoire-gers\/\" title=\"+ d'infos\" alt=\"+ d'infos\"><i class=\"fa fa-plus-square\"><\/i><\/a><a href=\"https:\/\/freddymorezon.org\/productions\/cirus-vircule\/\" target=\"_blank\" title=\"+ d'infos\" alt=\"+ d'infos\"><i class=\"fa fa-plus-square\"><\/i><\/a><\/p>\n<\/span><!-- \/.extrait -->\t\t\t\t\n\t\t\t\t\t\t\t\t&nbsp;<span class=\"meta\"><ul class='post-meta'>\n<li><span class='post-meta-key'>om_disable_all_campaigns:<\/span> <\/li>\n<\/ul>\n<\/span><!-- \/.meta -->\n\t\t\t\t<\/div> <!-- \/.detail -->\n\t\t\t\t\n\t\t\t\t\n\t\t\t\t\n\t\t\t\t\n\t\t\t\t\n\t\t\t\t\n\t\t\t\t\n\t\t\t\t\n\t\t\t\t\n\t\t\t\t\n\t\t<!--\t<div class=\"meta-projet-associe-a-l-actu\"><\/div> -->\n\t\t\t\t  \n\t\t\t\t  <div class=\"mois-titre\">\t\t\t\t<!-- \/.mois-titre -->\n\t\t\t\t\n\t\t\t\t   \n\t\t\t\t <\/div><!-- \/.contenu-date -->\n\t\t\t<\/li>\n\n\t\t\n\t\t\t\t\t\t\n\t\t\t<li class=\"eo-event-venue-le-commun-des-mortels eo-event-cat-agenda eo-event-cat-betty-hovette eo-event-cat-detournees eo-event-cat-laurent-paris eo-event-future eo-all-day\" >\n\t\t\t\n\t\t\n\t\t\t\n\t\t\n\t\t\t\t<div class=\"date\"> \n\t\t\t\t <div class=\"jour\">29<\/div> <div class=\"mois\">May<\/div><\/div>\t\t\t\n\t\t\t\t\t\n\t\t\t\t\t\t\t\t\t\t\n\t\t\t\t\t\n\t\t\t\t <div class=\"contenu-date\">\n\t\t\t\t\n\t\t\t\t<h4 class=\"titre\">D\u00e9(tourn\u00e9es) \/\/ CiRuS RaMa - <\/h4> \n\t\t\t\t<div class=\"detail\">\n\t\t\t\t<span class=\"lieu\">Le Commun des Mortels, Simorre<\/span><!-- \/.lieu --><div class=\"jour\">29<\/div> <div class=\"mois\">May<\/div><\/div>\t\t\t\t\n\t\t\t\t\n\t\t\t\t\n\t\t\t\t<span class=\"extrait\"> - <p><a href=\"https:\/\/freddymorezon.org\/projets-de-territoire\/projet-de-territoire-gers\/\" title=\"+ d'infos\" alt=\"+ d'infos\"><i class=\"fa fa-plus-square\"><\/i><\/a><a href=\"https:\/\/collectif-lecommundesmortels.fr\/\" target=\"_blank\" title=\"+ d'infos\" alt=\"+ d'infos\"><i class=\"fa fa-plus-square\"><\/i><\/a><\/p>\n<\/span><!-- \/.extrait -->\t\t\t\t\n\t\t\t\t\t\t\t\t&nbsp;<span class=\"meta\"><ul class='post-meta'>\n<li><span class='post-meta-key'>om_disable_all_campaigns:<\/span> <\/li>\n<\/ul>\n<\/span><!-- \/.meta -->\n\t\t\t\t<\/div> <!-- \/.detail -->\n\t\t\t\t\n\t\t\t\t\n\t\t\t\t\n\t\t\t\t\n\t\t\t\t\n\t\t\t\t\n\t\t\t\t\n\t\t\t\t\n\t\t\t\t\n\t\t\t\t\n\t\t<!--\t<div class=\"meta-projet-associe-a-l-actu\"><\/div> -->\n\t\t\t\t  \n\t\t\t\t  <div class=\"mois-titre\">\t\t\t\t<!-- \/.mois-titre -->\n\t\t\t\t\n\t\t\t\t   \n\t\t\t\t <\/div><!-- \/.contenu-date -->\n\t\t\t<\/li>\n\n\t\t\n\t\t\t\t\t\t\n\t\t\t<li class=\"eo-event-venue-le-parvis eo-event-cat-agenda eo-event-cat-betty-hovette eo-event-cat-fabien-duscombs eo-event-cat-in-spirit eo-event-cat-sebastien-bacquias eo-event-future eo-all-day\" >\n\t\t\t\n\t\t\n\t\t\t\n\t\t\n\t\t\t\t<div class=\"date\"> \n\t\t\t\t <div class=\"jour\">30<\/div> <div class=\"mois\">May<\/div><\/div>\t\t\t\n\t\t\t\t\t\n\t\t\t\t\t\t\t\t\t\t\n\t\t\t\t\t\n\t\t\t\t <div class=\"contenu-date\">\n\t\t\t\t\n\t\t\t\t<h4 class=\"titre\">In Spirit - <\/h4> \n\t\t\t\t<div class=\"detail\">\n\t\t\t\t<span class=\"lieu\">Le Parvis, Tarbes<\/span><!-- \/.lieu --><div class=\"jour\">30<\/div> <div class=\"mois\">May<\/div><\/div>\t\t\t\t\n\t\t\t\t\n\t\t\t\t\n\t\t\t\t<span class=\"extrait\"> - <p><a href=\"https:\/\/freddymorezon.org\/productions\/in-spirit\/\" title=\"+ d'infos\" alt=\"+ d'infos\"><i class=\"fa fa-plus-square\"><\/i><\/a><a href=\"https:\/\/www.parvis.net\/\" target=\"_blank\" title=\"+ d'infos\" alt=\"+ d'infos\"><i class=\"fa fa-plus-square\"><\/i><\/a><\/p>\n<\/span><!-- \/.extrait -->\t\t\t\t\n\t\t\t\t\t\t\t\t&nbsp;<span class=\"meta\"><\/span><!-- \/.meta -->\n\t\t\t\t<\/div> <!-- \/.detail -->\n\t\t\t\t\n\t\t\t\t\n\t\t\t\t\n\t\t\t\t\n\t\t\t\t\n\t\t\t\t\n\t\t\t\t\n\t\t\t\t\n\t\t\t\t\n\t\t\t\t\n\t\t<!--\t<div class=\"meta-projet-associe-a-l-actu\"><\/div> -->\n\t\t\t\t  \n\t\t\t\t  <div class=\"mois-titre\">\t\t\t\t<!-- \/.mois-titre -->\n\t\t\t\t\n\t\t\t\t   \n\t\t\t\t <\/div><!-- \/.contenu-date -->\n\t\t\t<\/li>\n\n\t\t\n\t\t\t\t\t\t\n\t\t\t<li class=\"eo-event-venue-laymont eo-event-cat-agenda eo-event-cat-betty-hovette eo-event-cat-detournees eo-event-cat-laurent-paris eo-event-cat-mathieu-werchowski eo-event-cat-residence eo-event-cat-robin-fincker eo-event-future eo-multi-day eo-all-day\" >\n\t\t\t\n\t\t\n\t\t\t\n\t\t\n\t\t\t\t<div class=\"date\"> \n\t\t\t\t <div class=\"jour\">01<\/div> <div class=\"mois\">Jun<\/div><\/div>\t\t\t\n\t\t\t\t\t\n\t\t\t\t\t\t\t\t\t\t<div class=\"date2\"> \n\t\t\t\t<div class=\"jour\">05<\/div> <div class=\"mois\">Jun<\/div><\/div>\t\t\t\t\t\n\t\t\t\t\t\n\t\t\t\t <div class=\"contenu-date\">\n\t\t\t\t\n\t\t\t\t<h4 class=\"titre\">D\u00e9(tourn\u00e9es) \/\/ Laboratoire #2 &#8211; R\u00e9cits individuels et m\u00e9moire collective - <\/h4> \n\t\t\t\t<div class=\"detail\">\n\t\t\t\t<span class=\"lieu\">Laymont, Laymont<\/span><!-- \/.lieu --><div class=\"jour\">01<\/div> <div class=\"mois\">Jun<\/div><\/div>\t\t\t\t\n\t\t\t\t\n\t\t\t\t\n\t\t\t\t<span class=\"extrait\"> - <p><a href=\"https:\/\/freddymorezon.org\/projets-de-territoire\/projet-de-territoire-gers\/\" title=\"+ d'infos\" alt=\"+ d'infos\"><i class=\"fa fa-plus-square\"><\/i><\/a><\/p>\n<\/span><!-- \/.extrait -->\t\t\t\t\n\t\t\t\t\t\t\t\t&nbsp;<span class=\"meta\"><ul class='post-meta'>\n<li><span class='post-meta-key'>om_disable_all_campaigns:<\/span> <\/li>\n<\/ul>\n<\/span><!-- \/.meta -->\n\t\t\t\t<\/div> <!-- \/.detail -->\n\t\t\t\t\n\t\t\t\t\n\t\t\t\t\n\t\t\t\t\n\t\t\t\t\n\t\t\t\t\n\t\t\t\t\n\t\t\t\t\n\t\t\t\t\n\t\t\t\t\n\t\t<!--\t<div class=\"meta-projet-associe-a-l-actu\"><\/div> -->\n\t\t\t\t  \n\t\t\t\t  <div class=\"mois-titre\">\t\t\t\t<!-- \/.mois-titre -->\n\t\t\t\t\n\t\t\t\t   \n\t\t\t\t <\/div><!-- \/.contenu-date -->\n\t\t\t<\/li>\n\n\t\t\n\t\t\t\t\t\t\n\t\t\t<li class=\"eo-event-venue-la-villa-beaulieu eo-event-cat-agenda eo-event-cat-betty-hovette eo-event-cat-fabien-duscombs eo-event-cat-in-spirit eo-event-cat-sebastien-bacquias eo-event-future\" >\n\t\t\t\n\t\t\n\t\t\t\n\t\t\n\t\t\t\t<div class=\"date\"> \n\t\t\t\t <div class=\"jour\">21<\/div> <div class=\"mois\">Jul<\/div><\/div>\t\t\t\n\t\t\t\t\t\n\t\t\t\t\t\t\t\t\t\t\n\t\t\t\t\t\n\t\t\t\t <div class=\"contenu-date\">\n\t\t\t\t\n\t\t\t\t<h4 class=\"titre\">In Spirit - <\/h4> \n\t\t\t\t<div class=\"detail\">\n\t\t\t\t<span class=\"lieu\">La Villa Beaulieu, Beaulie-l\u00e8s-Loches<\/span><!-- \/.lieu --> - <span class=\"heure\">20h30<\/span>\t\t\t\t\n\t\t\t\t\n\t\t\t\t\n\t\t\t\t<span class=\"extrait\"> - <p><a href=\"https:\/\/freddymorezon.org\/productions\/in-spirit\/\" title=\"+ d'infos\" alt=\"+ d'infos\"><i class=\"fa fa-plus-square\"><\/i><\/a><a href=\"https:\/\/lavillabeaulieu.com\/\" target=\"_blank\" title=\"+ d'infos\" alt=\"+ d'infos\"><i class=\"fa fa-plus-square\"><\/i><\/a><\/p>\n<\/span><!-- \/.extrait -->\t\t\t\t\n\t\t\t\t\t\t\t\t&nbsp;<span class=\"meta\"><ul class='post-meta'>\n<li><span class='post-meta-key'>om_disable_all_campaigns:<\/span> <\/li>\n<\/ul>\n<\/span><!-- \/.meta -->\n\t\t\t\t<\/div> <!-- \/.detail -->\n\t\t\t\t\n\t\t\t\t\n\t\t\t\t\n\t\t\t\t\n\t\t\t\t\n\t\t\t\t\n\t\t\t\t\n\t\t\t\t\n\t\t\t\t\n\t\t\t\t\n\t\t<!--\t<div class=\"meta-projet-associe-a-l-actu\"><\/div> -->\n\t\t\t\t  \n\t\t\t\t  <div class=\"mois-titre\">\t\t\t\t<!-- \/.mois-titre -->\n\t\t\t\t\n\t\t\t\t   \n\t\t\t\t <\/div><!-- \/.contenu-date -->\n\t\t\t<\/li>\n\n\t\t\n\t<\/ul>\n\n\n<\/div><div id=\"panel-17489-0-0-1\" class=\"so-panel widget widget_sow-button\" data-index=\"1\" ><div\n\t\t\t\n\t\t\tclass=\"so-widget-sow-button so-widget-sow-button-flat-5192bebda948-24188\"\n\t\t\t\n\t\t><div class=\"ow-button-base ow-button-align-center\"\n>\n\t\t\t<a\n\t\t\t\t\thref=\"https:\/\/freddymorezon.org\/catalogue\/betty-hovette-solo\/\"\n\t\t\t\t\tclass=\"sowb-button ow-icon-placement-left ow-button-hover\" \t>\n\t\t<span>\n\t\t\t\n\t\t\tView all tour dates\t\t<\/span>\n\t\t\t<\/a>\n\t<\/div>\n<\/div><\/div><div id=\"panel-17489-0-0-2\" class=\"so-panel widget widget_sow-headline\" data-index=\"2\" ><div\n\t\t\t\n\t\t\tclass=\"so-widget-sow-headline so-widget-sow-headline-default-7746819de07c-24188\"\n\t\t\t\n\t\t><div class=\"sow-headline-container \">\n\t\t\t\t\t\t<div class=\"decoration\">\n\t\t\t\t\t\t<div class=\"decoration-inside\"><\/div>\n\t\t\t\t\t<\/div>\n\t\t\t\t\t<\/div>\n<\/div><\/div><div id=\"panel-17489-0-0-3\" class=\"so-panel widget widget_sow-editor\" data-index=\"3\" ><div\n\t\t\t\n\t\t\tclass=\"so-widget-sow-editor so-widget-sow-editor-base\"\n\t\t\t\n\t\t>\n<div class=\"siteorigin-widget-tinymce textwidget\">\n\t<h3>Line-up<\/h3>\n<p>Betty Hovette : piano<\/p>\n<\/div>\n<\/div><\/div><div id=\"panel-17489-0-0-4\" class=\"so-panel widget widget_sow-headline\" data-index=\"4\" ><div\n\t\t\t\n\t\t\tclass=\"so-widget-sow-headline so-widget-sow-headline-default-7746819de07c-24188\"\n\t\t\t\n\t\t><div class=\"sow-headline-container \">\n\t\t\t\t\t\t<div class=\"decoration\">\n\t\t\t\t\t\t<div class=\"decoration-inside\"><\/div>\n\t\t\t\t\t<\/div>\n\t\t\t\t\t<\/div>\n<\/div><\/div><div id=\"panel-17489-0-0-5\" class=\"so-panel widget widget_sow-editor panel-last-child\" data-index=\"5\" ><div\n\t\t\t\n\t\t\tclass=\"so-widget-sow-editor so-widget-sow-editor-base\"\n\t\t\t\n\t\t>\n<div class=\"siteorigin-widget-tinymce textwidget\">\n\t<h3>Contact<\/h3>\n<p>Sarah Recla \/\/ sarah@freddymorezon.org<\/p>\n<h3>links<\/h3>\n<ul>\n<li><i class=\"fa fa-chevron-right fa-2x\"><\/i> <a title=\"Betty Hovette\" href=\"https:\/\/freddymorezon.org\/artistes\/betty-hovette\/\">Betty Hovette<\/a><\/li>\n<\/ul>\n<\/div>\n<\/div><\/div><\/div><div id=\"pgc-17489-0-1\"  class=\"panel-grid-cell\" ><div id=\"panel-17489-0-1-0\" class=\"so-panel widget widget_sow-editor panel-first-child\" data-index=\"6\" ><div\n\t\t\t\n\t\t\tclass=\"so-widget-sow-editor so-widget-sow-editor-base\"\n\t\t\t\n\t\t>\n<div class=\"siteorigin-widget-tinymce textwidget\">\n\t<h2>Betty Hovette solo<\/h2>\n<\/div>\n<\/div><\/div><div id=\"panel-17489-0-1-1\" class=\"so-panel widget widget_sow-image\" data-index=\"7\" ><div\n\t\t\t\n\t\t\tclass=\"so-widget-sow-image so-widget-sow-image-default-8b5b6f678277-24188\"\n\t\t\t\n\t\t>\n<div class=\"sow-image-container\">\n\t\t<img \n\tsrc=\"https:\/\/freddymorezon.org\/wp-content\/uploads\/2023\/04\/2023-betty-hovette-solo-projet-1240x560.jpg\" width=\"1240\" height=\"560\" srcset=\"https:\/\/freddymorezon.org\/wp-content\/uploads\/2023\/04\/2023-betty-hovette-solo-projet-1240x560.jpg 1240w, https:\/\/freddymorezon.org\/wp-content\/uploads\/2023\/04\/2023-betty-hovette-solo-projet-800x362.jpg 800w, https:\/\/freddymorezon.org\/wp-content\/uploads\/2023\/04\/2023-betty-hovette-solo-projet-400x181.jpg 400w\" sizes=\"(max-width: 1240px) 100vw, 1240px\" alt=\"\" \t\tclass=\"so-widget-image\"\/>\n\t<\/div>\n\n<\/div><\/div><div id=\"panel-17489-0-1-2\" class=\"so-panel widget widget_sow-editor panel-last-child\" data-index=\"8\" ><div\n\t\t\t\n\t\t\tclass=\"so-widget-sow-editor so-widget-sow-editor-base\"\n\t\t\t\n\t\t>\n<div class=\"siteorigin-widget-tinymce textwidget\">\n\t<p class=\"copyright\" style=\"text-align: right;\">\u00a9 Fabien Dupouy<\/p>\n<p>Le roi des instruments \u2013 selon Berlioz \u2013 a \u00e9t\u00e9 soup\u00e7onn\u00e9 de ne pas avoir de personnalit\u00e9 propre. Dans la tradition classique, il peut se faire fl\u00fbte, orchestre, ch\u0153ur, violoncelle, mais o\u00f9 se situe la personnalit\u00e9 singuli\u00e8re de l\u2019instrument \u00e0 clavier\u00a0? Avec son solo, Betty Hovette propose sa r\u00e9ponse. Sous ses doigts, le piano existe non seulement \u00e0 travers ses 88 touches \u2013 sous mille formes, que ce soit celle du r\u00e9pertoire baroque-classique ou celle des musiques \u00e9crites du XXe si\u00e8cle qu\u2019elle pratique\u00a0\u2013 mais \u00e9galement \u00e0 partir de ses extensions imagin\u00e9es aussi bien dans les musiques dites contemporaines que par la pratique de l\u2019improvisation libre \u00e0 laquelle elle est \u00e0 pr\u00e9sent tr\u00e8s attach\u00e9e \u2013 jeu dans les cordes, sur le cadre, etc. Dans sa conception, le piano se situe \u00e0 la crois\u00e9e de tous ces univers qu\u2019elle synth\u00e9tise d\u2019une mani\u00e8re avant tout sensible, car bien consciente que l\u2019artiste de ce premier quart de XXIe si\u00e8cle a le devoir de cr\u00e9er des ponts avec tous les types de public, ce sans pour autant renoncer \u00e0 une ambition artistique qui aspire \u00e0 l\u2019\u00e9motion par la beaut\u00e9, parfois exp\u00e9rimentale. Une aventure humaine autant que musicale\u00a0!<\/p>\n<\/div>\n<\/div><\/div><\/div><\/div><\/div>","protected":false},"excerpt":{"rendered":"<p>Line-up Betty Hovette : piano Contact Sarah Recla \/\/ sarah@freddymorezon.org links Betty Hovette Betty Hovette solo \u00a9 Fabien Dupouy Le roi des instruments \u2013 selon Berlioz \u2013 a \u00e9t\u00e9 soup\u00e7onn\u00e9 de ne pas avoir de personnalit\u00e9 propre. Dans la tradition classique, il peut se faire fl\u00fbte, orchestre, ch\u0153ur, violoncelle, mais o\u00f9 se situe la personnalit\u00e9&hellip;<\/p>\n<p><a class=\"more-link\" href=\"https:\/\/freddymorezon.org\/en\/catalogue\/betty-hovette-solo\/\" title=\"Continue reading &lsquo;Betty Hovette solo&rsquo;\">Continue reading <span class=\"meta-nav\">&rarr;<\/span><\/a><\/p>\n","protected":false},"author":1,"featured_media":17491,"parent":134,"menu_order":0,"comment_status":"closed","ping_status":"closed","template":"page-templates\/full-width.php","meta":{"om_disable_all_campaigns":false,"_monsterinsights_skip_tracking":false,"_monsterinsights_sitenote_active":false,"_monsterinsights_sitenote_note":"","_monsterinsights_sitenote_category":0,"_uf_show_specific_survey":0,"_uf_disable_surveys":false,"footnotes":""},"categories":[766,1172,932],"tags":[],"class_list":["post-17489","page","type-page","status-publish","has-post-thumbnail","hentry","category-betty-hovette","category-page-catalogue","category-projets"],"aioseo_notices":[],"yoast_head":"<!-- This site is optimized with the Yoast SEO plugin v27.3 - https:\/\/yoast.com\/product\/yoast-seo-wordpress\/ -->\n<title>Betty Hovette solo | Freddy Morezon<\/title>\n<meta name=\"robots\" content=\"index, follow, max-snippet:-1, max-image-preview:large, max-video-preview:-1\" \/>\n<link rel=\"canonical\" href=\"https:\/\/freddymorezon.org\/catalogue\/betty-hovette-solo\/\" \/>\n<meta property=\"og:locale\" content=\"en_US\" \/>\n<meta property=\"og:type\" content=\"article\" \/>\n<meta property=\"og:title\" content=\"Betty Hovette solo | Freddy Morezon\" \/>\n<meta property=\"og:description\" content=\"Line-up Betty Hovette : piano Contact Sarah Recla \/\/ sarah@freddymorezon.org links Betty Hovette Betty Hovette solo \u00a9 Fabien Dupouy Le roi des instruments \u2013 selon Berlioz \u2013 a \u00e9t\u00e9 soup\u00e7onn\u00e9 de ne pas avoir de personnalit\u00e9 propre. Dans la tradition classique, il peut se faire fl\u00fbte, orchestre, ch\u0153ur, violoncelle, mais o\u00f9 se situe la personnalit\u00e9&hellip;Continue reading &rarr;\" \/>\n<meta property=\"og:url\" content=\"https:\/\/freddymorezon.org\/catalogue\/betty-hovette-solo\/\" \/>\n<meta property=\"og:site_name\" content=\"Freddy Morezon\" \/>\n<meta property=\"article:publisher\" content=\"https:\/\/www.facebook.com\/freddy.morezon\/\" \/>\n<meta property=\"article:modified_time\" content=\"2024-11-25T11:01:19+00:00\" \/>\n<meta property=\"og:image\" content=\"https:\/\/freddymorezon.org\/wp-content\/uploads\/2023\/04\/2023-betty-hovette-solo-vignette.jpg\" \/>\n\t<meta property=\"og:image:width\" content=\"1368\" \/>\n\t<meta property=\"og:image:height\" content=\"934\" \/>\n\t<meta property=\"og:image:type\" content=\"image\/jpeg\" \/>\n<meta name=\"twitter:card\" content=\"summary_large_image\" \/>\n<script type=\"application\/ld+json\" class=\"yoast-schema-graph\">{\"@context\":\"https:\\\/\\\/schema.org\",\"@graph\":[{\"@type\":\"WebPage\",\"@id\":\"https:\\\/\\\/freddymorezon.org\\\/catalogue\\\/betty-hovette-solo\\\/\",\"url\":\"https:\\\/\\\/freddymorezon.org\\\/catalogue\\\/betty-hovette-solo\\\/\",\"name\":\"Betty Hovette solo | Freddy Morezon\",\"isPartOf\":{\"@id\":\"https:\\\/\\\/freddymorezon.org\\\/#website\"},\"primaryImageOfPage\":{\"@id\":\"https:\\\/\\\/freddymorezon.org\\\/catalogue\\\/betty-hovette-solo\\\/#primaryimage\"},\"image\":{\"@id\":\"https:\\\/\\\/freddymorezon.org\\\/catalogue\\\/betty-hovette-solo\\\/#primaryimage\"},\"thumbnailUrl\":\"https:\\\/\\\/freddymorezon.org\\\/wp-content\\\/uploads\\\/2023\\\/04\\\/2023-betty-hovette-solo-vignette.jpg\",\"datePublished\":\"2023-04-26T08:57:26+00:00\",\"dateModified\":\"2024-11-25T11:01:19+00:00\",\"breadcrumb\":{\"@id\":\"https:\\\/\\\/freddymorezon.org\\\/catalogue\\\/betty-hovette-solo\\\/#breadcrumb\"},\"inLanguage\":\"en-US\",\"potentialAction\":[{\"@type\":\"ReadAction\",\"target\":[\"https:\\\/\\\/freddymorezon.org\\\/catalogue\\\/betty-hovette-solo\\\/\"]}]},{\"@type\":\"ImageObject\",\"inLanguage\":\"en-US\",\"@id\":\"https:\\\/\\\/freddymorezon.org\\\/catalogue\\\/betty-hovette-solo\\\/#primaryimage\",\"url\":\"https:\\\/\\\/freddymorezon.org\\\/wp-content\\\/uploads\\\/2023\\\/04\\\/2023-betty-hovette-solo-vignette.jpg\",\"contentUrl\":\"https:\\\/\\\/freddymorezon.org\\\/wp-content\\\/uploads\\\/2023\\\/04\\\/2023-betty-hovette-solo-vignette.jpg\",\"width\":1368,\"height\":934},{\"@type\":\"BreadcrumbList\",\"@id\":\"https:\\\/\\\/freddymorezon.org\\\/catalogue\\\/betty-hovette-solo\\\/#breadcrumb\",\"itemListElement\":[{\"@type\":\"ListItem\",\"position\":1,\"name\":\"Accueil\",\"item\":\"https:\\\/\\\/freddymorezon.org\\\/\"},{\"@type\":\"ListItem\",\"position\":2,\"name\":\"Catalogue\",\"item\":\"https:\\\/\\\/freddymorezon.org\\\/catalogue\\\/\"},{\"@type\":\"ListItem\",\"position\":3,\"name\":\"Betty Hovette solo\"}]},{\"@type\":\"WebSite\",\"@id\":\"https:\\\/\\\/freddymorezon.org\\\/#website\",\"url\":\"https:\\\/\\\/freddymorezon.org\\\/\",\"name\":\"Freddy Morezon\",\"description\":\"jazz - musique improvis\u00e9e - esth\u00e9tiques plurielles\",\"publisher\":{\"@id\":\"https:\\\/\\\/freddymorezon.org\\\/#organization\"},\"potentialAction\":[{\"@type\":\"SearchAction\",\"target\":{\"@type\":\"EntryPoint\",\"urlTemplate\":\"https:\\\/\\\/freddymorezon.org\\\/?s={search_term_string}\"},\"query-input\":{\"@type\":\"PropertyValueSpecification\",\"valueRequired\":true,\"valueName\":\"search_term_string\"}}],\"inLanguage\":\"en-US\"},{\"@type\":\"Organization\",\"@id\":\"https:\\\/\\\/freddymorezon.org\\\/#organization\",\"name\":\"Association Freddy Morezon\",\"url\":\"https:\\\/\\\/freddymorezon.org\\\/\",\"logo\":{\"@type\":\"ImageObject\",\"inLanguage\":\"en-US\",\"@id\":\"https:\\\/\\\/freddymorezon.org\\\/#\\\/schema\\\/logo\\\/image\\\/\",\"url\":\"https:\\\/\\\/freddymorezon.org\\\/wp-content\\\/uploads\\\/2016\\\/02\\\/mini-logo-header-site2.jpg\",\"contentUrl\":\"https:\\\/\\\/freddymorezon.org\\\/wp-content\\\/uploads\\\/2016\\\/02\\\/mini-logo-header-site2.jpg\",\"width\":234,\"height\":174,\"caption\":\"Association Freddy Morezon\"},\"image\":{\"@id\":\"https:\\\/\\\/freddymorezon.org\\\/#\\\/schema\\\/logo\\\/image\\\/\"},\"sameAs\":[\"https:\\\/\\\/www.facebook.com\\\/freddy.morezon\\\/\",\"https:\\\/\\\/www.instagram.com\\\/freddymorezon\\\/\",\"https:\\\/\\\/www.youtube.com\\\/user\\\/freddymorezon\",\"https:\\\/\\\/fr.linkedin.com\\\/company\\\/freddy-morezon-p.r.o.d.\"]}]}<\/script>\n<!-- \/ Yoast SEO plugin. -->","yoast_head_json":{"title":"Betty Hovette solo | Freddy Morezon","robots":{"index":"index","follow":"follow","max-snippet":"max-snippet:-1","max-image-preview":"max-image-preview:large","max-video-preview":"max-video-preview:-1"},"canonical":"https:\/\/freddymorezon.org\/catalogue\/betty-hovette-solo\/","og_locale":"en_US","og_type":"article","og_title":"Betty Hovette solo | Freddy Morezon","og_description":"Line-up Betty Hovette : piano Contact Sarah Recla \/\/ sarah@freddymorezon.org links Betty Hovette Betty Hovette solo \u00a9 Fabien Dupouy Le roi des instruments \u2013 selon Berlioz \u2013 a \u00e9t\u00e9 soup\u00e7onn\u00e9 de ne pas avoir de personnalit\u00e9 propre. Dans la tradition classique, il peut se faire fl\u00fbte, orchestre, ch\u0153ur, violoncelle, mais o\u00f9 se situe la personnalit\u00e9&hellip;Continue reading &rarr;","og_url":"https:\/\/freddymorezon.org\/catalogue\/betty-hovette-solo\/","og_site_name":"Freddy Morezon","article_publisher":"https:\/\/www.facebook.com\/freddy.morezon\/","article_modified_time":"2024-11-25T11:01:19+00:00","og_image":[{"width":1368,"height":934,"url":"https:\/\/freddymorezon.org\/wp-content\/uploads\/2023\/04\/2023-betty-hovette-solo-vignette.jpg","type":"image\/jpeg"}],"twitter_card":"summary_large_image","schema":{"@context":"https:\/\/schema.org","@graph":[{"@type":"WebPage","@id":"https:\/\/freddymorezon.org\/catalogue\/betty-hovette-solo\/","url":"https:\/\/freddymorezon.org\/catalogue\/betty-hovette-solo\/","name":"Betty Hovette solo | Freddy Morezon","isPartOf":{"@id":"https:\/\/freddymorezon.org\/#website"},"primaryImageOfPage":{"@id":"https:\/\/freddymorezon.org\/catalogue\/betty-hovette-solo\/#primaryimage"},"image":{"@id":"https:\/\/freddymorezon.org\/catalogue\/betty-hovette-solo\/#primaryimage"},"thumbnailUrl":"https:\/\/freddymorezon.org\/wp-content\/uploads\/2023\/04\/2023-betty-hovette-solo-vignette.jpg","datePublished":"2023-04-26T08:57:26+00:00","dateModified":"2024-11-25T11:01:19+00:00","breadcrumb":{"@id":"https:\/\/freddymorezon.org\/catalogue\/betty-hovette-solo\/#breadcrumb"},"inLanguage":"en-US","potentialAction":[{"@type":"ReadAction","target":["https:\/\/freddymorezon.org\/catalogue\/betty-hovette-solo\/"]}]},{"@type":"ImageObject","inLanguage":"en-US","@id":"https:\/\/freddymorezon.org\/catalogue\/betty-hovette-solo\/#primaryimage","url":"https:\/\/freddymorezon.org\/wp-content\/uploads\/2023\/04\/2023-betty-hovette-solo-vignette.jpg","contentUrl":"https:\/\/freddymorezon.org\/wp-content\/uploads\/2023\/04\/2023-betty-hovette-solo-vignette.jpg","width":1368,"height":934},{"@type":"BreadcrumbList","@id":"https:\/\/freddymorezon.org\/catalogue\/betty-hovette-solo\/#breadcrumb","itemListElement":[{"@type":"ListItem","position":1,"name":"Accueil","item":"https:\/\/freddymorezon.org\/"},{"@type":"ListItem","position":2,"name":"Catalogue","item":"https:\/\/freddymorezon.org\/catalogue\/"},{"@type":"ListItem","position":3,"name":"Betty Hovette solo"}]},{"@type":"WebSite","@id":"https:\/\/freddymorezon.org\/#website","url":"https:\/\/freddymorezon.org\/","name":"Freddy Morezon","description":"jazz - musique improvis\u00e9e - esth\u00e9tiques plurielles","publisher":{"@id":"https:\/\/freddymorezon.org\/#organization"},"potentialAction":[{"@type":"SearchAction","target":{"@type":"EntryPoint","urlTemplate":"https:\/\/freddymorezon.org\/?s={search_term_string}"},"query-input":{"@type":"PropertyValueSpecification","valueRequired":true,"valueName":"search_term_string"}}],"inLanguage":"en-US"},{"@type":"Organization","@id":"https:\/\/freddymorezon.org\/#organization","name":"Association Freddy Morezon","url":"https:\/\/freddymorezon.org\/","logo":{"@type":"ImageObject","inLanguage":"en-US","@id":"https:\/\/freddymorezon.org\/#\/schema\/logo\/image\/","url":"https:\/\/freddymorezon.org\/wp-content\/uploads\/2016\/02\/mini-logo-header-site2.jpg","contentUrl":"https:\/\/freddymorezon.org\/wp-content\/uploads\/2016\/02\/mini-logo-header-site2.jpg","width":234,"height":174,"caption":"Association Freddy Morezon"},"image":{"@id":"https:\/\/freddymorezon.org\/#\/schema\/logo\/image\/"},"sameAs":["https:\/\/www.facebook.com\/freddy.morezon\/","https:\/\/www.instagram.com\/freddymorezon\/","https:\/\/www.youtube.com\/user\/freddymorezon","https:\/\/fr.linkedin.com\/company\/freddy-morezon-p.r.o.d."]}]}},"_links":{"self":[{"href":"https:\/\/freddymorezon.org\/en\/wp-json\/wp\/v2\/pages\/17489","targetHints":{"allow":["GET"]}}],"collection":[{"href":"https:\/\/freddymorezon.org\/en\/wp-json\/wp\/v2\/pages"}],"about":[{"href":"https:\/\/freddymorezon.org\/en\/wp-json\/wp\/v2\/types\/page"}],"author":[{"embeddable":true,"href":"https:\/\/freddymorezon.org\/en\/wp-json\/wp\/v2\/users\/1"}],"replies":[{"embeddable":true,"href":"https:\/\/freddymorezon.org\/en\/wp-json\/wp\/v2\/comments?post=17489"}],"version-history":[{"count":6,"href":"https:\/\/freddymorezon.org\/en\/wp-json\/wp\/v2\/pages\/17489\/revisions"}],"predecessor-version":[{"id":21367,"href":"https:\/\/freddymorezon.org\/en\/wp-json\/wp\/v2\/pages\/17489\/revisions\/21367"}],"up":[{"embeddable":true,"href":"https:\/\/freddymorezon.org\/en\/wp-json\/wp\/v2\/pages\/134"}],"wp:featuredmedia":[{"embeddable":true,"href":"https:\/\/freddymorezon.org\/en\/wp-json\/wp\/v2\/media\/17491"}],"wp:attachment":[{"href":"https:\/\/freddymorezon.org\/en\/wp-json\/wp\/v2\/media?parent=17489"}],"wp:term":[{"taxonomy":"category","embeddable":true,"href":"https:\/\/freddymorezon.org\/en\/wp-json\/wp\/v2\/categories?post=17489"},{"taxonomy":"post_tag","embeddable":true,"href":"https:\/\/freddymorezon.org\/en\/wp-json\/wp\/v2\/tags?post=17489"}],"curies":[{"name":"wp","href":"https:\/\/api.w.org\/{rel}","templated":true}]}}