
{"id":18568,"date":"2023-11-29T15:08:47","date_gmt":"2023-11-29T14:08:47","guid":{"rendered":"https:\/\/freddymorezon.org\/?page_id=18568"},"modified":"2024-09-23T14:50:07","modified_gmt":"2024-09-23T13:50:07","slug":"lupercales","status":"publish","type":"page","link":"https:\/\/freddymorezon.org\/en\/productions\/lupercales\/","title":{"rendered":"Lupercales"},"content":{"rendered":"<div id=\"pl-18568\"  class=\"panel-layout\" ><div id=\"pg-18568-0\"  class=\"panel-grid panel-no-style\" ><div id=\"pgc-18568-0-0\"  class=\"panel-grid-cell\" ><div id=\"panel-18568-0-0-0\" class=\"so-panel widget widget_eo_event_list_widget EO_Event_List_Widget panel-first-child\" data-index=\"0\" >\n\n<\/div><div id=\"panel-18568-0-0-1\" class=\"so-panel widget widget_sow-button\" data-index=\"1\" ><div\n\t\t\t\n\t\t\tclass=\"so-widget-sow-button so-widget-sow-button-flat-5192bebda948-18568\"\n\t\t\t\n\t\t><div class=\"ow-button-base ow-button-align-center\"\n>\n\t\t\t<a\n\t\t\t\t\thref=\"https:\/\/freddymorezon.org\/productions\/lupercales\/agenda-lupercales\/\"\n\t\t\t\t\tclass=\"sowb-button ow-icon-placement-left ow-button-hover\" \t>\n\t\t<span>\n\t\t\t\n\t\t\tView all tour dates\t\t<\/span>\n\t\t\t<\/a>\n\t<\/div>\n<\/div><\/div><div id=\"panel-18568-0-0-2\" class=\"so-panel widget widget_sow-editor\" data-index=\"2\" ><div\n\t\t\t\n\t\t\tclass=\"so-widget-sow-editor so-widget-sow-editor-base\"\n\t\t\t\n\t\t><h3 class=\"widget-title\">News<\/h3>\n<div class=\"siteorigin-widget-tinymce textwidget\">\n\t<\/div>\n<\/div><\/div><div id=\"panel-18568-0-0-3\" class=\"so-panel widget widget_sow-headline\" data-index=\"3\" ><div\n\t\t\t\n\t\t\tclass=\"so-widget-sow-headline so-widget-sow-headline-default-5c0141689a71-18568\"\n\t\t\t\n\t\t><div class=\"sow-headline-container \">\n\t\t\t\t\t\t<div class=\"decoration\">\n\t\t\t\t\t\t<div class=\"decoration-inside\"><\/div>\n\t\t\t\t\t<\/div>\n\t\t\t\t\t<\/div>\n<\/div><\/div><div id=\"panel-18568-0-0-4\" class=\"so-panel widget widget_sow-editor\" data-index=\"4\" ><div\n\t\t\t\n\t\t\tclass=\"so-widget-sow-editor so-widget-sow-editor-base\"\n\t\t\t\n\t\t>\n<div class=\"siteorigin-widget-tinymce textwidget\">\n\t<p>SAVE THE DATE<br \/>\n06.14.24 \u23ae Album release on the Mr Morezon label<br \/>\n<a href=\"https:\/\/freddymorezon.org\/wp-content\/uploads\/2024\/05\/CP-lupercales-anglais.pdf\">PRESS RELEASE<\/a><\/p>\n<p>Preview a track from the album below !<\/p>\n<\/div>\n<\/div><\/div><div id=\"panel-18568-0-0-5\" class=\"so-panel widget widget_sow-image\" data-index=\"5\" ><div\n\t\t\t\n\t\t\tclass=\"so-widget-sow-image so-widget-sow-image-default-8b5b6f678277-18568\"\n\t\t\t\n\t\t>\n<div class=\"sow-image-container\">\n\t\t<img \n\tsrc=\"https:\/\/freddymorezon.org\/wp-content\/uploads\/2024\/04\/pochette_lupercale_carre.jpg\" width=\"211\" height=\"377\" srcset=\"https:\/\/freddymorezon.org\/wp-content\/uploads\/2024\/04\/pochette_lupercale_carre.jpg 837w, https:\/\/freddymorezon.org\/wp-content\/uploads\/2024\/04\/pochette_lupercale_carre-800x723.jpg 800w, https:\/\/freddymorezon.org\/wp-content\/uploads\/2024\/04\/pochette_lupercale_carre-400x361.jpg 400w\" sizes=\"(max-width: 211px) 100vw, 211px\" alt=\"\" \t\tclass=\"so-widget-image\"\/>\n\t<\/div>\n\n<\/div><\/div><div id=\"panel-18568-0-0-6\" class=\"so-panel widget widget_sow-editor\" data-index=\"6\" ><div\n\t\t\t\n\t\t\tclass=\"so-widget-sow-editor so-widget-sow-editor-base\"\n\t\t\t\n\t\t>\n<div class=\"siteorigin-widget-tinymce textwidget\">\n\t<h3>\u00c9COUTER<br \/>\n<iframe style=\"border: 0; width: 100%; height: 42px;\" src=\"https:\/\/bandcamp.com\/EmbeddedPlayer\/track=274280063\/size=small\/bgcol=ffffff\/linkcol=0687f5\/transparent=true\/\" seamless=\"\"><a href=\"https:\/\/freddymorezonprod.bandcamp.com\/track\/autre-et-pareil\">autre et pareil by Christine Wodrascka et Didier Lasserre<\/a><\/iframe><\/h3>\n<\/div>\n<\/div><\/div><div id=\"panel-18568-0-0-7\" class=\"so-panel widget widget_sow-editor\" data-index=\"7\" ><div\n\t\t\t\n\t\t\tclass=\"so-widget-sow-editor so-widget-sow-editor-base\"\n\t\t\t\n\t\t>\n<div class=\"siteorigin-widget-tinymce textwidget\">\n\t<h3>Line-up<\/h3>\n<p><strong>Christine Wodrascka :<\/strong> piano<br \/>\n<strong>Didier Lasserre :<\/strong> drums<\/p>\n<\/div>\n<\/div><\/div><div id=\"panel-18568-0-0-8\" class=\"so-panel widget widget_sow-editor\" data-index=\"8\" ><div\n\t\t\t\n\t\t\tclass=\"so-widget-sow-editor so-widget-sow-editor-base\"\n\t\t\t\n\t\t><h3 class=\"widget-title\">Contact<\/h3>\n<div class=\"siteorigin-widget-tinymce textwidget\">\n\t<h3 class=\"widget-title\">Claire Dabos <a href=\"mailto:claire@freddymorezon.org\">claire<span id=\"eeb-721304-487795\">@freddymorezon.org<\/span><\/a><\/h3>\n<\/div>\n<\/div><\/div><div id=\"panel-18568-0-0-9\" class=\"so-panel widget widget_sow-editor\" data-index=\"9\" ><div\n\t\t\t\n\t\t\tclass=\"so-widget-sow-editor so-widget-sow-editor-base\"\n\t\t\t\n\t\t><h3 class=\"widget-title\">Links<\/h3>\n<div class=\"siteorigin-widget-tinymce textwidget\">\n\t<p><a href=\"https:\/\/freddymorezon.org\/artistes\/christine-wodrascka\/\">Christine Wodraska<\/a><br \/>\n<a href=\"https:\/\/didierlasserre.wordpress.com\/\">Didier Lasserre<\/a><\/p>\n<\/div>\n<\/div><\/div><div id=\"panel-18568-0-0-10\" class=\"so-panel widget widget_sow-editor panel-last-child\" data-index=\"10\" ><div\n\t\t\t\n\t\t\tclass=\"so-widget-sow-editor so-widget-sow-editor-base\"\n\t\t\t\n\t\t><h3 class=\"widget-title\">AUTRE PROJET<\/h3>\n<div class=\"siteorigin-widget-tinymce textwidget\">\n\t<p><a href=\"https:\/\/ayler.com\/didier-lasserre-silence-was-pleased.html\" target=\"_blank\" rel=\"noopener\">Silence was pleased<\/a><\/p>\n<\/div>\n<\/div><\/div><\/div><div id=\"pgc-18568-0-1\"  class=\"panel-grid-cell\" ><div id=\"panel-18568-0-1-0\" class=\"so-panel widget widget_sow-editor panel-first-child\" data-index=\"11\" ><div\n\t\t\t\n\t\t\tclass=\"so-widget-sow-editor so-widget-sow-editor-base\"\n\t\t\t\n\t\t>\n<div class=\"siteorigin-widget-tinymce textwidget\">\n\t<h1>lupercales<\/h1>\n<\/div>\n<\/div><\/div><div id=\"panel-18568-0-1-1\" class=\"so-panel widget widget_sow-image\" data-index=\"12\" ><div\n\t\t\t\n\t\t\tclass=\"so-widget-sow-image so-widget-sow-image-default-8b5b6f678277-18568\"\n\t\t\t\n\t\t>\n<div class=\"sow-image-container\">\n\t\t<img \n\tsrc=\"https:\/\/freddymorezon.org\/wp-content\/uploads\/2024\/02\/Christine-Didier-@-Denis-Lecointe-1240x560.jpg\" width=\"1240\" height=\"560\" sizes=\"(max-width: 1240px) 100vw, 1240px\" title=\"Christine Wodrascka et Didier @ Denis Lecointe\" alt=\"\" \t\tclass=\"so-widget-image\"\/>\n\t<\/div>\n\n<\/div><\/div><div id=\"panel-18568-0-1-2\" class=\"so-panel widget widget_sow-editor\" data-index=\"13\" ><div\n\t\t\t\n\t\t\tclass=\"so-widget-sow-editor so-widget-sow-editor-base\"\n\t\t\t\n\t\t>\n<div class=\"siteorigin-widget-tinymce textwidget\">\n\t<h5 class=\"cvGsUA direction-ltr align-justify para-style-body\"><span class=\"OYPEnA text-decoration-none text-strikethrough-none\"><\/p>\n<p>One day, in 2018, Didier Lasserre and Christine Wodrascka found themselves in the transatlantic project THE BRIDGE, in a Franco-American free jazz or improvised music quintet, \"les Minuscules Sangliers\", with Keefe Jackson, Dave Rempis and Peter Orins.<br \/>\nOn a three-week tour of France, Didier L and Christine W had the opportunity to observe each other, to cross-fertilise their music and even to confront each other. They found more than just an affinity! The rhythm and all its secrets, the sound and all its richness, the energy and all its nuances, they enjoy it, have fun with it, seriously, in total freedom.<br \/>\nAnother day, in 2021, Didier creates a septet project, 'Silence was pleased' - Didier Lasserre, Jean-Luc Cappozzo, Ga\u00ebl Mevel, Denis Cointe, Laurent Cerciat, Christine Wodrascka, Benjamin Bondonneau, Lo\u00efc Lachaize. Here, Didier creates a kind of itinerary made up of different encounters with very different colours: a beautiful poetic moment. A stop is planned at a bend in the road: Didier L and Ch W play as a duo. It's as good as it gets at any performance.<br \/>\nIt was here that the duo of Didier Lasserre, drums, and Christine Wodrascka, piano, was born. The recording 'Lupercales 1' proves that this step was taken. Their true roots lie in free jazz. Complemented by contemporary music in all its forms. Together, behind their instruments, they like to surprise each other, support each other, confuse each other, contradict each other, let themselves float in the space of sound, gradually building a furrow, digging, insisting, repeating, playing with full or empty, silence or power, black or white.<\/p>\n<p>An obvious duo in their genre.<\/p>\n<h5 class=\"cvGsUA direction-ltr align-justify para-style-body\"><span class=\"OYPEnA text-decoration-none text-strikethrough-none\">lupercales \/1<\/span><\/h5>\n<p>An invisible score, a sheet of blackened, perforated, striped graph paper,<br \/>\na canvas of rhythms conceived by three in tight stitches,<br \/>\na harmony of a single stroke, a pure sprint,<br \/>\nChristine Wodrascka &amp; Didier Lasserre play out their presence in reality and the reality of their presence.<\/p>\n<p>For free? Of course, they have paid their respects... to history, to what we call memory, and also to expectation.<br \/>\nBut make no mistake: this is more than just a way out, it is about freedom.<\/p>\n<p>Denis Cointe is currently working on a documentary about improvised music, in particular with Didier Lasserre and Christine Wodrascka.<br \/>\nIt is being produced by the Atelier documentaire.<\/p>\n<\/div>\n<\/div><\/div><div id=\"panel-18568-0-1-3\" class=\"so-panel widget widget_sow-editor panel-last-child\" data-index=\"14\" ><div\n\t\t\t\n\t\t\tclass=\"so-widget-sow-editor so-widget-sow-editor-base\"\n\t\t\t\n\t\t>\n<div class=\"siteorigin-widget-tinymce textwidget\">\n\t<h3>Vid\u00e9os<\/h3>\n<div class=\"pt-cv-wrapper\">\n<div class=\"pt-cv-view pt-cv-scrollable pt-cv-colsys pt-cv-left pt-cv-sharp-buttons\" id=\"pt-cv-view-eaa7d7dwj7\">\n<div data-id=\"pt-cv-page-1\" class=\"pt-cv-page\" data-cvc=\"2\">\n<div id=\"35337d6g27\" class=\"pt-cv-carousel pt-cv-slide\" data-ride=\"cvcarousel\" data-interval=false>\n<div class=\"carousel-inner\">\n<div class=\"item active\">\n<div class=\"row\">\n<div class=\"col-md-6 col-sm-12 col-xs-12 pt-cv-content-item pt-cv-1-col\"  data-pid=\"20284\">\n<div class=\"pt-cv-carousel-caption pt-cv-cap-wo-img\"><a href=\"\" class=\"pt-cv-none pt-cv-href-thumbnail pt-cv-thumb-default cvplbd\" target=\"pt-cv-none\" rel=\"nofollow\"><iframe loading=\"lazy\" title=\"Lupercales Le Vent Des Signes\" width=\"560\" height=\"315\" src=\"https:\/\/www.youtube.com\/embed\/nac9YYct5KU?feature=oembed\" frameborder=\"0\" allow=\"accelerometer; autoplay; clipboard-write; encrypted-media; gyroscope; picture-in-picture; web-share\" referrerpolicy=\"strict-origin-when-cross-origin\" allowfullscreen><\/iframe><\/a><\/div>\n<\/div>\n<div class=\"col-md-6 col-sm-12 col-xs-12 pt-cv-content-item pt-cv-1-col\"  data-pid=\"18570\"><a href=\"\" class=\"pt-cv-none pt-cv-href-thumbnail pt-cv-thumb-default cvplbd\" target=\"pt-cv-none\" rel=\"nofollow\"><img loading=\"lazy\" decoding=\"async\" width=\"560\" height=\"800\" style=\"max-height: 800px;\" src=\"https:\/\/freddymorezon.org\/wp-content\/plugins\/pt-content-views-pro\/public\/assets\/images\/default_image.png\" class=\"pt-cv-thumbnail img-none not-found\" alt=\"Vid\u00e9o - lupercales\" \/><\/a><\/p>\n<div class=\"pt-cv-carousel-caption pt-cv-cap-w-img\"><\/div>\n<\/div>\n<\/div>\n<\/div>\n<\/div>\n<\/div>\n<\/div>\n<\/div>\n<\/div>\n<style type=\"text\/css\" id=\"pt-cv-inline-style-8c671deu7j\">#pt-cv-view-eaa7d7dwj7.pt-cv-post-border .pt-cv-content-item   { border-top-style: solid; border-left-style: solid; }\n#pt-cv-view-eaa7d7dwj7 .pt-cv-title a, #pt-cv-view-eaa7d7dwj7  .panel-title { font-weight: 600 !important; }\n#pt-cv-view-eaa7d7dwj7 .pt-cv-specialp * { font-size: 13px !important; line-height: 1.3 !important; color: #fff !important; background-color: #CC3333 !important; }\n#pt-cv-view-eaa7d7dwj7 .pt-cv-pficon  { color: #bbb !important; }\n#pt-cv-view-eaa7d7dwj7  .add_to_cart_button, #pt-cv-view-eaa7d7dwj7  .add_to_cart_button *   { color: #ffffff !important; background-color: #00aeef !important; }\n#pt-cv-view-eaa7d7dwj7  .woocommerce-onsale   { color: #ffffff !important; background-color: #ff5a5f !important; }\n#pt-cv-view-eaa7d7dwj7 .pt-cv-readmore  { color: #ffffff !important; background-color: #00aeef !important; }\n#pt-cv-view-eaa7d7dwj7 .pt-cv-readmore:hover  { color: #ffffff !important; background-color: #00aeef !important; }\n#pt-cv-view-eaa7d7dwj7  + .pt-cv-pagination-wrapper .pt-cv-more , #pt-cv-view-eaa7d7dwj7  + .pt-cv-pagination-wrapper .pagination .active a { color: #ffffff !important; background-color: #00aeef !important; }\n#pt-cv-view-eaa7d7dwj7 .pt-cv-gls-header  { background-color: #00aeef !important; }\n#pt-cv-view-eaa7d7dwj7 .pt-cv-tao  { font-size: 20px !important; line-height: 1.3 !important; color: #ffffff !important; background-color: #00aeef !important; }\n#pt-cv-view-eaa7d7dwj7 { text-align: left; }<\/style>\n<\/div>\n<\/div><\/div><\/div><\/div><\/div>","protected":false},"excerpt":{"rendered":"<p>SAVE THE DATE 06.14.24 \u23ae Album release on the Mr Morezon label PRESS RELEASE Preview a track from the album below ! \u00c9COUTER autre et pareil by Christine Wodrascka et Didier Lasserre Line-up Christine Wodrascka : piano Didier Lasserre : drums Claire Dabos claire@freddymorezon.org Christine Wodraska Didier Lasserre Silence was pleased lupercales One day, in&hellip;<\/p>\n<p><a class=\"more-link\" href=\"https:\/\/freddymorezon.org\/en\/productions\/lupercales\/\" title=\"Continue reading &lsquo;Lupercales&rsquo;\">Continue reading <span class=\"meta-nav\">&rarr;<\/span><\/a><\/p>\n","protected":false},"author":1,"featured_media":20903,"parent":18236,"menu_order":0,"comment_status":"closed","ping_status":"closed","template":"page-templates\/full-width.php","meta":{"om_disable_all_campaigns":false,"_monsterinsights_skip_tracking":false,"_monsterinsights_sitenote_active":false,"_monsterinsights_sitenote_note":"","_monsterinsights_sitenote_category":0,"_uf_show_specific_survey":0,"_uf_disable_surveys":false,"footnotes":""},"categories":[283,1187,1172],"tags":[],"class_list":["post-18568","page","type-page","status-publish","has-post-thumbnail","hentry","category-christine-wodrascka","category-lupercales","category-page-catalogue"],"aioseo_notices":[],"yoast_head":"<!-- This site is optimized with the Yoast SEO plugin v27.3 - https:\/\/yoast.com\/product\/yoast-seo-wordpress\/ -->\n<title>Lupercales | Freddy Morezon<\/title>\n<meta name=\"description\" content=\"lupercales r\u00e9unit pour la 1\u00e8re fois en duo Christine Wodrascka et Didier Lasserre autour de leur approche unique de la musique improvis\u00e9e.\" \/>\n<meta name=\"robots\" content=\"index, follow, max-snippet:-1, max-image-preview:large, max-video-preview:-1\" \/>\n<link rel=\"canonical\" href=\"https:\/\/freddymorezon.org\/productions\/lupercales\/\" \/>\n<meta property=\"og:locale\" content=\"en_US\" \/>\n<meta property=\"og:type\" content=\"article\" \/>\n<meta property=\"og:title\" content=\"Lupercales | Freddy Morezon\" \/>\n<meta property=\"og:description\" content=\"lupercales r\u00e9unit pour la 1\u00e8re fois en duo Christine Wodrascka et Didier Lasserre autour de leur approche unique de la musique improvis\u00e9e.\" \/>\n<meta property=\"og:url\" content=\"https:\/\/freddymorezon.org\/productions\/lupercales\/\" \/>\n<meta property=\"og:site_name\" content=\"Freddy Morezon\" \/>\n<meta property=\"article:publisher\" content=\"https:\/\/www.facebook.com\/freddy.morezon\/\" \/>\n<meta property=\"article:modified_time\" content=\"2024-09-23T13:50:07+00:00\" \/>\n<meta property=\"og:image\" content=\"https:\/\/freddymorezon.org\/wp-content\/uploads\/2024\/09\/IMG_4728-scaled.jpg\" \/>\n\t<meta property=\"og:image:width\" content=\"1707\" \/>\n\t<meta property=\"og:image:height\" content=\"2560\" \/>\n\t<meta property=\"og:image:type\" content=\"image\/jpeg\" \/>\n<meta name=\"twitter:card\" content=\"summary_large_image\" \/>\n<script type=\"application\/ld+json\" class=\"yoast-schema-graph\">{\"@context\":\"https:\\\/\\\/schema.org\",\"@graph\":[{\"@type\":\"WebPage\",\"@id\":\"https:\\\/\\\/freddymorezon.org\\\/productions\\\/lupercales\\\/\",\"url\":\"https:\\\/\\\/freddymorezon.org\\\/productions\\\/lupercales\\\/\",\"name\":\"Lupercales | Freddy Morezon\",\"isPartOf\":{\"@id\":\"https:\\\/\\\/freddymorezon.org\\\/#website\"},\"primaryImageOfPage\":{\"@id\":\"https:\\\/\\\/freddymorezon.org\\\/productions\\\/lupercales\\\/#primaryimage\"},\"image\":{\"@id\":\"https:\\\/\\\/freddymorezon.org\\\/productions\\\/lupercales\\\/#primaryimage\"},\"thumbnailUrl\":\"https:\\\/\\\/freddymorezon.org\\\/wp-content\\\/uploads\\\/2024\\\/09\\\/IMG_4728-scaled.jpg\",\"datePublished\":\"2023-11-29T14:08:47+00:00\",\"dateModified\":\"2024-09-23T13:50:07+00:00\",\"description\":\"lupercales r\u00e9unit pour la 1\u00e8re fois en duo Christine Wodrascka et Didier Lasserre autour de leur approche unique de la musique improvis\u00e9e.\",\"breadcrumb\":{\"@id\":\"https:\\\/\\\/freddymorezon.org\\\/productions\\\/lupercales\\\/#breadcrumb\"},\"inLanguage\":\"en-US\",\"potentialAction\":[{\"@type\":\"ReadAction\",\"target\":[\"https:\\\/\\\/freddymorezon.org\\\/productions\\\/lupercales\\\/\"]}]},{\"@type\":\"ImageObject\",\"inLanguage\":\"en-US\",\"@id\":\"https:\\\/\\\/freddymorezon.org\\\/productions\\\/lupercales\\\/#primaryimage\",\"url\":\"https:\\\/\\\/freddymorezon.org\\\/wp-content\\\/uploads\\\/2024\\\/09\\\/IMG_4728-scaled.jpg\",\"contentUrl\":\"https:\\\/\\\/freddymorezon.org\\\/wp-content\\\/uploads\\\/2024\\\/09\\\/IMG_4728-scaled.jpg\",\"width\":1707,\"height\":2560},{\"@type\":\"BreadcrumbList\",\"@id\":\"https:\\\/\\\/freddymorezon.org\\\/productions\\\/lupercales\\\/#breadcrumb\",\"itemListElement\":[{\"@type\":\"ListItem\",\"position\":1,\"name\":\"Accueil\",\"item\":\"https:\\\/\\\/freddymorezon.org\\\/\"},{\"@type\":\"ListItem\",\"position\":2,\"name\":\"Productions\",\"item\":\"https:\\\/\\\/freddymorezon.org\\\/productions\\\/\"},{\"@type\":\"ListItem\",\"position\":3,\"name\":\"Lupercales\"}]},{\"@type\":\"WebSite\",\"@id\":\"https:\\\/\\\/freddymorezon.org\\\/#website\",\"url\":\"https:\\\/\\\/freddymorezon.org\\\/\",\"name\":\"Freddy Morezon\",\"description\":\"jazz - musique improvis\u00e9e - esth\u00e9tiques plurielles\",\"publisher\":{\"@id\":\"https:\\\/\\\/freddymorezon.org\\\/#organization\"},\"potentialAction\":[{\"@type\":\"SearchAction\",\"target\":{\"@type\":\"EntryPoint\",\"urlTemplate\":\"https:\\\/\\\/freddymorezon.org\\\/?s={search_term_string}\"},\"query-input\":{\"@type\":\"PropertyValueSpecification\",\"valueRequired\":true,\"valueName\":\"search_term_string\"}}],\"inLanguage\":\"en-US\"},{\"@type\":\"Organization\",\"@id\":\"https:\\\/\\\/freddymorezon.org\\\/#organization\",\"name\":\"Association Freddy Morezon\",\"url\":\"https:\\\/\\\/freddymorezon.org\\\/\",\"logo\":{\"@type\":\"ImageObject\",\"inLanguage\":\"en-US\",\"@id\":\"https:\\\/\\\/freddymorezon.org\\\/#\\\/schema\\\/logo\\\/image\\\/\",\"url\":\"https:\\\/\\\/freddymorezon.org\\\/wp-content\\\/uploads\\\/2016\\\/02\\\/mini-logo-header-site2.jpg\",\"contentUrl\":\"https:\\\/\\\/freddymorezon.org\\\/wp-content\\\/uploads\\\/2016\\\/02\\\/mini-logo-header-site2.jpg\",\"width\":234,\"height\":174,\"caption\":\"Association Freddy Morezon\"},\"image\":{\"@id\":\"https:\\\/\\\/freddymorezon.org\\\/#\\\/schema\\\/logo\\\/image\\\/\"},\"sameAs\":[\"https:\\\/\\\/www.facebook.com\\\/freddy.morezon\\\/\",\"https:\\\/\\\/www.instagram.com\\\/freddymorezon\\\/\",\"https:\\\/\\\/www.youtube.com\\\/user\\\/freddymorezon\",\"https:\\\/\\\/fr.linkedin.com\\\/company\\\/freddy-morezon-p.r.o.d.\"]}]}<\/script>\n<!-- \/ Yoast SEO plugin. -->","yoast_head_json":{"title":"Lupercales | Freddy Morezon","description":"lupercales r\u00e9unit pour la 1\u00e8re fois en duo Christine Wodrascka et Didier Lasserre autour de leur approche unique de la musique improvis\u00e9e.","robots":{"index":"index","follow":"follow","max-snippet":"max-snippet:-1","max-image-preview":"max-image-preview:large","max-video-preview":"max-video-preview:-1"},"canonical":"https:\/\/freddymorezon.org\/productions\/lupercales\/","og_locale":"en_US","og_type":"article","og_title":"Lupercales | Freddy Morezon","og_description":"lupercales r\u00e9unit pour la 1\u00e8re fois en duo Christine Wodrascka et Didier Lasserre autour de leur approche unique de la musique improvis\u00e9e.","og_url":"https:\/\/freddymorezon.org\/productions\/lupercales\/","og_site_name":"Freddy Morezon","article_publisher":"https:\/\/www.facebook.com\/freddy.morezon\/","article_modified_time":"2024-09-23T13:50:07+00:00","og_image":[{"width":1707,"height":2560,"url":"https:\/\/freddymorezon.org\/wp-content\/uploads\/2024\/09\/IMG_4728-scaled.jpg","type":"image\/jpeg"}],"twitter_card":"summary_large_image","schema":{"@context":"https:\/\/schema.org","@graph":[{"@type":"WebPage","@id":"https:\/\/freddymorezon.org\/productions\/lupercales\/","url":"https:\/\/freddymorezon.org\/productions\/lupercales\/","name":"Lupercales | Freddy Morezon","isPartOf":{"@id":"https:\/\/freddymorezon.org\/#website"},"primaryImageOfPage":{"@id":"https:\/\/freddymorezon.org\/productions\/lupercales\/#primaryimage"},"image":{"@id":"https:\/\/freddymorezon.org\/productions\/lupercales\/#primaryimage"},"thumbnailUrl":"https:\/\/freddymorezon.org\/wp-content\/uploads\/2024\/09\/IMG_4728-scaled.jpg","datePublished":"2023-11-29T14:08:47+00:00","dateModified":"2024-09-23T13:50:07+00:00","description":"lupercales r\u00e9unit pour la 1\u00e8re fois en duo Christine Wodrascka et Didier Lasserre autour de leur approche unique de la musique improvis\u00e9e.","breadcrumb":{"@id":"https:\/\/freddymorezon.org\/productions\/lupercales\/#breadcrumb"},"inLanguage":"en-US","potentialAction":[{"@type":"ReadAction","target":["https:\/\/freddymorezon.org\/productions\/lupercales\/"]}]},{"@type":"ImageObject","inLanguage":"en-US","@id":"https:\/\/freddymorezon.org\/productions\/lupercales\/#primaryimage","url":"https:\/\/freddymorezon.org\/wp-content\/uploads\/2024\/09\/IMG_4728-scaled.jpg","contentUrl":"https:\/\/freddymorezon.org\/wp-content\/uploads\/2024\/09\/IMG_4728-scaled.jpg","width":1707,"height":2560},{"@type":"BreadcrumbList","@id":"https:\/\/freddymorezon.org\/productions\/lupercales\/#breadcrumb","itemListElement":[{"@type":"ListItem","position":1,"name":"Accueil","item":"https:\/\/freddymorezon.org\/"},{"@type":"ListItem","position":2,"name":"Productions","item":"https:\/\/freddymorezon.org\/productions\/"},{"@type":"ListItem","position":3,"name":"Lupercales"}]},{"@type":"WebSite","@id":"https:\/\/freddymorezon.org\/#website","url":"https:\/\/freddymorezon.org\/","name":"Freddy Morezon","description":"jazz - musique improvis\u00e9e - esth\u00e9tiques plurielles","publisher":{"@id":"https:\/\/freddymorezon.org\/#organization"},"potentialAction":[{"@type":"SearchAction","target":{"@type":"EntryPoint","urlTemplate":"https:\/\/freddymorezon.org\/?s={search_term_string}"},"query-input":{"@type":"PropertyValueSpecification","valueRequired":true,"valueName":"search_term_string"}}],"inLanguage":"en-US"},{"@type":"Organization","@id":"https:\/\/freddymorezon.org\/#organization","name":"Association Freddy Morezon","url":"https:\/\/freddymorezon.org\/","logo":{"@type":"ImageObject","inLanguage":"en-US","@id":"https:\/\/freddymorezon.org\/#\/schema\/logo\/image\/","url":"https:\/\/freddymorezon.org\/wp-content\/uploads\/2016\/02\/mini-logo-header-site2.jpg","contentUrl":"https:\/\/freddymorezon.org\/wp-content\/uploads\/2016\/02\/mini-logo-header-site2.jpg","width":234,"height":174,"caption":"Association Freddy Morezon"},"image":{"@id":"https:\/\/freddymorezon.org\/#\/schema\/logo\/image\/"},"sameAs":["https:\/\/www.facebook.com\/freddy.morezon\/","https:\/\/www.instagram.com\/freddymorezon\/","https:\/\/www.youtube.com\/user\/freddymorezon","https:\/\/fr.linkedin.com\/company\/freddy-morezon-p.r.o.d."]}]}},"_links":{"self":[{"href":"https:\/\/freddymorezon.org\/en\/wp-json\/wp\/v2\/pages\/18568","targetHints":{"allow":["GET"]}}],"collection":[{"href":"https:\/\/freddymorezon.org\/en\/wp-json\/wp\/v2\/pages"}],"about":[{"href":"https:\/\/freddymorezon.org\/en\/wp-json\/wp\/v2\/types\/page"}],"author":[{"embeddable":true,"href":"https:\/\/freddymorezon.org\/en\/wp-json\/wp\/v2\/users\/1"}],"replies":[{"embeddable":true,"href":"https:\/\/freddymorezon.org\/en\/wp-json\/wp\/v2\/comments?post=18568"}],"version-history":[{"count":57,"href":"https:\/\/freddymorezon.org\/en\/wp-json\/wp\/v2\/pages\/18568\/revisions"}],"predecessor-version":[{"id":20904,"href":"https:\/\/freddymorezon.org\/en\/wp-json\/wp\/v2\/pages\/18568\/revisions\/20904"}],"up":[{"embeddable":true,"href":"https:\/\/freddymorezon.org\/en\/wp-json\/wp\/v2\/pages\/18236"}],"wp:featuredmedia":[{"embeddable":true,"href":"https:\/\/freddymorezon.org\/en\/wp-json\/wp\/v2\/media\/20903"}],"wp:attachment":[{"href":"https:\/\/freddymorezon.org\/en\/wp-json\/wp\/v2\/media?parent=18568"}],"wp:term":[{"taxonomy":"category","embeddable":true,"href":"https:\/\/freddymorezon.org\/en\/wp-json\/wp\/v2\/categories?post=18568"},{"taxonomy":"post_tag","embeddable":true,"href":"https:\/\/freddymorezon.org\/en\/wp-json\/wp\/v2\/tags?post=18568"}],"curies":[{"name":"wp","href":"https:\/\/api.w.org\/{rel}","templated":true}]}}