
{"id":187,"date":"2016-02-04T16:45:42","date_gmt":"2016-02-04T15:45:42","guid":{"rendered":"https:\/\/freddymorezon.org\/?page_id=187"},"modified":"2026-01-05T11:18:58","modified_gmt":"2026-01-05T09:18:58","slug":"whahay","status":"publish","type":"page","link":"https:\/\/freddymorezon.org\/en\/label\/whahay\/","title":{"rendered":"Whahay"},"content":{"rendered":"<div id=\"pl-187\"  class=\"panel-layout\" ><div id=\"pg-187-0\"  class=\"panel-grid panel-no-style\" ><div id=\"pgc-187-0-0\"  class=\"panel-grid-cell\" ><div id=\"panel-187-0-0-0\" class=\"so-panel widget widget_sow-image panel-first-child\" data-index=\"0\" ><div\n\t\t\t\n\t\t\tclass=\"so-widget-sow-image so-widget-sow-image-default-8b5b6f678277-187\"\n\t\t\t\n\t\t>\n<div class=\"sow-image-container\">\n\t\t<img \n\tsrc=\"https:\/\/freddymorezon.org\/wp-content\/uploads\/2016\/05\/Whahay_vinyle_Pochette-450x402.jpg\" width=\"450\" height=\"402\" srcset=\"https:\/\/freddymorezon.org\/wp-content\/uploads\/2016\/05\/Whahay_vinyle_Pochette-450x402.jpg 450w, https:\/\/freddymorezon.org\/wp-content\/uploads\/2016\/05\/Whahay_vinyle_Pochette-250x223.jpg 250w\" sizes=\"(max-width: 450px) 100vw, 450px\" title=\"vinyle Whahay\" alt=\"\" \t\tclass=\"so-widget-image\"\/>\n\t<\/div>\n\n<\/div><\/div><div id=\"panel-187-0-0-1\" class=\"so-panel widget widget_text\" data-index=\"1\" >\t\t\t<div class=\"textwidget\"><h3>Commander<\/h3>\n<div class=\"ajout-panier\">\n<h4 style=\"display: inline;\"><i class=\"fa fa-chevron-right fa-2x\"><\/i> vinyle<\/h4>\n<p class=\"product woocommerce add_to_cart_inline \" style=\"border:4px solid #ccc; padding: 12px;\"><span class=\"woocommerce-Price-amount amount\"><bdi>15,00<span class=\"woocommerce-Price-currencySymbol\">&euro;<\/span><\/bdi><\/span><a href=\"\/en\/wp-json\/wp\/v2\/pages\/187?add-to-cart=1962\" aria-describedby=\"woocommerce_loop_add_to_cart_link_describedby_1962\" data-quantity=\"1\" class=\"button product_type_simple add_to_cart_button ajax_add_to_cart\" data-product_id=\"1962\" data-product_sku=\"\" aria-label=\"Add to cart: &ldquo;Whahay - vinyle&rdquo;\" rel=\"nofollow\" data-success_message=\"&ldquo;Whahay - vinyle&rdquo; has been added to your cart\">Add to cart<\/a>\t<span id=\"woocommerce_loop_add_to_cart_link_describedby_1962\" class=\"screen-reader-text\">\n\t\t\t<\/span>\n<\/p><\/div>\n<div class=\"ajout-panier\">\n<h4 style=\"display: inline;\"><i class=\"fa fa-chevron-right fa-2x\"><\/i> CD<\/h4>\n<p>\u00e9puis\u00e9\n<\/p><\/div>\n<\/div>\n\t\t<\/div><div id=\"panel-187-0-0-2\" class=\"so-panel widget widget_sow-editor\" data-index=\"2\" ><div\n\t\t\t\n\t\t\tclass=\"so-widget-sow-editor so-widget-sow-editor-base\"\n\t\t\t\n\t\t>\n<div class=\"siteorigin-widget-tinymce textwidget\">\n\t<p><iframe style=\"border: 0; width: 100%; height: 439px;\" src=\"https:\/\/bandcamp.com\/EmbeddedPlayer\/album=2779436581\/size=large\/bgcol=ffffff\/linkcol=0687f5\/artwork=none\/transparent=true\/\" seamless><a href=\"https:\/\/mrmorezon.bandcamp.com\/album\/whahay\">Whahay by Robin Fincker, Paul Rogers, Fabien Duscombs<\/a><\/iframe><\/p>\n<\/div>\n<\/div><\/div><div id=\"panel-187-0-0-3\" class=\"so-panel widget widget_sow-editor\" data-index=\"3\" ><div\n\t\t\t\n\t\t\tclass=\"so-widget-sow-editor so-widget-sow-editor-base\"\n\t\t\t\n\t\t>\n<div class=\"siteorigin-widget-tinymce textwidget\">\n\t<p><strong>Paul Rogers :<\/strong> contrebasse 7 cordes<br \/>\n<strong>Robin Fincker :<\/strong> saxophone tenor, clarinette<br \/>\n<strong>Fabien Duscombs :<\/strong> batterieImprovisations d\u2019apr\u00e8s des compositions de Charles Mingus<\/p>\n<p>Enregistrement, mixage et mastering\u00a0: studios La Buissonne, f\u00e9vrier et mai 2014, par G\u00e9rard De Haro et Nicolas Baillard, assist\u00e9s par Romain Castera.Distribution France\u00a0: Orkh\u00eastra International<br \/>\nDistribution internationale\u00a0: Proper Music (via Babel Label)<\/p>\n<p>Photo de couverture\u00a0: Robin Fincker<br \/>\nGraphisme\u00a0: de Badneighbour &amp; Sons Inc.<\/p>\n<p>La production et l\u2019\u00e9dition de cet album a b\u00e9n\u00e9fici\u00e9 du soutien de la DRAC Midi Pyr\u00e9n\u00e9es, la r\u00e9gion Midi-Pyr\u00e9n\u00e9es, l\u2019 ADAMI, la SPEDIDAM, la MFA, la SCPP et la FCM.<\/p>\n<p>Disponible en CD, vinyle \u00e9dition limit\u00e9e 180g et t\u00e9l\u00e9chargement<\/p>\n<\/div>\n<\/div><\/div><div id=\"panel-187-0-0-4\" class=\"so-panel widget widget_sow-image panel-last-child\" data-index=\"4\" ><div\n\t\t\t\n\t\t\tclass=\"so-widget-sow-image so-widget-sow-image-default-8b5b6f678277-187\"\n\t\t\t\n\t\t>\n<div class=\"sow-image-container\">\n\t\t<img \n\tsrc=\"https:\/\/freddymorezon.org\/wp-content\/uploads\/2016\/02\/choc_jazzmag.jpg\" width=\"150\" height=\"150\" srcset=\"https:\/\/freddymorezon.org\/wp-content\/uploads\/2016\/02\/choc_jazzmag.jpg 405w, https:\/\/freddymorezon.org\/wp-content\/uploads\/2016\/02\/choc_jazzmag-400x402.jpg 400w, https:\/\/freddymorezon.org\/wp-content\/uploads\/2016\/02\/choc_jazzmag-100x100.jpg 100w, https:\/\/freddymorezon.org\/wp-content\/uploads\/2016\/02\/choc_jazzmag-150x150.jpg 150w, https:\/\/freddymorezon.org\/wp-content\/uploads\/2016\/02\/choc_jazzmag-300x300.jpg 300w\" sizes=\"(max-width: 150px) 100vw, 150px\" title=\"Choc Jazzmag\" alt=\"\" \t\tclass=\"so-widget-image\"\/>\n\t<\/div>\n\n<\/div><\/div><\/div><div id=\"pgc-187-0-1\"  class=\"panel-grid-cell\" ><div id=\"panel-187-0-1-0\" class=\"so-panel widget widget_sow-editor panel-first-child panel-last-child\" data-index=\"5\" ><div\n\t\t\t\n\t\t\tclass=\"so-widget-sow-editor so-widget-sow-editor-base\"\n\t\t\t\n\t\t>\n<div class=\"siteorigin-widget-tinymce textwidget\">\n\t<h2>Whahay<\/h2>\n<h3>Robin Fincker, Paul Rogers, Fabien Duscombs<\/h3>\n<p>Mr Morezon 009 \/ oct 2014<\/p>\n<ol>\n<li>Pithecantopus Erectus<\/li>\n<li>Reincarnation Of A Lovebird<\/li>\n<li>Bird Call<\/li>\n<li>Work Song<\/li>\n<li>Goodbye Pork Pie Hat<\/li>\n<\/ol>\n<\/div>\n<\/div><\/div><\/div><\/div><\/div>","protected":false},"excerpt":{"rendered":"<p>October 2014<\/p>\n","protected":false},"author":1,"featured_media":20,"parent":140,"menu_order":0,"comment_status":"closed","ping_status":"closed","template":"page-templates\/full-width.php","meta":{"om_disable_all_campaigns":false,"_monsterinsights_skip_tracking":false,"_monsterinsights_sitenote_active":false,"_monsterinsights_sitenote_note":"","_monsterinsights_sitenote_category":0,"_uf_show_specific_survey":0,"_uf_disable_surveys":false,"footnotes":""},"categories":[101,1174,68],"tags":[9,34,25],"class_list":["post-187","page","type-page","status-publish","has-post-thumbnail","hentry","category-discographie","category-page-label","category-tribute-to-an-imaginary-folk-band","tag-fabien-duscombs","tag-paul-rogers","tag-robin-fincker"],"aioseo_notices":[],"yoast_head":"<!-- This site is optimized with the Yoast SEO plugin v27.3 - https:\/\/yoast.com\/product\/yoast-seo-wordpress\/ -->\n<title>Whahay | Freddy Morezon<\/title>\n<meta name=\"robots\" content=\"index, follow, max-snippet:-1, max-image-preview:large, max-video-preview:-1\" \/>\n<link rel=\"canonical\" href=\"https:\/\/freddymorezon.org\/label\/whahay\/\" \/>\n<meta property=\"og:locale\" content=\"en_US\" \/>\n<meta property=\"og:type\" content=\"article\" \/>\n<meta property=\"og:title\" content=\"Whahay | Freddy Morezon\" \/>\n<meta property=\"og:description\" content=\"[:fr]Octobre 2014[:en]October 2014[:]\" \/>\n<meta property=\"og:url\" content=\"https:\/\/freddymorezon.org\/label\/whahay\/\" \/>\n<meta property=\"og:site_name\" content=\"Freddy Morezon\" \/>\n<meta property=\"article:publisher\" content=\"https:\/\/www.facebook.com\/freddy.morezon\/\" \/>\n<meta property=\"article:modified_time\" content=\"2026-01-05T09:18:58+00:00\" \/>\n<meta property=\"og:image\" content=\"https:\/\/freddymorezon.org\/wp-content\/uploads\/2016\/02\/Whahay_jaquette_avec-bordure-blanche_petit.jpg\" \/>\n\t<meta property=\"og:image:width\" content=\"700\" \/>\n\t<meta property=\"og:image:height\" content=\"625\" \/>\n\t<meta property=\"og:image:type\" content=\"image\/jpeg\" \/>\n<meta name=\"twitter:card\" content=\"summary_large_image\" \/>\n<script type=\"application\/ld+json\" class=\"yoast-schema-graph\">{\"@context\":\"https:\\\/\\\/schema.org\",\"@graph\":[{\"@type\":\"WebPage\",\"@id\":\"https:\\\/\\\/freddymorezon.org\\\/label\\\/whahay\\\/\",\"url\":\"https:\\\/\\\/freddymorezon.org\\\/label\\\/whahay\\\/\",\"name\":\"Whahay | Freddy Morezon\",\"isPartOf\":{\"@id\":\"https:\\\/\\\/freddymorezon.org\\\/#website\"},\"primaryImageOfPage\":{\"@id\":\"https:\\\/\\\/freddymorezon.org\\\/label\\\/whahay\\\/#primaryimage\"},\"image\":{\"@id\":\"https:\\\/\\\/freddymorezon.org\\\/label\\\/whahay\\\/#primaryimage\"},\"thumbnailUrl\":\"https:\\\/\\\/freddymorezon.org\\\/wp-content\\\/uploads\\\/2016\\\/02\\\/Whahay_jaquette_avec-bordure-blanche_petit.jpg\",\"datePublished\":\"2016-02-04T15:45:42+00:00\",\"dateModified\":\"2026-01-05T09:18:58+00:00\",\"breadcrumb\":{\"@id\":\"https:\\\/\\\/freddymorezon.org\\\/label\\\/whahay\\\/#breadcrumb\"},\"inLanguage\":\"en-US\",\"potentialAction\":[{\"@type\":\"ReadAction\",\"target\":[\"https:\\\/\\\/freddymorezon.org\\\/label\\\/whahay\\\/\"]}]},{\"@type\":\"ImageObject\",\"inLanguage\":\"en-US\",\"@id\":\"https:\\\/\\\/freddymorezon.org\\\/label\\\/whahay\\\/#primaryimage\",\"url\":\"https:\\\/\\\/freddymorezon.org\\\/wp-content\\\/uploads\\\/2016\\\/02\\\/Whahay_jaquette_avec-bordure-blanche_petit.jpg\",\"contentUrl\":\"https:\\\/\\\/freddymorezon.org\\\/wp-content\\\/uploads\\\/2016\\\/02\\\/Whahay_jaquette_avec-bordure-blanche_petit.jpg\",\"width\":700,\"height\":625},{\"@type\":\"BreadcrumbList\",\"@id\":\"https:\\\/\\\/freddymorezon.org\\\/label\\\/whahay\\\/#breadcrumb\",\"itemListElement\":[{\"@type\":\"ListItem\",\"position\":1,\"name\":\"Accueil\",\"item\":\"https:\\\/\\\/freddymorezon.org\\\/\"},{\"@type\":\"ListItem\",\"position\":2,\"name\":\"Label\",\"item\":\"https:\\\/\\\/freddymorezon.org\\\/label\\\/\"},{\"@type\":\"ListItem\",\"position\":3,\"name\":\"Whahay\"}]},{\"@type\":\"WebSite\",\"@id\":\"https:\\\/\\\/freddymorezon.org\\\/#website\",\"url\":\"https:\\\/\\\/freddymorezon.org\\\/\",\"name\":\"Freddy Morezon\",\"description\":\"jazz - musique improvis\u00e9e - esth\u00e9tiques plurielles\",\"publisher\":{\"@id\":\"https:\\\/\\\/freddymorezon.org\\\/#organization\"},\"potentialAction\":[{\"@type\":\"SearchAction\",\"target\":{\"@type\":\"EntryPoint\",\"urlTemplate\":\"https:\\\/\\\/freddymorezon.org\\\/?s={search_term_string}\"},\"query-input\":{\"@type\":\"PropertyValueSpecification\",\"valueRequired\":true,\"valueName\":\"search_term_string\"}}],\"inLanguage\":\"en-US\"},{\"@type\":\"Organization\",\"@id\":\"https:\\\/\\\/freddymorezon.org\\\/#organization\",\"name\":\"Association Freddy Morezon\",\"url\":\"https:\\\/\\\/freddymorezon.org\\\/\",\"logo\":{\"@type\":\"ImageObject\",\"inLanguage\":\"en-US\",\"@id\":\"https:\\\/\\\/freddymorezon.org\\\/#\\\/schema\\\/logo\\\/image\\\/\",\"url\":\"https:\\\/\\\/freddymorezon.org\\\/wp-content\\\/uploads\\\/2016\\\/02\\\/mini-logo-header-site2.jpg\",\"contentUrl\":\"https:\\\/\\\/freddymorezon.org\\\/wp-content\\\/uploads\\\/2016\\\/02\\\/mini-logo-header-site2.jpg\",\"width\":234,\"height\":174,\"caption\":\"Association Freddy Morezon\"},\"image\":{\"@id\":\"https:\\\/\\\/freddymorezon.org\\\/#\\\/schema\\\/logo\\\/image\\\/\"},\"sameAs\":[\"https:\\\/\\\/www.facebook.com\\\/freddy.morezon\\\/\",\"https:\\\/\\\/www.instagram.com\\\/freddymorezon\\\/\",\"https:\\\/\\\/www.youtube.com\\\/user\\\/freddymorezon\",\"https:\\\/\\\/fr.linkedin.com\\\/company\\\/freddy-morezon-p.r.o.d.\"]}]}<\/script>\n<!-- \/ Yoast SEO plugin. -->","yoast_head_json":{"title":"Whahay | Freddy Morezon","robots":{"index":"index","follow":"follow","max-snippet":"max-snippet:-1","max-image-preview":"max-image-preview:large","max-video-preview":"max-video-preview:-1"},"canonical":"https:\/\/freddymorezon.org\/label\/whahay\/","og_locale":"en_US","og_type":"article","og_title":"Whahay | Freddy Morezon","og_description":"[:fr]Octobre 2014[:en]October 2014[:]","og_url":"https:\/\/freddymorezon.org\/label\/whahay\/","og_site_name":"Freddy Morezon","article_publisher":"https:\/\/www.facebook.com\/freddy.morezon\/","article_modified_time":"2026-01-05T09:18:58+00:00","og_image":[{"width":700,"height":625,"url":"https:\/\/freddymorezon.org\/wp-content\/uploads\/2016\/02\/Whahay_jaquette_avec-bordure-blanche_petit.jpg","type":"image\/jpeg"}],"twitter_card":"summary_large_image","schema":{"@context":"https:\/\/schema.org","@graph":[{"@type":"WebPage","@id":"https:\/\/freddymorezon.org\/label\/whahay\/","url":"https:\/\/freddymorezon.org\/label\/whahay\/","name":"Whahay | Freddy Morezon","isPartOf":{"@id":"https:\/\/freddymorezon.org\/#website"},"primaryImageOfPage":{"@id":"https:\/\/freddymorezon.org\/label\/whahay\/#primaryimage"},"image":{"@id":"https:\/\/freddymorezon.org\/label\/whahay\/#primaryimage"},"thumbnailUrl":"https:\/\/freddymorezon.org\/wp-content\/uploads\/2016\/02\/Whahay_jaquette_avec-bordure-blanche_petit.jpg","datePublished":"2016-02-04T15:45:42+00:00","dateModified":"2026-01-05T09:18:58+00:00","breadcrumb":{"@id":"https:\/\/freddymorezon.org\/label\/whahay\/#breadcrumb"},"inLanguage":"en-US","potentialAction":[{"@type":"ReadAction","target":["https:\/\/freddymorezon.org\/label\/whahay\/"]}]},{"@type":"ImageObject","inLanguage":"en-US","@id":"https:\/\/freddymorezon.org\/label\/whahay\/#primaryimage","url":"https:\/\/freddymorezon.org\/wp-content\/uploads\/2016\/02\/Whahay_jaquette_avec-bordure-blanche_petit.jpg","contentUrl":"https:\/\/freddymorezon.org\/wp-content\/uploads\/2016\/02\/Whahay_jaquette_avec-bordure-blanche_petit.jpg","width":700,"height":625},{"@type":"BreadcrumbList","@id":"https:\/\/freddymorezon.org\/label\/whahay\/#breadcrumb","itemListElement":[{"@type":"ListItem","position":1,"name":"Accueil","item":"https:\/\/freddymorezon.org\/"},{"@type":"ListItem","position":2,"name":"Label","item":"https:\/\/freddymorezon.org\/label\/"},{"@type":"ListItem","position":3,"name":"Whahay"}]},{"@type":"WebSite","@id":"https:\/\/freddymorezon.org\/#website","url":"https:\/\/freddymorezon.org\/","name":"Freddy Morezon","description":"jazz - musique improvis\u00e9e - esth\u00e9tiques plurielles","publisher":{"@id":"https:\/\/freddymorezon.org\/#organization"},"potentialAction":[{"@type":"SearchAction","target":{"@type":"EntryPoint","urlTemplate":"https:\/\/freddymorezon.org\/?s={search_term_string}"},"query-input":{"@type":"PropertyValueSpecification","valueRequired":true,"valueName":"search_term_string"}}],"inLanguage":"en-US"},{"@type":"Organization","@id":"https:\/\/freddymorezon.org\/#organization","name":"Association Freddy Morezon","url":"https:\/\/freddymorezon.org\/","logo":{"@type":"ImageObject","inLanguage":"en-US","@id":"https:\/\/freddymorezon.org\/#\/schema\/logo\/image\/","url":"https:\/\/freddymorezon.org\/wp-content\/uploads\/2016\/02\/mini-logo-header-site2.jpg","contentUrl":"https:\/\/freddymorezon.org\/wp-content\/uploads\/2016\/02\/mini-logo-header-site2.jpg","width":234,"height":174,"caption":"Association Freddy Morezon"},"image":{"@id":"https:\/\/freddymorezon.org\/#\/schema\/logo\/image\/"},"sameAs":["https:\/\/www.facebook.com\/freddy.morezon\/","https:\/\/www.instagram.com\/freddymorezon\/","https:\/\/www.youtube.com\/user\/freddymorezon","https:\/\/fr.linkedin.com\/company\/freddy-morezon-p.r.o.d."]}]}},"_links":{"self":[{"href":"https:\/\/freddymorezon.org\/en\/wp-json\/wp\/v2\/pages\/187","targetHints":{"allow":["GET"]}}],"collection":[{"href":"https:\/\/freddymorezon.org\/en\/wp-json\/wp\/v2\/pages"}],"about":[{"href":"https:\/\/freddymorezon.org\/en\/wp-json\/wp\/v2\/types\/page"}],"author":[{"embeddable":true,"href":"https:\/\/freddymorezon.org\/en\/wp-json\/wp\/v2\/users\/1"}],"replies":[{"embeddable":true,"href":"https:\/\/freddymorezon.org\/en\/wp-json\/wp\/v2\/comments?post=187"}],"version-history":[{"count":34,"href":"https:\/\/freddymorezon.org\/en\/wp-json\/wp\/v2\/pages\/187\/revisions"}],"predecessor-version":[{"id":24751,"href":"https:\/\/freddymorezon.org\/en\/wp-json\/wp\/v2\/pages\/187\/revisions\/24751"}],"up":[{"embeddable":true,"href":"https:\/\/freddymorezon.org\/en\/wp-json\/wp\/v2\/pages\/140"}],"wp:featuredmedia":[{"embeddable":true,"href":"https:\/\/freddymorezon.org\/en\/wp-json\/wp\/v2\/media\/20"}],"wp:attachment":[{"href":"https:\/\/freddymorezon.org\/en\/wp-json\/wp\/v2\/media?parent=187"}],"wp:term":[{"taxonomy":"category","embeddable":true,"href":"https:\/\/freddymorezon.org\/en\/wp-json\/wp\/v2\/categories?post=187"},{"taxonomy":"post_tag","embeddable":true,"href":"https:\/\/freddymorezon.org\/en\/wp-json\/wp\/v2\/tags?post=187"}],"curies":[{"name":"wp","href":"https:\/\/api.w.org\/{rel}","templated":true}]}}