
{"id":18787,"date":"2024-01-15T17:53:53","date_gmt":"2024-01-15T16:53:53","guid":{"rendered":"https:\/\/freddymorezon.org\/?page_id=18787"},"modified":"2024-03-14T10:51:15","modified_gmt":"2024-03-14T09:51:15","slug":"facteur-sauvage-et","status":"publish","type":"page","link":"https:\/\/freddymorezon.org\/en\/productions\/facteur-sauvage-et\/","title":{"rendered":"Facteur Sauvage (Augment\u00e9)"},"content":{"rendered":"<div id=\"pl-18787\"  class=\"panel-layout\" ><div id=\"pg-18787-0\"  class=\"panel-grid panel-no-style\" ><div id=\"pgc-18787-0-0\"  class=\"panel-grid-cell\" ><div id=\"panel-18787-0-0-0\" class=\"so-panel widget widget_sow-editor panel-first-child\" data-index=\"0\" ><div\n\t\t\t\n\t\t\tclass=\"so-widget-sow-editor so-widget-sow-editor-base\"\n\t\t\t\n\t\t>\n<div class=\"siteorigin-widget-tinymce textwidget\">\n\t<h2>Facteur Sauvage<\/h2>\n<\/div>\n<\/div><\/div><div id=\"panel-18787-0-0-1\" class=\"so-panel widget widget_sow-editor\" data-index=\"1\" ><div\n\t\t\t\n\t\t\tclass=\"so-widget-sow-editor so-widget-sow-editor-base\"\n\t\t\t\n\t\t>\n<div class=\"siteorigin-widget-tinymce textwidget\">\n\t<p><span class=\"x193iq5w xeuugli x13faqbe x1vvkbs x10flsy6 x1lliihq x1s928wv xhkezso x1gmr53x x1cpjm7i x1fgarty x1943h6x x4zkp8e x41vudc x6prxxf xvq8zen xo1l8bm xzsf02u\" dir=\"auto\">Facteur Sauvage est une anomalie musicale, un virus po\u00e9tique, du self-made sound. C'est aussi un trio au son compact, parcouru par une voix chauff\u00e9e \u00e0 blanc. Spoken word ou chansons, les mots rebondissent sur la doublette guitare basse\/batterie pr\u00e9par\u00e9e, nourrie de blues primitif et au rock brut. En concert, ce Facteur sonne tout juste une fois. Pas besoin de plus pour dire ses histoires secou\u00e9es, ses scansions dantesques, ses \u00e9clats de bouge luxurieux, ses envol\u00e9es pleines de sueur et de sang f\u00e9roce.<\/span><\/p>\n<div class=\"pt-cv-wrapper\">\n<div class=\"pt-cv-view pt-cv-pinterest pt-cv-colsys pt-cv-shadow pt-cv-bb pt-cv-sharp-buttons\" id=\"pt-cv-view-c69867dw3y\">\n<div data-id=\"pt-cv-page-1\" class=\"pt-cv-page\" data-cvc=\"2\">\n<div class=\"col-md-6 col-sm-6 col-xs-12 pt-cv-content-item pt-cv-1-col\"  data-pid=\"18793\">\n<div class='pt-cv-pinmas'><a href=\"https:\/\/freddymorezon.org\/en\/productions\/facteur-sauvage-augmente\/\" class=\"_self pt-cv-href-thumbnail pt-cv-thumb-default cvplbd\" target=\"_self\" ><img loading=\"lazy\" decoding=\"async\" width=\"300\" height=\"200\" src=\"https:\/\/freddymorezon.org\/wp-content\/uploads\/2026\/02\/Facteur-Sauvage-Augmente-300x200.jpg\" class=\"pt-cv-thumbnail img-none\" alt=\"Facteur Sauvage (Augment\u00e9)\" srcset=\"https:\/\/freddymorezon.org\/wp-content\/uploads\/2026\/02\/Facteur-Sauvage-Augmente-300x200.jpg 300w, https:\/\/freddymorezon.org\/wp-content\/uploads\/2026\/02\/Facteur-Sauvage-Augmente-800x533.jpg 800w, https:\/\/freddymorezon.org\/wp-content\/uploads\/2026\/02\/Facteur-Sauvage-Augmente-400x267.jpg 400w, https:\/\/freddymorezon.org\/wp-content\/uploads\/2026\/02\/Facteur-Sauvage-Augmente-272x182.jpg 272w, https:\/\/freddymorezon.org\/wp-content\/uploads\/2026\/02\/Facteur-Sauvage-Augmente.jpg 1536w\" sizes=\"auto, (max-width: 300px) 100vw, 300px\" data-no-lazy=\"1\" \/><\/a><\/p>\n<h4 class=\"pt-cv-title\"><a href=\"https:\/\/freddymorezon.org\/en\/productions\/facteur-sauvage-augmente\/\" class=\"_self cvplbd\" target=\"_self\" >Facteur Sauvage (Augment\u00e9)<\/a><\/h4>\n<\/div>\n<\/div>\n<div class=\"col-md-6 col-sm-6 col-xs-12 pt-cv-content-item pt-cv-1-col\"  data-pid=\"1840\">\n<div class='pt-cv-pinmas'><a href=\"https:\/\/freddymorezon.org\/en\/productions\/facteur-sauvage\/\" class=\"_self pt-cv-href-thumbnail pt-cv-thumb-default cvplbd\" target=\"_self\" ><img loading=\"lazy\" decoding=\"async\" width=\"300\" height=\"200\" src=\"https:\/\/freddymorezon.org\/wp-content\/uploads\/2022\/09\/1mn20sec-avec-Facteur-sauvage-Delphine-Lancelle-300x200.jpg\" class=\"pt-cv-thumbnail img-none\" alt=\"Facteur Sauvage\" srcset=\"https:\/\/freddymorezon.org\/wp-content\/uploads\/2022\/09\/1mn20sec-avec-Facteur-sauvage-Delphine-Lancelle-300x200.jpg 300w, https:\/\/freddymorezon.org\/wp-content\/uploads\/2022\/09\/1mn20sec-avec-Facteur-sauvage-Delphine-Lancelle-272x182.jpg 272w\" sizes=\"auto, (max-width: 300px) 100vw, 300px\" data-no-lazy=\"1\" \/><\/a><\/p>\n<h4 class=\"pt-cv-title\"><a href=\"https:\/\/freddymorezon.org\/en\/productions\/facteur-sauvage\/\" class=\"_self cvplbd\" target=\"_self\" >Facteur Sauvage<\/a><\/h4>\n<\/div>\n<\/div>\n<\/div>\n<\/div>\n<\/div>\n<style type=\"text\/css\" id=\"pt-cv-inline-style-4e12cc315r\">#pt-cv-view-c69867dw3y.pt-cv-post-border .pt-cv-content-item   { border-top-style: solid; border-left-style: solid; }\n#pt-cv-view-c69867dw3y  .pt-cv-content-item:hover .pt-cv-hover-wrapper::before   { background-color: rgba(51,51,51,.6) !important; }\n#pt-cv-view-c69867dw3y:not(.pt-cv-nohover) .pt-cv-mask *   { color: #fff; }\n#pt-cv-view-c69867dw3y .pt-cv-carousel-caption  { background-color: rgba(51,51,51,.6) !important; }\n#pt-cv-view-c69867dw3y .pt-cv-specialp * { color: #fff !important; background-color: #CC3333 !important; }\n#pt-cv-view-c69867dw3y .pt-cv-pficon  { color: #bbb !important; }\n#pt-cv-view-c69867dw3y  .add_to_cart_button, #pt-cv-view-c69867dw3y  .add_to_cart_button *   { color: #ffffff !important; background-color: #00aeef !important; }\n#pt-cv-view-c69867dw3y  .woocommerce-onsale   { color: #ffffff !important; background-color: #ff5a5f !important; }\n#pt-cv-view-c69867dw3y .pt-cv-readmore  { color: #ffffff !important; background-color: #00aeef !important; }\n#pt-cv-view-c69867dw3y .pt-cv-readmore:hover  { color: #ffffff !important; background-color: #00aeef !important; }\n#pt-cv-view-c69867dw3y  + .pt-cv-pagination-wrapper .pt-cv-more , #pt-cv-view-c69867dw3y  + .pt-cv-pagination-wrapper .pagination .active a { color: #ffffff !important; background-color: #00aeef !important; }\n[id^='pt-cv-filter-bar-c69867dw3y'] .active.pt-cv-filter-option, [id^='pt-cv-filter-bar-c69867dw3y'] .active .pt-cv-filter-option, [id^='pt-cv-filter-bar-c69867dw3y'] .selected.pt-cv-filter-option, [id^='pt-cv-filter-bar-c69867dw3y'] .dropdown-toggle   { color: #fff !important; background-color: #00aeef !important; }\n[id^='pt-cv-filter-bar-c69867dw3y'] .pt-cv-filter-title   { color: #fff !important; background-color: #00aeef !important; }\n#pt-cv-view-c69867dw3y .pt-cv-gls-header  { background-color: #00aeef !important; }<\/style>\n<\/div>\n<\/div><\/div><div id=\"panel-18787-0-0-2\" class=\"so-panel widget widget_sow-editor panel-last-child\" data-index=\"2\" ><div\n\t\t\t\n\t\t\tclass=\"so-widget-sow-editor so-widget-sow-editor-base\"\n\t\t\t\n\t\t>\n<div class=\"siteorigin-widget-tinymce textwidget\">\n\t<\/div>\n<\/div><\/div><\/div><\/div><\/div>","protected":false},"excerpt":{"rendered":"<p>Facteur Sauvage Facteur Sauvage est une anomalie musicale, un virus po\u00e9tique, du self-made sound. C&#8217;est aussi un trio au son compact, parcouru par une voix chauff\u00e9e \u00e0 blanc. Spoken word ou chansons, les mots rebondissent sur la doublette guitare basse\/batterie pr\u00e9par\u00e9e, nourrie de blues primitif et au rock brut. En concert, ce Facteur sonne tout&hellip;<\/p>\n<p><a class=\"more-link\" href=\"https:\/\/freddymorezon.org\/en\/productions\/facteur-sauvage-et\/\" title=\"Continue reading &lsquo;Facteur Sauvage (Augment\u00e9)&rsquo;\">Continue reading <span class=\"meta-nav\">&rarr;<\/span><\/a><\/p>\n","protected":false},"author":1,"featured_media":18785,"parent":18236,"menu_order":0,"comment_status":"closed","ping_status":"closed","template":"","meta":{"om_disable_all_campaigns":false,"_monsterinsights_skip_tracking":false,"_monsterinsights_sitenote_active":false,"_monsterinsights_sitenote_note":"","_monsterinsights_sitenote_category":0,"_uf_show_specific_survey":0,"_uf_disable_surveys":false,"footnotes":""},"categories":[],"tags":[],"class_list":["post-18787","page","type-page","status-publish","has-post-thumbnail","hentry"],"aioseo_notices":[],"yoast_head":"<!-- This site is optimized with the Yoast SEO plugin v27.5 - https:\/\/yoast.com\/product\/yoast-seo-wordpress\/ -->\n<title>Facteur Sauvage (Augment\u00e9) | Freddy Morezon<\/title>\n<meta name=\"robots\" content=\"index, follow, max-snippet:-1, max-image-preview:large, max-video-preview:-1\" \/>\n<link rel=\"canonical\" href=\"https:\/\/freddymorezon.org\/productions\/facteur-sauvage-et\/\" \/>\n<meta property=\"og:locale\" content=\"en_US\" \/>\n<meta property=\"og:type\" content=\"article\" \/>\n<meta property=\"og:title\" content=\"Facteur Sauvage (Augment\u00e9) | Freddy Morezon\" \/>\n<meta property=\"og:description\" content=\"Facteur Sauvage Facteur Sauvage est une anomalie musicale, un virus po\u00e9tique, du self-made sound. C&#039;est aussi un trio au son compact, parcouru par une voix chauff\u00e9e \u00e0 blanc. Spoken word ou chansons, les mots rebondissent sur la doublette guitare basse\/batterie pr\u00e9par\u00e9e, nourrie de blues primitif et au rock brut. En concert, ce Facteur sonne tout&hellip;Continue reading &rarr;\" \/>\n<meta property=\"og:url\" content=\"https:\/\/freddymorezon.org\/productions\/facteur-sauvage-et\/\" \/>\n<meta property=\"og:site_name\" content=\"Freddy Morezon\" \/>\n<meta property=\"article:publisher\" content=\"https:\/\/www.facebook.com\/freddy.morezon\/\" \/>\n<meta property=\"article:modified_time\" content=\"2024-03-14T09:51:15+00:00\" \/>\n<meta property=\"og:image\" content=\"https:\/\/freddymorezon.org\/wp-content\/uploads\/2024\/01\/recto.jpg\" \/>\n\t<meta property=\"og:image:width\" content=\"1200\" \/>\n\t<meta property=\"og:image:height\" content=\"1200\" \/>\n\t<meta property=\"og:image:type\" content=\"image\/jpeg\" \/>\n<meta name=\"twitter:card\" content=\"summary_large_image\" \/>\n<script type=\"application\/ld+json\" class=\"yoast-schema-graph\">{\"@context\":\"https:\\\/\\\/schema.org\",\"@graph\":[{\"@type\":\"WebPage\",\"@id\":\"https:\\\/\\\/freddymorezon.org\\\/productions\\\/facteur-sauvage-et\\\/\",\"url\":\"https:\\\/\\\/freddymorezon.org\\\/productions\\\/facteur-sauvage-et\\\/\",\"name\":\"Facteur Sauvage (Augment\u00e9) | Freddy Morezon\",\"isPartOf\":{\"@id\":\"https:\\\/\\\/freddymorezon.org\\\/#website\"},\"primaryImageOfPage\":{\"@id\":\"https:\\\/\\\/freddymorezon.org\\\/productions\\\/facteur-sauvage-et\\\/#primaryimage\"},\"image\":{\"@id\":\"https:\\\/\\\/freddymorezon.org\\\/productions\\\/facteur-sauvage-et\\\/#primaryimage\"},\"thumbnailUrl\":\"https:\\\/\\\/freddymorezon.org\\\/wp-content\\\/uploads\\\/2024\\\/01\\\/recto.jpg\",\"datePublished\":\"2024-01-15T16:53:53+00:00\",\"dateModified\":\"2024-03-14T09:51:15+00:00\",\"breadcrumb\":{\"@id\":\"https:\\\/\\\/freddymorezon.org\\\/productions\\\/facteur-sauvage-et\\\/#breadcrumb\"},\"inLanguage\":\"en-US\",\"potentialAction\":[{\"@type\":\"ReadAction\",\"target\":[\"https:\\\/\\\/freddymorezon.org\\\/productions\\\/facteur-sauvage-et\\\/\"]}]},{\"@type\":\"ImageObject\",\"inLanguage\":\"en-US\",\"@id\":\"https:\\\/\\\/freddymorezon.org\\\/productions\\\/facteur-sauvage-et\\\/#primaryimage\",\"url\":\"https:\\\/\\\/freddymorezon.org\\\/wp-content\\\/uploads\\\/2024\\\/01\\\/recto.jpg\",\"contentUrl\":\"https:\\\/\\\/freddymorezon.org\\\/wp-content\\\/uploads\\\/2024\\\/01\\\/recto.jpg\",\"width\":1200,\"height\":1200},{\"@type\":\"BreadcrumbList\",\"@id\":\"https:\\\/\\\/freddymorezon.org\\\/productions\\\/facteur-sauvage-et\\\/#breadcrumb\",\"itemListElement\":[{\"@type\":\"ListItem\",\"position\":1,\"name\":\"Accueil\",\"item\":\"https:\\\/\\\/freddymorezon.org\\\/\"},{\"@type\":\"ListItem\",\"position\":2,\"name\":\"Productions\",\"item\":\"https:\\\/\\\/freddymorezon.org\\\/productions\\\/\"},{\"@type\":\"ListItem\",\"position\":3,\"name\":\"Facteur Sauvage (Augment\u00e9)\"}]},{\"@type\":\"WebSite\",\"@id\":\"https:\\\/\\\/freddymorezon.org\\\/#website\",\"url\":\"https:\\\/\\\/freddymorezon.org\\\/\",\"name\":\"Freddy Morezon\",\"description\":\"jazz - musique improvis\u00e9e - esth\u00e9tiques plurielles\",\"publisher\":{\"@id\":\"https:\\\/\\\/freddymorezon.org\\\/#organization\"},\"potentialAction\":[{\"@type\":\"SearchAction\",\"target\":{\"@type\":\"EntryPoint\",\"urlTemplate\":\"https:\\\/\\\/freddymorezon.org\\\/?s={search_term_string}\"},\"query-input\":{\"@type\":\"PropertyValueSpecification\",\"valueRequired\":true,\"valueName\":\"search_term_string\"}}],\"inLanguage\":\"en-US\"},{\"@type\":\"Organization\",\"@id\":\"https:\\\/\\\/freddymorezon.org\\\/#organization\",\"name\":\"Association Freddy Morezon\",\"url\":\"https:\\\/\\\/freddymorezon.org\\\/\",\"logo\":{\"@type\":\"ImageObject\",\"inLanguage\":\"en-US\",\"@id\":\"https:\\\/\\\/freddymorezon.org\\\/#\\\/schema\\\/logo\\\/image\\\/\",\"url\":\"https:\\\/\\\/freddymorezon.org\\\/wp-content\\\/uploads\\\/2016\\\/02\\\/mini-logo-header-site2.jpg\",\"contentUrl\":\"https:\\\/\\\/freddymorezon.org\\\/wp-content\\\/uploads\\\/2016\\\/02\\\/mini-logo-header-site2.jpg\",\"width\":234,\"height\":174,\"caption\":\"Association Freddy Morezon\"},\"image\":{\"@id\":\"https:\\\/\\\/freddymorezon.org\\\/#\\\/schema\\\/logo\\\/image\\\/\"},\"sameAs\":[\"https:\\\/\\\/www.facebook.com\\\/freddy.morezon\\\/\",\"https:\\\/\\\/www.instagram.com\\\/freddymorezon\\\/\",\"https:\\\/\\\/www.youtube.com\\\/user\\\/freddymorezon\",\"https:\\\/\\\/fr.linkedin.com\\\/company\\\/freddy-morezon-p.r.o.d.\"]}]}<\/script>\n<!-- \/ Yoast SEO plugin. -->","yoast_head_json":{"title":"Facteur Sauvage (Augment\u00e9) | Freddy Morezon","robots":{"index":"index","follow":"follow","max-snippet":"max-snippet:-1","max-image-preview":"max-image-preview:large","max-video-preview":"max-video-preview:-1"},"canonical":"https:\/\/freddymorezon.org\/productions\/facteur-sauvage-et\/","og_locale":"en_US","og_type":"article","og_title":"Facteur Sauvage (Augment\u00e9) | Freddy Morezon","og_description":"Facteur Sauvage Facteur Sauvage est une anomalie musicale, un virus po\u00e9tique, du self-made sound. C'est aussi un trio au son compact, parcouru par une voix chauff\u00e9e \u00e0 blanc. Spoken word ou chansons, les mots rebondissent sur la doublette guitare basse\/batterie pr\u00e9par\u00e9e, nourrie de blues primitif et au rock brut. En concert, ce Facteur sonne tout&hellip;Continue reading &rarr;","og_url":"https:\/\/freddymorezon.org\/productions\/facteur-sauvage-et\/","og_site_name":"Freddy Morezon","article_publisher":"https:\/\/www.facebook.com\/freddy.morezon\/","article_modified_time":"2024-03-14T09:51:15+00:00","og_image":[{"width":1200,"height":1200,"url":"https:\/\/freddymorezon.org\/wp-content\/uploads\/2024\/01\/recto.jpg","type":"image\/jpeg"}],"twitter_card":"summary_large_image","schema":{"@context":"https:\/\/schema.org","@graph":[{"@type":"WebPage","@id":"https:\/\/freddymorezon.org\/productions\/facteur-sauvage-et\/","url":"https:\/\/freddymorezon.org\/productions\/facteur-sauvage-et\/","name":"Facteur Sauvage (Augment\u00e9) | Freddy Morezon","isPartOf":{"@id":"https:\/\/freddymorezon.org\/#website"},"primaryImageOfPage":{"@id":"https:\/\/freddymorezon.org\/productions\/facteur-sauvage-et\/#primaryimage"},"image":{"@id":"https:\/\/freddymorezon.org\/productions\/facteur-sauvage-et\/#primaryimage"},"thumbnailUrl":"https:\/\/freddymorezon.org\/wp-content\/uploads\/2024\/01\/recto.jpg","datePublished":"2024-01-15T16:53:53+00:00","dateModified":"2024-03-14T09:51:15+00:00","breadcrumb":{"@id":"https:\/\/freddymorezon.org\/productions\/facteur-sauvage-et\/#breadcrumb"},"inLanguage":"en-US","potentialAction":[{"@type":"ReadAction","target":["https:\/\/freddymorezon.org\/productions\/facteur-sauvage-et\/"]}]},{"@type":"ImageObject","inLanguage":"en-US","@id":"https:\/\/freddymorezon.org\/productions\/facteur-sauvage-et\/#primaryimage","url":"https:\/\/freddymorezon.org\/wp-content\/uploads\/2024\/01\/recto.jpg","contentUrl":"https:\/\/freddymorezon.org\/wp-content\/uploads\/2024\/01\/recto.jpg","width":1200,"height":1200},{"@type":"BreadcrumbList","@id":"https:\/\/freddymorezon.org\/productions\/facteur-sauvage-et\/#breadcrumb","itemListElement":[{"@type":"ListItem","position":1,"name":"Accueil","item":"https:\/\/freddymorezon.org\/"},{"@type":"ListItem","position":2,"name":"Productions","item":"https:\/\/freddymorezon.org\/productions\/"},{"@type":"ListItem","position":3,"name":"Facteur Sauvage (Augment\u00e9)"}]},{"@type":"WebSite","@id":"https:\/\/freddymorezon.org\/#website","url":"https:\/\/freddymorezon.org\/","name":"Freddy Morezon","description":"jazz - musique improvis\u00e9e - esth\u00e9tiques plurielles","publisher":{"@id":"https:\/\/freddymorezon.org\/#organization"},"potentialAction":[{"@type":"SearchAction","target":{"@type":"EntryPoint","urlTemplate":"https:\/\/freddymorezon.org\/?s={search_term_string}"},"query-input":{"@type":"PropertyValueSpecification","valueRequired":true,"valueName":"search_term_string"}}],"inLanguage":"en-US"},{"@type":"Organization","@id":"https:\/\/freddymorezon.org\/#organization","name":"Association Freddy Morezon","url":"https:\/\/freddymorezon.org\/","logo":{"@type":"ImageObject","inLanguage":"en-US","@id":"https:\/\/freddymorezon.org\/#\/schema\/logo\/image\/","url":"https:\/\/freddymorezon.org\/wp-content\/uploads\/2016\/02\/mini-logo-header-site2.jpg","contentUrl":"https:\/\/freddymorezon.org\/wp-content\/uploads\/2016\/02\/mini-logo-header-site2.jpg","width":234,"height":174,"caption":"Association Freddy Morezon"},"image":{"@id":"https:\/\/freddymorezon.org\/#\/schema\/logo\/image\/"},"sameAs":["https:\/\/www.facebook.com\/freddy.morezon\/","https:\/\/www.instagram.com\/freddymorezon\/","https:\/\/www.youtube.com\/user\/freddymorezon","https:\/\/fr.linkedin.com\/company\/freddy-morezon-p.r.o.d."]}]}},"_links":{"self":[{"href":"https:\/\/freddymorezon.org\/en\/wp-json\/wp\/v2\/pages\/18787","targetHints":{"allow":["GET"]}}],"collection":[{"href":"https:\/\/freddymorezon.org\/en\/wp-json\/wp\/v2\/pages"}],"about":[{"href":"https:\/\/freddymorezon.org\/en\/wp-json\/wp\/v2\/types\/page"}],"author":[{"embeddable":true,"href":"https:\/\/freddymorezon.org\/en\/wp-json\/wp\/v2\/users\/1"}],"replies":[{"embeddable":true,"href":"https:\/\/freddymorezon.org\/en\/wp-json\/wp\/v2\/comments?post=18787"}],"version-history":[{"count":6,"href":"https:\/\/freddymorezon.org\/en\/wp-json\/wp\/v2\/pages\/18787\/revisions"}],"predecessor-version":[{"id":19166,"href":"https:\/\/freddymorezon.org\/en\/wp-json\/wp\/v2\/pages\/18787\/revisions\/19166"}],"up":[{"embeddable":true,"href":"https:\/\/freddymorezon.org\/en\/wp-json\/wp\/v2\/pages\/18236"}],"wp:featuredmedia":[{"embeddable":true,"href":"https:\/\/freddymorezon.org\/en\/wp-json\/wp\/v2\/media\/18785"}],"wp:attachment":[{"href":"https:\/\/freddymorezon.org\/en\/wp-json\/wp\/v2\/media?parent=18787"}],"wp:term":[{"taxonomy":"category","embeddable":true,"href":"https:\/\/freddymorezon.org\/en\/wp-json\/wp\/v2\/categories?post=18787"},{"taxonomy":"post_tag","embeddable":true,"href":"https:\/\/freddymorezon.org\/en\/wp-json\/wp\/v2\/tags?post=18787"}],"curies":[{"name":"wp","href":"https:\/\/api.w.org\/{rel}","templated":true}]}}