
{"id":191,"date":"2016-02-04T16:26:28","date_gmt":"2016-02-04T15:26:28","guid":{"rendered":"https:\/\/freddymorezon.org\/?page_id=191"},"modified":"2026-01-05T11:17:50","modified_gmt":"2026-01-05T09:17:50","slug":"disappearing","status":"publish","type":"page","link":"https:\/\/freddymorezon.org\/en\/label\/disappearing\/","title":{"rendered":"Disappearing"},"content":{"rendered":"<div id=\"pl-191\"  class=\"panel-layout\" ><div id=\"pg-191-0\"  class=\"panel-grid panel-no-style\" ><div id=\"pgc-191-0-0\"  class=\"panel-grid-cell\" ><div id=\"panel-191-0-0-0\" class=\"so-panel widget widget_sow-image panel-first-child\" data-index=\"0\" ><div\n\t\t\t\n\t\t\tclass=\"so-widget-sow-image so-widget-sow-image-default-8b5b6f678277-191\"\n\t\t\t\n\t\t>\n<div class=\"sow-image-container\">\n\t\t<img \n\tsrc=\"https:\/\/freddymorezon.org\/wp-content\/uploads\/2016\/02\/Disappearing_rogne-450x402.jpg\" width=\"450\" height=\"402\" srcset=\"https:\/\/freddymorezon.org\/wp-content\/uploads\/2016\/02\/Disappearing_rogne-450x402.jpg 450w, https:\/\/freddymorezon.org\/wp-content\/uploads\/2016\/02\/Disappearing_rogne-250x223.jpg 250w\" sizes=\"(max-width: 450px) 100vw, 450px\" title=\"Disappearing\" alt=\"\" \t\tclass=\"so-widget-image\"\/>\n\t<\/div>\n\n<\/div><\/div><div id=\"panel-191-0-0-1\" class=\"so-panel widget widget_text\" data-index=\"1\" >\t\t\t<div class=\"textwidget\"><h3>Commander<\/h3>\n<div class=\"ajout-panier\">\n<h4><i class=\"fa fa-chevron-right fa-2x\"><\/i> CD<\/h4>\n<p class=\"product woocommerce add_to_cart_inline \" style=\"border:4px solid #ccc; padding: 12px;\"><span class=\"woocommerce-Price-amount amount\"><bdi>10,00<span class=\"woocommerce-Price-currencySymbol\">&euro;<\/span><\/bdi><\/span><a href=\"\/en\/wp-json\/wp\/v2\/pages\/191?add-to-cart=1957\" aria-describedby=\"woocommerce_loop_add_to_cart_link_describedby_1957\" data-quantity=\"1\" class=\"button product_type_simple add_to_cart_button ajax_add_to_cart\" data-product_id=\"1957\" data-product_sku=\"\" aria-label=\"Add to cart: &ldquo;Disappearing - CD&rdquo;\" rel=\"nofollow\" data-success_message=\"&ldquo;Disappearing - CD&rdquo; has been added to your cart\">Add to cart<\/a>\t<span id=\"woocommerce_loop_add_to_cart_link_describedby_1957\" class=\"screen-reader-text\">\n\t\t\t<\/span>\n<\/p>\n<\/div>\n<div class=\"ajout-panier\">\n<h4>\u00a0Vinyle<\/h4>\n<p class=\"product woocommerce add_to_cart_inline \" style=\"border:4px solid #ccc; padding: 12px;\"><span class=\"woocommerce-Price-amount amount\"><bdi>15,00<span class=\"woocommerce-Price-currencySymbol\">&euro;<\/span><\/bdi><\/span><a href=\"\/en\/wp-json\/wp\/v2\/pages\/191?add-to-cart=1973\" aria-describedby=\"woocommerce_loop_add_to_cart_link_describedby_1973\" data-quantity=\"1\" class=\"button product_type_simple add_to_cart_button ajax_add_to_cart\" data-product_id=\"1973\" data-product_sku=\"\" aria-label=\"Add to cart: &ldquo;Disappearing - vinyle&rdquo;\" rel=\"nofollow\" data-success_message=\"&ldquo;Disappearing - vinyle&rdquo; has been added to your cart\">Add to cart<\/a>\t<span id=\"woocommerce_loop_add_to_cart_link_describedby_1973\" class=\"screen-reader-text\">\n\t\t\t<\/span>\n<\/p>\n<\/div>\n<\/div>\n\t\t<\/div><div id=\"panel-191-0-0-2\" class=\"so-panel widget widget_sow-editor\" data-index=\"2\" ><div\n\t\t\t\n\t\t\tclass=\"so-widget-sow-editor so-widget-sow-editor-base\"\n\t\t\t\n\t\t>\n<div class=\"siteorigin-widget-tinymce textwidget\">\n\t<p><iframe style=\"border: 0; width: 100%; height: 373px;\" src=\"https:\/\/bandcamp.com\/EmbeddedPlayer\/album=1695944117\/size=large\/bgcol=ffffff\/linkcol=0687f5\/artwork=none\/transparent=true\/\" seamless><a href=\"https:\/\/mrmorezon.bandcamp.com\/album\/disappearing\">Disappearing by Le Tigre des Platanes<\/a><\/iframe><\/p>\n<\/div>\n<\/div><\/div><div id=\"panel-191-0-0-3\" class=\"so-panel widget widget_sow-editor\" data-index=\"3\" ><div\n\t\t\t\n\t\t\tclass=\"so-widget-sow-editor so-widget-sow-editor-base\"\n\t\t\t\n\t\t><h3 class=\"widget-title\">DISTRIBUTION - CR\u00c9DITS<\/h3>\n<div class=\"siteorigin-widget-tinymce textwidget\">\n\t<p><strong>Pi\u00e9ro P\u00e9pin :<\/strong> trompette, bugle, claviers, voix<br \/>\n<strong>Marc D\u00e9mereau :<\/strong> saxophone baryton, saxophone alto, synth\u00e9tiseur, voix<br \/>\n<strong>Mathieu Sourisseau :<\/strong> basse acoustique<br \/>\n<strong>Fabien Duscombs :<\/strong> batterie<\/p>\n<p>Arrangements : Le Tigre des Platanes<br \/>\nEnregistr\u00e9 en janvier 2013 \u00e0 la Gare aux Artistes, Montrab\u00e9 (31) par les soins de Pierre \"Riri\" Fleygnac.<br \/>\nMix\u00e9 en avril 2013 au Studio Berduquet (33) par les soins de Pierre \"Riri\" Fleygnac et Fabien Duscombs.<br \/>\nMastering : Pierre \"Riri\" Fleygnac<\/p>\n<p>Une production Freddy Morezon prod. En partenariat avec les Sc\u00e8nes de Musique Actuelles Lo Bolegason, La Gespe, et Les Lendemains qui chantent.<\/p>\n<p>Distribution : Orkh\u00eastra International<\/p>\n<\/div>\n<\/div><\/div><div id=\"panel-191-0-0-4\" class=\"so-panel widget widget_sow-editor panel-last-child\" data-index=\"4\" ><div\n\t\t\t\n\t\t\tclass=\"so-widget-sow-editor so-widget-sow-editor-base\"\n\t\t\t\n\t\t>\n<div class=\"siteorigin-widget-tinymce textwidget\">\n\t<h3>Liens<\/h3>\n<ul>\n<li><i class=\"fa fa-chevron-right fa-2x\"><\/i> <a href=\"https:\/\/freddymorezon.org\/projets\/le-tigre-des-platanes\/\">Le Tigre des Platanes<\/a><\/li>\n<\/ul>\n<\/div>\n<\/div><\/div><\/div><div id=\"pgc-191-0-1\"  class=\"panel-grid-cell\" ><div id=\"panel-191-0-1-0\" class=\"so-panel widget widget_sow-editor panel-first-child\" data-index=\"5\" ><div\n\t\t\t\n\t\t\tclass=\"so-widget-sow-editor so-widget-sow-editor-base\"\n\t\t\t\n\t\t>\n<div class=\"siteorigin-widget-tinymce textwidget\">\n\t<h2>Disappearing<\/h2>\n<h3>Le Tigre des Platanes<\/h3>\n<p>Mr Morezon 007 \/ oct 2013<\/p>\n<ol>\n<li>From the Top of the Mountain (Dog Faced Hermans)<\/li>\n<li>How Animals Move \/ The Florida Recount (John Parish)<\/li>\n<li>Spooning (Butch Morris)<\/li>\n<li>You may find a Bed (Fred Frith-Rebby Sharp)<\/li>\n<li>Disappearing\/Keep the Sharks from your Heart (Sonny Sharrock-Olu Dara \/ Rip Rig + Panic)<\/li>\n<li>Without Warning, his Heart Stopped Beating (John Parish)<\/li>\n<li>Black Robert (Dave Burrell)<\/li>\n<\/ol>\n<\/div>\n<\/div><\/div><div id=\"panel-191-0-1-1\" class=\"so-panel widget widget_eo_event_list_widget EO_Event_List_Widget panel-last-child\" data-index=\"6\" >\n\n\t<h3 class=\"widget-title evenements\">Tour<\/h3>\n\t<ul  class=\"eo-events eo-events-widget\" > \n\n\t\t\n\t\t\t\t\t\t\n\t\t\t<li class=\"eo-event-venue-festival-dolt-2 eo-event-cat-agenda eo-event-cat-fabien-duscombs eo-event-cat-le-tigre-des-platanes eo-event-cat-marc-demereau eo-event-future eo-multi-day eo-all-day\" >\n\t\t\t\n\t\t\n\t\t\t\n\t\t\n\t\t\t\t<div class=\"date\"> \n\t\t\t\t <div class=\"jour\">14<\/div> <div class=\"mois\">May<\/div><\/div>\t\t\t\n\t\t\t\t\t\n\t\t\t\t\t\t\t\t\t\t<div class=\"date2\"> \n\t\t\t\t<div class=\"jour\">15<\/div> <div class=\"mois\">May<\/div><\/div>\t\t\t\t\t\n\t\t\t\t\t\n\t\t\t\t <div class=\"contenu-date\">\n\t\t\t\t\n\t\t\t\t<h4 class=\"titre\">Le Tigre des Platanes - <\/h4> \n\t\t\t\t<div class=\"detail\">\n\t\t\t\t<span class=\"lieu\">Festival d'Olt, Bleymard<\/span><!-- \/.lieu --><div class=\"jour\">14<\/div> <div class=\"mois\">May<\/div><\/div>\t\t\t\t\n\t\t\t\t\n\t\t\t\t\n\t\t\t\t<span class=\"extrait\"> - <p><a href=\"https:\/\/freddymorezon.org\/productions\/le-tigre-des-platanes\/\" title=\"+ d'infos\" alt=\"+ d'infos\"><i class=\"fa fa-plus-square\"><\/i><\/a><a href=\"https:\/\/festivaldolt.org\/\" target=\"_blank\" title=\"+ d'infos\" alt=\"+ d'infos\"><i class=\"fa fa-plus-square\"><\/i><\/a><\/p>\n<\/span><!-- \/.extrait -->\t\t\t\t\n\t\t\t\t\t\t\t\t&nbsp;<span class=\"meta\"><ul class='post-meta'>\n<li><span class='post-meta-key'>om_disable_all_campaigns:<\/span> <\/li>\n<\/ul>\n<\/span><!-- \/.meta -->\n\t\t\t\t<\/div> <!-- \/.detail -->\n\t\t\t\t\n\t\t\t\t\n\t\t\t\t\n\t\t\t\t\n\t\t\t\t\n\t\t\t\t\n\t\t\t\t\n\t\t\t\t\n\t\t\t\t\n\t\t\t\t\n\t\t<!--\t<div class=\"meta-projet-associe-a-l-actu\"><\/div> -->\n\t\t\t\t  \n\t\t\t\t  <div class=\"mois-titre\">\t\t\t\t<!-- \/.mois-titre -->\n\t\t\t\t\n\t\t\t\t   \n\t\t\t\t <\/div><!-- \/.contenu-date -->\n\t\t\t<\/li>\n\n\t\t\n\t<\/ul>\n\n\n<\/div><\/div><\/div><div id=\"pg-191-1\"  class=\"panel-grid panel-no-style\" ><div id=\"pgc-191-1-0\"  class=\"panel-grid-cell panel-grid-cell-empty\" ><\/div><\/div><\/div>","protected":false},"excerpt":{"rendered":"<p>October 2013<\/p>\n","protected":false},"author":1,"featured_media":2000,"parent":140,"menu_order":0,"comment_status":"closed","ping_status":"closed","template":"page-templates\/full-width.php","meta":{"om_disable_all_campaigns":false,"_monsterinsights_skip_tracking":false,"_monsterinsights_sitenote_active":false,"_monsterinsights_sitenote_note":"","_monsterinsights_sitenote_category":0,"_uf_show_specific_survey":0,"_uf_disable_surveys":false,"footnotes":""},"categories":[1174],"tags":[9,60,12,18,15],"class_list":["post-191","page","type-page","status-publish","has-post-thumbnail","hentry","category-page-label","tag-fabien-duscombs","tag-le-tigre-des-platanes","tag-marc-demereau","tag-mathieu-sourisseau","tag-piero-pepin"],"aioseo_notices":[],"yoast_head":"<!-- This site is optimized with the Yoast SEO plugin v27.3 - https:\/\/yoast.com\/product\/yoast-seo-wordpress\/ -->\n<title>Disappearing | Freddy Morezon<\/title>\n<meta name=\"robots\" content=\"index, follow, max-snippet:-1, max-image-preview:large, max-video-preview:-1\" \/>\n<link rel=\"canonical\" href=\"https:\/\/freddymorezon.org\/label\/disappearing\/\" \/>\n<meta property=\"og:locale\" content=\"en_US\" \/>\n<meta property=\"og:type\" content=\"article\" \/>\n<meta property=\"og:title\" content=\"Disappearing | Freddy Morezon\" \/>\n<meta property=\"og:description\" content=\"[:fr]Octobre 2013[:en]October 2013[:]\" \/>\n<meta property=\"og:url\" content=\"https:\/\/freddymorezon.org\/label\/disappearing\/\" \/>\n<meta property=\"og:site_name\" content=\"Freddy Morezon\" \/>\n<meta property=\"article:publisher\" content=\"https:\/\/www.facebook.com\/freddy.morezon\/\" \/>\n<meta property=\"article:modified_time\" content=\"2026-01-05T09:17:50+00:00\" \/>\n<meta property=\"og:image\" content=\"https:\/\/freddymorezon.org\/wp-content\/uploads\/2016\/02\/Disappearing_rogne.jpg\" \/>\n\t<meta property=\"og:image:width\" content=\"467\" \/>\n\t<meta property=\"og:image:height\" content=\"444\" \/>\n\t<meta property=\"og:image:type\" content=\"image\/jpeg\" \/>\n<meta name=\"twitter:card\" content=\"summary_large_image\" \/>\n<script type=\"application\/ld+json\" class=\"yoast-schema-graph\">{\"@context\":\"https:\\\/\\\/schema.org\",\"@graph\":[{\"@type\":\"WebPage\",\"@id\":\"https:\\\/\\\/freddymorezon.org\\\/label\\\/disappearing\\\/\",\"url\":\"https:\\\/\\\/freddymorezon.org\\\/label\\\/disappearing\\\/\",\"name\":\"Disappearing | Freddy Morezon\",\"isPartOf\":{\"@id\":\"https:\\\/\\\/freddymorezon.org\\\/#website\"},\"primaryImageOfPage\":{\"@id\":\"https:\\\/\\\/freddymorezon.org\\\/label\\\/disappearing\\\/#primaryimage\"},\"image\":{\"@id\":\"https:\\\/\\\/freddymorezon.org\\\/label\\\/disappearing\\\/#primaryimage\"},\"thumbnailUrl\":\"https:\\\/\\\/freddymorezon.org\\\/wp-content\\\/uploads\\\/2016\\\/02\\\/Disappearing_rogne.jpg\",\"datePublished\":\"2016-02-04T15:26:28+00:00\",\"dateModified\":\"2026-01-05T09:17:50+00:00\",\"breadcrumb\":{\"@id\":\"https:\\\/\\\/freddymorezon.org\\\/label\\\/disappearing\\\/#breadcrumb\"},\"inLanguage\":\"en-US\",\"potentialAction\":[{\"@type\":\"ReadAction\",\"target\":[\"https:\\\/\\\/freddymorezon.org\\\/label\\\/disappearing\\\/\"]}]},{\"@type\":\"ImageObject\",\"inLanguage\":\"en-US\",\"@id\":\"https:\\\/\\\/freddymorezon.org\\\/label\\\/disappearing\\\/#primaryimage\",\"url\":\"https:\\\/\\\/freddymorezon.org\\\/wp-content\\\/uploads\\\/2016\\\/02\\\/Disappearing_rogne.jpg\",\"contentUrl\":\"https:\\\/\\\/freddymorezon.org\\\/wp-content\\\/uploads\\\/2016\\\/02\\\/Disappearing_rogne.jpg\",\"width\":467,\"height\":444},{\"@type\":\"BreadcrumbList\",\"@id\":\"https:\\\/\\\/freddymorezon.org\\\/label\\\/disappearing\\\/#breadcrumb\",\"itemListElement\":[{\"@type\":\"ListItem\",\"position\":1,\"name\":\"Accueil\",\"item\":\"https:\\\/\\\/freddymorezon.org\\\/\"},{\"@type\":\"ListItem\",\"position\":2,\"name\":\"Label\",\"item\":\"https:\\\/\\\/freddymorezon.org\\\/label\\\/\"},{\"@type\":\"ListItem\",\"position\":3,\"name\":\"Disappearing\"}]},{\"@type\":\"WebSite\",\"@id\":\"https:\\\/\\\/freddymorezon.org\\\/#website\",\"url\":\"https:\\\/\\\/freddymorezon.org\\\/\",\"name\":\"Freddy Morezon\",\"description\":\"jazz - musique improvis\u00e9e - esth\u00e9tiques plurielles\",\"publisher\":{\"@id\":\"https:\\\/\\\/freddymorezon.org\\\/#organization\"},\"potentialAction\":[{\"@type\":\"SearchAction\",\"target\":{\"@type\":\"EntryPoint\",\"urlTemplate\":\"https:\\\/\\\/freddymorezon.org\\\/?s={search_term_string}\"},\"query-input\":{\"@type\":\"PropertyValueSpecification\",\"valueRequired\":true,\"valueName\":\"search_term_string\"}}],\"inLanguage\":\"en-US\"},{\"@type\":\"Organization\",\"@id\":\"https:\\\/\\\/freddymorezon.org\\\/#organization\",\"name\":\"Association Freddy Morezon\",\"url\":\"https:\\\/\\\/freddymorezon.org\\\/\",\"logo\":{\"@type\":\"ImageObject\",\"inLanguage\":\"en-US\",\"@id\":\"https:\\\/\\\/freddymorezon.org\\\/#\\\/schema\\\/logo\\\/image\\\/\",\"url\":\"https:\\\/\\\/freddymorezon.org\\\/wp-content\\\/uploads\\\/2016\\\/02\\\/mini-logo-header-site2.jpg\",\"contentUrl\":\"https:\\\/\\\/freddymorezon.org\\\/wp-content\\\/uploads\\\/2016\\\/02\\\/mini-logo-header-site2.jpg\",\"width\":234,\"height\":174,\"caption\":\"Association Freddy Morezon\"},\"image\":{\"@id\":\"https:\\\/\\\/freddymorezon.org\\\/#\\\/schema\\\/logo\\\/image\\\/\"},\"sameAs\":[\"https:\\\/\\\/www.facebook.com\\\/freddy.morezon\\\/\",\"https:\\\/\\\/www.instagram.com\\\/freddymorezon\\\/\",\"https:\\\/\\\/www.youtube.com\\\/user\\\/freddymorezon\",\"https:\\\/\\\/fr.linkedin.com\\\/company\\\/freddy-morezon-p.r.o.d.\"]}]}<\/script>\n<!-- \/ Yoast SEO plugin. -->","yoast_head_json":{"title":"Disappearing | Freddy Morezon","robots":{"index":"index","follow":"follow","max-snippet":"max-snippet:-1","max-image-preview":"max-image-preview:large","max-video-preview":"max-video-preview:-1"},"canonical":"https:\/\/freddymorezon.org\/label\/disappearing\/","og_locale":"en_US","og_type":"article","og_title":"Disappearing | Freddy Morezon","og_description":"[:fr]Octobre 2013[:en]October 2013[:]","og_url":"https:\/\/freddymorezon.org\/label\/disappearing\/","og_site_name":"Freddy Morezon","article_publisher":"https:\/\/www.facebook.com\/freddy.morezon\/","article_modified_time":"2026-01-05T09:17:50+00:00","og_image":[{"width":467,"height":444,"url":"https:\/\/freddymorezon.org\/wp-content\/uploads\/2016\/02\/Disappearing_rogne.jpg","type":"image\/jpeg"}],"twitter_card":"summary_large_image","schema":{"@context":"https:\/\/schema.org","@graph":[{"@type":"WebPage","@id":"https:\/\/freddymorezon.org\/label\/disappearing\/","url":"https:\/\/freddymorezon.org\/label\/disappearing\/","name":"Disappearing | Freddy Morezon","isPartOf":{"@id":"https:\/\/freddymorezon.org\/#website"},"primaryImageOfPage":{"@id":"https:\/\/freddymorezon.org\/label\/disappearing\/#primaryimage"},"image":{"@id":"https:\/\/freddymorezon.org\/label\/disappearing\/#primaryimage"},"thumbnailUrl":"https:\/\/freddymorezon.org\/wp-content\/uploads\/2016\/02\/Disappearing_rogne.jpg","datePublished":"2016-02-04T15:26:28+00:00","dateModified":"2026-01-05T09:17:50+00:00","breadcrumb":{"@id":"https:\/\/freddymorezon.org\/label\/disappearing\/#breadcrumb"},"inLanguage":"en-US","potentialAction":[{"@type":"ReadAction","target":["https:\/\/freddymorezon.org\/label\/disappearing\/"]}]},{"@type":"ImageObject","inLanguage":"en-US","@id":"https:\/\/freddymorezon.org\/label\/disappearing\/#primaryimage","url":"https:\/\/freddymorezon.org\/wp-content\/uploads\/2016\/02\/Disappearing_rogne.jpg","contentUrl":"https:\/\/freddymorezon.org\/wp-content\/uploads\/2016\/02\/Disappearing_rogne.jpg","width":467,"height":444},{"@type":"BreadcrumbList","@id":"https:\/\/freddymorezon.org\/label\/disappearing\/#breadcrumb","itemListElement":[{"@type":"ListItem","position":1,"name":"Accueil","item":"https:\/\/freddymorezon.org\/"},{"@type":"ListItem","position":2,"name":"Label","item":"https:\/\/freddymorezon.org\/label\/"},{"@type":"ListItem","position":3,"name":"Disappearing"}]},{"@type":"WebSite","@id":"https:\/\/freddymorezon.org\/#website","url":"https:\/\/freddymorezon.org\/","name":"Freddy Morezon","description":"jazz - musique improvis\u00e9e - esth\u00e9tiques plurielles","publisher":{"@id":"https:\/\/freddymorezon.org\/#organization"},"potentialAction":[{"@type":"SearchAction","target":{"@type":"EntryPoint","urlTemplate":"https:\/\/freddymorezon.org\/?s={search_term_string}"},"query-input":{"@type":"PropertyValueSpecification","valueRequired":true,"valueName":"search_term_string"}}],"inLanguage":"en-US"},{"@type":"Organization","@id":"https:\/\/freddymorezon.org\/#organization","name":"Association Freddy Morezon","url":"https:\/\/freddymorezon.org\/","logo":{"@type":"ImageObject","inLanguage":"en-US","@id":"https:\/\/freddymorezon.org\/#\/schema\/logo\/image\/","url":"https:\/\/freddymorezon.org\/wp-content\/uploads\/2016\/02\/mini-logo-header-site2.jpg","contentUrl":"https:\/\/freddymorezon.org\/wp-content\/uploads\/2016\/02\/mini-logo-header-site2.jpg","width":234,"height":174,"caption":"Association Freddy Morezon"},"image":{"@id":"https:\/\/freddymorezon.org\/#\/schema\/logo\/image\/"},"sameAs":["https:\/\/www.facebook.com\/freddy.morezon\/","https:\/\/www.instagram.com\/freddymorezon\/","https:\/\/www.youtube.com\/user\/freddymorezon","https:\/\/fr.linkedin.com\/company\/freddy-morezon-p.r.o.d."]}]}},"_links":{"self":[{"href":"https:\/\/freddymorezon.org\/en\/wp-json\/wp\/v2\/pages\/191","targetHints":{"allow":["GET"]}}],"collection":[{"href":"https:\/\/freddymorezon.org\/en\/wp-json\/wp\/v2\/pages"}],"about":[{"href":"https:\/\/freddymorezon.org\/en\/wp-json\/wp\/v2\/types\/page"}],"author":[{"embeddable":true,"href":"https:\/\/freddymorezon.org\/en\/wp-json\/wp\/v2\/users\/1"}],"replies":[{"embeddable":true,"href":"https:\/\/freddymorezon.org\/en\/wp-json\/wp\/v2\/comments?post=191"}],"version-history":[{"count":51,"href":"https:\/\/freddymorezon.org\/en\/wp-json\/wp\/v2\/pages\/191\/revisions"}],"predecessor-version":[{"id":24749,"href":"https:\/\/freddymorezon.org\/en\/wp-json\/wp\/v2\/pages\/191\/revisions\/24749"}],"up":[{"embeddable":true,"href":"https:\/\/freddymorezon.org\/en\/wp-json\/wp\/v2\/pages\/140"}],"wp:featuredmedia":[{"embeddable":true,"href":"https:\/\/freddymorezon.org\/en\/wp-json\/wp\/v2\/media\/2000"}],"wp:attachment":[{"href":"https:\/\/freddymorezon.org\/en\/wp-json\/wp\/v2\/media?parent=191"}],"wp:term":[{"taxonomy":"category","embeddable":true,"href":"https:\/\/freddymorezon.org\/en\/wp-json\/wp\/v2\/categories?post=191"},{"taxonomy":"post_tag","embeddable":true,"href":"https:\/\/freddymorezon.org\/en\/wp-json\/wp\/v2\/tags?post=191"}],"curies":[{"name":"wp","href":"https:\/\/api.w.org\/{rel}","templated":true}]}}