
{"id":196,"date":"2016-02-04T16:13:47","date_gmt":"2016-02-04T15:13:47","guid":{"rendered":"https:\/\/freddymorezon.org\/?page_id=196"},"modified":"2026-01-05T11:16:46","modified_gmt":"2026-01-05T09:16:46","slug":"pour-en-finir-avec-69","status":"publish","type":"page","link":"https:\/\/freddymorezon.org\/en\/label\/pour-en-finir-avec-69\/","title":{"rendered":"Pour en Finir avec 69"},"content":{"rendered":"<div id=\"pl-196\"  class=\"panel-layout\" ><div id=\"pg-196-0\"  class=\"panel-grid panel-no-style\" ><div id=\"pgc-196-0-0\"  class=\"panel-grid-cell\" ><div id=\"panel-196-0-0-0\" class=\"so-panel widget widget_sow-image panel-first-child\" data-index=\"0\" ><div\n\t\t\t\n\t\t\tclass=\"so-widget-sow-image so-widget-sow-image-default-8b5b6f678277-196\"\n\t\t\t\n\t\t>\n<div class=\"sow-image-container\">\n\t\t<img \n\tsrc=\"https:\/\/freddymorezon.org\/wp-content\/uploads\/2016\/02\/digipack-couvfriture-69-300dpi-450x402.jpg\" width=\"450\" height=\"402\" srcset=\"https:\/\/freddymorezon.org\/wp-content\/uploads\/2016\/02\/digipack-couvfriture-69-300dpi-450x402.jpg 450w, https:\/\/freddymorezon.org\/wp-content\/uploads\/2016\/02\/digipack-couvfriture-69-300dpi-250x223.jpg 250w\" sizes=\"(max-width: 450px) 100vw, 450px\" title=\"Pour en finir avec 69 &#8211; La Friture Moderne\" alt=\"\" \t\tclass=\"so-widget-image\"\/>\n\t<\/div>\n\n<\/div><\/div><div id=\"panel-196-0-0-1\" class=\"so-panel widget widget_text\" data-index=\"1\" >\t\t\t<div class=\"textwidget\"><h3>Commander<\/h3>\n<div class=\"ajout-panier\">\n<h4><i class=\"fa fa-chevron-right fa-2x\"><\/i> CD<\/h4>\n<p class=\"product woocommerce add_to_cart_inline \" style=\"border:4px solid #ccc; padding: 12px;\"><span class=\"woocommerce-Price-amount amount\"><bdi>10,00<span class=\"woocommerce-Price-currencySymbol\">&euro;<\/span><\/bdi><\/span><a href=\"\/en\/wp-json\/wp\/v2\/pages\/196?add-to-cart=1945\" aria-describedby=\"woocommerce_loop_add_to_cart_link_describedby_1945\" data-quantity=\"1\" class=\"button product_type_simple add_to_cart_button ajax_add_to_cart\" data-product_id=\"1945\" data-product_sku=\"\" aria-label=\"Add to cart: &ldquo;Pour en finir avec 69 - CD&rdquo;\" rel=\"nofollow\" data-success_message=\"&ldquo;Pour en finir avec 69 - CD&rdquo; has been added to your cart\">Add to cart<\/a>\t<span id=\"woocommerce_loop_add_to_cart_link_describedby_1945\" class=\"screen-reader-text\">\n\t\t\t<\/span>\n<\/p>\n<\/div>\n<\/div>\n\t\t<\/div><div id=\"panel-196-0-0-2\" class=\"so-panel widget widget_sow-editor\" data-index=\"2\" ><div\n\t\t\t\n\t\t\tclass=\"so-widget-sow-editor so-widget-sow-editor-base\"\n\t\t\t\n\t\t><h3 class=\"widget-title\">DISTRIBUTION - CR\u00c9DITS<\/h3>\n<div class=\"siteorigin-widget-tinymce textwidget\">\n\t<p><strong>Pi\u00e9ro P\u00e9pin, Walter Barbera :<\/strong> trompette, voix, gueulophone<br \/>\n<strong>Ruben Guiu :<\/strong> trombone, voix, gueulophone<br \/>\n<strong>Marc D\u00e9mereau :<\/strong> saxophone alto, samples, voix, gueulophone<br \/>\n<strong>Olivier Seiwert :<\/strong> saxophones t\u00e9nor, voix, gueulophone<br \/>\n<strong>Beno\u00eet Cazamayou :<\/strong> accord\u00e9on, chant, gueulophone<br \/>\n<strong>Mathieu Sourisseau :<\/strong> soubassophone, voix, gueulophone<br \/>\n<strong>Fabien Duscombs :<\/strong> caisse claire, percussions, voix, gueulophone<br \/>\n<strong>Pascal Portejoie :<\/strong> grosse caisse, percussions, voix, gueulophone<br \/>\n<strong>Basile Robert, Bernie Blardat :<\/strong> assistance technique<\/p>\n<p>Mr Morezon 005 \/ 2010<br \/>\nDirection musicale, arrangements : Marc D\u00e9mereau.<br \/>\nGraphisme et dessin : Beno\u00eet Guillaume - D'apr\u00e8s une photo de Jeanfranc<br \/>\nR\u00e9alisation Olivier Cussac, assist\u00e9 par Arthur Ower<br \/>\nStudio Condorcet - Toulouse - 2010<br \/>\nProduction Freddy Morezon prod<\/p>\n<p>&nbsp;<\/p>\n<\/div>\n<\/div><\/div><div id=\"panel-196-0-0-3\" class=\"so-panel widget widget_sow-editor panel-last-child\" data-index=\"3\" ><div\n\t\t\t\n\t\t\tclass=\"so-widget-sow-editor so-widget-sow-editor-base\"\n\t\t\t\n\t\t>\n<div class=\"siteorigin-widget-tinymce textwidget\">\n\t<h3>Liens<\/h3>\n<ul>\n<li><i class=\"fa fa-chevron-right fa-2x\"><\/i> <a href=\"https:\/\/freddymorezon.org\/projets\/la-friture-moderne\/\">La Friture Moderne<\/a><\/li>\n<\/ul>\n<p>&nbsp;<\/p>\n<\/div>\n<\/div><\/div><\/div><div id=\"pgc-196-0-1\"  class=\"panel-grid-cell\" ><div id=\"panel-196-0-1-0\" class=\"so-panel widget widget_sow-editor panel-first-child\" data-index=\"4\" ><div\n\t\t\t\n\t\t\tclass=\"so-widget-sow-editor so-widget-sow-editor-base\"\n\t\t\t\n\t\t>\n<div class=\"siteorigin-widget-tinymce textwidget\">\n\t<h2>Pour en finir avec 69<\/h2>\n<h3>La Friture Moderne<\/h3>\n<p>Mr Morezon 005 \/ 2010<\/p>\n<\/div>\n<\/div><\/div><div id=\"panel-196-0-1-1\" class=\"so-panel widget widget_sow-editor panel-last-child\" data-index=\"5\" ><div\n\t\t\t\n\t\t\tclass=\"so-widget-sow-editor so-widget-sow-editor-base\"\n\t\t\t\n\t\t>\n<div class=\"siteorigin-widget-tinymce textwidget\">\n\t<p>1.\u00a0 The Creator has a Master Plan \/ QZX 69 (Pharoah Sanders \/ Marc D\u00e9mereau)<br \/>\n2. - 3. Barricade - Valse de M\u00e9lody (Marc D\u00e9mereau - Serge Gainsbourg)<br \/>\n4. - 5. Who Knows - Machine Gun (Jimi Hendrix)<br \/>\n6. Mercedes Benz (Janis Joplin)<br \/>\n7. - 8. Heart Beat Pig Meat - Comme \u00e0 la radio (Pink FLoyd - Brigitte Fontaine)<br \/>\n9. Liberation Medley :<br \/>\n- The Introduction (Carla Bley)<br \/>\n- Wille the Pimp (Frank Zappa)<br \/>\n- Star Spangled Banner (...Jimi Hendrix!)<br \/>\n- Memories of a Free Festival ( David Bowie)<br \/>\n- 21st Century Schizoid Man (King Crimson)<br \/>\n- C'est Rat\u00e9, c'est Rat\u00e9 (Albert Marcoeur)<br \/>\n- We Shall Overcome (Horton, Hamilton, Carawan, Seeger)<\/p>\n<\/div>\n<\/div><\/div><\/div><\/div><div id=\"pg-196-1\"  class=\"panel-grid panel-no-style\" ><div id=\"pgc-196-1-0\"  class=\"panel-grid-cell\" ><div id=\"panel-196-1-0-0\" class=\"so-panel widget widget_sow-editor panel-first-child panel-last-child\" data-index=\"6\" ><div\n\t\t\t\n\t\t\tclass=\"so-widget-sow-editor so-widget-sow-editor-base\"\n\t\t\t\n\t\t>\n<div class=\"siteorigin-widget-tinymce textwidget\">\n\t<p><!--\" On appelle \u00e7a \"<em><strong>Pour en finir avec 69<\/strong>\",\nc'est un spectacle qu'on joue dans la rue.\nOn est une esp\u00e8ce de fanfare qui a v\u00e9cu pas mal d'aventures. Bon nombre de ses musiciens sont n\u00e9s en 69, c'est rigolo.\nAlors on invoque Gainsbarre, L\u00e9o Ferr\u00e9 (le texte cit\u00e9 sur \"Who Knows\" est tir\u00e9 de \"Il n'y a plus rien\"...), Brigitte Fontaine, Iggy Pop ou Pharoah Sanders... Que des vieux trucs un peu poussi\u00e9reux...\nEt peu \u00e0 peu, on s'arme de m\u00e9gaphones pour chanter, sinon, dans la rue, la voix ne porte pas bien.\n\"gueulophones\", on les apelle.\nEt puis, des pancartes fleurissent, avec des extraits des chansons ou des phrases qu'\u00e0 l'\u00e9poque les gens \u00e9crivaient sur les murs. Puis une banderole, \u00e7a fait plus gai. Et puis, peu \u00e0 peu, de jouer cette musique, de revisiter tout \u00e7a, malgr\u00e9 nous, \u00e7a nous excite, on se prend au jeu, on s'\u00e9clate ! Et on n'a plus envie d'en finir, on ne peut plus s'arr\u00eater ! On est d\u00e9pass\u00e9s par la force de ce qu'on \u00e9voque, on n'y peut plus rien, monsieur l'agent...\nCe spectacle que nous vous invitons modestement \u00e0 imaginer, est d\u00e9di\u00e9 \u00e0 notre ami Michel Pechberty.\n\"\n\n<strong>\"1969, la lib\u00e9ration en marche :<\/strong>\nOn lib\u00e8re les fleurs, les moeurs, les cheveux, les seins, les rires et aussi les pleurs, les rages et les revendications,\nOn jette les cravates (les crs en portent encore, c'est dr\u00f4le, \u00e7a fait \"apr\u00e8s guerre\" !), et encore quelques pav\u00e9s... Les barricades fument encore, et elles ne sont pas les seules...\nUn vent dionysiaque a d\u00e9ferl\u00e9, qui ne veut pas faiblir.\nAnn\u00e9e \u00e9rotique, insolente, bouillonante... Les guitares rugissent, la voix de Janis rocaille plus que jamais, et \u00e0 la fin de<em> Zabriskie Point<\/em>,\u00a0 ce chef d'oeuvre d'Antonioni, une maison bourgeoise ultra-moderne explose et explose encore, mille fois, au ralenti, sur un des plus beaux hurlements du rock'n roll : \"Be careful with that axe\", du Floyd...\nL'ann\u00e9e, comme d'hab, s'ach\u00e8ve le 31 d\u00e9cembre. Jimi Hendrix, pour le r\u00e9veillon, joue au Fillmore East. C'est <em>Band of Gypsies<\/em>, un de ses plus beaux disques, et la plus belle fa\u00e7on qui soit de passer aux ann\u00e9es 70 et de continuer la f\u00eate.\nEt le combat.\nA Vietnam, la guerre s'enlise. Jimi, dans Machine Gun, fait de sa stratocaster une arme contre les armes et l'absurdit\u00e9 d'un monde qui court \u00e0 sa perte...\nQui n'arr\u00eate pas, quarante ans plus tard, de courir dans cette m\u00eame direction...\nOn nous demande aujourd'hui d'oublier les valeurs les id\u00e9es de cette \u00e9poque...\nFranchement, toute cette furie, cette utopie, cette d\u00e9pravation, aujourd'hui, \u00e7a fait d\u00e9sordre.\nOn a voulu essayer d'oublier.\n\nJuste on se rappelle une derni\u00e8re fois et apr\u00e8s, on arr\u00eate, c'est promis.\n\"\n--><\/p>\n<\/div>\n<\/div><\/div><\/div><\/div><\/div>","protected":false},"excerpt":{"rendered":"<p>2010<\/p>\n","protected":false},"author":1,"featured_media":14,"parent":140,"menu_order":0,"comment_status":"closed","ping_status":"closed","template":"page-templates\/full-width.php","meta":{"om_disable_all_campaigns":false,"_monsterinsights_skip_tracking":false,"_monsterinsights_sitenote_active":false,"_monsterinsights_sitenote_note":"","_monsterinsights_sitenote_category":0,"_uf_show_specific_survey":0,"_uf_disable_surveys":false,"footnotes":""},"categories":[1174],"tags":[22,9,61,12,18,16,19,15,21,62],"class_list":["post-196","page","type-page","status-publish","has-post-thumbnail","hentry","category-page-label","tag-benoit-cazamayou","tag-fabien-duscombs","tag-la-friture-moderne","tag-marc-demereau","tag-mathieu-sourisseau","tag-olivier-seiwert","tag-pascal-portejoie","tag-piero-pepin","tag-ruben-guiu","tag-walter-barbera"],"aioseo_notices":[],"yoast_head":"<!-- This site is optimized with the Yoast SEO plugin v27.3 - https:\/\/yoast.com\/product\/yoast-seo-wordpress\/ -->\n<title>Pour en Finir avec 69 | Freddy Morezon<\/title>\n<meta name=\"robots\" content=\"index, follow, max-snippet:-1, max-image-preview:large, max-video-preview:-1\" \/>\n<link rel=\"canonical\" href=\"https:\/\/freddymorezon.org\/label\/pour-en-finir-avec-69\/\" \/>\n<meta property=\"og:locale\" content=\"en_US\" \/>\n<meta property=\"og:type\" content=\"article\" \/>\n<meta property=\"og:title\" content=\"Pour en Finir avec 69 | Freddy Morezon\" \/>\n<meta property=\"og:description\" content=\"2010\" \/>\n<meta property=\"og:url\" content=\"https:\/\/freddymorezon.org\/label\/pour-en-finir-avec-69\/\" \/>\n<meta property=\"og:site_name\" content=\"Freddy Morezon\" \/>\n<meta property=\"article:publisher\" content=\"https:\/\/www.facebook.com\/freddy.morezon\/\" \/>\n<meta property=\"article:modified_time\" content=\"2026-01-05T09:16:46+00:00\" \/>\n<meta property=\"og:image\" content=\"https:\/\/freddymorezon.org\/wp-content\/uploads\/2016\/02\/digipack-couvfriture-69-300dpi.jpg\" \/>\n\t<meta property=\"og:image:width\" content=\"1646\" \/>\n\t<meta property=\"og:image:height\" content=\"1482\" \/>\n\t<meta property=\"og:image:type\" content=\"image\/jpeg\" \/>\n<meta name=\"twitter:card\" content=\"summary_large_image\" \/>\n<script type=\"application\/ld+json\" class=\"yoast-schema-graph\">{\"@context\":\"https:\\\/\\\/schema.org\",\"@graph\":[{\"@type\":\"WebPage\",\"@id\":\"https:\\\/\\\/freddymorezon.org\\\/label\\\/pour-en-finir-avec-69\\\/\",\"url\":\"https:\\\/\\\/freddymorezon.org\\\/label\\\/pour-en-finir-avec-69\\\/\",\"name\":\"Pour en Finir avec 69 | Freddy Morezon\",\"isPartOf\":{\"@id\":\"https:\\\/\\\/freddymorezon.org\\\/#website\"},\"primaryImageOfPage\":{\"@id\":\"https:\\\/\\\/freddymorezon.org\\\/label\\\/pour-en-finir-avec-69\\\/#primaryimage\"},\"image\":{\"@id\":\"https:\\\/\\\/freddymorezon.org\\\/label\\\/pour-en-finir-avec-69\\\/#primaryimage\"},\"thumbnailUrl\":\"https:\\\/\\\/freddymorezon.org\\\/wp-content\\\/uploads\\\/2016\\\/02\\\/digipack-couvfriture-69-300dpi.jpg\",\"datePublished\":\"2016-02-04T15:13:47+00:00\",\"dateModified\":\"2026-01-05T09:16:46+00:00\",\"breadcrumb\":{\"@id\":\"https:\\\/\\\/freddymorezon.org\\\/label\\\/pour-en-finir-avec-69\\\/#breadcrumb\"},\"inLanguage\":\"en-US\",\"potentialAction\":[{\"@type\":\"ReadAction\",\"target\":[\"https:\\\/\\\/freddymorezon.org\\\/label\\\/pour-en-finir-avec-69\\\/\"]}]},{\"@type\":\"ImageObject\",\"inLanguage\":\"en-US\",\"@id\":\"https:\\\/\\\/freddymorezon.org\\\/label\\\/pour-en-finir-avec-69\\\/#primaryimage\",\"url\":\"https:\\\/\\\/freddymorezon.org\\\/wp-content\\\/uploads\\\/2016\\\/02\\\/digipack-couvfriture-69-300dpi.jpg\",\"contentUrl\":\"https:\\\/\\\/freddymorezon.org\\\/wp-content\\\/uploads\\\/2016\\\/02\\\/digipack-couvfriture-69-300dpi.jpg\",\"width\":1646,\"height\":1482},{\"@type\":\"BreadcrumbList\",\"@id\":\"https:\\\/\\\/freddymorezon.org\\\/label\\\/pour-en-finir-avec-69\\\/#breadcrumb\",\"itemListElement\":[{\"@type\":\"ListItem\",\"position\":1,\"name\":\"Accueil\",\"item\":\"https:\\\/\\\/freddymorezon.org\\\/\"},{\"@type\":\"ListItem\",\"position\":2,\"name\":\"Label\",\"item\":\"https:\\\/\\\/freddymorezon.org\\\/label\\\/\"},{\"@type\":\"ListItem\",\"position\":3,\"name\":\"Pour en Finir avec 69\"}]},{\"@type\":\"WebSite\",\"@id\":\"https:\\\/\\\/freddymorezon.org\\\/#website\",\"url\":\"https:\\\/\\\/freddymorezon.org\\\/\",\"name\":\"Freddy Morezon\",\"description\":\"jazz - musique improvis\u00e9e - esth\u00e9tiques plurielles\",\"publisher\":{\"@id\":\"https:\\\/\\\/freddymorezon.org\\\/#organization\"},\"potentialAction\":[{\"@type\":\"SearchAction\",\"target\":{\"@type\":\"EntryPoint\",\"urlTemplate\":\"https:\\\/\\\/freddymorezon.org\\\/?s={search_term_string}\"},\"query-input\":{\"@type\":\"PropertyValueSpecification\",\"valueRequired\":true,\"valueName\":\"search_term_string\"}}],\"inLanguage\":\"en-US\"},{\"@type\":\"Organization\",\"@id\":\"https:\\\/\\\/freddymorezon.org\\\/#organization\",\"name\":\"Association Freddy Morezon\",\"url\":\"https:\\\/\\\/freddymorezon.org\\\/\",\"logo\":{\"@type\":\"ImageObject\",\"inLanguage\":\"en-US\",\"@id\":\"https:\\\/\\\/freddymorezon.org\\\/#\\\/schema\\\/logo\\\/image\\\/\",\"url\":\"https:\\\/\\\/freddymorezon.org\\\/wp-content\\\/uploads\\\/2016\\\/02\\\/mini-logo-header-site2.jpg\",\"contentUrl\":\"https:\\\/\\\/freddymorezon.org\\\/wp-content\\\/uploads\\\/2016\\\/02\\\/mini-logo-header-site2.jpg\",\"width\":234,\"height\":174,\"caption\":\"Association Freddy Morezon\"},\"image\":{\"@id\":\"https:\\\/\\\/freddymorezon.org\\\/#\\\/schema\\\/logo\\\/image\\\/\"},\"sameAs\":[\"https:\\\/\\\/www.facebook.com\\\/freddy.morezon\\\/\",\"https:\\\/\\\/www.instagram.com\\\/freddymorezon\\\/\",\"https:\\\/\\\/www.youtube.com\\\/user\\\/freddymorezon\",\"https:\\\/\\\/fr.linkedin.com\\\/company\\\/freddy-morezon-p.r.o.d.\"]}]}<\/script>\n<!-- \/ Yoast SEO plugin. -->","yoast_head_json":{"title":"Pour en Finir avec 69 | Freddy Morezon","robots":{"index":"index","follow":"follow","max-snippet":"max-snippet:-1","max-image-preview":"max-image-preview:large","max-video-preview":"max-video-preview:-1"},"canonical":"https:\/\/freddymorezon.org\/label\/pour-en-finir-avec-69\/","og_locale":"en_US","og_type":"article","og_title":"Pour en Finir avec 69 | Freddy Morezon","og_description":"2010","og_url":"https:\/\/freddymorezon.org\/label\/pour-en-finir-avec-69\/","og_site_name":"Freddy Morezon","article_publisher":"https:\/\/www.facebook.com\/freddy.morezon\/","article_modified_time":"2026-01-05T09:16:46+00:00","og_image":[{"width":1646,"height":1482,"url":"https:\/\/freddymorezon.org\/wp-content\/uploads\/2016\/02\/digipack-couvfriture-69-300dpi.jpg","type":"image\/jpeg"}],"twitter_card":"summary_large_image","schema":{"@context":"https:\/\/schema.org","@graph":[{"@type":"WebPage","@id":"https:\/\/freddymorezon.org\/label\/pour-en-finir-avec-69\/","url":"https:\/\/freddymorezon.org\/label\/pour-en-finir-avec-69\/","name":"Pour en Finir avec 69 | Freddy Morezon","isPartOf":{"@id":"https:\/\/freddymorezon.org\/#website"},"primaryImageOfPage":{"@id":"https:\/\/freddymorezon.org\/label\/pour-en-finir-avec-69\/#primaryimage"},"image":{"@id":"https:\/\/freddymorezon.org\/label\/pour-en-finir-avec-69\/#primaryimage"},"thumbnailUrl":"https:\/\/freddymorezon.org\/wp-content\/uploads\/2016\/02\/digipack-couvfriture-69-300dpi.jpg","datePublished":"2016-02-04T15:13:47+00:00","dateModified":"2026-01-05T09:16:46+00:00","breadcrumb":{"@id":"https:\/\/freddymorezon.org\/label\/pour-en-finir-avec-69\/#breadcrumb"},"inLanguage":"en-US","potentialAction":[{"@type":"ReadAction","target":["https:\/\/freddymorezon.org\/label\/pour-en-finir-avec-69\/"]}]},{"@type":"ImageObject","inLanguage":"en-US","@id":"https:\/\/freddymorezon.org\/label\/pour-en-finir-avec-69\/#primaryimage","url":"https:\/\/freddymorezon.org\/wp-content\/uploads\/2016\/02\/digipack-couvfriture-69-300dpi.jpg","contentUrl":"https:\/\/freddymorezon.org\/wp-content\/uploads\/2016\/02\/digipack-couvfriture-69-300dpi.jpg","width":1646,"height":1482},{"@type":"BreadcrumbList","@id":"https:\/\/freddymorezon.org\/label\/pour-en-finir-avec-69\/#breadcrumb","itemListElement":[{"@type":"ListItem","position":1,"name":"Accueil","item":"https:\/\/freddymorezon.org\/"},{"@type":"ListItem","position":2,"name":"Label","item":"https:\/\/freddymorezon.org\/label\/"},{"@type":"ListItem","position":3,"name":"Pour en Finir avec 69"}]},{"@type":"WebSite","@id":"https:\/\/freddymorezon.org\/#website","url":"https:\/\/freddymorezon.org\/","name":"Freddy Morezon","description":"jazz - musique improvis\u00e9e - esth\u00e9tiques plurielles","publisher":{"@id":"https:\/\/freddymorezon.org\/#organization"},"potentialAction":[{"@type":"SearchAction","target":{"@type":"EntryPoint","urlTemplate":"https:\/\/freddymorezon.org\/?s={search_term_string}"},"query-input":{"@type":"PropertyValueSpecification","valueRequired":true,"valueName":"search_term_string"}}],"inLanguage":"en-US"},{"@type":"Organization","@id":"https:\/\/freddymorezon.org\/#organization","name":"Association Freddy Morezon","url":"https:\/\/freddymorezon.org\/","logo":{"@type":"ImageObject","inLanguage":"en-US","@id":"https:\/\/freddymorezon.org\/#\/schema\/logo\/image\/","url":"https:\/\/freddymorezon.org\/wp-content\/uploads\/2016\/02\/mini-logo-header-site2.jpg","contentUrl":"https:\/\/freddymorezon.org\/wp-content\/uploads\/2016\/02\/mini-logo-header-site2.jpg","width":234,"height":174,"caption":"Association Freddy Morezon"},"image":{"@id":"https:\/\/freddymorezon.org\/#\/schema\/logo\/image\/"},"sameAs":["https:\/\/www.facebook.com\/freddy.morezon\/","https:\/\/www.instagram.com\/freddymorezon\/","https:\/\/www.youtube.com\/user\/freddymorezon","https:\/\/fr.linkedin.com\/company\/freddy-morezon-p.r.o.d."]}]}},"_links":{"self":[{"href":"https:\/\/freddymorezon.org\/en\/wp-json\/wp\/v2\/pages\/196","targetHints":{"allow":["GET"]}}],"collection":[{"href":"https:\/\/freddymorezon.org\/en\/wp-json\/wp\/v2\/pages"}],"about":[{"href":"https:\/\/freddymorezon.org\/en\/wp-json\/wp\/v2\/types\/page"}],"author":[{"embeddable":true,"href":"https:\/\/freddymorezon.org\/en\/wp-json\/wp\/v2\/users\/1"}],"replies":[{"embeddable":true,"href":"https:\/\/freddymorezon.org\/en\/wp-json\/wp\/v2\/comments?post=196"}],"version-history":[{"count":33,"href":"https:\/\/freddymorezon.org\/en\/wp-json\/wp\/v2\/pages\/196\/revisions"}],"predecessor-version":[{"id":24747,"href":"https:\/\/freddymorezon.org\/en\/wp-json\/wp\/v2\/pages\/196\/revisions\/24747"}],"up":[{"embeddable":true,"href":"https:\/\/freddymorezon.org\/en\/wp-json\/wp\/v2\/pages\/140"}],"wp:featuredmedia":[{"embeddable":true,"href":"https:\/\/freddymorezon.org\/en\/wp-json\/wp\/v2\/media\/14"}],"wp:attachment":[{"href":"https:\/\/freddymorezon.org\/en\/wp-json\/wp\/v2\/media?parent=196"}],"wp:term":[{"taxonomy":"category","embeddable":true,"href":"https:\/\/freddymorezon.org\/en\/wp-json\/wp\/v2\/categories?post=196"},{"taxonomy":"post_tag","embeddable":true,"href":"https:\/\/freddymorezon.org\/en\/wp-json\/wp\/v2\/tags?post=196"}],"curies":[{"name":"wp","href":"https:\/\/api.w.org\/{rel}","templated":true}]}}