
{"id":19900,"date":"2024-05-14T15:02:49","date_gmt":"2024-05-14T14:02:49","guid":{"rendered":"https:\/\/freddymorezon.org\/?page_id=19900"},"modified":"2025-02-27T11:15:35","modified_gmt":"2025-02-27T09:15:35","slug":"projets-de-territoire","status":"publish","type":"page","link":"https:\/\/freddymorezon.org\/en\/projets-de-territoire\/","title":{"rendered":"Territoire"},"content":{"rendered":"<div id=\"pl-19900\"  class=\"panel-layout\" ><div id=\"pg-19900-0\"  class=\"panel-grid panel-no-style\" ><div id=\"pgc-19900-0-0\"  class=\"panel-grid-cell\" ><div id=\"panel-19900-0-0-0\" class=\"so-panel widget widget_sow-editor panel-first-child\" data-index=\"0\" ><div\n\t\t\t\n\t\t\tclass=\"so-widget-sow-editor so-widget-sow-editor-base\"\n\t\t\t\n\t\t>\n<div class=\"siteorigin-widget-tinymce textwidget\">\n\t<h2>Territoire<\/h2>\n<\/div>\n<\/div><\/div><div id=\"panel-19900-0-0-1\" class=\"so-panel widget widget_sow-editor panel-last-child\" data-index=\"1\" ><div\n\t\t\t\n\t\t\tclass=\"so-widget-sow-editor so-widget-sow-editor-base\"\n\t\t\t\n\t\t>\n<div class=\"siteorigin-widget-tinymce textwidget\">\n\t<p>Le collectif Freddy Morezon a int\u00e9gr\u00e9, depuis de nombreuses ann\u00e9es, le territoire comme une aire de jeu et de cr\u00e9ation. Un espace o\u00f9 l\u2019action culturelle est consid\u00e9r\u00e9e comme axe de d\u00e9veloppement de son projet artistique. La dimension territoriale et la relation au public sont au c\u0153ur des r\u00e9flexions port\u00e9es par les musicien\u00b7nes du collectif. Cr\u00e9ations in situ, laboratoires, balades-spectacles, rencontres musicales, festival d\u2019un soir... : les projets imagin\u00e9s par Freddy Morezon d\u00e9coulent de la m\u00eame envie d\u2019imaginer un circuit-court de la diffusion. Nous cherchons \u00e0 ouvrir des espaces innovants de dialogue pour insuffler du lien social, favoriser la mobilisation citoyenne et ainsi proposer une politique d\u2019action culturelle inclusive et engageante.<\/p>\n<p>Actuellement :<br \/>\n- un projet territorial de deux ans intitul\u00e9 \u00c9pisode c\u00e9venol pour les Future Folk Stories : Robin Fincker et Mathieu Werchowski d\u00e9ploie tout un projet artistique et culturel ;<br \/>\n- un projet territorial intitul\u00e9 D\u00e9(tourn\u00e9es) qui s'inscrira dans le sud du Gers.<\/p>\n<\/div>\n<\/div><\/div><\/div><\/div><div id=\"pg-19900-1\"  class=\"panel-grid panel-no-style\" ><div id=\"pgc-19900-1-0\"  class=\"panel-grid-cell\" ><div id=\"panel-19900-1-0-0\" class=\"so-panel widget widget_sow-headline panel-first-child panel-last-child\" data-index=\"2\" ><div\n\t\t\t\n\t\t\tclass=\"so-widget-sow-headline so-widget-sow-headline-default-33958b114544-19900\"\n\t\t\t\n\t\t><div class=\"sow-headline-container \">\n\t\t\t\t\t\t<div class=\"decoration\">\n\t\t\t\t\t\t<div class=\"decoration-inside\"><\/div>\n\t\t\t\t\t<\/div>\n\t\t\t\t\t<\/div>\n<\/div><\/div><\/div><\/div><div id=\"pg-19900-2\"  class=\"panel-grid panel-no-style\" ><div id=\"pgc-19900-2-0\"  class=\"panel-grid-cell\" ><div id=\"panel-19900-2-0-0\" class=\"so-panel widget widget_sow-button panel-first-child\" data-index=\"3\" ><div\n\t\t\t\n\t\t\tclass=\"so-widget-sow-button so-widget-sow-button-flat-0c5a68d0adc0-19900\"\n\t\t\t\n\t\t><div class=\"ow-button-base ow-button-align-center\"\n>\n\t\t\t<a\n\t\t\t\tclass=\"sowb-button ow-icon-placement-left ow-button-hover\" \t>\n\t\t<span>\n\t\t\t\n\t\t\tR\u00c9SIDENCES DE TERRITOIRE\t\t<\/span>\n\t\t\t<\/a>\n\t<\/div>\n<\/div><\/div><div id=\"panel-19900-2-0-1\" class=\"so-panel widget widget_sow-editor panel-last-child\" data-index=\"4\" ><div\n\t\t\t\n\t\t\tclass=\"so-widget-sow-editor so-widget-sow-editor-base\"\n\t\t\t\n\t\t>\n<div class=\"siteorigin-widget-tinymce textwidget\">\n\t<div class=\"pt-cv-wrapper\">\n<div class=\"pt-cv-view pt-cv-grid pt-cv-colsys pt-cv-sharp-buttons\" id=\"pt-cv-view-66a8ab2vyk\">\n<div data-id=\"pt-cv-page-1\" class=\"pt-cv-page\" data-cvc=\"2\">\n<div class=\"col-md-6 col-sm-12 col-xs-12 pt-cv-content-item pt-cv-1-col\"  data-pid=\"21146\">\n<div class='pt-cv-ifield'><a href=\"https:\/\/freddymorezon.org\/en\/projets-de-territoire\/projet-de-territoire-gers\/\" class=\"_self pt-cv-href-thumbnail pt-cv-thumb-default cvplbd\" target=\"_self\" ><img loading=\"lazy\" decoding=\"async\" width=\"300\" height=\"200\" src=\"https:\/\/freddymorezon.org\/wp-content\/uploads\/2025\/04\/DETOURNEES-siteFreddy-1-300x200.jpg\" class=\"pt-cv-thumbnail img-none\" alt=\"D\u00e9(tourn\u00e9es)\" data-no-lazy=\"1\" \/><\/a><\/p>\n<h4 class=\"pt-cv-title\"><a href=\"https:\/\/freddymorezon.org\/en\/projets-de-territoire\/projet-de-territoire-gers\/\" class=\"_self cvplbd\" target=\"_self\" >D\u00e9(tourn\u00e9es)<\/a><\/h4>\n<\/div>\n<\/div>\n<div class=\"col-md-6 col-sm-12 col-xs-12 pt-cv-content-item pt-cv-1-col\"  data-pid=\"20103\">\n<div class='pt-cv-ifield'><a href=\"https:\/\/freddymorezon.org\/en\/catalogue\/future-folk-stories\/future-folk-stories-episode-cevenol\/\" class=\"_self pt-cv-href-thumbnail pt-cv-thumb-default cvplbd\" target=\"_self\" ><img loading=\"lazy\" decoding=\"async\" width=\"300\" height=\"200\" src=\"https:\/\/freddymorezon.org\/wp-content\/uploads\/2025\/02\/DSC02321-copie-300x200.jpg\" class=\"pt-cv-thumbnail img-none\" alt=\"\u00c9pisode c\u00e9venol\" data-no-lazy=\"1\" \/><\/a><\/p>\n<h4 class=\"pt-cv-title\"><a href=\"https:\/\/freddymorezon.org\/en\/catalogue\/future-folk-stories\/future-folk-stories-episode-cevenol\/\" class=\"_self cvplbd\" target=\"_self\" >\u00c9pisode c\u00e9venol<\/a><\/h4>\n<\/div>\n<\/div>\n<div class=\"col-md-6 col-sm-12 col-xs-12 pt-cv-content-item pt-cv-1-col\"  data-pid=\"15894\">\n<div class='pt-cv-ifield'><a href=\"https:\/\/freddymorezon.org\/en\/action-culturelle\/court-circuit\/\" class=\"_self pt-cv-href-thumbnail pt-cv-thumb-default cvplbd\" target=\"_self\" ><img loading=\"lazy\" decoding=\"async\" width=\"300\" height=\"200\" src=\"https:\/\/freddymorezon.org\/wp-content\/uploads\/2022\/12\/Court-Circuit-Visuel-300x200.png\" class=\"pt-cv-thumbnail img-none\" alt=\"Court-Circuit\" data-no-lazy=\"1\" \/><\/a><\/p>\n<h4 class=\"pt-cv-title\"><a href=\"https:\/\/freddymorezon.org\/en\/action-culturelle\/court-circuit\/\" class=\"_self cvplbd\" target=\"_self\" >Court-Circuit<\/a><\/h4>\n<\/div>\n<\/div>\n<div class=\"col-md-6 col-sm-12 col-xs-12 pt-cv-content-item pt-cv-1-col\"  data-pid=\"14390\">\n<div class='pt-cv-ifield'><a href=\"https:\/\/freddymorezon.org\/en\/action-culturelle\/sons-invisibles\/\" class=\"_self pt-cv-href-thumbnail pt-cv-thumb-default cvplbd\" target=\"_self\" ><img loading=\"lazy\" decoding=\"async\" width=\"300\" height=\"200\" src=\"https:\/\/freddymorezon.org\/wp-content\/uploads\/2022\/05\/photo-site-sons-invisibles-300x200.png\" class=\"pt-cv-thumbnail img-none\" alt=\"2022 \/\/ Sons invisibles\" data-no-lazy=\"1\" \/><\/a><\/p>\n<h4 class=\"pt-cv-title\"><a href=\"https:\/\/freddymorezon.org\/en\/action-culturelle\/sons-invisibles\/\" class=\"_self cvplbd\" target=\"_self\" >2022 \/\/ Sons invisibles<\/a><\/h4>\n<\/div>\n<\/div>\n<\/div>\n<\/div>\n<\/div>\n<style type=\"text\/css\" id=\"pt-cv-inline-style-5ae1966o3r\">#pt-cv-view-66a8ab2vyk.pt-cv-post-border .pt-cv-content-item   { border-top-style: solid; border-left-style: solid; }\n#pt-cv-view-66a8ab2vyk .pt-cv-title a, #pt-cv-view-66a8ab2vyk  .panel-title { font-weight: 600 !important; }\n#pt-cv-view-66a8ab2vyk .pt-cv-readmore  { color: #ffffff !important; background-color: #00aeef !important; }\n#pt-cv-view-66a8ab2vyk .pt-cv-readmore:hover  { color: #ffffff !important; background-color: #00aeef !important; }\n#pt-cv-view-66a8ab2vyk  + .pt-cv-pagination-wrapper .pt-cv-more , #pt-cv-view-66a8ab2vyk  + .pt-cv-pagination-wrapper .pagination .active a { color: #ffffff !important; background-color: #00aeef !important; }<\/style>\n<\/div>\n<\/div><\/div><\/div><div id=\"pgc-19900-2-1\"  class=\"panel-grid-cell\" ><div id=\"panel-19900-2-1-0\" class=\"so-panel widget widget_sow-button panel-first-child\" data-index=\"5\" ><div\n\t\t\t\n\t\t\tclass=\"so-widget-sow-button so-widget-sow-button-flat-0c5a68d0adc0-19900\"\n\t\t\t\n\t\t><div class=\"ow-button-base ow-button-align-center\"\n>\n\t\t\t<a\n\t\t\t\tclass=\"sowb-button ow-icon-placement-left ow-button-hover\" \t>\n\t\t<span>\n\t\t\t\n\t\t\tACTIONS CULTURELLES\t\t<\/span>\n\t\t\t<\/a>\n\t<\/div>\n<\/div><\/div><div id=\"panel-19900-2-1-1\" class=\"so-panel widget widget_sow-editor panel-last-child\" data-index=\"6\" ><div\n\t\t\t\n\t\t\tclass=\"so-widget-sow-editor so-widget-sow-editor-base\"\n\t\t\t\n\t\t>\n<div class=\"siteorigin-widget-tinymce textwidget\">\n\t<div class=\"pt-cv-wrapper\">\n<div class=\"pt-cv-view pt-cv-grid pt-cv-colsys pt-cv-sharp-buttons\" id=\"pt-cv-view-a91b54dy8z\">\n<div data-id=\"pt-cv-page-1\" class=\"pt-cv-page\" data-cvc=\"2\">\n<div class=\"col-md-6 col-sm-12 col-xs-12 pt-cv-content-item pt-cv-1-col\"  data-pid=\"10865\">\n<div class='pt-cv-ifield'><a href=\"https:\/\/freddymorezon.org\/en\/catalogue\/balade-a-velo\/\" class=\"_self pt-cv-href-thumbnail pt-cv-thumb-default cvplbd\" target=\"_self\" ><img loading=\"lazy\" decoding=\"async\" width=\"300\" height=\"200\" src=\"https:\/\/freddymorezon.org\/wp-content\/uploads\/2024\/09\/Photo-instal-recadree-300x200.jpg\" class=\"pt-cv-thumbnail img-none\" alt=\"Balade \u00e0 v\u00e9lo\" data-no-lazy=\"1\" \/><\/a><\/p>\n<h4 class=\"pt-cv-title\"><a href=\"https:\/\/freddymorezon.org\/en\/catalogue\/balade-a-velo\/\" class=\"_self cvplbd\" target=\"_self\" >Balade \u00e0 v\u00e9lo<\/a><\/h4>\n<\/div>\n<\/div>\n<div class=\"col-md-6 col-sm-12 col-xs-12 pt-cv-content-item pt-cv-1-col\"  data-pid=\"161\">\n<div class='pt-cv-ifield'><a href=\"https:\/\/freddymorezon.org\/en\/action-culturelle\/les-mamies-guitares\/\" class=\"_self pt-cv-href-thumbnail pt-cv-thumb-default cvplbd\" target=\"_self\" ><img loading=\"lazy\" decoding=\"async\" width=\"300\" height=\"200\" src=\"https:\/\/freddymorezon.org\/wp-content\/uploads\/2025\/02\/MAMIES-GUITARES-081224-Groupe1-300x200.jpg\" class=\"pt-cv-thumbnail img-none\" alt=\"Les Mamies Guitares\" data-no-lazy=\"1\" \/><\/a><\/p>\n<h4 class=\"pt-cv-title\"><a href=\"https:\/\/freddymorezon.org\/en\/action-culturelle\/les-mamies-guitares\/\" class=\"_self cvplbd\" target=\"_self\" >Les Mamies Guitares<\/a><\/h4>\n<\/div>\n<\/div>\n<div class=\"col-md-6 col-sm-12 col-xs-12 pt-cv-content-item pt-cv-1-col\"  data-pid=\"11685\">\n<div class='pt-cv-ifield'><a href=\"https:\/\/freddymorezon.org\/en\/action-culturelle\/les-rencontres-de-future-folk-stories\/\" class=\"_self pt-cv-href-thumbnail pt-cv-thumb-default cvplbd\" target=\"_self\" ><img loading=\"lazy\" decoding=\"async\" width=\"300\" height=\"200\" src=\"https:\/\/freddymorezon.org\/wp-content\/uploads\/2020\/04\/visuel_MathieuWerchowski_web_site-300x200.jpg\" class=\"pt-cv-thumbnail img-none\" alt=\"Les rencontres de Future Folk Stories\" data-no-lazy=\"1\" \/><\/a><\/p>\n<h4 class=\"pt-cv-title\"><a href=\"https:\/\/freddymorezon.org\/en\/action-culturelle\/les-rencontres-de-future-folk-stories\/\" class=\"_self cvplbd\" target=\"_self\" >Les rencontres de Future Folk Stories<\/a><\/h4>\n<\/div>\n<\/div>\n<div class=\"col-md-6 col-sm-12 col-xs-12 pt-cv-content-item pt-cv-1-col\"  data-pid=\"2086\">\n<div class='pt-cv-ifield'><a href=\"https:\/\/freddymorezon.org\/en\/action-culturelle\/reveil-musique-sweetest-choice\/\" class=\"_self pt-cv-href-thumbnail pt-cv-thumb-default cvplbd\" target=\"_self\" ><img loading=\"lazy\" decoding=\"async\" width=\"300\" height=\"200\" src=\"https:\/\/freddymorezon.org\/wp-content\/uploads\/2024\/11\/color3-01-300x200.jpg\" class=\"pt-cv-thumbnail img-none\" alt=\"R\u00e9veil en Musique - Sweetest Choice &lt;p&gt;Jeune public&lt;\/p&gt;\" data-no-lazy=\"1\" \/><\/a><\/p>\n<h4 class=\"pt-cv-title\"><a href=\"https:\/\/freddymorezon.org\/en\/action-culturelle\/reveil-musique-sweetest-choice\/\" class=\"_self cvplbd\" target=\"_self\" >R\u00e9veil en Musique &#8211; Sweetest Choice <\/p>\n<p>Jeune public<\/p>\n<p><\/a><\/h4>\n<\/div>\n<\/div>\n<div class=\"col-md-6 col-sm-12 col-xs-12 pt-cv-content-item pt-cv-1-col\"  data-pid=\"11082\">\n<div class='pt-cv-ifield'><a href=\"https:\/\/freddymorezon.org\/en\/action-culturelle\/mister-bishop-a-la-recre\/\" class=\"_self pt-cv-href-thumbnail pt-cv-thumb-default cvplbd\" target=\"_self\" ><img loading=\"lazy\" decoding=\"async\" width=\"300\" height=\"200\" src=\"https:\/\/freddymorezon.org\/wp-content\/uploads\/2021\/04\/RECRE-vignette-300x200.jpg\" class=\"pt-cv-thumbnail img-none\" alt=\"\u00e0 la r\u00e9cr\u00e9 &lt;p&gt;jeune public&lt;\/p&gt;\" data-no-lazy=\"1\" \/><\/a><\/p>\n<h4 class=\"pt-cv-title\"><a href=\"https:\/\/freddymorezon.org\/en\/action-culturelle\/mister-bishop-a-la-recre\/\" class=\"_self cvplbd\" target=\"_self\" >\u00e0 la r\u00e9cr\u00e9 <\/p>\n<p>jeune public<\/p>\n<p><\/a><\/h4>\n<\/div>\n<\/div>\n<div class=\"col-md-6 col-sm-12 col-xs-12 pt-cv-content-item pt-cv-1-col\"  data-pid=\"12146\">\n<div class='pt-cv-ifield'><a href=\"https:\/\/freddymorezon.org\/en\/action-culturelle\/concerts-soupers\/\" class=\"_self pt-cv-href-thumbnail pt-cv-thumb-default cvplbd\" target=\"_self\" ><img loading=\"lazy\" decoding=\"async\" width=\"300\" height=\"200\" src=\"https:\/\/freddymorezon.org\/wp-content\/uploads\/2021\/07\/IMG_6768-300x200.jpg\" class=\"pt-cv-thumbnail img-none\" alt=\"Concerts soupers\" data-no-lazy=\"1\" \/><\/a><\/p>\n<h4 class=\"pt-cv-title\"><a href=\"https:\/\/freddymorezon.org\/en\/action-culturelle\/concerts-soupers\/\" class=\"_self cvplbd\" target=\"_self\" >Concerts soupers<\/a><\/h4>\n<\/div>\n<\/div>\n<div class=\"col-md-6 col-sm-12 col-xs-12 pt-cv-content-item pt-cv-1-col\"  data-pid=\"325\">\n<div class='pt-cv-ifield'><a href=\"https:\/\/freddymorezon.org\/en\/action-culturelle\/action-culturellemaster-class\/\" class=\"_self pt-cv-href-thumbnail pt-cv-thumb-default cvplbd\" target=\"_self\" ><img loading=\"lazy\" decoding=\"async\" width=\"300\" height=\"200\" src=\"https:\/\/freddymorezon.org\/wp-content\/uploads\/2016\/02\/IMG_5711-300x200.jpg\" class=\"pt-cv-thumbnail img-none\" alt=\"Master class et ateliers &lt;p&gt;musiciens amateurs&lt;\/p&gt;\" data-no-lazy=\"1\" \/><\/a><\/p>\n<h4 class=\"pt-cv-title\"><a href=\"https:\/\/freddymorezon.org\/en\/action-culturelle\/action-culturellemaster-class\/\" class=\"_self cvplbd\" target=\"_self\" >Master class et ateliers <\/p>\n<p>musiciens amateurs<\/p>\n<p><\/a><\/h4>\n<\/div>\n<\/div>\n<\/div>\n<\/div>\n<\/div>\n<style type=\"text\/css\" id=\"pt-cv-inline-style-1abe676x7w\">#pt-cv-view-a91b54dy8z.pt-cv-post-border .pt-cv-content-item   { border-top-style: solid; border-left-style: solid; }\n#pt-cv-view-a91b54dy8z .pt-cv-title a, #pt-cv-view-a91b54dy8z  .panel-title { font-weight: 600 !important; }\n#pt-cv-view-a91b54dy8z .pt-cv-readmore  { color: #ffffff !important; background-color: #00aeef !important; }\n#pt-cv-view-a91b54dy8z .pt-cv-readmore:hover  { color: #ffffff !important; background-color: #00aeef !important; }\n#pt-cv-view-a91b54dy8z  + .pt-cv-pagination-wrapper .pt-cv-more , #pt-cv-view-a91b54dy8z  + .pt-cv-pagination-wrapper .pagination .active a { color: #ffffff !important; background-color: #00aeef !important; }<\/style>\n<\/div>\n<\/div><\/div><\/div><\/div><\/div>","protected":false},"excerpt":{"rendered":"<p>Territoire Le collectif Freddy Morezon a int\u00e9gr\u00e9, depuis de nombreuses ann\u00e9es, le territoire comme une aire de jeu et de cr\u00e9ation. Un espace o\u00f9 l\u2019action culturelle est consid\u00e9r\u00e9e comme axe de d\u00e9veloppement de son projet artistique. La dimension territoriale et la relation au public sont au c\u0153ur des r\u00e9flexions port\u00e9es par les musicien\u00b7nes du collectif.&hellip;<\/p>\n<p><a class=\"more-link\" href=\"https:\/\/freddymorezon.org\/en\/projets-de-territoire\/\" title=\"Continue reading &lsquo;Territoire&rsquo;\">Continue reading <span class=\"meta-nav\">&rarr;<\/span><\/a><\/p>\n","protected":false},"author":1,"featured_media":0,"parent":0,"menu_order":0,"comment_status":"closed","ping_status":"closed","template":"page-templates\/full-width.php","meta":{"om_disable_all_campaigns":false,"_monsterinsights_skip_tracking":false,"_monsterinsights_sitenote_active":false,"_monsterinsights_sitenote_note":"","_monsterinsights_sitenote_category":0,"_uf_show_specific_survey":0,"_uf_disable_surveys":false,"footnotes":""},"categories":[],"tags":[],"class_list":["post-19900","page","type-page","status-publish","hentry"],"aioseo_notices":[],"yoast_head":"<!-- This site is optimized with the Yoast SEO plugin v27.6 - https:\/\/yoast.com\/product\/yoast-seo-wordpress\/ -->\n<title>Territoire | Freddy Morezon<\/title>\n<meta name=\"description\" content=\"Freddy Morezon porte des projets artistiques et culturels de territoire : r\u00e9sidences et actions culturelles autour des musiques de cr\u00e9ation.\" \/>\n<meta name=\"robots\" content=\"index, follow, max-snippet:-1, max-image-preview:large, max-video-preview:-1\" \/>\n<link rel=\"canonical\" href=\"https:\/\/freddymorezon.org\/projets-de-territoire\/\" \/>\n<meta property=\"og:locale\" content=\"en_US\" \/>\n<meta property=\"og:type\" content=\"article\" \/>\n<meta property=\"og:title\" content=\"Territoire | Freddy Morezon\" \/>\n<meta property=\"og:description\" content=\"Freddy Morezon porte des projets artistiques et culturels de territoire : r\u00e9sidences et actions culturelles autour des musiques de cr\u00e9ation.\" \/>\n<meta property=\"og:url\" content=\"https:\/\/freddymorezon.org\/projets-de-territoire\/\" \/>\n<meta property=\"og:site_name\" content=\"Freddy Morezon\" \/>\n<meta property=\"article:publisher\" content=\"https:\/\/www.facebook.com\/freddy.morezon\/\" \/>\n<meta property=\"article:modified_time\" content=\"2025-02-27T09:15:35+00:00\" \/>\n<meta property=\"og:image\" content=\"https:\/\/freddymorezon.org\/wp-content\/uploads\/2024\/06\/FutureFolkStories-visuel-MathieuWerchozwski-web-300x200.jpg\" \/>\n<meta name=\"twitter:card\" content=\"summary_large_image\" \/>\n<script type=\"application\/ld+json\" class=\"yoast-schema-graph\">{\"@context\":\"https:\\\/\\\/schema.org\",\"@graph\":[{\"@type\":\"WebPage\",\"@id\":\"https:\\\/\\\/freddymorezon.org\\\/projets-de-territoire\\\/\",\"url\":\"https:\\\/\\\/freddymorezon.org\\\/projets-de-territoire\\\/\",\"name\":\"Territoire | Freddy Morezon\",\"isPartOf\":{\"@id\":\"https:\\\/\\\/freddymorezon.org\\\/#website\"},\"primaryImageOfPage\":{\"@id\":\"https:\\\/\\\/freddymorezon.org\\\/projets-de-territoire\\\/#primaryimage\"},\"image\":{\"@id\":\"https:\\\/\\\/freddymorezon.org\\\/projets-de-territoire\\\/#primaryimage\"},\"thumbnailUrl\":\"https:\\\/\\\/freddymorezon.org\\\/wp-content\\\/uploads\\\/2025\\\/02\\\/1.png\",\"datePublished\":\"2024-05-14T14:02:49+00:00\",\"dateModified\":\"2025-02-27T09:15:35+00:00\",\"description\":\"Freddy Morezon porte des projets artistiques et culturels de territoire : r\u00e9sidences et actions culturelles autour des musiques de cr\u00e9ation.\",\"breadcrumb\":{\"@id\":\"https:\\\/\\\/freddymorezon.org\\\/projets-de-territoire\\\/#breadcrumb\"},\"inLanguage\":\"en-US\",\"potentialAction\":[{\"@type\":\"ReadAction\",\"target\":[\"https:\\\/\\\/freddymorezon.org\\\/projets-de-territoire\\\/\"]}]},{\"@type\":\"ImageObject\",\"inLanguage\":\"en-US\",\"@id\":\"https:\\\/\\\/freddymorezon.org\\\/projets-de-territoire\\\/#primaryimage\",\"url\":\"https:\\\/\\\/freddymorezon.org\\\/wp-content\\\/uploads\\\/2025\\\/02\\\/1.png\",\"contentUrl\":\"https:\\\/\\\/freddymorezon.org\\\/wp-content\\\/uploads\\\/2025\\\/02\\\/1.png\"},{\"@type\":\"BreadcrumbList\",\"@id\":\"https:\\\/\\\/freddymorezon.org\\\/projets-de-territoire\\\/#breadcrumb\",\"itemListElement\":[{\"@type\":\"ListItem\",\"position\":1,\"name\":\"Accueil\",\"item\":\"https:\\\/\\\/freddymorezon.org\\\/\"},{\"@type\":\"ListItem\",\"position\":2,\"name\":\"Territoire\"}]},{\"@type\":\"WebSite\",\"@id\":\"https:\\\/\\\/freddymorezon.org\\\/#website\",\"url\":\"https:\\\/\\\/freddymorezon.org\\\/\",\"name\":\"Freddy Morezon\",\"description\":\"jazz - musique improvis\u00e9e - esth\u00e9tiques plurielles\",\"publisher\":{\"@id\":\"https:\\\/\\\/freddymorezon.org\\\/#organization\"},\"potentialAction\":[{\"@type\":\"SearchAction\",\"target\":{\"@type\":\"EntryPoint\",\"urlTemplate\":\"https:\\\/\\\/freddymorezon.org\\\/?s={search_term_string}\"},\"query-input\":{\"@type\":\"PropertyValueSpecification\",\"valueRequired\":true,\"valueName\":\"search_term_string\"}}],\"inLanguage\":\"en-US\"},{\"@type\":\"Organization\",\"@id\":\"https:\\\/\\\/freddymorezon.org\\\/#organization\",\"name\":\"Association Freddy Morezon\",\"url\":\"https:\\\/\\\/freddymorezon.org\\\/\",\"logo\":{\"@type\":\"ImageObject\",\"inLanguage\":\"en-US\",\"@id\":\"https:\\\/\\\/freddymorezon.org\\\/#\\\/schema\\\/logo\\\/image\\\/\",\"url\":\"https:\\\/\\\/freddymorezon.org\\\/wp-content\\\/uploads\\\/2016\\\/02\\\/mini-logo-header-site2.jpg\",\"contentUrl\":\"https:\\\/\\\/freddymorezon.org\\\/wp-content\\\/uploads\\\/2016\\\/02\\\/mini-logo-header-site2.jpg\",\"width\":234,\"height\":174,\"caption\":\"Association Freddy Morezon\"},\"image\":{\"@id\":\"https:\\\/\\\/freddymorezon.org\\\/#\\\/schema\\\/logo\\\/image\\\/\"},\"sameAs\":[\"https:\\\/\\\/www.facebook.com\\\/freddy.morezon\\\/\",\"https:\\\/\\\/www.instagram.com\\\/freddymorezon\\\/\",\"https:\\\/\\\/www.youtube.com\\\/user\\\/freddymorezon\",\"https:\\\/\\\/fr.linkedin.com\\\/company\\\/freddy-morezon-p.r.o.d.\"]}]}<\/script>\n<!-- \/ Yoast SEO plugin. -->","yoast_head_json":{"title":"Territoire | Freddy Morezon","description":"Freddy Morezon porte des projets artistiques et culturels de territoire : r\u00e9sidences et actions culturelles autour des musiques de cr\u00e9ation.","robots":{"index":"index","follow":"follow","max-snippet":"max-snippet:-1","max-image-preview":"max-image-preview:large","max-video-preview":"max-video-preview:-1"},"canonical":"https:\/\/freddymorezon.org\/projets-de-territoire\/","og_locale":"en_US","og_type":"article","og_title":"Territoire | Freddy Morezon","og_description":"Freddy Morezon porte des projets artistiques et culturels de territoire : r\u00e9sidences et actions culturelles autour des musiques de cr\u00e9ation.","og_url":"https:\/\/freddymorezon.org\/projets-de-territoire\/","og_site_name":"Freddy Morezon","article_publisher":"https:\/\/www.facebook.com\/freddy.morezon\/","article_modified_time":"2025-02-27T09:15:35+00:00","og_image":[{"url":"https:\/\/freddymorezon.org\/wp-content\/uploads\/2024\/06\/FutureFolkStories-visuel-MathieuWerchozwski-web-300x200.jpg","type":"","width":"","height":""}],"twitter_card":"summary_large_image","schema":{"@context":"https:\/\/schema.org","@graph":[{"@type":"WebPage","@id":"https:\/\/freddymorezon.org\/projets-de-territoire\/","url":"https:\/\/freddymorezon.org\/projets-de-territoire\/","name":"Territoire | Freddy Morezon","isPartOf":{"@id":"https:\/\/freddymorezon.org\/#website"},"primaryImageOfPage":{"@id":"https:\/\/freddymorezon.org\/projets-de-territoire\/#primaryimage"},"image":{"@id":"https:\/\/freddymorezon.org\/projets-de-territoire\/#primaryimage"},"thumbnailUrl":"https:\/\/freddymorezon.org\/wp-content\/uploads\/2025\/02\/1.png","datePublished":"2024-05-14T14:02:49+00:00","dateModified":"2025-02-27T09:15:35+00:00","description":"Freddy Morezon porte des projets artistiques et culturels de territoire : r\u00e9sidences et actions culturelles autour des musiques de cr\u00e9ation.","breadcrumb":{"@id":"https:\/\/freddymorezon.org\/projets-de-territoire\/#breadcrumb"},"inLanguage":"en-US","potentialAction":[{"@type":"ReadAction","target":["https:\/\/freddymorezon.org\/projets-de-territoire\/"]}]},{"@type":"ImageObject","inLanguage":"en-US","@id":"https:\/\/freddymorezon.org\/projets-de-territoire\/#primaryimage","url":"https:\/\/freddymorezon.org\/wp-content\/uploads\/2025\/02\/1.png","contentUrl":"https:\/\/freddymorezon.org\/wp-content\/uploads\/2025\/02\/1.png"},{"@type":"BreadcrumbList","@id":"https:\/\/freddymorezon.org\/projets-de-territoire\/#breadcrumb","itemListElement":[{"@type":"ListItem","position":1,"name":"Accueil","item":"https:\/\/freddymorezon.org\/"},{"@type":"ListItem","position":2,"name":"Territoire"}]},{"@type":"WebSite","@id":"https:\/\/freddymorezon.org\/#website","url":"https:\/\/freddymorezon.org\/","name":"Freddy Morezon","description":"jazz - musique improvis\u00e9e - esth\u00e9tiques plurielles","publisher":{"@id":"https:\/\/freddymorezon.org\/#organization"},"potentialAction":[{"@type":"SearchAction","target":{"@type":"EntryPoint","urlTemplate":"https:\/\/freddymorezon.org\/?s={search_term_string}"},"query-input":{"@type":"PropertyValueSpecification","valueRequired":true,"valueName":"search_term_string"}}],"inLanguage":"en-US"},{"@type":"Organization","@id":"https:\/\/freddymorezon.org\/#organization","name":"Association Freddy Morezon","url":"https:\/\/freddymorezon.org\/","logo":{"@type":"ImageObject","inLanguage":"en-US","@id":"https:\/\/freddymorezon.org\/#\/schema\/logo\/image\/","url":"https:\/\/freddymorezon.org\/wp-content\/uploads\/2016\/02\/mini-logo-header-site2.jpg","contentUrl":"https:\/\/freddymorezon.org\/wp-content\/uploads\/2016\/02\/mini-logo-header-site2.jpg","width":234,"height":174,"caption":"Association Freddy Morezon"},"image":{"@id":"https:\/\/freddymorezon.org\/#\/schema\/logo\/image\/"},"sameAs":["https:\/\/www.facebook.com\/freddy.morezon\/","https:\/\/www.instagram.com\/freddymorezon\/","https:\/\/www.youtube.com\/user\/freddymorezon","https:\/\/fr.linkedin.com\/company\/freddy-morezon-p.r.o.d."]}]}},"_links":{"self":[{"href":"https:\/\/freddymorezon.org\/en\/wp-json\/wp\/v2\/pages\/19900","targetHints":{"allow":["GET"]}}],"collection":[{"href":"https:\/\/freddymorezon.org\/en\/wp-json\/wp\/v2\/pages"}],"about":[{"href":"https:\/\/freddymorezon.org\/en\/wp-json\/wp\/v2\/types\/page"}],"author":[{"embeddable":true,"href":"https:\/\/freddymorezon.org\/en\/wp-json\/wp\/v2\/users\/1"}],"replies":[{"embeddable":true,"href":"https:\/\/freddymorezon.org\/en\/wp-json\/wp\/v2\/comments?post=19900"}],"version-history":[{"count":31,"href":"https:\/\/freddymorezon.org\/en\/wp-json\/wp\/v2\/pages\/19900\/revisions"}],"predecessor-version":[{"id":21979,"href":"https:\/\/freddymorezon.org\/en\/wp-json\/wp\/v2\/pages\/19900\/revisions\/21979"}],"wp:attachment":[{"href":"https:\/\/freddymorezon.org\/en\/wp-json\/wp\/v2\/media?parent=19900"}],"wp:term":[{"taxonomy":"category","embeddable":true,"href":"https:\/\/freddymorezon.org\/en\/wp-json\/wp\/v2\/categories?post=19900"},{"taxonomy":"post_tag","embeddable":true,"href":"https:\/\/freddymorezon.org\/en\/wp-json\/wp\/v2\/tags?post=19900"}],"curies":[{"name":"wp","href":"https:\/\/api.w.org\/{rel}","templated":true}]}}