
{"id":19982,"date":"2024-05-17T14:42:52","date_gmt":"2024-05-17T13:42:52","guid":{"rendered":"https:\/\/freddymorezon.org\/?page_id=19982"},"modified":"2025-07-07T17:36:44","modified_gmt":"2025-07-07T15:36:44","slug":"le-grand-silence-album","status":"publish","type":"page","link":"https:\/\/freddymorezon.org\/en\/label\/le-grand-silence-album\/","title":{"rendered":"Le Grand Silence"},"content":{"rendered":"<div id=\"pl-19982\"  class=\"panel-layout\" ><div id=\"pg-19982-0\"  class=\"panel-grid panel-no-style\" ><div id=\"pgc-19982-0-0\"  class=\"panel-grid-cell\" ><div id=\"panel-19982-0-0-0\" class=\"so-panel widget widget_sow-image panel-first-child\" data-index=\"0\" ><div\n\t\t\t\n\t\t\tclass=\"so-widget-sow-image so-widget-sow-image-default-8b5b6f678277-19982\"\n\t\t\t\n\t\t>\n<div class=\"sow-image-container\">\n\t\t<img \n\tsrc=\"https:\/\/freddymorezon.org\/wp-content\/uploads\/2024\/05\/digisleeve_LGS_RECTO-web.jpg\" width=\"250\" height=\"223\" sizes=\"(max-width: 250px) 100vw, 250px\" title=\"Le Grand Silence\" alt=\"Le Grand Silence\" \t\tclass=\"so-widget-image\"\/>\n\t<\/div>\n\n<\/div><\/div><div id=\"panel-19982-0-0-1\" class=\"so-panel widget widget_sow-editor\" data-index=\"1\" ><div\n\t\t\t\n\t\t\tclass=\"so-widget-sow-editor so-widget-sow-editor-base\"\n\t\t\t\n\t\t>\n<div class=\"siteorigin-widget-tinymce textwidget\">\n\t<h3>Commander<\/h3>\n<h4>CD 12,00\u20ac<\/h4>\n<\/div>\n<\/div><\/div><div id=\"panel-19982-0-0-2\" class=\"so-panel widget widget_sow-button\" data-index=\"2\" ><div\n\t\t\t\n\t\t\tclass=\"so-widget-sow-button so-widget-sow-button-flat-19db1a058ce9-19982\"\n\t\t\t\n\t\t><div class=\"ow-button-base ow-button-align-left\"\n>\n\t\t\t<a\n\t\t\t\t\thref=\"https:\/\/cdetvinyle.fr\/products\/grand-silence-grand-silence-album-cd\"\n\t\t\t\t\tclass=\"sowb-button ow-icon-placement-left ow-button-hover\" \t>\n\t\t<span>\n\t\t\t\n\t\t\tAjouter au panier\t\t<\/span>\n\t\t\t<\/a>\n\t<\/div>\n<\/div><\/div><div id=\"panel-19982-0-0-3\" class=\"so-panel widget widget_sow-editor\" data-index=\"3\" ><div\n\t\t\t\n\t\t\tclass=\"so-widget-sow-editor so-widget-sow-editor-base\"\n\t\t\t\n\t\t>\n<div class=\"siteorigin-widget-tinymce textwidget\">\n\t<p><iframe style=\"border: 0; width: 350px; height: 340px;\" src=\"https:\/\/bandcamp.com\/EmbeddedPlayer\/album=4292806506\/size=large\/bgcol=ffffff\/linkcol=0687f5\/artwork=none\/transparent=true\/\" seamless><a href=\"https:\/\/mrmorezon.bandcamp.com\/album\/le-grand-silence\">Le Grand Silence by Le Grand Silence<\/a><\/iframe><\/p>\n<\/div>\n<\/div><\/div><div id=\"panel-19982-0-0-4\" class=\"so-panel widget widget_sow-editor\" data-index=\"4\" ><div\n\t\t\t\n\t\t\tclass=\"so-widget-sow-editor so-widget-sow-editor-base\"\n\t\t\t\n\t\t><h3 class=\"widget-title\">Line-up<\/h3>\n<div class=\"siteorigin-widget-tinymce textwidget\">\n\t<p>Florian Nastorg : Saxophone baritone, composition<br \/>\nLuc Fagoaga : Vocals, megaphone<br \/>\nAndy L\u00e9v\u00eaque : Saxophone alto and soprano<br \/>\nMarc Maffiolo : Saxophone bass<br \/>\nWilliam Laudinat : Trumpet<br \/>\nS\u00e9bastien Cirotteau : Trumpet, alto saxhorn<br \/>\nGuillaume Pique : Double bass<br \/>\nClem Thomas : Snare drum<br \/>\nLoris Pertoldi\u00a0: Bass drum, glockenspiel<\/p>\n<\/div>\n<\/div><\/div><div id=\"panel-19982-0-0-5\" class=\"so-panel widget widget_sow-headline\" data-index=\"5\" ><div\n\t\t\t\n\t\t\tclass=\"so-widget-sow-headline so-widget-sow-headline-default-44f6e7c37f02-19982\"\n\t\t\t\n\t\t><div class=\"sow-headline-container \">\n\t\t\t\t\t\t<div class=\"decoration\">\n\t\t\t\t\t\t<div class=\"decoration-inside\"><\/div>\n\t\t\t\t\t<\/div>\n\t\t\t\t\t<\/div>\n<\/div><\/div><div id=\"panel-19982-0-0-6\" class=\"so-panel widget widget_sow-editor panel-last-child\" data-index=\"6\" ><div\n\t\t\t\n\t\t\tclass=\"so-widget-sow-editor so-widget-sow-editor-base\"\n\t\t\t\n\t\t>\n<div class=\"siteorigin-widget-tinymce textwidget\">\n\t<h3>Links<\/h3>\n<ul>\n<i class=\"fa fa-chevron-right fa-2x\"><\/i> <a href=\"https:\/\/freddymorezon.org\/productions\/legrandsilence\/\" target=\"_blank\" rel=\"noopener\">Le Grand Silence - l'orchestre<\/a><br \/>\n<i class=\"fa fa-chevron-right fa-2x\"><\/i> <a href=\"https:\/\/freddymorezon.org\/artistes\/florian-nastorg\/\">Florian Nastorg<\/a><br \/>\n<i class=\"fa fa-chevron-right fa-2x\"><\/i> <a href=\"https:\/\/freddymorezon.org\/artistes\/sebastien-cirotteau\/\">S\u00e9bastien Cirotteau<\/a><br \/>\n<i class=\"fa fa-chevron-right fa-2x\"><\/i> <a href=\"https:\/\/freddymorezon.org\/artistes\/andy-leveque\/\">Andy L\u00e9v\u00eaque<\/a><br \/>\n<i class=\"fa fa-chevron-right fa-2x\"><\/i> <a href=\"https:\/\/freddymorezon.org\/artistes\/marc-maffiolo\/\" target=\"_blank\" rel=\"noopener noreferrer\">Marc Maffiolo<\/a>\n<\/ul>\n<\/div>\n<\/div><\/div><\/div><div id=\"pgc-19982-0-1\"  class=\"panel-grid-cell\" ><div id=\"panel-19982-0-1-0\" class=\"so-panel widget widget_sow-headline panel-first-child\" data-index=\"7\" ><div\n\t\t\t\n\t\t\tclass=\"so-widget-sow-headline so-widget-sow-headline-default-44f6e7c37f02-19982\"\n\t\t\t\n\t\t><div class=\"sow-headline-container \">\n\t\t\t\t\t\t\t<h2 class=\"sow-headline\">\n\t\t\t\t\t\tLE GRAND SILENCE\t\t\t\t\t\t<\/h2>\n\t\t\t\t\t\t\t\t\t\t\t\t<h3 class=\"sow-sub-headline\">\n\t\t\t\t\t\t<h3>Mr Morezon 035<\/h3> 17 mai 2024\t\t\t\t\t\t<\/h3>\n\t\t\t\t\t\t\t\t\t\t\t<div class=\"decoration\">\n\t\t\t\t\t\t<div class=\"decoration-inside\"><\/div>\n\t\t\t\t\t<\/div>\n\t\t\t\t\t<\/div>\n<\/div><\/div><div id=\"panel-19982-0-1-1\" class=\"so-panel widget widget_sow-editor\" data-index=\"8\" ><div\n\t\t\t\n\t\t\tclass=\"so-widget-sow-editor so-widget-sow-editor-base\"\n\t\t\t\n\t\t>\n<div class=\"siteorigin-widget-tinymce textwidget\">\n\t<p><span class=\"OYPEnA text-decoration-none text-strikethrough-none\">Le Grand Silence est un orchestre toulousain form\u00e9 en 2021. Il investit la rue pour donner \u00e0 voir et \u00e0 entendre un western moderne, aliment\u00e9 par les bandes originales d'Ennio Morricone et l'histoire tumultueuse de l'Am\u00e9rique du Nord du XIXe.<br \/>\n<\/span><span class=\"OYPEnA text-decoration-none text-strikethrough-none\">Premier album de cet orchestre toulousain nourri au biberon de Sergio Leone. <\/span><span class=\"OYPEnA text-decoration-none text-strikethrough-none\">Les six plages de ce disque signent la bande sonore d\u2019un western fantasm\u00e9, aux confluents du jazz et de la musique orchestrale. <\/span><span class=\"OYPEnA text-decoration-none text-strikethrough-none\">Percussions, contrebasse, instruments \u00e0 vent, chant et m\u00e9gaphone se confrontent au mythe du r\u00eave am\u00e9ricain : la ru\u00e9e vers l\u2019or, le tumulte des guerres indiennes, la conqu\u00eate de l\u2019ouest...<br \/>\n<\/span><span class=\"OYPEnA text-decoration-none text-strikethrough-none\">Une partie de d\u00e9s pip\u00e9s dans une ville fant\u00f4me.<br \/>\n<\/span><span class=\"OYPEnA text-decoration-none text-strikethrough-none\"><br \/>\n<\/span><\/p>\n<\/div>\n<\/div><\/div><div id=\"panel-19982-0-1-2\" class=\"so-panel widget widget_sow-editor\" data-index=\"9\" ><div\n\t\t\t\n\t\t\tclass=\"so-widget-sow-editor so-widget-sow-editor-base\"\n\t\t\t\n\t\t>\n<div class=\"siteorigin-widget-tinymce textwidget\">\n\t<p><iframe loading=\"lazy\" title=\"Le Grand Silence : Lakota\" width=\"790\" height=\"444\" src=\"https:\/\/www.youtube.com\/embed\/BstJpEMBDuE?feature=oembed\" frameborder=\"0\" allow=\"accelerometer; autoplay; clipboard-write; encrypted-media; gyroscope; picture-in-picture; web-share\" referrerpolicy=\"strict-origin-when-cross-origin\" allowfullscreen><\/iframe><\/p>\n<\/div>\n<\/div><\/div><div id=\"panel-19982-0-1-3\" class=\"so-panel widget widget_eo_event_list_widget EO_Event_List_Widget panel-last-child\" data-index=\"10\" ><h3 class=\"widget-title\">\u00c9v\u00e9nements<\/h3>\n\n\t<h3 class=\"widget-title evenements\">Tour<\/h3>\n\t<ul  class=\"eo-events eo-events-widget\" > \n\n\t\t\n\t\t\t\t\t\t\n\t\t\t<li class=\"eo-event-venue-festival-31-notes-dete eo-event-cat-agenda eo-event-cat-andy-leveque eo-event-cat-florian-nastorg eo-event-cat-le-grand-silence eo-event-cat-marc-maffiolo eo-event-cat-sebastien-cirotteau eo-event-future eo-all-day\" >\n\t\t\t\n\t\t\n\t\t\t\n\t\t\n\t\t\t\t<div class=\"date\"> \n\t\t\t\t <div class=\"jour\">07<\/div> <div class=\"mois\">Aug<\/div><\/div>\t\t\t\n\t\t\t\t\t\n\t\t\t\t\t\t\t\t\t\t\n\t\t\t\t\t\n\t\t\t\t <div class=\"contenu-date\">\n\t\t\t\t\n\t\t\t\t<h4 class=\"titre\">Le Grand Silence \/ Balade + Concert - <\/h4> \n\t\t\t\t<div class=\"detail\">\n\t\t\t\t<span class=\"lieu\">Festival 31 Notes d'\u00e9t\u00e9, Le Mourtis + Bouts<\/span><!-- \/.lieu --><div class=\"jour\">07<\/div> <div class=\"mois\">Aug<\/div><\/div>\t\t\t\t\n\t\t\t\t\n\t\t\t\t\n\t\t\t\t<span class=\"extrait\"> - <p><a href=\"https:\/\/freddymorezon.org\/productions\/legrandsilence\/\" title=\"+ d'infos\" alt=\"+ d'infos\"><i class=\"fa fa-plus-square\"><\/i><\/a><a href=\"https:\/\/www.hautegaronnetourisme.com\/31-notes-d-ete-2024\/\" target=\"_blank\" title=\"+ d'infos\" alt=\"+ d'infos\"><i class=\"fa fa-plus-square\"><\/i><\/a><\/p>\n<\/span><!-- \/.extrait -->\t\t\t\t\n\t\t\t\t\t\t\t\t&nbsp;<span class=\"meta\"><ul class='post-meta'>\n<li><span class='post-meta-key'>om_disable_all_campaigns:<\/span> <\/li>\n<\/ul>\n<\/span><!-- \/.meta -->\n\t\t\t\t<\/div> <!-- \/.detail -->\n\t\t\t\t\n\t\t\t\t\n\t\t\t\t\n\t\t\t\t\n\t\t\t\t\n\t\t\t\t\n\t\t\t\t\n\t\t\t\t\n\t\t\t\t\n\t\t\t\t\n\t\t<!--\t<div class=\"meta-projet-associe-a-l-actu\"><\/div> -->\n\t\t\t\t  \n\t\t\t\t  <div class=\"mois-titre\">\t\t\t\t<!-- \/.mois-titre -->\n\t\t\t\t\n\t\t\t\t   \n\t\t\t\t <\/div><!-- \/.contenu-date -->\n\t\t\t<\/li>\n\n\t\t\n\t\t\t\t\t\t\n\t\t\t<li class=\"eo-event-venue-festival-31-notes-dete eo-event-cat-agenda eo-event-cat-andy-leveque eo-event-cat-florian-nastorg eo-event-cat-le-grand-silence eo-event-cat-marc-maffiolo eo-event-cat-sebastien-cirotteau eo-event-future eo-all-day\" >\n\t\t\t\n\t\t\n\t\t\t\n\t\t\n\t\t\t\t<div class=\"date\"> \n\t\t\t\t <div class=\"jour\">07<\/div> <div class=\"mois\">Aug<\/div><\/div>\t\t\t\n\t\t\t\t\t\n\t\t\t\t\t\t\t\t\t\t\n\t\t\t\t\t\n\t\t\t\t <div class=\"contenu-date\">\n\t\t\t\t\n\t\t\t\t<h4 class=\"titre\">Le Grand Silence - <\/h4> \n\t\t\t\t<div class=\"detail\">\n\t\t\t\t<span class=\"lieu\">Festival 31 Notes d'\u00e9t\u00e9, Le Mourtis + Bouts<\/span><!-- \/.lieu --><div class=\"jour\">07<\/div> <div class=\"mois\">Aug<\/div><\/div>\t\t\t\t\n\t\t\t\t\n\t\t\t\t\n\t\t\t\t<span class=\"extrait\"> - <p><a href=\"https:\/\/freddymorezon.org\/productions\/legrandsilence\/\" title=\"+ d'infos\" alt=\"+ d'infos\"><i class=\"fa fa-plus-square\"><\/i><\/a><a href=\"https:\/\/www.hautegaronnetourisme.com\/31-notes-d-ete-2024\/\" target=\"_blank\" title=\"+ d'infos\" alt=\"+ d'infos\"><i class=\"fa fa-plus-square\"><\/i><\/a><\/p>\n<\/span><!-- \/.extrait -->\t\t\t\t\n\t\t\t\t\t\t\t\t&nbsp;<span class=\"meta\"><ul class='post-meta'>\n<li><span class='post-meta-key'>om_disable_all_campaigns:<\/span> <\/li>\n<\/ul>\n<\/span><!-- \/.meta -->\n\t\t\t\t<\/div> <!-- \/.detail -->\n\t\t\t\t\n\t\t\t\t\n\t\t\t\t\n\t\t\t\t\n\t\t\t\t\n\t\t\t\t\n\t\t\t\t\n\t\t\t\t\n\t\t\t\t\n\t\t\t\t\n\t\t<!--\t<div class=\"meta-projet-associe-a-l-actu\"><\/div> -->\n\t\t\t\t  \n\t\t\t\t  <div class=\"mois-titre\">\t\t\t\t<!-- \/.mois-titre -->\n\t\t\t\t\n\t\t\t\t   \n\t\t\t\t <\/div><!-- \/.contenu-date -->\n\t\t\t<\/li>\n\n\t\t\n\t<\/ul>\n\n\n<\/div><\/div><\/div><\/div>","protected":false},"excerpt":{"rendered":"<p>May2024<\/p>\n","protected":false},"author":1,"featured_media":19983,"parent":140,"menu_order":0,"comment_status":"closed","ping_status":"closed","template":"page-templates\/full-width.php","meta":{"om_disable_all_campaigns":false,"_monsterinsights_skip_tracking":false,"_monsterinsights_sitenote_active":false,"_monsterinsights_sitenote_note":"","_monsterinsights_sitenote_category":0,"_uf_show_specific_survey":0,"_uf_disable_surveys":false,"footnotes":""},"categories":[101,924,1174],"tags":[],"class_list":["post-19982","page","type-page","status-publish","has-post-thumbnail","hentry","category-discographie","category-le-grand-silence","category-page-label"],"aioseo_notices":[],"yoast_head":"<!-- This site is optimized with the Yoast SEO plugin v27.4 - https:\/\/yoast.com\/product\/yoast-seo-wordpress\/ -->\n<title>Le Grand Silence | Freddy Morezon<\/title>\n<meta name=\"description\" content=\"Le Grand Silence : 1er album de l&#039;orchestre \u00e9ponyme. Inspir\u00e9s par les westerns spaghetti, 10 musiciens offrent 6 pistes \u00e0 la sauce cowboy.\" \/>\n<meta name=\"robots\" content=\"index, follow, max-snippet:-1, max-image-preview:large, max-video-preview:-1\" \/>\n<link rel=\"canonical\" href=\"https:\/\/freddymorezon.org\/label\/le-grand-silence-album\/\" \/>\n<meta property=\"og:locale\" content=\"en_US\" \/>\n<meta property=\"og:type\" content=\"article\" \/>\n<meta property=\"og:title\" content=\"Le Grand Silence | Freddy Morezon\" \/>\n<meta property=\"og:description\" content=\"Le Grand Silence : 1er album de l&#039;orchestre \u00e9ponyme. Inspir\u00e9s par les westerns spaghetti, 10 musiciens offrent 6 pistes \u00e0 la sauce cowboy.\" \/>\n<meta property=\"og:url\" content=\"https:\/\/freddymorezon.org\/label\/le-grand-silence-album\/\" \/>\n<meta property=\"og:site_name\" content=\"Freddy Morezon\" \/>\n<meta property=\"article:publisher\" content=\"https:\/\/www.facebook.com\/freddy.morezon\/\" \/>\n<meta property=\"article:modified_time\" content=\"2025-07-07T15:36:44+00:00\" \/>\n<meta property=\"og:image\" content=\"https:\/\/freddymorezon.org\/wp-content\/uploads\/2024\/05\/digisleeve_LGS_RECTO-web.jpg\" \/>\n\t<meta property=\"og:image:width\" content=\"250\" \/>\n\t<meta property=\"og:image:height\" content=\"223\" \/>\n\t<meta property=\"og:image:type\" content=\"image\/jpeg\" \/>\n<meta name=\"twitter:card\" content=\"summary_large_image\" \/>\n<script type=\"application\/ld+json\" class=\"yoast-schema-graph\">{\"@context\":\"https:\\\/\\\/schema.org\",\"@graph\":[{\"@type\":\"WebPage\",\"@id\":\"https:\\\/\\\/freddymorezon.org\\\/label\\\/le-grand-silence-album\\\/\",\"url\":\"https:\\\/\\\/freddymorezon.org\\\/label\\\/le-grand-silence-album\\\/\",\"name\":\"Le Grand Silence | Freddy Morezon\",\"isPartOf\":{\"@id\":\"https:\\\/\\\/freddymorezon.org\\\/#website\"},\"primaryImageOfPage\":{\"@id\":\"https:\\\/\\\/freddymorezon.org\\\/label\\\/le-grand-silence-album\\\/#primaryimage\"},\"image\":{\"@id\":\"https:\\\/\\\/freddymorezon.org\\\/label\\\/le-grand-silence-album\\\/#primaryimage\"},\"thumbnailUrl\":\"https:\\\/\\\/freddymorezon.org\\\/wp-content\\\/uploads\\\/2024\\\/05\\\/digisleeve_LGS_RECTO-web.jpg\",\"datePublished\":\"2024-05-17T13:42:52+00:00\",\"dateModified\":\"2025-07-07T15:36:44+00:00\",\"description\":\"Le Grand Silence : 1er album de l'orchestre \u00e9ponyme. Inspir\u00e9s par les westerns spaghetti, 10 musiciens offrent 6 pistes \u00e0 la sauce cowboy.\",\"breadcrumb\":{\"@id\":\"https:\\\/\\\/freddymorezon.org\\\/label\\\/le-grand-silence-album\\\/#breadcrumb\"},\"inLanguage\":\"en-US\",\"potentialAction\":[{\"@type\":\"ReadAction\",\"target\":[\"https:\\\/\\\/freddymorezon.org\\\/label\\\/le-grand-silence-album\\\/\"]}]},{\"@type\":\"ImageObject\",\"inLanguage\":\"en-US\",\"@id\":\"https:\\\/\\\/freddymorezon.org\\\/label\\\/le-grand-silence-album\\\/#primaryimage\",\"url\":\"https:\\\/\\\/freddymorezon.org\\\/wp-content\\\/uploads\\\/2024\\\/05\\\/digisleeve_LGS_RECTO-web.jpg\",\"contentUrl\":\"https:\\\/\\\/freddymorezon.org\\\/wp-content\\\/uploads\\\/2024\\\/05\\\/digisleeve_LGS_RECTO-web.jpg\",\"width\":250,\"height\":223,\"caption\":\"Le Grand Silence\"},{\"@type\":\"BreadcrumbList\",\"@id\":\"https:\\\/\\\/freddymorezon.org\\\/label\\\/le-grand-silence-album\\\/#breadcrumb\",\"itemListElement\":[{\"@type\":\"ListItem\",\"position\":1,\"name\":\"Accueil\",\"item\":\"https:\\\/\\\/freddymorezon.org\\\/\"},{\"@type\":\"ListItem\",\"position\":2,\"name\":\"Label\",\"item\":\"https:\\\/\\\/freddymorezon.org\\\/label\\\/\"},{\"@type\":\"ListItem\",\"position\":3,\"name\":\"Le Grand Silence\"}]},{\"@type\":\"WebSite\",\"@id\":\"https:\\\/\\\/freddymorezon.org\\\/#website\",\"url\":\"https:\\\/\\\/freddymorezon.org\\\/\",\"name\":\"Freddy Morezon\",\"description\":\"jazz - musique improvis\u00e9e - esth\u00e9tiques plurielles\",\"publisher\":{\"@id\":\"https:\\\/\\\/freddymorezon.org\\\/#organization\"},\"potentialAction\":[{\"@type\":\"SearchAction\",\"target\":{\"@type\":\"EntryPoint\",\"urlTemplate\":\"https:\\\/\\\/freddymorezon.org\\\/?s={search_term_string}\"},\"query-input\":{\"@type\":\"PropertyValueSpecification\",\"valueRequired\":true,\"valueName\":\"search_term_string\"}}],\"inLanguage\":\"en-US\"},{\"@type\":\"Organization\",\"@id\":\"https:\\\/\\\/freddymorezon.org\\\/#organization\",\"name\":\"Association Freddy Morezon\",\"url\":\"https:\\\/\\\/freddymorezon.org\\\/\",\"logo\":{\"@type\":\"ImageObject\",\"inLanguage\":\"en-US\",\"@id\":\"https:\\\/\\\/freddymorezon.org\\\/#\\\/schema\\\/logo\\\/image\\\/\",\"url\":\"https:\\\/\\\/freddymorezon.org\\\/wp-content\\\/uploads\\\/2016\\\/02\\\/mini-logo-header-site2.jpg\",\"contentUrl\":\"https:\\\/\\\/freddymorezon.org\\\/wp-content\\\/uploads\\\/2016\\\/02\\\/mini-logo-header-site2.jpg\",\"width\":234,\"height\":174,\"caption\":\"Association Freddy Morezon\"},\"image\":{\"@id\":\"https:\\\/\\\/freddymorezon.org\\\/#\\\/schema\\\/logo\\\/image\\\/\"},\"sameAs\":[\"https:\\\/\\\/www.facebook.com\\\/freddy.morezon\\\/\",\"https:\\\/\\\/www.instagram.com\\\/freddymorezon\\\/\",\"https:\\\/\\\/www.youtube.com\\\/user\\\/freddymorezon\",\"https:\\\/\\\/fr.linkedin.com\\\/company\\\/freddy-morezon-p.r.o.d.\"]}]}<\/script>\n<!-- \/ Yoast SEO plugin. -->","yoast_head_json":{"title":"Le Grand Silence | Freddy Morezon","description":"Le Grand Silence : 1er album de l'orchestre \u00e9ponyme. Inspir\u00e9s par les westerns spaghetti, 10 musiciens offrent 6 pistes \u00e0 la sauce cowboy.","robots":{"index":"index","follow":"follow","max-snippet":"max-snippet:-1","max-image-preview":"max-image-preview:large","max-video-preview":"max-video-preview:-1"},"canonical":"https:\/\/freddymorezon.org\/label\/le-grand-silence-album\/","og_locale":"en_US","og_type":"article","og_title":"Le Grand Silence | Freddy Morezon","og_description":"Le Grand Silence : 1er album de l'orchestre \u00e9ponyme. Inspir\u00e9s par les westerns spaghetti, 10 musiciens offrent 6 pistes \u00e0 la sauce cowboy.","og_url":"https:\/\/freddymorezon.org\/label\/le-grand-silence-album\/","og_site_name":"Freddy Morezon","article_publisher":"https:\/\/www.facebook.com\/freddy.morezon\/","article_modified_time":"2025-07-07T15:36:44+00:00","og_image":[{"width":250,"height":223,"url":"https:\/\/freddymorezon.org\/wp-content\/uploads\/2024\/05\/digisleeve_LGS_RECTO-web.jpg","type":"image\/jpeg"}],"twitter_card":"summary_large_image","schema":{"@context":"https:\/\/schema.org","@graph":[{"@type":"WebPage","@id":"https:\/\/freddymorezon.org\/label\/le-grand-silence-album\/","url":"https:\/\/freddymorezon.org\/label\/le-grand-silence-album\/","name":"Le Grand Silence | Freddy Morezon","isPartOf":{"@id":"https:\/\/freddymorezon.org\/#website"},"primaryImageOfPage":{"@id":"https:\/\/freddymorezon.org\/label\/le-grand-silence-album\/#primaryimage"},"image":{"@id":"https:\/\/freddymorezon.org\/label\/le-grand-silence-album\/#primaryimage"},"thumbnailUrl":"https:\/\/freddymorezon.org\/wp-content\/uploads\/2024\/05\/digisleeve_LGS_RECTO-web.jpg","datePublished":"2024-05-17T13:42:52+00:00","dateModified":"2025-07-07T15:36:44+00:00","description":"Le Grand Silence : 1er album de l'orchestre \u00e9ponyme. Inspir\u00e9s par les westerns spaghetti, 10 musiciens offrent 6 pistes \u00e0 la sauce cowboy.","breadcrumb":{"@id":"https:\/\/freddymorezon.org\/label\/le-grand-silence-album\/#breadcrumb"},"inLanguage":"en-US","potentialAction":[{"@type":"ReadAction","target":["https:\/\/freddymorezon.org\/label\/le-grand-silence-album\/"]}]},{"@type":"ImageObject","inLanguage":"en-US","@id":"https:\/\/freddymorezon.org\/label\/le-grand-silence-album\/#primaryimage","url":"https:\/\/freddymorezon.org\/wp-content\/uploads\/2024\/05\/digisleeve_LGS_RECTO-web.jpg","contentUrl":"https:\/\/freddymorezon.org\/wp-content\/uploads\/2024\/05\/digisleeve_LGS_RECTO-web.jpg","width":250,"height":223,"caption":"Le Grand Silence"},{"@type":"BreadcrumbList","@id":"https:\/\/freddymorezon.org\/label\/le-grand-silence-album\/#breadcrumb","itemListElement":[{"@type":"ListItem","position":1,"name":"Accueil","item":"https:\/\/freddymorezon.org\/"},{"@type":"ListItem","position":2,"name":"Label","item":"https:\/\/freddymorezon.org\/label\/"},{"@type":"ListItem","position":3,"name":"Le Grand Silence"}]},{"@type":"WebSite","@id":"https:\/\/freddymorezon.org\/#website","url":"https:\/\/freddymorezon.org\/","name":"Freddy Morezon","description":"jazz - musique improvis\u00e9e - esth\u00e9tiques plurielles","publisher":{"@id":"https:\/\/freddymorezon.org\/#organization"},"potentialAction":[{"@type":"SearchAction","target":{"@type":"EntryPoint","urlTemplate":"https:\/\/freddymorezon.org\/?s={search_term_string}"},"query-input":{"@type":"PropertyValueSpecification","valueRequired":true,"valueName":"search_term_string"}}],"inLanguage":"en-US"},{"@type":"Organization","@id":"https:\/\/freddymorezon.org\/#organization","name":"Association Freddy Morezon","url":"https:\/\/freddymorezon.org\/","logo":{"@type":"ImageObject","inLanguage":"en-US","@id":"https:\/\/freddymorezon.org\/#\/schema\/logo\/image\/","url":"https:\/\/freddymorezon.org\/wp-content\/uploads\/2016\/02\/mini-logo-header-site2.jpg","contentUrl":"https:\/\/freddymorezon.org\/wp-content\/uploads\/2016\/02\/mini-logo-header-site2.jpg","width":234,"height":174,"caption":"Association Freddy Morezon"},"image":{"@id":"https:\/\/freddymorezon.org\/#\/schema\/logo\/image\/"},"sameAs":["https:\/\/www.facebook.com\/freddy.morezon\/","https:\/\/www.instagram.com\/freddymorezon\/","https:\/\/www.youtube.com\/user\/freddymorezon","https:\/\/fr.linkedin.com\/company\/freddy-morezon-p.r.o.d."]}]}},"_links":{"self":[{"href":"https:\/\/freddymorezon.org\/en\/wp-json\/wp\/v2\/pages\/19982","targetHints":{"allow":["GET"]}}],"collection":[{"href":"https:\/\/freddymorezon.org\/en\/wp-json\/wp\/v2\/pages"}],"about":[{"href":"https:\/\/freddymorezon.org\/en\/wp-json\/wp\/v2\/types\/page"}],"author":[{"embeddable":true,"href":"https:\/\/freddymorezon.org\/en\/wp-json\/wp\/v2\/users\/1"}],"replies":[{"embeddable":true,"href":"https:\/\/freddymorezon.org\/en\/wp-json\/wp\/v2\/comments?post=19982"}],"version-history":[{"count":23,"href":"https:\/\/freddymorezon.org\/en\/wp-json\/wp\/v2\/pages\/19982\/revisions"}],"predecessor-version":[{"id":23448,"href":"https:\/\/freddymorezon.org\/en\/wp-json\/wp\/v2\/pages\/19982\/revisions\/23448"}],"up":[{"embeddable":true,"href":"https:\/\/freddymorezon.org\/en\/wp-json\/wp\/v2\/pages\/140"}],"wp:featuredmedia":[{"embeddable":true,"href":"https:\/\/freddymorezon.org\/en\/wp-json\/wp\/v2\/media\/19983"}],"wp:attachment":[{"href":"https:\/\/freddymorezon.org\/en\/wp-json\/wp\/v2\/media?parent=19982"}],"wp:term":[{"taxonomy":"category","embeddable":true,"href":"https:\/\/freddymorezon.org\/en\/wp-json\/wp\/v2\/categories?post=19982"},{"taxonomy":"post_tag","embeddable":true,"href":"https:\/\/freddymorezon.org\/en\/wp-json\/wp\/v2\/tags?post=19982"}],"curies":[{"name":"wp","href":"https:\/\/api.w.org\/{rel}","templated":true}]}}