
{"id":20160,"date":"2024-06-12T10:39:07","date_gmt":"2024-06-12T09:39:07","guid":{"rendered":"https:\/\/freddymorezon.org\/?page_id=20160"},"modified":"2025-12-03T19:13:03","modified_gmt":"2025-12-03T17:13:03","slug":"future-folk-stories-2-1","status":"publish","type":"page","link":"https:\/\/freddymorezon.org\/en\/future-folk-stories-2-1\/","title":{"rendered":"FUTURE FOLK STORIES 2 + une"},"content":{"rendered":"<div id=\"pl-20160\"  class=\"panel-layout\" ><div id=\"pg-20160-0\"  class=\"panel-grid panel-no-style\" ><div id=\"pgc-20160-0-0\"  class=\"panel-grid-cell\" ><div id=\"panel-20160-0-0-0\" class=\"so-panel widget widget_eo_event_list_widget EO_Event_List_Widget panel-first-child\" data-index=\"0\" ><h3 class=\"widget-title\">DATES \u00c0 VENIR<\/h3>\n\n<\/div><div id=\"panel-20160-0-0-1\" class=\"so-panel widget widget_sow-button\" data-index=\"1\" ><div\n\t\t\t\n\t\t\tclass=\"so-widget-sow-button so-widget-sow-button-flat-5192bebda948-20160\"\n\t\t\t\n\t\t><div class=\"ow-button-base ow-button-align-center\"\n>\n\t\t\t<a\n\t\t\t\tclass=\"sowb-button ow-icon-placement-left ow-button-hover\" \t>\n\t\t<span>\n\t\t\t\n\t\t\tToutes les dates\t\t<\/span>\n\t\t\t<\/a>\n\t<\/div>\n<\/div><\/div><div id=\"panel-20160-0-0-2\" class=\"so-panel widget widget_sow-editor\" data-index=\"2\" ><div\n\t\t\t\n\t\t\tclass=\"so-widget-sow-editor so-widget-sow-editor-base\"\n\t\t\t\n\t\t><h3 class=\"widget-title\">ACTUALIT\u00c9<\/h3>\n<div class=\"siteorigin-widget-tinymce textwidget\">\n\t<p class=\"\"><strong>\u2605 \u00c0 \u00c9COUTER \u2605<br \/>\nVertigo - Radio Escapades\u00a0<\/strong><\/p>\n<p>Radio Escapades accueille cette saison une nouvelle \u00e9mission, Vertigo, d\u00e9di\u00e9e \u00e0 la cr\u00e9ation sonore et radiophonique, qui a consacr\u00e9 une heure de diffusion \u00e0 cet Episode C\u00e9venol.<\/p>\n<p class=\"\">En podcast sur <a href=\"https:\/\/www.radioescapades.org\/vertigo\/\">Radio Escapades<\/a> ou en \u00e9coute <a href=\"https:\/\/on.soundcloud.com\/BSG34Qp5OScL6MBNrP\">ici<\/a>.<\/p>\n<\/div>\n<\/div><\/div><div id=\"panel-20160-0-0-3\" class=\"so-panel widget widget_sow-editor\" data-index=\"3\" ><div\n\t\t\t\n\t\t\tclass=\"so-widget-sow-editor so-widget-sow-editor-base\"\n\t\t\t\n\t\t>\n<div class=\"siteorigin-widget-tinymce textwidget\">\n\t<p><iframe loading=\"lazy\" width=\"100%\" height=\"20\" scrolling=\"no\" frameborder=\"no\" allow=\"autoplay\" src=\"https:\/\/w.soundcloud.com\/player\/?url=https%3A\/\/api.soundcloud.com\/tracks\/soundcloud%253Atracks%253A2207639547&color=%23727575&inverse=false&auto_play=false&show_user=true\"><\/iframe><\/p>\n<div style=\"font-size: 10px; color: #cccccc;line-break: anywhere;word-break: normal;overflow: hidden;white-space: nowrap;text-overflow: ellipsis; font-family: Interstate,Lucida Grande,Lucida Sans Unicode,Lucida Sans,Garuda,Verdana,Tahoma,sans-serif;font-weight: 100;\"><a href=\"https:\/\/soundcloud.com\/robinfincker\" title=\"Robin Fincker\" target=\"_blank\" style=\"color: #cccccc; text-decoration: none;\">Robin Fincker<\/a> \u00b7 <a href=\"https:\/\/soundcloud.com\/robinfincker\/ffs_2plusune_radioescapade\" title=\"FutureFolkStories_deuxplusune_radioescapade\" target=\"_blank\" style=\"color: #cccccc; text-decoration: none;\">FutureFolkStories_deuxplusune_radioescapade<\/a><\/div>\n<\/div>\n<\/div><\/div><div id=\"panel-20160-0-0-4\" class=\"so-panel widget widget_sow-headline\" data-index=\"4\" ><div\n\t\t\t\n\t\t\tclass=\"so-widget-sow-headline so-widget-sow-headline-default-ec1eb4cebc48-20160\"\n\t\t\t\n\t\t><div class=\"sow-headline-container \">\n\t\t\t\t\t\t<div class=\"decoration\">\n\t\t\t\t\t\t<div class=\"decoration-inside\"><\/div>\n\t\t\t\t\t<\/div>\n\t\t\t\t\t<\/div>\n<\/div><\/div><div id=\"panel-20160-0-0-5\" class=\"so-panel widget widget_sow-editor\" data-index=\"5\" ><div\n\t\t\t\n\t\t\tclass=\"so-widget-sow-editor so-widget-sow-editor-base\"\n\t\t\t\n\t\t><h3 class=\"widget-title\">DISTRIBUTION<\/h3>\n<div class=\"siteorigin-widget-tinymce textwidget\">\n\t<p><strong>Mathieu Werchowski<\/strong> collectages \/ \u00e9lectronique \/ violon<br \/>\n<strong>Robin Fincker<\/strong> collectages \/ saxophone \/ clarinette<br \/>\n<strong>+ une invit\u00e9e<\/strong><\/p>\n<\/div>\n<\/div><\/div><div id=\"panel-20160-0-0-6\" class=\"so-panel widget widget_sow-editor\" data-index=\"6\" ><div\n\t\t\t\n\t\t\tclass=\"so-widget-sow-editor so-widget-sow-editor-base\"\n\t\t\t\n\t\t><h3 class=\"widget-title\">CONTACT<\/h3>\n<div class=\"siteorigin-widget-tinymce textwidget\">\n\t<p>Claire Dabos \/\/ <a href=\"mailto:claire@freddymorezon.org\">claire@freddymorezon.org<\/a><\/p>\n<\/div>\n<\/div><\/div><div id=\"panel-20160-0-0-7\" class=\"so-panel widget widget_sow-editor\" data-index=\"7\" ><div\n\t\t\t\n\t\t\tclass=\"so-widget-sow-editor so-widget-sow-editor-base\"\n\t\t\t\n\t\t><h3 class=\"widget-title\">LIENS<\/h3>\n<div class=\"siteorigin-widget-tinymce textwidget\">\n\t<ul>\n <i class=\"fa fa-chevron-right fa-2x\"><\/i> <a href=\"https:\/\/freddymorezon.org\/wp-content\/uploads\/2025\/07\/FUTURE-FOLK-STORIES-21.pdf\">Dossier de pr\u00e9sentation<\/a><br \/>\n <i class=\"fa fa-chevron-right fa-2x\"><\/i> <a href=\"https:\/\/freddymorezon.org\/artistes\/robin-fincker\/\">Robin Fincker<\/a><br \/>\n <i class=\"fa fa-chevron-right fa-2x\"><\/i> <a href=\"https:\/\/freddymorezon.org\/artistes\/mathieu-werchowski\/\">Mathieu Werchowski<\/a>\n<\/ul>\n<\/div>\n<\/div><\/div><div id=\"panel-20160-0-0-8\" class=\"so-panel widget widget_sow-button panel-last-child\" data-index=\"8\" ><div\n\t\t\t\n\t\t\tclass=\"so-widget-sow-button so-widget-sow-button-flat-d48c6ccc7499-20160\"\n\t\t\t\n\t\t><div class=\"ow-button-base ow-button-align-center\"\n>\n\t\t\t<a\n\t\t\t\t\thref=\"https:\/\/freddymorezon.org\/catalogue\/future-folk-stories\/\"\n\t\t\t\t\tclass=\"sowb-button ow-icon-placement-left ow-button-hover\" \t>\n\t\t<span>\n\t\t\t\n\t\t\tRetour vers Future Folk Stories\t\t<\/span>\n\t\t\t<\/a>\n\t<\/div>\n<\/div><\/div><\/div><div id=\"pgc-20160-0-1\"  class=\"panel-grid-cell\" ><div id=\"panel-20160-0-1-0\" class=\"so-panel widget widget_sow-editor panel-first-child\" data-index=\"9\" ><div\n\t\t\t\n\t\t\tclass=\"so-widget-sow-editor so-widget-sow-editor-base\"\n\t\t\t\n\t\t>\n<div class=\"siteorigin-widget-tinymce textwidget\">\n\t<h2>FUTURE FOLK STORIES 2 + une<\/h2>\n<\/div>\n<\/div><\/div><div id=\"panel-20160-0-1-1\" class=\"so-panel widget widget_sow-image\" data-index=\"10\" ><div\n\t\t\t\n\t\t\tclass=\"so-widget-sow-image so-widget-sow-image-default-8b5b6f678277-20160\"\n\t\t\t\n\t\t>\n<div class=\"sow-image-container\">\n\t\t<img \n\tsrc=\"https:\/\/freddymorezon.org\/wp-content\/uploads\/2025\/12\/FUTUREFOLKSTPRIES-MONOBLET-44-1240x560.jpg\" width=\"1240\" height=\"560\" sizes=\"(max-width: 1240px) 100vw, 1240px\" title=\"FUTURE FOLK STORIES\" alt=\"\" \t\tclass=\"so-widget-image\"\/>\n\t<\/div>\n\n<\/div><\/div><div id=\"panel-20160-0-1-2\" class=\"so-panel widget widget_sow-editor\" data-index=\"11\" ><div\n\t\t\t\n\t\t\tclass=\"so-widget-sow-editor so-widget-sow-editor-base\"\n\t\t\t\n\t\t>\n<div class=\"siteorigin-widget-tinymce textwidget\">\n\t<p>\u00a9 Jose Luis Bongore - Monomaniax, Monoblet - ao\u00fbt 2025<\/p>\n<p><strong>Future Folk Stories 2 + une <\/strong>est un dispositif lorgnant du c\u00f4t\u00e9 d\u2019un documentaire de cr\u00e9ation, mais jou\u00e9 en live, dont les recoins abritent diff\u00e9rents espaces de sons et de paroles esquissant les contours d\u2019une folk fantasmagorique. Il s\u2019ancre sur l\u2019enregistrement de paroles glan\u00e9es par le biais de rencontres individuelles ou collectives dans des environnements tr\u00e8s diversifi\u00e9s et de leur mise en son\/sc\u00e8ne.<\/p>\n<p>Une installation polyphonique de voix-mondes, sertie dans un \u00e9crin de mati\u00e8res instrumentales et \u00e9lectroniques en interaction permanente par le biais de l\u2019improvisation et de la rencontre avec un.e invit\u00e9.e du territoire travers\u00e9.<\/p>\n<p>Un espace qui peut se d\u00e9plier comme une cartographie mettant en pr\u00e9sence des paroles collect\u00e9es autour de la notion de tradition : d\u2019o\u00f9 vient-elle ? En avons-nous des intimes ou personnelles ? En cr\u00e9ons-nous avec nos cercles de proches ? Quelles seront-elles dans le futur ? Et d\u2019ailleurs, qu\u2019est-ce qu\u2019on aimerait garder pour plus tard qui en vaille vraiment la peine ?<\/p>\n<p>Une sorte d\u2019anthologie non exhaustive qui se d\u00e9ploie \u00e0 travers le temps au gr\u00e9 des territoires travers\u00e9s et nourrissant cette interrogation sur comment mettre en sc\u00e8ne la folk elle-m\u00eame ; c\u2019est-\u00e0-dire en la faisant vivre pour ce qu\u2019elle est : un espace en r\u00e9invention permanente.<\/p>\n<\/div>\n<\/div><\/div><div id=\"panel-20160-0-1-3\" class=\"so-panel widget widget_sow-editor panel-last-child\" data-index=\"12\" ><div\n\t\t\t\n\t\t\tclass=\"so-widget-sow-editor so-widget-sow-editor-base\"\n\t\t\t\n\t\t>\n<div class=\"siteorigin-widget-tinymce textwidget\">\n\t<p><iframe loading=\"lazy\" title=\"FUTURE FOLK STORIES &quot; 2 + une &quot; - Robin Fincker &amp; Mathieu Werchowski + Lucile Marsac\" width=\"790\" height=\"444\" src=\"https:\/\/www.youtube.com\/embed\/Ba_Q5tYoyuY?feature=oembed\" frameborder=\"0\" allow=\"accelerometer; autoplay; clipboard-write; encrypted-media; gyroscope; picture-in-picture; web-share\" referrerpolicy=\"strict-origin-when-cross-origin\" allowfullscreen><\/iframe><\/p>\n<\/div>\n<\/div><\/div><\/div><\/div><\/div>","protected":false},"excerpt":{"rendered":"<p>\u2605 \u00c0 \u00c9COUTER \u2605 Vertigo &#8211; Radio Escapades\u00a0 Radio Escapades accueille cette saison une nouvelle \u00e9mission, Vertigo, d\u00e9di\u00e9e \u00e0 la cr\u00e9ation sonore et radiophonique, qui a consacr\u00e9 une heure de diffusion \u00e0 cet Episode C\u00e9venol. En podcast sur Radio Escapades ou en \u00e9coute ici. Robin Fincker \u00b7 FutureFolkStories_deuxplusune_radioescapade Mathieu Werchowski collectages \/ \u00e9lectronique \/ violon&hellip;<\/p>\n<p><a class=\"more-link\" href=\"https:\/\/freddymorezon.org\/en\/future-folk-stories-2-1\/\" title=\"Continue reading &lsquo;FUTURE FOLK STORIES 2 + une&rsquo;\">Continue reading <span class=\"meta-nav\">&rarr;<\/span><\/a><\/p>\n","protected":false},"author":1,"featured_media":20161,"parent":0,"menu_order":0,"comment_status":"closed","ping_status":"closed","template":"page-templates\/full-width.php","meta":{"om_disable_all_campaigns":false,"_monsterinsights_skip_tracking":false,"_monsterinsights_sitenote_active":false,"_monsterinsights_sitenote_note":"","_monsterinsights_sitenote_category":0,"_uf_show_specific_survey":0,"_uf_disable_surveys":false,"footnotes":""},"categories":[1046],"tags":[],"class_list":["post-20160","page","type-page","status-publish","has-post-thumbnail","hentry","category-future-folk-stories"],"aioseo_notices":[],"yoast_head":"<!-- This site is optimized with the Yoast SEO plugin v27.4 - https:\/\/yoast.com\/product\/yoast-seo-wordpress\/ -->\n<title>FUTURE FOLK STORIES 2 + une | Freddy Morezon<\/title>\n<meta name=\"description\" content=\"Future Folk Stories 2 + 1 : une installation polyphonique dans un \u00e9crin instrumental et \u00e9lectronique avec R Fincker M Wercowski et un\u00b7e invit\u00e9\u00b7e du territoire.\" \/>\n<meta name=\"robots\" content=\"index, follow, max-snippet:-1, max-image-preview:large, max-video-preview:-1\" \/>\n<link rel=\"canonical\" href=\"https:\/\/freddymorezon.org\/future-folk-stories-2-1\/\" \/>\n<meta property=\"og:locale\" content=\"en_US\" \/>\n<meta property=\"og:type\" content=\"article\" \/>\n<meta property=\"og:title\" content=\"FUTURE FOLK STORIES 2 + une | Freddy Morezon\" \/>\n<meta property=\"og:description\" content=\"Future Folk Stories 2 + 1 : une installation polyphonique dans un \u00e9crin instrumental et \u00e9lectronique avec R Fincker M Wercowski et un\u00b7e invit\u00e9\u00b7e du territoire.\" \/>\n<meta property=\"og:url\" content=\"https:\/\/freddymorezon.org\/future-folk-stories-2-1\/\" \/>\n<meta property=\"og:site_name\" content=\"Freddy Morezon\" \/>\n<meta property=\"article:publisher\" content=\"https:\/\/www.facebook.com\/freddy.morezon\/\" \/>\n<meta property=\"article:modified_time\" content=\"2025-12-03T17:13:03+00:00\" \/>\n<meta property=\"og:image\" content=\"https:\/\/freddymorezon.org\/wp-content\/uploads\/2024\/06\/FFS-21-visuel-.jpg\" \/>\n\t<meta property=\"og:image:width\" content=\"1995\" \/>\n\t<meta property=\"og:image:height\" content=\"1582\" \/>\n\t<meta property=\"og:image:type\" content=\"image\/jpeg\" \/>\n<meta name=\"twitter:card\" content=\"summary_large_image\" \/>\n<script type=\"application\/ld+json\" class=\"yoast-schema-graph\">{\"@context\":\"https:\\\/\\\/schema.org\",\"@graph\":[{\"@type\":\"WebPage\",\"@id\":\"https:\\\/\\\/freddymorezon.org\\\/future-folk-stories-2-1\\\/\",\"url\":\"https:\\\/\\\/freddymorezon.org\\\/future-folk-stories-2-1\\\/\",\"name\":\"FUTURE FOLK STORIES 2 + une | Freddy Morezon\",\"isPartOf\":{\"@id\":\"https:\\\/\\\/freddymorezon.org\\\/#website\"},\"primaryImageOfPage\":{\"@id\":\"https:\\\/\\\/freddymorezon.org\\\/future-folk-stories-2-1\\\/#primaryimage\"},\"image\":{\"@id\":\"https:\\\/\\\/freddymorezon.org\\\/future-folk-stories-2-1\\\/#primaryimage\"},\"thumbnailUrl\":\"https:\\\/\\\/freddymorezon.org\\\/wp-content\\\/uploads\\\/2024\\\/06\\\/FFS-21-visuel-.jpg\",\"datePublished\":\"2024-06-12T09:39:07+00:00\",\"dateModified\":\"2025-12-03T17:13:03+00:00\",\"description\":\"Future Folk Stories 2 + 1 : une installation polyphonique dans un \u00e9crin instrumental et \u00e9lectronique avec R Fincker M Wercowski et un\u00b7e invit\u00e9\u00b7e du territoire.\",\"breadcrumb\":{\"@id\":\"https:\\\/\\\/freddymorezon.org\\\/future-folk-stories-2-1\\\/#breadcrumb\"},\"inLanguage\":\"en-US\",\"potentialAction\":[{\"@type\":\"ReadAction\",\"target\":[\"https:\\\/\\\/freddymorezon.org\\\/future-folk-stories-2-1\\\/\"]}]},{\"@type\":\"ImageObject\",\"inLanguage\":\"en-US\",\"@id\":\"https:\\\/\\\/freddymorezon.org\\\/future-folk-stories-2-1\\\/#primaryimage\",\"url\":\"https:\\\/\\\/freddymorezon.org\\\/wp-content\\\/uploads\\\/2024\\\/06\\\/FFS-21-visuel-.jpg\",\"contentUrl\":\"https:\\\/\\\/freddymorezon.org\\\/wp-content\\\/uploads\\\/2024\\\/06\\\/FFS-21-visuel-.jpg\",\"width\":1995,\"height\":1582},{\"@type\":\"BreadcrumbList\",\"@id\":\"https:\\\/\\\/freddymorezon.org\\\/future-folk-stories-2-1\\\/#breadcrumb\",\"itemListElement\":[{\"@type\":\"ListItem\",\"position\":1,\"name\":\"Accueil\",\"item\":\"https:\\\/\\\/freddymorezon.org\\\/\"},{\"@type\":\"ListItem\",\"position\":2,\"name\":\"FUTURE FOLK STORIES 2 + une\"}]},{\"@type\":\"WebSite\",\"@id\":\"https:\\\/\\\/freddymorezon.org\\\/#website\",\"url\":\"https:\\\/\\\/freddymorezon.org\\\/\",\"name\":\"Freddy Morezon\",\"description\":\"jazz - musique improvis\u00e9e - esth\u00e9tiques plurielles\",\"publisher\":{\"@id\":\"https:\\\/\\\/freddymorezon.org\\\/#organization\"},\"potentialAction\":[{\"@type\":\"SearchAction\",\"target\":{\"@type\":\"EntryPoint\",\"urlTemplate\":\"https:\\\/\\\/freddymorezon.org\\\/?s={search_term_string}\"},\"query-input\":{\"@type\":\"PropertyValueSpecification\",\"valueRequired\":true,\"valueName\":\"search_term_string\"}}],\"inLanguage\":\"en-US\"},{\"@type\":\"Organization\",\"@id\":\"https:\\\/\\\/freddymorezon.org\\\/#organization\",\"name\":\"Association Freddy Morezon\",\"url\":\"https:\\\/\\\/freddymorezon.org\\\/\",\"logo\":{\"@type\":\"ImageObject\",\"inLanguage\":\"en-US\",\"@id\":\"https:\\\/\\\/freddymorezon.org\\\/#\\\/schema\\\/logo\\\/image\\\/\",\"url\":\"https:\\\/\\\/freddymorezon.org\\\/wp-content\\\/uploads\\\/2016\\\/02\\\/mini-logo-header-site2.jpg\",\"contentUrl\":\"https:\\\/\\\/freddymorezon.org\\\/wp-content\\\/uploads\\\/2016\\\/02\\\/mini-logo-header-site2.jpg\",\"width\":234,\"height\":174,\"caption\":\"Association Freddy Morezon\"},\"image\":{\"@id\":\"https:\\\/\\\/freddymorezon.org\\\/#\\\/schema\\\/logo\\\/image\\\/\"},\"sameAs\":[\"https:\\\/\\\/www.facebook.com\\\/freddy.morezon\\\/\",\"https:\\\/\\\/www.instagram.com\\\/freddymorezon\\\/\",\"https:\\\/\\\/www.youtube.com\\\/user\\\/freddymorezon\",\"https:\\\/\\\/fr.linkedin.com\\\/company\\\/freddy-morezon-p.r.o.d.\"]}]}<\/script>\n<!-- \/ Yoast SEO plugin. -->","yoast_head_json":{"title":"FUTURE FOLK STORIES 2 + une | Freddy Morezon","description":"Future Folk Stories 2 + 1 : une installation polyphonique dans un \u00e9crin instrumental et \u00e9lectronique avec R Fincker M Wercowski et un\u00b7e invit\u00e9\u00b7e du territoire.","robots":{"index":"index","follow":"follow","max-snippet":"max-snippet:-1","max-image-preview":"max-image-preview:large","max-video-preview":"max-video-preview:-1"},"canonical":"https:\/\/freddymorezon.org\/future-folk-stories-2-1\/","og_locale":"en_US","og_type":"article","og_title":"FUTURE FOLK STORIES 2 + une | Freddy Morezon","og_description":"Future Folk Stories 2 + 1 : une installation polyphonique dans un \u00e9crin instrumental et \u00e9lectronique avec R Fincker M Wercowski et un\u00b7e invit\u00e9\u00b7e du territoire.","og_url":"https:\/\/freddymorezon.org\/future-folk-stories-2-1\/","og_site_name":"Freddy Morezon","article_publisher":"https:\/\/www.facebook.com\/freddy.morezon\/","article_modified_time":"2025-12-03T17:13:03+00:00","og_image":[{"width":1995,"height":1582,"url":"https:\/\/freddymorezon.org\/wp-content\/uploads\/2024\/06\/FFS-21-visuel-.jpg","type":"image\/jpeg"}],"twitter_card":"summary_large_image","schema":{"@context":"https:\/\/schema.org","@graph":[{"@type":"WebPage","@id":"https:\/\/freddymorezon.org\/future-folk-stories-2-1\/","url":"https:\/\/freddymorezon.org\/future-folk-stories-2-1\/","name":"FUTURE FOLK STORIES 2 + une | Freddy Morezon","isPartOf":{"@id":"https:\/\/freddymorezon.org\/#website"},"primaryImageOfPage":{"@id":"https:\/\/freddymorezon.org\/future-folk-stories-2-1\/#primaryimage"},"image":{"@id":"https:\/\/freddymorezon.org\/future-folk-stories-2-1\/#primaryimage"},"thumbnailUrl":"https:\/\/freddymorezon.org\/wp-content\/uploads\/2024\/06\/FFS-21-visuel-.jpg","datePublished":"2024-06-12T09:39:07+00:00","dateModified":"2025-12-03T17:13:03+00:00","description":"Future Folk Stories 2 + 1 : une installation polyphonique dans un \u00e9crin instrumental et \u00e9lectronique avec R Fincker M Wercowski et un\u00b7e invit\u00e9\u00b7e du territoire.","breadcrumb":{"@id":"https:\/\/freddymorezon.org\/future-folk-stories-2-1\/#breadcrumb"},"inLanguage":"en-US","potentialAction":[{"@type":"ReadAction","target":["https:\/\/freddymorezon.org\/future-folk-stories-2-1\/"]}]},{"@type":"ImageObject","inLanguage":"en-US","@id":"https:\/\/freddymorezon.org\/future-folk-stories-2-1\/#primaryimage","url":"https:\/\/freddymorezon.org\/wp-content\/uploads\/2024\/06\/FFS-21-visuel-.jpg","contentUrl":"https:\/\/freddymorezon.org\/wp-content\/uploads\/2024\/06\/FFS-21-visuel-.jpg","width":1995,"height":1582},{"@type":"BreadcrumbList","@id":"https:\/\/freddymorezon.org\/future-folk-stories-2-1\/#breadcrumb","itemListElement":[{"@type":"ListItem","position":1,"name":"Accueil","item":"https:\/\/freddymorezon.org\/"},{"@type":"ListItem","position":2,"name":"FUTURE FOLK STORIES 2 + une"}]},{"@type":"WebSite","@id":"https:\/\/freddymorezon.org\/#website","url":"https:\/\/freddymorezon.org\/","name":"Freddy Morezon","description":"jazz - musique improvis\u00e9e - esth\u00e9tiques plurielles","publisher":{"@id":"https:\/\/freddymorezon.org\/#organization"},"potentialAction":[{"@type":"SearchAction","target":{"@type":"EntryPoint","urlTemplate":"https:\/\/freddymorezon.org\/?s={search_term_string}"},"query-input":{"@type":"PropertyValueSpecification","valueRequired":true,"valueName":"search_term_string"}}],"inLanguage":"en-US"},{"@type":"Organization","@id":"https:\/\/freddymorezon.org\/#organization","name":"Association Freddy Morezon","url":"https:\/\/freddymorezon.org\/","logo":{"@type":"ImageObject","inLanguage":"en-US","@id":"https:\/\/freddymorezon.org\/#\/schema\/logo\/image\/","url":"https:\/\/freddymorezon.org\/wp-content\/uploads\/2016\/02\/mini-logo-header-site2.jpg","contentUrl":"https:\/\/freddymorezon.org\/wp-content\/uploads\/2016\/02\/mini-logo-header-site2.jpg","width":234,"height":174,"caption":"Association Freddy Morezon"},"image":{"@id":"https:\/\/freddymorezon.org\/#\/schema\/logo\/image\/"},"sameAs":["https:\/\/www.facebook.com\/freddy.morezon\/","https:\/\/www.instagram.com\/freddymorezon\/","https:\/\/www.youtube.com\/user\/freddymorezon","https:\/\/fr.linkedin.com\/company\/freddy-morezon-p.r.o.d."]}]}},"_links":{"self":[{"href":"https:\/\/freddymorezon.org\/en\/wp-json\/wp\/v2\/pages\/20160","targetHints":{"allow":["GET"]}}],"collection":[{"href":"https:\/\/freddymorezon.org\/en\/wp-json\/wp\/v2\/pages"}],"about":[{"href":"https:\/\/freddymorezon.org\/en\/wp-json\/wp\/v2\/types\/page"}],"author":[{"embeddable":true,"href":"https:\/\/freddymorezon.org\/en\/wp-json\/wp\/v2\/users\/1"}],"replies":[{"embeddable":true,"href":"https:\/\/freddymorezon.org\/en\/wp-json\/wp\/v2\/comments?post=20160"}],"version-history":[{"count":31,"href":"https:\/\/freddymorezon.org\/en\/wp-json\/wp\/v2\/pages\/20160\/revisions"}],"predecessor-version":[{"id":24523,"href":"https:\/\/freddymorezon.org\/en\/wp-json\/wp\/v2\/pages\/20160\/revisions\/24523"}],"wp:featuredmedia":[{"embeddable":true,"href":"https:\/\/freddymorezon.org\/en\/wp-json\/wp\/v2\/media\/20161"}],"wp:attachment":[{"href":"https:\/\/freddymorezon.org\/en\/wp-json\/wp\/v2\/media?parent=20160"}],"wp:term":[{"taxonomy":"category","embeddable":true,"href":"https:\/\/freddymorezon.org\/en\/wp-json\/wp\/v2\/categories?post=20160"},{"taxonomy":"post_tag","embeddable":true,"href":"https:\/\/freddymorezon.org\/en\/wp-json\/wp\/v2\/tags?post=20160"}],"curies":[{"name":"wp","href":"https:\/\/api.w.org\/{rel}","templated":true}]}}