
{"id":20314,"date":"2024-06-14T08:25:44","date_gmt":"2024-06-14T07:25:44","guid":{"rendered":"https:\/\/freddymorezon.org\/?page_id=20314"},"modified":"2025-09-18T15:30:53","modified_gmt":"2025-09-18T13:30:53","slug":"lupercales-1","status":"publish","type":"page","link":"https:\/\/freddymorezon.org\/en\/label\/lupercales-1\/","title":{"rendered":"lupercales \/1"},"content":{"rendered":"<div id=\"pl-20314\"  class=\"panel-layout\" ><div id=\"pg-20314-0\"  class=\"panel-grid panel-no-style\" ><div id=\"pgc-20314-0-0\"  class=\"panel-grid-cell\" ><div id=\"panel-20314-0-0-0\" class=\"so-panel widget widget_sow-image panel-first-child\" data-index=\"0\" ><div\n\t\t\t\n\t\t\tclass=\"so-widget-sow-image so-widget-sow-image-default-8b5b6f678277-20314\"\n\t\t\t\n\t\t>\n<div class=\"sow-image-container\">\n\t\t<img \n\tsrc=\"https:\/\/freddymorezon.org\/wp-content\/uploads\/2024\/04\/pochette_lupercale_carre-400x400.jpg\" width=\"400\" height=\"400\" srcset=\"https:\/\/freddymorezon.org\/wp-content\/uploads\/2024\/04\/pochette_lupercale_carre-400x400.jpg 400w, https:\/\/freddymorezon.org\/wp-content\/uploads\/2024\/04\/pochette_lupercale_carre-150x150.jpg 150w, https:\/\/freddymorezon.org\/wp-content\/uploads\/2024\/04\/pochette_lupercale_carre-100x100.jpg 100w, https:\/\/freddymorezon.org\/wp-content\/uploads\/2024\/04\/pochette_lupercale_carre-300x300.jpg 300w\" sizes=\"(max-width: 400px) 100vw, 400px\" title=\"lupercales \/1\" alt=\"lupercales \/1\" \t\tclass=\"so-widget-image\"\/>\n\t<\/div>\n\n<\/div><\/div><div id=\"panel-20314-0-0-1\" class=\"so-panel widget widget_sow-editor\" data-index=\"1\" ><div\n\t\t\t\n\t\t\tclass=\"so-widget-sow-editor so-widget-sow-editor-base\"\n\t\t\t\n\t\t>\n<div class=\"siteorigin-widget-tinymce textwidget\">\n\t<div class=\"commande-album\" style=\"text-align: left;\">\n<div class=\"ajout-panier woocommerce add_to_cart_inline\">\n<h3>Commander<\/h3>\n<h4>CD<\/h4>\n<p class=\"product woocommerce add_to_cart_inline \" style=\"border: 4px solid #cccccc; padding: 12px;\"><span class=\"woocommerce-Price-amount amount\"><bdi>12,00<span class=\"woocommerce-Price-currencySymbol\">\u20ac<\/span><\/bdi><\/span><\/p>\n<p class=\"product woocommerce add_to_cart_inline \" style=\"border: 4px solid #cccccc; padding: 12px;\"><a class=\"button product_type_simple add_to_cart_button ajax_add_to_cart\" href=\"?add-to-cart=20324 \" rel=\"nofollow\" aria-describedby=\"woocommerce_loop_add_to_cart_link_describedby_18934 \" data-quantity=\"1\" data-product_id=\"20324 \" data-product_sku=\"\" aria-label=\"Ajouter au panier : \u201clupercales \/1 CD\u201d\" data-success_message=\"\u00ab lupercales \/1 - CD \u00bb a \u00e9t\u00e9 ajout\u00e9 \u00e0 votre panier\">Ajouter au panier<\/a><br \/>\n<span id=\"woocommerce_loop_add_to_cart_link_describedby_18934 \" class=\"screen-reader-text\"><br \/>\n<\/span><\/p>\n<\/div>\n<\/div>\n<\/div>\n<\/div><\/div><div id=\"panel-20314-0-0-2\" class=\"so-panel widget widget_sow-editor\" data-index=\"2\" ><div\n\t\t\t\n\t\t\tclass=\"so-widget-sow-editor so-widget-sow-editor-base\"\n\t\t\t\n\t\t>\n<div class=\"siteorigin-widget-tinymce textwidget\">\n\t<p><iframe style=\"border: 0; width: 100%; height: 340px;\" src=\"https:\/\/bandcamp.com\/EmbeddedPlayer\/album=2418189337\/size=large\/bgcol=ffffff\/linkcol=0687f5\/artwork=none\/transparent=true\/\" seamless><a href=\"https:\/\/mrmorezon.bandcamp.com\/album\/lupercales-1\">lupercales \/1 by Christine Wodrascka<\/a><\/iframe><\/p>\n<\/div>\n<\/div><\/div><div id=\"panel-20314-0-0-3\" class=\"so-panel widget widget_sow-editor\" data-index=\"3\" ><div\n\t\t\t\n\t\t\tclass=\"so-widget-sow-editor so-widget-sow-editor-base\"\n\t\t\t\n\t\t>\n<div class=\"siteorigin-widget-tinymce textwidget\">\n\t<h3>Line-up<\/h3>\n<p><strong>Christine Wodrascka<\/strong> piano<br \/>\n<strong>Didier Lasserre<\/strong> batterie<\/p>\n<\/div>\n<\/div><\/div><div id=\"panel-20314-0-0-4\" class=\"so-panel widget widget_sow-headline\" data-index=\"4\" ><div\n\t\t\t\n\t\t\tclass=\"so-widget-sow-headline so-widget-sow-headline-default-7f8f2d03a0dd-20314\"\n\t\t\t\n\t\t><div class=\"sow-headline-container \">\n\t\t\t\t\t\t<div class=\"decoration\">\n\t\t\t\t\t\t<div class=\"decoration-inside\"><\/div>\n\t\t\t\t\t<\/div>\n\t\t\t\t\t<\/div>\n<\/div><\/div><div id=\"panel-20314-0-0-5\" class=\"so-panel widget widget_sow-editor panel-last-child\" data-index=\"5\" ><div\n\t\t\t\n\t\t\tclass=\"so-widget-sow-editor so-widget-sow-editor-base\"\n\t\t\t\n\t\t>\n<div class=\"siteorigin-widget-tinymce textwidget\">\n\t<h3>Links<\/h3>\n<ul>\n \t<i class=\"fa fa-chevron-right fa-2x\"><\/i> <a href=\"https:\/\/freddymorezon.org\/productions\/lupercales\/\" target=\"_blank\" rel=\"noopener\">lupercales<\/a><br \/>\n<i class=\"fa fa-chevron-right fa-2x\"><\/i> <a href=\"https:\/\/freddymorezon.org\/artistes\/christine-wodrascka\/\">Christine Wodrascka<\/a><br \/>\n <i class=\"fa fa-chevron-right fa-2x\"><\/i> <a href=\"https:\/\/didierlasserre.wordpress.com\/\">Didier Lasserre<\/a>\n<\/ul>\n<\/div>\n<\/div><\/div><\/div><div id=\"pgc-20314-0-1\"  class=\"panel-grid-cell\" ><div id=\"panel-20314-0-1-0\" class=\"so-panel widget widget_sow-headline panel-first-child\" data-index=\"6\" ><div\n\t\t\t\n\t\t\tclass=\"so-widget-sow-headline so-widget-sow-headline-default-c8fa18c4903e-20314\"\n\t\t\t\n\t\t><div class=\"sow-headline-container \">\n\t\t\t\t\t\t\t<h2 class=\"sow-headline\">\n\t\t\t\t\t\tLupercales \/1\t\t\t\t\t\t<\/h2>\n\t\t\t\t\t\t\t\t\t\t\t\t<h3 class=\"sow-sub-headline\">\n\t\t\t\t\t\tMr Morezon 034 \u23ae 14 juin 2024\t\t\t\t\t\t<\/h3>\n\t\t\t\t\t\t\t\t\t\t\t<div class=\"decoration\">\n\t\t\t\t\t\t<div class=\"decoration-inside\"><\/div>\n\t\t\t\t\t<\/div>\n\t\t\t\t\t<\/div>\n<\/div><\/div><div id=\"panel-20314-0-1-1\" class=\"so-panel widget widget_sow-editor\" data-index=\"7\" ><div\n\t\t\t\n\t\t\tclass=\"so-widget-sow-editor so-widget-sow-editor-base\"\n\t\t\t\n\t\t>\n<div class=\"siteorigin-widget-tinymce textwidget\">\n\t<p>D'une partition invisible, feuille de papier millim\u00e9tr\u00e9e noircie, trou\u00e9e, stri\u00e9e,<br \/>\nd'un canevas de rythmes pens\u00e9s par trois en points serr\u00e9s,<br \/>\nd'une harmonie d'un seul trait, en pur jailli,<br \/>\nChristine Wodrascka\u00a0 &amp; Didier Lasserre jouent leur pr\u00e9sence dans le r\u00e9el, et le r\u00e9el de leur pr\u00e9sence.<\/p>\n<p>Free ? Bien s\u00fbr, ils ont pay\u00e9 leur tribut \u2026 \u00e0 l'Histoire, \u00e0 ce que l'on appelle la m\u00e9moire, et \u00e0 l'attente aussi.<br \/>\nMais ne vous y trompez pas : plus qu'une simple issue, il est bien question, ici, de libert\u00e9.<\/p>\n<p>Denis Cointe travaille actuellement \u00e0 l'\u00e9criture d'un film documentaire sur la musique improvis\u00e9e et tout particuli\u00e8rement aupr\u00e8s de Didier Lasserre et de Christine Wodrascka. Il sera produit par l'Atelier documentaire.<br \/>\n<a href=\"https:\/\/www.atelier-documentaire.fr\/films\/east-river\">+ d'infos<\/a><\/p>\n<\/div>\n<\/div><\/div><div id=\"panel-20314-0-1-2\" class=\"so-panel widget widget_sow-editor panel-last-child\" data-index=\"8\" ><div\n\t\t\t\n\t\t\tclass=\"so-widget-sow-editor so-widget-sow-editor-base\"\n\t\t\t\n\t\t>\n<div class=\"siteorigin-widget-tinymce textwidget\">\n\t<p><iframe loading=\"lazy\" title=\"Lupercales Le Vent Des Signes\" width=\"790\" height=\"444\" src=\"https:\/\/www.youtube.com\/embed\/nac9YYct5KU?feature=oembed\" frameborder=\"0\" allow=\"accelerometer; autoplay; clipboard-write; encrypted-media; gyroscope; picture-in-picture; web-share\" referrerpolicy=\"strict-origin-when-cross-origin\" allowfullscreen><\/iframe><\/p>\n<\/div>\n<\/div><\/div><\/div><\/div><\/div>","protected":false},"excerpt":{"rendered":"<p>June 2024<\/p>\n","protected":false},"author":1,"featured_media":19731,"parent":140,"menu_order":0,"comment_status":"closed","ping_status":"closed","template":"page-templates\/full-width.php","meta":{"om_disable_all_campaigns":false,"_monsterinsights_skip_tracking":false,"_monsterinsights_sitenote_active":false,"_monsterinsights_sitenote_note":"","_monsterinsights_sitenote_category":0,"_uf_show_specific_survey":0,"_uf_disable_surveys":false,"footnotes":""},"categories":[101,1187,1174],"tags":[],"class_list":["post-20314","page","type-page","status-publish","has-post-thumbnail","hentry","category-discographie","category-lupercales","category-page-label"],"aioseo_notices":[],"yoast_head":"<!-- This site is optimized with the Yoast SEO plugin v27.3 - https:\/\/yoast.com\/product\/yoast-seo-wordpress\/ -->\n<title>lupercales \/1 | Freddy Morezon<\/title>\n<meta name=\"description\" content=\"lupercales \/1 est le premier album qui r\u00e9unit en duo Christine Wodrascka et Didier Lasserre. Album paru chez Mr Morezon en juin 2024.\" \/>\n<meta name=\"robots\" content=\"index, follow, max-snippet:-1, max-image-preview:large, max-video-preview:-1\" \/>\n<link rel=\"canonical\" href=\"https:\/\/freddymorezon.org\/label\/lupercales-1\/\" \/>\n<meta property=\"og:locale\" content=\"en_US\" \/>\n<meta property=\"og:type\" content=\"article\" \/>\n<meta property=\"og:title\" content=\"lupercales \/1 | Freddy Morezon\" \/>\n<meta property=\"og:description\" content=\"lupercales \/1 est le premier album qui r\u00e9unit en duo Christine Wodrascka et Didier Lasserre. Album paru chez Mr Morezon en juin 2024.\" \/>\n<meta property=\"og:url\" content=\"https:\/\/freddymorezon.org\/label\/lupercales-1\/\" \/>\n<meta property=\"og:site_name\" content=\"Freddy Morezon\" \/>\n<meta property=\"article:publisher\" content=\"https:\/\/www.facebook.com\/freddy.morezon\/\" \/>\n<meta property=\"article:modified_time\" content=\"2025-09-18T13:30:53+00:00\" \/>\n<meta property=\"og:image\" content=\"https:\/\/freddymorezon.org\/wp-content\/uploads\/2024\/04\/pochette_lupercale_carre.jpg\" \/>\n\t<meta property=\"og:image:width\" content=\"837\" \/>\n\t<meta property=\"og:image:height\" content=\"756\" \/>\n\t<meta property=\"og:image:type\" content=\"image\/jpeg\" \/>\n<meta name=\"twitter:card\" content=\"summary_large_image\" \/>\n<script type=\"application\/ld+json\" class=\"yoast-schema-graph\">{\"@context\":\"https:\\\/\\\/schema.org\",\"@graph\":[{\"@type\":\"WebPage\",\"@id\":\"https:\\\/\\\/freddymorezon.org\\\/label\\\/lupercales-1\\\/\",\"url\":\"https:\\\/\\\/freddymorezon.org\\\/label\\\/lupercales-1\\\/\",\"name\":\"lupercales \\\/1 | Freddy Morezon\",\"isPartOf\":{\"@id\":\"https:\\\/\\\/freddymorezon.org\\\/#website\"},\"primaryImageOfPage\":{\"@id\":\"https:\\\/\\\/freddymorezon.org\\\/label\\\/lupercales-1\\\/#primaryimage\"},\"image\":{\"@id\":\"https:\\\/\\\/freddymorezon.org\\\/label\\\/lupercales-1\\\/#primaryimage\"},\"thumbnailUrl\":\"https:\\\/\\\/freddymorezon.org\\\/wp-content\\\/uploads\\\/2024\\\/04\\\/pochette_lupercale_carre.jpg\",\"datePublished\":\"2024-06-14T07:25:44+00:00\",\"dateModified\":\"2025-09-18T13:30:53+00:00\",\"description\":\"lupercales \\\/1 est le premier album qui r\u00e9unit en duo Christine Wodrascka et Didier Lasserre. Album paru chez Mr Morezon en juin 2024.\",\"breadcrumb\":{\"@id\":\"https:\\\/\\\/freddymorezon.org\\\/label\\\/lupercales-1\\\/#breadcrumb\"},\"inLanguage\":\"en-US\",\"potentialAction\":[{\"@type\":\"ReadAction\",\"target\":[\"https:\\\/\\\/freddymorezon.org\\\/label\\\/lupercales-1\\\/\"]}]},{\"@type\":\"ImageObject\",\"inLanguage\":\"en-US\",\"@id\":\"https:\\\/\\\/freddymorezon.org\\\/label\\\/lupercales-1\\\/#primaryimage\",\"url\":\"https:\\\/\\\/freddymorezon.org\\\/wp-content\\\/uploads\\\/2024\\\/04\\\/pochette_lupercale_carre.jpg\",\"contentUrl\":\"https:\\\/\\\/freddymorezon.org\\\/wp-content\\\/uploads\\\/2024\\\/04\\\/pochette_lupercale_carre.jpg\",\"width\":837,\"height\":756},{\"@type\":\"BreadcrumbList\",\"@id\":\"https:\\\/\\\/freddymorezon.org\\\/label\\\/lupercales-1\\\/#breadcrumb\",\"itemListElement\":[{\"@type\":\"ListItem\",\"position\":1,\"name\":\"Accueil\",\"item\":\"https:\\\/\\\/freddymorezon.org\\\/\"},{\"@type\":\"ListItem\",\"position\":2,\"name\":\"Label\",\"item\":\"https:\\\/\\\/freddymorezon.org\\\/label\\\/\"},{\"@type\":\"ListItem\",\"position\":3,\"name\":\"lupercales \\\/1\"}]},{\"@type\":\"WebSite\",\"@id\":\"https:\\\/\\\/freddymorezon.org\\\/#website\",\"url\":\"https:\\\/\\\/freddymorezon.org\\\/\",\"name\":\"Freddy Morezon\",\"description\":\"jazz - musique improvis\u00e9e - esth\u00e9tiques plurielles\",\"publisher\":{\"@id\":\"https:\\\/\\\/freddymorezon.org\\\/#organization\"},\"potentialAction\":[{\"@type\":\"SearchAction\",\"target\":{\"@type\":\"EntryPoint\",\"urlTemplate\":\"https:\\\/\\\/freddymorezon.org\\\/?s={search_term_string}\"},\"query-input\":{\"@type\":\"PropertyValueSpecification\",\"valueRequired\":true,\"valueName\":\"search_term_string\"}}],\"inLanguage\":\"en-US\"},{\"@type\":\"Organization\",\"@id\":\"https:\\\/\\\/freddymorezon.org\\\/#organization\",\"name\":\"Association Freddy Morezon\",\"url\":\"https:\\\/\\\/freddymorezon.org\\\/\",\"logo\":{\"@type\":\"ImageObject\",\"inLanguage\":\"en-US\",\"@id\":\"https:\\\/\\\/freddymorezon.org\\\/#\\\/schema\\\/logo\\\/image\\\/\",\"url\":\"https:\\\/\\\/freddymorezon.org\\\/wp-content\\\/uploads\\\/2016\\\/02\\\/mini-logo-header-site2.jpg\",\"contentUrl\":\"https:\\\/\\\/freddymorezon.org\\\/wp-content\\\/uploads\\\/2016\\\/02\\\/mini-logo-header-site2.jpg\",\"width\":234,\"height\":174,\"caption\":\"Association Freddy Morezon\"},\"image\":{\"@id\":\"https:\\\/\\\/freddymorezon.org\\\/#\\\/schema\\\/logo\\\/image\\\/\"},\"sameAs\":[\"https:\\\/\\\/www.facebook.com\\\/freddy.morezon\\\/\",\"https:\\\/\\\/www.instagram.com\\\/freddymorezon\\\/\",\"https:\\\/\\\/www.youtube.com\\\/user\\\/freddymorezon\",\"https:\\\/\\\/fr.linkedin.com\\\/company\\\/freddy-morezon-p.r.o.d.\"]}]}<\/script>\n<!-- \/ Yoast SEO plugin. -->","yoast_head_json":{"title":"lupercales \/1 | Freddy Morezon","description":"lupercales \/1 est le premier album qui r\u00e9unit en duo Christine Wodrascka et Didier Lasserre. Album paru chez Mr Morezon en juin 2024.","robots":{"index":"index","follow":"follow","max-snippet":"max-snippet:-1","max-image-preview":"max-image-preview:large","max-video-preview":"max-video-preview:-1"},"canonical":"https:\/\/freddymorezon.org\/label\/lupercales-1\/","og_locale":"en_US","og_type":"article","og_title":"lupercales \/1 | Freddy Morezon","og_description":"lupercales \/1 est le premier album qui r\u00e9unit en duo Christine Wodrascka et Didier Lasserre. Album paru chez Mr Morezon en juin 2024.","og_url":"https:\/\/freddymorezon.org\/label\/lupercales-1\/","og_site_name":"Freddy Morezon","article_publisher":"https:\/\/www.facebook.com\/freddy.morezon\/","article_modified_time":"2025-09-18T13:30:53+00:00","og_image":[{"width":837,"height":756,"url":"https:\/\/freddymorezon.org\/wp-content\/uploads\/2024\/04\/pochette_lupercale_carre.jpg","type":"image\/jpeg"}],"twitter_card":"summary_large_image","schema":{"@context":"https:\/\/schema.org","@graph":[{"@type":"WebPage","@id":"https:\/\/freddymorezon.org\/label\/lupercales-1\/","url":"https:\/\/freddymorezon.org\/label\/lupercales-1\/","name":"lupercales \/1 | Freddy Morezon","isPartOf":{"@id":"https:\/\/freddymorezon.org\/#website"},"primaryImageOfPage":{"@id":"https:\/\/freddymorezon.org\/label\/lupercales-1\/#primaryimage"},"image":{"@id":"https:\/\/freddymorezon.org\/label\/lupercales-1\/#primaryimage"},"thumbnailUrl":"https:\/\/freddymorezon.org\/wp-content\/uploads\/2024\/04\/pochette_lupercale_carre.jpg","datePublished":"2024-06-14T07:25:44+00:00","dateModified":"2025-09-18T13:30:53+00:00","description":"lupercales \/1 est le premier album qui r\u00e9unit en duo Christine Wodrascka et Didier Lasserre. Album paru chez Mr Morezon en juin 2024.","breadcrumb":{"@id":"https:\/\/freddymorezon.org\/label\/lupercales-1\/#breadcrumb"},"inLanguage":"en-US","potentialAction":[{"@type":"ReadAction","target":["https:\/\/freddymorezon.org\/label\/lupercales-1\/"]}]},{"@type":"ImageObject","inLanguage":"en-US","@id":"https:\/\/freddymorezon.org\/label\/lupercales-1\/#primaryimage","url":"https:\/\/freddymorezon.org\/wp-content\/uploads\/2024\/04\/pochette_lupercale_carre.jpg","contentUrl":"https:\/\/freddymorezon.org\/wp-content\/uploads\/2024\/04\/pochette_lupercale_carre.jpg","width":837,"height":756},{"@type":"BreadcrumbList","@id":"https:\/\/freddymorezon.org\/label\/lupercales-1\/#breadcrumb","itemListElement":[{"@type":"ListItem","position":1,"name":"Accueil","item":"https:\/\/freddymorezon.org\/"},{"@type":"ListItem","position":2,"name":"Label","item":"https:\/\/freddymorezon.org\/label\/"},{"@type":"ListItem","position":3,"name":"lupercales \/1"}]},{"@type":"WebSite","@id":"https:\/\/freddymorezon.org\/#website","url":"https:\/\/freddymorezon.org\/","name":"Freddy Morezon","description":"jazz - musique improvis\u00e9e - esth\u00e9tiques plurielles","publisher":{"@id":"https:\/\/freddymorezon.org\/#organization"},"potentialAction":[{"@type":"SearchAction","target":{"@type":"EntryPoint","urlTemplate":"https:\/\/freddymorezon.org\/?s={search_term_string}"},"query-input":{"@type":"PropertyValueSpecification","valueRequired":true,"valueName":"search_term_string"}}],"inLanguage":"en-US"},{"@type":"Organization","@id":"https:\/\/freddymorezon.org\/#organization","name":"Association Freddy Morezon","url":"https:\/\/freddymorezon.org\/","logo":{"@type":"ImageObject","inLanguage":"en-US","@id":"https:\/\/freddymorezon.org\/#\/schema\/logo\/image\/","url":"https:\/\/freddymorezon.org\/wp-content\/uploads\/2016\/02\/mini-logo-header-site2.jpg","contentUrl":"https:\/\/freddymorezon.org\/wp-content\/uploads\/2016\/02\/mini-logo-header-site2.jpg","width":234,"height":174,"caption":"Association Freddy Morezon"},"image":{"@id":"https:\/\/freddymorezon.org\/#\/schema\/logo\/image\/"},"sameAs":["https:\/\/www.facebook.com\/freddy.morezon\/","https:\/\/www.instagram.com\/freddymorezon\/","https:\/\/www.youtube.com\/user\/freddymorezon","https:\/\/fr.linkedin.com\/company\/freddy-morezon-p.r.o.d."]}]}},"_links":{"self":[{"href":"https:\/\/freddymorezon.org\/en\/wp-json\/wp\/v2\/pages\/20314","targetHints":{"allow":["GET"]}}],"collection":[{"href":"https:\/\/freddymorezon.org\/en\/wp-json\/wp\/v2\/pages"}],"about":[{"href":"https:\/\/freddymorezon.org\/en\/wp-json\/wp\/v2\/types\/page"}],"author":[{"embeddable":true,"href":"https:\/\/freddymorezon.org\/en\/wp-json\/wp\/v2\/users\/1"}],"replies":[{"embeddable":true,"href":"https:\/\/freddymorezon.org\/en\/wp-json\/wp\/v2\/comments?post=20314"}],"version-history":[{"count":18,"href":"https:\/\/freddymorezon.org\/en\/wp-json\/wp\/v2\/pages\/20314\/revisions"}],"predecessor-version":[{"id":23428,"href":"https:\/\/freddymorezon.org\/en\/wp-json\/wp\/v2\/pages\/20314\/revisions\/23428"}],"up":[{"embeddable":true,"href":"https:\/\/freddymorezon.org\/en\/wp-json\/wp\/v2\/pages\/140"}],"wp:featuredmedia":[{"embeddable":true,"href":"https:\/\/freddymorezon.org\/en\/wp-json\/wp\/v2\/media\/19731"}],"wp:attachment":[{"href":"https:\/\/freddymorezon.org\/en\/wp-json\/wp\/v2\/media?parent=20314"}],"wp:term":[{"taxonomy":"category","embeddable":true,"href":"https:\/\/freddymorezon.org\/en\/wp-json\/wp\/v2\/categories?post=20314"},{"taxonomy":"post_tag","embeddable":true,"href":"https:\/\/freddymorezon.org\/en\/wp-json\/wp\/v2\/tags?post=20314"}],"curies":[{"name":"wp","href":"https:\/\/api.w.org\/{rel}","templated":true}]}}