
{"id":20460,"date":"2024-07-16T15:03:39","date_gmt":"2024-07-16T14:03:39","guid":{"rendered":"https:\/\/freddymorezon.org\/?page_id=20460"},"modified":"2025-04-23T13:56:30","modified_gmt":"2025-04-23T11:56:30","slug":"mortelle-randonnee-x-aquaserge","status":"publish","type":"page","link":"https:\/\/freddymorezon.org\/en\/nos-evenements\/mortelle-randonnee-x-aquaserge\/","title":{"rendered":"09.10.2024 \/\/ Mortelle Randonn\u00e9e x Aquaserge"},"content":{"rendered":"<div id=\"pl-20460\"  class=\"panel-layout\" ><div id=\"pg-20460-0\"  class=\"panel-grid panel-no-style\" ><div id=\"pgc-20460-0-0\"  class=\"panel-grid-cell\" ><div id=\"panel-20460-0-0-0\" class=\"so-panel widget widget_sow-image panel-first-child\" data-index=\"0\" ><div\n\t\t\t\n\t\t\tclass=\"so-widget-sow-image so-widget-sow-image-default-8b5b6f678277-20460\"\n\t\t\t\n\t\t>\n<div class=\"sow-image-container\">\n\t\t<img \n\tsrc=\"https:\/\/freddymorezon.org\/wp-content\/uploads\/2024\/07\/carre-festik-600-x-600-V2.png\" width=\"600\" height=\"600\" srcset=\"https:\/\/freddymorezon.org\/wp-content\/uploads\/2024\/07\/carre-festik-600-x-600-V2.png 600w, https:\/\/freddymorezon.org\/wp-content\/uploads\/2024\/07\/carre-festik-600-x-600-V2-150x150.png 150w, https:\/\/freddymorezon.org\/wp-content\/uploads\/2024\/07\/carre-festik-600-x-600-V2-400x400.png 400w, https:\/\/freddymorezon.org\/wp-content\/uploads\/2024\/07\/carre-festik-600-x-600-V2-100x100.png 100w, https:\/\/freddymorezon.org\/wp-content\/uploads\/2024\/07\/carre-festik-600-x-600-V2-300x300.png 300w\" sizes=\"(max-width: 600px) 100vw, 600px\" title=\"carre festik 600 x 600 V2\" alt=\"\" \t\tclass=\"so-widget-image\"\/>\n\t<\/div>\n\n<\/div><\/div><div id=\"panel-20460-0-0-1\" class=\"so-panel widget widget_sow-headline\" data-index=\"1\" ><div\n\t\t\t\n\t\t\tclass=\"so-widget-sow-headline so-widget-sow-headline-default-a969b4b0ef85-20460\"\n\t\t\t\n\t\t><div class=\"sow-headline-container \">\n\t\t\t\t\t\t<div class=\"decoration\">\n\t\t\t\t\t\t<div class=\"decoration-inside\"><\/div>\n\t\t\t\t\t<\/div>\n\t\t\t\t\t<\/div>\n<\/div><\/div><div id=\"panel-20460-0-0-2\" class=\"so-panel widget widget_sow-editor\" data-index=\"2\" ><div\n\t\t\t\n\t\t\tclass=\"so-widget-sow-editor so-widget-sow-editor-base\"\n\t\t\t\n\t\t><h3 class=\"widget-title\">Infos pratiques<\/h3>\n<div class=\"siteorigin-widget-tinymce textwidget\">\n\t<p class=\"cvGsUA direction-ltr align-center para-style-body\"><span class=\"OYPEnA text-decoration-none text-strikethrough-none\"><strong>Mercredi 09 octobre 2024 \u23ae 20h<\/strong><br \/>\n<\/span><span class=\"OYPEnA text-decoration-none text-strikethrough-none\"><strong>Le Metronum<\/strong> - 2 rond-point Madame de Mondonville, Toulouse<br \/>\n<\/span><strong><span class=\"OYPEnA text-decoration-none text-strikethrough-none\">Tarifs<\/span><\/strong><span class=\"OYPEnA text-decoration-none text-strikethrough-none\"> sur place 19\u20ac \/ pr\u00e9vente 17\u20ac \/ r\u00e9duit* 13\u20ac<br \/>\n<\/span><em>*\u00e9tudiants, moins de 26 ans, demandeurs d\u2019emploi et b\u00e9n\u00e9ficiaires des revenus minima<br \/>\n<\/em>Dans le cadre du festival Jazz sur son 31<em><br \/>\n<\/em><\/p>\n<\/div>\n<\/div><\/div><div id=\"panel-20460-0-0-3\" class=\"so-panel widget widget_sow-button\" data-index=\"3\" ><div\n\t\t\t\n\t\t\tclass=\"so-widget-sow-button so-widget-sow-button-flat-a657a074bb6d-20460\"\n\t\t\t\n\t\t><div class=\"ow-button-base ow-button-align-left\"\n>\n\t\t\t<a\n\t\t\t\t\thref=\"https:\/\/billetterie.festik.net\/freddymorezon\/product\/mortelle-randonnee-et-aquaserge\"\n\t\t\t\t\tclass=\"sowb-button ow-icon-placement-left ow-button-hover\" target=\"_blank\" rel=\"noopener noreferrer\" \t>\n\t\t<span>\n\t\t\t\n\t\t\tRESERVEZ ICI ! \t\t<\/span>\n\t\t\t<\/a>\n\t<\/div>\n<\/div><\/div><div id=\"panel-20460-0-0-4\" class=\"so-panel widget widget_sow-headline\" data-index=\"4\" ><div\n\t\t\t\n\t\t\tclass=\"so-widget-sow-headline so-widget-sow-headline-default-a969b4b0ef85-20460\"\n\t\t\t\n\t\t><div class=\"sow-headline-container \">\n\t\t\t\t\t\t<div class=\"decoration\">\n\t\t\t\t\t\t<div class=\"decoration-inside\"><\/div>\n\t\t\t\t\t<\/div>\n\t\t\t\t\t<\/div>\n<\/div><\/div><div id=\"panel-20460-0-0-5\" class=\"so-panel widget widget_sow-editor panel-last-child\" data-index=\"5\" ><div\n\t\t\t\n\t\t\tclass=\"so-widget-sow-editor so-widget-sow-editor-base\"\n\t\t\t\n\t\t><h3 class=\"widget-title\">Liens<\/h3>\n<div class=\"siteorigin-widget-tinymce textwidget\">\n\t<ul>\n<li><i class=\"fa fa-chevron-right fa-2x\"><\/i> <a href=\"https:\/\/freddymorezon.org\/productions\/mortelle-randonnee\/\">Mortelle Randonn\u00e9e<\/a><\/li>\n<li><i class=\"fa fa-chevron-right fa-2x\"><\/i> <a href=\"https:\/\/www.aquaserge.com\/\">Aquaserge<\/a><\/li>\n<\/ul>\n<p><i class=\"fa fa-folder fa-4x\"><\/i> <a title=\"pack presse\" href=\"https:\/\/fichiers.freddymorezon.org\/index.php\/s\/48A9QcnWPqzY2U2\" target=\"_blank\" rel=\"noopener noreferrer\">Pack presse<\/a><br \/>\n&nbsp;<\/p>\n<\/div>\n<\/div><\/div><\/div><div id=\"pgc-20460-0-1\"  class=\"panel-grid-cell\" ><div id=\"panel-20460-0-1-0\" class=\"so-panel widget widget_sow-headline panel-first-child\" data-index=\"6\" ><div\n\t\t\t\n\t\t\tclass=\"so-widget-sow-headline so-widget-sow-headline-default-508968b69ea9-20460\"\n\t\t\t\n\t\t><div class=\"sow-headline-container \">\n\t\t\t\t\t\t\t<h2 class=\"sow-headline\">\n\t\t\t\t\t\tMortelle Randonn\u00e9e x Aquaserge\t\t\t\t\t\t<\/h2>\n\t\t\t\t\t\t\t\t\t\t\t<div class=\"decoration\">\n\t\t\t\t\t\t<div class=\"decoration-inside\"><\/div>\n\t\t\t\t\t<\/div>\n\t\t\t\t\t<\/div>\n<\/div><\/div><div id=\"panel-20460-0-1-1\" class=\"so-panel widget widget_sow-editor\" data-index=\"7\" ><div\n\t\t\t\n\t\t\tclass=\"so-widget-sow-editor so-widget-sow-editor-base\"\n\t\t\t\n\t\t>\n<div class=\"siteorigin-widget-tinymce textwidget\">\n\t<p><strong><span class=\"OYPEnA text-decoration-none text-strikethrough-none\">Le mercredi 9 octobre prochain, Freddy Morezon pr\u00e9sente une soir\u00e9e in\u00e9dite avec un plateau double \u00e0 l\u2019occasion du festival Jazz sur son 31. Aquaserge et Mortelle Randonn\u00e9e : deux groupes qui explosent les fronti\u00e8res de la pop avant-gardiste, du rock psych\u00e9d\u00e9lique et du jazz d\u00e9jant\u00e9. Hautement recommand\u00e9, terriblement excitant : une double release-party exceptionnelle au Metronum !<\/span><\/strong><\/p>\n<p class=\"cvGsUA direction-ltr align-justify para-style-body\"><span class=\"OYPEnA text-decoration-none text-strikethrough-none\">Ces deux projets aux parcours crois\u00e9s sortent la m\u00eame ann\u00e9e un album. <\/span><span class=\"OYPEnA text-decoration-none text-strikethrough-none\">Cette soir\u00e9e au Metronum sera l\u2019occasion de f\u00eater ces sorties de disques :<br \/>\n<\/span><span class=\"OYPEnA text-decoration-none text-strikethrough-none\">Mortelle Randonn\u00e9e - \u201c La reine uphone \u201c <\/span><span class=\"OYPEnA text-decoration-none text-strikethrough-none\">\u00e0 para\u00eetre le 4 octobre 2024 chez Unifaun Productions \/ Dark Companion<br \/>\n<\/span><span class=\"OYPEnA text-decoration-none text-strikethrough-none\">Aquaserge - \u201c La fin de l\u2019\u00e9conomie \u201c <\/span><span class=\"OYPEnA text-decoration-none text-strikethrough-none\">paru chez Crammed Discs \/ Pias<\/span><\/p>\n<p class=\"cvGsUA direction-ltr align-center para-style-body\"><em><strong><span class=\"OYPEnA text-decoration-none text-strikethrough-none\">Une coproduction <\/span><span class=\"OYPEnA text-decoration-none text-strikethrough-none\">Freddy Morezon<\/span><span class=\"OYPEnA text-decoration-none text-strikethrough-none\"> et <\/span><span class=\"OYPEnA text-decoration-none text-strikethrough-none\">Aquaserge<br \/>\n<\/span><span class=\"OYPEnA text-decoration-none text-strikethrough-none\">pr\u00e9sent\u00e9e dans le cadre du <\/span><span class=\"OYPEnA text-decoration-none text-strikethrough-none\">Festival Jazz sur son 31<br \/>\n<\/span><span class=\"OYPEnA text-decoration-none text-strikethrough-none\">en partenariat avec le D\u00e9partement de la <\/span><span class=\"OYPEnA text-decoration-none text-strikethrough-none\">Haute-Garonne<\/span><span class=\"OYPEnA text-decoration-none text-strikethrough-none\"> et <\/span><span class=\"OYPEnA text-decoration-none text-strikethrough-none\">Le Metronum<\/span><\/strong><\/em><\/p>\n<\/div>\n<\/div><\/div><div id=\"panel-20460-0-1-2\" class=\"so-panel widget widget_sow-image\" data-index=\"8\" ><div\n\t\t\t\n\t\t\tclass=\"so-widget-sow-image so-widget-sow-image-default-8b5b6f678277-20460\"\n\t\t\t\n\t\t>\n<div class=\"sow-image-container\">\n\t\t<img \n\tsrc=\"https:\/\/freddymorezon.org\/wp-content\/uploads\/2024\/07\/mortelle-randonnee-WEB-MichelMahandran-1240x560.jpg\" width=\"1240\" height=\"560\" sizes=\"(max-width: 1240px) 100vw, 1240px\" alt=\"\" \t\tclass=\"so-widget-image\"\/>\n\t<\/div>\n\n<\/div><\/div><div id=\"panel-20460-0-1-3\" class=\"so-panel widget widget_sow-editor\" data-index=\"9\" ><div\n\t\t\t\n\t\t\tclass=\"so-widget-sow-editor so-widget-sow-editor-base\"\n\t\t\t\n\t\t><h3 class=\"widget-title\">Mortelle Randonn\u00e9e<\/h3>\n<div class=\"siteorigin-widget-tinymce textwidget\">\n\t<p class=\"cvGsUA direction-ltr align-justify para-style-body\"><span class=\"OYPEnA text-decoration-none text-strikethrough-none\">Mortelle Randonn\u00e9e <\/span><span class=\"OYPEnA text-decoration-none text-strikethrough-none\">se prom\u00e8ne chez la pianiste am\u00e9ricaine Carla Bley et son r\u00e9pertoire iconoclaste et hybride. Rock pataphysique, chansons avant-pop, jazz \u00e0 papa-maman, fanfare out-of-tune, entre v\u00e9n\u00e9ration et parodie. Quatre musiciens qui jouent tout \u00e0 la fois les instruments de la fanfare et du power trio, des instruments-jouets et quelques claviers pour r\u00e9inventer les arrangements fantasques de la compositrice d\u00e9c\u00e9d\u00e9e l\u2019an pass\u00e9. En un d\u00e9concertant m\u00e9lange des genres, ils prennent un malin plaisir \u00e0 sortir des sentiers balis\u00e9s et nous chahuter dans les hors-pistes.<\/span><\/p>\n<p class=\"cvGsUA direction-ltr align-justify para-style-body\"><span class=\"OYPEnA text-decoration-none text-strikethrough-none\">S\u00e9bastien Cirotteau<\/span><span class=\"OYPEnA text-decoration-none text-strikethrough-none\"> trompette, saxhorn alto, orgue, synth\u00e9tiseur, voix, appeau\u23ae<\/span><span class=\"OYPEnA text-decoration-none text-strikethrough-none\">Andy L\u00e9v\u00eaque<\/span><span class=\"OYPEnA text-decoration-none text-strikethrough-none\"> saxophone alto, basse, clavier, fl\u00fbte \u00e0 bec, voix, appeau\u23ae<\/span><span class=\"OYPEnA text-decoration-none text-strikethrough-none\">Benjamin Glibert<\/span><span class=\"OYPEnA text-decoration-none text-strikethrough-none\"> guitare \u00e9lectrique, basse, clavier, percussion, voix, appeau\u23ae<\/span><span class=\"OYPEnA text-decoration-none text-strikethrough-none\">Clem Thomas<\/span><span class=\"OYPEnA text-decoration-none text-strikethrough-none\"> batterie, glockenspiel, ukulele, voix, appeau<\/span><\/p>\n<\/div>\n<\/div><\/div><div id=\"panel-20460-0-1-4\" class=\"so-panel widget widget_sow-image\" data-index=\"10\" ><div\n\t\t\t\n\t\t\tclass=\"so-widget-sow-image so-widget-sow-image-default-8b5b6f678277-20460\"\n\t\t\t\n\t\t>\n<div class=\"sow-image-container\">\n\t\t<img \n\tsrc=\"https:\/\/freddymorezon.org\/wp-content\/uploads\/2024\/07\/Aquaserge-paysage-copie-1000x560.jpg\" width=\"1000\" height=\"560\" sizes=\"(max-width: 1000px) 100vw, 1000px\" title=\"Aquaserge paysage &#8211; copie\" alt=\"\" \t\tclass=\"so-widget-image\"\/>\n\t<\/div>\n\n<\/div><\/div><div id=\"panel-20460-0-1-5\" class=\"so-panel widget widget_sow-editor panel-last-child\" data-index=\"11\" ><div\n\t\t\t\n\t\t\tclass=\"so-widget-sow-editor so-widget-sow-editor-base\"\n\t\t\t\n\t\t><h3 class=\"widget-title\">Aquaserge<\/h3>\n<div class=\"siteorigin-widget-tinymce textwidget\">\n\t<p class=\"cvGsUA direction-ltr align-justify para-style-body\"><span class=\"OYPEnA text-decoration-none text-strikethrough-none\">Aquaserge <\/span><span class=\"OYPEnA text-decoration-none text-strikethrough-none\">nous revient avec \u00ab La fin de l\u2019\u00e9conomie \u00bb : un album r\u00e9solument rock, quoique stri\u00e9 d\u2019\u00e9lectronique, de chansons pop exp\u00e9rimentales et d\u2019archives sonores. On y croise les traces de l\u2019Oulipo, de Dada et du jazz libre, les fant\u00f4mes d\u2019Ennio Morricone, Walter Benjamin ou Duras, les ombres port\u00e9es de Brigitte Fontaine et Kim Gordon. M\u00e9langes audacieux et enthousiasmants dont le collectif Aquaserge est coutumier, depuis ses d\u00e9buts discographiques il y a une quinzaine d\u2019ann\u00e9es.<\/span><\/p>\n<p class=\"cvGsUA direction-ltr align-justify para-style-body\"><span class=\"OYPEnA text-decoration-none text-strikethrough-none\">Audrey Ginestet<\/span><span class=\"OYPEnA text-decoration-none text-strikethrough-none\"> chant, basse, guitare\u23ae<\/span><span class=\"OYPEnA text-decoration-none text-strikethrough-none\">Benjamin Glibert<\/span><span class=\"OYPEnA text-decoration-none text-strikethrough-none\"> chant, guitare, claviers\u23ae<\/span><span class=\"OYPEnA text-decoration-none text-strikethrough-none\">Olivier Kelchtermans<\/span><span class=\"OYPEnA text-decoration-none text-strikethrough-none\"> saxophones, claviers, chant\u23ae<\/span><span class=\"OYPEnA text-decoration-none text-strikethrough-none\">Manon Glibert<\/span><span class=\"OYPEnA text-decoration-none text-strikethrough-none\"> clarinettes, chant\u23aeJulien Chamla : batterie, percussions, chant<\/span><\/p>\n<\/div>\n<\/div><\/div><\/div><\/div><\/div>","protected":false},"excerpt":{"rendered":"<p>Mercredi 09 octobre 2024 \u23ae 20h Le Metronum &#8211; 2 rond-point Madame de Mondonville, Toulouse Tarifs sur place 19\u20ac \/ pr\u00e9vente 17\u20ac \/ r\u00e9duit* 13\u20ac *\u00e9tudiants, moins de 26 ans, demandeurs d\u2019emploi et b\u00e9n\u00e9ficiaires des revenus minima Dans le cadre du festival Jazz sur son 31 Mortelle Randonn\u00e9e Aquaserge Pack presse &nbsp; Le mercredi 9&hellip;<\/p>\n<p><a class=\"more-link\" href=\"https:\/\/freddymorezon.org\/en\/nos-evenements\/mortelle-randonnee-x-aquaserge\/\" title=\"Continue reading &lsquo;09.10.2024 \/\/ Mortelle Randonn\u00e9e x Aquaserge&rsquo;\">Continue reading <span class=\"meta-nav\">&rarr;<\/span><\/a><\/p>\n","protected":false},"author":1,"featured_media":20456,"parent":10655,"menu_order":0,"comment_status":"closed","ping_status":"closed","template":"page-templates\/full-width.php","meta":{"om_disable_all_campaigns":false,"_monsterinsights_skip_tracking":false,"_monsterinsights_sitenote_active":false,"_monsterinsights_sitenote_note":"","_monsterinsights_sitenote_category":0,"_uf_show_specific_survey":0,"_uf_disable_surveys":false,"footnotes":""},"categories":[1401],"tags":[],"class_list":["post-20460","page","type-page","status-publish","has-post-thumbnail","hentry","category-nos-evenements-passes"],"aioseo_notices":[],"yoast_head":"<!-- This site is optimized with the Yoast SEO plugin v27.3 - https:\/\/yoast.com\/product\/yoast-seo-wordpress\/ -->\n<title>09.10.2024 \/\/ Mortelle Randonn\u00e9e x Aquaserge | Freddy Morezon<\/title>\n<meta name=\"robots\" content=\"index, follow, max-snippet:-1, max-image-preview:large, max-video-preview:-1\" \/>\n<link rel=\"canonical\" href=\"https:\/\/freddymorezon.org\/nos-evenements\/mortelle-randonnee-x-aquaserge\/\" \/>\n<meta property=\"og:locale\" content=\"en_US\" \/>\n<meta property=\"og:type\" content=\"article\" \/>\n<meta property=\"og:title\" content=\"09.10.2024 \/\/ Mortelle Randonn\u00e9e x Aquaserge | Freddy Morezon\" \/>\n<meta property=\"og:description\" content=\"Mercredi 09 octobre 2024 \u23ae 20h Le Metronum - 2 rond-point Madame de Mondonville, Toulouse Tarifs sur place 19\u20ac \/ pr\u00e9vente 17\u20ac \/ r\u00e9duit* 13\u20ac *\u00e9tudiants, moins de 26 ans, demandeurs d\u2019emploi et b\u00e9n\u00e9ficiaires des revenus minima Dans le cadre du festival Jazz sur son 31 Mortelle Randonn\u00e9e Aquaserge Pack presse &nbsp; Le mercredi 9&hellip;Continue reading &rarr;\" \/>\n<meta property=\"og:url\" content=\"https:\/\/freddymorezon.org\/nos-evenements\/mortelle-randonnee-x-aquaserge\/\" \/>\n<meta property=\"og:site_name\" content=\"Freddy Morezon\" \/>\n<meta property=\"article:publisher\" content=\"https:\/\/www.facebook.com\/freddy.morezon\/\" \/>\n<meta property=\"article:modified_time\" content=\"2025-04-23T11:56:30+00:00\" \/>\n<meta property=\"og:image\" content=\"https:\/\/freddymorezon.org\/wp-content\/uploads\/2024\/07\/carre-festik-600-x-600.png\" \/>\n\t<meta property=\"og:image:width\" content=\"600\" \/>\n\t<meta property=\"og:image:height\" content=\"600\" \/>\n\t<meta property=\"og:image:type\" content=\"image\/png\" \/>\n<meta name=\"twitter:card\" content=\"summary_large_image\" \/>\n<script type=\"application\/ld+json\" class=\"yoast-schema-graph\">{\"@context\":\"https:\\\/\\\/schema.org\",\"@graph\":[{\"@type\":\"WebPage\",\"@id\":\"https:\\\/\\\/freddymorezon.org\\\/nos-evenements\\\/mortelle-randonnee-x-aquaserge\\\/\",\"url\":\"https:\\\/\\\/freddymorezon.org\\\/nos-evenements\\\/mortelle-randonnee-x-aquaserge\\\/\",\"name\":\"09.10.2024 \\\/\\\/ Mortelle Randonn\u00e9e x Aquaserge | Freddy Morezon\",\"isPartOf\":{\"@id\":\"https:\\\/\\\/freddymorezon.org\\\/#website\"},\"primaryImageOfPage\":{\"@id\":\"https:\\\/\\\/freddymorezon.org\\\/nos-evenements\\\/mortelle-randonnee-x-aquaserge\\\/#primaryimage\"},\"image\":{\"@id\":\"https:\\\/\\\/freddymorezon.org\\\/nos-evenements\\\/mortelle-randonnee-x-aquaserge\\\/#primaryimage\"},\"thumbnailUrl\":\"https:\\\/\\\/freddymorezon.org\\\/wp-content\\\/uploads\\\/2024\\\/07\\\/carre-festik-600-x-600.png\",\"datePublished\":\"2024-07-16T14:03:39+00:00\",\"dateModified\":\"2025-04-23T11:56:30+00:00\",\"breadcrumb\":{\"@id\":\"https:\\\/\\\/freddymorezon.org\\\/nos-evenements\\\/mortelle-randonnee-x-aquaserge\\\/#breadcrumb\"},\"inLanguage\":\"en-US\",\"potentialAction\":[{\"@type\":\"ReadAction\",\"target\":[\"https:\\\/\\\/freddymorezon.org\\\/nos-evenements\\\/mortelle-randonnee-x-aquaserge\\\/\"]}]},{\"@type\":\"ImageObject\",\"inLanguage\":\"en-US\",\"@id\":\"https:\\\/\\\/freddymorezon.org\\\/nos-evenements\\\/mortelle-randonnee-x-aquaserge\\\/#primaryimage\",\"url\":\"https:\\\/\\\/freddymorezon.org\\\/wp-content\\\/uploads\\\/2024\\\/07\\\/carre-festik-600-x-600.png\",\"contentUrl\":\"https:\\\/\\\/freddymorezon.org\\\/wp-content\\\/uploads\\\/2024\\\/07\\\/carre-festik-600-x-600.png\",\"width\":600,\"height\":600},{\"@type\":\"BreadcrumbList\",\"@id\":\"https:\\\/\\\/freddymorezon.org\\\/nos-evenements\\\/mortelle-randonnee-x-aquaserge\\\/#breadcrumb\",\"itemListElement\":[{\"@type\":\"ListItem\",\"position\":1,\"name\":\"Accueil\",\"item\":\"https:\\\/\\\/freddymorezon.org\\\/\"},{\"@type\":\"ListItem\",\"position\":2,\"name\":\"Nos \u00e9v\u00e9nements\",\"item\":\"https:\\\/\\\/freddymorezon.org\\\/nos-evenements\\\/\"},{\"@type\":\"ListItem\",\"position\":3,\"name\":\"Mortelle Randonn\u00e9e x Aquaserge\"}]},{\"@type\":\"WebSite\",\"@id\":\"https:\\\/\\\/freddymorezon.org\\\/#website\",\"url\":\"https:\\\/\\\/freddymorezon.org\\\/\",\"name\":\"Freddy Morezon\",\"description\":\"jazz - musique improvis\u00e9e - esth\u00e9tiques plurielles\",\"publisher\":{\"@id\":\"https:\\\/\\\/freddymorezon.org\\\/#organization\"},\"potentialAction\":[{\"@type\":\"SearchAction\",\"target\":{\"@type\":\"EntryPoint\",\"urlTemplate\":\"https:\\\/\\\/freddymorezon.org\\\/?s={search_term_string}\"},\"query-input\":{\"@type\":\"PropertyValueSpecification\",\"valueRequired\":true,\"valueName\":\"search_term_string\"}}],\"inLanguage\":\"en-US\"},{\"@type\":\"Organization\",\"@id\":\"https:\\\/\\\/freddymorezon.org\\\/#organization\",\"name\":\"Association Freddy Morezon\",\"url\":\"https:\\\/\\\/freddymorezon.org\\\/\",\"logo\":{\"@type\":\"ImageObject\",\"inLanguage\":\"en-US\",\"@id\":\"https:\\\/\\\/freddymorezon.org\\\/#\\\/schema\\\/logo\\\/image\\\/\",\"url\":\"https:\\\/\\\/freddymorezon.org\\\/wp-content\\\/uploads\\\/2016\\\/02\\\/mini-logo-header-site2.jpg\",\"contentUrl\":\"https:\\\/\\\/freddymorezon.org\\\/wp-content\\\/uploads\\\/2016\\\/02\\\/mini-logo-header-site2.jpg\",\"width\":234,\"height\":174,\"caption\":\"Association Freddy Morezon\"},\"image\":{\"@id\":\"https:\\\/\\\/freddymorezon.org\\\/#\\\/schema\\\/logo\\\/image\\\/\"},\"sameAs\":[\"https:\\\/\\\/www.facebook.com\\\/freddy.morezon\\\/\",\"https:\\\/\\\/www.instagram.com\\\/freddymorezon\\\/\",\"https:\\\/\\\/www.youtube.com\\\/user\\\/freddymorezon\",\"https:\\\/\\\/fr.linkedin.com\\\/company\\\/freddy-morezon-p.r.o.d.\"]}]}<\/script>\n<!-- \/ Yoast SEO plugin. -->","yoast_head_json":{"title":"09.10.2024 \/\/ Mortelle Randonn\u00e9e x Aquaserge | Freddy Morezon","robots":{"index":"index","follow":"follow","max-snippet":"max-snippet:-1","max-image-preview":"max-image-preview:large","max-video-preview":"max-video-preview:-1"},"canonical":"https:\/\/freddymorezon.org\/nos-evenements\/mortelle-randonnee-x-aquaserge\/","og_locale":"en_US","og_type":"article","og_title":"09.10.2024 \/\/ Mortelle Randonn\u00e9e x Aquaserge | Freddy Morezon","og_description":"Mercredi 09 octobre 2024 \u23ae 20h Le Metronum - 2 rond-point Madame de Mondonville, Toulouse Tarifs sur place 19\u20ac \/ pr\u00e9vente 17\u20ac \/ r\u00e9duit* 13\u20ac *\u00e9tudiants, moins de 26 ans, demandeurs d\u2019emploi et b\u00e9n\u00e9ficiaires des revenus minima Dans le cadre du festival Jazz sur son 31 Mortelle Randonn\u00e9e Aquaserge Pack presse &nbsp; Le mercredi 9&hellip;Continue reading &rarr;","og_url":"https:\/\/freddymorezon.org\/nos-evenements\/mortelle-randonnee-x-aquaserge\/","og_site_name":"Freddy Morezon","article_publisher":"https:\/\/www.facebook.com\/freddy.morezon\/","article_modified_time":"2025-04-23T11:56:30+00:00","og_image":[{"width":600,"height":600,"url":"https:\/\/freddymorezon.org\/wp-content\/uploads\/2024\/07\/carre-festik-600-x-600.png","type":"image\/png"}],"twitter_card":"summary_large_image","schema":{"@context":"https:\/\/schema.org","@graph":[{"@type":"WebPage","@id":"https:\/\/freddymorezon.org\/nos-evenements\/mortelle-randonnee-x-aquaserge\/","url":"https:\/\/freddymorezon.org\/nos-evenements\/mortelle-randonnee-x-aquaserge\/","name":"09.10.2024 \/\/ Mortelle Randonn\u00e9e x Aquaserge | Freddy Morezon","isPartOf":{"@id":"https:\/\/freddymorezon.org\/#website"},"primaryImageOfPage":{"@id":"https:\/\/freddymorezon.org\/nos-evenements\/mortelle-randonnee-x-aquaserge\/#primaryimage"},"image":{"@id":"https:\/\/freddymorezon.org\/nos-evenements\/mortelle-randonnee-x-aquaserge\/#primaryimage"},"thumbnailUrl":"https:\/\/freddymorezon.org\/wp-content\/uploads\/2024\/07\/carre-festik-600-x-600.png","datePublished":"2024-07-16T14:03:39+00:00","dateModified":"2025-04-23T11:56:30+00:00","breadcrumb":{"@id":"https:\/\/freddymorezon.org\/nos-evenements\/mortelle-randonnee-x-aquaserge\/#breadcrumb"},"inLanguage":"en-US","potentialAction":[{"@type":"ReadAction","target":["https:\/\/freddymorezon.org\/nos-evenements\/mortelle-randonnee-x-aquaserge\/"]}]},{"@type":"ImageObject","inLanguage":"en-US","@id":"https:\/\/freddymorezon.org\/nos-evenements\/mortelle-randonnee-x-aquaserge\/#primaryimage","url":"https:\/\/freddymorezon.org\/wp-content\/uploads\/2024\/07\/carre-festik-600-x-600.png","contentUrl":"https:\/\/freddymorezon.org\/wp-content\/uploads\/2024\/07\/carre-festik-600-x-600.png","width":600,"height":600},{"@type":"BreadcrumbList","@id":"https:\/\/freddymorezon.org\/nos-evenements\/mortelle-randonnee-x-aquaserge\/#breadcrumb","itemListElement":[{"@type":"ListItem","position":1,"name":"Accueil","item":"https:\/\/freddymorezon.org\/"},{"@type":"ListItem","position":2,"name":"Nos \u00e9v\u00e9nements","item":"https:\/\/freddymorezon.org\/nos-evenements\/"},{"@type":"ListItem","position":3,"name":"Mortelle Randonn\u00e9e x Aquaserge"}]},{"@type":"WebSite","@id":"https:\/\/freddymorezon.org\/#website","url":"https:\/\/freddymorezon.org\/","name":"Freddy Morezon","description":"jazz - musique improvis\u00e9e - esth\u00e9tiques plurielles","publisher":{"@id":"https:\/\/freddymorezon.org\/#organization"},"potentialAction":[{"@type":"SearchAction","target":{"@type":"EntryPoint","urlTemplate":"https:\/\/freddymorezon.org\/?s={search_term_string}"},"query-input":{"@type":"PropertyValueSpecification","valueRequired":true,"valueName":"search_term_string"}}],"inLanguage":"en-US"},{"@type":"Organization","@id":"https:\/\/freddymorezon.org\/#organization","name":"Association Freddy Morezon","url":"https:\/\/freddymorezon.org\/","logo":{"@type":"ImageObject","inLanguage":"en-US","@id":"https:\/\/freddymorezon.org\/#\/schema\/logo\/image\/","url":"https:\/\/freddymorezon.org\/wp-content\/uploads\/2016\/02\/mini-logo-header-site2.jpg","contentUrl":"https:\/\/freddymorezon.org\/wp-content\/uploads\/2016\/02\/mini-logo-header-site2.jpg","width":234,"height":174,"caption":"Association Freddy Morezon"},"image":{"@id":"https:\/\/freddymorezon.org\/#\/schema\/logo\/image\/"},"sameAs":["https:\/\/www.facebook.com\/freddy.morezon\/","https:\/\/www.instagram.com\/freddymorezon\/","https:\/\/www.youtube.com\/user\/freddymorezon","https:\/\/fr.linkedin.com\/company\/freddy-morezon-p.r.o.d."]}]}},"_links":{"self":[{"href":"https:\/\/freddymorezon.org\/en\/wp-json\/wp\/v2\/pages\/20460","targetHints":{"allow":["GET"]}}],"collection":[{"href":"https:\/\/freddymorezon.org\/en\/wp-json\/wp\/v2\/pages"}],"about":[{"href":"https:\/\/freddymorezon.org\/en\/wp-json\/wp\/v2\/types\/page"}],"author":[{"embeddable":true,"href":"https:\/\/freddymorezon.org\/en\/wp-json\/wp\/v2\/users\/1"}],"replies":[{"embeddable":true,"href":"https:\/\/freddymorezon.org\/en\/wp-json\/wp\/v2\/comments?post=20460"}],"version-history":[{"count":26,"href":"https:\/\/freddymorezon.org\/en\/wp-json\/wp\/v2\/pages\/20460\/revisions"}],"predecessor-version":[{"id":22548,"href":"https:\/\/freddymorezon.org\/en\/wp-json\/wp\/v2\/pages\/20460\/revisions\/22548"}],"up":[{"embeddable":true,"href":"https:\/\/freddymorezon.org\/en\/wp-json\/wp\/v2\/pages\/10655"}],"wp:featuredmedia":[{"embeddable":true,"href":"https:\/\/freddymorezon.org\/en\/wp-json\/wp\/v2\/media\/20456"}],"wp:attachment":[{"href":"https:\/\/freddymorezon.org\/en\/wp-json\/wp\/v2\/media?parent=20460"}],"wp:term":[{"taxonomy":"category","embeddable":true,"href":"https:\/\/freddymorezon.org\/en\/wp-json\/wp\/v2\/categories?post=20460"},{"taxonomy":"post_tag","embeddable":true,"href":"https:\/\/freddymorezon.org\/en\/wp-json\/wp\/v2\/tags?post=20460"}],"curies":[{"name":"wp","href":"https:\/\/api.w.org\/{rel}","templated":true}]}}