
{"id":2086,"date":"2016-06-20T13:42:30","date_gmt":"2016-06-20T12:42:30","guid":{"rendered":"https:\/\/freddymorezon.org\/?page_id=2086"},"modified":"2025-06-26T12:43:23","modified_gmt":"2025-06-26T10:43:23","slug":"reveil-musique-sweetest-choice","status":"publish","type":"page","link":"https:\/\/freddymorezon.org\/en\/action-culturelle\/reveil-musique-sweetest-choice\/","title":{"rendered":"R\u00e9veil en Musique &#8211; Sweetest Choice <p>Jeune public<\/p>"},"content":{"rendered":"<div id=\"pl-2086\"  class=\"panel-layout\" ><div id=\"pg-2086-0\"  class=\"panel-grid panel-no-style\" ><div id=\"pgc-2086-0-0\"  class=\"panel-grid-cell\" ><div id=\"panel-2086-0-0-0\" class=\"so-panel widget widget_eo_event_list_widget EO_Event_List_Widget panel-first-child\" data-index=\"0\" >\n\n<\/div><div id=\"panel-2086-0-0-1\" class=\"so-panel widget widget_sow-button\" data-index=\"1\" ><div\n\t\t\t\n\t\t\tclass=\"so-widget-sow-button so-widget-sow-button-flat-a657a074bb6d-2086\"\n\t\t\t\n\t\t><div class=\"ow-button-base ow-button-align-left\"\n>\n\t\t\t<a\n\t\t\t\t\thref=\"https:\/\/freddymorezon.org\/action-culturelle\/reveil-musique-sweetest-choice\/agenda-reveil-en-musique\/\"\n\t\t\t\t\tclass=\"sowb-button ow-icon-placement-left ow-button-hover\" \t>\n\t\t<span>\n\t\t\t\n\t\t\tToutes les dates de R\u00e9veil en musique\t\t<\/span>\n\t\t\t<\/a>\n\t<\/div>\n<\/div><\/div><div id=\"panel-2086-0-0-2\" class=\"so-panel widget widget_sow-headline\" data-index=\"2\" ><div\n\t\t\t\n\t\t\tclass=\"so-widget-sow-headline so-widget-sow-headline-default-9653a2bd7d91-2086\"\n\t\t\t\n\t\t><div class=\"sow-headline-container \">\n\t\t\t\t\t\t<div class=\"decoration\">\n\t\t\t\t\t\t<div class=\"decoration-inside\"><\/div>\n\t\t\t\t\t<\/div>\n\t\t\t\t\t<\/div>\n<\/div><\/div><div id=\"panel-2086-0-0-3\" class=\"so-panel widget widget_sow-editor\" data-index=\"3\" ><div\n\t\t\t\n\t\t\tclass=\"so-widget-sow-editor so-widget-sow-editor-base\"\n\t\t\t\n\t\t>\n<div class=\"siteorigin-widget-tinymce textwidget\">\n\t<h3>Distribution<\/h3>\n<h4>Sweetest Choice<\/h4>\n<p><strong>S\u00e9bastien Cirotteau :<\/strong> trompette<br \/>\n<strong>Benjamin Glibert :<\/strong> guitare 12 cordes<\/p>\n<\/div>\n<\/div><\/div><div id=\"panel-2086-0-0-4\" class=\"so-panel widget widget_sow-editor\" data-index=\"4\" ><div\n\t\t\t\n\t\t\tclass=\"so-widget-sow-editor so-widget-sow-editor-base\"\n\t\t\t\n\t\t>\n<div class=\"siteorigin-widget-tinymce textwidget\">\n\t<h3>Audio<\/h3>\n<p>Intervention de Sweetest Choice \u00e0 l'\u00e9cole de Baud\u00e9an (65), \u00e0 l'occasion d'une r\u00e9sidence de territoire avec Traverse, nov-d\u00e9c 2019 - \"Le grand lustucru\" :<br \/>\n<iframe loading=\"lazy\" class=\"player-soundcloud-single\" width=\"100%\" height=\"166\" scrolling=\"no\" frameborder=\"no\" allow=\"autoplay\" src=\"https:\/\/w.soundcloud.com\/player\/?url=https%3A\/\/api.soundcloud.com\/tracks\/755467624&color=%23aaaaaa&auto_play=false&hide_related=true&show_comments=false&show_user=false&show_reposts=false&show_teaser=false\"><\/iframe><\/p>\n<\/div>\n<\/div><\/div><div id=\"panel-2086-0-0-5\" class=\"so-panel widget widget_sow-headline\" data-index=\"5\" ><div\n\t\t\t\n\t\t\tclass=\"so-widget-sow-headline so-widget-sow-headline-default-9653a2bd7d91-2086\"\n\t\t\t\n\t\t><div class=\"sow-headline-container \">\n\t\t\t\t\t\t<div class=\"decoration\">\n\t\t\t\t\t\t<div class=\"decoration-inside\"><\/div>\n\t\t\t\t\t<\/div>\n\t\t\t\t\t<\/div>\n<\/div><\/div><div id=\"panel-2086-0-0-6\" class=\"so-panel widget widget_sow-editor\" data-index=\"6\" ><div\n\t\t\t\n\t\t\tclass=\"so-widget-sow-editor so-widget-sow-editor-base\"\n\t\t\t\n\t\t>\n<div class=\"siteorigin-widget-tinymce textwidget\">\n\t<h3>Contact<\/h3>\n<p>Alexandra Cirotteau \/\/ alexandra[a]freddymorezon.org<\/p>\n<\/div>\n<\/div><\/div><div id=\"panel-2086-0-0-7\" class=\"so-panel widget widget_sow-headline\" data-index=\"7\" ><div\n\t\t\t\n\t\t\tclass=\"so-widget-sow-headline so-widget-sow-headline-default-9653a2bd7d91-2086\"\n\t\t\t\n\t\t><div class=\"sow-headline-container \">\n\t\t\t\t\t\t<div class=\"decoration\">\n\t\t\t\t\t\t<div class=\"decoration-inside\"><\/div>\n\t\t\t\t\t<\/div>\n\t\t\t\t\t<\/div>\n<\/div><\/div><div id=\"panel-2086-0-0-8\" class=\"so-panel widget widget_sow-editor panel-last-child\" data-index=\"8\" ><div\n\t\t\t\n\t\t\tclass=\"so-widget-sow-editor so-widget-sow-editor-base\"\n\t\t\t\n\t\t>\n<div class=\"siteorigin-widget-tinymce textwidget\">\n\t<h3>Liens<\/h3>\n<p><i class=\"fa fa-file-text-o fa-2x\"><\/i> <a title=\"consulter le dossier de R\u00e9veil en Musique\" href=\"https:\/\/freddymorezon.org\/wp-content\/uploads\/2024\/11\/Dossier-Reveil-en-musique-2024.pdf\" target=\"_blank\" rel=\"noopener noreferrer\">Dossier de pr\u00e9sentation<\/a><br \/>\n<a title=\"Sweetest Choice\" href=\"https:\/\/freddymorezon.org\/creation\/sweetest-choice\/\">Sweetest Choice<\/a><br \/>\n<a title=\"S\u00e9bastien Cirotteau\" href=\"https:\/\/freddymorezon.org\/artistes\/sebastien-cirotteau\/\">S\u00e9bastien Cirotteau<\/a><br \/>\n<a title=\"Benjamin Glibert\" href=\"https:\/\/freddymorezon.org\/artistes\/benjamin-glibert\/\">Benjamin Glibert<br \/>\n<\/a><\/p>\n<\/div>\n<\/div><\/div><\/div><div id=\"pgc-2086-0-1\"  class=\"panel-grid-cell\" ><div id=\"panel-2086-0-1-0\" class=\"so-panel widget widget_sow-editor panel-first-child\" data-index=\"9\" ><div\n\t\t\t\n\t\t\tclass=\"so-widget-sow-editor so-widget-sow-editor-base\"\n\t\t\t\n\t\t>\n<div class=\"siteorigin-widget-tinymce textwidget\">\n\t<h1>R\u00e9veil en musique<\/h1>\n<h3>avec Sweetest Choice<\/h3>\n<\/div>\n<\/div><\/div><div id=\"panel-2086-0-1-1\" class=\"so-panel widget widget_sow-image\" data-index=\"10\" ><div\n\t\t\t\n\t\t\tclass=\"so-widget-sow-image so-widget-sow-image-default-8b5b6f678277-2086\"\n\t\t\t\n\t\t>\n<div class=\"sow-image-container\">\n\t\t<img \n\tsrc=\"https:\/\/freddymorezon.org\/wp-content\/uploads\/2024\/11\/color3-01-773x400.jpg\" width=\"773\" height=\"400\" sizes=\"(max-width: 773px) 100vw, 773px\" title=\"color3-01\" alt=\"\" \t\tclass=\"so-widget-image\"\/>\n\t<\/div>\n\n<\/div><\/div><div id=\"panel-2086-0-1-2\" class=\"so-panel widget widget_sow-editor\" data-index=\"11\" ><div\n\t\t\t\n\t\t\tclass=\"so-widget-sow-editor so-widget-sow-editor-base\"\n\t\t\t\n\t\t>\n<div class=\"siteorigin-widget-tinymce textwidget\">\n\t<h2 style=\"text-align: left;\">R\u00e9veil en Musique<\/h2>\n<p style=\"text-align: left;\">Le R\u00e9veil en Musique est un projet d'action culturelle du duo <a href=\"https:\/\/freddymorezon.org\/projets\/sweetest-choice\/\">Sweetest Choice<\/a> (guitare, trompette) destin\u00e9 \u00e0 des enfants de 3 \u00e0 5 ans.<br \/>\nLe duo propose d\u2019accompagner les enfants lors d\u2019un temps calme de l\u2019apr\u00e8s-midi en associant une ambiance musicale douce et intimiste favorisant l\u2019\u00e9coute, le repos ou le sommeil selon le rythme de chaque enfant.<\/p>\n<p style=\"text-align: left;\">Le R\u00e9veil en Musique ne doit pas \u00eatre envisag\u00e9 comme un concert, mais comme une v\u00e9ritable proposition bas\u00e9e sur le ressenti et l\u2019expression de l\u2019\u00e9motion.<br \/>\nLors de la venue des musiciens, les enfants sont en situation d\u2019activit\u00e9 libre, de mani\u00e8re \u00e0 pouvoir exprimer leur r\u00e9action face \u00e0 la musique. L'espace doit \u00eatre am\u00e9nag\u00e9 de mani\u00e8re \u00e0 favoriser \u00e0 la fois l'expression des enfants et la d\u00e9ambulation des musiciens. L\u2019enjeu est de laisser \u00e0 l'enfant la libert\u00e9 d\u2019appr\u00e9cier ou non la proposition musicale, \u00e0 sa fa\u00e7on.<\/p>\n<p style=\"text-align: left;\">Le projet est modulable en fonction du lieu (m\u00e9diath\u00e8que, classe) et de l\u2019\u00e2ge des enfants.<br \/>\nUn dossier p\u00e9dagogique fournit des propositions de pr\u00e9paration ou de prolongation du projet par l'enseignant ou l'encadrant.<\/p>\n<\/div>\n<\/div><\/div><div id=\"panel-2086-0-1-3\" class=\"so-panel widget widget_sow-editor panel-last-child\" data-index=\"12\" ><div\n\t\t\t\n\t\t\tclass=\"so-widget-sow-editor so-widget-sow-editor-base\"\n\t\t\t\n\t\t>\n<div class=\"siteorigin-widget-tinymce textwidget\">\n\t<h3>Video<\/h3>\n<div class=\"pt-cv-wrapper\">\n<div class=\"pt-cv-view pt-cv-scrollable pt-cv-colsys pt-cv-left pt-cv-sharp-buttons\" id=\"pt-cv-view-6fb2b7a1d4\">\n<div data-id=\"pt-cv-page-1\" class=\"pt-cv-page\" data-cvc=\"1\">\n<div id=\"41ebeaf703\" class=\"pt-cv-carousel pt-cv-slide\" data-ride=\"cvcarousel\" data-interval=false>\n<div class=\"carousel-inner\">\n<div class=\"item active\">\n<div class=\"row\">\n<div class=\"col-md-12 col-sm-12 col-xs-12 pt-cv-content-item pt-cv-1-col\"  data-pid=\"8534\">\n<div class=\"pt-cv-carousel-caption pt-cv-cap-wo-img\"><a href=\"\" class=\"pt-cv-none pt-cv-href-thumbnail pt-cv-thumb-default cvplbd cvp-responsive-image img-none\" target=\"pt-cv-none\" rel=\"nofollow\"><iframe loading=\"lazy\" title=\"Sweetest Choice - Residence \u00e0 Bagn\u00e8res de Bigorre\" width=\"650\" height=\"366\" src=\"https:\/\/www.youtube.com\/embed\/RwqrcIEbb94?feature=oembed\" frameborder=\"0\" allow=\"accelerometer; autoplay; clipboard-write; encrypted-media; gyroscope; picture-in-picture; web-share\" referrerpolicy=\"strict-origin-when-cross-origin\" allowfullscreen><\/iframe><\/a><\/div>\n<\/div>\n<\/div>\n<\/div>\n<\/div>\n<\/div>\n<\/div>\n<\/div>\n<\/div>\n<style type=\"text\/css\" id=\"pt-cv-inline-style-87f10e857e\">#pt-cv-view-6fb2b7a1d4.pt-cv-post-border .pt-cv-content-item   { border-top-style: solid; border-left-style: solid; }\n#pt-cv-view-6fb2b7a1d4 .pt-cv-title a, #pt-cv-view-6fb2b7a1d4  .panel-title { font-weight: 600 !important; }\n#pt-cv-view-6fb2b7a1d4 .pt-cv-specialp * { font-size: 13px !important; line-height: 1.3 !important; color: #fff !important; background-color: #CC3333 !important; }\n#pt-cv-view-6fb2b7a1d4 .pt-cv-pficon  { color: #bbb !important; }\n#pt-cv-view-6fb2b7a1d4  .add_to_cart_button, #pt-cv-view-6fb2b7a1d4  .add_to_cart_button *   { color: #ffffff !important; background-color: #00aeef !important; }\n#pt-cv-view-6fb2b7a1d4  .woocommerce-onsale   { color: #ffffff !important; background-color: #ff5a5f !important; }\n#pt-cv-view-6fb2b7a1d4 .pt-cv-readmore  { color: #ffffff !important; background-color: #00aeef !important; }\n#pt-cv-view-6fb2b7a1d4 .pt-cv-readmore:hover  { color: #ffffff !important; background-color: #00aeef !important; }\n#pt-cv-view-6fb2b7a1d4  + .pt-cv-pagination-wrapper .pt-cv-more , #pt-cv-view-6fb2b7a1d4  + .pt-cv-pagination-wrapper .pagination .active a { color: #ffffff !important; background-color: #00aeef !important; }\n#pt-cv-view-6fb2b7a1d4 .pt-cv-gls-header  { background-color: #00aeef !important; }\n#pt-cv-view-6fb2b7a1d4 .pt-cv-tao  { font-size: 20px !important; line-height: 1.3 !important; color: #ffffff !important; background-color: #00aeef !important; }\n#pt-cv-view-6fb2b7a1d4 .cvp-responsive-image { width: 650px; height: 450px; }\n#pt-cv-view-6fb2b7a1d4 { text-align: left; }<\/style>\n<\/div>\n<\/div><\/div><\/div><\/div><\/div>","protected":false},"excerpt":{"rendered":"<p>Distribution Sweetest Choice S\u00e9bastien Cirotteau : trompette Benjamin Glibert : guitare 12 cordes Audio Intervention de Sweetest Choice \u00e0 l&#8217;\u00e9cole de Baud\u00e9an (65), \u00e0 l&#8217;occasion d&#8217;une r\u00e9sidence de territoire avec Traverse, nov-d\u00e9c 2019 &#8211; &#8220;Le grand lustucru&#8221; : Contact Alexandra Cirotteau \/\/ alexandra[a]freddymorezon.org Liens Dossier de pr\u00e9sentation Sweetest Choice S\u00e9bastien Cirotteau Benjamin Glibert R\u00e9veil en&hellip;<\/p>\n<p><a class=\"more-link\" href=\"https:\/\/freddymorezon.org\/en\/action-culturelle\/reveil-musique-sweetest-choice\/\" title=\"Continue reading &lsquo;R\u00e9veil en Musique &#8211; Sweetest Choice \n\n<p>Jeune public<\/p>\n<p>&rsquo;&#8221;>Continue reading <span class=\"meta-nav\">&rarr;<\/span><\/a><\/p>\n","protected":false},"author":1,"featured_media":21287,"parent":136,"menu_order":0,"comment_status":"closed","ping_status":"closed","template":"page-templates\/full-width.php","meta":{"om_disable_all_campaigns":false,"_monsterinsights_skip_tracking":false,"_monsterinsights_sitenote_active":false,"_monsterinsights_sitenote_note":"","_monsterinsights_sitenote_category":0,"_uf_show_specific_survey":0,"_uf_disable_surveys":false,"footnotes":""},"categories":[72,1077,1184,1175,1073],"tags":[],"class_list":["post-2086","page","type-page","status-publish","has-post-thumbnail","hentry","category-action-culturelle","category-benjamin-glibert","category-page-actions-culturelles","category-page-diffusion-hors-les-murs","category-sebastien-cirotteau"],"aioseo_notices":[],"yoast_head":"<!-- This site is optimized with the Yoast SEO plugin v27.4 - https:\/\/yoast.com\/product\/yoast-seo-wordpress\/ -->\n<title>R\u00e9veil en Musique - Sweetest Choice Jeune public | Freddy Morezon<\/title>\n<meta name=\"description\" content=\"Le R\u00e9veil en Musique est un projet d&#039;action culturelle du duo Sweetest Choice (guitare, trompette) destin\u00e9 \u00e0 des enfants de 3 \u00e0 5 ans.Le duo propose d\u2019accompagner les enfants lors d\u2019un temps calme de l\u2019apr\u00e8s-midi en associant une ambiance musicale douce et intimiste favorisant l\u2019\u00e9coute, le repos ou le sommeil selon le rythme de chaque enfant. Avec S\u00e9bastien Cirotteau et Benjamin Glibert.\" \/>\n<meta name=\"robots\" content=\"index, follow, max-snippet:-1, max-image-preview:large, max-video-preview:-1\" \/>\n<link rel=\"canonical\" href=\"https:\/\/freddymorezon.org\/action-culturelle\/reveil-musique-sweetest-choice\/\" \/>\n<meta property=\"og:locale\" content=\"en_US\" \/>\n<meta property=\"og:type\" content=\"article\" \/>\n<meta property=\"og:title\" content=\"R\u00e9veil en Musique - Sweetest Choice Jeune public | Freddy Morezon\" \/>\n<meta property=\"og:description\" content=\"Le R\u00e9veil en Musique est un projet d&#039;action culturelle du duo Sweetest Choice (guitare, trompette) destin\u00e9 \u00e0 des enfants de 3 \u00e0 5 ans.Le duo propose d\u2019accompagner les enfants lors d\u2019un temps calme de l\u2019apr\u00e8s-midi en associant une ambiance musicale douce et intimiste favorisant l\u2019\u00e9coute, le repos ou le sommeil selon le rythme de chaque enfant. Avec S\u00e9bastien Cirotteau et Benjamin Glibert.\" \/>\n<meta property=\"og:url\" content=\"https:\/\/freddymorezon.org\/action-culturelle\/reveil-musique-sweetest-choice\/\" \/>\n<meta property=\"og:site_name\" content=\"Freddy Morezon\" \/>\n<meta property=\"article:publisher\" content=\"https:\/\/www.facebook.com\/freddy.morezon\/\" \/>\n<meta property=\"article:modified_time\" content=\"2025-06-26T10:43:23+00:00\" \/>\n<meta property=\"og:image\" content=\"https:\/\/freddymorezon.org\/wp-content\/uploads\/2024\/11\/color3-01-scaled.jpg\" \/>\n\t<meta property=\"og:image:width\" content=\"2560\" \/>\n\t<meta property=\"og:image:height\" content=\"1829\" \/>\n\t<meta property=\"og:image:type\" content=\"image\/jpeg\" \/>\n<meta name=\"twitter:card\" content=\"summary_large_image\" \/>\n<script type=\"application\/ld+json\" class=\"yoast-schema-graph\">{\"@context\":\"https:\\\/\\\/schema.org\",\"@graph\":[{\"@type\":\"WebPage\",\"@id\":\"https:\\\/\\\/freddymorezon.org\\\/action-culturelle\\\/reveil-musique-sweetest-choice\\\/\",\"url\":\"https:\\\/\\\/freddymorezon.org\\\/action-culturelle\\\/reveil-musique-sweetest-choice\\\/\",\"name\":\"R\u00e9veil en Musique - Sweetest Choice Jeune public | Freddy Morezon\",\"isPartOf\":{\"@id\":\"https:\\\/\\\/freddymorezon.org\\\/#website\"},\"primaryImageOfPage\":{\"@id\":\"https:\\\/\\\/freddymorezon.org\\\/action-culturelle\\\/reveil-musique-sweetest-choice\\\/#primaryimage\"},\"image\":{\"@id\":\"https:\\\/\\\/freddymorezon.org\\\/action-culturelle\\\/reveil-musique-sweetest-choice\\\/#primaryimage\"},\"thumbnailUrl\":\"https:\\\/\\\/freddymorezon.org\\\/wp-content\\\/uploads\\\/2024\\\/11\\\/color3-01-scaled.jpg\",\"datePublished\":\"2016-06-20T12:42:30+00:00\",\"dateModified\":\"2025-06-26T10:43:23+00:00\",\"description\":\"Le R\u00e9veil en Musique est un projet d'action culturelle du duo Sweetest Choice (guitare, trompette) destin\u00e9 \u00e0 des enfants de 3 \u00e0 5 ans.Le duo propose d\u2019accompagner les enfants lors d\u2019un temps calme de l\u2019apr\u00e8s-midi en associant une ambiance musicale douce et intimiste favorisant l\u2019\u00e9coute, le repos ou le sommeil selon le rythme de chaque enfant. Avec S\u00e9bastien Cirotteau et Benjamin Glibert.\",\"breadcrumb\":{\"@id\":\"https:\\\/\\\/freddymorezon.org\\\/action-culturelle\\\/reveil-musique-sweetest-choice\\\/#breadcrumb\"},\"inLanguage\":\"en-US\",\"potentialAction\":[{\"@type\":\"ReadAction\",\"target\":[\"https:\\\/\\\/freddymorezon.org\\\/action-culturelle\\\/reveil-musique-sweetest-choice\\\/\"]}]},{\"@type\":\"ImageObject\",\"inLanguage\":\"en-US\",\"@id\":\"https:\\\/\\\/freddymorezon.org\\\/action-culturelle\\\/reveil-musique-sweetest-choice\\\/#primaryimage\",\"url\":\"https:\\\/\\\/freddymorezon.org\\\/wp-content\\\/uploads\\\/2024\\\/11\\\/color3-01-scaled.jpg\",\"contentUrl\":\"https:\\\/\\\/freddymorezon.org\\\/wp-content\\\/uploads\\\/2024\\\/11\\\/color3-01-scaled.jpg\",\"width\":2560,\"height\":1829},{\"@type\":\"BreadcrumbList\",\"@id\":\"https:\\\/\\\/freddymorezon.org\\\/action-culturelle\\\/reveil-musique-sweetest-choice\\\/#breadcrumb\",\"itemListElement\":[{\"@type\":\"ListItem\",\"position\":1,\"name\":\"Accueil\",\"item\":\"https:\\\/\\\/freddymorezon.org\\\/\"},{\"@type\":\"ListItem\",\"position\":2,\"name\":\"Action culturelle\",\"item\":\"https:\\\/\\\/freddymorezon.org\\\/action-culturelle\\\/\"},{\"@type\":\"ListItem\",\"position\":3,\"name\":\"R\u00e9veil en Musique &#8211; Sweetest Choice Jeune public\"}]},{\"@type\":\"WebSite\",\"@id\":\"https:\\\/\\\/freddymorezon.org\\\/#website\",\"url\":\"https:\\\/\\\/freddymorezon.org\\\/\",\"name\":\"Freddy Morezon\",\"description\":\"jazz - musique improvis\u00e9e - esth\u00e9tiques plurielles\",\"publisher\":{\"@id\":\"https:\\\/\\\/freddymorezon.org\\\/#organization\"},\"potentialAction\":[{\"@type\":\"SearchAction\",\"target\":{\"@type\":\"EntryPoint\",\"urlTemplate\":\"https:\\\/\\\/freddymorezon.org\\\/?s={search_term_string}\"},\"query-input\":{\"@type\":\"PropertyValueSpecification\",\"valueRequired\":true,\"valueName\":\"search_term_string\"}}],\"inLanguage\":\"en-US\"},{\"@type\":\"Organization\",\"@id\":\"https:\\\/\\\/freddymorezon.org\\\/#organization\",\"name\":\"Association Freddy Morezon\",\"url\":\"https:\\\/\\\/freddymorezon.org\\\/\",\"logo\":{\"@type\":\"ImageObject\",\"inLanguage\":\"en-US\",\"@id\":\"https:\\\/\\\/freddymorezon.org\\\/#\\\/schema\\\/logo\\\/image\\\/\",\"url\":\"https:\\\/\\\/freddymorezon.org\\\/wp-content\\\/uploads\\\/2016\\\/02\\\/mini-logo-header-site2.jpg\",\"contentUrl\":\"https:\\\/\\\/freddymorezon.org\\\/wp-content\\\/uploads\\\/2016\\\/02\\\/mini-logo-header-site2.jpg\",\"width\":234,\"height\":174,\"caption\":\"Association Freddy Morezon\"},\"image\":{\"@id\":\"https:\\\/\\\/freddymorezon.org\\\/#\\\/schema\\\/logo\\\/image\\\/\"},\"sameAs\":[\"https:\\\/\\\/www.facebook.com\\\/freddy.morezon\\\/\",\"https:\\\/\\\/www.instagram.com\\\/freddymorezon\\\/\",\"https:\\\/\\\/www.youtube.com\\\/user\\\/freddymorezon\",\"https:\\\/\\\/fr.linkedin.com\\\/company\\\/freddy-morezon-p.r.o.d.\"]}]}<\/script>\n<!-- \/ Yoast SEO plugin. -->","yoast_head_json":{"title":"R\u00e9veil en Musique - Sweetest Choice Jeune public | Freddy Morezon","description":"Le R\u00e9veil en Musique est un projet d'action culturelle du duo Sweetest Choice (guitare, trompette) destin\u00e9 \u00e0 des enfants de 3 \u00e0 5 ans.Le duo propose d\u2019accompagner les enfants lors d\u2019un temps calme de l\u2019apr\u00e8s-midi en associant une ambiance musicale douce et intimiste favorisant l\u2019\u00e9coute, le repos ou le sommeil selon le rythme de chaque enfant. Avec S\u00e9bastien Cirotteau et Benjamin Glibert.","robots":{"index":"index","follow":"follow","max-snippet":"max-snippet:-1","max-image-preview":"max-image-preview:large","max-video-preview":"max-video-preview:-1"},"canonical":"https:\/\/freddymorezon.org\/action-culturelle\/reveil-musique-sweetest-choice\/","og_locale":"en_US","og_type":"article","og_title":"R\u00e9veil en Musique - Sweetest Choice Jeune public | Freddy Morezon","og_description":"Le R\u00e9veil en Musique est un projet d'action culturelle du duo Sweetest Choice (guitare, trompette) destin\u00e9 \u00e0 des enfants de 3 \u00e0 5 ans.Le duo propose d\u2019accompagner les enfants lors d\u2019un temps calme de l\u2019apr\u00e8s-midi en associant une ambiance musicale douce et intimiste favorisant l\u2019\u00e9coute, le repos ou le sommeil selon le rythme de chaque enfant. Avec S\u00e9bastien Cirotteau et Benjamin Glibert.","og_url":"https:\/\/freddymorezon.org\/action-culturelle\/reveil-musique-sweetest-choice\/","og_site_name":"Freddy Morezon","article_publisher":"https:\/\/www.facebook.com\/freddy.morezon\/","article_modified_time":"2025-06-26T10:43:23+00:00","og_image":[{"width":2560,"height":1829,"url":"https:\/\/freddymorezon.org\/wp-content\/uploads\/2024\/11\/color3-01-scaled.jpg","type":"image\/jpeg"}],"twitter_card":"summary_large_image","schema":{"@context":"https:\/\/schema.org","@graph":[{"@type":"WebPage","@id":"https:\/\/freddymorezon.org\/action-culturelle\/reveil-musique-sweetest-choice\/","url":"https:\/\/freddymorezon.org\/action-culturelle\/reveil-musique-sweetest-choice\/","name":"R\u00e9veil en Musique - Sweetest Choice Jeune public | Freddy Morezon","isPartOf":{"@id":"https:\/\/freddymorezon.org\/#website"},"primaryImageOfPage":{"@id":"https:\/\/freddymorezon.org\/action-culturelle\/reveil-musique-sweetest-choice\/#primaryimage"},"image":{"@id":"https:\/\/freddymorezon.org\/action-culturelle\/reveil-musique-sweetest-choice\/#primaryimage"},"thumbnailUrl":"https:\/\/freddymorezon.org\/wp-content\/uploads\/2024\/11\/color3-01-scaled.jpg","datePublished":"2016-06-20T12:42:30+00:00","dateModified":"2025-06-26T10:43:23+00:00","description":"Le R\u00e9veil en Musique est un projet d'action culturelle du duo Sweetest Choice (guitare, trompette) destin\u00e9 \u00e0 des enfants de 3 \u00e0 5 ans.Le duo propose d\u2019accompagner les enfants lors d\u2019un temps calme de l\u2019apr\u00e8s-midi en associant une ambiance musicale douce et intimiste favorisant l\u2019\u00e9coute, le repos ou le sommeil selon le rythme de chaque enfant. Avec S\u00e9bastien Cirotteau et Benjamin Glibert.","breadcrumb":{"@id":"https:\/\/freddymorezon.org\/action-culturelle\/reveil-musique-sweetest-choice\/#breadcrumb"},"inLanguage":"en-US","potentialAction":[{"@type":"ReadAction","target":["https:\/\/freddymorezon.org\/action-culturelle\/reveil-musique-sweetest-choice\/"]}]},{"@type":"ImageObject","inLanguage":"en-US","@id":"https:\/\/freddymorezon.org\/action-culturelle\/reveil-musique-sweetest-choice\/#primaryimage","url":"https:\/\/freddymorezon.org\/wp-content\/uploads\/2024\/11\/color3-01-scaled.jpg","contentUrl":"https:\/\/freddymorezon.org\/wp-content\/uploads\/2024\/11\/color3-01-scaled.jpg","width":2560,"height":1829},{"@type":"BreadcrumbList","@id":"https:\/\/freddymorezon.org\/action-culturelle\/reveil-musique-sweetest-choice\/#breadcrumb","itemListElement":[{"@type":"ListItem","position":1,"name":"Accueil","item":"https:\/\/freddymorezon.org\/"},{"@type":"ListItem","position":2,"name":"Action culturelle","item":"https:\/\/freddymorezon.org\/action-culturelle\/"},{"@type":"ListItem","position":3,"name":"R\u00e9veil en Musique &#8211; Sweetest Choice Jeune public"}]},{"@type":"WebSite","@id":"https:\/\/freddymorezon.org\/#website","url":"https:\/\/freddymorezon.org\/","name":"Freddy Morezon","description":"jazz - musique improvis\u00e9e - esth\u00e9tiques plurielles","publisher":{"@id":"https:\/\/freddymorezon.org\/#organization"},"potentialAction":[{"@type":"SearchAction","target":{"@type":"EntryPoint","urlTemplate":"https:\/\/freddymorezon.org\/?s={search_term_string}"},"query-input":{"@type":"PropertyValueSpecification","valueRequired":true,"valueName":"search_term_string"}}],"inLanguage":"en-US"},{"@type":"Organization","@id":"https:\/\/freddymorezon.org\/#organization","name":"Association Freddy Morezon","url":"https:\/\/freddymorezon.org\/","logo":{"@type":"ImageObject","inLanguage":"en-US","@id":"https:\/\/freddymorezon.org\/#\/schema\/logo\/image\/","url":"https:\/\/freddymorezon.org\/wp-content\/uploads\/2016\/02\/mini-logo-header-site2.jpg","contentUrl":"https:\/\/freddymorezon.org\/wp-content\/uploads\/2016\/02\/mini-logo-header-site2.jpg","width":234,"height":174,"caption":"Association Freddy Morezon"},"image":{"@id":"https:\/\/freddymorezon.org\/#\/schema\/logo\/image\/"},"sameAs":["https:\/\/www.facebook.com\/freddy.morezon\/","https:\/\/www.instagram.com\/freddymorezon\/","https:\/\/www.youtube.com\/user\/freddymorezon","https:\/\/fr.linkedin.com\/company\/freddy-morezon-p.r.o.d."]}]}},"_links":{"self":[{"href":"https:\/\/freddymorezon.org\/en\/wp-json\/wp\/v2\/pages\/2086","targetHints":{"allow":["GET"]}}],"collection":[{"href":"https:\/\/freddymorezon.org\/en\/wp-json\/wp\/v2\/pages"}],"about":[{"href":"https:\/\/freddymorezon.org\/en\/wp-json\/wp\/v2\/types\/page"}],"author":[{"embeddable":true,"href":"https:\/\/freddymorezon.org\/en\/wp-json\/wp\/v2\/users\/1"}],"replies":[{"embeddable":true,"href":"https:\/\/freddymorezon.org\/en\/wp-json\/wp\/v2\/comments?post=2086"}],"version-history":[{"count":61,"href":"https:\/\/freddymorezon.org\/en\/wp-json\/wp\/v2\/pages\/2086\/revisions"}],"predecessor-version":[{"id":23346,"href":"https:\/\/freddymorezon.org\/en\/wp-json\/wp\/v2\/pages\/2086\/revisions\/23346"}],"up":[{"embeddable":true,"href":"https:\/\/freddymorezon.org\/en\/wp-json\/wp\/v2\/pages\/136"}],"wp:featuredmedia":[{"embeddable":true,"href":"https:\/\/freddymorezon.org\/en\/wp-json\/wp\/v2\/media\/21287"}],"wp:attachment":[{"href":"https:\/\/freddymorezon.org\/en\/wp-json\/wp\/v2\/media?parent=2086"}],"wp:term":[{"taxonomy":"category","embeddable":true,"href":"https:\/\/freddymorezon.org\/en\/wp-json\/wp\/v2\/categories?post=2086"},{"taxonomy":"post_tag","embeddable":true,"href":"https:\/\/freddymorezon.org\/en\/wp-json\/wp\/v2\/tags?post=2086"}],"curies":[{"name":"wp","href":"https:\/\/api.w.org\/{rel}","templated":true}]}}