
{"id":2094,"date":"2016-06-20T14:08:38","date_gmt":"2016-06-20T13:08:38","guid":{"rendered":"https:\/\/freddymorezon.org\/?page_id=2094"},"modified":"2023-04-18T14:01:09","modified_gmt":"2023-04-18T13:01:09","slug":"grande-aventure-jazz","status":"publish","type":"page","link":"https:\/\/freddymorezon.org\/en\/action-culturelle\/grande-aventure-jazz\/","title":{"rendered":"La grande aventure du jazz <p>jeune public<\/p>"},"content":{"rendered":"<div id=\"pl-2094\"  class=\"panel-layout\" ><div id=\"pg-2094-0\"  class=\"panel-grid panel-no-style\" ><div id=\"pgc-2094-0-0\"  class=\"panel-grid-cell\" ><div id=\"panel-2094-0-0-0\" class=\"so-panel widget widget_sow-editor panel-first-child panel-last-child\" data-index=\"0\" ><div\n\t\t\t\n\t\t\tclass=\"so-widget-sow-editor so-widget-sow-editor-base\"\n\t\t\t\n\t\t>\n<div class=\"siteorigin-widget-tinymce textwidget\">\n\t<h3>Intervenants<\/h3>\n<p>Pascal Ryter, James Heumann, Paul Antoine Roubet, Fabien Binard, Caroline Itier et WAB<\/p>\n<\/div>\n<\/div><\/div><\/div><div id=\"pgc-2094-0-1\"  class=\"panel-grid-cell\" ><div id=\"panel-2094-0-1-0\" class=\"so-panel widget widget_sow-editor panel-first-child\" data-index=\"1\" ><div\n\t\t\t\n\t\t\tclass=\"so-widget-sow-editor so-widget-sow-editor-base\"\n\t\t\t\n\t\t>\n<div class=\"siteorigin-widget-tinymce textwidget\">\n\t<h2>La grande aventure du jazz<\/h2>\n<h3>Parcours culturel <span class=\"h3\">(2015 et 2016)<\/span><\/h3>\n<\/div>\n<\/div><\/div><div id=\"panel-2094-0-1-1\" class=\"so-panel widget widget_sow-image\" data-index=\"2\" ><div\n\t\t\t\n\t\t\tclass=\"so-widget-sow-image so-widget-sow-image-default-8b5b6f678277-2094\"\n\t\t\t\n\t\t>\n<div class=\"sow-image-container\">\n\t\t<img \n\tsrc=\"https:\/\/freddymorezon.org\/wp-content\/uploads\/2016\/02\/DSC02900-1240x560.jpg\" width=\"1240\" height=\"560\" sizes=\"(max-width: 1240px) 100vw, 1240px\" title=\"Parcours culturel\" alt=\"\" \t\tclass=\"so-widget-image\"\/>\n\t<\/div>\n\n<\/div><\/div><div id=\"panel-2094-0-1-2\" class=\"so-panel widget widget_sow-editor panel-last-child\" data-index=\"3\" ><div\n\t\t\t\n\t\t\tclass=\"so-widget-sow-editor so-widget-sow-editor-base\"\n\t\t\t\n\t\t>\n<div class=\"siteorigin-widget-tinymce textwidget\">\n\t<p style=\"text-align: left;\">Dans le cadre du dispositif \u00ab Passeport pour l\u2019art \u00bb de la ville de Toulouse, nous proposons un parcours culturel intitul\u00e9 : \u00abLa grande aventure du Jazz, des origines africaines aux machines \u00e9lectroniques\u00bb initialement propos\u00e9 par la salle le Mandala.<\/p>\n<p style=\"text-align: left;\">Six intervenants musiciens, feront voyager les enfants \u00e0 travers tout le XX\u00e8me si\u00e8cle et un voyage au c\u0153ur d\u2019une musique dans laquelle le monde entier s\u2019est rencontr\u00e9, m\u00e9lang\u00e9, reconnu\u2026 Les racines ainsi que les ramifications de la musique Jazz sont extr\u00eamement vastes et vari\u00e9es. En gardant une d\u00e9finition tr\u00e8s ouverte, le champ d\u2019exploration propos\u00e9 aux \u00e9l\u00e8ves ira des musiques du monde, et en particulier d\u2019Afrique et des Cara\u00efbes, \u00e0 des tendances modernes et urbaines telles que l\u2019\u00e9lectro jazz, le funk, le beat box... En passant bien sur par La Nouvelle-Orl\u00e9ans et les Etats-Unis plus largement.<br \/>\nLes ateliers, entre pratique et mise en perspective, associent la qualit\u00e9 \u00e9ducative au plaisir du jeu et de la d\u00e9couverte. Le parcours propose ainsi une approche empirique et culturelle \u00e0 la fois, c\u2019est-\u00e0-dire qui remet la pratique musicale dans son contexte culturel, esth\u00e9tique, g\u00e9ographique, historique, sociologique, technique, esth\u00e9tique\u2026 Comprendre d\u2019o\u00f9 viennent ces musiques, c\u2019est d\u00e9couvrir d\u2019autres cultures.<\/p>\n<\/div>\n<\/div><\/div><\/div><\/div><\/div>","protected":false},"excerpt":{"rendered":"<p>Intervenants Pascal Ryter, James Heumann, Paul Antoine Roubet, Fabien Binard, Caroline Itier et WAB La grande aventure du jazz Parcours culturel (2015 et 2016) Dans le cadre du dispositif \u00ab Passeport pour l\u2019art \u00bb de la ville de Toulouse, nous proposons un parcours culturel intitul\u00e9 : \u00abLa grande aventure du Jazz, des origines africaines aux&hellip;<\/p>\n<p><a class=\"more-link\" href=\"https:\/\/freddymorezon.org\/en\/action-culturelle\/grande-aventure-jazz\/\" title=\"Continue reading &lsquo;La grande aventure du jazz \n\n<p>jeune public<\/p>\n<p>&rsquo;&#8221;>Continue reading <span class=\"meta-nav\">&rarr;<\/span><\/a><\/p>\n","protected":false},"author":1,"featured_media":322,"parent":136,"menu_order":20,"comment_status":"closed","ping_status":"closed","template":"page-templates\/full-width.php","meta":{"om_disable_all_campaigns":false,"_monsterinsights_skip_tracking":false,"_monsterinsights_sitenote_active":false,"_monsterinsights_sitenote_note":"","_monsterinsights_sitenote_category":0,"_uf_show_specific_survey":0,"_uf_disable_surveys":false,"footnotes":""},"categories":[72],"tags":[],"class_list":["post-2094","page","type-page","status-publish","has-post-thumbnail","hentry","category-action-culturelle"],"aioseo_notices":[],"yoast_head":"<!-- This site is optimized with the Yoast SEO plugin v27.4 - https:\/\/yoast.com\/product\/yoast-seo-wordpress\/ -->\n<title>La grande aventure du jazz jeune public | Freddy Morezon<\/title>\n<meta name=\"robots\" content=\"index, follow, max-snippet:-1, max-image-preview:large, max-video-preview:-1\" \/>\n<link rel=\"canonical\" href=\"https:\/\/freddymorezon.org\/action-culturelle\/grande-aventure-jazz\/\" \/>\n<meta property=\"og:locale\" content=\"en_US\" \/>\n<meta property=\"og:type\" content=\"article\" \/>\n<meta property=\"og:title\" content=\"La grande aventure du jazz jeune public | Freddy Morezon\" \/>\n<meta property=\"og:description\" content=\"Intervenants Pascal Ryter, James Heumann, Paul Antoine Roubet, Fabien Binard, Caroline Itier et WAB La grande aventure du jazz Parcours culturel (2015 et 2016) Dans le cadre du dispositif \u00ab Passeport pour l\u2019art \u00bb de la ville de Toulouse, nous proposons un parcours culturel intitul\u00e9 : \u00abLa grande aventure du Jazz, des origines africaines aux&hellip;Continue reading &rarr;\" \/>\n<meta property=\"og:url\" content=\"https:\/\/freddymorezon.org\/action-culturelle\/grande-aventure-jazz\/\" \/>\n<meta property=\"og:site_name\" content=\"Freddy Morezon\" \/>\n<meta property=\"article:publisher\" content=\"https:\/\/www.facebook.com\/freddy.morezon\/\" \/>\n<meta property=\"article:modified_time\" content=\"2023-04-18T13:01:09+00:00\" \/>\n<meta property=\"og:image\" content=\"https:\/\/freddymorezon.org\/wp-content\/uploads\/2016\/02\/DSC02900-1240x800.jpg\" \/>\n\t<meta property=\"og:image:width\" content=\"1240\" \/>\n\t<meta property=\"og:image:height\" content=\"800\" \/>\n\t<meta property=\"og:image:type\" content=\"image\/jpeg\" \/>\n<meta name=\"twitter:card\" content=\"summary_large_image\" \/>\n<script type=\"application\/ld+json\" class=\"yoast-schema-graph\">{\"@context\":\"https:\\\/\\\/schema.org\",\"@graph\":[{\"@type\":\"WebPage\",\"@id\":\"https:\\\/\\\/freddymorezon.org\\\/action-culturelle\\\/grande-aventure-jazz\\\/\",\"url\":\"https:\\\/\\\/freddymorezon.org\\\/action-culturelle\\\/grande-aventure-jazz\\\/\",\"name\":\"La grande aventure du jazz jeune public | Freddy Morezon\",\"isPartOf\":{\"@id\":\"https:\\\/\\\/freddymorezon.org\\\/#website\"},\"primaryImageOfPage\":{\"@id\":\"https:\\\/\\\/freddymorezon.org\\\/action-culturelle\\\/grande-aventure-jazz\\\/#primaryimage\"},\"image\":{\"@id\":\"https:\\\/\\\/freddymorezon.org\\\/action-culturelle\\\/grande-aventure-jazz\\\/#primaryimage\"},\"thumbnailUrl\":\"https:\\\/\\\/freddymorezon.org\\\/wp-content\\\/uploads\\\/2016\\\/02\\\/DSC02900.jpg\",\"datePublished\":\"2016-06-20T13:08:38+00:00\",\"dateModified\":\"2023-04-18T13:01:09+00:00\",\"breadcrumb\":{\"@id\":\"https:\\\/\\\/freddymorezon.org\\\/action-culturelle\\\/grande-aventure-jazz\\\/#breadcrumb\"},\"inLanguage\":\"en-US\",\"potentialAction\":[{\"@type\":\"ReadAction\",\"target\":[\"https:\\\/\\\/freddymorezon.org\\\/action-culturelle\\\/grande-aventure-jazz\\\/\"]}]},{\"@type\":\"ImageObject\",\"inLanguage\":\"en-US\",\"@id\":\"https:\\\/\\\/freddymorezon.org\\\/action-culturelle\\\/grande-aventure-jazz\\\/#primaryimage\",\"url\":\"https:\\\/\\\/freddymorezon.org\\\/wp-content\\\/uploads\\\/2016\\\/02\\\/DSC02900.jpg\",\"contentUrl\":\"https:\\\/\\\/freddymorezon.org\\\/wp-content\\\/uploads\\\/2016\\\/02\\\/DSC02900.jpg\",\"width\":2592,\"height\":1944},{\"@type\":\"BreadcrumbList\",\"@id\":\"https:\\\/\\\/freddymorezon.org\\\/action-culturelle\\\/grande-aventure-jazz\\\/#breadcrumb\",\"itemListElement\":[{\"@type\":\"ListItem\",\"position\":1,\"name\":\"Accueil\",\"item\":\"https:\\\/\\\/freddymorezon.org\\\/\"},{\"@type\":\"ListItem\",\"position\":2,\"name\":\"Action culturelle\",\"item\":\"https:\\\/\\\/freddymorezon.org\\\/action-culturelle\\\/\"},{\"@type\":\"ListItem\",\"position\":3,\"name\":\"La grande aventure du jazz jeune public\"}]},{\"@type\":\"WebSite\",\"@id\":\"https:\\\/\\\/freddymorezon.org\\\/#website\",\"url\":\"https:\\\/\\\/freddymorezon.org\\\/\",\"name\":\"Freddy Morezon\",\"description\":\"jazz - musique improvis\u00e9e - esth\u00e9tiques plurielles\",\"publisher\":{\"@id\":\"https:\\\/\\\/freddymorezon.org\\\/#organization\"},\"potentialAction\":[{\"@type\":\"SearchAction\",\"target\":{\"@type\":\"EntryPoint\",\"urlTemplate\":\"https:\\\/\\\/freddymorezon.org\\\/?s={search_term_string}\"},\"query-input\":{\"@type\":\"PropertyValueSpecification\",\"valueRequired\":true,\"valueName\":\"search_term_string\"}}],\"inLanguage\":\"en-US\"},{\"@type\":\"Organization\",\"@id\":\"https:\\\/\\\/freddymorezon.org\\\/#organization\",\"name\":\"Association Freddy Morezon\",\"url\":\"https:\\\/\\\/freddymorezon.org\\\/\",\"logo\":{\"@type\":\"ImageObject\",\"inLanguage\":\"en-US\",\"@id\":\"https:\\\/\\\/freddymorezon.org\\\/#\\\/schema\\\/logo\\\/image\\\/\",\"url\":\"https:\\\/\\\/freddymorezon.org\\\/wp-content\\\/uploads\\\/2016\\\/02\\\/mini-logo-header-site2.jpg\",\"contentUrl\":\"https:\\\/\\\/freddymorezon.org\\\/wp-content\\\/uploads\\\/2016\\\/02\\\/mini-logo-header-site2.jpg\",\"width\":234,\"height\":174,\"caption\":\"Association Freddy Morezon\"},\"image\":{\"@id\":\"https:\\\/\\\/freddymorezon.org\\\/#\\\/schema\\\/logo\\\/image\\\/\"},\"sameAs\":[\"https:\\\/\\\/www.facebook.com\\\/freddy.morezon\\\/\",\"https:\\\/\\\/www.instagram.com\\\/freddymorezon\\\/\",\"https:\\\/\\\/www.youtube.com\\\/user\\\/freddymorezon\",\"https:\\\/\\\/fr.linkedin.com\\\/company\\\/freddy-morezon-p.r.o.d.\"]}]}<\/script>\n<!-- \/ Yoast SEO plugin. -->","yoast_head_json":{"title":"La grande aventure du jazz jeune public | Freddy Morezon","robots":{"index":"index","follow":"follow","max-snippet":"max-snippet:-1","max-image-preview":"max-image-preview:large","max-video-preview":"max-video-preview:-1"},"canonical":"https:\/\/freddymorezon.org\/action-culturelle\/grande-aventure-jazz\/","og_locale":"en_US","og_type":"article","og_title":"La grande aventure du jazz jeune public | Freddy Morezon","og_description":"Intervenants Pascal Ryter, James Heumann, Paul Antoine Roubet, Fabien Binard, Caroline Itier et WAB La grande aventure du jazz Parcours culturel (2015 et 2016) Dans le cadre du dispositif \u00ab Passeport pour l\u2019art \u00bb de la ville de Toulouse, nous proposons un parcours culturel intitul\u00e9 : \u00abLa grande aventure du Jazz, des origines africaines aux&hellip;Continue reading &rarr;","og_url":"https:\/\/freddymorezon.org\/action-culturelle\/grande-aventure-jazz\/","og_site_name":"Freddy Morezon","article_publisher":"https:\/\/www.facebook.com\/freddy.morezon\/","article_modified_time":"2023-04-18T13:01:09+00:00","og_image":[{"width":1240,"height":800,"url":"https:\/\/freddymorezon.org\/wp-content\/uploads\/2016\/02\/DSC02900-1240x800.jpg","type":"image\/jpeg"}],"twitter_card":"summary_large_image","schema":{"@context":"https:\/\/schema.org","@graph":[{"@type":"WebPage","@id":"https:\/\/freddymorezon.org\/action-culturelle\/grande-aventure-jazz\/","url":"https:\/\/freddymorezon.org\/action-culturelle\/grande-aventure-jazz\/","name":"La grande aventure du jazz jeune public | Freddy Morezon","isPartOf":{"@id":"https:\/\/freddymorezon.org\/#website"},"primaryImageOfPage":{"@id":"https:\/\/freddymorezon.org\/action-culturelle\/grande-aventure-jazz\/#primaryimage"},"image":{"@id":"https:\/\/freddymorezon.org\/action-culturelle\/grande-aventure-jazz\/#primaryimage"},"thumbnailUrl":"https:\/\/freddymorezon.org\/wp-content\/uploads\/2016\/02\/DSC02900.jpg","datePublished":"2016-06-20T13:08:38+00:00","dateModified":"2023-04-18T13:01:09+00:00","breadcrumb":{"@id":"https:\/\/freddymorezon.org\/action-culturelle\/grande-aventure-jazz\/#breadcrumb"},"inLanguage":"en-US","potentialAction":[{"@type":"ReadAction","target":["https:\/\/freddymorezon.org\/action-culturelle\/grande-aventure-jazz\/"]}]},{"@type":"ImageObject","inLanguage":"en-US","@id":"https:\/\/freddymorezon.org\/action-culturelle\/grande-aventure-jazz\/#primaryimage","url":"https:\/\/freddymorezon.org\/wp-content\/uploads\/2016\/02\/DSC02900.jpg","contentUrl":"https:\/\/freddymorezon.org\/wp-content\/uploads\/2016\/02\/DSC02900.jpg","width":2592,"height":1944},{"@type":"BreadcrumbList","@id":"https:\/\/freddymorezon.org\/action-culturelle\/grande-aventure-jazz\/#breadcrumb","itemListElement":[{"@type":"ListItem","position":1,"name":"Accueil","item":"https:\/\/freddymorezon.org\/"},{"@type":"ListItem","position":2,"name":"Action culturelle","item":"https:\/\/freddymorezon.org\/action-culturelle\/"},{"@type":"ListItem","position":3,"name":"La grande aventure du jazz jeune public"}]},{"@type":"WebSite","@id":"https:\/\/freddymorezon.org\/#website","url":"https:\/\/freddymorezon.org\/","name":"Freddy Morezon","description":"jazz - musique improvis\u00e9e - esth\u00e9tiques plurielles","publisher":{"@id":"https:\/\/freddymorezon.org\/#organization"},"potentialAction":[{"@type":"SearchAction","target":{"@type":"EntryPoint","urlTemplate":"https:\/\/freddymorezon.org\/?s={search_term_string}"},"query-input":{"@type":"PropertyValueSpecification","valueRequired":true,"valueName":"search_term_string"}}],"inLanguage":"en-US"},{"@type":"Organization","@id":"https:\/\/freddymorezon.org\/#organization","name":"Association Freddy Morezon","url":"https:\/\/freddymorezon.org\/","logo":{"@type":"ImageObject","inLanguage":"en-US","@id":"https:\/\/freddymorezon.org\/#\/schema\/logo\/image\/","url":"https:\/\/freddymorezon.org\/wp-content\/uploads\/2016\/02\/mini-logo-header-site2.jpg","contentUrl":"https:\/\/freddymorezon.org\/wp-content\/uploads\/2016\/02\/mini-logo-header-site2.jpg","width":234,"height":174,"caption":"Association Freddy Morezon"},"image":{"@id":"https:\/\/freddymorezon.org\/#\/schema\/logo\/image\/"},"sameAs":["https:\/\/www.facebook.com\/freddy.morezon\/","https:\/\/www.instagram.com\/freddymorezon\/","https:\/\/www.youtube.com\/user\/freddymorezon","https:\/\/fr.linkedin.com\/company\/freddy-morezon-p.r.o.d."]}]}},"_links":{"self":[{"href":"https:\/\/freddymorezon.org\/en\/wp-json\/wp\/v2\/pages\/2094","targetHints":{"allow":["GET"]}}],"collection":[{"href":"https:\/\/freddymorezon.org\/en\/wp-json\/wp\/v2\/pages"}],"about":[{"href":"https:\/\/freddymorezon.org\/en\/wp-json\/wp\/v2\/types\/page"}],"author":[{"embeddable":true,"href":"https:\/\/freddymorezon.org\/en\/wp-json\/wp\/v2\/users\/1"}],"replies":[{"embeddable":true,"href":"https:\/\/freddymorezon.org\/en\/wp-json\/wp\/v2\/comments?post=2094"}],"version-history":[{"count":14,"href":"https:\/\/freddymorezon.org\/en\/wp-json\/wp\/v2\/pages\/2094\/revisions"}],"predecessor-version":[{"id":17455,"href":"https:\/\/freddymorezon.org\/en\/wp-json\/wp\/v2\/pages\/2094\/revisions\/17455"}],"up":[{"embeddable":true,"href":"https:\/\/freddymorezon.org\/en\/wp-json\/wp\/v2\/pages\/136"}],"wp:featuredmedia":[{"embeddable":true,"href":"https:\/\/freddymorezon.org\/en\/wp-json\/wp\/v2\/media\/322"}],"wp:attachment":[{"href":"https:\/\/freddymorezon.org\/en\/wp-json\/wp\/v2\/media?parent=2094"}],"wp:term":[{"taxonomy":"category","embeddable":true,"href":"https:\/\/freddymorezon.org\/en\/wp-json\/wp\/v2\/categories?post=2094"},{"taxonomy":"post_tag","embeddable":true,"href":"https:\/\/freddymorezon.org\/en\/wp-json\/wp\/v2\/tags?post=2094"}],"curies":[{"name":"wp","href":"https:\/\/api.w.org\/{rel}","templated":true}]}}