
{"id":212,"date":"2016-02-04T17:35:27","date_gmt":"2016-02-04T16:35:27","guid":{"rendered":"https:\/\/freddymorezon.org\/?page_id=212"},"modified":"2024-11-07T16:50:28","modified_gmt":"2024-11-07T14:50:28","slug":"contact","status":"publish","type":"page","link":"https:\/\/freddymorezon.org\/en\/contact\/","title":{"rendered":"Contact"},"content":{"rendered":"<div id=\"pl-212\"  class=\"panel-layout\" ><div id=\"pg-212-0\"  class=\"panel-grid panel-no-style\" ><div id=\"pgc-212-0-0\"  class=\"panel-grid-cell\" ><div id=\"panel-212-0-0-0\" class=\"so-panel widget widget_sow-editor panel-first-child panel-last-child\" data-index=\"0\" ><div\n\t\t\t\n\t\t\tclass=\"so-widget-sow-editor so-widget-sow-editor-base\"\n\t\t\t\n\t\t>\n<div class=\"siteorigin-widget-tinymce textwidget\">\n\t<h2>The team<\/h2>\n<p><strong>Production director<\/strong><br \/>\nClaire Dabos - claire[a]freddymorezon.org<\/p>\n<p><strong>Production administrator<\/strong><br \/>\nAlexandra Cirotteau - alexandra[a]freddymorezon.org<\/p>\n<p><strong>Production and projects development<\/strong><br \/>\nSarah Recla - sarah[a]freddymorezon.org<\/p>\n<p><strong>Production and projects development<\/strong><br \/>\nFran\u00e7ois Montjosieu - francois[a]freddymorezon.org<\/p>\n<p><strong>Administration<\/strong><br \/>\nClara B\u00e9e - administration[a]freddymorezon.org<\/p>\n<p><strong>Communication &amp; Medias<\/strong><br \/>\nC\u00e9line Blanch\u00e9 - celine[a]freddymorezon.org<\/p>\n<\/div>\n<\/div><\/div><\/div><div id=\"pgc-212-0-1\"  class=\"panel-grid-cell\" ><div id=\"panel-212-0-1-0\" class=\"so-panel widget widget_sow-image panel-first-child\" data-index=\"1\" ><div\n\t\t\t\n\t\t\tclass=\"so-widget-sow-image so-widget-sow-image-default-8b5b6f678277-212\"\n\t\t\t\n\t\t>\n<div class=\"sow-image-container\">\n\t\t<img \n\tsrc=\"https:\/\/freddymorezon.org\/wp-content\/uploads\/2024\/11\/Equipe-Freddy-site.png\" width=\"2145\" height=\"1438\" srcset=\"https:\/\/freddymorezon.org\/wp-content\/uploads\/2024\/11\/Equipe-Freddy-site.png 2145w, https:\/\/freddymorezon.org\/wp-content\/uploads\/2024\/11\/Equipe-Freddy-site-800x536.png 800w, https:\/\/freddymorezon.org\/wp-content\/uploads\/2024\/11\/Equipe-Freddy-site-1536x1030.png 1536w, https:\/\/freddymorezon.org\/wp-content\/uploads\/2024\/11\/Equipe-Freddy-site-2048x1373.png 2048w, https:\/\/freddymorezon.org\/wp-content\/uploads\/2024\/11\/Equipe-Freddy-site-300x200.png 300w, https:\/\/freddymorezon.org\/wp-content\/uploads\/2024\/11\/Equipe-Freddy-site-400x268.png 400w, https:\/\/freddymorezon.org\/wp-content\/uploads\/2024\/11\/Equipe-Freddy-site-272x182.png 272w\" sizes=\"(max-width: 2145px) 100vw, 2145px\" title=\"Equipe Freddy site\" alt=\"\" \t\tclass=\"so-widget-image\"\/>\n\t<\/div>\n\n<\/div><\/div><div id=\"panel-212-0-1-1\" class=\"so-panel widget widget_sow-editor panel-last-child\" data-index=\"2\" ><div\n\t\t\t\n\t\t\tclass=\"so-widget-sow-editor so-widget-sow-editor-base\"\n\t\t\t\n\t\t>\n<div class=\"siteorigin-widget-tinymce textwidget\">\n\t<p style=\"text-align: right;\">Photo \u00a9 Claire Hugonnet<\/p>\n<\/div>\n<\/div><\/div><\/div><\/div><div id=\"pg-212-1\"  class=\"panel-grid panel-no-style\" ><div id=\"pgc-212-1-0\"  class=\"panel-grid-cell\" ><div id=\"panel-212-1-0-0\" class=\"so-panel widget widget_sow-editor panel-first-child panel-last-child\" data-index=\"3\" ><div\n\t\t\t\n\t\t\tclass=\"so-widget-sow-editor so-widget-sow-editor-base\"\n\t\t\t\n\t\t>\n<div class=\"siteorigin-widget-tinymce textwidget\">\n\t<h3>Freddy Morezon<\/h3>\n<p><strong>Postal address<\/strong><br \/>\nAssociation Freddy Morezon<br \/>\n17 place int\u00e9rieure Saint-Cyprien<br \/>\n31300 Toulouse<br \/>\nFRANCE<\/p>\n<p><strong>Phone :<\/strong> +33 (0)5 67 00 23 55<\/p>\n<p><strong>Registered office :<\/strong><br \/>\n8 impasse de Negreneys<br \/>\n31200 Toulouse<br \/>\nFRANCE<\/p>\n<\/div>\n<\/div><\/div><\/div><div id=\"pgc-212-1-1\"  class=\"panel-grid-cell\" ><div id=\"panel-212-1-1-0\" class=\"so-panel widget widget_sow-editor panel-first-child panel-last-child\" data-index=\"4\" ><div\n\t\t\t\n\t\t\tclass=\"so-widget-sow-editor so-widget-sow-editor-base\"\n\t\t\t\n\t\t>\n<div class=\"siteorigin-widget-tinymce textwidget\">\n\t<p><strong>Registered office :<\/strong><br \/>\n8 impasse de Negreneys<br \/>\n31200 Toulouse<br \/>\nFRANCE<\/p>\n<p><strong>APE :<\/strong> 9001Z \/ <strong>SIRET :<\/strong> 47872189700039 \/ <strong>TVA :<\/strong> FR96478721897<br \/>\n<strong><em>Licences d'entrepreneurs de spectacles<\/em> :<\/strong><br \/>\nL-R-22-003320 et L-R-22-003219<\/p>\n<h3>Committee of the association<\/h3>\n<p><strong>President<\/strong> : Denis Cr\u00e9ancier<br \/>\n<strong>Secretary<\/strong> : Laure Lebrun<br \/>\n<strong>Treasurer<\/strong> : Nicolas Somarriba<\/p>\n<\/div>\n<\/div><\/div><\/div><\/div><\/div>","protected":false},"excerpt":{"rendered":"<p>The team Production director Claire Dabos &#8211; claire[a]freddymorezon.org Production administrator Alexandra Cirotteau &#8211; alexandra[a]freddymorezon.org Production and projects development Sarah Recla &#8211; sarah[a]freddymorezon.org Production and projects development Fran\u00e7ois Montjosieu &#8211; francois[a]freddymorezon.org Administration Clara B\u00e9e &#8211; administration[a]freddymorezon.org Communication &amp; Medias C\u00e9line Blanch\u00e9 &#8211; celine[a]freddymorezon.org Photo \u00a9 Claire Hugonnet Freddy Morezon Postal address Association Freddy Morezon 17 place&hellip;<\/p>\n<p><a class=\"more-link\" href=\"https:\/\/freddymorezon.org\/en\/contact\/\" title=\"Continue reading &lsquo;Contact&rsquo;\">Continue reading <span class=\"meta-nav\">&rarr;<\/span><\/a><\/p>\n","protected":false},"author":1,"featured_media":0,"parent":0,"menu_order":0,"comment_status":"closed","ping_status":"closed","template":"page-templates\/full-width.php","meta":{"om_disable_all_campaigns":false,"_monsterinsights_skip_tracking":false,"_monsterinsights_sitenote_active":false,"_monsterinsights_sitenote_note":"","_monsterinsights_sitenote_category":0,"_uf_show_specific_survey":0,"_uf_disable_surveys":false,"footnotes":""},"categories":[],"tags":[],"class_list":["post-212","page","type-page","status-publish","hentry"],"aioseo_notices":[],"yoast_head":"<!-- This site is optimized with the Yoast SEO plugin v27.4 - https:\/\/yoast.com\/product\/yoast-seo-wordpress\/ -->\n<title>Contact | Freddy Morezon<\/title>\n<meta name=\"robots\" content=\"index, follow, max-snippet:-1, max-image-preview:large, max-video-preview:-1\" \/>\n<link rel=\"canonical\" href=\"https:\/\/freddymorezon.org\/contact\/\" \/>\n<meta property=\"og:locale\" content=\"en_US\" \/>\n<meta property=\"og:type\" content=\"article\" \/>\n<meta property=\"og:title\" content=\"Contact | Freddy Morezon\" \/>\n<meta property=\"og:description\" content=\"The team Production director Claire Dabos - claire[a]freddymorezon.org Production administrator Alexandra Cirotteau - alexandra[a]freddymorezon.org Production and projects development Sarah Recla - sarah[a]freddymorezon.org Production and projects development Fran\u00e7ois Montjosieu - francois[a]freddymorezon.org Administration Clara B\u00e9e - administration[a]freddymorezon.org Communication &amp; Medias C\u00e9line Blanch\u00e9 - celine[a]freddymorezon.org Photo \u00a9 Claire Hugonnet Freddy Morezon Postal address Association Freddy Morezon 17 place&hellip;Continue reading &rarr;\" \/>\n<meta property=\"og:url\" content=\"https:\/\/freddymorezon.org\/contact\/\" \/>\n<meta property=\"og:site_name\" content=\"Freddy Morezon\" \/>\n<meta property=\"article:publisher\" content=\"https:\/\/www.facebook.com\/freddy.morezon\/\" \/>\n<meta property=\"article:modified_time\" content=\"2024-11-07T14:50:28+00:00\" \/>\n<meta property=\"og:image\" content=\"https:\/\/freddymorezon.org\/wp-content\/uploads\/2016\/02\/mini-logo-header-site2.jpg\" \/>\n\t<meta property=\"og:image:width\" content=\"234\" \/>\n\t<meta property=\"og:image:height\" content=\"174\" \/>\n\t<meta property=\"og:image:type\" content=\"image\/jpeg\" \/>\n<meta name=\"twitter:card\" content=\"summary_large_image\" \/>\n<script type=\"application\/ld+json\" class=\"yoast-schema-graph\">{\"@context\":\"https:\\\/\\\/schema.org\",\"@graph\":[{\"@type\":\"WebPage\",\"@id\":\"https:\\\/\\\/freddymorezon.org\\\/contact\\\/\",\"url\":\"https:\\\/\\\/freddymorezon.org\\\/contact\\\/\",\"name\":\"Contact | Freddy Morezon\",\"isPartOf\":{\"@id\":\"https:\\\/\\\/freddymorezon.org\\\/#website\"},\"datePublished\":\"2016-02-04T16:35:27+00:00\",\"dateModified\":\"2024-11-07T14:50:28+00:00\",\"breadcrumb\":{\"@id\":\"https:\\\/\\\/freddymorezon.org\\\/contact\\\/#breadcrumb\"},\"inLanguage\":\"en-US\",\"potentialAction\":[{\"@type\":\"ReadAction\",\"target\":[\"https:\\\/\\\/freddymorezon.org\\\/contact\\\/\"]}]},{\"@type\":\"BreadcrumbList\",\"@id\":\"https:\\\/\\\/freddymorezon.org\\\/contact\\\/#breadcrumb\",\"itemListElement\":[{\"@type\":\"ListItem\",\"position\":1,\"name\":\"Accueil\",\"item\":\"https:\\\/\\\/freddymorezon.org\\\/\"},{\"@type\":\"ListItem\",\"position\":2,\"name\":\"Contact\"}]},{\"@type\":\"WebSite\",\"@id\":\"https:\\\/\\\/freddymorezon.org\\\/#website\",\"url\":\"https:\\\/\\\/freddymorezon.org\\\/\",\"name\":\"Freddy Morezon\",\"description\":\"jazz - musique improvis\u00e9e - esth\u00e9tiques plurielles\",\"publisher\":{\"@id\":\"https:\\\/\\\/freddymorezon.org\\\/#organization\"},\"potentialAction\":[{\"@type\":\"SearchAction\",\"target\":{\"@type\":\"EntryPoint\",\"urlTemplate\":\"https:\\\/\\\/freddymorezon.org\\\/?s={search_term_string}\"},\"query-input\":{\"@type\":\"PropertyValueSpecification\",\"valueRequired\":true,\"valueName\":\"search_term_string\"}}],\"inLanguage\":\"en-US\"},{\"@type\":\"Organization\",\"@id\":\"https:\\\/\\\/freddymorezon.org\\\/#organization\",\"name\":\"Association Freddy Morezon\",\"url\":\"https:\\\/\\\/freddymorezon.org\\\/\",\"logo\":{\"@type\":\"ImageObject\",\"inLanguage\":\"en-US\",\"@id\":\"https:\\\/\\\/freddymorezon.org\\\/#\\\/schema\\\/logo\\\/image\\\/\",\"url\":\"https:\\\/\\\/freddymorezon.org\\\/wp-content\\\/uploads\\\/2016\\\/02\\\/mini-logo-header-site2.jpg\",\"contentUrl\":\"https:\\\/\\\/freddymorezon.org\\\/wp-content\\\/uploads\\\/2016\\\/02\\\/mini-logo-header-site2.jpg\",\"width\":234,\"height\":174,\"caption\":\"Association Freddy Morezon\"},\"image\":{\"@id\":\"https:\\\/\\\/freddymorezon.org\\\/#\\\/schema\\\/logo\\\/image\\\/\"},\"sameAs\":[\"https:\\\/\\\/www.facebook.com\\\/freddy.morezon\\\/\",\"https:\\\/\\\/www.instagram.com\\\/freddymorezon\\\/\",\"https:\\\/\\\/www.youtube.com\\\/user\\\/freddymorezon\",\"https:\\\/\\\/fr.linkedin.com\\\/company\\\/freddy-morezon-p.r.o.d.\"]}]}<\/script>\n<!-- \/ Yoast SEO plugin. -->","yoast_head_json":{"title":"Contact | Freddy Morezon","robots":{"index":"index","follow":"follow","max-snippet":"max-snippet:-1","max-image-preview":"max-image-preview:large","max-video-preview":"max-video-preview:-1"},"canonical":"https:\/\/freddymorezon.org\/contact\/","og_locale":"en_US","og_type":"article","og_title":"Contact | Freddy Morezon","og_description":"The team Production director Claire Dabos - claire[a]freddymorezon.org Production administrator Alexandra Cirotteau - alexandra[a]freddymorezon.org Production and projects development Sarah Recla - sarah[a]freddymorezon.org Production and projects development Fran\u00e7ois Montjosieu - francois[a]freddymorezon.org Administration Clara B\u00e9e - administration[a]freddymorezon.org Communication &amp; Medias C\u00e9line Blanch\u00e9 - celine[a]freddymorezon.org Photo \u00a9 Claire Hugonnet Freddy Morezon Postal address Association Freddy Morezon 17 place&hellip;Continue reading &rarr;","og_url":"https:\/\/freddymorezon.org\/contact\/","og_site_name":"Freddy Morezon","article_publisher":"https:\/\/www.facebook.com\/freddy.morezon\/","article_modified_time":"2024-11-07T14:50:28+00:00","og_image":[{"width":234,"height":174,"url":"https:\/\/freddymorezon.org\/wp-content\/uploads\/2016\/02\/mini-logo-header-site2.jpg","type":"image\/jpeg"}],"twitter_card":"summary_large_image","schema":{"@context":"https:\/\/schema.org","@graph":[{"@type":"WebPage","@id":"https:\/\/freddymorezon.org\/contact\/","url":"https:\/\/freddymorezon.org\/contact\/","name":"Contact | Freddy Morezon","isPartOf":{"@id":"https:\/\/freddymorezon.org\/#website"},"datePublished":"2016-02-04T16:35:27+00:00","dateModified":"2024-11-07T14:50:28+00:00","breadcrumb":{"@id":"https:\/\/freddymorezon.org\/contact\/#breadcrumb"},"inLanguage":"en-US","potentialAction":[{"@type":"ReadAction","target":["https:\/\/freddymorezon.org\/contact\/"]}]},{"@type":"BreadcrumbList","@id":"https:\/\/freddymorezon.org\/contact\/#breadcrumb","itemListElement":[{"@type":"ListItem","position":1,"name":"Accueil","item":"https:\/\/freddymorezon.org\/"},{"@type":"ListItem","position":2,"name":"Contact"}]},{"@type":"WebSite","@id":"https:\/\/freddymorezon.org\/#website","url":"https:\/\/freddymorezon.org\/","name":"Freddy Morezon","description":"jazz - musique improvis\u00e9e - esth\u00e9tiques plurielles","publisher":{"@id":"https:\/\/freddymorezon.org\/#organization"},"potentialAction":[{"@type":"SearchAction","target":{"@type":"EntryPoint","urlTemplate":"https:\/\/freddymorezon.org\/?s={search_term_string}"},"query-input":{"@type":"PropertyValueSpecification","valueRequired":true,"valueName":"search_term_string"}}],"inLanguage":"en-US"},{"@type":"Organization","@id":"https:\/\/freddymorezon.org\/#organization","name":"Association Freddy Morezon","url":"https:\/\/freddymorezon.org\/","logo":{"@type":"ImageObject","inLanguage":"en-US","@id":"https:\/\/freddymorezon.org\/#\/schema\/logo\/image\/","url":"https:\/\/freddymorezon.org\/wp-content\/uploads\/2016\/02\/mini-logo-header-site2.jpg","contentUrl":"https:\/\/freddymorezon.org\/wp-content\/uploads\/2016\/02\/mini-logo-header-site2.jpg","width":234,"height":174,"caption":"Association Freddy Morezon"},"image":{"@id":"https:\/\/freddymorezon.org\/#\/schema\/logo\/image\/"},"sameAs":["https:\/\/www.facebook.com\/freddy.morezon\/","https:\/\/www.instagram.com\/freddymorezon\/","https:\/\/www.youtube.com\/user\/freddymorezon","https:\/\/fr.linkedin.com\/company\/freddy-morezon-p.r.o.d."]}]}},"_links":{"self":[{"href":"https:\/\/freddymorezon.org\/en\/wp-json\/wp\/v2\/pages\/212","targetHints":{"allow":["GET"]}}],"collection":[{"href":"https:\/\/freddymorezon.org\/en\/wp-json\/wp\/v2\/pages"}],"about":[{"href":"https:\/\/freddymorezon.org\/en\/wp-json\/wp\/v2\/types\/page"}],"author":[{"embeddable":true,"href":"https:\/\/freddymorezon.org\/en\/wp-json\/wp\/v2\/users\/1"}],"replies":[{"embeddable":true,"href":"https:\/\/freddymorezon.org\/en\/wp-json\/wp\/v2\/comments?post=212"}],"version-history":[{"count":85,"href":"https:\/\/freddymorezon.org\/en\/wp-json\/wp\/v2\/pages\/212\/revisions"}],"predecessor-version":[{"id":21286,"href":"https:\/\/freddymorezon.org\/en\/wp-json\/wp\/v2\/pages\/212\/revisions\/21286"}],"wp:attachment":[{"href":"https:\/\/freddymorezon.org\/en\/wp-json\/wp\/v2\/media?parent=212"}],"wp:term":[{"taxonomy":"category","embeddable":true,"href":"https:\/\/freddymorezon.org\/en\/wp-json\/wp\/v2\/categories?post=212"},{"taxonomy":"post_tag","embeddable":true,"href":"https:\/\/freddymorezon.org\/en\/wp-json\/wp\/v2\/tags?post=212"}],"curies":[{"name":"wp","href":"https:\/\/api.w.org\/{rel}","templated":true}]}}