
{"id":21602,"date":"2025-01-13T13:42:56","date_gmt":"2025-01-13T11:42:56","guid":{"rendered":"https:\/\/freddymorezon.org\/?page_id=21602"},"modified":"2025-07-07T17:42:54","modified_gmt":"2025-07-07T15:42:54","slug":"passe-montagne","status":"publish","type":"page","link":"https:\/\/freddymorezon.org\/en\/label\/passe-montagne\/","title":{"rendered":"Passe Montagne"},"content":{"rendered":"<div id=\"pl-21602\"  class=\"panel-layout\" ><div id=\"pg-21602-0\"  class=\"panel-grid panel-no-style\" ><div id=\"pgc-21602-0-0\"  class=\"panel-grid-cell\" ><div id=\"panel-21602-0-0-0\" class=\"so-panel widget widget_sow-image panel-first-child\" data-index=\"0\" ><div\n\t\t\t\n\t\t\tclass=\"so-widget-sow-image so-widget-sow-image-default-8b5b6f678277-21602\"\n\t\t\t\n\t\t>\n<div class=\"sow-image-container\">\n\t\t<img \n\tsrc=\"https:\/\/freddymorezon.org\/wp-content\/uploads\/2025\/01\/LAYOUTDIGIPACK_BEDMAKERS-Passe_Montagne-copie-400x400.jpg\" width=\"400\" height=\"400\" srcset=\"https:\/\/freddymorezon.org\/wp-content\/uploads\/2025\/01\/LAYOUTDIGIPACK_BEDMAKERS-Passe_Montagne-copie-400x400.jpg 400w, https:\/\/freddymorezon.org\/wp-content\/uploads\/2025\/01\/LAYOUTDIGIPACK_BEDMAKERS-Passe_Montagne-copie-150x150.jpg 150w, https:\/\/freddymorezon.org\/wp-content\/uploads\/2025\/01\/LAYOUTDIGIPACK_BEDMAKERS-Passe_Montagne-copie-100x100.jpg 100w, https:\/\/freddymorezon.org\/wp-content\/uploads\/2025\/01\/LAYOUTDIGIPACK_BEDMAKERS-Passe_Montagne-copie-300x300.jpg 300w\" sizes=\"(max-width: 400px) 100vw, 400px\" title=\"LAYOUTDIGIPACK_BEDMAKERS-Passe_Montagne &#8211; copie\" alt=\"\" \t\tclass=\"so-widget-image\"\/>\n\t<\/div>\n\n<\/div><\/div><div id=\"panel-21602-0-0-1\" class=\"so-panel widget widget_sow-editor\" data-index=\"1\" ><div\n\t\t\t\n\t\t\tclass=\"so-widget-sow-editor so-widget-sow-editor-base\"\n\t\t\t\n\t\t>\n<div class=\"siteorigin-widget-tinymce textwidget\">\n\t<div class=\"commande-album\" style=\"text-align: left;\">\n<div class=\"ajout-panier woocommerce add_to_cart_inline\">\n<h3>Commander<\/h3>\n<h4>CD<\/h4>\n<p class=\"product woocommerce add_to_cart_inline \" style=\"border: 4px solid #cccccc; padding: 12px;\"><span class=\"woocommerce-Price-amount amount\"><bdi>15,00<span class=\"woocommerce-Price-currencySymbol\">\u20ac<\/span><\/bdi><\/span><\/p>\n<p class=\"product woocommerce add_to_cart_inline \" style=\"border: 4px solid #cccccc; padding: 12px;\"><a class=\"button product_type_simple add_to_cart_button ajax_add_to_cart\" href=\"?add-to-cart=21610\" rel=\"nofollow\" aria-describedby=\"woocommerce_loop_add_to_cart_link_describedby_21610 \" data-quantity=\"1\" data-product_id=\"21610 \" data-product_sku=\"\" aria-label=\"Ajouter au panier : \u201cPasse Montagne CD\u201d\" data-success_message=\"\u00ab Passe Montagne - CD \u00bb a \u00e9t\u00e9 ajout\u00e9 \u00e0 votre panier\">Ajouter au panier<\/a><br \/>\n<span id=\"woocommerce_loop_add_to_cart_link_describedby_21610 \" class=\"screen-reader-text\"><br \/>\n<\/span><\/p>\n<\/div>\n<\/div>\n<\/div>\n<\/div><\/div><div id=\"panel-21602-0-0-2\" class=\"so-panel widget widget_sow-editor\" data-index=\"2\" ><div\n\t\t\t\n\t\t\tclass=\"so-widget-sow-editor so-widget-sow-editor-base\"\n\t\t\t\n\t\t>\n<div class=\"siteorigin-widget-tinymce textwidget\">\n\t<p><iframe style=\"border: 0; width: 100%; height: 472px;\" src=\"https:\/\/bandcamp.com\/EmbeddedPlayer\/album=710513586\/size=large\/bgcol=ffffff\/linkcol=0687f5\/artwork=none\/transparent=true\/\" seamless><a href=\"https:\/\/mrmorezon.bandcamp.com\/album\/passe-montagne\">passe montagne by Bedmakers, Robin Fincker, Mathieu Werchowski, Dave Kane, Fabien Duscombs<\/a><\/iframe><\/p>\n<\/div>\n<\/div><\/div><div id=\"panel-21602-0-0-3\" class=\"so-panel widget widget_sow-editor\" data-index=\"3\" ><div\n\t\t\t\n\t\t\tclass=\"so-widget-sow-editor so-widget-sow-editor-base\"\n\t\t\t\n\t\t><h3 class=\"widget-title\">DISTRIBUTION<\/h3>\n<div class=\"siteorigin-widget-tinymce textwidget\">\n\t<p>Robin Fincker - tenor sax \/ clarinet<br \/>\nMathieu Werchowski - violin<br \/>\nDave Kane - bass<br \/>\nFabien Duscombs - drums<\/p>\n<\/div>\n<\/div><\/div><div id=\"panel-21602-0-0-4\" class=\"so-panel widget widget_sow-headline\" data-index=\"4\" ><div\n\t\t\t\n\t\t\tclass=\"so-widget-sow-headline so-widget-sow-headline-default-7f8f2d03a0dd-21602\"\n\t\t\t\n\t\t><div class=\"sow-headline-container \">\n\t\t\t\t\t\t<div class=\"decoration\">\n\t\t\t\t\t\t<div class=\"decoration-inside\"><\/div>\n\t\t\t\t\t<\/div>\n\t\t\t\t\t<\/div>\n<\/div><\/div><div id=\"panel-21602-0-0-5\" class=\"so-panel widget widget_sow-editor panel-last-child\" data-index=\"5\" ><div\n\t\t\t\n\t\t\tclass=\"so-widget-sow-editor so-widget-sow-editor-base\"\n\t\t\t\n\t\t>\n<div class=\"siteorigin-widget-tinymce textwidget\">\n\t<h3>Links<\/h3>\n<ul>\n<li><i class=\"fa fa-chevron-right fa-2x\"><\/i> <a href=\"https:\/\/freddymorezon.org\/catalogue\/bedmakers\/\" target=\"_blank\" rel=\"noopener\">Bedmakers<\/a><\/li>\n<li><i class=\"fa fa-chevron-right fa-2x\"><\/i> <a href=\"https:\/\/freddymorezon.org\/artistes\/robin-fincker\/\">Robin Fincker<\/a><\/li>\n<li><i class=\"fa fa-chevron-right fa-2x\"><\/i> <a href=\"https:\/\/freddymorezon.org\/artistes\/mathieu-werchowski\/\" target=\"_blank\" rel=\"noopener noreferrer\">Mathieu Werchowski<\/a><\/li>\n<li><i class=\"fa fa-chevron-right fa-2x\"><\/i> <a href=\"https:\/\/freddymorezon.org\/artistes\/fabien-duscombs\/\">Fabien Duscombs<\/a><\/li>\n<\/ul>\n<p>&nbsp;<\/p>\n<\/div>\n<\/div><\/div><\/div><div id=\"pgc-21602-0-1\"  class=\"panel-grid-cell\" ><div id=\"panel-21602-0-1-0\" class=\"so-panel widget widget_sow-headline panel-first-child\" data-index=\"6\" ><div\n\t\t\t\n\t\t\tclass=\"so-widget-sow-headline so-widget-sow-headline-default-c8fa18c4903e-21602\"\n\t\t\t\n\t\t><div class=\"sow-headline-container \">\n\t\t\t\t\t\t\t<h2 class=\"sow-headline\">\n\t\t\t\t\t\tPASSE MONTAGNE\t\t\t\t\t\t<\/h2>\n\t\t\t\t\t\t\t\t\t\t\t\t<h3 class=\"sow-sub-headline\">\n\t\t\t\t\t\t<h3>Bedmakers<\/h3> Mr Morezon 038 \u23ae 31 janvier 2025\t\t\t\t\t\t<\/h3>\n\t\t\t\t\t\t\t\t\t\t\t<div class=\"decoration\">\n\t\t\t\t\t\t<div class=\"decoration-inside\"><\/div>\n\t\t\t\t\t<\/div>\n\t\t\t\t\t<\/div>\n<\/div><\/div><div id=\"panel-21602-0-1-1\" class=\"so-panel widget widget_sow-editor\" data-index=\"7\" ><div\n\t\t\t\n\t\t\tclass=\"so-widget-sow-editor so-widget-sow-editor-base\"\n\t\t\t\n\t\t>\n<div class=\"siteorigin-widget-tinymce textwidget\">\n\t<p><em>S<\/em>urnom d\u2019un passeur de fronti\u00e8re imaginaire et d\u2019une cagoule aux airs zapatistes,\u00a0<em>Passe Montagne<\/em>\u00a0fait \u00e9cho aux chemins de traverse et \u00e0 l\u2019envie l\u00e9g\u00e8re d\u2019aller voir ce qui se trame de l\u2019autre c\u00f4t\u00e9 de la cr\u00eate.<br \/>\nBourr\u00e9es en hommage \u00e0 Ornette Coleman, grooves du bayou cajun issus d\u2019une vague de cliquetis bruitistes, ballades \u00e9voquant de vastes landes suivies de reels au bord du pr\u00e9cipice :\u00a0<em>Bedmakers<\/em>\u00a0se joue et joue avec tout, cherchant la joie, la faille ou la transe selon l\u2019envie du moment. Ici, seul compte le d\u00e9sir de libert\u00e9 et de surprise propre aux musiques de l\u2019instant, conjugu\u00e9 \u00e0 un r\u00e9pertoire aux multiples paysages sonores.<br \/>\nLe r\u00e9sultat est un kal\u00e9idoscope musical dans lequel le son du groupe pr\u00e9vaut sur les voix individuelles, au service d\u2019un r\u00e9cit partag\u00e9 et partageur.<\/p>\n<\/div>\n<\/div><\/div><div id=\"panel-21602-0-1-2\" class=\"so-panel widget widget_sow-editor\" data-index=\"8\" ><div\n\t\t\t\n\t\t\tclass=\"so-widget-sow-editor so-widget-sow-editor-base\"\n\t\t\t\n\t\t>\n<div class=\"siteorigin-widget-tinymce textwidget\">\n\t<p><iframe loading=\"lazy\" title=\"BEDMAKERS passe montagne teaser #1\" width=\"790\" height=\"444\" src=\"https:\/\/www.youtube.com\/embed\/sqIABk_M4z4?feature=oembed\" frameborder=\"0\" allow=\"accelerometer; autoplay; clipboard-write; encrypted-media; gyroscope; picture-in-picture; web-share\" referrerpolicy=\"strict-origin-when-cross-origin\" allowfullscreen><\/iframe><\/p>\n<\/div>\n<\/div><\/div><div id=\"panel-21602-0-1-3\" class=\"so-panel widget widget_eo_event_list_widget EO_Event_List_Widget panel-last-child\" data-index=\"9\" >\n\n\t\t\n<!--\n\t<ul id=\"\" class=\"\" > \n\t\t<li class=\"eo-no-events\" >  <\/li>\n\t<\/ul>\n\t-->\n\n\n<\/div><\/div><\/div><\/div>","protected":false},"excerpt":{"rendered":"<p>Janvier 2025<\/p>\n","protected":false},"author":1,"featured_media":21603,"parent":140,"menu_order":0,"comment_status":"closed","ping_status":"closed","template":"page-templates\/full-width.php","meta":{"om_disable_all_campaigns":false,"_monsterinsights_skip_tracking":false,"_monsterinsights_sitenote_active":false,"_monsterinsights_sitenote_note":"","_monsterinsights_sitenote_category":0,"_uf_show_specific_survey":0,"_uf_disable_surveys":false,"footnotes":""},"categories":[810,101,1174,68],"tags":[],"class_list":["post-21602","page","type-page","status-publish","has-post-thumbnail","hentry","category-bedmakers","category-discographie","category-page-label","category-tribute-to-an-imaginary-folk-band"],"aioseo_notices":[],"yoast_head":"<!-- This site is optimized with the Yoast SEO plugin v27.4 - https:\/\/yoast.com\/product\/yoast-seo-wordpress\/ -->\n<title>Passe Montagne | Freddy Morezon<\/title>\n<meta name=\"robots\" content=\"index, follow, max-snippet:-1, max-image-preview:large, max-video-preview:-1\" \/>\n<link rel=\"canonical\" href=\"https:\/\/freddymorezon.org\/label\/passe-montagne\/\" \/>\n<meta property=\"og:locale\" content=\"en_US\" \/>\n<meta property=\"og:type\" content=\"article\" \/>\n<meta property=\"og:title\" content=\"Passe Montagne | Freddy Morezon\" \/>\n<meta property=\"og:description\" content=\"[:fr]Janvier 2025[:en]Janvier 2025[:]\" \/>\n<meta property=\"og:url\" content=\"https:\/\/freddymorezon.org\/label\/passe-montagne\/\" \/>\n<meta property=\"og:site_name\" content=\"Freddy Morezon\" \/>\n<meta property=\"article:publisher\" content=\"https:\/\/www.facebook.com\/freddy.morezon\/\" \/>\n<meta property=\"article:modified_time\" content=\"2025-07-07T15:42:54+00:00\" \/>\n<meta property=\"og:image\" content=\"https:\/\/freddymorezon.org\/wp-content\/uploads\/2025\/01\/LAYOUTDIGIPACK_BEDMAKERS-Passe_Montagne-copie.jpg\" \/>\n\t<meta property=\"og:image:width\" content=\"1683\" \/>\n\t<meta property=\"og:image:height\" content=\"1511\" \/>\n\t<meta property=\"og:image:type\" content=\"image\/jpeg\" \/>\n<meta name=\"twitter:card\" content=\"summary_large_image\" \/>\n<script type=\"application\/ld+json\" class=\"yoast-schema-graph\">{\"@context\":\"https:\\\/\\\/schema.org\",\"@graph\":[{\"@type\":\"WebPage\",\"@id\":\"https:\\\/\\\/freddymorezon.org\\\/label\\\/passe-montagne\\\/\",\"url\":\"https:\\\/\\\/freddymorezon.org\\\/label\\\/passe-montagne\\\/\",\"name\":\"Passe Montagne | Freddy Morezon\",\"isPartOf\":{\"@id\":\"https:\\\/\\\/freddymorezon.org\\\/#website\"},\"primaryImageOfPage\":{\"@id\":\"https:\\\/\\\/freddymorezon.org\\\/label\\\/passe-montagne\\\/#primaryimage\"},\"image\":{\"@id\":\"https:\\\/\\\/freddymorezon.org\\\/label\\\/passe-montagne\\\/#primaryimage\"},\"thumbnailUrl\":\"https:\\\/\\\/freddymorezon.org\\\/wp-content\\\/uploads\\\/2025\\\/01\\\/LAYOUTDIGIPACK_BEDMAKERS-Passe_Montagne-copie.jpg\",\"datePublished\":\"2025-01-13T11:42:56+00:00\",\"dateModified\":\"2025-07-07T15:42:54+00:00\",\"breadcrumb\":{\"@id\":\"https:\\\/\\\/freddymorezon.org\\\/label\\\/passe-montagne\\\/#breadcrumb\"},\"inLanguage\":\"en-US\",\"potentialAction\":[{\"@type\":\"ReadAction\",\"target\":[\"https:\\\/\\\/freddymorezon.org\\\/label\\\/passe-montagne\\\/\"]}]},{\"@type\":\"ImageObject\",\"inLanguage\":\"en-US\",\"@id\":\"https:\\\/\\\/freddymorezon.org\\\/label\\\/passe-montagne\\\/#primaryimage\",\"url\":\"https:\\\/\\\/freddymorezon.org\\\/wp-content\\\/uploads\\\/2025\\\/01\\\/LAYOUTDIGIPACK_BEDMAKERS-Passe_Montagne-copie.jpg\",\"contentUrl\":\"https:\\\/\\\/freddymorezon.org\\\/wp-content\\\/uploads\\\/2025\\\/01\\\/LAYOUTDIGIPACK_BEDMAKERS-Passe_Montagne-copie.jpg\",\"width\":1683,\"height\":1511},{\"@type\":\"BreadcrumbList\",\"@id\":\"https:\\\/\\\/freddymorezon.org\\\/label\\\/passe-montagne\\\/#breadcrumb\",\"itemListElement\":[{\"@type\":\"ListItem\",\"position\":1,\"name\":\"Accueil\",\"item\":\"https:\\\/\\\/freddymorezon.org\\\/\"},{\"@type\":\"ListItem\",\"position\":2,\"name\":\"Label\",\"item\":\"https:\\\/\\\/freddymorezon.org\\\/label\\\/\"},{\"@type\":\"ListItem\",\"position\":3,\"name\":\"Passe Montagne\"}]},{\"@type\":\"WebSite\",\"@id\":\"https:\\\/\\\/freddymorezon.org\\\/#website\",\"url\":\"https:\\\/\\\/freddymorezon.org\\\/\",\"name\":\"Freddy Morezon\",\"description\":\"jazz - musique improvis\u00e9e - esth\u00e9tiques plurielles\",\"publisher\":{\"@id\":\"https:\\\/\\\/freddymorezon.org\\\/#organization\"},\"potentialAction\":[{\"@type\":\"SearchAction\",\"target\":{\"@type\":\"EntryPoint\",\"urlTemplate\":\"https:\\\/\\\/freddymorezon.org\\\/?s={search_term_string}\"},\"query-input\":{\"@type\":\"PropertyValueSpecification\",\"valueRequired\":true,\"valueName\":\"search_term_string\"}}],\"inLanguage\":\"en-US\"},{\"@type\":\"Organization\",\"@id\":\"https:\\\/\\\/freddymorezon.org\\\/#organization\",\"name\":\"Association Freddy Morezon\",\"url\":\"https:\\\/\\\/freddymorezon.org\\\/\",\"logo\":{\"@type\":\"ImageObject\",\"inLanguage\":\"en-US\",\"@id\":\"https:\\\/\\\/freddymorezon.org\\\/#\\\/schema\\\/logo\\\/image\\\/\",\"url\":\"https:\\\/\\\/freddymorezon.org\\\/wp-content\\\/uploads\\\/2016\\\/02\\\/mini-logo-header-site2.jpg\",\"contentUrl\":\"https:\\\/\\\/freddymorezon.org\\\/wp-content\\\/uploads\\\/2016\\\/02\\\/mini-logo-header-site2.jpg\",\"width\":234,\"height\":174,\"caption\":\"Association Freddy Morezon\"},\"image\":{\"@id\":\"https:\\\/\\\/freddymorezon.org\\\/#\\\/schema\\\/logo\\\/image\\\/\"},\"sameAs\":[\"https:\\\/\\\/www.facebook.com\\\/freddy.morezon\\\/\",\"https:\\\/\\\/www.instagram.com\\\/freddymorezon\\\/\",\"https:\\\/\\\/www.youtube.com\\\/user\\\/freddymorezon\",\"https:\\\/\\\/fr.linkedin.com\\\/company\\\/freddy-morezon-p.r.o.d.\"]}]}<\/script>\n<!-- \/ Yoast SEO plugin. -->","yoast_head_json":{"title":"Passe Montagne | Freddy Morezon","robots":{"index":"index","follow":"follow","max-snippet":"max-snippet:-1","max-image-preview":"max-image-preview:large","max-video-preview":"max-video-preview:-1"},"canonical":"https:\/\/freddymorezon.org\/label\/passe-montagne\/","og_locale":"en_US","og_type":"article","og_title":"Passe Montagne | Freddy Morezon","og_description":"[:fr]Janvier 2025[:en]Janvier 2025[:]","og_url":"https:\/\/freddymorezon.org\/label\/passe-montagne\/","og_site_name":"Freddy Morezon","article_publisher":"https:\/\/www.facebook.com\/freddy.morezon\/","article_modified_time":"2025-07-07T15:42:54+00:00","og_image":[{"width":1683,"height":1511,"url":"https:\/\/freddymorezon.org\/wp-content\/uploads\/2025\/01\/LAYOUTDIGIPACK_BEDMAKERS-Passe_Montagne-copie.jpg","type":"image\/jpeg"}],"twitter_card":"summary_large_image","schema":{"@context":"https:\/\/schema.org","@graph":[{"@type":"WebPage","@id":"https:\/\/freddymorezon.org\/label\/passe-montagne\/","url":"https:\/\/freddymorezon.org\/label\/passe-montagne\/","name":"Passe Montagne | Freddy Morezon","isPartOf":{"@id":"https:\/\/freddymorezon.org\/#website"},"primaryImageOfPage":{"@id":"https:\/\/freddymorezon.org\/label\/passe-montagne\/#primaryimage"},"image":{"@id":"https:\/\/freddymorezon.org\/label\/passe-montagne\/#primaryimage"},"thumbnailUrl":"https:\/\/freddymorezon.org\/wp-content\/uploads\/2025\/01\/LAYOUTDIGIPACK_BEDMAKERS-Passe_Montagne-copie.jpg","datePublished":"2025-01-13T11:42:56+00:00","dateModified":"2025-07-07T15:42:54+00:00","breadcrumb":{"@id":"https:\/\/freddymorezon.org\/label\/passe-montagne\/#breadcrumb"},"inLanguage":"en-US","potentialAction":[{"@type":"ReadAction","target":["https:\/\/freddymorezon.org\/label\/passe-montagne\/"]}]},{"@type":"ImageObject","inLanguage":"en-US","@id":"https:\/\/freddymorezon.org\/label\/passe-montagne\/#primaryimage","url":"https:\/\/freddymorezon.org\/wp-content\/uploads\/2025\/01\/LAYOUTDIGIPACK_BEDMAKERS-Passe_Montagne-copie.jpg","contentUrl":"https:\/\/freddymorezon.org\/wp-content\/uploads\/2025\/01\/LAYOUTDIGIPACK_BEDMAKERS-Passe_Montagne-copie.jpg","width":1683,"height":1511},{"@type":"BreadcrumbList","@id":"https:\/\/freddymorezon.org\/label\/passe-montagne\/#breadcrumb","itemListElement":[{"@type":"ListItem","position":1,"name":"Accueil","item":"https:\/\/freddymorezon.org\/"},{"@type":"ListItem","position":2,"name":"Label","item":"https:\/\/freddymorezon.org\/label\/"},{"@type":"ListItem","position":3,"name":"Passe Montagne"}]},{"@type":"WebSite","@id":"https:\/\/freddymorezon.org\/#website","url":"https:\/\/freddymorezon.org\/","name":"Freddy Morezon","description":"jazz - musique improvis\u00e9e - esth\u00e9tiques plurielles","publisher":{"@id":"https:\/\/freddymorezon.org\/#organization"},"potentialAction":[{"@type":"SearchAction","target":{"@type":"EntryPoint","urlTemplate":"https:\/\/freddymorezon.org\/?s={search_term_string}"},"query-input":{"@type":"PropertyValueSpecification","valueRequired":true,"valueName":"search_term_string"}}],"inLanguage":"en-US"},{"@type":"Organization","@id":"https:\/\/freddymorezon.org\/#organization","name":"Association Freddy Morezon","url":"https:\/\/freddymorezon.org\/","logo":{"@type":"ImageObject","inLanguage":"en-US","@id":"https:\/\/freddymorezon.org\/#\/schema\/logo\/image\/","url":"https:\/\/freddymorezon.org\/wp-content\/uploads\/2016\/02\/mini-logo-header-site2.jpg","contentUrl":"https:\/\/freddymorezon.org\/wp-content\/uploads\/2016\/02\/mini-logo-header-site2.jpg","width":234,"height":174,"caption":"Association Freddy Morezon"},"image":{"@id":"https:\/\/freddymorezon.org\/#\/schema\/logo\/image\/"},"sameAs":["https:\/\/www.facebook.com\/freddy.morezon\/","https:\/\/www.instagram.com\/freddymorezon\/","https:\/\/www.youtube.com\/user\/freddymorezon","https:\/\/fr.linkedin.com\/company\/freddy-morezon-p.r.o.d."]}]}},"_links":{"self":[{"href":"https:\/\/freddymorezon.org\/en\/wp-json\/wp\/v2\/pages\/21602","targetHints":{"allow":["GET"]}}],"collection":[{"href":"https:\/\/freddymorezon.org\/en\/wp-json\/wp\/v2\/pages"}],"about":[{"href":"https:\/\/freddymorezon.org\/en\/wp-json\/wp\/v2\/types\/page"}],"author":[{"embeddable":true,"href":"https:\/\/freddymorezon.org\/en\/wp-json\/wp\/v2\/users\/1"}],"replies":[{"embeddable":true,"href":"https:\/\/freddymorezon.org\/en\/wp-json\/wp\/v2\/comments?post=21602"}],"version-history":[{"count":16,"href":"https:\/\/freddymorezon.org\/en\/wp-json\/wp\/v2\/pages\/21602\/revisions"}],"predecessor-version":[{"id":23449,"href":"https:\/\/freddymorezon.org\/en\/wp-json\/wp\/v2\/pages\/21602\/revisions\/23449"}],"up":[{"embeddable":true,"href":"https:\/\/freddymorezon.org\/en\/wp-json\/wp\/v2\/pages\/140"}],"wp:featuredmedia":[{"embeddable":true,"href":"https:\/\/freddymorezon.org\/en\/wp-json\/wp\/v2\/media\/21603"}],"wp:attachment":[{"href":"https:\/\/freddymorezon.org\/en\/wp-json\/wp\/v2\/media?parent=21602"}],"wp:term":[{"taxonomy":"category","embeddable":true,"href":"https:\/\/freddymorezon.org\/en\/wp-json\/wp\/v2\/categories?post=21602"},{"taxonomy":"post_tag","embeddable":true,"href":"https:\/\/freddymorezon.org\/en\/wp-json\/wp\/v2\/tags?post=21602"}],"curies":[{"name":"wp","href":"https:\/\/api.w.org\/{rel}","templated":true}]}}