
{"id":21685,"date":"2025-01-17T11:50:32","date_gmt":"2025-01-17T09:50:32","guid":{"rendered":"https:\/\/freddymorezon.org\/?page_id=21685"},"modified":"2025-01-27T18:35:07","modified_gmt":"2025-01-27T16:35:07","slug":"harfangrosewind","status":"publish","type":"page","link":"https:\/\/freddymorezon.org\/en\/harfangrosewind\/","title":{"rendered":"Harfang Rosewind"},"content":{"rendered":"<div id=\"pl-21685\"  class=\"panel-layout\" ><div id=\"pg-21685-0\"  class=\"panel-grid panel-no-style\" ><div id=\"pgc-21685-0-0\"  class=\"panel-grid-cell\" ><div id=\"panel-21685-0-0-0\" class=\"so-panel widget widget_eo_event_list_widget EO_Event_List_Widget panel-first-child\" data-index=\"0\" >\n\n\t\t\n<!--\n\t<ul id=\"\" class=\"\" > \n\t\t<li class=\"eo-no-events\" >  <\/li>\n\t<\/ul>\n\t-->\n\n\n<\/div><div id=\"panel-21685-0-0-1\" class=\"so-panel widget widget_sow-button\" data-index=\"1\" ><div\n\t\t\t\n\t\t\tclass=\"so-widget-sow-button so-widget-sow-button-flat-5192bebda948-21685\"\n\t\t\t\n\t\t><div class=\"ow-button-base ow-button-align-center\"\n>\n\t\t\t<a\n\t\t\t\t\thref=\"https:\/\/freddymorezon.org\/theogonie\/agenda-harfang-rosewind\/\"\n\t\t\t\t\tclass=\"sowb-button ow-icon-placement-left ow-button-hover\" \t>\n\t\t<span>\n\t\t\t\n\t\t\tView all tour dates\t\t<\/span>\n\t\t\t<\/a>\n\t<\/div>\n<\/div><\/div><div id=\"panel-21685-0-0-2\" class=\"so-panel widget widget_sow-editor\" data-index=\"2\" ><div\n\t\t\t\n\t\t\tclass=\"so-widget-sow-editor so-widget-sow-editor-base\"\n\t\t\t\n\t\t>\n<div class=\"siteorigin-widget-tinymce textwidget\">\n\t<h3>Line-up<\/h3>\n<p><strong>Meril\u00f9 Solito :<\/strong> voice<br \/>\n<strong>Marc D\u00e9mereau :<\/strong> saxophones<br \/>\n<strong>Laurent Paris :<\/strong> drums<\/p>\n<\/div>\n<\/div><\/div><div id=\"panel-21685-0-0-3\" class=\"so-panel widget widget_sow-headline\" data-index=\"3\" ><div\n\t\t\t\n\t\t\tclass=\"so-widget-sow-headline so-widget-sow-headline-default-ec1eb4cebc48-21685\"\n\t\t\t\n\t\t><div class=\"sow-headline-container \">\n\t\t\t\t\t\t<div class=\"decoration\">\n\t\t\t\t\t\t<div class=\"decoration-inside\"><\/div>\n\t\t\t\t\t<\/div>\n\t\t\t\t\t<\/div>\n<\/div><\/div><div id=\"panel-21685-0-0-4\" class=\"so-panel widget widget_sow-editor\" data-index=\"4\" ><div\n\t\t\t\n\t\t\tclass=\"so-widget-sow-editor so-widget-sow-editor-base\"\n\t\t\t\n\t\t>\n<div class=\"siteorigin-widget-tinymce textwidget\">\n\t<h3 class=\"widget-title\">Contact<\/h3>\n<p>Marc D\u00e9mereau \/\/ marc.demereau[@]free.fr<\/p>\n<\/div>\n<\/div><\/div><div id=\"panel-21685-0-0-5\" class=\"so-panel widget widget_sow-headline\" data-index=\"5\" ><div\n\t\t\t\n\t\t\tclass=\"so-widget-sow-headline so-widget-sow-headline-default-ec1eb4cebc48-21685\"\n\t\t\t\n\t\t><div class=\"sow-headline-container \">\n\t\t\t\t\t\t<div class=\"decoration\">\n\t\t\t\t\t\t<div class=\"decoration-inside\"><\/div>\n\t\t\t\t\t<\/div>\n\t\t\t\t\t<\/div>\n<\/div><\/div><div id=\"panel-21685-0-0-6\" class=\"so-panel widget widget_sow-editor panel-last-child\" data-index=\"6\" ><div\n\t\t\t\n\t\t\tclass=\"so-widget-sow-editor so-widget-sow-editor-base\"\n\t\t\t\n\t\t>\n<div class=\"siteorigin-widget-tinymce textwidget\">\n\t<h3>links<\/h3>\n<p><i class=\"fa fa-folder fa-4x\"><\/i> <a title=\"pack pro\" href=\"https:\/\/fichiers.freddymorezon.org\/index.php\/s\/d9VVlzvzkH6zWkf\" target=\"_blank\" rel=\"noopener noreferrer\">Pack pro<\/a><\/p>\n<ul>\n<\/ul>\n<ul>\n<li><i class=\"fa fa-chevron-right fa-2x\"><\/i> <a href=\"https:\/\/freddymorezon.org\/artistes\/marc-demereau\/\">Marc D\u00e9mereau<\/a><\/li>\n<li><i class=\"fa fa-chevron-right fa-2x\"><\/i> <a href=\"https:\/\/freddymorezon.org\/artistes\/laurent-paris\/\">Laurent Paris<\/a><\/li>\n<\/ul>\n<\/div>\n<\/div><\/div><\/div><div id=\"pgc-21685-0-1\"  class=\"panel-grid-cell\" ><div id=\"panel-21685-0-1-0\" class=\"so-panel widget widget_sow-editor panel-first-child\" data-index=\"7\" ><div\n\t\t\t\n\t\t\tclass=\"so-widget-sow-editor so-widget-sow-editor-base\"\n\t\t\t\n\t\t>\n<div class=\"siteorigin-widget-tinymce textwidget\">\n\t<h1>Harfang Rosewind<\/h1>\n<h2Th\u00e9ogonie\n\n\n<h4>un r\u00e9cit \u00e9lectrique<\/h4>\n<\/div>\n<\/div><\/div><div id=\"panel-21685-0-1-1\" class=\"so-panel widget widget_sow-image\" data-index=\"8\" ><div\n\t\t\t\n\t\t\tclass=\"so-widget-sow-image so-widget-sow-image-default-8b5b6f678277-21685\"\n\t\t\t\n\t\t>\n<div class=\"sow-image-container\">\n\t\t<img \n\tsrc=\"https:\/\/freddymorezon.org\/wp-content\/uploads\/2025\/01\/IMG-20241119-WA0020.jpg\" width=\"1440\" height=\"927\" srcset=\"https:\/\/freddymorezon.org\/wp-content\/uploads\/2025\/01\/IMG-20241119-WA0020.jpg 1440w, https:\/\/freddymorezon.org\/wp-content\/uploads\/2025\/01\/IMG-20241119-WA0020-800x515.jpg 800w, https:\/\/freddymorezon.org\/wp-content\/uploads\/2025\/01\/IMG-20241119-WA0020-400x258.jpg 400w\" sizes=\"(max-width: 1440px) 100vw, 1440px\" alt=\"\" \t\tclass=\"so-widget-image\"\/>\n\t<\/div>\n\n<\/div><\/div><div id=\"panel-21685-0-1-2\" class=\"so-panel widget widget_sow-editor\" data-index=\"9\" ><div\n\t\t\t\n\t\t\tclass=\"so-widget-sow-editor so-widget-sow-editor-base\"\n\t\t\t\n\t\t>\n<div class=\"siteorigin-widget-tinymce textwidget\">\n\t<p><strong>Les premi\u00e8res histoires de mythologie grecque racont\u00e9es par Meril\u00f9 Solito au son de la musique improvis\u00e9e de Marc D\u00e9mereau et Laurent Paris<\/strong><\/p>\n<p>Au milieu du chaos contemporain nous nous sommes tourn\u00e9s vers le Chaos mythologique d'il y a 3000 ans, en cherchant peut-\u00eatre un rep\u00e8re, un nouveau point d'origine, nous avons s\u00fbrement trouv\u00e9 un miroir. L'encha\u00eenement des procr\u00e9ations et confrontations de ces cr\u00e9atures monstrueuses nous ram\u00e8ne avec force aux pulsions destructrices qui fa\u00e7onnent le monde aujourd'hui, mais l'originaire pr\u00e9sence d'Amour ou la naissance de la Beaut\u00e9, ne permettent pas une lecture univoque et, au contraire, incendient de complexit\u00e9 le r\u00e9cit. La musique n'accompagne pas, elle raconte autant que le texte; jamais illustrative, en grande partie improvis\u00e9e sur la trame des mots, elle agit comme un r\u00e9sonateur de ce qui est dit, un amplificateur de ce qui n'est pas dit. L'improvisation l'assigne au pr\u00e9sent du spectacle, attentive qu'elle est l'ici et au maintenant de la repr\u00e9sentation, aux \u00e9nergies de l'instant, toujours changeantes et vivantes.<\/p>\n<\/div>\n<\/div><\/div><div id=\"panel-21685-0-1-3\" class=\"so-panel widget widget_sow-editor panel-last-child\" data-index=\"10\" ><div\n\t\t\t\n\t\t\tclass=\"so-widget-sow-editor so-widget-sow-editor-base\"\n\t\t\t\n\t\t>\n<div class=\"siteorigin-widget-tinymce textwidget\">\n\t<div class=\"pt-cv-wrapper\">\n<div class=\"pt-cv-view pt-cv-scrollable pt-cv-colsys pt-cv-left pt-cv-sharp-buttons\" id=\"pt-cv-view-773da4fwo8\">\n<div data-id=\"pt-cv-page-1\" class=\"pt-cv-page\" data-cvc=\"1\">\n<div id=\"0038a16s6o\" class=\"pt-cv-carousel pt-cv-slide\" data-ride=\"cvcarousel\" data-interval=false>\n<div class=\"carousel-inner\">\n<div class=\"item active\">\n<div class=\"row\">\n<div class=\"col-md-12 col-sm-12 col-xs-12 pt-cv-content-item pt-cv-1-col\"  data-pid=\"21688\">\n<div class=\"pt-cv-carousel-caption pt-cv-cap-wo-img\">\n<div class=\"pt-cv-content\">\n<p><iframe loading=\"lazy\" title=\"HARFANG ROSEWIND - TH\u00c9OGONIE - TEASER\" width=\"790\" height=\"444\" src=\"https:\/\/www.youtube.com\/embed\/onPCFJb1qBI?feature=oembed\" frameborder=\"0\" allow=\"accelerometer; autoplay; clipboard-write; encrypted-media; gyroscope; picture-in-picture; web-share\" referrerpolicy=\"strict-origin-when-cross-origin\" allowfullscreen><\/iframe><\/p>\n<\/div>\n<\/div>\n<\/div>\n<\/div>\n<\/div>\n<\/div>\n<\/div>\n<\/div>\n<\/div>\n<\/div>\n<style type=\"text\/css\" id=\"pt-cv-inline-style-18925ber8d\">#pt-cv-view-773da4fwo8.pt-cv-post-border .pt-cv-content-item   { border-top-style: solid; border-left-style: solid; }\n#pt-cv-view-773da4fwo8 .pt-cv-title a, #pt-cv-view-773da4fwo8  .panel-title { font-weight: 600 !important; }\n#pt-cv-view-773da4fwo8 .pt-cv-specialp * { font-size: 13px !important; line-height: 1.3 !important; color: #fff !important; background-color: #CC3333 !important; }\n#pt-cv-view-773da4fwo8 .pt-cv-pficon  { color: #bbb !important; }\n#pt-cv-view-773da4fwo8  .add_to_cart_button, #pt-cv-view-773da4fwo8  .add_to_cart_button *   { color: #ffffff !important; background-color: #00aeef !important; }\n#pt-cv-view-773da4fwo8  .woocommerce-onsale   { color: #ffffff !important; background-color: #ff5a5f !important; }\n#pt-cv-view-773da4fwo8 .pt-cv-readmore  { color: #ffffff !important; background-color: #00aeef !important; }\n#pt-cv-view-773da4fwo8 .pt-cv-readmore:hover  { color: #ffffff !important; background-color: #00aeef !important; }\n#pt-cv-view-773da4fwo8  + .pt-cv-pagination-wrapper .pt-cv-more , #pt-cv-view-773da4fwo8  + .pt-cv-pagination-wrapper .pagination .active a { color: #ffffff !important; background-color: #00aeef !important; }\n#pt-cv-view-773da4fwo8 .pt-cv-gls-header  { background-color: #00aeef !important; }\n#pt-cv-view-773da4fwo8 .pt-cv-tao  { font-size: 20px !important; line-height: 1.3 !important; color: #ffffff !important; background-color: #00aeef !important; }\n#pt-cv-view-773da4fwo8 { text-align: left; }<\/style>\n<\/div>\n<\/div><\/div><\/div><\/div><\/div>","protected":false},"excerpt":{"rendered":"<p>Line-up Meril\u00f9 Solito : voice Marc D\u00e9mereau : saxophones Laurent Paris : drums Contact Marc D\u00e9mereau \/\/ marc.demereau[@]free.fr links Pack pro Marc D\u00e9mereau Laurent Paris Harfang Rosewind<\/p>\n","protected":false},"author":1,"featured_media":0,"parent":0,"menu_order":0,"comment_status":"closed","ping_status":"closed","template":"page-templates\/full-width.php","meta":{"om_disable_all_campaigns":false,"_monsterinsights_skip_tracking":false,"_monsterinsights_sitenote_active":false,"_monsterinsights_sitenote_note":"","_monsterinsights_sitenote_category":0,"_uf_show_specific_survey":0,"_uf_disable_surveys":false,"footnotes":""},"categories":[1350,1081,1074],"tags":[],"class_list":["post-21685","page","type-page","status-publish","hentry","category-harfang-rosewind","category-laurent-paris","category-marc-demereau"],"aioseo_notices":[],"yoast_head":"<!-- This site is optimized with the Yoast SEO plugin v27.4 - https:\/\/yoast.com\/product\/yoast-seo-wordpress\/ -->\n<title>Harfang Rosewind | Freddy Morezon<\/title>\n<meta name=\"robots\" content=\"index, follow, max-snippet:-1, max-image-preview:large, max-video-preview:-1\" \/>\n<link rel=\"canonical\" href=\"https:\/\/freddymorezon.org\/harfangrosewind\/\" \/>\n<meta property=\"og:locale\" content=\"en_US\" \/>\n<meta property=\"og:type\" content=\"article\" \/>\n<meta property=\"og:title\" content=\"Harfang Rosewind | Freddy Morezon\" \/>\n<meta property=\"og:description\" content=\"Line-up Meril\u00f9 Solito : voice Marc D\u00e9mereau : saxophones Laurent Paris : drums Contact Marc D\u00e9mereau \/\/ marc.demereau[@]free.fr links Pack pro Marc D\u00e9mereau Laurent Paris Harfang Rosewind\" \/>\n<meta property=\"og:url\" content=\"https:\/\/freddymorezon.org\/harfangrosewind\/\" \/>\n<meta property=\"og:site_name\" content=\"Freddy Morezon\" \/>\n<meta property=\"article:publisher\" content=\"https:\/\/www.facebook.com\/freddy.morezon\/\" \/>\n<meta property=\"article:modified_time\" content=\"2025-01-27T16:35:07+00:00\" \/>\n<meta property=\"og:image\" content=\"https:\/\/freddymorezon.org\/wp-content\/uploads\/2016\/02\/mini-logo-header-site2.jpg\" \/>\n\t<meta property=\"og:image:width\" content=\"234\" \/>\n\t<meta property=\"og:image:height\" content=\"174\" \/>\n\t<meta property=\"og:image:type\" content=\"image\/jpeg\" \/>\n<meta name=\"twitter:card\" content=\"summary_large_image\" \/>\n<script type=\"application\/ld+json\" class=\"yoast-schema-graph\">{\"@context\":\"https:\\\/\\\/schema.org\",\"@graph\":[{\"@type\":\"WebPage\",\"@id\":\"https:\\\/\\\/freddymorezon.org\\\/harfangrosewind\\\/\",\"url\":\"https:\\\/\\\/freddymorezon.org\\\/harfangrosewind\\\/\",\"name\":\"Harfang Rosewind | Freddy Morezon\",\"isPartOf\":{\"@id\":\"https:\\\/\\\/freddymorezon.org\\\/#website\"},\"datePublished\":\"2025-01-17T09:50:32+00:00\",\"dateModified\":\"2025-01-27T16:35:07+00:00\",\"breadcrumb\":{\"@id\":\"https:\\\/\\\/freddymorezon.org\\\/harfangrosewind\\\/#breadcrumb\"},\"inLanguage\":\"en-US\",\"potentialAction\":[{\"@type\":\"ReadAction\",\"target\":[\"https:\\\/\\\/freddymorezon.org\\\/harfangrosewind\\\/\"]}]},{\"@type\":\"BreadcrumbList\",\"@id\":\"https:\\\/\\\/freddymorezon.org\\\/harfangrosewind\\\/#breadcrumb\",\"itemListElement\":[{\"@type\":\"ListItem\",\"position\":1,\"name\":\"Accueil\",\"item\":\"https:\\\/\\\/freddymorezon.org\\\/\"},{\"@type\":\"ListItem\",\"position\":2,\"name\":\"Harfang Rosewind\"}]},{\"@type\":\"WebSite\",\"@id\":\"https:\\\/\\\/freddymorezon.org\\\/#website\",\"url\":\"https:\\\/\\\/freddymorezon.org\\\/\",\"name\":\"Freddy Morezon\",\"description\":\"jazz - musique improvis\u00e9e - esth\u00e9tiques plurielles\",\"publisher\":{\"@id\":\"https:\\\/\\\/freddymorezon.org\\\/#organization\"},\"potentialAction\":[{\"@type\":\"SearchAction\",\"target\":{\"@type\":\"EntryPoint\",\"urlTemplate\":\"https:\\\/\\\/freddymorezon.org\\\/?s={search_term_string}\"},\"query-input\":{\"@type\":\"PropertyValueSpecification\",\"valueRequired\":true,\"valueName\":\"search_term_string\"}}],\"inLanguage\":\"en-US\"},{\"@type\":\"Organization\",\"@id\":\"https:\\\/\\\/freddymorezon.org\\\/#organization\",\"name\":\"Association Freddy Morezon\",\"url\":\"https:\\\/\\\/freddymorezon.org\\\/\",\"logo\":{\"@type\":\"ImageObject\",\"inLanguage\":\"en-US\",\"@id\":\"https:\\\/\\\/freddymorezon.org\\\/#\\\/schema\\\/logo\\\/image\\\/\",\"url\":\"https:\\\/\\\/freddymorezon.org\\\/wp-content\\\/uploads\\\/2016\\\/02\\\/mini-logo-header-site2.jpg\",\"contentUrl\":\"https:\\\/\\\/freddymorezon.org\\\/wp-content\\\/uploads\\\/2016\\\/02\\\/mini-logo-header-site2.jpg\",\"width\":234,\"height\":174,\"caption\":\"Association Freddy Morezon\"},\"image\":{\"@id\":\"https:\\\/\\\/freddymorezon.org\\\/#\\\/schema\\\/logo\\\/image\\\/\"},\"sameAs\":[\"https:\\\/\\\/www.facebook.com\\\/freddy.morezon\\\/\",\"https:\\\/\\\/www.instagram.com\\\/freddymorezon\\\/\",\"https:\\\/\\\/www.youtube.com\\\/user\\\/freddymorezon\",\"https:\\\/\\\/fr.linkedin.com\\\/company\\\/freddy-morezon-p.r.o.d.\"]}]}<\/script>\n<!-- \/ Yoast SEO plugin. -->","yoast_head_json":{"title":"Harfang Rosewind | Freddy Morezon","robots":{"index":"index","follow":"follow","max-snippet":"max-snippet:-1","max-image-preview":"max-image-preview:large","max-video-preview":"max-video-preview:-1"},"canonical":"https:\/\/freddymorezon.org\/harfangrosewind\/","og_locale":"en_US","og_type":"article","og_title":"Harfang Rosewind | Freddy Morezon","og_description":"Line-up Meril\u00f9 Solito : voice Marc D\u00e9mereau : saxophones Laurent Paris : drums Contact Marc D\u00e9mereau \/\/ marc.demereau[@]free.fr links Pack pro Marc D\u00e9mereau Laurent Paris Harfang Rosewind","og_url":"https:\/\/freddymorezon.org\/harfangrosewind\/","og_site_name":"Freddy Morezon","article_publisher":"https:\/\/www.facebook.com\/freddy.morezon\/","article_modified_time":"2025-01-27T16:35:07+00:00","og_image":[{"width":234,"height":174,"url":"https:\/\/freddymorezon.org\/wp-content\/uploads\/2016\/02\/mini-logo-header-site2.jpg","type":"image\/jpeg"}],"twitter_card":"summary_large_image","schema":{"@context":"https:\/\/schema.org","@graph":[{"@type":"WebPage","@id":"https:\/\/freddymorezon.org\/harfangrosewind\/","url":"https:\/\/freddymorezon.org\/harfangrosewind\/","name":"Harfang Rosewind | Freddy Morezon","isPartOf":{"@id":"https:\/\/freddymorezon.org\/#website"},"datePublished":"2025-01-17T09:50:32+00:00","dateModified":"2025-01-27T16:35:07+00:00","breadcrumb":{"@id":"https:\/\/freddymorezon.org\/harfangrosewind\/#breadcrumb"},"inLanguage":"en-US","potentialAction":[{"@type":"ReadAction","target":["https:\/\/freddymorezon.org\/harfangrosewind\/"]}]},{"@type":"BreadcrumbList","@id":"https:\/\/freddymorezon.org\/harfangrosewind\/#breadcrumb","itemListElement":[{"@type":"ListItem","position":1,"name":"Accueil","item":"https:\/\/freddymorezon.org\/"},{"@type":"ListItem","position":2,"name":"Harfang Rosewind"}]},{"@type":"WebSite","@id":"https:\/\/freddymorezon.org\/#website","url":"https:\/\/freddymorezon.org\/","name":"Freddy Morezon","description":"jazz - musique improvis\u00e9e - esth\u00e9tiques plurielles","publisher":{"@id":"https:\/\/freddymorezon.org\/#organization"},"potentialAction":[{"@type":"SearchAction","target":{"@type":"EntryPoint","urlTemplate":"https:\/\/freddymorezon.org\/?s={search_term_string}"},"query-input":{"@type":"PropertyValueSpecification","valueRequired":true,"valueName":"search_term_string"}}],"inLanguage":"en-US"},{"@type":"Organization","@id":"https:\/\/freddymorezon.org\/#organization","name":"Association Freddy Morezon","url":"https:\/\/freddymorezon.org\/","logo":{"@type":"ImageObject","inLanguage":"en-US","@id":"https:\/\/freddymorezon.org\/#\/schema\/logo\/image\/","url":"https:\/\/freddymorezon.org\/wp-content\/uploads\/2016\/02\/mini-logo-header-site2.jpg","contentUrl":"https:\/\/freddymorezon.org\/wp-content\/uploads\/2016\/02\/mini-logo-header-site2.jpg","width":234,"height":174,"caption":"Association Freddy Morezon"},"image":{"@id":"https:\/\/freddymorezon.org\/#\/schema\/logo\/image\/"},"sameAs":["https:\/\/www.facebook.com\/freddy.morezon\/","https:\/\/www.instagram.com\/freddymorezon\/","https:\/\/www.youtube.com\/user\/freddymorezon","https:\/\/fr.linkedin.com\/company\/freddy-morezon-p.r.o.d."]}]}},"_links":{"self":[{"href":"https:\/\/freddymorezon.org\/en\/wp-json\/wp\/v2\/pages\/21685","targetHints":{"allow":["GET"]}}],"collection":[{"href":"https:\/\/freddymorezon.org\/en\/wp-json\/wp\/v2\/pages"}],"about":[{"href":"https:\/\/freddymorezon.org\/en\/wp-json\/wp\/v2\/types\/page"}],"author":[{"embeddable":true,"href":"https:\/\/freddymorezon.org\/en\/wp-json\/wp\/v2\/users\/1"}],"replies":[{"embeddable":true,"href":"https:\/\/freddymorezon.org\/en\/wp-json\/wp\/v2\/comments?post=21685"}],"version-history":[{"count":14,"href":"https:\/\/freddymorezon.org\/en\/wp-json\/wp\/v2\/pages\/21685\/revisions"}],"predecessor-version":[{"id":21816,"href":"https:\/\/freddymorezon.org\/en\/wp-json\/wp\/v2\/pages\/21685\/revisions\/21816"}],"wp:attachment":[{"href":"https:\/\/freddymorezon.org\/en\/wp-json\/wp\/v2\/media?parent=21685"}],"wp:term":[{"taxonomy":"category","embeddable":true,"href":"https:\/\/freddymorezon.org\/en\/wp-json\/wp\/v2\/categories?post=21685"},{"taxonomy":"post_tag","embeddable":true,"href":"https:\/\/freddymorezon.org\/en\/wp-json\/wp\/v2\/tags?post=21685"}],"curies":[{"name":"wp","href":"https:\/\/api.w.org\/{rel}","templated":true}]}}