
{"id":21925,"date":"2025-02-14T09:55:35","date_gmt":"2025-02-14T07:55:35","guid":{"rendered":"https:\/\/freddymorezon.org\/?page_id=21925"},"modified":"2025-07-07T16:31:13","modified_gmt":"2025-07-07T14:31:13","slug":"la-reine-uphone-mortelle-randonnee","status":"publish","type":"page","link":"https:\/\/freddymorezon.org\/en\/label\/la-reine-uphone-mortelle-randonnee\/","title":{"rendered":"La reine uphone"},"content":{"rendered":"<div id=\"pl-21925\"  class=\"panel-layout\" ><div id=\"pg-21925-0\"  class=\"panel-grid panel-no-style\" ><div id=\"pgc-21925-0-0\"  class=\"panel-grid-cell\" ><div id=\"panel-21925-0-0-0\" class=\"so-panel widget widget_sow-image panel-first-child\" data-index=\"0\" ><div\n\t\t\t\n\t\t\tclass=\"so-widget-sow-image so-widget-sow-image-default-8b5b6f678277-21925\"\n\t\t\t\n\t\t>\n<div class=\"sow-image-container\">\n\t\t<img \n\tsrc=\"https:\/\/freddymorezon.org\/wp-content\/uploads\/2025\/02\/Mortelle-Randonnee-La-reine-uphone-Cover-400x400.jpeg\" width=\"400\" height=\"400\" srcset=\"https:\/\/freddymorezon.org\/wp-content\/uploads\/2025\/02\/Mortelle-Randonnee-La-reine-uphone-Cover-400x400.jpeg 400w, https:\/\/freddymorezon.org\/wp-content\/uploads\/2025\/02\/Mortelle-Randonnee-La-reine-uphone-Cover-150x150.jpeg 150w, https:\/\/freddymorezon.org\/wp-content\/uploads\/2025\/02\/Mortelle-Randonnee-La-reine-uphone-Cover-100x100.jpeg 100w, https:\/\/freddymorezon.org\/wp-content\/uploads\/2025\/02\/Mortelle-Randonnee-La-reine-uphone-Cover-300x300.jpeg 300w\" sizes=\"(max-width: 400px) 100vw, 400px\" title=\"Mortelle Randonne\u0301e La reine uphone Cover\" alt=\"\" \t\tclass=\"so-widget-image\"\/>\n\t<\/div>\n\n<\/div><\/div><div id=\"panel-21925-0-0-1\" class=\"so-panel widget widget_sow-editor\" data-index=\"1\" ><div\n\t\t\t\n\t\t\tclass=\"so-widget-sow-editor so-widget-sow-editor-base\"\n\t\t\t\n\t\t>\n<div class=\"siteorigin-widget-tinymce textwidget\">\n\t<div class=\"commande-album\" style=\"text-align: left;\">\n<div class=\"ajout-panier woocommerce add_to_cart_inline\">\n<h3>Commander<\/h3>\n<h4>CD<\/h4>\n<p class=\"product woocommerce add_to_cart_inline \" style=\"border: 4px solid #cccccc; padding: 12px;\"><span class=\"woocommerce-Price-amount amount\"><bdi>12,00<span class=\"woocommerce-Price-currencySymbol\">\u20ac<\/span><\/bdi><\/span><\/p>\n<p class=\"product woocommerce add_to_cart_inline \" style=\"border: 4px solid #cccccc; padding: 12px;\"><a class=\"button product_type_simple add_to_cart_button ajax_add_to_cart\" href=\"?add-to-cart=21933 \" rel=\"nofollow\" aria-describedby=\"woocommerce_loop_add_to_cart_link_describedby_21933 \" data-quantity=\"1\" data-product_id=\"21933  \" data-product_sku=\"\" aria-label=\"Ajouter au panier : \u201cLa reine uphone CD\u201d\" data-success_message=\"\u00ab La reine uphone - CD \u00bb a \u00e9t\u00e9 ajout\u00e9 \u00e0 votre panier\">Ajouter au panier<\/a><br \/>\n<span id=\"woocommerce_loop_add_to_cart_link_describedby_21933  \" class=\"screen-reader-text\"><br \/>\n<\/span><\/p>\n<\/div>\n<\/div>\n<\/div>\n<\/div><\/div><div id=\"panel-21925-0-0-2\" class=\"so-panel widget widget_sow-editor\" data-index=\"2\" ><div\n\t\t\t\n\t\t\tclass=\"so-widget-sow-editor so-widget-sow-editor-base\"\n\t\t\t\n\t\t>\n<div class=\"siteorigin-widget-tinymce textwidget\">\n\t<p><iframe style=\"border: 0; width: 350px; height: 472px;\" src=\"https:\/\/bandcamp.com\/EmbeddedPlayer\/album=3336317879\/size=large\/bgcol=ffffff\/linkcol=0687f5\/artwork=none\/transparent=true\/\" seamless><a href=\"https:\/\/mrmorezon.bandcamp.com\/album\/la-reine-uphone\">La reine uphone by Mortelle Randonn\u00e9e<\/a><\/iframe><\/p>\n<\/div>\n<\/div><\/div><div id=\"panel-21925-0-0-3\" class=\"so-panel widget widget_sow-editor\" data-index=\"3\" ><div\n\t\t\t\n\t\t\tclass=\"so-widget-sow-editor so-widget-sow-editor-base\"\n\t\t\t\n\t\t><h3 class=\"widget-title\">DISTRIBUTION<\/h3>\n<div class=\"siteorigin-widget-tinymce textwidget\">\n\t<p style=\"text-align: left;\"><strong>S\u00e9bastien Cirotteau<\/strong>: trumpet, alto saxhorn, organ, synthesizer, voice<br \/>\n<strong>Andy L\u00e9v\u00eaque<\/strong>: alto saxophone, toy bass, keys, recorder, voice<br \/>\n<strong>Benjamin Glibert<\/strong>: electric guitar, bass, percussions, voice<br \/>\n<strong>Clem Thomas<\/strong>: drums, glockenspiel, ukulele, voice<\/p>\n<\/div>\n<\/div><\/div><div id=\"panel-21925-0-0-4\" class=\"so-panel widget widget_sow-headline\" data-index=\"4\" ><div\n\t\t\t\n\t\t\tclass=\"so-widget-sow-headline so-widget-sow-headline-default-7f8f2d03a0dd-21925\"\n\t\t\t\n\t\t><div class=\"sow-headline-container \">\n\t\t\t\t\t\t<div class=\"decoration\">\n\t\t\t\t\t\t<div class=\"decoration-inside\"><\/div>\n\t\t\t\t\t<\/div>\n\t\t\t\t\t<\/div>\n<\/div><\/div><div id=\"panel-21925-0-0-5\" class=\"so-panel widget widget_sow-editor panel-last-child\" data-index=\"5\" ><div\n\t\t\t\n\t\t\tclass=\"so-widget-sow-editor so-widget-sow-editor-base\"\n\t\t\t\n\t\t>\n<div class=\"siteorigin-widget-tinymce textwidget\">\n\t<h3>Links<\/h3>\n<ul>\n<li><i class=\"fa fa-chevron-right fa-2x\"><\/i> <a href=\"https:\/\/freddymorezon.org\/productions\/mortelle-randonnee\/\">Mortelle Randonn\u00e9e<\/a><\/li>\n<li><i class=\"fa fa-chevron-right fa-2x\"><\/i> <a href=\"https:\/\/freddymorezon.org\/artistes\/sebastien-cirotteau\/\">S\u00e9bastien Cirotteau<\/a><\/li>\n<li><i class=\"fa fa-chevron-right fa-2x\"><\/i> <a href=\"https:\/\/freddymorezon.org\/artistes\/andy-leveque\/\">Andy L\u00e9v\u00eaque<\/a><\/li>\n<\/ul>\n<ul>\n<li><i class=\"fa fa-chevron-right fa-2x\"><\/i> <a href=\"https:\/\/mrmorezon.bandcamp.com\/album\/la-reine-uphone\" target=\"_blank\" rel=\"noopener noreferrer\">Bandcamp<\/a><\/li>\n<li><i class=\"fa fa-chevron-right fa-2x\"><\/i> <a href=\"https:\/\/fanlink.tv\/lareineuphone\" target=\"_blank\" rel=\"noopener noreferrer\">Fanlink<\/a><\/li>\n<\/ul>\n<\/div>\n<\/div><\/div><\/div><div id=\"pgc-21925-0-1\"  class=\"panel-grid-cell\" ><div id=\"panel-21925-0-1-0\" class=\"so-panel widget widget_sow-headline panel-first-child\" data-index=\"6\" ><div\n\t\t\t\n\t\t\tclass=\"so-widget-sow-headline so-widget-sow-headline-default-75c9dfe8ebde-21925\"\n\t\t\t\n\t\t><div class=\"sow-headline-container \">\n\t\t\t\t\t\t\t<h2 class=\"sow-headline\">\n\t\t\t\t\t\tLa reine uphone\t\t\t\t\t\t<\/h2>\n\t\t\t\t\t\t\t\t\t\t\t\t<h3 class=\"sow-sub-headline\">\n\t\t\t\t\t\t<h3>Mortelle Randonn\u00e9e<\/h3> Mr Morezon 037 \u23ae 14 f\u00e9vrier 2025\t\t\t\t\t\t<\/h3>\n\t\t\t\t\t\t\t\t\t\t\t<div class=\"decoration\">\n\t\t\t\t\t\t<div class=\"decoration-inside\"><\/div>\n\t\t\t\t\t<\/div>\n\t\t\t\t\t<\/div>\n<\/div><\/div><div id=\"panel-21925-0-1-1\" class=\"so-panel widget widget_sow-editor\" data-index=\"7\" ><div\n\t\t\t\n\t\t\tclass=\"so-widget-sow-editor so-widget-sow-editor-base\"\n\t\t\t\n\t\t>\n<div class=\"siteorigin-widget-tinymce textwidget\">\n\t<p>\u201cLa reine uphone\u201d (No Funeral \u00e0 l\u2019envers) est un patchwork inclassable entre rock pataphyique, chansons avant-pop et jazz de\u0301viant. On se prome\u0300ne chez Carla Bley, figure majeure de la musique ame\u0301ricaine et pour 2 titres (Ce Maudit Volcan, Tortues) chez et avec sa fille Karen Mantler, double diaphane aux apparitions fantomatiques.<br \/>\nMortelle Randonne\u0301e, dans la relecture de ces re\u0301pertoires, nous fait visiter un cabinet de curiosite\u0301s. Chaque titre est l'occasion de pre\u0301senter une nouvelle facette d'un chatoyant kale\u0301idoscope sonore: un grand air e\u0301pique \u2013 une chanson perche\u0301e \u2013 une aventure avec Brian Eno \u2013 une course-poursuite en 1983 - allez tous en choeur lalalala ! - un accordage timbral \u2013des tortues - un cauchemar e\u0301lectronique - et puis encore un baudet du multivers - toutes sortes d'oiseaux du Caucase, n'en jetez plus !. La reine uphone c'est ce grand geste nai\u0308f d'abe\u0301ce\u0301daire iconoclaste et pataphysique, ou\u0300 l'irre\u0301ve\u0301rence est surtout une grande preuve d'amour pour la musique de Carla Bley.<br \/>\nC'est aussi l'occasion de percevoir dans les chansons traduites en franc\u0327ais l'humour des textes, entre aventures ordinaires, autode\u0301rision et mysticisme orientalo-70's. <\/p>\n<\/div>\n<\/div><\/div><div id=\"panel-21925-0-1-2\" class=\"so-panel widget widget_sow-editor\" data-index=\"8\" ><div\n\t\t\t\n\t\t\tclass=\"so-widget-sow-editor so-widget-sow-editor-base\"\n\t\t\t\n\t\t>\n<div class=\"siteorigin-widget-tinymce textwidget\">\n\t<p><iframe loading=\"lazy\" title=\"MUSIQUE MECANIQUE I - Mortelle Randonn\u00e9e\" width=\"790\" height=\"444\" src=\"https:\/\/www.youtube.com\/embed\/IOCrzTdq6Kg?feature=oembed\" frameborder=\"0\" allow=\"accelerometer; autoplay; clipboard-write; encrypted-media; gyroscope; picture-in-picture; web-share\" referrerpolicy=\"strict-origin-when-cross-origin\" allowfullscreen><\/iframe><\/p>\n<\/div>\n<\/div><\/div><div id=\"panel-21925-0-1-3\" class=\"so-panel widget widget_eo_event_list_widget EO_Event_List_Widget panel-last-child\" data-index=\"9\" >\n\n\t\t\n<!--\n\t<ul id=\"\" class=\"\" > \n\t\t<li class=\"eo-no-events\" >  <\/li>\n\t<\/ul>\n\t-->\n\n\n<\/div><\/div><\/div><\/div>","protected":false},"excerpt":{"rendered":"<p>February 2025<\/p>\n","protected":false},"author":1,"featured_media":21926,"parent":140,"menu_order":0,"comment_status":"closed","ping_status":"closed","template":"page-templates\/full-width.php","meta":{"om_disable_all_campaigns":false,"_monsterinsights_skip_tracking":false,"_monsterinsights_sitenote_active":false,"_monsterinsights_sitenote_note":"","_monsterinsights_sitenote_category":0,"_uf_show_specific_survey":0,"_uf_disable_surveys":false,"footnotes":""},"categories":[101,93,736,1174],"tags":[],"class_list":["post-21925","page","type-page","status-publish","has-post-thumbnail","hentry","category-discographie","category-label","category-mortelle-randonnee","category-page-label"],"aioseo_notices":[],"yoast_head":"<!-- This site is optimized with the Yoast SEO plugin v27.4 - https:\/\/yoast.com\/product\/yoast-seo-wordpress\/ -->\n<title>La reine uphone | Freddy Morezon<\/title>\n<meta name=\"robots\" content=\"index, follow, max-snippet:-1, max-image-preview:large, max-video-preview:-1\" \/>\n<link rel=\"canonical\" href=\"https:\/\/freddymorezon.org\/label\/la-reine-uphone-mortelle-randonnee\/\" \/>\n<meta property=\"og:locale\" content=\"en_US\" \/>\n<meta property=\"og:type\" content=\"article\" \/>\n<meta property=\"og:title\" content=\"La reine uphone | Freddy Morezon\" \/>\n<meta property=\"og:description\" content=\"[:fr]F\u00e9vrier 2025[:en]February 2025[:]\" \/>\n<meta property=\"og:url\" content=\"https:\/\/freddymorezon.org\/label\/la-reine-uphone-mortelle-randonnee\/\" \/>\n<meta property=\"og:site_name\" content=\"Freddy Morezon\" \/>\n<meta property=\"article:publisher\" content=\"https:\/\/www.facebook.com\/freddy.morezon\/\" \/>\n<meta property=\"article:modified_time\" content=\"2025-07-07T14:31:13+00:00\" \/>\n<meta property=\"og:image\" content=\"https:\/\/freddymorezon.org\/wp-content\/uploads\/2025\/02\/Mortelle-Randonnee-La-reine-uphone-Cover.jpeg\" \/>\n\t<meta property=\"og:image:width\" content=\"1074\" \/>\n\t<meta property=\"og:image:height\" content=\"961\" \/>\n\t<meta property=\"og:image:type\" content=\"image\/jpeg\" \/>\n<meta name=\"twitter:card\" content=\"summary_large_image\" \/>\n<script type=\"application\/ld+json\" class=\"yoast-schema-graph\">{\"@context\":\"https:\\\/\\\/schema.org\",\"@graph\":[{\"@type\":\"WebPage\",\"@id\":\"https:\\\/\\\/freddymorezon.org\\\/label\\\/la-reine-uphone-mortelle-randonnee\\\/\",\"url\":\"https:\\\/\\\/freddymorezon.org\\\/label\\\/la-reine-uphone-mortelle-randonnee\\\/\",\"name\":\"La reine uphone | Freddy Morezon\",\"isPartOf\":{\"@id\":\"https:\\\/\\\/freddymorezon.org\\\/#website\"},\"primaryImageOfPage\":{\"@id\":\"https:\\\/\\\/freddymorezon.org\\\/label\\\/la-reine-uphone-mortelle-randonnee\\\/#primaryimage\"},\"image\":{\"@id\":\"https:\\\/\\\/freddymorezon.org\\\/label\\\/la-reine-uphone-mortelle-randonnee\\\/#primaryimage\"},\"thumbnailUrl\":\"https:\\\/\\\/freddymorezon.org\\\/wp-content\\\/uploads\\\/2025\\\/02\\\/Mortelle-Randonnee-La-reine-uphone-Cover.jpeg\",\"datePublished\":\"2025-02-14T07:55:35+00:00\",\"dateModified\":\"2025-07-07T14:31:13+00:00\",\"breadcrumb\":{\"@id\":\"https:\\\/\\\/freddymorezon.org\\\/label\\\/la-reine-uphone-mortelle-randonnee\\\/#breadcrumb\"},\"inLanguage\":\"en-US\",\"potentialAction\":[{\"@type\":\"ReadAction\",\"target\":[\"https:\\\/\\\/freddymorezon.org\\\/label\\\/la-reine-uphone-mortelle-randonnee\\\/\"]}]},{\"@type\":\"ImageObject\",\"inLanguage\":\"en-US\",\"@id\":\"https:\\\/\\\/freddymorezon.org\\\/label\\\/la-reine-uphone-mortelle-randonnee\\\/#primaryimage\",\"url\":\"https:\\\/\\\/freddymorezon.org\\\/wp-content\\\/uploads\\\/2025\\\/02\\\/Mortelle-Randonnee-La-reine-uphone-Cover.jpeg\",\"contentUrl\":\"https:\\\/\\\/freddymorezon.org\\\/wp-content\\\/uploads\\\/2025\\\/02\\\/Mortelle-Randonnee-La-reine-uphone-Cover.jpeg\",\"width\":1074,\"height\":961},{\"@type\":\"BreadcrumbList\",\"@id\":\"https:\\\/\\\/freddymorezon.org\\\/label\\\/la-reine-uphone-mortelle-randonnee\\\/#breadcrumb\",\"itemListElement\":[{\"@type\":\"ListItem\",\"position\":1,\"name\":\"Accueil\",\"item\":\"https:\\\/\\\/freddymorezon.org\\\/\"},{\"@type\":\"ListItem\",\"position\":2,\"name\":\"Label\",\"item\":\"https:\\\/\\\/freddymorezon.org\\\/label\\\/\"},{\"@type\":\"ListItem\",\"position\":3,\"name\":\"La reine uphone\"}]},{\"@type\":\"WebSite\",\"@id\":\"https:\\\/\\\/freddymorezon.org\\\/#website\",\"url\":\"https:\\\/\\\/freddymorezon.org\\\/\",\"name\":\"Freddy Morezon\",\"description\":\"jazz - musique improvis\u00e9e - esth\u00e9tiques plurielles\",\"publisher\":{\"@id\":\"https:\\\/\\\/freddymorezon.org\\\/#organization\"},\"potentialAction\":[{\"@type\":\"SearchAction\",\"target\":{\"@type\":\"EntryPoint\",\"urlTemplate\":\"https:\\\/\\\/freddymorezon.org\\\/?s={search_term_string}\"},\"query-input\":{\"@type\":\"PropertyValueSpecification\",\"valueRequired\":true,\"valueName\":\"search_term_string\"}}],\"inLanguage\":\"en-US\"},{\"@type\":\"Organization\",\"@id\":\"https:\\\/\\\/freddymorezon.org\\\/#organization\",\"name\":\"Association Freddy Morezon\",\"url\":\"https:\\\/\\\/freddymorezon.org\\\/\",\"logo\":{\"@type\":\"ImageObject\",\"inLanguage\":\"en-US\",\"@id\":\"https:\\\/\\\/freddymorezon.org\\\/#\\\/schema\\\/logo\\\/image\\\/\",\"url\":\"https:\\\/\\\/freddymorezon.org\\\/wp-content\\\/uploads\\\/2016\\\/02\\\/mini-logo-header-site2.jpg\",\"contentUrl\":\"https:\\\/\\\/freddymorezon.org\\\/wp-content\\\/uploads\\\/2016\\\/02\\\/mini-logo-header-site2.jpg\",\"width\":234,\"height\":174,\"caption\":\"Association Freddy Morezon\"},\"image\":{\"@id\":\"https:\\\/\\\/freddymorezon.org\\\/#\\\/schema\\\/logo\\\/image\\\/\"},\"sameAs\":[\"https:\\\/\\\/www.facebook.com\\\/freddy.morezon\\\/\",\"https:\\\/\\\/www.instagram.com\\\/freddymorezon\\\/\",\"https:\\\/\\\/www.youtube.com\\\/user\\\/freddymorezon\",\"https:\\\/\\\/fr.linkedin.com\\\/company\\\/freddy-morezon-p.r.o.d.\"]}]}<\/script>\n<!-- \/ Yoast SEO plugin. -->","yoast_head_json":{"title":"La reine uphone | Freddy Morezon","robots":{"index":"index","follow":"follow","max-snippet":"max-snippet:-1","max-image-preview":"max-image-preview:large","max-video-preview":"max-video-preview:-1"},"canonical":"https:\/\/freddymorezon.org\/label\/la-reine-uphone-mortelle-randonnee\/","og_locale":"en_US","og_type":"article","og_title":"La reine uphone | Freddy Morezon","og_description":"[:fr]F\u00e9vrier 2025[:en]February 2025[:]","og_url":"https:\/\/freddymorezon.org\/label\/la-reine-uphone-mortelle-randonnee\/","og_site_name":"Freddy Morezon","article_publisher":"https:\/\/www.facebook.com\/freddy.morezon\/","article_modified_time":"2025-07-07T14:31:13+00:00","og_image":[{"width":1074,"height":961,"url":"https:\/\/freddymorezon.org\/wp-content\/uploads\/2025\/02\/Mortelle-Randonnee-La-reine-uphone-Cover.jpeg","type":"image\/jpeg"}],"twitter_card":"summary_large_image","schema":{"@context":"https:\/\/schema.org","@graph":[{"@type":"WebPage","@id":"https:\/\/freddymorezon.org\/label\/la-reine-uphone-mortelle-randonnee\/","url":"https:\/\/freddymorezon.org\/label\/la-reine-uphone-mortelle-randonnee\/","name":"La reine uphone | Freddy Morezon","isPartOf":{"@id":"https:\/\/freddymorezon.org\/#website"},"primaryImageOfPage":{"@id":"https:\/\/freddymorezon.org\/label\/la-reine-uphone-mortelle-randonnee\/#primaryimage"},"image":{"@id":"https:\/\/freddymorezon.org\/label\/la-reine-uphone-mortelle-randonnee\/#primaryimage"},"thumbnailUrl":"https:\/\/freddymorezon.org\/wp-content\/uploads\/2025\/02\/Mortelle-Randonnee-La-reine-uphone-Cover.jpeg","datePublished":"2025-02-14T07:55:35+00:00","dateModified":"2025-07-07T14:31:13+00:00","breadcrumb":{"@id":"https:\/\/freddymorezon.org\/label\/la-reine-uphone-mortelle-randonnee\/#breadcrumb"},"inLanguage":"en-US","potentialAction":[{"@type":"ReadAction","target":["https:\/\/freddymorezon.org\/label\/la-reine-uphone-mortelle-randonnee\/"]}]},{"@type":"ImageObject","inLanguage":"en-US","@id":"https:\/\/freddymorezon.org\/label\/la-reine-uphone-mortelle-randonnee\/#primaryimage","url":"https:\/\/freddymorezon.org\/wp-content\/uploads\/2025\/02\/Mortelle-Randonnee-La-reine-uphone-Cover.jpeg","contentUrl":"https:\/\/freddymorezon.org\/wp-content\/uploads\/2025\/02\/Mortelle-Randonnee-La-reine-uphone-Cover.jpeg","width":1074,"height":961},{"@type":"BreadcrumbList","@id":"https:\/\/freddymorezon.org\/label\/la-reine-uphone-mortelle-randonnee\/#breadcrumb","itemListElement":[{"@type":"ListItem","position":1,"name":"Accueil","item":"https:\/\/freddymorezon.org\/"},{"@type":"ListItem","position":2,"name":"Label","item":"https:\/\/freddymorezon.org\/label\/"},{"@type":"ListItem","position":3,"name":"La reine uphone"}]},{"@type":"WebSite","@id":"https:\/\/freddymorezon.org\/#website","url":"https:\/\/freddymorezon.org\/","name":"Freddy Morezon","description":"jazz - musique improvis\u00e9e - esth\u00e9tiques plurielles","publisher":{"@id":"https:\/\/freddymorezon.org\/#organization"},"potentialAction":[{"@type":"SearchAction","target":{"@type":"EntryPoint","urlTemplate":"https:\/\/freddymorezon.org\/?s={search_term_string}"},"query-input":{"@type":"PropertyValueSpecification","valueRequired":true,"valueName":"search_term_string"}}],"inLanguage":"en-US"},{"@type":"Organization","@id":"https:\/\/freddymorezon.org\/#organization","name":"Association Freddy Morezon","url":"https:\/\/freddymorezon.org\/","logo":{"@type":"ImageObject","inLanguage":"en-US","@id":"https:\/\/freddymorezon.org\/#\/schema\/logo\/image\/","url":"https:\/\/freddymorezon.org\/wp-content\/uploads\/2016\/02\/mini-logo-header-site2.jpg","contentUrl":"https:\/\/freddymorezon.org\/wp-content\/uploads\/2016\/02\/mini-logo-header-site2.jpg","width":234,"height":174,"caption":"Association Freddy Morezon"},"image":{"@id":"https:\/\/freddymorezon.org\/#\/schema\/logo\/image\/"},"sameAs":["https:\/\/www.facebook.com\/freddy.morezon\/","https:\/\/www.instagram.com\/freddymorezon\/","https:\/\/www.youtube.com\/user\/freddymorezon","https:\/\/fr.linkedin.com\/company\/freddy-morezon-p.r.o.d."]}]}},"_links":{"self":[{"href":"https:\/\/freddymorezon.org\/en\/wp-json\/wp\/v2\/pages\/21925","targetHints":{"allow":["GET"]}}],"collection":[{"href":"https:\/\/freddymorezon.org\/en\/wp-json\/wp\/v2\/pages"}],"about":[{"href":"https:\/\/freddymorezon.org\/en\/wp-json\/wp\/v2\/types\/page"}],"author":[{"embeddable":true,"href":"https:\/\/freddymorezon.org\/en\/wp-json\/wp\/v2\/users\/1"}],"replies":[{"embeddable":true,"href":"https:\/\/freddymorezon.org\/en\/wp-json\/wp\/v2\/comments?post=21925"}],"version-history":[{"count":14,"href":"https:\/\/freddymorezon.org\/en\/wp-json\/wp\/v2\/pages\/21925\/revisions"}],"predecessor-version":[{"id":23414,"href":"https:\/\/freddymorezon.org\/en\/wp-json\/wp\/v2\/pages\/21925\/revisions\/23414"}],"up":[{"embeddable":true,"href":"https:\/\/freddymorezon.org\/en\/wp-json\/wp\/v2\/pages\/140"}],"wp:featuredmedia":[{"embeddable":true,"href":"https:\/\/freddymorezon.org\/en\/wp-json\/wp\/v2\/media\/21926"}],"wp:attachment":[{"href":"https:\/\/freddymorezon.org\/en\/wp-json\/wp\/v2\/media?parent=21925"}],"wp:term":[{"taxonomy":"category","embeddable":true,"href":"https:\/\/freddymorezon.org\/en\/wp-json\/wp\/v2\/categories?post=21925"},{"taxonomy":"post_tag","embeddable":true,"href":"https:\/\/freddymorezon.org\/en\/wp-json\/wp\/v2\/tags?post=21925"}],"curies":[{"name":"wp","href":"https:\/\/api.w.org\/{rel}","templated":true}]}}