
{"id":22148,"date":"2025-03-19T10:33:45","date_gmt":"2025-03-19T08:33:45","guid":{"rendered":"https:\/\/freddymorezon.org\/?page_id=22148"},"modified":"2025-04-23T13:57:01","modified_gmt":"2025-04-23T11:57:01","slug":"future-folk-stories-episode-cevenol-conference-concert-danais-vaillant-et-mathieu-werchowski","status":"publish","type":"page","link":"https:\/\/freddymorezon.org\/en\/nos-evenements\/future-folk-stories-episode-cevenol-conference-concert-danais-vaillant-et-mathieu-werchowski\/","title":{"rendered":"25.03.2025 \/\/ Future Folk Stories \u00e9pisode c\u00e9venol &#8211; Conf\u00e9rence-concert d&#8217;Ana\u00efs Vaillant"},"content":{"rendered":"<div id=\"pl-22148\"  class=\"panel-layout\" ><div id=\"pg-22148-0\"  class=\"panel-grid panel-no-style\" ><div id=\"pgc-22148-0-0\"  class=\"panel-grid-cell\" ><div id=\"panel-22148-0-0-0\" class=\"so-panel widget widget_sow-image panel-first-child\" data-index=\"0\" ><div\n\t\t\t\n\t\t\tclass=\"so-widget-sow-image so-widget-sow-image-default-8b5b6f678277-22148\"\n\t\t\t\n\t\t>\n<div class=\"sow-image-container\">\n\t\t<img \n\tsrc=\"https:\/\/freddymorezon.org\/wp-content\/uploads\/2025\/03\/Vignette-episode-cevenol-400x400.png\" width=\"400\" height=\"400\" srcset=\"https:\/\/freddymorezon.org\/wp-content\/uploads\/2025\/03\/Vignette-episode-cevenol-400x400.png 400w, https:\/\/freddymorezon.org\/wp-content\/uploads\/2025\/03\/Vignette-episode-cevenol-800x800.png 800w, https:\/\/freddymorezon.org\/wp-content\/uploads\/2025\/03\/Vignette-episode-cevenol-150x150.png 150w, https:\/\/freddymorezon.org\/wp-content\/uploads\/2025\/03\/Vignette-episode-cevenol-100x100.png 100w, https:\/\/freddymorezon.org\/wp-content\/uploads\/2025\/03\/Vignette-episode-cevenol-300x300.png 300w, https:\/\/freddymorezon.org\/wp-content\/uploads\/2025\/03\/Vignette-episode-cevenol.png 1080w\" sizes=\"(max-width: 400px) 100vw, 400px\" title=\"Vignette e\u0301pisode ce\u0301venol\" alt=\"\" \t\tclass=\"so-widget-image\"\/>\n\t<\/div>\n\n<\/div><\/div><div id=\"panel-22148-0-0-1\" class=\"so-panel widget widget_sow-headline\" data-index=\"1\" ><div\n\t\t\t\n\t\t\tclass=\"so-widget-sow-headline so-widget-sow-headline-default-42e5b7ddef5a-22148\"\n\t\t\t\n\t\t><div class=\"sow-headline-container \">\n\t\t\t\t\t\t<div class=\"decoration\">\n\t\t\t\t\t\t<div class=\"decoration-inside\"><\/div>\n\t\t\t\t\t<\/div>\n\t\t\t\t\t<\/div>\n<\/div><\/div><div id=\"panel-22148-0-0-2\" class=\"so-panel widget widget_sow-editor\" data-index=\"2\" ><div\n\t\t\t\n\t\t\tclass=\"so-widget-sow-editor so-widget-sow-editor-base\"\n\t\t\t\n\t\t><h3 class=\"widget-title\">INFOS PRATIQUES<\/h3>\n<div class=\"siteorigin-widget-tinymce textwidget\">\n\t<p>Mardi 25 mars<br class=\"html-br\" \/>F\u00e9liz Caf\u00e9, Saint-F\u00e9lix-de-Paill\u00e8res<br class=\"html-br\" \/>Ouverture d\u00e8s 19h<br class=\"html-br\" \/>Participation libre<\/p>\n<\/div>\n<\/div><\/div><div id=\"panel-22148-0-0-3\" class=\"so-panel widget widget_sow-button\" data-index=\"3\" ><div\n\t\t\t\n\t\t\tclass=\"so-widget-sow-button so-widget-sow-button-flat-a657a074bb6d-22148\"\n\t\t\t\n\t\t><div class=\"ow-button-base ow-button-align-left\"\n>\n\t\t\t<a\n\t\t\t\t\thref=\"https:\/\/www.facebook.com\/events\/2623306691201656\"\n\t\t\t\t\tclass=\"sowb-button ow-icon-placement-left ow-button-hover\" target=\"_blank\" rel=\"noopener noreferrer\" \t>\n\t\t<span>\n\t\t\t\n\t\t\t+ d'infos\t\t<\/span>\n\t\t\t<\/a>\n\t<\/div>\n<\/div><\/div><div id=\"panel-22148-0-0-4\" class=\"so-panel widget widget_sow-headline\" data-index=\"4\" ><div\n\t\t\t\n\t\t\tclass=\"so-widget-sow-headline so-widget-sow-headline-default-42e5b7ddef5a-22148\"\n\t\t\t\n\t\t><div class=\"sow-headline-container \">\n\t\t\t\t\t\t<div class=\"decoration\">\n\t\t\t\t\t\t<div class=\"decoration-inside\"><\/div>\n\t\t\t\t\t<\/div>\n\t\t\t\t\t<\/div>\n<\/div><\/div><div id=\"panel-22148-0-0-5\" class=\"so-panel widget widget_sow-editor\" data-index=\"5\" ><div\n\t\t\t\n\t\t\tclass=\"so-widget-sow-editor so-widget-sow-editor-base\"\n\t\t\t\n\t\t><h3 class=\"widget-title\">LIENS<\/h3>\n<div class=\"siteorigin-widget-tinymce textwidget\">\n\t<p><a href=\"https:\/\/freddymorezon.org\/catalogue\/future-folk-stories\/future-folk-stories-episode-cevenol\/\">Future Folk Stories \u00e9pisode c\u00e9venol<\/a><br \/>\n<a href=\"https:\/\/freddymorezon.org\/artistes\/robin-fincker\/\">Robin Fincker<\/a><br \/>\n<a href=\"https:\/\/freddymorezon.org\/artistes\/mathieu-werchowski\/\">Mathieu Werchowski<\/a><br \/>\n<a href=\"https:\/\/www.facebook.com\/profile.php?id=61551954785829\">F\u00e9liz Caf\u00e9<\/a><\/p>\n<\/div>\n<\/div><\/div><div id=\"panel-22148-0-0-6\" class=\"so-panel widget widget_sow-button panel-last-child\" data-index=\"6\" ><div\n\t\t\t\n\t\t\tclass=\"so-widget-sow-button so-widget-sow-button-flat-a657a074bb6d-22148\"\n\t\t\t\n\t\t><div class=\"ow-button-base ow-button-align-left\"\n>\n\t\t\t<a\n\t\t\t\t\thref=\"https:\/\/freddymorezon.org\/nos-evenements\/\"\n\t\t\t\t\tclass=\"sowb-button ow-icon-placement-left ow-button-hover\" target=\"_blank\" rel=\"noopener noreferrer\" \t>\n\t\t<span>\n\t\t\t\n\t\t\tRetour \u00e0 la page Ev\u00e9nements\t\t<\/span>\n\t\t\t<\/a>\n\t<\/div>\n<\/div><\/div><\/div><div id=\"pgc-22148-0-1\"  class=\"panel-grid-cell\" ><div id=\"panel-22148-0-1-0\" class=\"so-panel widget widget_sow-headline panel-first-child\" data-index=\"7\" ><div\n\t\t\t\n\t\t\tclass=\"so-widget-sow-headline so-widget-sow-headline-default-508968b69ea9-22148\"\n\t\t\t\n\t\t><div class=\"sow-headline-container \">\n\t\t\t\t\t\t\t<h2 class=\"sow-headline\">\n\t\t\t\t\t\tFuture Folk Stories \u00e9pisode c\u00e9venol\t\t\t\t\t\t<\/h2>\n\t\t\t\t\t\t\t\t\t\t\t<div class=\"decoration\">\n\t\t\t\t\t\t<div class=\"decoration-inside\"><\/div>\n\t\t\t\t\t<\/div>\n\t\t\t\t\t<\/div>\n<\/div><\/div><div id=\"panel-22148-0-1-1\" class=\"so-panel widget widget_sow-editor\" data-index=\"8\" ><div\n\t\t\t\n\t\t\tclass=\"so-widget-sow-editor so-widget-sow-editor-base\"\n\t\t\t\n\t\t>\n<div class=\"siteorigin-widget-tinymce textwidget\">\n\t<h3>Conf\u00e9rence-concert d'Ana\u00efs Vaillant et Mathieu Werchowski<\/h3>\n<div class=\"xdj266r x11i5rnm xat24cr x1mh8g0r x1vvkbs\" style=\"text-align: left;\"><strong>\u00ab Ici soit f\u00eate ! Des rituels contre les misod\u00e8mes \u00bb<\/strong><\/div>\n<div class=\"x11i5rnm xat24cr x1mh8g0r x1vvkbs xtlvy1s\" style=\"text-align: left;\"><\/div>\n<div class=\"x11i5rnm xat24cr x1mh8g0r x1vvkbs xtlvy1s\" style=\"text-align: left;\">L\u2019anthropologie pratique et festive d\u2019Ana\u00efs Vaillant lui permet chaque ann\u00e9e de plonger dans le rituel carnavalesque et d\u2019appr\u00e9hender ses dimensions mythologiques et magiques.<\/div>\n<div class=\"x11i5rnm xat24cr x1mh8g0r x1vvkbs xtlvy1s\" style=\"text-align: left;\">Carnaval y appara\u00eet comme une entit\u00e9 invisible, souterraine, prenant forme \u00e0 date pr\u00e9cise dans le corps social.<\/div>\n<div class=\"x11i5rnm xat24cr x1mh8g0r x1vvkbs xtlvy1s\" style=\"text-align: left;\">Ana\u00efs Vaillant r\u00e9habilite la notion de folklore comme une r\u00e9appropriation des r\u00e9cits et des savoirs populaires traditionnels.<\/div>\n<div class=\"x11i5rnm xat24cr x1mh8g0r x1vvkbs xtlvy1s\" style=\"text-align: left;\">Carnaval, devenu ces derni\u00e8res ann\u00e9es un folklore de premi\u00e8re n\u00e9cessit\u00e9, nous offre une relation dense au r\u00e9el. Il r\u00e9v\u00e8le nos liens inavouables, refoul\u00e9s voire effac\u00e9s, \u00e0 l\u2019ensemble du vivant, aux \u00e9l\u00e9ments, aux esprits des lieux.<\/div>\n<\/div>\n<\/div><\/div><div id=\"panel-22148-0-1-2\" class=\"so-panel widget widget_sow-image panel-last-child\" data-index=\"9\" ><div\n\t\t\t\n\t\t\tclass=\"so-widget-sow-image so-widget-sow-image-default-8b5b6f678277-22148\"\n\t\t\t\n\t\t>\n<div class=\"sow-image-container\">\n\t\t<img \n\tsrc=\"https:\/\/freddymorezon.org\/wp-content\/uploads\/2025\/03\/Affiche-ConfAnais.jpg\" width=\"1414\" height=\"2000\" srcset=\"https:\/\/freddymorezon.org\/wp-content\/uploads\/2025\/03\/Affiche-ConfAnais.jpg 1414w, https:\/\/freddymorezon.org\/wp-content\/uploads\/2025\/03\/Affiche-ConfAnais-566x800.jpg 566w, https:\/\/freddymorezon.org\/wp-content\/uploads\/2025\/03\/Affiche-ConfAnais-1086x1536.jpg 1086w, https:\/\/freddymorezon.org\/wp-content\/uploads\/2025\/03\/Affiche-ConfAnais-400x566.jpg 400w\" sizes=\"(max-width: 1414px) 100vw, 1414px\" title=\"Affiche ConfAnais\" alt=\"\" \t\tclass=\"so-widget-image\"\/>\n\t<\/div>\n\n<\/div><\/div><\/div><\/div><\/div>","protected":false},"excerpt":{"rendered":"<p>Mardi 25 marsF\u00e9liz Caf\u00e9, Saint-F\u00e9lix-de-Paill\u00e8resOuverture d\u00e8s 19hParticipation libre Future Folk Stories \u00e9pisode c\u00e9venol Robin Fincker Mathieu Werchowski F\u00e9liz Caf\u00e9 Conf\u00e9rence-concert d&#8217;Ana\u00efs Vaillant et Mathieu Werchowski \u00ab Ici soit f\u00eate ! Des rituels contre les misod\u00e8mes \u00bb L\u2019anthropologie pratique et festive d\u2019Ana\u00efs Vaillant lui permet chaque ann\u00e9e de plonger dans le rituel carnavalesque et d\u2019appr\u00e9hender ses&hellip;<\/p>\n<p><a class=\"more-link\" href=\"https:\/\/freddymorezon.org\/en\/nos-evenements\/future-folk-stories-episode-cevenol-conference-concert-danais-vaillant-et-mathieu-werchowski\/\" title=\"Continue reading &lsquo;25.03.2025 \/\/ Future Folk Stories \u00e9pisode c\u00e9venol &#8211; Conf\u00e9rence-concert d&#8217;Ana\u00efs Vaillant&rsquo;\">Continue reading <span class=\"meta-nav\">&rarr;<\/span><\/a><\/p>\n","protected":false},"author":1,"featured_media":22213,"parent":10655,"menu_order":0,"comment_status":"closed","ping_status":"closed","template":"page-templates\/full-width.php","meta":{"om_disable_all_campaigns":false,"_monsterinsights_skip_tracking":false,"_monsterinsights_sitenote_active":false,"_monsterinsights_sitenote_note":"","_monsterinsights_sitenote_category":0,"_uf_show_specific_survey":0,"_uf_disable_surveys":false,"footnotes":""},"categories":[1401],"tags":[],"class_list":["post-22148","page","type-page","status-publish","has-post-thumbnail","hentry","category-nos-evenements-passes"],"aioseo_notices":[],"yoast_head":"<!-- This site is optimized with the Yoast SEO plugin v27.4 - https:\/\/yoast.com\/product\/yoast-seo-wordpress\/ -->\n<title>25.03.2025 \/\/ Future Folk Stories \u00e9pisode c\u00e9venol - Conf\u00e9rence-concert d&#039;Ana\u00efs Vaillant | Freddy Morezon<\/title>\n<meta name=\"robots\" content=\"index, follow, max-snippet:-1, max-image-preview:large, max-video-preview:-1\" \/>\n<link rel=\"canonical\" href=\"https:\/\/freddymorezon.org\/nos-evenements\/future-folk-stories-episode-cevenol-conference-concert-danais-vaillant-et-mathieu-werchowski\/\" \/>\n<meta property=\"og:locale\" content=\"en_US\" \/>\n<meta property=\"og:type\" content=\"article\" \/>\n<meta property=\"og:title\" content=\"25.03.2025 \/\/ Future Folk Stories \u00e9pisode c\u00e9venol - Conf\u00e9rence-concert d&#039;Ana\u00efs Vaillant | Freddy Morezon\" \/>\n<meta property=\"og:description\" content=\"Mardi 25 marsF\u00e9liz Caf\u00e9, Saint-F\u00e9lix-de-Paill\u00e8resOuverture d\u00e8s 19hParticipation libre Future Folk Stories \u00e9pisode c\u00e9venol Robin Fincker Mathieu Werchowski F\u00e9liz Caf\u00e9 Conf\u00e9rence-concert d&#039;Ana\u00efs Vaillant et Mathieu Werchowski \u00ab Ici soit f\u00eate ! Des rituels contre les misod\u00e8mes \u00bb L\u2019anthropologie pratique et festive d\u2019Ana\u00efs Vaillant lui permet chaque ann\u00e9e de plonger dans le rituel carnavalesque et d\u2019appr\u00e9hender ses&hellip;Continue reading &rarr;\" \/>\n<meta property=\"og:url\" content=\"https:\/\/freddymorezon.org\/nos-evenements\/future-folk-stories-episode-cevenol-conference-concert-danais-vaillant-et-mathieu-werchowski\/\" \/>\n<meta property=\"og:site_name\" content=\"Freddy Morezon\" \/>\n<meta property=\"article:publisher\" content=\"https:\/\/www.facebook.com\/freddy.morezon\/\" \/>\n<meta property=\"article:modified_time\" content=\"2025-04-23T11:57:01+00:00\" \/>\n<meta property=\"og:image\" content=\"https:\/\/freddymorezon.org\/wp-content\/uploads\/2025\/03\/Vignette-episode-cevenol.png\" \/>\n\t<meta property=\"og:image:width\" content=\"1080\" \/>\n\t<meta property=\"og:image:height\" content=\"1080\" \/>\n\t<meta property=\"og:image:type\" content=\"image\/png\" \/>\n<meta name=\"twitter:card\" content=\"summary_large_image\" \/>\n<script type=\"application\/ld+json\" class=\"yoast-schema-graph\">{\"@context\":\"https:\\\/\\\/schema.org\",\"@graph\":[{\"@type\":\"WebPage\",\"@id\":\"https:\\\/\\\/freddymorezon.org\\\/nos-evenements\\\/future-folk-stories-episode-cevenol-conference-concert-danais-vaillant-et-mathieu-werchowski\\\/\",\"url\":\"https:\\\/\\\/freddymorezon.org\\\/nos-evenements\\\/future-folk-stories-episode-cevenol-conference-concert-danais-vaillant-et-mathieu-werchowski\\\/\",\"name\":\"25.03.2025 \\\/\\\/ Future Folk Stories \u00e9pisode c\u00e9venol - Conf\u00e9rence-concert d'Ana\u00efs Vaillant | Freddy Morezon\",\"isPartOf\":{\"@id\":\"https:\\\/\\\/freddymorezon.org\\\/#website\"},\"primaryImageOfPage\":{\"@id\":\"https:\\\/\\\/freddymorezon.org\\\/nos-evenements\\\/future-folk-stories-episode-cevenol-conference-concert-danais-vaillant-et-mathieu-werchowski\\\/#primaryimage\"},\"image\":{\"@id\":\"https:\\\/\\\/freddymorezon.org\\\/nos-evenements\\\/future-folk-stories-episode-cevenol-conference-concert-danais-vaillant-et-mathieu-werchowski\\\/#primaryimage\"},\"thumbnailUrl\":\"https:\\\/\\\/freddymorezon.org\\\/wp-content\\\/uploads\\\/2025\\\/03\\\/Vignette-episode-cevenol.png\",\"datePublished\":\"2025-03-19T08:33:45+00:00\",\"dateModified\":\"2025-04-23T11:57:01+00:00\",\"breadcrumb\":{\"@id\":\"https:\\\/\\\/freddymorezon.org\\\/nos-evenements\\\/future-folk-stories-episode-cevenol-conference-concert-danais-vaillant-et-mathieu-werchowski\\\/#breadcrumb\"},\"inLanguage\":\"en-US\",\"potentialAction\":[{\"@type\":\"ReadAction\",\"target\":[\"https:\\\/\\\/freddymorezon.org\\\/nos-evenements\\\/future-folk-stories-episode-cevenol-conference-concert-danais-vaillant-et-mathieu-werchowski\\\/\"]}]},{\"@type\":\"ImageObject\",\"inLanguage\":\"en-US\",\"@id\":\"https:\\\/\\\/freddymorezon.org\\\/nos-evenements\\\/future-folk-stories-episode-cevenol-conference-concert-danais-vaillant-et-mathieu-werchowski\\\/#primaryimage\",\"url\":\"https:\\\/\\\/freddymorezon.org\\\/wp-content\\\/uploads\\\/2025\\\/03\\\/Vignette-episode-cevenol.png\",\"contentUrl\":\"https:\\\/\\\/freddymorezon.org\\\/wp-content\\\/uploads\\\/2025\\\/03\\\/Vignette-episode-cevenol.png\",\"width\":1080,\"height\":1080},{\"@type\":\"BreadcrumbList\",\"@id\":\"https:\\\/\\\/freddymorezon.org\\\/nos-evenements\\\/future-folk-stories-episode-cevenol-conference-concert-danais-vaillant-et-mathieu-werchowski\\\/#breadcrumb\",\"itemListElement\":[{\"@type\":\"ListItem\",\"position\":1,\"name\":\"Accueil\",\"item\":\"https:\\\/\\\/freddymorezon.org\\\/\"},{\"@type\":\"ListItem\",\"position\":2,\"name\":\"Nos \u00e9v\u00e9nements\",\"item\":\"https:\\\/\\\/freddymorezon.org\\\/nos-evenements\\\/\"},{\"@type\":\"ListItem\",\"position\":3,\"name\":\"25.03.2025 \\\/\\\/ Future Folk Stories \u00e9pisode c\u00e9venol &#8211; Conf\u00e9rence-concert d&rsquo;Ana\u00efs Vaillant\"}]},{\"@type\":\"WebSite\",\"@id\":\"https:\\\/\\\/freddymorezon.org\\\/#website\",\"url\":\"https:\\\/\\\/freddymorezon.org\\\/\",\"name\":\"Freddy Morezon\",\"description\":\"jazz - musique improvis\u00e9e - esth\u00e9tiques plurielles\",\"publisher\":{\"@id\":\"https:\\\/\\\/freddymorezon.org\\\/#organization\"},\"potentialAction\":[{\"@type\":\"SearchAction\",\"target\":{\"@type\":\"EntryPoint\",\"urlTemplate\":\"https:\\\/\\\/freddymorezon.org\\\/?s={search_term_string}\"},\"query-input\":{\"@type\":\"PropertyValueSpecification\",\"valueRequired\":true,\"valueName\":\"search_term_string\"}}],\"inLanguage\":\"en-US\"},{\"@type\":\"Organization\",\"@id\":\"https:\\\/\\\/freddymorezon.org\\\/#organization\",\"name\":\"Association Freddy Morezon\",\"url\":\"https:\\\/\\\/freddymorezon.org\\\/\",\"logo\":{\"@type\":\"ImageObject\",\"inLanguage\":\"en-US\",\"@id\":\"https:\\\/\\\/freddymorezon.org\\\/#\\\/schema\\\/logo\\\/image\\\/\",\"url\":\"https:\\\/\\\/freddymorezon.org\\\/wp-content\\\/uploads\\\/2016\\\/02\\\/mini-logo-header-site2.jpg\",\"contentUrl\":\"https:\\\/\\\/freddymorezon.org\\\/wp-content\\\/uploads\\\/2016\\\/02\\\/mini-logo-header-site2.jpg\",\"width\":234,\"height\":174,\"caption\":\"Association Freddy Morezon\"},\"image\":{\"@id\":\"https:\\\/\\\/freddymorezon.org\\\/#\\\/schema\\\/logo\\\/image\\\/\"},\"sameAs\":[\"https:\\\/\\\/www.facebook.com\\\/freddy.morezon\\\/\",\"https:\\\/\\\/www.instagram.com\\\/freddymorezon\\\/\",\"https:\\\/\\\/www.youtube.com\\\/user\\\/freddymorezon\",\"https:\\\/\\\/fr.linkedin.com\\\/company\\\/freddy-morezon-p.r.o.d.\"]}]}<\/script>\n<!-- \/ Yoast SEO plugin. -->","yoast_head_json":{"title":"25.03.2025 \/\/ Future Folk Stories \u00e9pisode c\u00e9venol - Conf\u00e9rence-concert d'Ana\u00efs Vaillant | Freddy Morezon","robots":{"index":"index","follow":"follow","max-snippet":"max-snippet:-1","max-image-preview":"max-image-preview:large","max-video-preview":"max-video-preview:-1"},"canonical":"https:\/\/freddymorezon.org\/nos-evenements\/future-folk-stories-episode-cevenol-conference-concert-danais-vaillant-et-mathieu-werchowski\/","og_locale":"en_US","og_type":"article","og_title":"25.03.2025 \/\/ Future Folk Stories \u00e9pisode c\u00e9venol - Conf\u00e9rence-concert d'Ana\u00efs Vaillant | Freddy Morezon","og_description":"Mardi 25 marsF\u00e9liz Caf\u00e9, Saint-F\u00e9lix-de-Paill\u00e8resOuverture d\u00e8s 19hParticipation libre Future Folk Stories \u00e9pisode c\u00e9venol Robin Fincker Mathieu Werchowski F\u00e9liz Caf\u00e9 Conf\u00e9rence-concert d'Ana\u00efs Vaillant et Mathieu Werchowski \u00ab Ici soit f\u00eate ! Des rituels contre les misod\u00e8mes \u00bb L\u2019anthropologie pratique et festive d\u2019Ana\u00efs Vaillant lui permet chaque ann\u00e9e de plonger dans le rituel carnavalesque et d\u2019appr\u00e9hender ses&hellip;Continue reading &rarr;","og_url":"https:\/\/freddymorezon.org\/nos-evenements\/future-folk-stories-episode-cevenol-conference-concert-danais-vaillant-et-mathieu-werchowski\/","og_site_name":"Freddy Morezon","article_publisher":"https:\/\/www.facebook.com\/freddy.morezon\/","article_modified_time":"2025-04-23T11:57:01+00:00","og_image":[{"width":1080,"height":1080,"url":"https:\/\/freddymorezon.org\/wp-content\/uploads\/2025\/03\/Vignette-episode-cevenol.png","type":"image\/png"}],"twitter_card":"summary_large_image","schema":{"@context":"https:\/\/schema.org","@graph":[{"@type":"WebPage","@id":"https:\/\/freddymorezon.org\/nos-evenements\/future-folk-stories-episode-cevenol-conference-concert-danais-vaillant-et-mathieu-werchowski\/","url":"https:\/\/freddymorezon.org\/nos-evenements\/future-folk-stories-episode-cevenol-conference-concert-danais-vaillant-et-mathieu-werchowski\/","name":"25.03.2025 \/\/ Future Folk Stories \u00e9pisode c\u00e9venol - Conf\u00e9rence-concert d'Ana\u00efs Vaillant | Freddy Morezon","isPartOf":{"@id":"https:\/\/freddymorezon.org\/#website"},"primaryImageOfPage":{"@id":"https:\/\/freddymorezon.org\/nos-evenements\/future-folk-stories-episode-cevenol-conference-concert-danais-vaillant-et-mathieu-werchowski\/#primaryimage"},"image":{"@id":"https:\/\/freddymorezon.org\/nos-evenements\/future-folk-stories-episode-cevenol-conference-concert-danais-vaillant-et-mathieu-werchowski\/#primaryimage"},"thumbnailUrl":"https:\/\/freddymorezon.org\/wp-content\/uploads\/2025\/03\/Vignette-episode-cevenol.png","datePublished":"2025-03-19T08:33:45+00:00","dateModified":"2025-04-23T11:57:01+00:00","breadcrumb":{"@id":"https:\/\/freddymorezon.org\/nos-evenements\/future-folk-stories-episode-cevenol-conference-concert-danais-vaillant-et-mathieu-werchowski\/#breadcrumb"},"inLanguage":"en-US","potentialAction":[{"@type":"ReadAction","target":["https:\/\/freddymorezon.org\/nos-evenements\/future-folk-stories-episode-cevenol-conference-concert-danais-vaillant-et-mathieu-werchowski\/"]}]},{"@type":"ImageObject","inLanguage":"en-US","@id":"https:\/\/freddymorezon.org\/nos-evenements\/future-folk-stories-episode-cevenol-conference-concert-danais-vaillant-et-mathieu-werchowski\/#primaryimage","url":"https:\/\/freddymorezon.org\/wp-content\/uploads\/2025\/03\/Vignette-episode-cevenol.png","contentUrl":"https:\/\/freddymorezon.org\/wp-content\/uploads\/2025\/03\/Vignette-episode-cevenol.png","width":1080,"height":1080},{"@type":"BreadcrumbList","@id":"https:\/\/freddymorezon.org\/nos-evenements\/future-folk-stories-episode-cevenol-conference-concert-danais-vaillant-et-mathieu-werchowski\/#breadcrumb","itemListElement":[{"@type":"ListItem","position":1,"name":"Accueil","item":"https:\/\/freddymorezon.org\/"},{"@type":"ListItem","position":2,"name":"Nos \u00e9v\u00e9nements","item":"https:\/\/freddymorezon.org\/nos-evenements\/"},{"@type":"ListItem","position":3,"name":"25.03.2025 \/\/ Future Folk Stories \u00e9pisode c\u00e9venol &#8211; Conf\u00e9rence-concert d&rsquo;Ana\u00efs Vaillant"}]},{"@type":"WebSite","@id":"https:\/\/freddymorezon.org\/#website","url":"https:\/\/freddymorezon.org\/","name":"Freddy Morezon","description":"jazz - musique improvis\u00e9e - esth\u00e9tiques plurielles","publisher":{"@id":"https:\/\/freddymorezon.org\/#organization"},"potentialAction":[{"@type":"SearchAction","target":{"@type":"EntryPoint","urlTemplate":"https:\/\/freddymorezon.org\/?s={search_term_string}"},"query-input":{"@type":"PropertyValueSpecification","valueRequired":true,"valueName":"search_term_string"}}],"inLanguage":"en-US"},{"@type":"Organization","@id":"https:\/\/freddymorezon.org\/#organization","name":"Association Freddy Morezon","url":"https:\/\/freddymorezon.org\/","logo":{"@type":"ImageObject","inLanguage":"en-US","@id":"https:\/\/freddymorezon.org\/#\/schema\/logo\/image\/","url":"https:\/\/freddymorezon.org\/wp-content\/uploads\/2016\/02\/mini-logo-header-site2.jpg","contentUrl":"https:\/\/freddymorezon.org\/wp-content\/uploads\/2016\/02\/mini-logo-header-site2.jpg","width":234,"height":174,"caption":"Association Freddy Morezon"},"image":{"@id":"https:\/\/freddymorezon.org\/#\/schema\/logo\/image\/"},"sameAs":["https:\/\/www.facebook.com\/freddy.morezon\/","https:\/\/www.instagram.com\/freddymorezon\/","https:\/\/www.youtube.com\/user\/freddymorezon","https:\/\/fr.linkedin.com\/company\/freddy-morezon-p.r.o.d."]}]}},"_links":{"self":[{"href":"https:\/\/freddymorezon.org\/en\/wp-json\/wp\/v2\/pages\/22148","targetHints":{"allow":["GET"]}}],"collection":[{"href":"https:\/\/freddymorezon.org\/en\/wp-json\/wp\/v2\/pages"}],"about":[{"href":"https:\/\/freddymorezon.org\/en\/wp-json\/wp\/v2\/types\/page"}],"author":[{"embeddable":true,"href":"https:\/\/freddymorezon.org\/en\/wp-json\/wp\/v2\/users\/1"}],"replies":[{"embeddable":true,"href":"https:\/\/freddymorezon.org\/en\/wp-json\/wp\/v2\/comments?post=22148"}],"version-history":[{"count":21,"href":"https:\/\/freddymorezon.org\/en\/wp-json\/wp\/v2\/pages\/22148\/revisions"}],"predecessor-version":[{"id":22547,"href":"https:\/\/freddymorezon.org\/en\/wp-json\/wp\/v2\/pages\/22148\/revisions\/22547"}],"up":[{"embeddable":true,"href":"https:\/\/freddymorezon.org\/en\/wp-json\/wp\/v2\/pages\/10655"}],"wp:featuredmedia":[{"embeddable":true,"href":"https:\/\/freddymorezon.org\/en\/wp-json\/wp\/v2\/media\/22213"}],"wp:attachment":[{"href":"https:\/\/freddymorezon.org\/en\/wp-json\/wp\/v2\/media?parent=22148"}],"wp:term":[{"taxonomy":"category","embeddable":true,"href":"https:\/\/freddymorezon.org\/en\/wp-json\/wp\/v2\/categories?post=22148"},{"taxonomy":"post_tag","embeddable":true,"href":"https:\/\/freddymorezon.org\/en\/wp-json\/wp\/v2\/tags?post=22148"}],"curies":[{"name":"wp","href":"https:\/\/api.w.org\/{rel}","templated":true}]}}