
{"id":22424,"date":"2025-03-22T17:51:42","date_gmt":"2025-03-22T15:51:42","guid":{"rendered":"https:\/\/freddymorezon.org\/?page_id=22424"},"modified":"2025-06-02T14:40:50","modified_gmt":"2025-06-02T12:40:50","slug":"detournees-prelude","status":"publish","type":"page","link":"https:\/\/freddymorezon.org\/en\/nos-evenements\/detournees-prelude\/","title":{"rendered":"31.05 + 01.06.2025 \/\/ D\u00e9(tourn\u00e9es) &#8211; Pr\u00e9lude"},"content":{"rendered":"<div id=\"pl-22424\"  class=\"panel-layout\" ><div id=\"pg-22424-0\"  class=\"panel-grid panel-no-style\" ><div id=\"pgc-22424-0-0\"  class=\"panel-grid-cell\" ><div id=\"panel-22424-0-0-0\" class=\"so-panel widget widget_sow-image panel-first-child\" data-index=\"0\" ><div\n\t\t\t\n\t\t\tclass=\"so-widget-sow-image so-widget-sow-image-default-c67d20f9f743-22424\"\n\t\t\t\n\t\t>\n<div class=\"sow-image-container\">\n\t\t<img \n\tsrc=\"https:\/\/freddymorezon.org\/wp-content\/uploads\/2025\/04\/DETOURNEES-1080x1350-1.jpg\" width=\"1350\" height=\"1080\" srcset=\"https:\/\/freddymorezon.org\/wp-content\/uploads\/2025\/04\/DETOURNEES-1080x1350-1.jpg 1350w, https:\/\/freddymorezon.org\/wp-content\/uploads\/2025\/04\/DETOURNEES-1080x1350-1-800x640.jpg 800w, https:\/\/freddymorezon.org\/wp-content\/uploads\/2025\/04\/DETOURNEES-1080x1350-1-400x320.jpg 400w\" sizes=\"(max-width: 1350px) 100vw, 1350px\" title=\"DETOURNEES-1080&#215;1350\" alt=\"\" \t\tclass=\"so-widget-image\"\/>\n\t<\/div>\n\n<\/div><\/div><div id=\"panel-22424-0-0-1\" class=\"so-panel widget widget_sow-headline\" data-index=\"1\" ><div\n\t\t\t\n\t\t\tclass=\"so-widget-sow-headline so-widget-sow-headline-default-6159a0848e6a-22424\"\n\t\t\t\n\t\t><div class=\"sow-headline-container \">\n\t\t\t\t\t\t<div class=\"decoration\">\n\t\t\t\t\t\t<div class=\"decoration-inside\"><\/div>\n\t\t\t\t\t<\/div>\n\t\t\t\t\t<\/div>\n<\/div><\/div><div id=\"panel-22424-0-0-2\" class=\"so-panel widget widget_sow-editor\" data-index=\"2\" ><div\n\t\t\t\n\t\t\tclass=\"so-widget-sow-editor so-widget-sow-editor-base\"\n\t\t\t\n\t\t><h3 class=\"widget-title\">INFOS PRATIQUES<\/h3>\n<div class=\"siteorigin-widget-tinymce textwidget\">\n\t<p>Le Bouche \u00e0 Oreille<br \/>\nPlace de la mairie 32420 Simorre<br \/>\n05 62 05 52 42 \/ contact@lebao.fr<\/p>\n<p><span class=\"cff-desc-text\">Vous pourrez d\u00eener \u00e0 partir de 20h. <\/span><span class=\"cff-desc-text\">R\u00e9servation <a href=\"http:\/\/ib.guestonline.fr\/instabook\/bookings\/6227\/yr3faXipsY?date=20250531\">ICI<\/a><br \/>\n<\/span><\/p>\n<\/div>\n<\/div><\/div><div id=\"panel-22424-0-0-3\" class=\"so-panel widget widget_sow-button\" data-index=\"3\" ><div\n\t\t\t\n\t\t\tclass=\"so-widget-sow-button so-widget-sow-button-flat-956d0da8e1be-22424\"\n\t\t\t\n\t\t><div class=\"ow-button-base ow-button-align-left\"\n>\n\t\t\t<a\n\t\t\t\t\thref=\"https:\/\/freddymorezon.org\/projets-de-territoire\/projet-de-territoire-gers\/\"\n\t\t\t\t\tclass=\"sowb-button ow-icon-placement-left ow-button-hover\" \t>\n\t\t<span>\n\t\t\t\n\t\t\t+ d'infos\t\t<\/span>\n\t\t\t<\/a>\n\t<\/div>\n<\/div><\/div><div id=\"panel-22424-0-0-4\" class=\"so-panel widget widget_sow-headline\" data-index=\"4\" ><div\n\t\t\t\n\t\t\tclass=\"so-widget-sow-headline so-widget-sow-headline-default-6159a0848e6a-22424\"\n\t\t\t\n\t\t><div class=\"sow-headline-container \">\n\t\t\t\t\t\t<div class=\"decoration\">\n\t\t\t\t\t\t<div class=\"decoration-inside\"><\/div>\n\t\t\t\t\t<\/div>\n\t\t\t\t\t<\/div>\n<\/div><\/div><div id=\"panel-22424-0-0-5\" class=\"so-panel widget widget_sow-editor\" data-index=\"5\" ><div\n\t\t\t\n\t\t\tclass=\"so-widget-sow-editor so-widget-sow-editor-base\"\n\t\t\t\n\t\t><h3 class=\"widget-title\">LIENS<\/h3>\n<div class=\"siteorigin-widget-tinymce textwidget\">\n\t<p><a href=\"https:\/\/freddymorezon.org\/projets-de-territoire\/projet-de-territoire-gers\/\">D\u00e9(tourn\u00e9es)<\/a><br \/>\n<a href=\"https:\/\/freddymorezon.org\/artistes\/sebastien-cirotteau\/\">S\u00e9bastien Cirotteau<\/a><br \/>\n<a href=\"https:\/\/freddymorezon.org\/artistes\/marc-maffiolo\/\">Marc Maffiolo<\/a><br \/>\n<a href=\"https:\/\/freddymorezon.org\/artistes\/laurent-paris\/\">Laurent Paris<\/a><br \/>\n<a href=\"https:\/\/freddymorezon.org\/artistes\/florian-nastorg\/\">Florian Nastorg<\/a><br \/>\n<a href=\"https:\/\/www.attractionceleste.com\/\">L'Attraction C\u00e9leste<\/a><br \/>\n<a href=\"https:\/\/freddymorezon.org\/productions\/sweetest-choice\/\">Sweetest Choice<\/a><br \/>\n<a href=\"https:\/\/www.davidlafore.com\/\">David Lafore<\/a><br \/>\n<a href=\"https:\/\/www.sophiebernado.net\/\">Sophie Bernado<\/a><\/p>\n<p><a href=\"https:\/\/lebao.fr\/\">Le BAO<\/a><\/p>\n<\/div>\n<\/div><\/div><div id=\"panel-22424-0-0-6\" class=\"so-panel widget widget_sow-editor\" data-index=\"6\" ><div\n\t\t\t\n\t\t\tclass=\"so-widget-sow-editor so-widget-sow-editor-base\"\n\t\t\t\n\t\t><h3 class=\"widget-title\">PARTENAIRES<\/h3>\n<div class=\"siteorigin-widget-tinymce textwidget\">\n\t<p>D\u00e9(tourn\u00e9es) est une production du collectif Freddy Morezon.<br \/>\nCe projet b\u00e9n\u00e9ficie du soutien du fond europ\u00e9en Leader du Pays Porte de Gascogne, de la DRAC Occitanie, de la r\u00e9gion Occitanie, du D\u00e9partement du Gers et du Pays Porte de Gascogne. En partenariat avec Le Bouche \u00e0 Oreille et l'ADDA 32.<\/p>\n<\/div>\n<\/div><\/div><div id=\"panel-22424-0-0-7\" class=\"so-panel widget widget_sow-button\" data-index=\"7\" ><div\n\t\t\t\n\t\t\tclass=\"so-widget-sow-button so-widget-sow-button-flat-5192bebda948-22424\"\n\t\t\t\n\t\t><div class=\"ow-button-base ow-button-align-center\"\n>\n\t\t\t<a\n\t\t\t\t\thref=\"https:\/\/freddymorezon.org\/projets-de-territoire\/projet-de-territoire-gers\/\"\n\t\t\t\t\tclass=\"sowb-button ow-icon-placement-left ow-button-hover\" \t>\n\t\t<span>\n\t\t\t\n\t\t\tRetour \u00e0 la page D\u00e9(tourn\u00e9es)\t\t<\/span>\n\t\t\t<\/a>\n\t<\/div>\n<\/div><\/div><div id=\"panel-22424-0-0-8\" class=\"so-panel widget widget_sow-button panel-last-child\" data-index=\"8\" ><div\n\t\t\t\n\t\t\tclass=\"so-widget-sow-button so-widget-sow-button-flat-5192bebda948-22424\"\n\t\t\t\n\t\t><div class=\"ow-button-base ow-button-align-center\"\n>\n\t\t\t<a\n\t\t\t\t\thref=\"https:\/\/freddymorezon.org\/nos-evenements\/\"\n\t\t\t\t\tclass=\"sowb-button ow-icon-placement-left ow-button-hover\" \t>\n\t\t<span>\n\t\t\t\n\t\t\tRetour \u00e0 la page \u00c9v\u00e9nements\t\t<\/span>\n\t\t\t<\/a>\n\t<\/div>\n<\/div><\/div><\/div><div id=\"pgc-22424-0-1\"  class=\"panel-grid-cell\" ><div id=\"panel-22424-0-1-0\" class=\"so-panel widget widget_sow-headline panel-first-child\" data-index=\"9\" ><div\n\t\t\t\n\t\t\tclass=\"so-widget-sow-headline so-widget-sow-headline-default-d42322c5b14c-22424\"\n\t\t\t\n\t\t><div class=\"sow-headline-container \">\n\t\t\t\t\t\t\t<h2 class=\"sow-headline\">\n\t\t\t\t\t\tD\u00c9(TOURN\u00c9ES) - Pr\u00e9lude\t\t\t\t\t\t<\/h2>\n\t\t\t\t\t\t\t\t\t\t\t<div class=\"decoration\">\n\t\t\t\t\t\t<div class=\"decoration-inside\"><\/div>\n\t\t\t\t\t<\/div>\n\t\t\t\t\t<\/div>\n<\/div><\/div><div id=\"panel-22424-0-1-1\" class=\"so-panel widget widget_sow-editor\" data-index=\"10\" ><div\n\t\t\t\n\t\t\tclass=\"so-widget-sow-editor so-widget-sow-editor-base\"\n\t\t\t\n\t\t>\n<div class=\"siteorigin-widget-tinymce textwidget\">\n\t<p>Les 31 mai et 1er juin 2025, rendez-vous au village de Simorre pour un \u00e9v\u00e9nement doublement sp\u00e9cial : le collectif Freddy Morezon s\u2019associe au Bouche \u00e0 Oreille, partenaire de longue date, pour c\u00e9l\u00e9brer ses 15 ans, et donne ainsi le coup d\u2019envoi du projet D\u00e9(tourn\u00e9es) avec l\u2019\u00e9v\u00e8nement <strong><em>Pr\u00e9lude<\/em><\/strong>\u00a0: une journ\u00e9e festive alliant musique et performance.<\/p>\n<p>Pendant deux ans, le collectif Freddy Morezon partira explorer le Gers. Un territoire \u00e0 arpenter, des chemins \u00e0 d\u00e9tourner et surtout, des rencontres \u00e0 cr\u00e9er avec celles et ceux qui le font vivre\u2026<\/p>\n<\/div>\n<\/div><\/div><div id=\"panel-22424-0-1-2\" class=\"so-panel widget widget_sow-button\" data-index=\"11\" ><div\n\t\t\t\n\t\t\tclass=\"so-widget-sow-button so-widget-sow-button-flat-a657a074bb6d-22424\"\n\t\t\t\n\t\t><div class=\"ow-button-base ow-button-align-left\"\n>\n\t\t\t<a\n\t\t\t\t\thref=\"https:\/\/freddymorezon.org\/wp-content\/uploads\/2025\/05\/Detournees-programme-Prelude.pdf\"\n\t\t\t\t\tclass=\"sowb-button ow-icon-placement-left ow-button-hover\" \t>\n\t\t<span>\n\t\t\t\n\t\t\tTout le programme\t\t<\/span>\n\t\t\t<\/a>\n\t<\/div>\n<\/div><\/div><div id=\"panel-22424-0-1-3\" class=\"so-panel widget widget_sow-headline\" data-index=\"12\" ><div\n\t\t\t\n\t\t\tclass=\"so-widget-sow-headline so-widget-sow-headline-default-6159a0848e6a-22424\"\n\t\t\t\n\t\t><div class=\"sow-headline-container \">\n\t\t\t\t\t\t<div class=\"decoration\">\n\t\t\t\t\t\t<div class=\"decoration-inside\"><\/div>\n\t\t\t\t\t<\/div>\n\t\t\t\t\t<\/div>\n<\/div><\/div><div id=\"panel-22424-0-1-4\" class=\"so-panel widget widget_sow-editor\" data-index=\"13\" ><div\n\t\t\t\n\t\t\tclass=\"so-widget-sow-editor so-widget-sow-editor-base\"\n\t\t\t\n\t\t>\n<div class=\"siteorigin-widget-tinymce textwidget\">\n\t<h3><strong>Pr\u00e9lude - Programme du 31 mai<\/strong><\/h3>\n<p><strong><br \/>\n<\/strong><strong>16h -18h<\/strong> : <strong>Impromptus et performances sonores<br \/>\n<\/strong><em>Place du village, jardin<\/em><br \/>\nAvec S\u00e9bastien Cirotteau, Benjamin Glibert, Marc Maffiolo, Laurent Paris et Meril\u00f9 Solito<\/p>\n<p><strong>18h30<\/strong> : <strong>Le<\/strong> <strong>Simorkestra \u2013 In C (Terry Riley)<br \/>\n<\/strong><em>Place du village<\/em><br \/>\nDirection : Florian Nastorg<\/p>\n<p>Le Simorkestra est un orchestre \u00e9ph\u00e9m\u00e8re du village de Simorre dont l'un des objets est de pouvoir accueillir entre autres des personnes non-musiciennes. L'orchestre interpr\u00e9tera <em>IN C<\/em> de Terry Riley, pi\u00e8ce embl\u00e9matique du minimalisme musical compos\u00e9e en 1964. Con\u00e7ue pour une pratique collective sans hi\u00e9rarchie, elle offre une structure souple o\u00f9 chacun trouve sa place, invitant \u00e0 l\u2019\u00e9coute, \u00e0 la transmission et \u00e0 l\u2019entraide.<\/p>\n<p><strong>20h30<\/strong> : <strong>L'Attraction C\u00e9leste<br \/>\n<\/strong><em>Place du village<br \/>\n<\/em>Avec Servane Guittier \u2013 Antoine Manceau - Marc Maffiolo<\/p>\n<p>L\u2019Attraction C\u00e9leste s\u2019invite \u00e0 l\u2019anniversaire du Bouche \u00e0 Oreille\u00a0! Un trio musical comico-grave compos\u00e9 de Servane Guittier \u00e0 l\u2019accord\u00e9on et au chant, Antoine Manceau \u00e0 la clarinette basse, et Marc Maffiolo au saxophone basse, pour un r\u00e9pertoire original \u00e0 la fois puissant et subtil, empreint de valse pas carr\u00e9e, d'accord\u00e9mourlinette et de \u00d4l\u00e0l\u00e0\u00a0!!<\/p>\n<hr \/>\n<h3><strong>Programme du 1<sup>er<\/sup> juin<\/strong><\/h3>\n<p><strong>Vins d\u2019Autan \u2013 D\u00e9gustation<br \/>\n<\/strong>Pour la 15\u00e8me ann\u00e9e cons\u00e9cutive ! Le Bouche A Oreille f\u00eate son anniversaire en invitant les habitants \u00e0 d\u00e9couvrir les richesses du territoire au travers d'incroyables vignerons amoureux de la nature de leur terroir.<br \/>\nD\u00e9gustation de 11h00 \u00e0 18h00<\/p>\n<p><a href=\"https:\/\/lebao.fr\/evenements\/\">+++<\/a><\/p>\n<p><strong>10h30<\/strong> : <strong>Sweetest Choice<br \/>\n<\/strong><em>Place du Village<br \/>\n<\/em>Avec\u00a0S\u00e9bastien Cirotteau \u2013 Benjamin Glibert<\/p>\n<p>Sweetest Choice pr\u00e9sente sa nouvelle cr\u00e9ation, Light Songs. Les 2 musiciens naviguent \u00e0 travers les genres et les \u00e9poques pour mettre en lumi\u00e8re la place des femmes dans la musique, o\u00f9 comment faire r\u00e9sonner Carla Bley et Hildegarde de Bingen, dans le m\u00eame concert. Sweetest Choice c'est une folk acoustique subtile qui flirte avec la pop instrumentale, la musique de chambre \u00e9pur\u00e9e et la musique contemporaine.<\/p>\n<p><strong>13h00<\/strong> : David Lafore (solo pop naive)<br \/>\n<em>Jardin<\/em><\/p>\n<p><span class=\"OYPEnA font-feature-liga-off font-feature-clig-off font-feature-calt-off text-decoration-none text-strikethrough-none\">Depuis plus de 15 ans, David Lafore prom\u00e8ne sa chanson qui \u201c flirte entre po\u00e9sie et tendre na\u00efvet\u00e9, histoire de mettre \u00e0 distance la noirceur du monde.\u201d Vous l\u2019avez peut-\u00eatre vu en premi\u00e8re partie d'Alain Bashung, Brigitte Fontaine, Arthur H ou encore Thomas Fersen ... Ce chanteur, \u00e9galement com\u00e9dien et auteur, vient tout droit d\u2019Avignon \u00e0 Simorre pour nous offrir sa douce fantaisie.<\/span><\/p>\n<p><strong>14h30<\/strong> : Sophie Bernado et Sarah Cox (Siestes Musicales)<br \/>\n<em>Jardin<\/em><\/p>\n<\/div>\n<\/div><\/div><div id=\"panel-22424-0-1-5\" class=\"so-panel widget widget_sow-image panel-last-child\" data-index=\"14\" ><div\n\t\t\t\n\t\t\tclass=\"so-widget-sow-image so-widget-sow-image-default-8b5b6f678277-22424\"\n\t\t\t\n\t\t>\n<div class=\"sow-image-container\">\n\t\t<img \n\tsrc=\"https:\/\/freddymorezon.org\/wp-content\/uploads\/2025\/04\/DETOURNEES-siteFreddy-1.jpg\" width=\"773\" height=\"400\" srcset=\"https:\/\/freddymorezon.org\/wp-content\/uploads\/2025\/04\/DETOURNEES-siteFreddy-1.jpg 773w, https:\/\/freddymorezon.org\/wp-content\/uploads\/2025\/04\/DETOURNEES-siteFreddy-1-400x207.jpg 400w\" sizes=\"(max-width: 773px) 100vw, 773px\" title=\"DETOURNEES-siteFreddy\" alt=\"\" \t\tclass=\"so-widget-image\"\/>\n\t<\/div>\n\n<\/div><\/div><\/div><\/div><\/div>","protected":false},"excerpt":{"rendered":"<p>Le Bouche \u00e0 Oreille Place de la mairie 32420 Simorre 05 62 05 52 42 \/ contact@lebao.fr Vous pourrez d\u00eener \u00e0 partir de 20h. R\u00e9servation ICI D\u00e9(tourn\u00e9es) S\u00e9bastien Cirotteau Marc Maffiolo Laurent Paris Florian Nastorg L&#8217;Attraction C\u00e9leste Sweetest Choice David Lafore Sophie Bernado Le BAO D\u00e9(tourn\u00e9es) est une production du collectif Freddy Morezon. Ce projet&hellip;<\/p>\n<p><a class=\"more-link\" href=\"https:\/\/freddymorezon.org\/en\/nos-evenements\/detournees-prelude\/\" title=\"Continue reading &lsquo;31.05 + 01.06.2025 \/\/ D\u00e9(tourn\u00e9es) &#8211; Pr\u00e9lude&rsquo;\">Continue reading <span class=\"meta-nav\">&rarr;<\/span><\/a><\/p>\n","protected":false},"author":1,"featured_media":22772,"parent":10655,"menu_order":0,"comment_status":"closed","ping_status":"closed","template":"page-templates\/full-width.php","meta":{"om_disable_all_campaigns":false,"_monsterinsights_skip_tracking":false,"_monsterinsights_sitenote_active":false,"_monsterinsights_sitenote_note":"","_monsterinsights_sitenote_category":0,"_uf_show_specific_survey":0,"_uf_disable_surveys":false,"footnotes":""},"categories":[1401],"tags":[],"class_list":["post-22424","page","type-page","status-publish","has-post-thumbnail","hentry","category-nos-evenements-passes"],"aioseo_notices":[],"yoast_head":"<!-- This site is optimized with the Yoast SEO plugin v27.4 - https:\/\/yoast.com\/product\/yoast-seo-wordpress\/ -->\n<title>31.05 + 01.06.2025 \/\/ D\u00e9(tourn\u00e9es) - Pr\u00e9lude | Freddy Morezon<\/title>\n<meta name=\"robots\" content=\"index, follow, max-snippet:-1, max-image-preview:large, max-video-preview:-1\" \/>\n<link rel=\"canonical\" href=\"https:\/\/freddymorezon.org\/nos-evenements\/detournees-prelude\/\" \/>\n<meta property=\"og:locale\" content=\"en_US\" \/>\n<meta property=\"og:type\" content=\"article\" \/>\n<meta property=\"og:title\" content=\"31.05 + 01.06.2025 \/\/ D\u00e9(tourn\u00e9es) - Pr\u00e9lude | Freddy Morezon\" \/>\n<meta property=\"og:description\" content=\"Le Bouche \u00e0 Oreille Place de la mairie 32420 Simorre 05 62 05 52 42 \/ contact@lebao.fr Vous pourrez d\u00eener \u00e0 partir de 20h. R\u00e9servation ICI D\u00e9(tourn\u00e9es) S\u00e9bastien Cirotteau Marc Maffiolo Laurent Paris Florian Nastorg L&#039;Attraction C\u00e9leste Sweetest Choice David Lafore Sophie Bernado Le BAO D\u00e9(tourn\u00e9es) est une production du collectif Freddy Morezon. Ce projet&hellip;Continue reading &rarr;\" \/>\n<meta property=\"og:url\" content=\"https:\/\/freddymorezon.org\/nos-evenements\/detournees-prelude\/\" \/>\n<meta property=\"og:site_name\" content=\"Freddy Morezon\" \/>\n<meta property=\"article:publisher\" content=\"https:\/\/www.facebook.com\/freddy.morezon\/\" \/>\n<meta property=\"article:modified_time\" content=\"2025-06-02T12:40:50+00:00\" \/>\n<meta property=\"og:image\" content=\"https:\/\/freddymorezon.org\/wp-content\/uploads\/2025\/04\/DETOURNEES-carre-1080.jpg\" \/>\n\t<meta property=\"og:image:width\" content=\"1080\" \/>\n\t<meta property=\"og:image:height\" content=\"1080\" \/>\n\t<meta property=\"og:image:type\" content=\"image\/jpeg\" \/>\n<meta name=\"twitter:card\" content=\"summary_large_image\" \/>\n<script type=\"application\/ld+json\" class=\"yoast-schema-graph\">{\"@context\":\"https:\\\/\\\/schema.org\",\"@graph\":[{\"@type\":\"WebPage\",\"@id\":\"https:\\\/\\\/freddymorezon.org\\\/nos-evenements\\\/detournees-prelude\\\/\",\"url\":\"https:\\\/\\\/freddymorezon.org\\\/nos-evenements\\\/detournees-prelude\\\/\",\"name\":\"31.05 + 01.06.2025 \\\/\\\/ D\u00e9(tourn\u00e9es) - Pr\u00e9lude | Freddy Morezon\",\"isPartOf\":{\"@id\":\"https:\\\/\\\/freddymorezon.org\\\/#website\"},\"primaryImageOfPage\":{\"@id\":\"https:\\\/\\\/freddymorezon.org\\\/nos-evenements\\\/detournees-prelude\\\/#primaryimage\"},\"image\":{\"@id\":\"https:\\\/\\\/freddymorezon.org\\\/nos-evenements\\\/detournees-prelude\\\/#primaryimage\"},\"thumbnailUrl\":\"https:\\\/\\\/freddymorezon.org\\\/wp-content\\\/uploads\\\/2025\\\/04\\\/DETOURNEES-carre-1080.jpg\",\"datePublished\":\"2025-03-22T15:51:42+00:00\",\"dateModified\":\"2025-06-02T12:40:50+00:00\",\"breadcrumb\":{\"@id\":\"https:\\\/\\\/freddymorezon.org\\\/nos-evenements\\\/detournees-prelude\\\/#breadcrumb\"},\"inLanguage\":\"en-US\",\"potentialAction\":[{\"@type\":\"ReadAction\",\"target\":[\"https:\\\/\\\/freddymorezon.org\\\/nos-evenements\\\/detournees-prelude\\\/\"]}]},{\"@type\":\"ImageObject\",\"inLanguage\":\"en-US\",\"@id\":\"https:\\\/\\\/freddymorezon.org\\\/nos-evenements\\\/detournees-prelude\\\/#primaryimage\",\"url\":\"https:\\\/\\\/freddymorezon.org\\\/wp-content\\\/uploads\\\/2025\\\/04\\\/DETOURNEES-carre-1080.jpg\",\"contentUrl\":\"https:\\\/\\\/freddymorezon.org\\\/wp-content\\\/uploads\\\/2025\\\/04\\\/DETOURNEES-carre-1080.jpg\",\"width\":1080,\"height\":1080},{\"@type\":\"BreadcrumbList\",\"@id\":\"https:\\\/\\\/freddymorezon.org\\\/nos-evenements\\\/detournees-prelude\\\/#breadcrumb\",\"itemListElement\":[{\"@type\":\"ListItem\",\"position\":1,\"name\":\"Accueil\",\"item\":\"https:\\\/\\\/freddymorezon.org\\\/\"},{\"@type\":\"ListItem\",\"position\":2,\"name\":\"Nos \u00e9v\u00e9nements\",\"item\":\"https:\\\/\\\/freddymorezon.org\\\/nos-evenements\\\/\"},{\"@type\":\"ListItem\",\"position\":3,\"name\":\"31.05 + 01.06.2025 \\\/\\\/ D\u00e9(tourn\u00e9es) &#8211; Pr\u00e9lude\"}]},{\"@type\":\"WebSite\",\"@id\":\"https:\\\/\\\/freddymorezon.org\\\/#website\",\"url\":\"https:\\\/\\\/freddymorezon.org\\\/\",\"name\":\"Freddy Morezon\",\"description\":\"jazz - musique improvis\u00e9e - esth\u00e9tiques plurielles\",\"publisher\":{\"@id\":\"https:\\\/\\\/freddymorezon.org\\\/#organization\"},\"potentialAction\":[{\"@type\":\"SearchAction\",\"target\":{\"@type\":\"EntryPoint\",\"urlTemplate\":\"https:\\\/\\\/freddymorezon.org\\\/?s={search_term_string}\"},\"query-input\":{\"@type\":\"PropertyValueSpecification\",\"valueRequired\":true,\"valueName\":\"search_term_string\"}}],\"inLanguage\":\"en-US\"},{\"@type\":\"Organization\",\"@id\":\"https:\\\/\\\/freddymorezon.org\\\/#organization\",\"name\":\"Association Freddy Morezon\",\"url\":\"https:\\\/\\\/freddymorezon.org\\\/\",\"logo\":{\"@type\":\"ImageObject\",\"inLanguage\":\"en-US\",\"@id\":\"https:\\\/\\\/freddymorezon.org\\\/#\\\/schema\\\/logo\\\/image\\\/\",\"url\":\"https:\\\/\\\/freddymorezon.org\\\/wp-content\\\/uploads\\\/2016\\\/02\\\/mini-logo-header-site2.jpg\",\"contentUrl\":\"https:\\\/\\\/freddymorezon.org\\\/wp-content\\\/uploads\\\/2016\\\/02\\\/mini-logo-header-site2.jpg\",\"width\":234,\"height\":174,\"caption\":\"Association Freddy Morezon\"},\"image\":{\"@id\":\"https:\\\/\\\/freddymorezon.org\\\/#\\\/schema\\\/logo\\\/image\\\/\"},\"sameAs\":[\"https:\\\/\\\/www.facebook.com\\\/freddy.morezon\\\/\",\"https:\\\/\\\/www.instagram.com\\\/freddymorezon\\\/\",\"https:\\\/\\\/www.youtube.com\\\/user\\\/freddymorezon\",\"https:\\\/\\\/fr.linkedin.com\\\/company\\\/freddy-morezon-p.r.o.d.\"]}]}<\/script>\n<!-- \/ Yoast SEO plugin. -->","yoast_head_json":{"title":"31.05 + 01.06.2025 \/\/ D\u00e9(tourn\u00e9es) - Pr\u00e9lude | Freddy Morezon","robots":{"index":"index","follow":"follow","max-snippet":"max-snippet:-1","max-image-preview":"max-image-preview:large","max-video-preview":"max-video-preview:-1"},"canonical":"https:\/\/freddymorezon.org\/nos-evenements\/detournees-prelude\/","og_locale":"en_US","og_type":"article","og_title":"31.05 + 01.06.2025 \/\/ D\u00e9(tourn\u00e9es) - Pr\u00e9lude | Freddy Morezon","og_description":"Le Bouche \u00e0 Oreille Place de la mairie 32420 Simorre 05 62 05 52 42 \/ contact@lebao.fr Vous pourrez d\u00eener \u00e0 partir de 20h. R\u00e9servation ICI D\u00e9(tourn\u00e9es) S\u00e9bastien Cirotteau Marc Maffiolo Laurent Paris Florian Nastorg L'Attraction C\u00e9leste Sweetest Choice David Lafore Sophie Bernado Le BAO D\u00e9(tourn\u00e9es) est une production du collectif Freddy Morezon. Ce projet&hellip;Continue reading &rarr;","og_url":"https:\/\/freddymorezon.org\/nos-evenements\/detournees-prelude\/","og_site_name":"Freddy Morezon","article_publisher":"https:\/\/www.facebook.com\/freddy.morezon\/","article_modified_time":"2025-06-02T12:40:50+00:00","og_image":[{"width":1080,"height":1080,"url":"https:\/\/freddymorezon.org\/wp-content\/uploads\/2025\/04\/DETOURNEES-carre-1080.jpg","type":"image\/jpeg"}],"twitter_card":"summary_large_image","schema":{"@context":"https:\/\/schema.org","@graph":[{"@type":"WebPage","@id":"https:\/\/freddymorezon.org\/nos-evenements\/detournees-prelude\/","url":"https:\/\/freddymorezon.org\/nos-evenements\/detournees-prelude\/","name":"31.05 + 01.06.2025 \/\/ D\u00e9(tourn\u00e9es) - Pr\u00e9lude | Freddy Morezon","isPartOf":{"@id":"https:\/\/freddymorezon.org\/#website"},"primaryImageOfPage":{"@id":"https:\/\/freddymorezon.org\/nos-evenements\/detournees-prelude\/#primaryimage"},"image":{"@id":"https:\/\/freddymorezon.org\/nos-evenements\/detournees-prelude\/#primaryimage"},"thumbnailUrl":"https:\/\/freddymorezon.org\/wp-content\/uploads\/2025\/04\/DETOURNEES-carre-1080.jpg","datePublished":"2025-03-22T15:51:42+00:00","dateModified":"2025-06-02T12:40:50+00:00","breadcrumb":{"@id":"https:\/\/freddymorezon.org\/nos-evenements\/detournees-prelude\/#breadcrumb"},"inLanguage":"en-US","potentialAction":[{"@type":"ReadAction","target":["https:\/\/freddymorezon.org\/nos-evenements\/detournees-prelude\/"]}]},{"@type":"ImageObject","inLanguage":"en-US","@id":"https:\/\/freddymorezon.org\/nos-evenements\/detournees-prelude\/#primaryimage","url":"https:\/\/freddymorezon.org\/wp-content\/uploads\/2025\/04\/DETOURNEES-carre-1080.jpg","contentUrl":"https:\/\/freddymorezon.org\/wp-content\/uploads\/2025\/04\/DETOURNEES-carre-1080.jpg","width":1080,"height":1080},{"@type":"BreadcrumbList","@id":"https:\/\/freddymorezon.org\/nos-evenements\/detournees-prelude\/#breadcrumb","itemListElement":[{"@type":"ListItem","position":1,"name":"Accueil","item":"https:\/\/freddymorezon.org\/"},{"@type":"ListItem","position":2,"name":"Nos \u00e9v\u00e9nements","item":"https:\/\/freddymorezon.org\/nos-evenements\/"},{"@type":"ListItem","position":3,"name":"31.05 + 01.06.2025 \/\/ D\u00e9(tourn\u00e9es) &#8211; Pr\u00e9lude"}]},{"@type":"WebSite","@id":"https:\/\/freddymorezon.org\/#website","url":"https:\/\/freddymorezon.org\/","name":"Freddy Morezon","description":"jazz - musique improvis\u00e9e - esth\u00e9tiques plurielles","publisher":{"@id":"https:\/\/freddymorezon.org\/#organization"},"potentialAction":[{"@type":"SearchAction","target":{"@type":"EntryPoint","urlTemplate":"https:\/\/freddymorezon.org\/?s={search_term_string}"},"query-input":{"@type":"PropertyValueSpecification","valueRequired":true,"valueName":"search_term_string"}}],"inLanguage":"en-US"},{"@type":"Organization","@id":"https:\/\/freddymorezon.org\/#organization","name":"Association Freddy Morezon","url":"https:\/\/freddymorezon.org\/","logo":{"@type":"ImageObject","inLanguage":"en-US","@id":"https:\/\/freddymorezon.org\/#\/schema\/logo\/image\/","url":"https:\/\/freddymorezon.org\/wp-content\/uploads\/2016\/02\/mini-logo-header-site2.jpg","contentUrl":"https:\/\/freddymorezon.org\/wp-content\/uploads\/2016\/02\/mini-logo-header-site2.jpg","width":234,"height":174,"caption":"Association Freddy Morezon"},"image":{"@id":"https:\/\/freddymorezon.org\/#\/schema\/logo\/image\/"},"sameAs":["https:\/\/www.facebook.com\/freddy.morezon\/","https:\/\/www.instagram.com\/freddymorezon\/","https:\/\/www.youtube.com\/user\/freddymorezon","https:\/\/fr.linkedin.com\/company\/freddy-morezon-p.r.o.d."]}]}},"_links":{"self":[{"href":"https:\/\/freddymorezon.org\/en\/wp-json\/wp\/v2\/pages\/22424","targetHints":{"allow":["GET"]}}],"collection":[{"href":"https:\/\/freddymorezon.org\/en\/wp-json\/wp\/v2\/pages"}],"about":[{"href":"https:\/\/freddymorezon.org\/en\/wp-json\/wp\/v2\/types\/page"}],"author":[{"embeddable":true,"href":"https:\/\/freddymorezon.org\/en\/wp-json\/wp\/v2\/users\/1"}],"replies":[{"embeddable":true,"href":"https:\/\/freddymorezon.org\/en\/wp-json\/wp\/v2\/comments?post=22424"}],"version-history":[{"count":25,"href":"https:\/\/freddymorezon.org\/en\/wp-json\/wp\/v2\/pages\/22424\/revisions"}],"predecessor-version":[{"id":22430,"href":"https:\/\/freddymorezon.org\/en\/wp-json\/wp\/v2\/pages\/22424\/revisions\/22430"}],"up":[{"embeddable":true,"href":"https:\/\/freddymorezon.org\/en\/wp-json\/wp\/v2\/pages\/10655"}],"wp:featuredmedia":[{"embeddable":true,"href":"https:\/\/freddymorezon.org\/en\/wp-json\/wp\/v2\/media\/22772"}],"wp:attachment":[{"href":"https:\/\/freddymorezon.org\/en\/wp-json\/wp\/v2\/media?parent=22424"}],"wp:term":[{"taxonomy":"category","embeddable":true,"href":"https:\/\/freddymorezon.org\/en\/wp-json\/wp\/v2\/categories?post=22424"},{"taxonomy":"post_tag","embeddable":true,"href":"https:\/\/freddymorezon.org\/en\/wp-json\/wp\/v2\/tags?post=22424"}],"curies":[{"name":"wp","href":"https:\/\/api.w.org\/{rel}","templated":true}]}}