
{"id":22441,"date":"2025-04-02T19:01:11","date_gmt":"2025-04-02T17:01:11","guid":{"rendered":"https:\/\/freddymorezon.org\/?page_id=22441"},"modified":"2025-06-10T12:14:31","modified_gmt":"2025-06-10T10:14:31","slug":"seul","status":"publish","type":"page","link":"https:\/\/freddymorezon.org\/en\/productions\/seul\/","title":{"rendered":"Seul"},"content":{"rendered":"<div id=\"pl-22441\"  class=\"panel-layout\" ><div id=\"pg-22441-0\"  class=\"panel-grid panel-no-style\" ><div id=\"pgc-22441-0-0\"  class=\"panel-grid-cell\" ><div id=\"panel-22441-0-0-0\" class=\"so-panel widget widget_eo_event_list_widget EO_Event_List_Widget panel-first-child\" data-index=\"0\" >\n\n<\/div><div id=\"panel-22441-0-0-1\" class=\"so-panel widget widget_sow-button\" data-index=\"1\" ><div\n\t\t\t\n\t\t\tclass=\"so-widget-sow-button so-widget-sow-button-flat-5192bebda948-22441\"\n\t\t\t\n\t\t><div class=\"ow-button-base ow-button-align-center\"\n>\n\t\t\t<a\n\t\t\t\t\thref=\"https:\/\/freddymorezon.org\/artistes\/florian-nastorg\/agenda-seul\/\"\n\t\t\t\t\tclass=\"sowb-button ow-icon-placement-left ow-button-hover\" \t>\n\t\t<span>\n\t\t\t\n\t\t\tView all tour dates\t\t<\/span>\n\t\t\t<\/a>\n\t<\/div>\n<\/div><\/div><div id=\"panel-22441-0-0-2\" class=\"so-panel widget widget_sow-editor\" data-index=\"2\" ><div\n\t\t\t\n\t\t\tclass=\"so-widget-sow-editor so-widget-sow-editor-base\"\n\t\t\t\n\t\t><h3 class=\"widget-title\">ACTUALIT\u00c9<\/h3>\n<div class=\"siteorigin-widget-tinymce textwidget\">\n\t<\/div>\n<\/div><\/div><div id=\"panel-22441-0-0-3\" class=\"so-panel widget widget_sow-headline\" data-index=\"3\" ><div\n\t\t\t\n\t\t\tclass=\"so-widget-sow-headline so-widget-sow-headline-default-7f8f2d03a0dd-22441\"\n\t\t\t\n\t\t><div class=\"sow-headline-container \">\n\t\t\t\t\t\t<div class=\"decoration\">\n\t\t\t\t\t\t<div class=\"decoration-inside\"><\/div>\n\t\t\t\t\t<\/div>\n\t\t\t\t\t<\/div>\n<\/div><\/div><div id=\"panel-22441-0-0-4\" class=\"so-panel widget widget_sow-editor\" data-index=\"4\" ><div\n\t\t\t\n\t\t\tclass=\"so-widget-sow-editor so-widget-sow-editor-base\"\n\t\t\t\n\t\t>\n<div class=\"siteorigin-widget-tinymce textwidget\">\n\t<p>R\u00c9SERVOIR<br \/>\nAlbum \u00e0 para\u00eetre chez PAGANS - 27 juin 2025<br \/>\nProduit par Florian Nastorg \u2013 Pagans \u2013 Freddy Morezon \u2013 Not A Pub<br \/>\n\u2605 En pr\u00e9-commande sur Bandcamp d\u00e8s aujourd'hui \u2605<br \/>\n<a href=\"https:\/\/mrmorezon.bandcamp.com\/album\/r-servoir\">BANDCAMP<\/a><\/p>\n<\/div>\n<\/div><\/div><div id=\"panel-22441-0-0-5\" class=\"so-panel widget widget_sow-editor\" data-index=\"5\" ><div\n\t\t\t\n\t\t\tclass=\"so-widget-sow-editor so-widget-sow-editor-base\"\n\t\t\t\n\t\t>\n<div class=\"siteorigin-widget-tinymce textwidget\">\n\t<p><iframe style=\"border: 0; width: 400px; height: 340px;\" src=\"https:\/\/bandcamp.com\/EmbeddedPlayer\/album=3900066106\/size=large\/bgcol=ffffff\/linkcol=0687f5\/artwork=small\/transparent=true\/\" seamless><a href=\"https:\/\/mrmorezon.bandcamp.com\/album\/r-servoir\">R\u00e9servoir by Florian Nastorg<\/a><\/iframe><\/p>\n<\/div>\n<\/div><\/div><div id=\"panel-22441-0-0-6\" class=\"so-panel widget widget_sow-editor\" data-index=\"6\" ><div\n\t\t\t\n\t\t\tclass=\"so-widget-sow-editor so-widget-sow-editor-base\"\n\t\t\t\n\t\t>\n<div class=\"siteorigin-widget-tinymce textwidget\">\n\t<h3>Line-up<\/h3>\n<p><strong>Florian Nastorg :<\/strong> saxophone baryton<\/p>\n<\/div>\n<\/div><\/div><div id=\"panel-22441-0-0-7\" class=\"so-panel widget widget_sow-headline\" data-index=\"7\" ><div\n\t\t\t\n\t\t\tclass=\"so-widget-sow-headline so-widget-sow-headline-default-7f8f2d03a0dd-22441\"\n\t\t\t\n\t\t><div class=\"sow-headline-container \">\n\t\t\t\t\t\t<div class=\"decoration\">\n\t\t\t\t\t\t<div class=\"decoration-inside\"><\/div>\n\t\t\t\t\t<\/div>\n\t\t\t\t\t<\/div>\n<\/div><\/div><div id=\"panel-22441-0-0-8\" class=\"so-panel widget widget_sow-editor\" data-index=\"8\" ><div\n\t\t\t\n\t\t\tclass=\"so-widget-sow-editor so-widget-sow-editor-base\"\n\t\t\t\n\t\t>\n<div class=\"siteorigin-widget-tinymce textwidget\">\n\t<h3>CONTACTS<\/h3>\n<p>Booking \u23ae Florian Nastorg nastorg.florian[@]gmail.com<br \/>\nAdministration \u23ae Clara B\u00e9e<br \/>\nadministration[@]freddymorezon.org<\/p>\n<\/div>\n<\/div><\/div><div id=\"panel-22441-0-0-9\" class=\"so-panel widget widget_sow-headline\" data-index=\"9\" ><div\n\t\t\t\n\t\t\tclass=\"so-widget-sow-headline so-widget-sow-headline-default-7f8f2d03a0dd-22441\"\n\t\t\t\n\t\t><div class=\"sow-headline-container \">\n\t\t\t\t\t\t<div class=\"decoration\">\n\t\t\t\t\t\t<div class=\"decoration-inside\"><\/div>\n\t\t\t\t\t<\/div>\n\t\t\t\t\t<\/div>\n<\/div><\/div><div id=\"panel-22441-0-0-10\" class=\"so-panel widget widget_sow-editor panel-last-child\" data-index=\"10\" ><div\n\t\t\t\n\t\t\tclass=\"so-widget-sow-editor so-widget-sow-editor-base\"\n\t\t\t\n\t\t>\n<div class=\"siteorigin-widget-tinymce textwidget\">\n\t<h3>links<\/h3>\n<li><i class=\"fa fa-chevron-right fa-2x\"><\/i> <a href=\"https:\/\/freddymorezon.org\/artistes\/florian-nastorg\/\">Florian Nastorg<\/a><\/li>\n<li><i class=\"fa fa-chevron-right fa-2x\"><\/i> <a href=\"https:\/\/mrmorezon.bandcamp.com\/album\/r-servoir\">Bandcamp<\/a><\/li>\n<li><i class=\"fa fa-chevron-right fa-2x\"><\/i> <a href=\"https:\/\/hartbrut.com\/pagans\/\">Pagans<\/a><\/li>\n<\/div>\n<\/div><\/div><\/div><div id=\"pgc-22441-0-1\"  class=\"panel-grid-cell\" ><div id=\"panel-22441-0-1-0\" class=\"so-panel widget widget_sow-editor panel-first-child\" data-index=\"11\" ><div\n\t\t\t\n\t\t\tclass=\"so-widget-sow-editor so-widget-sow-editor-base\"\n\t\t\t\n\t\t>\n<div class=\"siteorigin-widget-tinymce textwidget\">\n\t<h1>Seul<\/h1>\n<\/div>\n<\/div><\/div><div id=\"panel-22441-0-1-1\" class=\"so-panel widget widget_sow-image\" data-index=\"12\" ><div\n\t\t\t\n\t\t\tclass=\"so-widget-sow-image so-widget-sow-image-default-8b5b6f678277-22441\"\n\t\t\t\n\t\t>\n<div class=\"sow-image-container\">\n\t\t<img \n\tsrc=\"https:\/\/freddymorezon.org\/wp-content\/uploads\/2025\/04\/Florian-Nastorg-site-\u00a9\ufe0fClaire-Hugonnet-scaled.jpg\" width=\"2560\" height=\"1478\" srcset=\"https:\/\/freddymorezon.org\/wp-content\/uploads\/2025\/04\/Florian-Nastorg-site-\u00a9\ufe0fClaire-Hugonnet-scaled.jpg 2560w, https:\/\/freddymorezon.org\/wp-content\/uploads\/2025\/04\/Florian-Nastorg-site-\u00a9\ufe0fClaire-Hugonnet-800x462.jpg 800w, https:\/\/freddymorezon.org\/wp-content\/uploads\/2025\/04\/Florian-Nastorg-site-\u00a9\ufe0fClaire-Hugonnet-1536x887.jpg 1536w, https:\/\/freddymorezon.org\/wp-content\/uploads\/2025\/04\/Florian-Nastorg-site-\u00a9\ufe0fClaire-Hugonnet-2048x1183.jpg 2048w, https:\/\/freddymorezon.org\/wp-content\/uploads\/2025\/04\/Florian-Nastorg-site-\u00a9\ufe0fClaire-Hugonnet-400x231.jpg 400w\" sizes=\"(max-width: 2560px) 100vw, 2560px\" title=\"Florian Nastorg site \u00a9\ufe0fClaire Hugonnet\" alt=\"\" \t\tclass=\"so-widget-image\"\/>\n\t<\/div>\n\n<\/div><\/div><div id=\"panel-22441-0-1-2\" class=\"so-panel widget widget_sow-editor\" data-index=\"13\" ><div\n\t\t\t\n\t\t\tclass=\"so-widget-sow-editor so-widget-sow-editor-base\"\n\t\t\t\n\t\t>\n<div class=\"siteorigin-widget-tinymce textwidget\">\n\t<p>\u00a9 Claire Hugonnet<\/p>\n<p>Florian Nastorg porte un projet solo, SEUL.<br \/>\nIl sort un album intitul\u00e9 R\u00c9SERVOIR.<\/p>\n<p>Le disque tire son nom de l\u2019Ancien R\u00e9servoir Guilhem\u00e9ry \u00e0 Toulouse dans lequel il a \u00e9t\u00e9 enregistr\u00e9, ainsi que des chansons et ritournelles qui y sont jou\u00e9es et qui constituent pour Florian Nastorg un r\u00e9servoir d\u2019exp\u00e9riences, de liens tiss\u00e9s, de bouts de vie qu\u2019il \u00e9voque ici en filigrane par le prisme de l\u2019improvisation.<\/p>\n<p>Le r\u00e9pertoire a \u00e9t\u00e9 glan\u00e9 \u00e7a et l\u00e0 au fil des ans et des rencontres. Il vient perp\u00e9tuer le lien avec des personnes disparues qui ont compt\u00e9 et c\u00e9l\u00e8bre \u00e9galement des relations toujours vivaces avec des \u00eatres bien vivants.<\/p>\n<p>Par son approche physique des mati\u00e8res sonores, l\u2019instrumentiste malaxe le mat\u00e9riau m\u00e9lodique comme pour en sortir la mo\u00eblle. Les sons bruts de l\u2019instrument cisel\u00e9s du bout de l\u2019anche et les ritournelles s\u2019appr\u00e9hendent, tant\u00f4t se confrontent, tant\u00f4t fusionnent. Il en r\u00e9sulte une musique suspendue, sculpturale, aux accents doom, dans laquelle les murs et les \u00e2mes jouent autant que le saxophone.<\/p>\n<p>&nbsp;<\/p>\n<p>&nbsp;<\/p>\n<\/div>\n<\/div><\/div><div id=\"panel-22441-0-1-3\" class=\"so-panel widget widget_sow-editor panel-last-child\" data-index=\"14\" ><div\n\t\t\t\n\t\t\tclass=\"so-widget-sow-editor so-widget-sow-editor-base\"\n\t\t\t\n\t\t>\n<div class=\"siteorigin-widget-tinymce textwidget\">\n\t<p><iframe loading=\"lazy\" title=\"Florian Nastorg Seul - BUCHES\" width=\"790\" height=\"444\" src=\"https:\/\/www.youtube.com\/embed\/uZoWScVPBus?feature=oembed\" frameborder=\"0\" allow=\"accelerometer; autoplay; clipboard-write; encrypted-media; gyroscope; picture-in-picture; web-share\" referrerpolicy=\"strict-origin-when-cross-origin\" allowfullscreen><\/iframe><\/p>\n<\/div>\n<\/div><\/div><\/div><\/div><\/div>","protected":false},"excerpt":{"rendered":"<p>R\u00c9SERVOIR Album \u00e0 para\u00eetre chez PAGANS &#8211; 27 juin 2025 Produit par Florian Nastorg \u2013 Pagans \u2013 Freddy Morezon \u2013 Not A Pub \u2605 En pr\u00e9-commande sur Bandcamp d\u00e8s aujourd&#8217;hui \u2605 BANDCAMP R\u00e9servoir by Florian Nastorg Line-up Florian Nastorg : saxophone baryton CONTACTS Booking \u23ae Florian Nastorg nastorg.florian[@]gmail.com Administration \u23ae Clara B\u00e9e administration[@]freddymorezon.org links Florian&hellip;<\/p>\n<p><a class=\"more-link\" href=\"https:\/\/freddymorezon.org\/en\/productions\/seul\/\" title=\"Continue reading &lsquo;Seul&rsquo;\">Continue reading <span class=\"meta-nav\">&rarr;<\/span><\/a><\/p>\n","protected":false},"author":1,"featured_media":22442,"parent":18236,"menu_order":0,"comment_status":"closed","ping_status":"closed","template":"page-templates\/full-width.php","meta":{"om_disable_all_campaigns":false,"_monsterinsights_skip_tracking":false,"_monsterinsights_sitenote_active":false,"_monsterinsights_sitenote_note":"","_monsterinsights_sitenote_category":0,"_uf_show_specific_survey":0,"_uf_disable_surveys":false,"footnotes":""},"categories":[1080,1172],"tags":[],"class_list":["post-22441","page","type-page","status-publish","has-post-thumbnail","hentry","category-florian-nastorg","category-page-catalogue"],"aioseo_notices":[],"yoast_head":"<!-- This site is optimized with the Yoast SEO plugin v27.3 - https:\/\/yoast.com\/product\/yoast-seo-wordpress\/ -->\n<title>Seul | Freddy Morezon<\/title>\n<meta name=\"robots\" content=\"index, follow, max-snippet:-1, max-image-preview:large, max-video-preview:-1\" \/>\n<link rel=\"canonical\" href=\"https:\/\/freddymorezon.org\/productions\/seul\/\" \/>\n<meta property=\"og:locale\" content=\"en_US\" \/>\n<meta property=\"og:type\" content=\"article\" \/>\n<meta property=\"og:title\" content=\"Seul | Freddy Morezon\" \/>\n<meta property=\"og:description\" content=\"R\u00c9SERVOIR Album \u00e0 para\u00eetre chez PAGANS - 27 juin 2025 Produit par Florian Nastorg \u2013 Pagans \u2013 Freddy Morezon \u2013 Not A Pub \u2605 En pr\u00e9-commande sur Bandcamp d\u00e8s aujourd&#039;hui \u2605 BANDCAMP R\u00e9servoir by Florian Nastorg Line-up Florian Nastorg : saxophone baryton CONTACTS Booking \u23ae Florian Nastorg nastorg.florian[@]gmail.com Administration \u23ae Clara B\u00e9e administration[@]freddymorezon.org links Florian&hellip;Continue reading &rarr;\" \/>\n<meta property=\"og:url\" content=\"https:\/\/freddymorezon.org\/productions\/seul\/\" \/>\n<meta property=\"og:site_name\" content=\"Freddy Morezon\" \/>\n<meta property=\"article:publisher\" content=\"https:\/\/www.facebook.com\/freddy.morezon\/\" \/>\n<meta property=\"article:modified_time\" content=\"2025-06-10T10:14:31+00:00\" \/>\n<meta property=\"og:image\" content=\"https:\/\/freddymorezon.org\/wp-content\/uploads\/2025\/04\/Florian-Nastorg-trombinofreddy-Photo-Claire-Hugonnet-scaled.jpg\" \/>\n\t<meta property=\"og:image:width\" content=\"2558\" \/>\n\t<meta property=\"og:image:height\" content=\"2560\" \/>\n\t<meta property=\"og:image:type\" content=\"image\/jpeg\" \/>\n<meta name=\"twitter:card\" content=\"summary_large_image\" \/>\n<script type=\"application\/ld+json\" class=\"yoast-schema-graph\">{\"@context\":\"https:\\\/\\\/schema.org\",\"@graph\":[{\"@type\":\"WebPage\",\"@id\":\"https:\\\/\\\/freddymorezon.org\\\/productions\\\/seul\\\/\",\"url\":\"https:\\\/\\\/freddymorezon.org\\\/productions\\\/seul\\\/\",\"name\":\"Seul | Freddy Morezon\",\"isPartOf\":{\"@id\":\"https:\\\/\\\/freddymorezon.org\\\/#website\"},\"primaryImageOfPage\":{\"@id\":\"https:\\\/\\\/freddymorezon.org\\\/productions\\\/seul\\\/#primaryimage\"},\"image\":{\"@id\":\"https:\\\/\\\/freddymorezon.org\\\/productions\\\/seul\\\/#primaryimage\"},\"thumbnailUrl\":\"https:\\\/\\\/freddymorezon.org\\\/wp-content\\\/uploads\\\/2025\\\/04\\\/Florian-Nastorg-trombinofreddy-Photo-Claire-Hugonnet-scaled.jpg\",\"datePublished\":\"2025-04-02T17:01:11+00:00\",\"dateModified\":\"2025-06-10T10:14:31+00:00\",\"breadcrumb\":{\"@id\":\"https:\\\/\\\/freddymorezon.org\\\/productions\\\/seul\\\/#breadcrumb\"},\"inLanguage\":\"en-US\",\"potentialAction\":[{\"@type\":\"ReadAction\",\"target\":[\"https:\\\/\\\/freddymorezon.org\\\/productions\\\/seul\\\/\"]}]},{\"@type\":\"ImageObject\",\"inLanguage\":\"en-US\",\"@id\":\"https:\\\/\\\/freddymorezon.org\\\/productions\\\/seul\\\/#primaryimage\",\"url\":\"https:\\\/\\\/freddymorezon.org\\\/wp-content\\\/uploads\\\/2025\\\/04\\\/Florian-Nastorg-trombinofreddy-Photo-Claire-Hugonnet-scaled.jpg\",\"contentUrl\":\"https:\\\/\\\/freddymorezon.org\\\/wp-content\\\/uploads\\\/2025\\\/04\\\/Florian-Nastorg-trombinofreddy-Photo-Claire-Hugonnet-scaled.jpg\",\"width\":2558,\"height\":2560},{\"@type\":\"BreadcrumbList\",\"@id\":\"https:\\\/\\\/freddymorezon.org\\\/productions\\\/seul\\\/#breadcrumb\",\"itemListElement\":[{\"@type\":\"ListItem\",\"position\":1,\"name\":\"Accueil\",\"item\":\"https:\\\/\\\/freddymorezon.org\\\/\"},{\"@type\":\"ListItem\",\"position\":2,\"name\":\"Productions\",\"item\":\"https:\\\/\\\/freddymorezon.org\\\/productions\\\/\"},{\"@type\":\"ListItem\",\"position\":3,\"name\":\"Seul\"}]},{\"@type\":\"WebSite\",\"@id\":\"https:\\\/\\\/freddymorezon.org\\\/#website\",\"url\":\"https:\\\/\\\/freddymorezon.org\\\/\",\"name\":\"Freddy Morezon\",\"description\":\"jazz - musique improvis\u00e9e - esth\u00e9tiques plurielles\",\"publisher\":{\"@id\":\"https:\\\/\\\/freddymorezon.org\\\/#organization\"},\"potentialAction\":[{\"@type\":\"SearchAction\",\"target\":{\"@type\":\"EntryPoint\",\"urlTemplate\":\"https:\\\/\\\/freddymorezon.org\\\/?s={search_term_string}\"},\"query-input\":{\"@type\":\"PropertyValueSpecification\",\"valueRequired\":true,\"valueName\":\"search_term_string\"}}],\"inLanguage\":\"en-US\"},{\"@type\":\"Organization\",\"@id\":\"https:\\\/\\\/freddymorezon.org\\\/#organization\",\"name\":\"Association Freddy Morezon\",\"url\":\"https:\\\/\\\/freddymorezon.org\\\/\",\"logo\":{\"@type\":\"ImageObject\",\"inLanguage\":\"en-US\",\"@id\":\"https:\\\/\\\/freddymorezon.org\\\/#\\\/schema\\\/logo\\\/image\\\/\",\"url\":\"https:\\\/\\\/freddymorezon.org\\\/wp-content\\\/uploads\\\/2016\\\/02\\\/mini-logo-header-site2.jpg\",\"contentUrl\":\"https:\\\/\\\/freddymorezon.org\\\/wp-content\\\/uploads\\\/2016\\\/02\\\/mini-logo-header-site2.jpg\",\"width\":234,\"height\":174,\"caption\":\"Association Freddy Morezon\"},\"image\":{\"@id\":\"https:\\\/\\\/freddymorezon.org\\\/#\\\/schema\\\/logo\\\/image\\\/\"},\"sameAs\":[\"https:\\\/\\\/www.facebook.com\\\/freddy.morezon\\\/\",\"https:\\\/\\\/www.instagram.com\\\/freddymorezon\\\/\",\"https:\\\/\\\/www.youtube.com\\\/user\\\/freddymorezon\",\"https:\\\/\\\/fr.linkedin.com\\\/company\\\/freddy-morezon-p.r.o.d.\"]}]}<\/script>\n<!-- \/ Yoast SEO plugin. -->","yoast_head_json":{"title":"Seul | Freddy Morezon","robots":{"index":"index","follow":"follow","max-snippet":"max-snippet:-1","max-image-preview":"max-image-preview:large","max-video-preview":"max-video-preview:-1"},"canonical":"https:\/\/freddymorezon.org\/productions\/seul\/","og_locale":"en_US","og_type":"article","og_title":"Seul | Freddy Morezon","og_description":"R\u00c9SERVOIR Album \u00e0 para\u00eetre chez PAGANS - 27 juin 2025 Produit par Florian Nastorg \u2013 Pagans \u2013 Freddy Morezon \u2013 Not A Pub \u2605 En pr\u00e9-commande sur Bandcamp d\u00e8s aujourd'hui \u2605 BANDCAMP R\u00e9servoir by Florian Nastorg Line-up Florian Nastorg : saxophone baryton CONTACTS Booking \u23ae Florian Nastorg nastorg.florian[@]gmail.com Administration \u23ae Clara B\u00e9e administration[@]freddymorezon.org links Florian&hellip;Continue reading &rarr;","og_url":"https:\/\/freddymorezon.org\/productions\/seul\/","og_site_name":"Freddy Morezon","article_publisher":"https:\/\/www.facebook.com\/freddy.morezon\/","article_modified_time":"2025-06-10T10:14:31+00:00","og_image":[{"width":2558,"height":2560,"url":"https:\/\/freddymorezon.org\/wp-content\/uploads\/2025\/04\/Florian-Nastorg-trombinofreddy-Photo-Claire-Hugonnet-scaled.jpg","type":"image\/jpeg"}],"twitter_card":"summary_large_image","schema":{"@context":"https:\/\/schema.org","@graph":[{"@type":"WebPage","@id":"https:\/\/freddymorezon.org\/productions\/seul\/","url":"https:\/\/freddymorezon.org\/productions\/seul\/","name":"Seul | Freddy Morezon","isPartOf":{"@id":"https:\/\/freddymorezon.org\/#website"},"primaryImageOfPage":{"@id":"https:\/\/freddymorezon.org\/productions\/seul\/#primaryimage"},"image":{"@id":"https:\/\/freddymorezon.org\/productions\/seul\/#primaryimage"},"thumbnailUrl":"https:\/\/freddymorezon.org\/wp-content\/uploads\/2025\/04\/Florian-Nastorg-trombinofreddy-Photo-Claire-Hugonnet-scaled.jpg","datePublished":"2025-04-02T17:01:11+00:00","dateModified":"2025-06-10T10:14:31+00:00","breadcrumb":{"@id":"https:\/\/freddymorezon.org\/productions\/seul\/#breadcrumb"},"inLanguage":"en-US","potentialAction":[{"@type":"ReadAction","target":["https:\/\/freddymorezon.org\/productions\/seul\/"]}]},{"@type":"ImageObject","inLanguage":"en-US","@id":"https:\/\/freddymorezon.org\/productions\/seul\/#primaryimage","url":"https:\/\/freddymorezon.org\/wp-content\/uploads\/2025\/04\/Florian-Nastorg-trombinofreddy-Photo-Claire-Hugonnet-scaled.jpg","contentUrl":"https:\/\/freddymorezon.org\/wp-content\/uploads\/2025\/04\/Florian-Nastorg-trombinofreddy-Photo-Claire-Hugonnet-scaled.jpg","width":2558,"height":2560},{"@type":"BreadcrumbList","@id":"https:\/\/freddymorezon.org\/productions\/seul\/#breadcrumb","itemListElement":[{"@type":"ListItem","position":1,"name":"Accueil","item":"https:\/\/freddymorezon.org\/"},{"@type":"ListItem","position":2,"name":"Productions","item":"https:\/\/freddymorezon.org\/productions\/"},{"@type":"ListItem","position":3,"name":"Seul"}]},{"@type":"WebSite","@id":"https:\/\/freddymorezon.org\/#website","url":"https:\/\/freddymorezon.org\/","name":"Freddy Morezon","description":"jazz - musique improvis\u00e9e - esth\u00e9tiques plurielles","publisher":{"@id":"https:\/\/freddymorezon.org\/#organization"},"potentialAction":[{"@type":"SearchAction","target":{"@type":"EntryPoint","urlTemplate":"https:\/\/freddymorezon.org\/?s={search_term_string}"},"query-input":{"@type":"PropertyValueSpecification","valueRequired":true,"valueName":"search_term_string"}}],"inLanguage":"en-US"},{"@type":"Organization","@id":"https:\/\/freddymorezon.org\/#organization","name":"Association Freddy Morezon","url":"https:\/\/freddymorezon.org\/","logo":{"@type":"ImageObject","inLanguage":"en-US","@id":"https:\/\/freddymorezon.org\/#\/schema\/logo\/image\/","url":"https:\/\/freddymorezon.org\/wp-content\/uploads\/2016\/02\/mini-logo-header-site2.jpg","contentUrl":"https:\/\/freddymorezon.org\/wp-content\/uploads\/2016\/02\/mini-logo-header-site2.jpg","width":234,"height":174,"caption":"Association Freddy Morezon"},"image":{"@id":"https:\/\/freddymorezon.org\/#\/schema\/logo\/image\/"},"sameAs":["https:\/\/www.facebook.com\/freddy.morezon\/","https:\/\/www.instagram.com\/freddymorezon\/","https:\/\/www.youtube.com\/user\/freddymorezon","https:\/\/fr.linkedin.com\/company\/freddy-morezon-p.r.o.d."]}]}},"_links":{"self":[{"href":"https:\/\/freddymorezon.org\/en\/wp-json\/wp\/v2\/pages\/22441","targetHints":{"allow":["GET"]}}],"collection":[{"href":"https:\/\/freddymorezon.org\/en\/wp-json\/wp\/v2\/pages"}],"about":[{"href":"https:\/\/freddymorezon.org\/en\/wp-json\/wp\/v2\/types\/page"}],"author":[{"embeddable":true,"href":"https:\/\/freddymorezon.org\/en\/wp-json\/wp\/v2\/users\/1"}],"replies":[{"embeddable":true,"href":"https:\/\/freddymorezon.org\/en\/wp-json\/wp\/v2\/comments?post=22441"}],"version-history":[{"count":17,"href":"https:\/\/freddymorezon.org\/en\/wp-json\/wp\/v2\/pages\/22441\/revisions"}],"predecessor-version":[{"id":23170,"href":"https:\/\/freddymorezon.org\/en\/wp-json\/wp\/v2\/pages\/22441\/revisions\/23170"}],"up":[{"embeddable":true,"href":"https:\/\/freddymorezon.org\/en\/wp-json\/wp\/v2\/pages\/18236"}],"wp:featuredmedia":[{"embeddable":true,"href":"https:\/\/freddymorezon.org\/en\/wp-json\/wp\/v2\/media\/22442"}],"wp:attachment":[{"href":"https:\/\/freddymorezon.org\/en\/wp-json\/wp\/v2\/media?parent=22441"}],"wp:term":[{"taxonomy":"category","embeddable":true,"href":"https:\/\/freddymorezon.org\/en\/wp-json\/wp\/v2\/categories?post=22441"},{"taxonomy":"post_tag","embeddable":true,"href":"https:\/\/freddymorezon.org\/en\/wp-json\/wp\/v2\/tags?post=22441"}],"curies":[{"name":"wp","href":"https:\/\/api.w.org\/{rel}","templated":true}]}}