
{"id":22514,"date":"2025-03-21T11:55:38","date_gmt":"2025-03-21T09:55:38","guid":{"rendered":"https:\/\/freddymorezon.org\/?page_id=22514"},"modified":"2025-07-18T11:24:22","modified_gmt":"2025-07-18T09:24:22","slug":"future-folk-stories-episode-cevenol-ballade-sonore","status":"publish","type":"page","link":"https:\/\/freddymorezon.org\/en\/nos-evenements\/future-folk-stories-episode-cevenol-ballade-sonore\/","title":{"rendered":"25.05.2025 \/\/ Future Folk Stories \u00e9pisode c\u00e9venol &#8211; Ballade sonore"},"content":{"rendered":"<div id=\"pl-22514\"  class=\"panel-layout\" ><div id=\"pg-22514-0\"  class=\"panel-grid panel-no-style\" ><div id=\"pgc-22514-0-0\"  class=\"panel-grid-cell\" ><div id=\"panel-22514-0-0-0\" class=\"so-panel widget widget_sow-image panel-first-child\" data-index=\"0\" ><div\n\t\t\t\n\t\t\tclass=\"so-widget-sow-image so-widget-sow-image-default-8b5b6f678277-22514\"\n\t\t\t\n\t\t>\n<div class=\"sow-image-container\">\n\t\t<img \n\tsrc=\"https:\/\/freddymorezon.org\/wp-content\/uploads\/2025\/07\/611c4040-a6c6-4a5c-9d12-bd627bdef42e.jpg\" width=\"1600\" height=\"1200\" srcset=\"https:\/\/freddymorezon.org\/wp-content\/uploads\/2025\/07\/611c4040-a6c6-4a5c-9d12-bd627bdef42e.jpg 1600w, https:\/\/freddymorezon.org\/wp-content\/uploads\/2025\/07\/611c4040-a6c6-4a5c-9d12-bd627bdef42e-800x600.jpg 800w, https:\/\/freddymorezon.org\/wp-content\/uploads\/2025\/07\/611c4040-a6c6-4a5c-9d12-bd627bdef42e-1536x1152.jpg 1536w, https:\/\/freddymorezon.org\/wp-content\/uploads\/2025\/07\/611c4040-a6c6-4a5c-9d12-bd627bdef42e-400x300.jpg 400w\" sizes=\"(max-width: 1600px) 100vw, 1600px\" alt=\"\" \t\tclass=\"so-widget-image\"\/>\n\t<\/div>\n\n<\/div><\/div><div id=\"panel-22514-0-0-1\" class=\"so-panel widget widget_sow-headline\" data-index=\"1\" ><div\n\t\t\t\n\t\t\tclass=\"so-widget-sow-headline so-widget-sow-headline-default-33958b114544-22514\"\n\t\t\t\n\t\t><div class=\"sow-headline-container \">\n\t\t\t\t\t\t<div class=\"decoration\">\n\t\t\t\t\t\t<div class=\"decoration-inside\"><\/div>\n\t\t\t\t\t<\/div>\n\t\t\t\t\t<\/div>\n<\/div><\/div><div id=\"panel-22514-0-0-2\" class=\"so-panel widget widget_sow-editor\" data-index=\"2\" ><div\n\t\t\t\n\t\t\tclass=\"so-widget-sow-editor so-widget-sow-editor-base\"\n\t\t\t\n\t\t><h3 class=\"widget-title\">INFOS PRATIQUES<\/h3>\n<div class=\"siteorigin-widget-tinymce textwidget\">\n\t<p><strong>Dimanche 25 mai 2025<\/strong><br \/>\nD\u00e9part \u00e0 16h30 du parking derri\u00e8re les jumelles - Coordonn\u00e9es GPS : 43\u00b059'23.9\"N 3\u00b051'47.9\"E<br \/>\nDur\u00e9e : 1h30 environ ( Marche d\u2019une 1 heure + live de 30 minutes )<br \/>\nTout public - gratuit sur r\u00e9servation : <span class=\"x193iq5w xeuugli x13faqbe x1vvkbs xlh3980 xvmahel x1n0sxbx x1lliihq x1s928wv xhkezso x1gmr53x x1cpjm7i x1fgarty x1943h6x xudqn12 x3x7a5m x6prxxf xvq8zen xo1l8bm xzsf02u\" dir=\"auto\">horizondesevenements.collectif[a]gmail.com<\/span><\/p>\n<p>&nbsp;<\/p>\n<\/div>\n<\/div><\/div><div id=\"panel-22514-0-0-3\" class=\"so-panel widget widget_sow-headline\" data-index=\"3\" ><div\n\t\t\t\n\t\t\tclass=\"so-widget-sow-headline so-widget-sow-headline-default-33958b114544-22514\"\n\t\t\t\n\t\t><div class=\"sow-headline-container \">\n\t\t\t\t\t\t<div class=\"decoration\">\n\t\t\t\t\t\t<div class=\"decoration-inside\"><\/div>\n\t\t\t\t\t<\/div>\n\t\t\t\t\t<\/div>\n<\/div><\/div><div id=\"panel-22514-0-0-4\" class=\"so-panel widget widget_sow-editor\" data-index=\"4\" ><div\n\t\t\t\n\t\t\tclass=\"so-widget-sow-editor so-widget-sow-editor-base\"\n\t\t\t\n\t\t><h3 class=\"widget-title\">LIENS<\/h3>\n<div class=\"siteorigin-widget-tinymce textwidget\">\n\t<p><a href=\"https:\/\/freddymorezon.org\/catalogue\/future-folk-stories\/future-folk-stories-episode-cevenol\/\">Future Folk Stories \u00e9pisode c\u00e9venol<\/a><br \/>\n<a href=\"https:\/\/freddymorezon.org\/artistes\/robin-fincker\/\">Robin Fincker<\/a><br \/>\n<a href=\"https:\/\/freddymorezon.org\/artistes\/mathieu-werchowski\/\">Mathieu Werchowski<\/a><br \/>\n<a href=\"https:\/\/www.linkedin.com\/in\/bertrand-wolff\/\">Bertrand Wolff<\/a><br \/>\n<a href=\"http:\/\/www.wikigarrigue.info\/wakka.php?wiki=PagePrincipale\">Collectif des Garrigues<\/a><\/p>\n<\/div>\n<\/div><\/div><div id=\"panel-22514-0-0-5\" class=\"so-panel widget widget_sow-button\" data-index=\"5\" ><div\n\t\t\t\n\t\t\tclass=\"so-widget-sow-button so-widget-sow-button-flat-5192bebda948-22514\"\n\t\t\t\n\t\t><div class=\"ow-button-base ow-button-align-center\"\n>\n\t\t\t<a\n\t\t\t\t\thref=\"https:\/\/freddymorezon.org\/nos-evenements\/\"\n\t\t\t\t\tclass=\"sowb-button ow-icon-placement-left ow-button-hover\" \t>\n\t\t<span>\n\t\t\t\n\t\t\tRetour \u00e0 la page \u00c9v\u00e9nements\t\t<\/span>\n\t\t\t<\/a>\n\t<\/div>\n<\/div><\/div><div id=\"panel-22514-0-0-6\" class=\"so-panel widget widget_sow-button panel-last-child\" data-index=\"6\" ><div\n\t\t\t\n\t\t\tclass=\"so-widget-sow-button so-widget-sow-button-flat-5192bebda948-22514\"\n\t\t\t\n\t\t><div class=\"ow-button-base ow-button-align-center\"\n>\n\t\t\t<a\n\t\t\t\t\thref=\"https:\/\/freddymorezon.org\/catalogue\/future-folk-stories\/future-folk-stories-episode-cevenol\/\"\n\t\t\t\t\tclass=\"sowb-button ow-icon-placement-left ow-button-hover\" \t>\n\t\t<span>\n\t\t\t\n\t\t\tRetour \u00e0 la page \u00c9pisode c\u00e9venol\t\t<\/span>\n\t\t\t<\/a>\n\t<\/div>\n<\/div><\/div><\/div><div id=\"pgc-22514-0-1\"  class=\"panel-grid-cell\" ><div id=\"panel-22514-0-1-0\" class=\"so-panel widget widget_sow-headline panel-first-child\" data-index=\"7\" ><div\n\t\t\t\n\t\t\tclass=\"so-widget-sow-headline so-widget-sow-headline-default-d42322c5b14c-22514\"\n\t\t\t\n\t\t><div class=\"sow-headline-container \">\n\t\t\t\t\t\t\t<h2 class=\"sow-headline\">\n\t\t\t\t\t\tFuture Folk Stories \u00e9pisode c\u00e9venol\t\t\t\t\t\t<\/h2>\n\t\t\t\t\t\t\t\t\t\t\t<div class=\"decoration\">\n\t\t\t\t\t\t<div class=\"decoration-inside\"><\/div>\n\t\t\t\t\t<\/div>\n\t\t\t\t\t<\/div>\n<\/div><\/div><div id=\"panel-22514-0-1-1\" class=\"so-panel widget widget_sow-editor\" data-index=\"8\" ><div\n\t\t\t\n\t\t\tclass=\"so-widget-sow-editor so-widget-sow-editor-base\"\n\t\t\t\n\t\t>\n<div class=\"siteorigin-widget-tinymce textwidget\">\n\t<h4><strong>\u00c9chos du Futur<\/strong><br \/>\n<b>Une promenade sonore immersive sur les Jumelles de Monoblet<br \/>\n<\/b>avec Bertrand Wolff et le Collectif des Garrigues<\/h4>\n<p><span style=\"font-family: Arial;\"><i><br \/>\n\u00c9chos du Futur <\/i><\/span>propose une exp\u00e9rience m\u00ealant exploration naturaliste et imagination des paysages futurs. Munis\u00b7es d\u2019un casque audio, les spectateur\u00b7rice\u00b7s partent \u00e0 la d\u00e9couverte du monde v\u00e9g\u00e9tal et min\u00e9ral, guid\u00e9\u00b7e\u00b7s par la voix d\u2019un\u00b7e botaniste\/naturaliste. Les sons capt\u00e9s et diffus\u00e9s redessinent le relief et transforment l\u2019espace en un paysage sonore vivant, r\u00e9sonnant d\u2019histoires naturelles et de futurs possibles.<\/p>\n<div>\n<div>\n<p>Au sommet, une performance musicale live dialogue avec l\u2019environnement mise en sons par le musicien Bertrand Wolff invite \u00e0 percevoir autrement la profondeur et la texture des lieux. Une exp\u00e9rience o\u00f9 la musique devient \u00e9cho et r\u00e9sonance au c\u0153ur m\u00eame du paysage.<\/p>\n<p>&nbsp;<\/p>\n<\/div>\n<\/div>\n<\/div>\n<\/div><\/div><div id=\"panel-22514-0-1-2\" class=\"so-panel widget widget_sow-image\" data-index=\"9\" ><div\n\t\t\t\n\t\t\tclass=\"so-widget-sow-image so-widget-sow-image-default-8b5b6f678277-22514\"\n\t\t\t\n\t\t>\n<div class=\"sow-image-container\">\n\t\t<img \n\tsrc=\"https:\/\/freddymorezon.org\/wp-content\/uploads\/2025\/07\/611c4040-a6c6-4a5c-9d12-bd627bdef42e.jpg\" width=\"1600\" height=\"1200\" srcset=\"https:\/\/freddymorezon.org\/wp-content\/uploads\/2025\/07\/611c4040-a6c6-4a5c-9d12-bd627bdef42e.jpg 1600w, https:\/\/freddymorezon.org\/wp-content\/uploads\/2025\/07\/611c4040-a6c6-4a5c-9d12-bd627bdef42e-800x600.jpg 800w, https:\/\/freddymorezon.org\/wp-content\/uploads\/2025\/07\/611c4040-a6c6-4a5c-9d12-bd627bdef42e-1536x1152.jpg 1536w, https:\/\/freddymorezon.org\/wp-content\/uploads\/2025\/07\/611c4040-a6c6-4a5c-9d12-bd627bdef42e-400x300.jpg 400w\" sizes=\"(max-width: 1600px) 100vw, 1600px\" alt=\"\" \t\tclass=\"so-widget-image\"\/>\n\t<\/div>\n\n<\/div><\/div><div id=\"panel-22514-0-1-3\" class=\"so-panel widget widget_sow-image panel-last-child\" data-index=\"10\" ><div\n\t\t\t\n\t\t\tclass=\"so-widget-sow-image so-widget-sow-image-default-8b5b6f678277-22514\"\n\t\t\t\n\t\t>\n<div class=\"sow-image-container\">\n\t\t<img \n\tsrc=\"https:\/\/freddymorezon.org\/wp-content\/uploads\/2025\/07\/RECTO_ECHOS-BD.png\" width=\"1500\" height=\"2112\" srcset=\"https:\/\/freddymorezon.org\/wp-content\/uploads\/2025\/07\/RECTO_ECHOS-BD.png 1500w, https:\/\/freddymorezon.org\/wp-content\/uploads\/2025\/07\/RECTO_ECHOS-BD-568x800.png 568w, https:\/\/freddymorezon.org\/wp-content\/uploads\/2025\/07\/RECTO_ECHOS-BD-1091x1536.png 1091w\" sizes=\"(max-width: 1500px) 100vw, 1500px\" title=\"RECTO_ECHOS &#8211; BD\" alt=\"\" \t\tclass=\"so-widget-image\"\/>\n\t<\/div>\n\n<\/div><\/div><\/div><\/div><\/div>","protected":false},"excerpt":{"rendered":"<p>Dimanche 25 mai 2025 D\u00e9part \u00e0 16h30 du parking derri\u00e8re les jumelles &#8211; Coordonn\u00e9es GPS : 43\u00b059&#8217;23.9&#8243;N 3\u00b051&#8217;47.9&#8243;E Dur\u00e9e : 1h30 environ ( Marche d\u2019une 1 heure + live de 30 minutes ) Tout public &#8211; gratuit sur r\u00e9servation : horizondesevenements.collectif[a]gmail.com &nbsp; Future Folk Stories \u00e9pisode c\u00e9venol Robin Fincker Mathieu Werchowski Bertrand Wolff Collectif des&hellip;<\/p>\n<p><a class=\"more-link\" href=\"https:\/\/freddymorezon.org\/en\/nos-evenements\/future-folk-stories-episode-cevenol-ballade-sonore\/\" title=\"Continue reading &lsquo;25.05.2025 \/\/ Future Folk Stories \u00e9pisode c\u00e9venol &#8211; Ballade sonore&rsquo;\">Continue reading <span class=\"meta-nav\">&rarr;<\/span><\/a><\/p>\n","protected":false},"author":1,"featured_media":23518,"parent":10655,"menu_order":0,"comment_status":"closed","ping_status":"closed","template":"page-templates\/full-width.php","meta":{"om_disable_all_campaigns":false,"_monsterinsights_skip_tracking":false,"_monsterinsights_sitenote_active":false,"_monsterinsights_sitenote_note":"","_monsterinsights_sitenote_category":0,"_uf_show_specific_survey":0,"_uf_disable_surveys":false,"footnotes":""},"categories":[1401],"tags":[],"class_list":["post-22514","page","type-page","status-publish","has-post-thumbnail","hentry","category-nos-evenements-passes"],"aioseo_notices":[],"yoast_head":"<!-- This site is optimized with the Yoast SEO plugin v27.3 - https:\/\/yoast.com\/product\/yoast-seo-wordpress\/ -->\n<title>25.05.2025 \/\/ Future Folk Stories \u00e9pisode c\u00e9venol - Ballade sonore | Freddy Morezon<\/title>\n<meta name=\"robots\" content=\"index, follow, max-snippet:-1, max-image-preview:large, max-video-preview:-1\" \/>\n<link rel=\"canonical\" href=\"https:\/\/freddymorezon.org\/nos-evenements\/future-folk-stories-episode-cevenol-ballade-sonore\/\" \/>\n<meta property=\"og:locale\" content=\"en_US\" \/>\n<meta property=\"og:type\" content=\"article\" \/>\n<meta property=\"og:title\" content=\"25.05.2025 \/\/ Future Folk Stories \u00e9pisode c\u00e9venol - Ballade sonore | Freddy Morezon\" \/>\n<meta property=\"og:description\" content=\"Dimanche 25 mai 2025 D\u00e9part \u00e0 16h30 du parking derri\u00e8re les jumelles - Coordonn\u00e9es GPS : 43\u00b059&#039;23.9&quot;N 3\u00b051&#039;47.9&quot;E Dur\u00e9e : 1h30 environ ( Marche d\u2019une 1 heure + live de 30 minutes ) Tout public - gratuit sur r\u00e9servation : horizondesevenements.collectif[a]gmail.com &nbsp; Future Folk Stories \u00e9pisode c\u00e9venol Robin Fincker Mathieu Werchowski Bertrand Wolff Collectif des&hellip;Continue reading &rarr;\" \/>\n<meta property=\"og:url\" content=\"https:\/\/freddymorezon.org\/nos-evenements\/future-folk-stories-episode-cevenol-ballade-sonore\/\" \/>\n<meta property=\"og:site_name\" content=\"Freddy Morezon\" \/>\n<meta property=\"article:publisher\" content=\"https:\/\/www.facebook.com\/freddy.morezon\/\" \/>\n<meta property=\"article:modified_time\" content=\"2025-07-18T09:24:22+00:00\" \/>\n<meta property=\"og:image\" content=\"https:\/\/freddymorezon.org\/wp-content\/uploads\/2025\/07\/Bertrand-Wolff-cevenol-1080x800.png\" \/>\n\t<meta property=\"og:image:width\" content=\"1080\" \/>\n\t<meta property=\"og:image:height\" content=\"800\" \/>\n\t<meta property=\"og:image:type\" content=\"image\/png\" \/>\n<meta name=\"twitter:card\" content=\"summary_large_image\" \/>\n<script type=\"application\/ld+json\" class=\"yoast-schema-graph\">{\"@context\":\"https:\\\/\\\/schema.org\",\"@graph\":[{\"@type\":\"WebPage\",\"@id\":\"https:\\\/\\\/freddymorezon.org\\\/nos-evenements\\\/future-folk-stories-episode-cevenol-ballade-sonore\\\/\",\"url\":\"https:\\\/\\\/freddymorezon.org\\\/nos-evenements\\\/future-folk-stories-episode-cevenol-ballade-sonore\\\/\",\"name\":\"25.05.2025 \\\/\\\/ Future Folk Stories \u00e9pisode c\u00e9venol - Ballade sonore | Freddy Morezon\",\"isPartOf\":{\"@id\":\"https:\\\/\\\/freddymorezon.org\\\/#website\"},\"primaryImageOfPage\":{\"@id\":\"https:\\\/\\\/freddymorezon.org\\\/nos-evenements\\\/future-folk-stories-episode-cevenol-ballade-sonore\\\/#primaryimage\"},\"image\":{\"@id\":\"https:\\\/\\\/freddymorezon.org\\\/nos-evenements\\\/future-folk-stories-episode-cevenol-ballade-sonore\\\/#primaryimage\"},\"thumbnailUrl\":\"https:\\\/\\\/freddymorezon.org\\\/wp-content\\\/uploads\\\/2025\\\/07\\\/Bertrand-Wolff-cevenol.png\",\"datePublished\":\"2025-03-21T09:55:38+00:00\",\"dateModified\":\"2025-07-18T09:24:22+00:00\",\"breadcrumb\":{\"@id\":\"https:\\\/\\\/freddymorezon.org\\\/nos-evenements\\\/future-folk-stories-episode-cevenol-ballade-sonore\\\/#breadcrumb\"},\"inLanguage\":\"en-US\",\"potentialAction\":[{\"@type\":\"ReadAction\",\"target\":[\"https:\\\/\\\/freddymorezon.org\\\/nos-evenements\\\/future-folk-stories-episode-cevenol-ballade-sonore\\\/\"]}]},{\"@type\":\"ImageObject\",\"inLanguage\":\"en-US\",\"@id\":\"https:\\\/\\\/freddymorezon.org\\\/nos-evenements\\\/future-folk-stories-episode-cevenol-ballade-sonore\\\/#primaryimage\",\"url\":\"https:\\\/\\\/freddymorezon.org\\\/wp-content\\\/uploads\\\/2025\\\/07\\\/Bertrand-Wolff-cevenol.png\",\"contentUrl\":\"https:\\\/\\\/freddymorezon.org\\\/wp-content\\\/uploads\\\/2025\\\/07\\\/Bertrand-Wolff-cevenol.png\",\"width\":1080,\"height\":1080},{\"@type\":\"BreadcrumbList\",\"@id\":\"https:\\\/\\\/freddymorezon.org\\\/nos-evenements\\\/future-folk-stories-episode-cevenol-ballade-sonore\\\/#breadcrumb\",\"itemListElement\":[{\"@type\":\"ListItem\",\"position\":1,\"name\":\"Accueil\",\"item\":\"https:\\\/\\\/freddymorezon.org\\\/\"},{\"@type\":\"ListItem\",\"position\":2,\"name\":\"Nos \u00e9v\u00e9nements\",\"item\":\"https:\\\/\\\/freddymorezon.org\\\/nos-evenements\\\/\"},{\"@type\":\"ListItem\",\"position\":3,\"name\":\"25.05.2025 \\\/\\\/ Future Folk Stories \u00e9pisode c\u00e9venol &#8211; Ballade sonore\"}]},{\"@type\":\"WebSite\",\"@id\":\"https:\\\/\\\/freddymorezon.org\\\/#website\",\"url\":\"https:\\\/\\\/freddymorezon.org\\\/\",\"name\":\"Freddy Morezon\",\"description\":\"jazz - musique improvis\u00e9e - esth\u00e9tiques plurielles\",\"publisher\":{\"@id\":\"https:\\\/\\\/freddymorezon.org\\\/#organization\"},\"potentialAction\":[{\"@type\":\"SearchAction\",\"target\":{\"@type\":\"EntryPoint\",\"urlTemplate\":\"https:\\\/\\\/freddymorezon.org\\\/?s={search_term_string}\"},\"query-input\":{\"@type\":\"PropertyValueSpecification\",\"valueRequired\":true,\"valueName\":\"search_term_string\"}}],\"inLanguage\":\"en-US\"},{\"@type\":\"Organization\",\"@id\":\"https:\\\/\\\/freddymorezon.org\\\/#organization\",\"name\":\"Association Freddy Morezon\",\"url\":\"https:\\\/\\\/freddymorezon.org\\\/\",\"logo\":{\"@type\":\"ImageObject\",\"inLanguage\":\"en-US\",\"@id\":\"https:\\\/\\\/freddymorezon.org\\\/#\\\/schema\\\/logo\\\/image\\\/\",\"url\":\"https:\\\/\\\/freddymorezon.org\\\/wp-content\\\/uploads\\\/2016\\\/02\\\/mini-logo-header-site2.jpg\",\"contentUrl\":\"https:\\\/\\\/freddymorezon.org\\\/wp-content\\\/uploads\\\/2016\\\/02\\\/mini-logo-header-site2.jpg\",\"width\":234,\"height\":174,\"caption\":\"Association Freddy Morezon\"},\"image\":{\"@id\":\"https:\\\/\\\/freddymorezon.org\\\/#\\\/schema\\\/logo\\\/image\\\/\"},\"sameAs\":[\"https:\\\/\\\/www.facebook.com\\\/freddy.morezon\\\/\",\"https:\\\/\\\/www.instagram.com\\\/freddymorezon\\\/\",\"https:\\\/\\\/www.youtube.com\\\/user\\\/freddymorezon\",\"https:\\\/\\\/fr.linkedin.com\\\/company\\\/freddy-morezon-p.r.o.d.\"]}]}<\/script>\n<!-- \/ Yoast SEO plugin. -->","yoast_head_json":{"title":"25.05.2025 \/\/ Future Folk Stories \u00e9pisode c\u00e9venol - Ballade sonore | Freddy Morezon","robots":{"index":"index","follow":"follow","max-snippet":"max-snippet:-1","max-image-preview":"max-image-preview:large","max-video-preview":"max-video-preview:-1"},"canonical":"https:\/\/freddymorezon.org\/nos-evenements\/future-folk-stories-episode-cevenol-ballade-sonore\/","og_locale":"en_US","og_type":"article","og_title":"25.05.2025 \/\/ Future Folk Stories \u00e9pisode c\u00e9venol - Ballade sonore | Freddy Morezon","og_description":"Dimanche 25 mai 2025 D\u00e9part \u00e0 16h30 du parking derri\u00e8re les jumelles - Coordonn\u00e9es GPS : 43\u00b059'23.9\"N 3\u00b051'47.9\"E Dur\u00e9e : 1h30 environ ( Marche d\u2019une 1 heure + live de 30 minutes ) Tout public - gratuit sur r\u00e9servation : horizondesevenements.collectif[a]gmail.com &nbsp; Future Folk Stories \u00e9pisode c\u00e9venol Robin Fincker Mathieu Werchowski Bertrand Wolff Collectif des&hellip;Continue reading &rarr;","og_url":"https:\/\/freddymorezon.org\/nos-evenements\/future-folk-stories-episode-cevenol-ballade-sonore\/","og_site_name":"Freddy Morezon","article_publisher":"https:\/\/www.facebook.com\/freddy.morezon\/","article_modified_time":"2025-07-18T09:24:22+00:00","og_image":[{"width":1080,"height":800,"url":"https:\/\/freddymorezon.org\/wp-content\/uploads\/2025\/07\/Bertrand-Wolff-cevenol-1080x800.png","type":"image\/png"}],"twitter_card":"summary_large_image","schema":{"@context":"https:\/\/schema.org","@graph":[{"@type":"WebPage","@id":"https:\/\/freddymorezon.org\/nos-evenements\/future-folk-stories-episode-cevenol-ballade-sonore\/","url":"https:\/\/freddymorezon.org\/nos-evenements\/future-folk-stories-episode-cevenol-ballade-sonore\/","name":"25.05.2025 \/\/ Future Folk Stories \u00e9pisode c\u00e9venol - Ballade sonore | Freddy Morezon","isPartOf":{"@id":"https:\/\/freddymorezon.org\/#website"},"primaryImageOfPage":{"@id":"https:\/\/freddymorezon.org\/nos-evenements\/future-folk-stories-episode-cevenol-ballade-sonore\/#primaryimage"},"image":{"@id":"https:\/\/freddymorezon.org\/nos-evenements\/future-folk-stories-episode-cevenol-ballade-sonore\/#primaryimage"},"thumbnailUrl":"https:\/\/freddymorezon.org\/wp-content\/uploads\/2025\/07\/Bertrand-Wolff-cevenol.png","datePublished":"2025-03-21T09:55:38+00:00","dateModified":"2025-07-18T09:24:22+00:00","breadcrumb":{"@id":"https:\/\/freddymorezon.org\/nos-evenements\/future-folk-stories-episode-cevenol-ballade-sonore\/#breadcrumb"},"inLanguage":"en-US","potentialAction":[{"@type":"ReadAction","target":["https:\/\/freddymorezon.org\/nos-evenements\/future-folk-stories-episode-cevenol-ballade-sonore\/"]}]},{"@type":"ImageObject","inLanguage":"en-US","@id":"https:\/\/freddymorezon.org\/nos-evenements\/future-folk-stories-episode-cevenol-ballade-sonore\/#primaryimage","url":"https:\/\/freddymorezon.org\/wp-content\/uploads\/2025\/07\/Bertrand-Wolff-cevenol.png","contentUrl":"https:\/\/freddymorezon.org\/wp-content\/uploads\/2025\/07\/Bertrand-Wolff-cevenol.png","width":1080,"height":1080},{"@type":"BreadcrumbList","@id":"https:\/\/freddymorezon.org\/nos-evenements\/future-folk-stories-episode-cevenol-ballade-sonore\/#breadcrumb","itemListElement":[{"@type":"ListItem","position":1,"name":"Accueil","item":"https:\/\/freddymorezon.org\/"},{"@type":"ListItem","position":2,"name":"Nos \u00e9v\u00e9nements","item":"https:\/\/freddymorezon.org\/nos-evenements\/"},{"@type":"ListItem","position":3,"name":"25.05.2025 \/\/ Future Folk Stories \u00e9pisode c\u00e9venol &#8211; Ballade sonore"}]},{"@type":"WebSite","@id":"https:\/\/freddymorezon.org\/#website","url":"https:\/\/freddymorezon.org\/","name":"Freddy Morezon","description":"jazz - musique improvis\u00e9e - esth\u00e9tiques plurielles","publisher":{"@id":"https:\/\/freddymorezon.org\/#organization"},"potentialAction":[{"@type":"SearchAction","target":{"@type":"EntryPoint","urlTemplate":"https:\/\/freddymorezon.org\/?s={search_term_string}"},"query-input":{"@type":"PropertyValueSpecification","valueRequired":true,"valueName":"search_term_string"}}],"inLanguage":"en-US"},{"@type":"Organization","@id":"https:\/\/freddymorezon.org\/#organization","name":"Association Freddy Morezon","url":"https:\/\/freddymorezon.org\/","logo":{"@type":"ImageObject","inLanguage":"en-US","@id":"https:\/\/freddymorezon.org\/#\/schema\/logo\/image\/","url":"https:\/\/freddymorezon.org\/wp-content\/uploads\/2016\/02\/mini-logo-header-site2.jpg","contentUrl":"https:\/\/freddymorezon.org\/wp-content\/uploads\/2016\/02\/mini-logo-header-site2.jpg","width":234,"height":174,"caption":"Association Freddy Morezon"},"image":{"@id":"https:\/\/freddymorezon.org\/#\/schema\/logo\/image\/"},"sameAs":["https:\/\/www.facebook.com\/freddy.morezon\/","https:\/\/www.instagram.com\/freddymorezon\/","https:\/\/www.youtube.com\/user\/freddymorezon","https:\/\/fr.linkedin.com\/company\/freddy-morezon-p.r.o.d."]}]}},"_links":{"self":[{"href":"https:\/\/freddymorezon.org\/en\/wp-json\/wp\/v2\/pages\/22514","targetHints":{"allow":["GET"]}}],"collection":[{"href":"https:\/\/freddymorezon.org\/en\/wp-json\/wp\/v2\/pages"}],"about":[{"href":"https:\/\/freddymorezon.org\/en\/wp-json\/wp\/v2\/types\/page"}],"author":[{"embeddable":true,"href":"https:\/\/freddymorezon.org\/en\/wp-json\/wp\/v2\/users\/1"}],"replies":[{"embeddable":true,"href":"https:\/\/freddymorezon.org\/en\/wp-json\/wp\/v2\/comments?post=22514"}],"version-history":[{"count":17,"href":"https:\/\/freddymorezon.org\/en\/wp-json\/wp\/v2\/pages\/22514\/revisions"}],"predecessor-version":[{"id":23522,"href":"https:\/\/freddymorezon.org\/en\/wp-json\/wp\/v2\/pages\/22514\/revisions\/23522"}],"up":[{"embeddable":true,"href":"https:\/\/freddymorezon.org\/en\/wp-json\/wp\/v2\/pages\/10655"}],"wp:featuredmedia":[{"embeddable":true,"href":"https:\/\/freddymorezon.org\/en\/wp-json\/wp\/v2\/media\/23518"}],"wp:attachment":[{"href":"https:\/\/freddymorezon.org\/en\/wp-json\/wp\/v2\/media?parent=22514"}],"wp:term":[{"taxonomy":"category","embeddable":true,"href":"https:\/\/freddymorezon.org\/en\/wp-json\/wp\/v2\/categories?post=22514"},{"taxonomy":"post_tag","embeddable":true,"href":"https:\/\/freddymorezon.org\/en\/wp-json\/wp\/v2\/tags?post=22514"}],"curies":[{"name":"wp","href":"https:\/\/api.w.org\/{rel}","templated":true}]}}