
{"id":22530,"date":"2025-03-24T12:15:09","date_gmt":"2025-03-24T10:15:09","guid":{"rendered":"https:\/\/freddymorezon.org\/?page_id=22530"},"modified":"2025-10-14T11:41:07","modified_gmt":"2025-10-14T09:41:07","slug":"21-09-25-future-folk-stories-episode-cevenol-concert-vison-visu","status":"publish","type":"page","link":"https:\/\/freddymorezon.org\/en\/nos-evenements\/21-09-25-future-folk-stories-episode-cevenol-concert-vison-visu\/","title":{"rendered":"21.09.25 \/\/ Future Folk Stories \u00e9pisode c\u00e9venol &#8211; Concert Vison Visu"},"content":{"rendered":"<div id=\"pl-22530\"  class=\"panel-layout\" ><div id=\"pg-22530-0\"  class=\"panel-grid panel-no-style\" ><div id=\"pgc-22530-0-0\"  class=\"panel-grid-cell\" ><div id=\"panel-22530-0-0-0\" class=\"so-panel widget widget_sow-image panel-first-child\" data-index=\"0\" ><div\n\t\t\t\n\t\t\tclass=\"so-widget-sow-image so-widget-sow-image-default-8b5b6f678277-22530\"\n\t\t\t\n\t\t>\n<div class=\"sow-image-container\">\n\t\t<img \n\tsrc=\"https:\/\/freddymorezon.org\/wp-content\/uploads\/2025\/04\/vison_visu_dsc00607_bd.jpg-250x223.webp\" width=\"250\" height=\"223\" srcset=\"https:\/\/freddymorezon.org\/wp-content\/uploads\/2025\/04\/vison_visu_dsc00607_bd.jpg-250x223.webp 250w, https:\/\/freddymorezon.org\/wp-content\/uploads\/2025\/04\/vison_visu_dsc00607_bd.jpg-450x402.webp 450w\" sizes=\"(max-width: 250px) 100vw, 250px\" alt=\"\" \t\tclass=\"so-widget-image\"\/>\n\t<\/div>\n\n<\/div><\/div><div id=\"panel-22530-0-0-1\" class=\"so-panel widget widget_sow-headline\" data-index=\"1\" ><div\n\t\t\t\n\t\t\tclass=\"so-widget-sow-headline so-widget-sow-headline-default-33958b114544-22530\"\n\t\t\t\n\t\t><div class=\"sow-headline-container \">\n\t\t\t\t\t\t<div class=\"decoration\">\n\t\t\t\t\t\t<div class=\"decoration-inside\"><\/div>\n\t\t\t\t\t<\/div>\n\t\t\t\t\t<\/div>\n<\/div><\/div><div id=\"panel-22530-0-0-2\" class=\"so-panel widget widget_sow-editor\" data-index=\"2\" ><div\n\t\t\t\n\t\t\tclass=\"so-widget-sow-editor so-widget-sow-editor-base\"\n\t\t\t\n\t\t><h3 class=\"widget-title\">INFOS PRATIQUES<\/h3>\n<div class=\"siteorigin-widget-tinymce textwidget\">\n\t<p><strong>Dimanche 21 septembre 2025<br \/>\n<\/strong>Chapelle de Conqueyrac<\/p>\n<p>dans le cadre de la saison culturelle de la communaut\u00e9 de communes Pi\u00e9mont C\u00e9venol<\/p>\n<p>&nbsp;<\/p>\n<\/div>\n<\/div><\/div><div id=\"panel-22530-0-0-3\" class=\"so-panel widget widget_sow-headline\" data-index=\"3\" ><div\n\t\t\t\n\t\t\tclass=\"so-widget-sow-headline so-widget-sow-headline-default-33958b114544-22530\"\n\t\t\t\n\t\t><div class=\"sow-headline-container \">\n\t\t\t\t\t\t<div class=\"decoration\">\n\t\t\t\t\t\t<div class=\"decoration-inside\"><\/div>\n\t\t\t\t\t<\/div>\n\t\t\t\t\t<\/div>\n<\/div><\/div><div id=\"panel-22530-0-0-4\" class=\"so-panel widget widget_sow-editor\" data-index=\"4\" ><div\n\t\t\t\n\t\t\tclass=\"so-widget-sow-editor so-widget-sow-editor-base\"\n\t\t\t\n\t\t><h3 class=\"widget-title\">LIENS<\/h3>\n<div class=\"siteorigin-widget-tinymce textwidget\">\n\t<p><a href=\"https:\/\/freddymorezon.org\/catalogue\/future-folk-stories\/future-folk-stories-episode-cevenol\/\">Future Folk Stories \u00e9pisode c\u00e9venol<\/a><br \/>\n<a href=\"https:\/\/freddymorezon.org\/artistes\/robin-fincker\/\">Robin Fincker<\/a><br \/>\n<a href=\"https:\/\/freddymorezon.org\/artistes\/mathieu-werchowski\/\">Mathieu Werchowski<\/a><\/p>\n<p>&nbsp;<\/p>\n<\/div>\n<\/div><\/div><div id=\"panel-22530-0-0-5\" class=\"so-panel widget widget_sow-button\" data-index=\"5\" ><div\n\t\t\t\n\t\t\tclass=\"so-widget-sow-button so-widget-sow-button-flat-5192bebda948-22530\"\n\t\t\t\n\t\t><div class=\"ow-button-base ow-button-align-center\"\n>\n\t\t\t<a\n\t\t\t\t\thref=\"https:\/\/freddymorezon.org\/catalogue\/future-folk-stories\/future-folk-stories-episode-cevenol\/\"\n\t\t\t\t\tclass=\"sowb-button ow-icon-placement-left ow-button-hover\" \t>\n\t\t<span>\n\t\t\t\n\t\t\tRetour \u00e0 la page \u00c9pisode c\u00e9venol\t\t<\/span>\n\t\t\t<\/a>\n\t<\/div>\n<\/div><\/div><div id=\"panel-22530-0-0-6\" class=\"so-panel widget widget_sow-button panel-last-child\" data-index=\"6\" ><div\n\t\t\t\n\t\t\tclass=\"so-widget-sow-button so-widget-sow-button-flat-5192bebda948-22530\"\n\t\t\t\n\t\t><div class=\"ow-button-base ow-button-align-center\"\n>\n\t\t\t<a\n\t\t\t\t\thref=\"https:\/\/freddymorezon.org\/nos-evenements\/\"\n\t\t\t\t\tclass=\"sowb-button ow-icon-placement-left ow-button-hover\" \t>\n\t\t<span>\n\t\t\t\n\t\t\tRetour \u00e0 la page \u00c9v\u00e9nements\t\t<\/span>\n\t\t\t<\/a>\n\t<\/div>\n<\/div><\/div><\/div><div id=\"pgc-22530-0-1\"  class=\"panel-grid-cell\" ><div id=\"panel-22530-0-1-0\" class=\"so-panel widget widget_sow-headline panel-first-child\" data-index=\"7\" ><div\n\t\t\t\n\t\t\tclass=\"so-widget-sow-headline so-widget-sow-headline-default-d42322c5b14c-22530\"\n\t\t\t\n\t\t><div class=\"sow-headline-container \">\n\t\t\t\t\t\t\t<h2 class=\"sow-headline\">\n\t\t\t\t\t\tFUTURE FOLK STORIES \u00e9pisode c\u00e9venol - Concert Vison Visu\t\t\t\t\t\t<\/h2>\n\t\t\t\t\t\t\t\t\t\t\t<div class=\"decoration\">\n\t\t\t\t\t\t<div class=\"decoration-inside\"><\/div>\n\t\t\t\t\t<\/div>\n\t\t\t\t\t<\/div>\n<\/div><\/div><div id=\"panel-22530-0-1-1\" class=\"so-panel widget widget_sow-editor\" data-index=\"8\" ><div\n\t\t\t\n\t\t\tclass=\"so-widget-sow-editor so-widget-sow-editor-base\"\n\t\t\t\n\t\t>\n<div class=\"siteorigin-widget-tinymce textwidget\">\n\t<h3><strong>Concert de Vison Visu<\/strong><\/h3>\n<p><strong><br \/>\n<\/strong>Que ce soit dans le jazz ou dans les musiques de tradition populaire, l\u2019association du saxophone et de l\u2019accord\u00e9on est depuis longtemps famili\u00e8re de nos oreilles. Janick Martin et Robin Fincker se sont d\u00e9couverts au sein du quintet Finis Terrae de Vincent Courtois et ont tr\u00e8s rapidement nou\u00e9 une complicit\u00e9 \u00e9vidente. Jouant de grooves et d\u2019improvisations, avides de m\u00e9lodies, qu\u2019elles soient d\u2019aujourd\u2019hui ou d\u2019un autre \u00e2ge, ils en d\u00e9jouent les phras\u00e9s conventionnels et \u00e9changent avec passion, intensit\u00e9 et fr\u00e9n\u00e9sie. Un face \u00e0 face intime et saisissant.<\/p>\n<p><strong>Robin Fincker\u00a0<\/strong>: saxophone t\u00e9nor, clarinette<br \/>\n<strong>Janick Martin <\/strong>: accord\u00e9on diatonique<\/p>\n<\/div>\n<\/div><\/div><div id=\"panel-22530-0-1-2\" class=\"so-panel widget widget_sow-editor\" data-index=\"9\" ><div\n\t\t\t\n\t\t\tclass=\"so-widget-sow-editor so-widget-sow-editor-base\"\n\t\t\t\n\t\t>\n<div class=\"siteorigin-widget-tinymce textwidget\">\n\t<p><iframe loading=\"lazy\" title=\"Robin Fincker &amp; Janick Martin &quot;Vison Visu&quot; - Al lann melen &amp; Echoes of the riverbanks\" width=\"790\" height=\"444\" src=\"https:\/\/www.youtube.com\/embed\/Uo2fELdJKS0?feature=oembed\" frameborder=\"0\" allow=\"accelerometer; autoplay; clipboard-write; encrypted-media; gyroscope; picture-in-picture; web-share\" referrerpolicy=\"strict-origin-when-cross-origin\" allowfullscreen><\/iframe><\/p>\n<\/div>\n<\/div><\/div><div id=\"panel-22530-0-1-3\" class=\"so-panel widget widget_sow-editor panel-last-child\" data-index=\"10\" ><div\n\t\t\t\n\t\t\tclass=\"so-widget-sow-editor so-widget-sow-editor-base\"\n\t\t\t\n\t\t>\n<div class=\"siteorigin-widget-tinymce textwidget\">\n\t<h3><strong>Installation sonore de Mathieu Werchowski<\/strong><\/h3>\n<p>Le concert sera suivi d'une installation sonore de Mathieu Werchowski, diffusion de portraits d'habitants rencontr\u00e9s dans le cadre de la r\u00e9sidence de territoire \u00c9pisode c\u00e9venol\u00a0 en partenariat avec les EHPAD de Sauve et Pompignan \u2013 en ext\u00e9rieur<\/p>\n<\/div>\n<\/div><\/div><\/div><\/div><\/div>","protected":false},"excerpt":{"rendered":"<p>Dimanche 21 septembre 2025 Chapelle de Conqueyrac dans le cadre de la saison culturelle de la communaut\u00e9 de communes Pi\u00e9mont C\u00e9venol &nbsp; Future Folk Stories \u00e9pisode c\u00e9venol Robin Fincker Mathieu Werchowski &nbsp; Concert de Vison Visu Que ce soit dans le jazz ou dans les musiques de tradition populaire, l\u2019association du saxophone et de l\u2019accord\u00e9on&hellip;<\/p>\n<p><a class=\"more-link\" href=\"https:\/\/freddymorezon.org\/en\/nos-evenements\/21-09-25-future-folk-stories-episode-cevenol-concert-vison-visu\/\" title=\"Continue reading &lsquo;21.09.25 \/\/ Future Folk Stories \u00e9pisode c\u00e9venol &#8211; Concert Vison Visu&rsquo;\">Continue reading <span class=\"meta-nav\">&rarr;<\/span><\/a><\/p>\n","protected":false},"author":1,"featured_media":0,"parent":10655,"menu_order":0,"comment_status":"closed","ping_status":"closed","template":"page-templates\/full-width.php","meta":{"om_disable_all_campaigns":false,"_monsterinsights_skip_tracking":false,"_monsterinsights_sitenote_active":false,"_monsterinsights_sitenote_note":"","_monsterinsights_sitenote_category":0,"_uf_show_specific_survey":0,"_uf_disable_surveys":false,"footnotes":""},"categories":[1401],"tags":[],"class_list":["post-22530","page","type-page","status-publish","hentry","category-nos-evenements-passes"],"aioseo_notices":[],"yoast_head":"<!-- This site is optimized with the Yoast SEO plugin v27.4 - https:\/\/yoast.com\/product\/yoast-seo-wordpress\/ -->\n<title>21.09.25 \/\/ Future Folk Stories \u00e9pisode c\u00e9venol - Concert Vison Visu | Freddy Morezon<\/title>\n<meta name=\"robots\" content=\"index, follow, max-snippet:-1, max-image-preview:large, max-video-preview:-1\" \/>\n<link rel=\"canonical\" href=\"https:\/\/freddymorezon.org\/nos-evenements\/21-09-25-future-folk-stories-episode-cevenol-concert-vison-visu\/\" \/>\n<meta property=\"og:locale\" content=\"en_US\" \/>\n<meta property=\"og:type\" content=\"article\" \/>\n<meta property=\"og:title\" content=\"21.09.25 \/\/ Future Folk Stories \u00e9pisode c\u00e9venol - Concert Vison Visu | Freddy Morezon\" \/>\n<meta property=\"og:description\" content=\"Dimanche 21 septembre 2025 Chapelle de Conqueyrac dans le cadre de la saison culturelle de la communaut\u00e9 de communes Pi\u00e9mont C\u00e9venol &nbsp; Future Folk Stories \u00e9pisode c\u00e9venol Robin Fincker Mathieu Werchowski &nbsp; Concert de Vison Visu Que ce soit dans le jazz ou dans les musiques de tradition populaire, l\u2019association du saxophone et de l\u2019accord\u00e9on&hellip;Continue reading &rarr;\" \/>\n<meta property=\"og:url\" content=\"https:\/\/freddymorezon.org\/nos-evenements\/21-09-25-future-folk-stories-episode-cevenol-concert-vison-visu\/\" \/>\n<meta property=\"og:site_name\" content=\"Freddy Morezon\" \/>\n<meta property=\"article:publisher\" content=\"https:\/\/www.facebook.com\/freddy.morezon\/\" \/>\n<meta property=\"article:modified_time\" content=\"2025-10-14T09:41:07+00:00\" \/>\n<meta property=\"og:image\" content=\"https:\/\/freddymorezon.org\/wp-content\/uploads\/2016\/02\/mini-logo-header-site2.jpg\" \/>\n\t<meta property=\"og:image:width\" content=\"234\" \/>\n\t<meta property=\"og:image:height\" content=\"174\" \/>\n\t<meta property=\"og:image:type\" content=\"image\/jpeg\" \/>\n<meta name=\"twitter:card\" content=\"summary_large_image\" \/>\n<script type=\"application\/ld+json\" class=\"yoast-schema-graph\">{\"@context\":\"https:\\\/\\\/schema.org\",\"@graph\":[{\"@type\":\"WebPage\",\"@id\":\"https:\\\/\\\/freddymorezon.org\\\/nos-evenements\\\/21-09-25-future-folk-stories-episode-cevenol-concert-vison-visu\\\/\",\"url\":\"https:\\\/\\\/freddymorezon.org\\\/nos-evenements\\\/21-09-25-future-folk-stories-episode-cevenol-concert-vison-visu\\\/\",\"name\":\"21.09.25 \\\/\\\/ Future Folk Stories \u00e9pisode c\u00e9venol - Concert Vison Visu | Freddy Morezon\",\"isPartOf\":{\"@id\":\"https:\\\/\\\/freddymorezon.org\\\/#website\"},\"datePublished\":\"2025-03-24T10:15:09+00:00\",\"dateModified\":\"2025-10-14T09:41:07+00:00\",\"breadcrumb\":{\"@id\":\"https:\\\/\\\/freddymorezon.org\\\/nos-evenements\\\/21-09-25-future-folk-stories-episode-cevenol-concert-vison-visu\\\/#breadcrumb\"},\"inLanguage\":\"en-US\",\"potentialAction\":[{\"@type\":\"ReadAction\",\"target\":[\"https:\\\/\\\/freddymorezon.org\\\/nos-evenements\\\/21-09-25-future-folk-stories-episode-cevenol-concert-vison-visu\\\/\"]}]},{\"@type\":\"BreadcrumbList\",\"@id\":\"https:\\\/\\\/freddymorezon.org\\\/nos-evenements\\\/21-09-25-future-folk-stories-episode-cevenol-concert-vison-visu\\\/#breadcrumb\",\"itemListElement\":[{\"@type\":\"ListItem\",\"position\":1,\"name\":\"Accueil\",\"item\":\"https:\\\/\\\/freddymorezon.org\\\/\"},{\"@type\":\"ListItem\",\"position\":2,\"name\":\"Nos \u00e9v\u00e9nements\",\"item\":\"https:\\\/\\\/freddymorezon.org\\\/nos-evenements\\\/\"},{\"@type\":\"ListItem\",\"position\":3,\"name\":\"21.09.25 \\\/\\\/ Future Folk Stories \u00e9pisode c\u00e9venol &#8211; Concert Vison Visu\"}]},{\"@type\":\"WebSite\",\"@id\":\"https:\\\/\\\/freddymorezon.org\\\/#website\",\"url\":\"https:\\\/\\\/freddymorezon.org\\\/\",\"name\":\"Freddy Morezon\",\"description\":\"jazz - musique improvis\u00e9e - esth\u00e9tiques plurielles\",\"publisher\":{\"@id\":\"https:\\\/\\\/freddymorezon.org\\\/#organization\"},\"potentialAction\":[{\"@type\":\"SearchAction\",\"target\":{\"@type\":\"EntryPoint\",\"urlTemplate\":\"https:\\\/\\\/freddymorezon.org\\\/?s={search_term_string}\"},\"query-input\":{\"@type\":\"PropertyValueSpecification\",\"valueRequired\":true,\"valueName\":\"search_term_string\"}}],\"inLanguage\":\"en-US\"},{\"@type\":\"Organization\",\"@id\":\"https:\\\/\\\/freddymorezon.org\\\/#organization\",\"name\":\"Association Freddy Morezon\",\"url\":\"https:\\\/\\\/freddymorezon.org\\\/\",\"logo\":{\"@type\":\"ImageObject\",\"inLanguage\":\"en-US\",\"@id\":\"https:\\\/\\\/freddymorezon.org\\\/#\\\/schema\\\/logo\\\/image\\\/\",\"url\":\"https:\\\/\\\/freddymorezon.org\\\/wp-content\\\/uploads\\\/2016\\\/02\\\/mini-logo-header-site2.jpg\",\"contentUrl\":\"https:\\\/\\\/freddymorezon.org\\\/wp-content\\\/uploads\\\/2016\\\/02\\\/mini-logo-header-site2.jpg\",\"width\":234,\"height\":174,\"caption\":\"Association Freddy Morezon\"},\"image\":{\"@id\":\"https:\\\/\\\/freddymorezon.org\\\/#\\\/schema\\\/logo\\\/image\\\/\"},\"sameAs\":[\"https:\\\/\\\/www.facebook.com\\\/freddy.morezon\\\/\",\"https:\\\/\\\/www.instagram.com\\\/freddymorezon\\\/\",\"https:\\\/\\\/www.youtube.com\\\/user\\\/freddymorezon\",\"https:\\\/\\\/fr.linkedin.com\\\/company\\\/freddy-morezon-p.r.o.d.\"]}]}<\/script>\n<!-- \/ Yoast SEO plugin. -->","yoast_head_json":{"title":"21.09.25 \/\/ Future Folk Stories \u00e9pisode c\u00e9venol - Concert Vison Visu | Freddy Morezon","robots":{"index":"index","follow":"follow","max-snippet":"max-snippet:-1","max-image-preview":"max-image-preview:large","max-video-preview":"max-video-preview:-1"},"canonical":"https:\/\/freddymorezon.org\/nos-evenements\/21-09-25-future-folk-stories-episode-cevenol-concert-vison-visu\/","og_locale":"en_US","og_type":"article","og_title":"21.09.25 \/\/ Future Folk Stories \u00e9pisode c\u00e9venol - Concert Vison Visu | Freddy Morezon","og_description":"Dimanche 21 septembre 2025 Chapelle de Conqueyrac dans le cadre de la saison culturelle de la communaut\u00e9 de communes Pi\u00e9mont C\u00e9venol &nbsp; Future Folk Stories \u00e9pisode c\u00e9venol Robin Fincker Mathieu Werchowski &nbsp; Concert de Vison Visu Que ce soit dans le jazz ou dans les musiques de tradition populaire, l\u2019association du saxophone et de l\u2019accord\u00e9on&hellip;Continue reading &rarr;","og_url":"https:\/\/freddymorezon.org\/nos-evenements\/21-09-25-future-folk-stories-episode-cevenol-concert-vison-visu\/","og_site_name":"Freddy Morezon","article_publisher":"https:\/\/www.facebook.com\/freddy.morezon\/","article_modified_time":"2025-10-14T09:41:07+00:00","og_image":[{"width":234,"height":174,"url":"https:\/\/freddymorezon.org\/wp-content\/uploads\/2016\/02\/mini-logo-header-site2.jpg","type":"image\/jpeg"}],"twitter_card":"summary_large_image","schema":{"@context":"https:\/\/schema.org","@graph":[{"@type":"WebPage","@id":"https:\/\/freddymorezon.org\/nos-evenements\/21-09-25-future-folk-stories-episode-cevenol-concert-vison-visu\/","url":"https:\/\/freddymorezon.org\/nos-evenements\/21-09-25-future-folk-stories-episode-cevenol-concert-vison-visu\/","name":"21.09.25 \/\/ Future Folk Stories \u00e9pisode c\u00e9venol - Concert Vison Visu | Freddy Morezon","isPartOf":{"@id":"https:\/\/freddymorezon.org\/#website"},"datePublished":"2025-03-24T10:15:09+00:00","dateModified":"2025-10-14T09:41:07+00:00","breadcrumb":{"@id":"https:\/\/freddymorezon.org\/nos-evenements\/21-09-25-future-folk-stories-episode-cevenol-concert-vison-visu\/#breadcrumb"},"inLanguage":"en-US","potentialAction":[{"@type":"ReadAction","target":["https:\/\/freddymorezon.org\/nos-evenements\/21-09-25-future-folk-stories-episode-cevenol-concert-vison-visu\/"]}]},{"@type":"BreadcrumbList","@id":"https:\/\/freddymorezon.org\/nos-evenements\/21-09-25-future-folk-stories-episode-cevenol-concert-vison-visu\/#breadcrumb","itemListElement":[{"@type":"ListItem","position":1,"name":"Accueil","item":"https:\/\/freddymorezon.org\/"},{"@type":"ListItem","position":2,"name":"Nos \u00e9v\u00e9nements","item":"https:\/\/freddymorezon.org\/nos-evenements\/"},{"@type":"ListItem","position":3,"name":"21.09.25 \/\/ Future Folk Stories \u00e9pisode c\u00e9venol &#8211; Concert Vison Visu"}]},{"@type":"WebSite","@id":"https:\/\/freddymorezon.org\/#website","url":"https:\/\/freddymorezon.org\/","name":"Freddy Morezon","description":"jazz - musique improvis\u00e9e - esth\u00e9tiques plurielles","publisher":{"@id":"https:\/\/freddymorezon.org\/#organization"},"potentialAction":[{"@type":"SearchAction","target":{"@type":"EntryPoint","urlTemplate":"https:\/\/freddymorezon.org\/?s={search_term_string}"},"query-input":{"@type":"PropertyValueSpecification","valueRequired":true,"valueName":"search_term_string"}}],"inLanguage":"en-US"},{"@type":"Organization","@id":"https:\/\/freddymorezon.org\/#organization","name":"Association Freddy Morezon","url":"https:\/\/freddymorezon.org\/","logo":{"@type":"ImageObject","inLanguage":"en-US","@id":"https:\/\/freddymorezon.org\/#\/schema\/logo\/image\/","url":"https:\/\/freddymorezon.org\/wp-content\/uploads\/2016\/02\/mini-logo-header-site2.jpg","contentUrl":"https:\/\/freddymorezon.org\/wp-content\/uploads\/2016\/02\/mini-logo-header-site2.jpg","width":234,"height":174,"caption":"Association Freddy Morezon"},"image":{"@id":"https:\/\/freddymorezon.org\/#\/schema\/logo\/image\/"},"sameAs":["https:\/\/www.facebook.com\/freddy.morezon\/","https:\/\/www.instagram.com\/freddymorezon\/","https:\/\/www.youtube.com\/user\/freddymorezon","https:\/\/fr.linkedin.com\/company\/freddy-morezon-p.r.o.d."]}]}},"_links":{"self":[{"href":"https:\/\/freddymorezon.org\/en\/wp-json\/wp\/v2\/pages\/22530","targetHints":{"allow":["GET"]}}],"collection":[{"href":"https:\/\/freddymorezon.org\/en\/wp-json\/wp\/v2\/pages"}],"about":[{"href":"https:\/\/freddymorezon.org\/en\/wp-json\/wp\/v2\/types\/page"}],"author":[{"embeddable":true,"href":"https:\/\/freddymorezon.org\/en\/wp-json\/wp\/v2\/users\/1"}],"replies":[{"embeddable":true,"href":"https:\/\/freddymorezon.org\/en\/wp-json\/wp\/v2\/comments?post=22530"}],"version-history":[{"count":14,"href":"https:\/\/freddymorezon.org\/en\/wp-json\/wp\/v2\/pages\/22530\/revisions"}],"predecessor-version":[{"id":22540,"href":"https:\/\/freddymorezon.org\/en\/wp-json\/wp\/v2\/pages\/22530\/revisions\/22540"}],"up":[{"embeddable":true,"href":"https:\/\/freddymorezon.org\/en\/wp-json\/wp\/v2\/pages\/10655"}],"wp:attachment":[{"href":"https:\/\/freddymorezon.org\/en\/wp-json\/wp\/v2\/media?parent=22530"}],"wp:term":[{"taxonomy":"category","embeddable":true,"href":"https:\/\/freddymorezon.org\/en\/wp-json\/wp\/v2\/categories?post=22530"},{"taxonomy":"post_tag","embeddable":true,"href":"https:\/\/freddymorezon.org\/en\/wp-json\/wp\/v2\/tags?post=22530"}],"curies":[{"name":"wp","href":"https:\/\/api.w.org\/{rel}","templated":true}]}}