
{"id":22539,"date":"2025-03-23T12:32:00","date_gmt":"2025-03-23T10:32:00","guid":{"rendered":"https:\/\/freddymorezon.org\/?page_id=22539"},"modified":"2025-09-15T14:42:59","modified_gmt":"2025-09-15T12:42:59","slug":"30-08-2025-future-folk-stories-episode-cevenol-21","status":"publish","type":"page","link":"https:\/\/freddymorezon.org\/en\/nos-evenements\/30-08-2025-future-folk-stories-episode-cevenol-21\/","title":{"rendered":"30.08.2025 \/\/ Future Folk Stories \u00e9pisode c\u00e9venol &#8211; 2 + une"},"content":{"rendered":"<div id=\"pl-22539\"  class=\"panel-layout\" ><div id=\"pg-22539-0\"  class=\"panel-grid panel-no-style\" ><div id=\"pgc-22539-0-0\"  class=\"panel-grid-cell\" ><div id=\"panel-22539-0-0-0\" class=\"so-panel widget widget_sow-image panel-first-child\" data-index=\"0\" ><div\n\t\t\t\n\t\t\tclass=\"so-widget-sow-image so-widget-sow-image-default-8b5b6f678277-22539\"\n\t\t\t\n\t\t>\n<div class=\"sow-image-container\">\n\t\t<img \n\tsrc=\"https:\/\/freddymorezon.org\/wp-content\/uploads\/2025\/04\/Fincker-x-Werchowski-400x400.png\" width=\"400\" height=\"400\" srcset=\"https:\/\/freddymorezon.org\/wp-content\/uploads\/2025\/04\/Fincker-x-Werchowski-400x400.png 400w, https:\/\/freddymorezon.org\/wp-content\/uploads\/2025\/04\/Fincker-x-Werchowski-800x800.png 800w, https:\/\/freddymorezon.org\/wp-content\/uploads\/2025\/04\/Fincker-x-Werchowski-150x150.png 150w, https:\/\/freddymorezon.org\/wp-content\/uploads\/2025\/04\/Fincker-x-Werchowski-100x100.png 100w, https:\/\/freddymorezon.org\/wp-content\/uploads\/2025\/04\/Fincker-x-Werchowski-300x300.png 300w, https:\/\/freddymorezon.org\/wp-content\/uploads\/2025\/04\/Fincker-x-Werchowski.png 1080w\" sizes=\"(max-width: 400px) 100vw, 400px\" title=\"Fincker x Werchowski\" alt=\"\" \t\tclass=\"so-widget-image\"\/>\n\t<\/div>\n\n<\/div><\/div><div id=\"panel-22539-0-0-1\" class=\"so-panel widget widget_sow-headline\" data-index=\"1\" ><div\n\t\t\t\n\t\t\tclass=\"so-widget-sow-headline so-widget-sow-headline-default-33958b114544-22539\"\n\t\t\t\n\t\t><div class=\"sow-headline-container \">\n\t\t\t\t\t\t<div class=\"decoration\">\n\t\t\t\t\t\t<div class=\"decoration-inside\"><\/div>\n\t\t\t\t\t<\/div>\n\t\t\t\t\t<\/div>\n<\/div><\/div><div id=\"panel-22539-0-0-2\" class=\"so-panel widget widget_sow-editor\" data-index=\"2\" ><div\n\t\t\t\n\t\t\tclass=\"so-widget-sow-editor so-widget-sow-editor-base\"\n\t\t\t\n\t\t><h3 class=\"widget-title\">INFOS PRATIQUES<\/h3>\n<div class=\"siteorigin-widget-tinymce textwidget\">\n\t<p><strong>30 ao\u00fbt 2025<br \/>\n<\/strong>Monoblet<br \/>\nDans le cadre du Festival Monomaniax<\/p>\n<p>&nbsp;<\/p>\n<\/div>\n<\/div><\/div><div id=\"panel-22539-0-0-3\" class=\"so-panel widget widget_sow-button\" data-index=\"3\" ><div\n\t\t\t\n\t\t\tclass=\"so-widget-sow-button so-widget-sow-button-flat-a657a074bb6d-22539\"\n\t\t\t\n\t\t><div class=\"ow-button-base ow-button-align-left\"\n>\n\t\t\t<a\n\t\t\t\t\thref=\"https:\/\/www.monomaniax.fr\/programmation-2025\"\n\t\t\t\t\tclass=\"sowb-button ow-icon-placement-left ow-button-hover\" \t>\n\t\t<span>\n\t\t\t\n\t\t\t+ D'INFOS\t\t<\/span>\n\t\t\t<\/a>\n\t<\/div>\n<\/div><\/div><div id=\"panel-22539-0-0-4\" class=\"so-panel widget widget_sow-headline\" data-index=\"4\" ><div\n\t\t\t\n\t\t\tclass=\"so-widget-sow-headline so-widget-sow-headline-default-33958b114544-22539\"\n\t\t\t\n\t\t><div class=\"sow-headline-container \">\n\t\t\t\t\t\t<div class=\"decoration\">\n\t\t\t\t\t\t<div class=\"decoration-inside\"><\/div>\n\t\t\t\t\t<\/div>\n\t\t\t\t\t<\/div>\n<\/div><\/div><div id=\"panel-22539-0-0-5\" class=\"so-panel widget widget_sow-editor\" data-index=\"5\" ><div\n\t\t\t\n\t\t\tclass=\"so-widget-sow-editor so-widget-sow-editor-base\"\n\t\t\t\n\t\t><h3 class=\"widget-title\">LIENS<\/h3>\n<div class=\"siteorigin-widget-tinymce textwidget\">\n\t<p><a href=\"https:\/\/freddymorezon.org\/catalogue\/future-folk-stories\/future-folk-stories-episode-cevenol\/\">Future Folk Stories \u00e9pisode c\u00e9venol<\/a><br \/>\n<a href=\"https:\/\/freddymorezon.org\/artistes\/robin-fincker\/\">Robin Fincker<\/a><br \/>\n<a href=\"https:\/\/freddymorezon.org\/artistes\/mathieu-werchowski\/\">Mathieu Werchowski<\/a><br \/>\n<a href=\"https:\/\/modal-media.com\/artiste\/lucile-marsac\/\">Lucile Marsac<\/a><\/p>\n<p><a href=\"https:\/\/freddymorezon.org\/future-folk-stories-2-1\/\">Future Folks Stories - 2+1<\/a><\/p>\n<\/div>\n<\/div><\/div><div id=\"panel-22539-0-0-6\" class=\"so-panel widget widget_sow-button\" data-index=\"6\" ><div\n\t\t\t\n\t\t\tclass=\"so-widget-sow-button so-widget-sow-button-flat-a657a074bb6d-22539\"\n\t\t\t\n\t\t><div class=\"ow-button-base ow-button-align-left\"\n>\n\t\t\t<a\n\t\t\t\t\thref=\"https:\/\/freddymorezon.org\/nos-evenements\/\"\n\t\t\t\t\tclass=\"sowb-button ow-icon-placement-left ow-button-hover\" \t>\n\t\t<span>\n\t\t\t\n\t\t\tRetour \u00e0 la page \u00c9v\u00e9nements\t\t<\/span>\n\t\t\t<\/a>\n\t<\/div>\n<\/div><\/div><div id=\"panel-22539-0-0-7\" class=\"so-panel widget widget_sow-button panel-last-child\" data-index=\"7\" ><div\n\t\t\t\n\t\t\tclass=\"so-widget-sow-button so-widget-sow-button-flat-a657a074bb6d-22539\"\n\t\t\t\n\t\t><div class=\"ow-button-base ow-button-align-left\"\n>\n\t\t\t<a\n\t\t\t\t\thref=\"https:\/\/freddymorezon.org\/catalogue\/future-folk-stories\/future-folk-stories-episode-cevenol\/\"\n\t\t\t\t\tclass=\"sowb-button ow-icon-placement-left ow-button-hover\" \t>\n\t\t<span>\n\t\t\t\n\t\t\tRetour \u00e0 la page \u00c9pisode c\u00e9venol\t\t<\/span>\n\t\t\t<\/a>\n\t<\/div>\n<\/div><\/div><\/div><div id=\"pgc-22539-0-1\"  class=\"panel-grid-cell\" ><div id=\"panel-22539-0-1-0\" class=\"so-panel widget widget_sow-headline panel-first-child\" data-index=\"8\" ><div\n\t\t\t\n\t\t\tclass=\"so-widget-sow-headline so-widget-sow-headline-default-508968b69ea9-22539\"\n\t\t\t\n\t\t><div class=\"sow-headline-container \">\n\t\t\t\t\t\t\t<h2 class=\"sow-headline\">\n\t\t\t\t\t\tFUTURE FOLK STORIES \u00e9pisode c\u00e9venol - 2 + une avec Lucile Marsac\t\t\t\t\t\t<\/h2>\n\t\t\t\t\t\t\t\t\t\t\t<div class=\"decoration\">\n\t\t\t\t\t\t<div class=\"decoration-inside\"><\/div>\n\t\t\t\t\t<\/div>\n\t\t\t\t\t<\/div>\n<\/div><\/div><div id=\"panel-22539-0-1-1\" class=\"so-panel widget widget_sow-editor\" data-index=\"9\" ><div\n\t\t\t\n\t\t\tclass=\"so-widget-sow-editor so-widget-sow-editor-base\"\n\t\t\t\n\t\t>\n<div class=\"siteorigin-widget-tinymce textwidget\">\n\t<div id=\"panel-20160-0-1-2\" class=\"so-panel widget widget_sow-editor panel-last-child\" data-index=\"10\">\n<div class=\"so-widget-sow-editor so-widget-sow-editor-base\">\n<div class=\"siteorigin-widget-tinymce textwidget\">\n<p><strong>Future Folk Stories 2 + une <\/strong>est un dispositif lorgnant du c\u00f4t\u00e9 d\u2019un documentaire de cr\u00e9ation, mais jou\u00e9 en live, dont les recoins abritent diff\u00e9rents espaces de sons et de paroles esquissant les contours d\u2019une folk fantasmagorique.<br \/>\nPort\u00e9 par le saxophoniste Robin Fincker et le violoniste Mathieu Werchowski, ce concert s\u2019ancre sur<br \/>\nl\u2019enregistrement de paroles glan\u00e9es par le biais de rencontres individuelles ou collectives men\u00e9e depuis un ans dans le cadre de l'\u00e9pisode c\u00e9venol des Future Folk Stories<br \/>\n\u00c0 partir de ces \u00e9changes enregistr\u00e9s autour de Monoblet,\u00a0 les deux artistes ont compos\u00e9 une pi\u00e8ce polyphonique de voix-mondes, sertie dans un<br \/>\n\u00e9crin de mati\u00e8res instrumentales et \u00e9lectroniques. Cette composition devient la trame sonore d'une performance unique o\u00f9 les voix collect\u00e9es se m\u00ealent \u00e0 l\u2019improvisation et \u00e0 la rencontre avec une musicienne invit\u00e9e du territoire travers\u00e9.<\/p>\n<p>Un espace qui peut se d\u00e9plier comme une cartographie mettant en pr\u00e9sence des paroles collect\u00e9es<br \/>\nautour de la notion de tradition : d\u2019o\u00f9 vient-elle ? En avons-nous des intimes ou personnelles ? En<br \/>\ncr\u00e9ons-nous avec nos cercles de proches ? Quelles seront-elles dans le futur ? Et d\u2019ailleurs, qu\u2019est-ce<br \/>\nqu\u2019on aimerait garder pour plus tard qui en vaille vraiment la peine ?<\/p>\n<\/div>\n<p><span class=\"css-1q1joro\">Depuis plus de quinze ans, <strong>Lucile Marsac<\/strong> explore l\u2019univers des musiques de tradition orale et des musiques a\u0300 danser. Son jeu, \u00e9nergique et cr\u00e9atif, s\u2019impr\u00e8gne de nombreuses rencontres dont celles avec Christian Pacher, Basile Br\u00e9maud, Jean-Marc Delaunay et Jean-Fran\u00e7ois Vrod.<\/span><\/p>\n<\/div>\n<h3>Distribution<\/h3>\n<p><strong>Lucie Marsac <\/strong>quinton, violon, chant, pieds<br \/>\n<strong>Robin Fincker<\/strong> saxophone t\u00e9nor<br \/>\n<strong>Mathieu Werchowski<\/strong> violon, machines<\/p>\n<div class=\"so-widget-sow-editor so-widget-sow-editor-base\"><\/div>\n<\/div>\n<\/div>\n<\/div><\/div><div id=\"panel-22539-0-1-2\" class=\"so-panel widget widget_sow-image panel-last-child\" data-index=\"10\" ><div\n\t\t\t\n\t\t\tclass=\"so-widget-sow-image so-widget-sow-image-default-8b5b6f678277-22539\"\n\t\t\t\n\t\t>\n<div class=\"sow-image-container\">\n\t\t<img \n\tsrc=\"https:\/\/freddymorezon.org\/wp-content\/uploads\/2025\/07\/Lucile-Marsac-NB-2048x1365-1.jpg\" width=\"2048\" height=\"1365\" srcset=\"https:\/\/freddymorezon.org\/wp-content\/uploads\/2025\/07\/Lucile-Marsac-NB-2048x1365-1.jpg 2048w, https:\/\/freddymorezon.org\/wp-content\/uploads\/2025\/07\/Lucile-Marsac-NB-2048x1365-1-800x533.jpg 800w, https:\/\/freddymorezon.org\/wp-content\/uploads\/2025\/07\/Lucile-Marsac-NB-2048x1365-1-1536x1024.jpg 1536w, https:\/\/freddymorezon.org\/wp-content\/uploads\/2025\/07\/Lucile-Marsac-NB-2048x1365-1-300x200.jpg 300w, https:\/\/freddymorezon.org\/wp-content\/uploads\/2025\/07\/Lucile-Marsac-NB-2048x1365-1-400x267.jpg 400w, https:\/\/freddymorezon.org\/wp-content\/uploads\/2025\/07\/Lucile-Marsac-NB-2048x1365-1-272x182.jpg 272w\" sizes=\"(max-width: 2048px) 100vw, 2048px\" title=\"Lucile-Marsac-NB-2048&#215;1365\" alt=\"\" \t\tclass=\"so-widget-image\"\/>\n\t<\/div>\n\n<\/div><\/div><\/div><\/div><\/div>","protected":false},"excerpt":{"rendered":"<p>30 ao\u00fbt 2025 Monoblet Dans le cadre du Festival Monomaniax &nbsp; Future Folk Stories \u00e9pisode c\u00e9venol Robin Fincker Mathieu Werchowski Lucile Marsac Future Folks Stories &#8211; 2+1 Future Folk Stories 2 + une est un dispositif lorgnant du c\u00f4t\u00e9 d\u2019un documentaire de cr\u00e9ation, mais jou\u00e9 en live, dont les recoins abritent diff\u00e9rents espaces de sons&hellip;<\/p>\n<p><a class=\"more-link\" href=\"https:\/\/freddymorezon.org\/en\/nos-evenements\/30-08-2025-future-folk-stories-episode-cevenol-21\/\" title=\"Continue reading &lsquo;30.08.2025 \/\/ Future Folk Stories \u00e9pisode c\u00e9venol &#8211; 2 + une&rsquo;\">Continue reading <span class=\"meta-nav\">&rarr;<\/span><\/a><\/p>\n","protected":false},"author":1,"featured_media":0,"parent":10655,"menu_order":0,"comment_status":"closed","ping_status":"closed","template":"page-templates\/full-width.php","meta":{"om_disable_all_campaigns":false,"_monsterinsights_skip_tracking":false,"_monsterinsights_sitenote_active":false,"_monsterinsights_sitenote_note":"","_monsterinsights_sitenote_category":0,"_uf_show_specific_survey":0,"_uf_disable_surveys":false,"footnotes":""},"categories":[1401],"tags":[],"class_list":["post-22539","page","type-page","status-publish","hentry","category-nos-evenements-passes"],"aioseo_notices":[],"yoast_head":"<!-- This site is optimized with the Yoast SEO plugin v27.3 - https:\/\/yoast.com\/product\/yoast-seo-wordpress\/ -->\n<title>30.08.2025 \/\/ Future Folk Stories \u00e9pisode c\u00e9venol - 2 + une | Freddy Morezon<\/title>\n<meta name=\"robots\" content=\"index, follow, max-snippet:-1, max-image-preview:large, max-video-preview:-1\" \/>\n<link rel=\"canonical\" href=\"https:\/\/freddymorezon.org\/nos-evenements\/30-08-2025-future-folk-stories-episode-cevenol-21\/\" \/>\n<meta property=\"og:locale\" content=\"en_US\" \/>\n<meta property=\"og:type\" content=\"article\" \/>\n<meta property=\"og:title\" content=\"30.08.2025 \/\/ Future Folk Stories \u00e9pisode c\u00e9venol - 2 + une | Freddy Morezon\" \/>\n<meta property=\"og:description\" content=\"30 ao\u00fbt 2025 Monoblet Dans le cadre du Festival Monomaniax &nbsp; Future Folk Stories \u00e9pisode c\u00e9venol Robin Fincker Mathieu Werchowski Lucile Marsac Future Folks Stories - 2+1 Future Folk Stories 2 + une est un dispositif lorgnant du c\u00f4t\u00e9 d\u2019un documentaire de cr\u00e9ation, mais jou\u00e9 en live, dont les recoins abritent diff\u00e9rents espaces de sons&hellip;Continue reading &rarr;\" \/>\n<meta property=\"og:url\" content=\"https:\/\/freddymorezon.org\/nos-evenements\/30-08-2025-future-folk-stories-episode-cevenol-21\/\" \/>\n<meta property=\"og:site_name\" content=\"Freddy Morezon\" \/>\n<meta property=\"article:publisher\" content=\"https:\/\/www.facebook.com\/freddy.morezon\/\" \/>\n<meta property=\"article:modified_time\" content=\"2025-09-15T12:42:59+00:00\" \/>\n<meta property=\"og:image\" content=\"https:\/\/freddymorezon.org\/wp-content\/uploads\/2016\/02\/mini-logo-header-site2.jpg\" \/>\n\t<meta property=\"og:image:width\" content=\"234\" \/>\n\t<meta property=\"og:image:height\" content=\"174\" \/>\n\t<meta property=\"og:image:type\" content=\"image\/jpeg\" \/>\n<meta name=\"twitter:card\" content=\"summary_large_image\" \/>\n<script type=\"application\/ld+json\" class=\"yoast-schema-graph\">{\"@context\":\"https:\\\/\\\/schema.org\",\"@graph\":[{\"@type\":\"WebPage\",\"@id\":\"https:\\\/\\\/freddymorezon.org\\\/nos-evenements\\\/30-08-2025-future-folk-stories-episode-cevenol-21\\\/\",\"url\":\"https:\\\/\\\/freddymorezon.org\\\/nos-evenements\\\/30-08-2025-future-folk-stories-episode-cevenol-21\\\/\",\"name\":\"30.08.2025 \\\/\\\/ Future Folk Stories \u00e9pisode c\u00e9venol - 2 + une | Freddy Morezon\",\"isPartOf\":{\"@id\":\"https:\\\/\\\/freddymorezon.org\\\/#website\"},\"datePublished\":\"2025-03-23T10:32:00+00:00\",\"dateModified\":\"2025-09-15T12:42:59+00:00\",\"breadcrumb\":{\"@id\":\"https:\\\/\\\/freddymorezon.org\\\/nos-evenements\\\/30-08-2025-future-folk-stories-episode-cevenol-21\\\/#breadcrumb\"},\"inLanguage\":\"en-US\",\"potentialAction\":[{\"@type\":\"ReadAction\",\"target\":[\"https:\\\/\\\/freddymorezon.org\\\/nos-evenements\\\/30-08-2025-future-folk-stories-episode-cevenol-21\\\/\"]}]},{\"@type\":\"BreadcrumbList\",\"@id\":\"https:\\\/\\\/freddymorezon.org\\\/nos-evenements\\\/30-08-2025-future-folk-stories-episode-cevenol-21\\\/#breadcrumb\",\"itemListElement\":[{\"@type\":\"ListItem\",\"position\":1,\"name\":\"Accueil\",\"item\":\"https:\\\/\\\/freddymorezon.org\\\/\"},{\"@type\":\"ListItem\",\"position\":2,\"name\":\"Nos \u00e9v\u00e9nements\",\"item\":\"https:\\\/\\\/freddymorezon.org\\\/nos-evenements\\\/\"},{\"@type\":\"ListItem\",\"position\":3,\"name\":\"30.08.2025 \\\/\\\/ Future Folk Stories \u00e9pisode c\u00e9venol &#8211; 2 + une\"}]},{\"@type\":\"WebSite\",\"@id\":\"https:\\\/\\\/freddymorezon.org\\\/#website\",\"url\":\"https:\\\/\\\/freddymorezon.org\\\/\",\"name\":\"Freddy Morezon\",\"description\":\"jazz - musique improvis\u00e9e - esth\u00e9tiques plurielles\",\"publisher\":{\"@id\":\"https:\\\/\\\/freddymorezon.org\\\/#organization\"},\"potentialAction\":[{\"@type\":\"SearchAction\",\"target\":{\"@type\":\"EntryPoint\",\"urlTemplate\":\"https:\\\/\\\/freddymorezon.org\\\/?s={search_term_string}\"},\"query-input\":{\"@type\":\"PropertyValueSpecification\",\"valueRequired\":true,\"valueName\":\"search_term_string\"}}],\"inLanguage\":\"en-US\"},{\"@type\":\"Organization\",\"@id\":\"https:\\\/\\\/freddymorezon.org\\\/#organization\",\"name\":\"Association Freddy Morezon\",\"url\":\"https:\\\/\\\/freddymorezon.org\\\/\",\"logo\":{\"@type\":\"ImageObject\",\"inLanguage\":\"en-US\",\"@id\":\"https:\\\/\\\/freddymorezon.org\\\/#\\\/schema\\\/logo\\\/image\\\/\",\"url\":\"https:\\\/\\\/freddymorezon.org\\\/wp-content\\\/uploads\\\/2016\\\/02\\\/mini-logo-header-site2.jpg\",\"contentUrl\":\"https:\\\/\\\/freddymorezon.org\\\/wp-content\\\/uploads\\\/2016\\\/02\\\/mini-logo-header-site2.jpg\",\"width\":234,\"height\":174,\"caption\":\"Association Freddy Morezon\"},\"image\":{\"@id\":\"https:\\\/\\\/freddymorezon.org\\\/#\\\/schema\\\/logo\\\/image\\\/\"},\"sameAs\":[\"https:\\\/\\\/www.facebook.com\\\/freddy.morezon\\\/\",\"https:\\\/\\\/www.instagram.com\\\/freddymorezon\\\/\",\"https:\\\/\\\/www.youtube.com\\\/user\\\/freddymorezon\",\"https:\\\/\\\/fr.linkedin.com\\\/company\\\/freddy-morezon-p.r.o.d.\"]}]}<\/script>\n<!-- \/ Yoast SEO plugin. -->","yoast_head_json":{"title":"30.08.2025 \/\/ Future Folk Stories \u00e9pisode c\u00e9venol - 2 + une | Freddy Morezon","robots":{"index":"index","follow":"follow","max-snippet":"max-snippet:-1","max-image-preview":"max-image-preview:large","max-video-preview":"max-video-preview:-1"},"canonical":"https:\/\/freddymorezon.org\/nos-evenements\/30-08-2025-future-folk-stories-episode-cevenol-21\/","og_locale":"en_US","og_type":"article","og_title":"30.08.2025 \/\/ Future Folk Stories \u00e9pisode c\u00e9venol - 2 + une | Freddy Morezon","og_description":"30 ao\u00fbt 2025 Monoblet Dans le cadre du Festival Monomaniax &nbsp; Future Folk Stories \u00e9pisode c\u00e9venol Robin Fincker Mathieu Werchowski Lucile Marsac Future Folks Stories - 2+1 Future Folk Stories 2 + une est un dispositif lorgnant du c\u00f4t\u00e9 d\u2019un documentaire de cr\u00e9ation, mais jou\u00e9 en live, dont les recoins abritent diff\u00e9rents espaces de sons&hellip;Continue reading &rarr;","og_url":"https:\/\/freddymorezon.org\/nos-evenements\/30-08-2025-future-folk-stories-episode-cevenol-21\/","og_site_name":"Freddy Morezon","article_publisher":"https:\/\/www.facebook.com\/freddy.morezon\/","article_modified_time":"2025-09-15T12:42:59+00:00","og_image":[{"width":234,"height":174,"url":"https:\/\/freddymorezon.org\/wp-content\/uploads\/2016\/02\/mini-logo-header-site2.jpg","type":"image\/jpeg"}],"twitter_card":"summary_large_image","schema":{"@context":"https:\/\/schema.org","@graph":[{"@type":"WebPage","@id":"https:\/\/freddymorezon.org\/nos-evenements\/30-08-2025-future-folk-stories-episode-cevenol-21\/","url":"https:\/\/freddymorezon.org\/nos-evenements\/30-08-2025-future-folk-stories-episode-cevenol-21\/","name":"30.08.2025 \/\/ Future Folk Stories \u00e9pisode c\u00e9venol - 2 + une | Freddy Morezon","isPartOf":{"@id":"https:\/\/freddymorezon.org\/#website"},"datePublished":"2025-03-23T10:32:00+00:00","dateModified":"2025-09-15T12:42:59+00:00","breadcrumb":{"@id":"https:\/\/freddymorezon.org\/nos-evenements\/30-08-2025-future-folk-stories-episode-cevenol-21\/#breadcrumb"},"inLanguage":"en-US","potentialAction":[{"@type":"ReadAction","target":["https:\/\/freddymorezon.org\/nos-evenements\/30-08-2025-future-folk-stories-episode-cevenol-21\/"]}]},{"@type":"BreadcrumbList","@id":"https:\/\/freddymorezon.org\/nos-evenements\/30-08-2025-future-folk-stories-episode-cevenol-21\/#breadcrumb","itemListElement":[{"@type":"ListItem","position":1,"name":"Accueil","item":"https:\/\/freddymorezon.org\/"},{"@type":"ListItem","position":2,"name":"Nos \u00e9v\u00e9nements","item":"https:\/\/freddymorezon.org\/nos-evenements\/"},{"@type":"ListItem","position":3,"name":"30.08.2025 \/\/ Future Folk Stories \u00e9pisode c\u00e9venol &#8211; 2 + une"}]},{"@type":"WebSite","@id":"https:\/\/freddymorezon.org\/#website","url":"https:\/\/freddymorezon.org\/","name":"Freddy Morezon","description":"jazz - musique improvis\u00e9e - esth\u00e9tiques plurielles","publisher":{"@id":"https:\/\/freddymorezon.org\/#organization"},"potentialAction":[{"@type":"SearchAction","target":{"@type":"EntryPoint","urlTemplate":"https:\/\/freddymorezon.org\/?s={search_term_string}"},"query-input":{"@type":"PropertyValueSpecification","valueRequired":true,"valueName":"search_term_string"}}],"inLanguage":"en-US"},{"@type":"Organization","@id":"https:\/\/freddymorezon.org\/#organization","name":"Association Freddy Morezon","url":"https:\/\/freddymorezon.org\/","logo":{"@type":"ImageObject","inLanguage":"en-US","@id":"https:\/\/freddymorezon.org\/#\/schema\/logo\/image\/","url":"https:\/\/freddymorezon.org\/wp-content\/uploads\/2016\/02\/mini-logo-header-site2.jpg","contentUrl":"https:\/\/freddymorezon.org\/wp-content\/uploads\/2016\/02\/mini-logo-header-site2.jpg","width":234,"height":174,"caption":"Association Freddy Morezon"},"image":{"@id":"https:\/\/freddymorezon.org\/#\/schema\/logo\/image\/"},"sameAs":["https:\/\/www.facebook.com\/freddy.morezon\/","https:\/\/www.instagram.com\/freddymorezon\/","https:\/\/www.youtube.com\/user\/freddymorezon","https:\/\/fr.linkedin.com\/company\/freddy-morezon-p.r.o.d."]}]}},"_links":{"self":[{"href":"https:\/\/freddymorezon.org\/en\/wp-json\/wp\/v2\/pages\/22539","targetHints":{"allow":["GET"]}}],"collection":[{"href":"https:\/\/freddymorezon.org\/en\/wp-json\/wp\/v2\/pages"}],"about":[{"href":"https:\/\/freddymorezon.org\/en\/wp-json\/wp\/v2\/types\/page"}],"author":[{"embeddable":true,"href":"https:\/\/freddymorezon.org\/en\/wp-json\/wp\/v2\/users\/1"}],"replies":[{"embeddable":true,"href":"https:\/\/freddymorezon.org\/en\/wp-json\/wp\/v2\/comments?post=22539"}],"version-history":[{"count":12,"href":"https:\/\/freddymorezon.org\/en\/wp-json\/wp\/v2\/pages\/22539\/revisions"}],"predecessor-version":[{"id":23550,"href":"https:\/\/freddymorezon.org\/en\/wp-json\/wp\/v2\/pages\/22539\/revisions\/23550"}],"up":[{"embeddable":true,"href":"https:\/\/freddymorezon.org\/en\/wp-json\/wp\/v2\/pages\/10655"}],"wp:attachment":[{"href":"https:\/\/freddymorezon.org\/en\/wp-json\/wp\/v2\/media?parent=22539"}],"wp:term":[{"taxonomy":"category","embeddable":true,"href":"https:\/\/freddymorezon.org\/en\/wp-json\/wp\/v2\/categories?post=22539"},{"taxonomy":"post_tag","embeddable":true,"href":"https:\/\/freddymorezon.org\/en\/wp-json\/wp\/v2\/tags?post=22539"}],"curies":[{"name":"wp","href":"https:\/\/api.w.org\/{rel}","templated":true}]}}