
{"id":22685,"date":"2025-03-22T18:40:03","date_gmt":"2025-03-22T16:40:03","guid":{"rendered":"https:\/\/freddymorezon.org\/?page_id=22685"},"modified":"2025-06-05T10:36:41","modified_gmt":"2025-06-05T08:36:41","slug":"04-06-2025-court-circuit-topographier-la-cooperation","status":"publish","type":"page","link":"https:\/\/freddymorezon.org\/en\/nos-evenements\/04-06-2025-court-circuit-topographier-la-cooperation\/","title":{"rendered":"04.06.2025 \/\/ COURT-CIRCUIT &#8211; Topographier la coop\u00e9ration"},"content":{"rendered":"<div id=\"pl-22685\"  class=\"panel-layout\" ><div id=\"pg-22685-0\"  class=\"panel-grid panel-no-style\" ><div id=\"pgc-22685-0-0\"  class=\"panel-grid-cell\" ><div id=\"panel-22685-0-0-0\" class=\"so-panel widget widget_sow-image panel-first-child\" data-index=\"0\" ><div\n\t\t\t\n\t\t\tclass=\"so-widget-sow-image so-widget-sow-image-default-8b5b6f678277-22685\"\n\t\t\t\n\t\t>\n<div class=\"sow-image-container\">\n\t\t<img \n\tsrc=\"https:\/\/freddymorezon.org\/wp-content\/uploads\/2025\/04\/Vignette-Court-Circuit.png\" width=\"1080\" height=\"1080\" srcset=\"https:\/\/freddymorezon.org\/wp-content\/uploads\/2025\/04\/Vignette-Court-Circuit.png 1080w, https:\/\/freddymorezon.org\/wp-content\/uploads\/2025\/04\/Vignette-Court-Circuit-800x800.png 800w, https:\/\/freddymorezon.org\/wp-content\/uploads\/2025\/04\/Vignette-Court-Circuit-150x150.png 150w, https:\/\/freddymorezon.org\/wp-content\/uploads\/2025\/04\/Vignette-Court-Circuit-400x400.png 400w, https:\/\/freddymorezon.org\/wp-content\/uploads\/2025\/04\/Vignette-Court-Circuit-100x100.png 100w, https:\/\/freddymorezon.org\/wp-content\/uploads\/2025\/04\/Vignette-Court-Circuit-300x300.png 300w\" sizes=\"(max-width: 1080px) 100vw, 1080px\" title=\"Vignette Court-Circuit\" alt=\"\" \t\tclass=\"so-widget-image\"\/>\n\t<\/div>\n\n<\/div><\/div><div id=\"panel-22685-0-0-1\" class=\"so-panel widget widget_sow-headline\" data-index=\"1\" ><div\n\t\t\t\n\t\t\tclass=\"so-widget-sow-headline so-widget-sow-headline-default-33958b114544-22685\"\n\t\t\t\n\t\t><div class=\"sow-headline-container \">\n\t\t\t\t\t\t<div class=\"decoration\">\n\t\t\t\t\t\t<div class=\"decoration-inside\"><\/div>\n\t\t\t\t\t<\/div>\n\t\t\t\t\t<\/div>\n<\/div><\/div><div id=\"panel-22685-0-0-2\" class=\"so-panel widget widget_sow-editor\" data-index=\"2\" ><div\n\t\t\t\n\t\t\tclass=\"so-widget-sow-editor so-widget-sow-editor-base\"\n\t\t\t\n\t\t><h3 class=\"widget-title\">INFOS PRATIQUES<\/h3>\n<div class=\"siteorigin-widget-tinymce textwidget\">\n\t<p>Mercredi 4 juin<br \/>\nde 16h \u00e0 19h<br \/>\nM\u00e9diath\u00e8que Le Grand M, Toulouse<br \/>\nParticipation gratuite<\/p>\n<p>16h-18h - Atelier<br \/>\n18h - Concert de Mister Bishop<\/p>\n<p><b>Inscription et contact<\/b><br \/>\nPour toute question ou pour vous inscrire, merci d\u2019\u00e9crire \u00e0 Alexandra Cirotteau,\u00a0<a class=\"moz-txt-link-abbreviated\" href=\"mailto:alexandra@freddymorezon.org\">alexandra@freddymorezon.org<\/a><strong><br \/>\n<\/strong><\/p>\n<\/div>\n<\/div><\/div><div id=\"panel-22685-0-0-3\" class=\"so-panel widget widget_sow-button\" data-index=\"3\" ><div\n\t\t\t\n\t\t\tclass=\"so-widget-sow-button so-widget-sow-button-flat-a657a074bb6d-22685\"\n\t\t\t\n\t\t><div class=\"ow-button-base ow-button-align-left\"\n>\n\t\t\t<a\n\t\t\t\t\thref=\"https:\/\/freddymorezon.org\/action-culturelle\/court-circuit\/\"\n\t\t\t\t\tclass=\"sowb-button ow-icon-placement-left ow-button-hover\" \t>\n\t\t<span>\n\t\t\t\n\t\t\tPage Court-Cicruit\t\t<\/span>\n\t\t\t<\/a>\n\t<\/div>\n<\/div><\/div><div id=\"panel-22685-0-0-4\" class=\"so-panel widget widget_sow-headline\" data-index=\"4\" ><div\n\t\t\t\n\t\t\tclass=\"so-widget-sow-headline so-widget-sow-headline-default-33958b114544-22685\"\n\t\t\t\n\t\t><div class=\"sow-headline-container \">\n\t\t\t\t\t\t<div class=\"decoration\">\n\t\t\t\t\t\t<div class=\"decoration-inside\"><\/div>\n\t\t\t\t\t<\/div>\n\t\t\t\t\t<\/div>\n<\/div><\/div><div id=\"panel-22685-0-0-5\" class=\"so-panel widget widget_sow-editor\" data-index=\"5\" ><div\n\t\t\t\n\t\t\tclass=\"so-widget-sow-editor so-widget-sow-editor-base\"\n\t\t\t\n\t\t><h3 class=\"widget-title\">LIENS<\/h3>\n<div class=\"siteorigin-widget-tinymce textwidget\">\n\t<p><a href=\"https:\/\/freddymorezon.org\/artistes\/eela-laitinen\/\">Eela Laitinen<\/a><br \/>\n<a href=\"https:\/\/freddymorezon.org\/catalogue\/mister-bishop-solo\/\">Mister Bishop<\/a><\/p>\n<\/div>\n<\/div><\/div><div id=\"panel-22685-0-0-6\" class=\"so-panel widget widget_sow-button panel-last-child\" data-index=\"6\" ><div\n\t\t\t\n\t\t\tclass=\"so-widget-sow-button so-widget-sow-button-flat-a657a074bb6d-22685\"\n\t\t\t\n\t\t><div class=\"ow-button-base ow-button-align-left\"\n>\n\t\t\t<a\n\t\t\t\t\thref=\"https:\/\/freddymorezon.org\/nos-evenements\/\"\n\t\t\t\t\tclass=\"sowb-button ow-icon-placement-left ow-button-hover\" \t>\n\t\t<span>\n\t\t\t\n\t\t\tRetour \u00e0 la page \u00c9v\u00e9nements\t\t<\/span>\n\t\t\t<\/a>\n\t<\/div>\n<\/div><\/div><\/div><div id=\"pgc-22685-0-1\"  class=\"panel-grid-cell\" ><div id=\"panel-22685-0-1-0\" class=\"so-panel widget widget_sow-headline panel-first-child\" data-index=\"7\" ><div\n\t\t\t\n\t\t\tclass=\"so-widget-sow-headline so-widget-sow-headline-default-d42322c5b14c-22685\"\n\t\t\t\n\t\t><div class=\"sow-headline-container \">\n\t\t\t\t\t\t\t<h2 class=\"sow-headline\">\n\t\t\t\t\t\tCourt-Circuit - Topographier la coop\u00e9ration\t\t\t\t\t\t<\/h2>\n\t\t\t\t\t\t\t\t\t\t\t<div class=\"decoration\">\n\t\t\t\t\t\t<div class=\"decoration-inside\"><\/div>\n\t\t\t\t\t<\/div>\n\t\t\t\t\t<\/div>\n<\/div><\/div><div id=\"panel-22685-0-1-1\" class=\"so-panel widget widget_sow-editor\" data-index=\"8\" ><div\n\t\t\t\n\t\t\tclass=\"so-widget-sow-editor so-widget-sow-editor-base\"\n\t\t\t\n\t\t>\n<div class=\"siteorigin-widget-tinymce textwidget\">\n\t<p>Depuis 2023, le collectif Freddy Morezon explore les quartiers de Bagatelle, Mirail et Reynerie \u00e0 travers le projet <em><strong>Court-Circuit<\/strong><\/em>. Entre balades musicales et ateliers artistiques, ce projet a travers\u00e9 les espaces du quartier et rassembl\u00e9 ses habitants autour de cr\u00e9ations et de rencontres musicales, sportives, plastiques.<\/p>\n<p>Pour cl\u00f4turer cette aventure, nous vous invitons \u00e0 une derni\u00e8re action participative le mercredi 4 juin. Cet atelier est ouvert \u00e0 tous.tes : habitant\u00b7es, artistes, partenaires du projet et curieux.ses.<\/p>\n<p><strong>Au programme<\/strong> :<br \/>\nAvec l\u2019aide de l\u2019artiste plasticienne Eveliina Laitinen, vous serez invit\u00e9\u00b7es \u00e0 cr\u00e9er une carte sensible du quartier Mirail\/Reynerie. Ensemble, nous repr\u00e9senterons les lieux et les espaces qui incarnent la rencontre, la coop\u00e9ration et les souvenirs partag\u00e9s. Deux facilitateurs guideront les \u00e9changes et recueilleront vos histoires et vos impressions.<\/p>\n<p>Cet atelier sera l\u2019occasion de se retrouver une derni\u00e8re fois autour du projet Court-Circuit, avant de conclure la journ\u00e9e par un concert de Mister Bishop.<\/p>\n<\/div>\n<\/div><\/div><div id=\"panel-22685-0-1-2\" class=\"so-panel widget widget_sow-image panel-last-child\" data-index=\"9\" ><div\n\t\t\t\n\t\t\tclass=\"so-widget-sow-image so-widget-sow-image-default-8b5b6f678277-22685\"\n\t\t\t\n\t\t>\n<div class=\"sow-image-container\">\n\t\t<img \n\tsrc=\"https:\/\/freddymorezon.org\/wp-content\/uploads\/2025\/04\/Court-Circuit-1-carte-RECTO-A4-BASSE-DEF-scaled.jpg\" width=\"2560\" height=\"1810\" srcset=\"https:\/\/freddymorezon.org\/wp-content\/uploads\/2025\/04\/Court-Circuit-1-carte-RECTO-A4-BASSE-DEF-scaled.jpg 2560w, https:\/\/freddymorezon.org\/wp-content\/uploads\/2025\/04\/Court-Circuit-1-carte-RECTO-A4-BASSE-DEF-800x566.jpg 800w, https:\/\/freddymorezon.org\/wp-content\/uploads\/2025\/04\/Court-Circuit-1-carte-RECTO-A4-BASSE-DEF-1536x1086.jpg 1536w, https:\/\/freddymorezon.org\/wp-content\/uploads\/2025\/04\/Court-Circuit-1-carte-RECTO-A4-BASSE-DEF-2048x1448.jpg 2048w, https:\/\/freddymorezon.org\/wp-content\/uploads\/2025\/04\/Court-Circuit-1-carte-RECTO-A4-BASSE-DEF-400x283.jpg 400w\" sizes=\"(max-width: 2560px) 100vw, 2560px\" title=\"Court-Circuit-1-carte-RECTO-A4-BASSE-DEF\" alt=\"\" \t\tclass=\"so-widget-image\"\/>\n\t<\/div>\n\n<\/div><\/div><\/div><\/div><\/div>","protected":false},"excerpt":{"rendered":"<p>Mercredi 4 juin de 16h \u00e0 19h M\u00e9diath\u00e8que Le Grand M, Toulouse Participation gratuite 16h-18h &#8211; Atelier 18h &#8211; Concert de Mister Bishop Inscription et contact Pour toute question ou pour vous inscrire, merci d\u2019\u00e9crire \u00e0 Alexandra Cirotteau,\u00a0alexandra@freddymorezon.org Eela Laitinen Mister Bishop Depuis 2023, le collectif Freddy Morezon explore les quartiers de Bagatelle, Mirail et&hellip;<\/p>\n<p><a class=\"more-link\" href=\"https:\/\/freddymorezon.org\/en\/nos-evenements\/04-06-2025-court-circuit-topographier-la-cooperation\/\" title=\"Continue reading &lsquo;04.06.2025 \/\/ COURT-CIRCUIT &#8211; Topographier la coop\u00e9ration&rsquo;\">Continue reading <span class=\"meta-nav\">&rarr;<\/span><\/a><\/p>\n","protected":false},"author":1,"featured_media":22686,"parent":10655,"menu_order":0,"comment_status":"closed","ping_status":"closed","template":"page-templates\/full-width.php","meta":{"om_disable_all_campaigns":false,"_monsterinsights_skip_tracking":false,"_monsterinsights_sitenote_active":false,"_monsterinsights_sitenote_note":"","_monsterinsights_sitenote_category":0,"_uf_show_specific_survey":0,"_uf_disable_surveys":false,"footnotes":""},"categories":[1401],"tags":[],"class_list":["post-22685","page","type-page","status-publish","has-post-thumbnail","hentry","category-nos-evenements-passes"],"aioseo_notices":[],"yoast_head":"<!-- This site is optimized with the Yoast SEO plugin v27.3 - https:\/\/yoast.com\/product\/yoast-seo-wordpress\/ -->\n<title>04.06.2025 \/\/ COURT-CIRCUIT - Topographier la coop\u00e9ration | Freddy Morezon<\/title>\n<meta name=\"robots\" content=\"index, follow, max-snippet:-1, max-image-preview:large, max-video-preview:-1\" \/>\n<link rel=\"canonical\" href=\"https:\/\/freddymorezon.org\/nos-evenements\/04-06-2025-court-circuit-topographier-la-cooperation\/\" \/>\n<meta property=\"og:locale\" content=\"en_US\" \/>\n<meta property=\"og:type\" content=\"article\" \/>\n<meta property=\"og:title\" content=\"04.06.2025 \/\/ COURT-CIRCUIT - Topographier la coop\u00e9ration | Freddy Morezon\" \/>\n<meta property=\"og:description\" content=\"Mercredi 4 juin de 16h \u00e0 19h M\u00e9diath\u00e8que Le Grand M, Toulouse Participation gratuite 16h-18h - Atelier 18h - Concert de Mister Bishop Inscription et contact Pour toute question ou pour vous inscrire, merci d\u2019\u00e9crire \u00e0 Alexandra Cirotteau,\u00a0alexandra@freddymorezon.org Eela Laitinen Mister Bishop Depuis 2023, le collectif Freddy Morezon explore les quartiers de Bagatelle, Mirail et&hellip;Continue reading &rarr;\" \/>\n<meta property=\"og:url\" content=\"https:\/\/freddymorezon.org\/nos-evenements\/04-06-2025-court-circuit-topographier-la-cooperation\/\" \/>\n<meta property=\"og:site_name\" content=\"Freddy Morezon\" \/>\n<meta property=\"article:publisher\" content=\"https:\/\/www.facebook.com\/freddy.morezon\/\" \/>\n<meta property=\"article:modified_time\" content=\"2025-06-05T08:36:41+00:00\" \/>\n<meta property=\"og:image\" content=\"https:\/\/freddymorezon.org\/wp-content\/uploads\/2025\/04\/Vignette-Court-Circuit.png\" \/>\n\t<meta property=\"og:image:width\" content=\"1080\" \/>\n\t<meta property=\"og:image:height\" content=\"1080\" \/>\n\t<meta property=\"og:image:type\" content=\"image\/png\" \/>\n<meta name=\"twitter:card\" content=\"summary_large_image\" \/>\n<script type=\"application\/ld+json\" class=\"yoast-schema-graph\">{\"@context\":\"https:\\\/\\\/schema.org\",\"@graph\":[{\"@type\":\"WebPage\",\"@id\":\"https:\\\/\\\/freddymorezon.org\\\/nos-evenements\\\/04-06-2025-court-circuit-topographier-la-cooperation\\\/\",\"url\":\"https:\\\/\\\/freddymorezon.org\\\/nos-evenements\\\/04-06-2025-court-circuit-topographier-la-cooperation\\\/\",\"name\":\"04.06.2025 \\\/\\\/ COURT-CIRCUIT - Topographier la coop\u00e9ration | Freddy Morezon\",\"isPartOf\":{\"@id\":\"https:\\\/\\\/freddymorezon.org\\\/#website\"},\"primaryImageOfPage\":{\"@id\":\"https:\\\/\\\/freddymorezon.org\\\/nos-evenements\\\/04-06-2025-court-circuit-topographier-la-cooperation\\\/#primaryimage\"},\"image\":{\"@id\":\"https:\\\/\\\/freddymorezon.org\\\/nos-evenements\\\/04-06-2025-court-circuit-topographier-la-cooperation\\\/#primaryimage\"},\"thumbnailUrl\":\"https:\\\/\\\/freddymorezon.org\\\/wp-content\\\/uploads\\\/2025\\\/04\\\/Vignette-Court-Circuit.png\",\"datePublished\":\"2025-03-22T16:40:03+00:00\",\"dateModified\":\"2025-06-05T08:36:41+00:00\",\"breadcrumb\":{\"@id\":\"https:\\\/\\\/freddymorezon.org\\\/nos-evenements\\\/04-06-2025-court-circuit-topographier-la-cooperation\\\/#breadcrumb\"},\"inLanguage\":\"en-US\",\"potentialAction\":[{\"@type\":\"ReadAction\",\"target\":[\"https:\\\/\\\/freddymorezon.org\\\/nos-evenements\\\/04-06-2025-court-circuit-topographier-la-cooperation\\\/\"]}]},{\"@type\":\"ImageObject\",\"inLanguage\":\"en-US\",\"@id\":\"https:\\\/\\\/freddymorezon.org\\\/nos-evenements\\\/04-06-2025-court-circuit-topographier-la-cooperation\\\/#primaryimage\",\"url\":\"https:\\\/\\\/freddymorezon.org\\\/wp-content\\\/uploads\\\/2025\\\/04\\\/Vignette-Court-Circuit.png\",\"contentUrl\":\"https:\\\/\\\/freddymorezon.org\\\/wp-content\\\/uploads\\\/2025\\\/04\\\/Vignette-Court-Circuit.png\",\"width\":1080,\"height\":1080},{\"@type\":\"BreadcrumbList\",\"@id\":\"https:\\\/\\\/freddymorezon.org\\\/nos-evenements\\\/04-06-2025-court-circuit-topographier-la-cooperation\\\/#breadcrumb\",\"itemListElement\":[{\"@type\":\"ListItem\",\"position\":1,\"name\":\"Accueil\",\"item\":\"https:\\\/\\\/freddymorezon.org\\\/\"},{\"@type\":\"ListItem\",\"position\":2,\"name\":\"Nos \u00e9v\u00e9nements\",\"item\":\"https:\\\/\\\/freddymorezon.org\\\/nos-evenements\\\/\"},{\"@type\":\"ListItem\",\"position\":3,\"name\":\"04.06.2025 \\\/\\\/ COURT-CIRCUIT &#8211; Topographier la coop\u00e9ration\"}]},{\"@type\":\"WebSite\",\"@id\":\"https:\\\/\\\/freddymorezon.org\\\/#website\",\"url\":\"https:\\\/\\\/freddymorezon.org\\\/\",\"name\":\"Freddy Morezon\",\"description\":\"jazz - musique improvis\u00e9e - esth\u00e9tiques plurielles\",\"publisher\":{\"@id\":\"https:\\\/\\\/freddymorezon.org\\\/#organization\"},\"potentialAction\":[{\"@type\":\"SearchAction\",\"target\":{\"@type\":\"EntryPoint\",\"urlTemplate\":\"https:\\\/\\\/freddymorezon.org\\\/?s={search_term_string}\"},\"query-input\":{\"@type\":\"PropertyValueSpecification\",\"valueRequired\":true,\"valueName\":\"search_term_string\"}}],\"inLanguage\":\"en-US\"},{\"@type\":\"Organization\",\"@id\":\"https:\\\/\\\/freddymorezon.org\\\/#organization\",\"name\":\"Association Freddy Morezon\",\"url\":\"https:\\\/\\\/freddymorezon.org\\\/\",\"logo\":{\"@type\":\"ImageObject\",\"inLanguage\":\"en-US\",\"@id\":\"https:\\\/\\\/freddymorezon.org\\\/#\\\/schema\\\/logo\\\/image\\\/\",\"url\":\"https:\\\/\\\/freddymorezon.org\\\/wp-content\\\/uploads\\\/2016\\\/02\\\/mini-logo-header-site2.jpg\",\"contentUrl\":\"https:\\\/\\\/freddymorezon.org\\\/wp-content\\\/uploads\\\/2016\\\/02\\\/mini-logo-header-site2.jpg\",\"width\":234,\"height\":174,\"caption\":\"Association Freddy Morezon\"},\"image\":{\"@id\":\"https:\\\/\\\/freddymorezon.org\\\/#\\\/schema\\\/logo\\\/image\\\/\"},\"sameAs\":[\"https:\\\/\\\/www.facebook.com\\\/freddy.morezon\\\/\",\"https:\\\/\\\/www.instagram.com\\\/freddymorezon\\\/\",\"https:\\\/\\\/www.youtube.com\\\/user\\\/freddymorezon\",\"https:\\\/\\\/fr.linkedin.com\\\/company\\\/freddy-morezon-p.r.o.d.\"]}]}<\/script>\n<!-- \/ Yoast SEO plugin. -->","yoast_head_json":{"title":"04.06.2025 \/\/ COURT-CIRCUIT - Topographier la coop\u00e9ration | Freddy Morezon","robots":{"index":"index","follow":"follow","max-snippet":"max-snippet:-1","max-image-preview":"max-image-preview:large","max-video-preview":"max-video-preview:-1"},"canonical":"https:\/\/freddymorezon.org\/nos-evenements\/04-06-2025-court-circuit-topographier-la-cooperation\/","og_locale":"en_US","og_type":"article","og_title":"04.06.2025 \/\/ COURT-CIRCUIT - Topographier la coop\u00e9ration | Freddy Morezon","og_description":"Mercredi 4 juin de 16h \u00e0 19h M\u00e9diath\u00e8que Le Grand M, Toulouse Participation gratuite 16h-18h - Atelier 18h - Concert de Mister Bishop Inscription et contact Pour toute question ou pour vous inscrire, merci d\u2019\u00e9crire \u00e0 Alexandra Cirotteau,\u00a0alexandra@freddymorezon.org Eela Laitinen Mister Bishop Depuis 2023, le collectif Freddy Morezon explore les quartiers de Bagatelle, Mirail et&hellip;Continue reading &rarr;","og_url":"https:\/\/freddymorezon.org\/nos-evenements\/04-06-2025-court-circuit-topographier-la-cooperation\/","og_site_name":"Freddy Morezon","article_publisher":"https:\/\/www.facebook.com\/freddy.morezon\/","article_modified_time":"2025-06-05T08:36:41+00:00","og_image":[{"width":1080,"height":1080,"url":"https:\/\/freddymorezon.org\/wp-content\/uploads\/2025\/04\/Vignette-Court-Circuit.png","type":"image\/png"}],"twitter_card":"summary_large_image","schema":{"@context":"https:\/\/schema.org","@graph":[{"@type":"WebPage","@id":"https:\/\/freddymorezon.org\/nos-evenements\/04-06-2025-court-circuit-topographier-la-cooperation\/","url":"https:\/\/freddymorezon.org\/nos-evenements\/04-06-2025-court-circuit-topographier-la-cooperation\/","name":"04.06.2025 \/\/ COURT-CIRCUIT - Topographier la coop\u00e9ration | Freddy Morezon","isPartOf":{"@id":"https:\/\/freddymorezon.org\/#website"},"primaryImageOfPage":{"@id":"https:\/\/freddymorezon.org\/nos-evenements\/04-06-2025-court-circuit-topographier-la-cooperation\/#primaryimage"},"image":{"@id":"https:\/\/freddymorezon.org\/nos-evenements\/04-06-2025-court-circuit-topographier-la-cooperation\/#primaryimage"},"thumbnailUrl":"https:\/\/freddymorezon.org\/wp-content\/uploads\/2025\/04\/Vignette-Court-Circuit.png","datePublished":"2025-03-22T16:40:03+00:00","dateModified":"2025-06-05T08:36:41+00:00","breadcrumb":{"@id":"https:\/\/freddymorezon.org\/nos-evenements\/04-06-2025-court-circuit-topographier-la-cooperation\/#breadcrumb"},"inLanguage":"en-US","potentialAction":[{"@type":"ReadAction","target":["https:\/\/freddymorezon.org\/nos-evenements\/04-06-2025-court-circuit-topographier-la-cooperation\/"]}]},{"@type":"ImageObject","inLanguage":"en-US","@id":"https:\/\/freddymorezon.org\/nos-evenements\/04-06-2025-court-circuit-topographier-la-cooperation\/#primaryimage","url":"https:\/\/freddymorezon.org\/wp-content\/uploads\/2025\/04\/Vignette-Court-Circuit.png","contentUrl":"https:\/\/freddymorezon.org\/wp-content\/uploads\/2025\/04\/Vignette-Court-Circuit.png","width":1080,"height":1080},{"@type":"BreadcrumbList","@id":"https:\/\/freddymorezon.org\/nos-evenements\/04-06-2025-court-circuit-topographier-la-cooperation\/#breadcrumb","itemListElement":[{"@type":"ListItem","position":1,"name":"Accueil","item":"https:\/\/freddymorezon.org\/"},{"@type":"ListItem","position":2,"name":"Nos \u00e9v\u00e9nements","item":"https:\/\/freddymorezon.org\/nos-evenements\/"},{"@type":"ListItem","position":3,"name":"04.06.2025 \/\/ COURT-CIRCUIT &#8211; Topographier la coop\u00e9ration"}]},{"@type":"WebSite","@id":"https:\/\/freddymorezon.org\/#website","url":"https:\/\/freddymorezon.org\/","name":"Freddy Morezon","description":"jazz - musique improvis\u00e9e - esth\u00e9tiques plurielles","publisher":{"@id":"https:\/\/freddymorezon.org\/#organization"},"potentialAction":[{"@type":"SearchAction","target":{"@type":"EntryPoint","urlTemplate":"https:\/\/freddymorezon.org\/?s={search_term_string}"},"query-input":{"@type":"PropertyValueSpecification","valueRequired":true,"valueName":"search_term_string"}}],"inLanguage":"en-US"},{"@type":"Organization","@id":"https:\/\/freddymorezon.org\/#organization","name":"Association Freddy Morezon","url":"https:\/\/freddymorezon.org\/","logo":{"@type":"ImageObject","inLanguage":"en-US","@id":"https:\/\/freddymorezon.org\/#\/schema\/logo\/image\/","url":"https:\/\/freddymorezon.org\/wp-content\/uploads\/2016\/02\/mini-logo-header-site2.jpg","contentUrl":"https:\/\/freddymorezon.org\/wp-content\/uploads\/2016\/02\/mini-logo-header-site2.jpg","width":234,"height":174,"caption":"Association Freddy Morezon"},"image":{"@id":"https:\/\/freddymorezon.org\/#\/schema\/logo\/image\/"},"sameAs":["https:\/\/www.facebook.com\/freddy.morezon\/","https:\/\/www.instagram.com\/freddymorezon\/","https:\/\/www.youtube.com\/user\/freddymorezon","https:\/\/fr.linkedin.com\/company\/freddy-morezon-p.r.o.d."]}]}},"_links":{"self":[{"href":"https:\/\/freddymorezon.org\/en\/wp-json\/wp\/v2\/pages\/22685","targetHints":{"allow":["GET"]}}],"collection":[{"href":"https:\/\/freddymorezon.org\/en\/wp-json\/wp\/v2\/pages"}],"about":[{"href":"https:\/\/freddymorezon.org\/en\/wp-json\/wp\/v2\/types\/page"}],"author":[{"embeddable":true,"href":"https:\/\/freddymorezon.org\/en\/wp-json\/wp\/v2\/users\/1"}],"replies":[{"embeddable":true,"href":"https:\/\/freddymorezon.org\/en\/wp-json\/wp\/v2\/comments?post=22685"}],"version-history":[{"count":7,"href":"https:\/\/freddymorezon.org\/en\/wp-json\/wp\/v2\/pages\/22685\/revisions"}],"predecessor-version":[{"id":22872,"href":"https:\/\/freddymorezon.org\/en\/wp-json\/wp\/v2\/pages\/22685\/revisions\/22872"}],"up":[{"embeddable":true,"href":"https:\/\/freddymorezon.org\/en\/wp-json\/wp\/v2\/pages\/10655"}],"wp:featuredmedia":[{"embeddable":true,"href":"https:\/\/freddymorezon.org\/en\/wp-json\/wp\/v2\/media\/22686"}],"wp:attachment":[{"href":"https:\/\/freddymorezon.org\/en\/wp-json\/wp\/v2\/media?parent=22685"}],"wp:term":[{"taxonomy":"category","embeddable":true,"href":"https:\/\/freddymorezon.org\/en\/wp-json\/wp\/v2\/categories?post=22685"},{"taxonomy":"post_tag","embeddable":true,"href":"https:\/\/freddymorezon.org\/en\/wp-json\/wp\/v2\/tags?post=22685"}],"curies":[{"name":"wp","href":"https:\/\/api.w.org\/{rel}","templated":true}]}}