
{"id":22689,"date":"2025-03-19T12:04:24","date_gmt":"2025-03-19T10:04:24","guid":{"rendered":"https:\/\/freddymorezon.org\/?page_id=22689"},"modified":"2025-05-22T17:19:40","modified_gmt":"2025-05-22T15:19:40","slug":"21-05-2025-freddy-taquine-3-etenesh-wassie-trio-invite-fabien-duscombs-nonoisenoreduction","status":"publish","type":"page","link":"https:\/\/freddymorezon.org\/en\/nos-evenements\/21-05-2025-freddy-taquine-3-etenesh-wassie-trio-invite-fabien-duscombs-nonoisenoreduction\/","title":{"rendered":"21.05.2025 \/\/ FREDDY TAQUINE #3 &#8211; Musique \u00e9thiopienne + NO NOISE NO REDUCTION"},"content":{"rendered":"<div id=\"pl-22689\"  class=\"panel-layout\" ><div id=\"pg-22689-0\"  class=\"panel-grid panel-no-style\" ><div id=\"pgc-22689-0-0\"  class=\"panel-grid-cell\" ><div id=\"panel-22689-0-0-0\" class=\"so-panel widget widget_sow-image panel-first-child\" data-index=\"0\" ><div\n\t\t\t\n\t\t\tclass=\"so-widget-sow-image so-widget-sow-image-default-8b5b6f678277-22689\"\n\t\t\t\n\t\t>\n<div class=\"sow-image-container\">\n\t\t<img \n\tsrc=\"https:\/\/freddymorezon.org\/wp-content\/uploads\/2025\/04\/2025-FreddyTaquine-3-IGLinkedIN-post-sanstextes.jpg\" width=\"1200\" height=\"1200\" srcset=\"https:\/\/freddymorezon.org\/wp-content\/uploads\/2025\/04\/2025-FreddyTaquine-3-IGLinkedIN-post-sanstextes.jpg 1200w, https:\/\/freddymorezon.org\/wp-content\/uploads\/2025\/04\/2025-FreddyTaquine-3-IGLinkedIN-post-sanstextes-800x800.jpg 800w, https:\/\/freddymorezon.org\/wp-content\/uploads\/2025\/04\/2025-FreddyTaquine-3-IGLinkedIN-post-sanstextes-150x150.jpg 150w, https:\/\/freddymorezon.org\/wp-content\/uploads\/2025\/04\/2025-FreddyTaquine-3-IGLinkedIN-post-sanstextes-400x400.jpg 400w, https:\/\/freddymorezon.org\/wp-content\/uploads\/2025\/04\/2025-FreddyTaquine-3-IGLinkedIN-post-sanstextes-100x100.jpg 100w, https:\/\/freddymorezon.org\/wp-content\/uploads\/2025\/04\/2025-FreddyTaquine-3-IGLinkedIN-post-sanstextes-300x300.jpg 300w\" sizes=\"(max-width: 1200px) 100vw, 1200px\" title=\"2025-FreddyTaquine-3-IG+LinkedIN-post-sanstextes\" alt=\"\" \t\tclass=\"so-widget-image\"\/>\n\t<\/div>\n\n<\/div><\/div><div id=\"panel-22689-0-0-1\" class=\"so-panel widget widget_sow-headline\" data-index=\"1\" ><div\n\t\t\t\n\t\t\tclass=\"so-widget-sow-headline so-widget-sow-headline-default-ec1eb4cebc48-22689\"\n\t\t\t\n\t\t><div class=\"sow-headline-container \">\n\t\t\t\t\t\t<div class=\"decoration\">\n\t\t\t\t\t\t<div class=\"decoration-inside\"><\/div>\n\t\t\t\t\t<\/div>\n\t\t\t\t\t<\/div>\n<\/div><\/div><div id=\"panel-22689-0-0-2\" class=\"so-panel widget widget_sow-editor\" data-index=\"2\" ><div\n\t\t\t\n\t\t\tclass=\"so-widget-sow-editor so-widget-sow-editor-base\"\n\t\t\t\n\t\t><h3 class=\"widget-title\">INFOS PRATIQUES<\/h3>\n<div class=\"siteorigin-widget-tinymce textwidget\">\n\t<p><span class=\"x193iq5w xeuugli x13faqbe x1vvkbs xlh3980 xvmahel x1n0sxbx x1lliihq x1s928wv xhkezso x1gmr53x x1cpjm7i x1fgarty x1943h6x xudqn12 x3x7a5m x6prxxf xvq8zen xo1l8bm xzsf02u\" dir=\"auto\">Mercredi 21 mai - 21h (ouverture des portes 20h)<br \/>\nLe Taquin - 23 rue des amidonniers - Toulouse<br \/>\n<\/span><span class=\"x193iq5w xeuugli x13faqbe x1vvkbs xlh3980 xvmahel x1n0sxbx x1lliihq x1s928wv xhkezso x1gmr53x x1cpjm7i x1fgarty x1943h6x xudqn12 x3x7a5m x6prxxf xvq8zen xo1l8bm xzsf02u\" dir=\"auto\">Tarifs : plein 11\u20ac \/ r\u00e9duit 7\u20ac <\/span><\/p>\n<\/div>\n<\/div><\/div><div id=\"panel-22689-0-0-3\" class=\"so-panel widget widget_sow-button\" data-index=\"3\" ><div\n\t\t\t\n\t\t\tclass=\"so-widget-sow-button so-widget-sow-button-flat-5192bebda948-22689\"\n\t\t\t\n\t\t><div class=\"ow-button-base ow-button-align-center\"\n>\n\t\t\t<a\n\t\t\t\t\thref=\"https:\/\/www.le-taquin.fr\/\"\n\t\t\t\t\tclass=\"sowb-button ow-icon-placement-left ow-button-hover\" \t>\n\t\t<span>\n\t\t\t\n\t\t\tRESERVER ICI\t\t<\/span>\n\t\t\t<\/a>\n\t<\/div>\n<\/div><\/div><div id=\"panel-22689-0-0-4\" class=\"so-panel widget widget_sow-headline\" data-index=\"4\" ><div\n\t\t\t\n\t\t\tclass=\"so-widget-sow-headline so-widget-sow-headline-default-ec1eb4cebc48-22689\"\n\t\t\t\n\t\t><div class=\"sow-headline-container \">\n\t\t\t\t\t\t<div class=\"decoration\">\n\t\t\t\t\t\t<div class=\"decoration-inside\"><\/div>\n\t\t\t\t\t<\/div>\n\t\t\t\t\t<\/div>\n<\/div><\/div><div id=\"panel-22689-0-0-5\" class=\"so-panel widget widget_sow-editor\" data-index=\"5\" ><div\n\t\t\t\n\t\t\tclass=\"so-widget-sow-editor so-widget-sow-editor-base\"\n\t\t\t\n\t\t><h3 class=\"widget-title\">LIENS<\/h3>\n<div class=\"siteorigin-widget-tinymce textwidget\">\n\t<p><a href=\"https:\/\/freddymorezon.org\/nos-evenements\/freddy-taquine\/\">Freddy Taquine<\/a><br \/>\n<a href=\"https:\/\/freddymorezon.org\/artistes\/fabien-duscombs\/\">Fabien Duscombs<\/a><br \/>\n<a href=\"https:\/\/freddymorezon.org\/productions\/nnnr\/\">No Noise No Reduction<\/a><\/p>\n<\/div>\n<\/div><\/div><div id=\"panel-22689-0-0-6\" class=\"so-panel widget widget_sow-button panel-last-child\" data-index=\"6\" ><div\n\t\t\t\n\t\t\tclass=\"so-widget-sow-button so-widget-sow-button-flat-5192bebda948-22689\"\n\t\t\t\n\t\t><div class=\"ow-button-base ow-button-align-center\"\n>\n\t\t\t<a\n\t\t\t\t\thref=\"https:\/\/freddymorezon.org\/nos-evenements\/\"\n\t\t\t\t\tclass=\"sowb-button ow-icon-placement-left ow-button-hover\" \t>\n\t\t<span>\n\t\t\t\n\t\t\tRetour \u00e0 la page \u00c9v\u00e9nements\t\t<\/span>\n\t\t\t<\/a>\n\t<\/div>\n<\/div><\/div><\/div><div id=\"pgc-22689-0-1\"  class=\"panel-grid-cell\" ><div id=\"panel-22689-0-1-0\" class=\"so-panel widget widget_sow-headline panel-first-child\" data-index=\"7\" ><div\n\t\t\t\n\t\t\tclass=\"so-widget-sow-headline so-widget-sow-headline-default-508968b69ea9-22689\"\n\t\t\t\n\t\t><div class=\"sow-headline-container \">\n\t\t\t\t\t\t\t<h2 class=\"sow-headline\">\n\t\t\t\t\t\tFREDDY TAQUINE #3 - MUSIQUE ETHIOPIENNE + NO NOISE NO REDUCTION\t\t\t\t\t\t<\/h2>\n\t\t\t\t\t\t\t\t\t\t\t<div class=\"decoration\">\n\t\t\t\t\t\t<div class=\"decoration-inside\"><\/div>\n\t\t\t\t\t<\/div>\n\t\t\t\t\t<\/div>\n<\/div><\/div><div id=\"panel-22689-0-1-1\" class=\"so-panel widget widget_sow-editor\" data-index=\"8\" ><div\n\t\t\t\n\t\t\tclass=\"so-widget-sow-editor so-widget-sow-editor-base\"\n\t\t\t\n\t\t>\n<div class=\"siteorigin-widget-tinymce textwidget\">\n\t<p>Freddy Taquine est un rendez-vous toulousain initi\u00e9 en 2017 par les artistes du collectif Freddy Morezon et Le Taquin. Con\u00e7u comme un laboratoire, ce rendez-vous est l\u2019occasion de concerts, d\u2019exp\u00e9riences et de rencontres in\u00e9dites, entre musicien\u00b7nes, entre arts\u2026 C\u2019est aussi une invitation aux ami\u00b7es des collectifs: artistes-chercheurs, vid\u00e9astes, plasticiens, danseurs\u2026 M\u00e9langer les genres et les gens. Observer si la magie op\u00e8re\u2026<\/p>\n<p>--------<br \/>\n<strong>S\u00e9bastien Bacquias x Fabien Duscombs x Mathieu Sourisseau x guests<\/strong><\/p>\n<p><strong>Line up<\/strong><br \/>\nMathieu Sourisseau : basse acoustique<br \/>\nSebastien Bacquias : contrebasse<br \/>\nFabien Duscombs : batterie, percussions<\/p>\n<p>--------<br \/>\n<strong>No Noise No Reduction<\/strong><\/p>\n<p>Un trio port\u00e9 par des rockeurs qui ne se sont pas tromp\u00e9 d\u2019instruments : deux saxophones basse et un sax baryton !<br \/>\nMarc D\u00e9mereau (Le Tigre des Platanes, Cannibales et Vahin\u00e9s, La Friture Moderne), Marc Maffiolo (L'Orchestre en Or, Agafia...) et Florian Nastorg (PIAK, Ostaar Klak\u00e9, BDC La Belle...) explorent au saxophone, un rock tr\u00e8s \" sonore \", port\u00e9 sur la mati\u00e8re et l\u2019\u00e9nergie brute. Ils exhument les br\u00fblots sonores des ann\u00e9es 90 via Sonic Youth, Melvins, This Heat, Lightning Bolt\u2026 et surfent sur l\u2019h\u00e9ritage free des ann\u00e9es 70.<\/p>\n<p><strong>Line up<\/strong><br \/>\nMarc D\u00e9mereau : saxophone baryton<br \/>\nMarc Maffiolo : saxophone basse<br \/>\nFlorian Nastorg : saxophone basse<\/p>\n<\/div>\n<\/div><\/div><div id=\"panel-22689-0-1-2\" class=\"so-panel widget widget_sow-image panel-last-child\" data-index=\"9\" ><div\n\t\t\t\n\t\t\tclass=\"so-widget-sow-image so-widget-sow-image-default-8b5b6f678277-22689\"\n\t\t\t\n\t\t><\/div><\/div><\/div><\/div><\/div>","protected":false},"excerpt":{"rendered":"<p>Mercredi 21 mai &#8211; 21h (ouverture des portes 20h) Le Taquin &#8211; 23 rue des amidonniers &#8211; Toulouse Tarifs : plein 11\u20ac \/ r\u00e9duit 7\u20ac Freddy Taquine Fabien Duscombs No Noise No Reduction Freddy Taquine est un rendez-vous toulousain initi\u00e9 en 2017 par les artistes du collectif Freddy Morezon et Le Taquin. Con\u00e7u comme un&hellip;<\/p>\n<p><a class=\"more-link\" href=\"https:\/\/freddymorezon.org\/en\/nos-evenements\/21-05-2025-freddy-taquine-3-etenesh-wassie-trio-invite-fabien-duscombs-nonoisenoreduction\/\" title=\"Continue reading &lsquo;21.05.2025 \/\/ FREDDY TAQUINE #3 &#8211; Musique \u00e9thiopienne + NO NOISE NO REDUCTION&rsquo;\">Continue reading <span class=\"meta-nav\">&rarr;<\/span><\/a><\/p>\n","protected":false},"author":1,"featured_media":22690,"parent":10655,"menu_order":0,"comment_status":"closed","ping_status":"closed","template":"page-templates\/full-width.php","meta":{"om_disable_all_campaigns":false,"_monsterinsights_skip_tracking":false,"_monsterinsights_sitenote_active":false,"_monsterinsights_sitenote_note":"","_monsterinsights_sitenote_category":0,"_uf_show_specific_survey":0,"_uf_disable_surveys":false,"footnotes":""},"categories":[1401],"tags":[],"class_list":["post-22689","page","type-page","status-publish","has-post-thumbnail","hentry","category-nos-evenements-passes"],"aioseo_notices":[],"yoast_head":"<!-- This site is optimized with the Yoast SEO plugin v27.4 - https:\/\/yoast.com\/product\/yoast-seo-wordpress\/ -->\n<title>21.05.2025 \/\/ FREDDY TAQUINE #3 - Musique \u00e9thiopienne + NO NOISE NO REDUCTION | Freddy Morezon<\/title>\n<meta name=\"robots\" content=\"index, follow, max-snippet:-1, max-image-preview:large, max-video-preview:-1\" \/>\n<link rel=\"canonical\" href=\"https:\/\/freddymorezon.org\/nos-evenements\/21-05-2025-freddy-taquine-3-etenesh-wassie-trio-invite-fabien-duscombs-nonoisenoreduction\/\" \/>\n<meta property=\"og:locale\" content=\"en_US\" \/>\n<meta property=\"og:type\" content=\"article\" \/>\n<meta property=\"og:title\" content=\"21.05.2025 \/\/ FREDDY TAQUINE #3 - Musique \u00e9thiopienne + NO NOISE NO REDUCTION | Freddy Morezon\" \/>\n<meta property=\"og:description\" content=\"Mercredi 21 mai - 21h (ouverture des portes 20h) Le Taquin - 23 rue des amidonniers - Toulouse Tarifs : plein 11\u20ac \/ r\u00e9duit 7\u20ac Freddy Taquine Fabien Duscombs No Noise No Reduction Freddy Taquine est un rendez-vous toulousain initi\u00e9 en 2017 par les artistes du collectif Freddy Morezon et Le Taquin. Con\u00e7u comme un&hellip;Continue reading &rarr;\" \/>\n<meta property=\"og:url\" content=\"https:\/\/freddymorezon.org\/nos-evenements\/21-05-2025-freddy-taquine-3-etenesh-wassie-trio-invite-fabien-duscombs-nonoisenoreduction\/\" \/>\n<meta property=\"og:site_name\" content=\"Freddy Morezon\" \/>\n<meta property=\"article:publisher\" content=\"https:\/\/www.facebook.com\/freddy.morezon\/\" \/>\n<meta property=\"article:modified_time\" content=\"2025-05-22T15:19:40+00:00\" \/>\n<meta property=\"og:image\" content=\"https:\/\/freddymorezon.org\/wp-content\/uploads\/2025\/04\/2025-FreddyTaquine-3-IGLinkedIN-post-sanstextes.jpg\" \/>\n\t<meta property=\"og:image:width\" content=\"1200\" \/>\n\t<meta property=\"og:image:height\" content=\"1200\" \/>\n\t<meta property=\"og:image:type\" content=\"image\/jpeg\" \/>\n<meta name=\"twitter:card\" content=\"summary_large_image\" \/>\n<script type=\"application\/ld+json\" class=\"yoast-schema-graph\">{\"@context\":\"https:\\\/\\\/schema.org\",\"@graph\":[{\"@type\":\"WebPage\",\"@id\":\"https:\\\/\\\/freddymorezon.org\\\/nos-evenements\\\/21-05-2025-freddy-taquine-3-etenesh-wassie-trio-invite-fabien-duscombs-nonoisenoreduction\\\/\",\"url\":\"https:\\\/\\\/freddymorezon.org\\\/nos-evenements\\\/21-05-2025-freddy-taquine-3-etenesh-wassie-trio-invite-fabien-duscombs-nonoisenoreduction\\\/\",\"name\":\"21.05.2025 \\\/\\\/ FREDDY TAQUINE #3 - Musique \u00e9thiopienne + NO NOISE NO REDUCTION | Freddy Morezon\",\"isPartOf\":{\"@id\":\"https:\\\/\\\/freddymorezon.org\\\/#website\"},\"primaryImageOfPage\":{\"@id\":\"https:\\\/\\\/freddymorezon.org\\\/nos-evenements\\\/21-05-2025-freddy-taquine-3-etenesh-wassie-trio-invite-fabien-duscombs-nonoisenoreduction\\\/#primaryimage\"},\"image\":{\"@id\":\"https:\\\/\\\/freddymorezon.org\\\/nos-evenements\\\/21-05-2025-freddy-taquine-3-etenesh-wassie-trio-invite-fabien-duscombs-nonoisenoreduction\\\/#primaryimage\"},\"thumbnailUrl\":\"https:\\\/\\\/freddymorezon.org\\\/wp-content\\\/uploads\\\/2025\\\/04\\\/2025-FreddyTaquine-3-IGLinkedIN-post-sanstextes.jpg\",\"datePublished\":\"2025-03-19T10:04:24+00:00\",\"dateModified\":\"2025-05-22T15:19:40+00:00\",\"breadcrumb\":{\"@id\":\"https:\\\/\\\/freddymorezon.org\\\/nos-evenements\\\/21-05-2025-freddy-taquine-3-etenesh-wassie-trio-invite-fabien-duscombs-nonoisenoreduction\\\/#breadcrumb\"},\"inLanguage\":\"en-US\",\"potentialAction\":[{\"@type\":\"ReadAction\",\"target\":[\"https:\\\/\\\/freddymorezon.org\\\/nos-evenements\\\/21-05-2025-freddy-taquine-3-etenesh-wassie-trio-invite-fabien-duscombs-nonoisenoreduction\\\/\"]}]},{\"@type\":\"ImageObject\",\"inLanguage\":\"en-US\",\"@id\":\"https:\\\/\\\/freddymorezon.org\\\/nos-evenements\\\/21-05-2025-freddy-taquine-3-etenesh-wassie-trio-invite-fabien-duscombs-nonoisenoreduction\\\/#primaryimage\",\"url\":\"https:\\\/\\\/freddymorezon.org\\\/wp-content\\\/uploads\\\/2025\\\/04\\\/2025-FreddyTaquine-3-IGLinkedIN-post-sanstextes.jpg\",\"contentUrl\":\"https:\\\/\\\/freddymorezon.org\\\/wp-content\\\/uploads\\\/2025\\\/04\\\/2025-FreddyTaquine-3-IGLinkedIN-post-sanstextes.jpg\",\"width\":1200,\"height\":1200},{\"@type\":\"BreadcrumbList\",\"@id\":\"https:\\\/\\\/freddymorezon.org\\\/nos-evenements\\\/21-05-2025-freddy-taquine-3-etenesh-wassie-trio-invite-fabien-duscombs-nonoisenoreduction\\\/#breadcrumb\",\"itemListElement\":[{\"@type\":\"ListItem\",\"position\":1,\"name\":\"Accueil\",\"item\":\"https:\\\/\\\/freddymorezon.org\\\/\"},{\"@type\":\"ListItem\",\"position\":2,\"name\":\"Nos \u00e9v\u00e9nements\",\"item\":\"https:\\\/\\\/freddymorezon.org\\\/nos-evenements\\\/\"},{\"@type\":\"ListItem\",\"position\":3,\"name\":\"21.05.2025 \\\/\\\/ FREDDY TAQUINE #3 &#8211; Musique \u00e9thiopienne + NO NOISE NO REDUCTION\"}]},{\"@type\":\"WebSite\",\"@id\":\"https:\\\/\\\/freddymorezon.org\\\/#website\",\"url\":\"https:\\\/\\\/freddymorezon.org\\\/\",\"name\":\"Freddy Morezon\",\"description\":\"jazz - musique improvis\u00e9e - esth\u00e9tiques plurielles\",\"publisher\":{\"@id\":\"https:\\\/\\\/freddymorezon.org\\\/#organization\"},\"potentialAction\":[{\"@type\":\"SearchAction\",\"target\":{\"@type\":\"EntryPoint\",\"urlTemplate\":\"https:\\\/\\\/freddymorezon.org\\\/?s={search_term_string}\"},\"query-input\":{\"@type\":\"PropertyValueSpecification\",\"valueRequired\":true,\"valueName\":\"search_term_string\"}}],\"inLanguage\":\"en-US\"},{\"@type\":\"Organization\",\"@id\":\"https:\\\/\\\/freddymorezon.org\\\/#organization\",\"name\":\"Association Freddy Morezon\",\"url\":\"https:\\\/\\\/freddymorezon.org\\\/\",\"logo\":{\"@type\":\"ImageObject\",\"inLanguage\":\"en-US\",\"@id\":\"https:\\\/\\\/freddymorezon.org\\\/#\\\/schema\\\/logo\\\/image\\\/\",\"url\":\"https:\\\/\\\/freddymorezon.org\\\/wp-content\\\/uploads\\\/2016\\\/02\\\/mini-logo-header-site2.jpg\",\"contentUrl\":\"https:\\\/\\\/freddymorezon.org\\\/wp-content\\\/uploads\\\/2016\\\/02\\\/mini-logo-header-site2.jpg\",\"width\":234,\"height\":174,\"caption\":\"Association Freddy Morezon\"},\"image\":{\"@id\":\"https:\\\/\\\/freddymorezon.org\\\/#\\\/schema\\\/logo\\\/image\\\/\"},\"sameAs\":[\"https:\\\/\\\/www.facebook.com\\\/freddy.morezon\\\/\",\"https:\\\/\\\/www.instagram.com\\\/freddymorezon\\\/\",\"https:\\\/\\\/www.youtube.com\\\/user\\\/freddymorezon\",\"https:\\\/\\\/fr.linkedin.com\\\/company\\\/freddy-morezon-p.r.o.d.\"]}]}<\/script>\n<!-- \/ Yoast SEO plugin. -->","yoast_head_json":{"title":"21.05.2025 \/\/ FREDDY TAQUINE #3 - Musique \u00e9thiopienne + NO NOISE NO REDUCTION | Freddy Morezon","robots":{"index":"index","follow":"follow","max-snippet":"max-snippet:-1","max-image-preview":"max-image-preview:large","max-video-preview":"max-video-preview:-1"},"canonical":"https:\/\/freddymorezon.org\/nos-evenements\/21-05-2025-freddy-taquine-3-etenesh-wassie-trio-invite-fabien-duscombs-nonoisenoreduction\/","og_locale":"en_US","og_type":"article","og_title":"21.05.2025 \/\/ FREDDY TAQUINE #3 - Musique \u00e9thiopienne + NO NOISE NO REDUCTION | Freddy Morezon","og_description":"Mercredi 21 mai - 21h (ouverture des portes 20h) Le Taquin - 23 rue des amidonniers - Toulouse Tarifs : plein 11\u20ac \/ r\u00e9duit 7\u20ac Freddy Taquine Fabien Duscombs No Noise No Reduction Freddy Taquine est un rendez-vous toulousain initi\u00e9 en 2017 par les artistes du collectif Freddy Morezon et Le Taquin. Con\u00e7u comme un&hellip;Continue reading &rarr;","og_url":"https:\/\/freddymorezon.org\/nos-evenements\/21-05-2025-freddy-taquine-3-etenesh-wassie-trio-invite-fabien-duscombs-nonoisenoreduction\/","og_site_name":"Freddy Morezon","article_publisher":"https:\/\/www.facebook.com\/freddy.morezon\/","article_modified_time":"2025-05-22T15:19:40+00:00","og_image":[{"width":1200,"height":1200,"url":"https:\/\/freddymorezon.org\/wp-content\/uploads\/2025\/04\/2025-FreddyTaquine-3-IGLinkedIN-post-sanstextes.jpg","type":"image\/jpeg"}],"twitter_card":"summary_large_image","schema":{"@context":"https:\/\/schema.org","@graph":[{"@type":"WebPage","@id":"https:\/\/freddymorezon.org\/nos-evenements\/21-05-2025-freddy-taquine-3-etenesh-wassie-trio-invite-fabien-duscombs-nonoisenoreduction\/","url":"https:\/\/freddymorezon.org\/nos-evenements\/21-05-2025-freddy-taquine-3-etenesh-wassie-trio-invite-fabien-duscombs-nonoisenoreduction\/","name":"21.05.2025 \/\/ FREDDY TAQUINE #3 - Musique \u00e9thiopienne + NO NOISE NO REDUCTION | Freddy Morezon","isPartOf":{"@id":"https:\/\/freddymorezon.org\/#website"},"primaryImageOfPage":{"@id":"https:\/\/freddymorezon.org\/nos-evenements\/21-05-2025-freddy-taquine-3-etenesh-wassie-trio-invite-fabien-duscombs-nonoisenoreduction\/#primaryimage"},"image":{"@id":"https:\/\/freddymorezon.org\/nos-evenements\/21-05-2025-freddy-taquine-3-etenesh-wassie-trio-invite-fabien-duscombs-nonoisenoreduction\/#primaryimage"},"thumbnailUrl":"https:\/\/freddymorezon.org\/wp-content\/uploads\/2025\/04\/2025-FreddyTaquine-3-IGLinkedIN-post-sanstextes.jpg","datePublished":"2025-03-19T10:04:24+00:00","dateModified":"2025-05-22T15:19:40+00:00","breadcrumb":{"@id":"https:\/\/freddymorezon.org\/nos-evenements\/21-05-2025-freddy-taquine-3-etenesh-wassie-trio-invite-fabien-duscombs-nonoisenoreduction\/#breadcrumb"},"inLanguage":"en-US","potentialAction":[{"@type":"ReadAction","target":["https:\/\/freddymorezon.org\/nos-evenements\/21-05-2025-freddy-taquine-3-etenesh-wassie-trio-invite-fabien-duscombs-nonoisenoreduction\/"]}]},{"@type":"ImageObject","inLanguage":"en-US","@id":"https:\/\/freddymorezon.org\/nos-evenements\/21-05-2025-freddy-taquine-3-etenesh-wassie-trio-invite-fabien-duscombs-nonoisenoreduction\/#primaryimage","url":"https:\/\/freddymorezon.org\/wp-content\/uploads\/2025\/04\/2025-FreddyTaquine-3-IGLinkedIN-post-sanstextes.jpg","contentUrl":"https:\/\/freddymorezon.org\/wp-content\/uploads\/2025\/04\/2025-FreddyTaquine-3-IGLinkedIN-post-sanstextes.jpg","width":1200,"height":1200},{"@type":"BreadcrumbList","@id":"https:\/\/freddymorezon.org\/nos-evenements\/21-05-2025-freddy-taquine-3-etenesh-wassie-trio-invite-fabien-duscombs-nonoisenoreduction\/#breadcrumb","itemListElement":[{"@type":"ListItem","position":1,"name":"Accueil","item":"https:\/\/freddymorezon.org\/"},{"@type":"ListItem","position":2,"name":"Nos \u00e9v\u00e9nements","item":"https:\/\/freddymorezon.org\/nos-evenements\/"},{"@type":"ListItem","position":3,"name":"21.05.2025 \/\/ FREDDY TAQUINE #3 &#8211; Musique \u00e9thiopienne + NO NOISE NO REDUCTION"}]},{"@type":"WebSite","@id":"https:\/\/freddymorezon.org\/#website","url":"https:\/\/freddymorezon.org\/","name":"Freddy Morezon","description":"jazz - musique improvis\u00e9e - esth\u00e9tiques plurielles","publisher":{"@id":"https:\/\/freddymorezon.org\/#organization"},"potentialAction":[{"@type":"SearchAction","target":{"@type":"EntryPoint","urlTemplate":"https:\/\/freddymorezon.org\/?s={search_term_string}"},"query-input":{"@type":"PropertyValueSpecification","valueRequired":true,"valueName":"search_term_string"}}],"inLanguage":"en-US"},{"@type":"Organization","@id":"https:\/\/freddymorezon.org\/#organization","name":"Association Freddy Morezon","url":"https:\/\/freddymorezon.org\/","logo":{"@type":"ImageObject","inLanguage":"en-US","@id":"https:\/\/freddymorezon.org\/#\/schema\/logo\/image\/","url":"https:\/\/freddymorezon.org\/wp-content\/uploads\/2016\/02\/mini-logo-header-site2.jpg","contentUrl":"https:\/\/freddymorezon.org\/wp-content\/uploads\/2016\/02\/mini-logo-header-site2.jpg","width":234,"height":174,"caption":"Association Freddy Morezon"},"image":{"@id":"https:\/\/freddymorezon.org\/#\/schema\/logo\/image\/"},"sameAs":["https:\/\/www.facebook.com\/freddy.morezon\/","https:\/\/www.instagram.com\/freddymorezon\/","https:\/\/www.youtube.com\/user\/freddymorezon","https:\/\/fr.linkedin.com\/company\/freddy-morezon-p.r.o.d."]}]}},"_links":{"self":[{"href":"https:\/\/freddymorezon.org\/en\/wp-json\/wp\/v2\/pages\/22689","targetHints":{"allow":["GET"]}}],"collection":[{"href":"https:\/\/freddymorezon.org\/en\/wp-json\/wp\/v2\/pages"}],"about":[{"href":"https:\/\/freddymorezon.org\/en\/wp-json\/wp\/v2\/types\/page"}],"author":[{"embeddable":true,"href":"https:\/\/freddymorezon.org\/en\/wp-json\/wp\/v2\/users\/1"}],"replies":[{"embeddable":true,"href":"https:\/\/freddymorezon.org\/en\/wp-json\/wp\/v2\/comments?post=22689"}],"version-history":[{"count":4,"href":"https:\/\/freddymorezon.org\/en\/wp-json\/wp\/v2\/pages\/22689\/revisions"}],"predecessor-version":[{"id":22903,"href":"https:\/\/freddymorezon.org\/en\/wp-json\/wp\/v2\/pages\/22689\/revisions\/22903"}],"up":[{"embeddable":true,"href":"https:\/\/freddymorezon.org\/en\/wp-json\/wp\/v2\/pages\/10655"}],"wp:featuredmedia":[{"embeddable":true,"href":"https:\/\/freddymorezon.org\/en\/wp-json\/wp\/v2\/media\/22690"}],"wp:attachment":[{"href":"https:\/\/freddymorezon.org\/en\/wp-json\/wp\/v2\/media?parent=22689"}],"wp:term":[{"taxonomy":"category","embeddable":true,"href":"https:\/\/freddymorezon.org\/en\/wp-json\/wp\/v2\/categories?post=22689"},{"taxonomy":"post_tag","embeddable":true,"href":"https:\/\/freddymorezon.org\/en\/wp-json\/wp\/v2\/tags?post=22689"}],"curies":[{"name":"wp","href":"https:\/\/api.w.org\/{rel}","templated":true}]}}