
{"id":22693,"date":"2025-03-22T19:00:52","date_gmt":"2025-03-22T17:00:52","guid":{"rendered":"https:\/\/freddymorezon.org\/?page_id=22693"},"modified":"2025-07-18T10:58:56","modified_gmt":"2025-07-18T08:58:56","slug":"05-07-2025-soiree-freddy-morezon-a-la-maison-malepere","status":"publish","type":"page","link":"https:\/\/freddymorezon.org\/en\/nos-evenements\/05-07-2025-soiree-freddy-morezon-a-la-maison-malepere\/","title":{"rendered":"05.07.2025 \/\/ Soir\u00e9e Freddy Morezon \u00e0 la Maison Malep\u00e8re"},"content":{"rendered":"<div id=\"pl-22693\"  class=\"panel-layout\" ><div id=\"pg-22693-0\"  class=\"panel-grid panel-no-style\" ><div id=\"pgc-22693-0-0\"  class=\"panel-grid-cell\" ><div id=\"panel-22693-0-0-0\" class=\"so-panel widget widget_sow-image panel-first-child\" data-index=\"0\" ><div\n\t\t\t\n\t\t\tclass=\"so-widget-sow-image so-widget-sow-image-default-8b5b6f678277-22693\"\n\t\t\t\n\t\t>\n<div class=\"sow-image-container\">\n\t\t<img \n\tsrc=\"https:\/\/freddymorezon.org\/wp-content\/uploads\/2025\/05\/Maison-Malepere.png\" width=\"1080\" height=\"1080\" srcset=\"https:\/\/freddymorezon.org\/wp-content\/uploads\/2025\/05\/Maison-Malepere.png 1080w, https:\/\/freddymorezon.org\/wp-content\/uploads\/2025\/05\/Maison-Malepere-800x800.png 800w, https:\/\/freddymorezon.org\/wp-content\/uploads\/2025\/05\/Maison-Malepere-150x150.png 150w, https:\/\/freddymorezon.org\/wp-content\/uploads\/2025\/05\/Maison-Malepere-400x400.png 400w, https:\/\/freddymorezon.org\/wp-content\/uploads\/2025\/05\/Maison-Malepere-100x100.png 100w, https:\/\/freddymorezon.org\/wp-content\/uploads\/2025\/05\/Maison-Malepere-300x300.png 300w\" sizes=\"(max-width: 1080px) 100vw, 1080px\" title=\"Maison Malepere\" alt=\"\" \t\tclass=\"so-widget-image\"\/>\n\t<\/div>\n\n<\/div><\/div><div id=\"panel-22693-0-0-1\" class=\"so-panel widget widget_sow-headline\" data-index=\"1\" ><div\n\t\t\t\n\t\t\tclass=\"so-widget-sow-headline so-widget-sow-headline-default-33958b114544-22693\"\n\t\t\t\n\t\t><div class=\"sow-headline-container \">\n\t\t\t\t\t\t<div class=\"decoration\">\n\t\t\t\t\t\t<div class=\"decoration-inside\"><\/div>\n\t\t\t\t\t<\/div>\n\t\t\t\t\t<\/div>\n<\/div><\/div><div id=\"panel-22693-0-0-2\" class=\"so-panel widget widget_sow-editor\" data-index=\"2\" ><div\n\t\t\t\n\t\t\tclass=\"so-widget-sow-editor so-widget-sow-editor-base\"\n\t\t\t\n\t\t><h3 class=\"widget-title\">INFOS PRATIQUES<\/h3>\n<div class=\"siteorigin-widget-tinymce textwidget\">\n\t<p>Samedi 5 juillet<br \/>\nMaison Malep\u00e8re - 116 bis route de Lab\u00e8ge - Toulouse<br \/>\nEntr\u00e9e libre - Tout public<br \/>\nBar et restauration sur place<\/p>\n<\/div>\n<\/div><\/div><div id=\"panel-22693-0-0-3\" class=\"so-panel widget widget_sow-button\" data-index=\"3\" ><div\n\t\t\t\n\t\t\tclass=\"so-widget-sow-button so-widget-sow-button-flat-a657a074bb6d-22693\"\n\t\t\t\n\t\t><div class=\"ow-button-base ow-button-align-left\"\n>\n\t\t\t<a\n\t\t\t\t\thref=\"https:\/\/www.maisonmalepere.fr\/\"\n\t\t\t\t\tclass=\"sowb-button ow-icon-placement-left ow-button-hover\" \t>\n\t\t<span>\n\t\t\t\n\t\t\tPlus d'infos\t\t<\/span>\n\t\t\t<\/a>\n\t<\/div>\n<\/div><\/div><div id=\"panel-22693-0-0-4\" class=\"so-panel widget widget_sow-headline\" data-index=\"4\" ><div\n\t\t\t\n\t\t\tclass=\"so-widget-sow-headline so-widget-sow-headline-default-33958b114544-22693\"\n\t\t\t\n\t\t><div class=\"sow-headline-container \">\n\t\t\t\t\t\t<div class=\"decoration\">\n\t\t\t\t\t\t<div class=\"decoration-inside\"><\/div>\n\t\t\t\t\t<\/div>\n\t\t\t\t\t<\/div>\n<\/div><\/div><div id=\"panel-22693-0-0-5\" class=\"so-panel widget widget_sow-editor\" data-index=\"5\" ><div\n\t\t\t\n\t\t\tclass=\"so-widget-sow-editor so-widget-sow-editor-base\"\n\t\t\t\n\t\t><h3 class=\"widget-title\">LIENS<\/h3>\n<div class=\"siteorigin-widget-tinymce textwidget\">\n\t<p><a href=\"https:\/\/freddymorezon.org\/artistes\/florian-nastorg\/\">Florian Nastorg<\/a><br \/>\n<a href=\"https:\/\/freddymorezon.org\/productions\/seul\/\">SEUL<\/a><\/p>\n<p><a href=\"https:\/\/freddymorezon.org\/artistes\/andy-leveque\/\">Andy L\u00e9v\u00eaque<\/a><br \/>\n<a href=\"https:\/\/freddymorezon.org\/catalogue\/mister-bishop-solo\/\">Mister Bishop<\/a><\/p>\n<p><a href=\"https:\/\/www.facebook.com\/virageravage\/\">Virage Ravage<\/a><\/p>\n<p><a href=\"https:\/\/www.maisonmalepere.fr\/\">Maison Malep\u00e8re<\/a><\/p>\n<\/div>\n<\/div><\/div><div id=\"panel-22693-0-0-6\" class=\"so-panel widget widget_sow-button panel-last-child\" data-index=\"6\" ><div\n\t\t\t\n\t\t\tclass=\"so-widget-sow-button so-widget-sow-button-flat-a657a074bb6d-22693\"\n\t\t\t\n\t\t><div class=\"ow-button-base ow-button-align-left\"\n>\n\t\t\t<a\n\t\t\t\t\thref=\"https:\/\/freddymorezon.org\/nos-evenements\/\"\n\t\t\t\t\tclass=\"sowb-button ow-icon-placement-left ow-button-hover\" \t>\n\t\t<span>\n\t\t\t\n\t\t\tRetour \u00e0 la page \u00c9v\u00e9nements\t\t<\/span>\n\t\t\t<\/a>\n\t<\/div>\n<\/div><\/div><\/div><div id=\"pgc-22693-0-1\"  class=\"panel-grid-cell\" ><div id=\"panel-22693-0-1-0\" class=\"so-panel widget widget_sow-headline panel-first-child\" data-index=\"7\" ><div\n\t\t\t\n\t\t\tclass=\"so-widget-sow-headline so-widget-sow-headline-default-d42322c5b14c-22693\"\n\t\t\t\n\t\t><div class=\"sow-headline-container \">\n\t\t\t\t\t\t\t<h2 class=\"sow-headline\">\n\t\t\t\t\t\tSOIREE FREDDY MOREZON \u00c0 LA MAISON MALEPERE\t\t\t\t\t\t<\/h2>\n\t\t\t\t\t\t\t\t\t\t\t<div class=\"decoration\">\n\t\t\t\t\t\t<div class=\"decoration-inside\"><\/div>\n\t\t\t\t\t<\/div>\n\t\t\t\t\t<\/div>\n<\/div><\/div><div id=\"panel-22693-0-1-1\" class=\"so-panel widget widget_sow-editor\" data-index=\"8\" ><div\n\t\t\t\n\t\t\tclass=\"so-widget-sow-editor so-widget-sow-editor-base\"\n\t\t\t\n\t\t>\n<div class=\"siteorigin-widget-tinymce textwidget\">\n\t<p><strong>SEUL - Florian Nastorg solo<br \/>\n<\/strong>Un saxophone<br \/>\nUn saxophoniste<br \/>\nDe l\u2019improvisation \u00e0 tout les coups<\/p>\n<p>SEUL \u00e9voque les cailloux du causse du Quercy, le br\u00fblot free-jazz, la d\u00e9ferlante sonore des musiques d\u00e9lib\u00e9r\u00e9ment acoustiques ou abondamment \u00e9lectrifi\u00e9es, l\u2019orchestre classique du d\u00e9but du XX\u00b0 et pl\u00e9thore de musiques traditionnelles du Rouergue \u00e0 l\u2019Indon\u00e9sie.<br \/>\nLe r\u00e9pertoire a \u00e9t\u00e9 glan\u00e9 \u00e7a et l\u00e0 au fil des ans et des rencontres. Il vient perp\u00e9tuer le lien avec des personnes disparues qui ont compt\u00e9 et c\u00e9l\u00e8bre \u00e9galement des relations toujours vivaces avec des \u00eatres bien vivants.<br \/>\nIl en r\u00e9sulte une musique suspendue, sculpturale, aux accents doom, dans laquelle les murs et les \u00e2mes jouent autant que le saxophone.<\/p>\n<p>RESERVOIR \/\u00a0 Album \u00e0 sortir chez Pagans en juin 2025<strong><\/strong><\/p>\n<p>Florian Nastorg : Saxophone baryton<strong><br \/>\n<\/strong><\/p>\n<p><strong>MISTER BISHOP - Andy L\u00e9v\u00eaque<br \/>\n<i>solo transe-orchestrale<\/i><br \/>\n<\/strong><\/p>\n<p>Mister Bishop met ses pieds en mouvement pour faire remuer ceux des autres. Juch\u00e9 sur sa grosse caisse, il nourrit un esprit bricole avec un instrumentarium qui n\u2019a de cesse de s\u2019\u00e9toffer\u00a0: saxophone, percussions p\u00e9destres, multi-fl\u00fbtes, mini-p\u00e9dales \u00e0 clochettes et m\u00e9lodicas \u00e0 soufflet. L\u2019homme-orchestre empile m\u00e9lodies alambiqu\u00e9es et percussions survitamin\u00e9es avec sa mani\u00e8re po\u00e9tique de faire compliqu\u00e9 pour faire simple, ou plut\u00f4t pour faire brut.<\/p>\n<p>Andy L\u00e9v\u00eaque : Saxophone alto, saxophone, grosse caisse, tambourin, po\u00eale, bricolages\u2026<\/p>\n<p><strong>VIRAGE RAVAGE<br \/>\n<i>musique curieuse<\/i><br \/>\n<\/strong><\/p>\n<p>Savourant l'usure du geste, apprivoisant les dissonances, elles explorent les textures acoustiques de leurs instruments. Une transe sensible, de la r\u00e9p\u00e9tition \u00e0 l'interruption, de la bulle \u00e0 la rupture, o\u00f9 la voix s'immisce pour se d\u00e9caler, rire, exploser, divaguer avec le public. Les compositions du duo sont bas\u00e9es sur l'improvisation et enchev\u00eatrent influences trad, jazz et <b><\/b>exp\u00e9rimentales.<\/p>\n<p>Agathe Pitarch : accord\u00e9on, voix<br \/>\nGladys Vantrepotte : gadulka, voix<\/p>\n<\/div>\n<\/div><\/div><div id=\"panel-22693-0-1-2\" class=\"so-panel widget widget_sow-image panel-last-child\" data-index=\"9\" ><div\n\t\t\t\n\t\t\tclass=\"so-widget-sow-image so-widget-sow-image-default-8b5b6f678277-22693\"\n\t\t\t\n\t\t><\/div><\/div><\/div><\/div><\/div>","protected":false},"excerpt":{"rendered":"<p>Samedi 5 juillet Maison Malep\u00e8re &#8211; 116 bis route de Lab\u00e8ge &#8211; Toulouse Entr\u00e9e libre &#8211; Tout public Bar et restauration sur place Florian Nastorg SEUL Andy L\u00e9v\u00eaque Mister Bishop Virage Ravage Maison Malep\u00e8re SEUL &#8211; Florian Nastorg solo Un saxophone Un saxophoniste De l\u2019improvisation \u00e0 tout les coups SEUL \u00e9voque les cailloux du causse&hellip;<\/p>\n<p><a class=\"more-link\" href=\"https:\/\/freddymorezon.org\/en\/nos-evenements\/05-07-2025-soiree-freddy-morezon-a-la-maison-malepere\/\" title=\"Continue reading &lsquo;05.07.2025 \/\/ Soir\u00e9e Freddy Morezon \u00e0 la Maison Malep\u00e8re&rsquo;\">Continue reading <span class=\"meta-nav\">&rarr;<\/span><\/a><\/p>\n","protected":false},"author":1,"featured_media":22904,"parent":10655,"menu_order":0,"comment_status":"closed","ping_status":"closed","template":"page-templates\/full-width.php","meta":{"om_disable_all_campaigns":false,"_monsterinsights_skip_tracking":false,"_monsterinsights_sitenote_active":false,"_monsterinsights_sitenote_note":"","_monsterinsights_sitenote_category":0,"_uf_show_specific_survey":0,"_uf_disable_surveys":false,"footnotes":""},"categories":[1401],"tags":[],"class_list":["post-22693","page","type-page","status-publish","has-post-thumbnail","hentry","category-nos-evenements-passes"],"aioseo_notices":[],"yoast_head":"<!-- This site is optimized with the Yoast SEO plugin v27.3 - https:\/\/yoast.com\/product\/yoast-seo-wordpress\/ -->\n<title>05.07.2025 \/\/ Soir\u00e9e Freddy Morezon \u00e0 la Maison Malep\u00e8re | Freddy Morezon<\/title>\n<meta name=\"robots\" content=\"index, follow, max-snippet:-1, max-image-preview:large, max-video-preview:-1\" \/>\n<link rel=\"canonical\" href=\"https:\/\/freddymorezon.org\/nos-evenements\/05-07-2025-soiree-freddy-morezon-a-la-maison-malepere\/\" \/>\n<meta property=\"og:locale\" content=\"en_US\" \/>\n<meta property=\"og:type\" content=\"article\" \/>\n<meta property=\"og:title\" content=\"05.07.2025 \/\/ Soir\u00e9e Freddy Morezon \u00e0 la Maison Malep\u00e8re | Freddy Morezon\" \/>\n<meta property=\"og:description\" content=\"Samedi 5 juillet Maison Malep\u00e8re - 116 bis route de Lab\u00e8ge - Toulouse Entr\u00e9e libre - Tout public Bar et restauration sur place Florian Nastorg SEUL Andy L\u00e9v\u00eaque Mister Bishop Virage Ravage Maison Malep\u00e8re SEUL - Florian Nastorg solo Un saxophone Un saxophoniste De l\u2019improvisation \u00e0 tout les coups SEUL \u00e9voque les cailloux du causse&hellip;Continue reading &rarr;\" \/>\n<meta property=\"og:url\" content=\"https:\/\/freddymorezon.org\/nos-evenements\/05-07-2025-soiree-freddy-morezon-a-la-maison-malepere\/\" \/>\n<meta property=\"og:site_name\" content=\"Freddy Morezon\" \/>\n<meta property=\"article:publisher\" content=\"https:\/\/www.facebook.com\/freddy.morezon\/\" \/>\n<meta property=\"article:modified_time\" content=\"2025-07-18T08:58:56+00:00\" \/>\n<meta property=\"og:image\" content=\"https:\/\/freddymorezon.org\/wp-content\/uploads\/2025\/05\/Maison-Malepere.png\" \/>\n\t<meta property=\"og:image:width\" content=\"1080\" \/>\n\t<meta property=\"og:image:height\" content=\"1080\" \/>\n\t<meta property=\"og:image:type\" content=\"image\/png\" \/>\n<meta name=\"twitter:card\" content=\"summary_large_image\" \/>\n<script type=\"application\/ld+json\" class=\"yoast-schema-graph\">{\"@context\":\"https:\\\/\\\/schema.org\",\"@graph\":[{\"@type\":\"WebPage\",\"@id\":\"https:\\\/\\\/freddymorezon.org\\\/nos-evenements\\\/05-07-2025-soiree-freddy-morezon-a-la-maison-malepere\\\/\",\"url\":\"https:\\\/\\\/freddymorezon.org\\\/nos-evenements\\\/05-07-2025-soiree-freddy-morezon-a-la-maison-malepere\\\/\",\"name\":\"05.07.2025 \\\/\\\/ Soir\u00e9e Freddy Morezon \u00e0 la Maison Malep\u00e8re | Freddy Morezon\",\"isPartOf\":{\"@id\":\"https:\\\/\\\/freddymorezon.org\\\/#website\"},\"primaryImageOfPage\":{\"@id\":\"https:\\\/\\\/freddymorezon.org\\\/nos-evenements\\\/05-07-2025-soiree-freddy-morezon-a-la-maison-malepere\\\/#primaryimage\"},\"image\":{\"@id\":\"https:\\\/\\\/freddymorezon.org\\\/nos-evenements\\\/05-07-2025-soiree-freddy-morezon-a-la-maison-malepere\\\/#primaryimage\"},\"thumbnailUrl\":\"https:\\\/\\\/freddymorezon.org\\\/wp-content\\\/uploads\\\/2025\\\/05\\\/Maison-Malepere.png\",\"datePublished\":\"2025-03-22T17:00:52+00:00\",\"dateModified\":\"2025-07-18T08:58:56+00:00\",\"breadcrumb\":{\"@id\":\"https:\\\/\\\/freddymorezon.org\\\/nos-evenements\\\/05-07-2025-soiree-freddy-morezon-a-la-maison-malepere\\\/#breadcrumb\"},\"inLanguage\":\"en-US\",\"potentialAction\":[{\"@type\":\"ReadAction\",\"target\":[\"https:\\\/\\\/freddymorezon.org\\\/nos-evenements\\\/05-07-2025-soiree-freddy-morezon-a-la-maison-malepere\\\/\"]}]},{\"@type\":\"ImageObject\",\"inLanguage\":\"en-US\",\"@id\":\"https:\\\/\\\/freddymorezon.org\\\/nos-evenements\\\/05-07-2025-soiree-freddy-morezon-a-la-maison-malepere\\\/#primaryimage\",\"url\":\"https:\\\/\\\/freddymorezon.org\\\/wp-content\\\/uploads\\\/2025\\\/05\\\/Maison-Malepere.png\",\"contentUrl\":\"https:\\\/\\\/freddymorezon.org\\\/wp-content\\\/uploads\\\/2025\\\/05\\\/Maison-Malepere.png\",\"width\":1080,\"height\":1080},{\"@type\":\"BreadcrumbList\",\"@id\":\"https:\\\/\\\/freddymorezon.org\\\/nos-evenements\\\/05-07-2025-soiree-freddy-morezon-a-la-maison-malepere\\\/#breadcrumb\",\"itemListElement\":[{\"@type\":\"ListItem\",\"position\":1,\"name\":\"Accueil\",\"item\":\"https:\\\/\\\/freddymorezon.org\\\/\"},{\"@type\":\"ListItem\",\"position\":2,\"name\":\"Nos \u00e9v\u00e9nements\",\"item\":\"https:\\\/\\\/freddymorezon.org\\\/nos-evenements\\\/\"},{\"@type\":\"ListItem\",\"position\":3,\"name\":\"05.07.2025 \\\/\\\/ Soir\u00e9e Freddy Morezon \u00e0 la Maison Malep\u00e8re\"}]},{\"@type\":\"WebSite\",\"@id\":\"https:\\\/\\\/freddymorezon.org\\\/#website\",\"url\":\"https:\\\/\\\/freddymorezon.org\\\/\",\"name\":\"Freddy Morezon\",\"description\":\"jazz - musique improvis\u00e9e - esth\u00e9tiques plurielles\",\"publisher\":{\"@id\":\"https:\\\/\\\/freddymorezon.org\\\/#organization\"},\"potentialAction\":[{\"@type\":\"SearchAction\",\"target\":{\"@type\":\"EntryPoint\",\"urlTemplate\":\"https:\\\/\\\/freddymorezon.org\\\/?s={search_term_string}\"},\"query-input\":{\"@type\":\"PropertyValueSpecification\",\"valueRequired\":true,\"valueName\":\"search_term_string\"}}],\"inLanguage\":\"en-US\"},{\"@type\":\"Organization\",\"@id\":\"https:\\\/\\\/freddymorezon.org\\\/#organization\",\"name\":\"Association Freddy Morezon\",\"url\":\"https:\\\/\\\/freddymorezon.org\\\/\",\"logo\":{\"@type\":\"ImageObject\",\"inLanguage\":\"en-US\",\"@id\":\"https:\\\/\\\/freddymorezon.org\\\/#\\\/schema\\\/logo\\\/image\\\/\",\"url\":\"https:\\\/\\\/freddymorezon.org\\\/wp-content\\\/uploads\\\/2016\\\/02\\\/mini-logo-header-site2.jpg\",\"contentUrl\":\"https:\\\/\\\/freddymorezon.org\\\/wp-content\\\/uploads\\\/2016\\\/02\\\/mini-logo-header-site2.jpg\",\"width\":234,\"height\":174,\"caption\":\"Association Freddy Morezon\"},\"image\":{\"@id\":\"https:\\\/\\\/freddymorezon.org\\\/#\\\/schema\\\/logo\\\/image\\\/\"},\"sameAs\":[\"https:\\\/\\\/www.facebook.com\\\/freddy.morezon\\\/\",\"https:\\\/\\\/www.instagram.com\\\/freddymorezon\\\/\",\"https:\\\/\\\/www.youtube.com\\\/user\\\/freddymorezon\",\"https:\\\/\\\/fr.linkedin.com\\\/company\\\/freddy-morezon-p.r.o.d.\"]}]}<\/script>\n<!-- \/ Yoast SEO plugin. -->","yoast_head_json":{"title":"05.07.2025 \/\/ Soir\u00e9e Freddy Morezon \u00e0 la Maison Malep\u00e8re | Freddy Morezon","robots":{"index":"index","follow":"follow","max-snippet":"max-snippet:-1","max-image-preview":"max-image-preview:large","max-video-preview":"max-video-preview:-1"},"canonical":"https:\/\/freddymorezon.org\/nos-evenements\/05-07-2025-soiree-freddy-morezon-a-la-maison-malepere\/","og_locale":"en_US","og_type":"article","og_title":"05.07.2025 \/\/ Soir\u00e9e Freddy Morezon \u00e0 la Maison Malep\u00e8re | Freddy Morezon","og_description":"Samedi 5 juillet Maison Malep\u00e8re - 116 bis route de Lab\u00e8ge - Toulouse Entr\u00e9e libre - Tout public Bar et restauration sur place Florian Nastorg SEUL Andy L\u00e9v\u00eaque Mister Bishop Virage Ravage Maison Malep\u00e8re SEUL - Florian Nastorg solo Un saxophone Un saxophoniste De l\u2019improvisation \u00e0 tout les coups SEUL \u00e9voque les cailloux du causse&hellip;Continue reading &rarr;","og_url":"https:\/\/freddymorezon.org\/nos-evenements\/05-07-2025-soiree-freddy-morezon-a-la-maison-malepere\/","og_site_name":"Freddy Morezon","article_publisher":"https:\/\/www.facebook.com\/freddy.morezon\/","article_modified_time":"2025-07-18T08:58:56+00:00","og_image":[{"width":1080,"height":1080,"url":"https:\/\/freddymorezon.org\/wp-content\/uploads\/2025\/05\/Maison-Malepere.png","type":"image\/png"}],"twitter_card":"summary_large_image","schema":{"@context":"https:\/\/schema.org","@graph":[{"@type":"WebPage","@id":"https:\/\/freddymorezon.org\/nos-evenements\/05-07-2025-soiree-freddy-morezon-a-la-maison-malepere\/","url":"https:\/\/freddymorezon.org\/nos-evenements\/05-07-2025-soiree-freddy-morezon-a-la-maison-malepere\/","name":"05.07.2025 \/\/ Soir\u00e9e Freddy Morezon \u00e0 la Maison Malep\u00e8re | Freddy Morezon","isPartOf":{"@id":"https:\/\/freddymorezon.org\/#website"},"primaryImageOfPage":{"@id":"https:\/\/freddymorezon.org\/nos-evenements\/05-07-2025-soiree-freddy-morezon-a-la-maison-malepere\/#primaryimage"},"image":{"@id":"https:\/\/freddymorezon.org\/nos-evenements\/05-07-2025-soiree-freddy-morezon-a-la-maison-malepere\/#primaryimage"},"thumbnailUrl":"https:\/\/freddymorezon.org\/wp-content\/uploads\/2025\/05\/Maison-Malepere.png","datePublished":"2025-03-22T17:00:52+00:00","dateModified":"2025-07-18T08:58:56+00:00","breadcrumb":{"@id":"https:\/\/freddymorezon.org\/nos-evenements\/05-07-2025-soiree-freddy-morezon-a-la-maison-malepere\/#breadcrumb"},"inLanguage":"en-US","potentialAction":[{"@type":"ReadAction","target":["https:\/\/freddymorezon.org\/nos-evenements\/05-07-2025-soiree-freddy-morezon-a-la-maison-malepere\/"]}]},{"@type":"ImageObject","inLanguage":"en-US","@id":"https:\/\/freddymorezon.org\/nos-evenements\/05-07-2025-soiree-freddy-morezon-a-la-maison-malepere\/#primaryimage","url":"https:\/\/freddymorezon.org\/wp-content\/uploads\/2025\/05\/Maison-Malepere.png","contentUrl":"https:\/\/freddymorezon.org\/wp-content\/uploads\/2025\/05\/Maison-Malepere.png","width":1080,"height":1080},{"@type":"BreadcrumbList","@id":"https:\/\/freddymorezon.org\/nos-evenements\/05-07-2025-soiree-freddy-morezon-a-la-maison-malepere\/#breadcrumb","itemListElement":[{"@type":"ListItem","position":1,"name":"Accueil","item":"https:\/\/freddymorezon.org\/"},{"@type":"ListItem","position":2,"name":"Nos \u00e9v\u00e9nements","item":"https:\/\/freddymorezon.org\/nos-evenements\/"},{"@type":"ListItem","position":3,"name":"05.07.2025 \/\/ Soir\u00e9e Freddy Morezon \u00e0 la Maison Malep\u00e8re"}]},{"@type":"WebSite","@id":"https:\/\/freddymorezon.org\/#website","url":"https:\/\/freddymorezon.org\/","name":"Freddy Morezon","description":"jazz - musique improvis\u00e9e - esth\u00e9tiques plurielles","publisher":{"@id":"https:\/\/freddymorezon.org\/#organization"},"potentialAction":[{"@type":"SearchAction","target":{"@type":"EntryPoint","urlTemplate":"https:\/\/freddymorezon.org\/?s={search_term_string}"},"query-input":{"@type":"PropertyValueSpecification","valueRequired":true,"valueName":"search_term_string"}}],"inLanguage":"en-US"},{"@type":"Organization","@id":"https:\/\/freddymorezon.org\/#organization","name":"Association Freddy Morezon","url":"https:\/\/freddymorezon.org\/","logo":{"@type":"ImageObject","inLanguage":"en-US","@id":"https:\/\/freddymorezon.org\/#\/schema\/logo\/image\/","url":"https:\/\/freddymorezon.org\/wp-content\/uploads\/2016\/02\/mini-logo-header-site2.jpg","contentUrl":"https:\/\/freddymorezon.org\/wp-content\/uploads\/2016\/02\/mini-logo-header-site2.jpg","width":234,"height":174,"caption":"Association Freddy Morezon"},"image":{"@id":"https:\/\/freddymorezon.org\/#\/schema\/logo\/image\/"},"sameAs":["https:\/\/www.facebook.com\/freddy.morezon\/","https:\/\/www.instagram.com\/freddymorezon\/","https:\/\/www.youtube.com\/user\/freddymorezon","https:\/\/fr.linkedin.com\/company\/freddy-morezon-p.r.o.d."]}]}},"_links":{"self":[{"href":"https:\/\/freddymorezon.org\/en\/wp-json\/wp\/v2\/pages\/22693","targetHints":{"allow":["GET"]}}],"collection":[{"href":"https:\/\/freddymorezon.org\/en\/wp-json\/wp\/v2\/pages"}],"about":[{"href":"https:\/\/freddymorezon.org\/en\/wp-json\/wp\/v2\/types\/page"}],"author":[{"embeddable":true,"href":"https:\/\/freddymorezon.org\/en\/wp-json\/wp\/v2\/users\/1"}],"replies":[{"embeddable":true,"href":"https:\/\/freddymorezon.org\/en\/wp-json\/wp\/v2\/comments?post=22693"}],"version-history":[{"count":10,"href":"https:\/\/freddymorezon.org\/en\/wp-json\/wp\/v2\/pages\/22693\/revisions"}],"predecessor-version":[{"id":23227,"href":"https:\/\/freddymorezon.org\/en\/wp-json\/wp\/v2\/pages\/22693\/revisions\/23227"}],"up":[{"embeddable":true,"href":"https:\/\/freddymorezon.org\/en\/wp-json\/wp\/v2\/pages\/10655"}],"wp:featuredmedia":[{"embeddable":true,"href":"https:\/\/freddymorezon.org\/en\/wp-json\/wp\/v2\/media\/22904"}],"wp:attachment":[{"href":"https:\/\/freddymorezon.org\/en\/wp-json\/wp\/v2\/media?parent=22693"}],"wp:term":[{"taxonomy":"category","embeddable":true,"href":"https:\/\/freddymorezon.org\/en\/wp-json\/wp\/v2\/categories?post=22693"},{"taxonomy":"post_tag","embeddable":true,"href":"https:\/\/freddymorezon.org\/en\/wp-json\/wp\/v2\/tags?post=22693"}],"curies":[{"name":"wp","href":"https:\/\/api.w.org\/{rel}","templated":true}]}}