
{"id":22783,"date":"2025-03-22T18:41:44","date_gmt":"2025-03-22T16:41:44","guid":{"rendered":"https:\/\/freddymorezon.org\/?page_id=22783"},"modified":"2025-06-06T15:24:36","modified_gmt":"2025-06-06T13:24:36","slug":"05-06-2025-saint-cyprien-en-fete-mister-bishop","status":"publish","type":"page","link":"https:\/\/freddymorezon.org\/en\/nos-evenements\/05-06-2025-saint-cyprien-en-fete-mister-bishop\/","title":{"rendered":"05.06.2025 \/\/ Saint-Cyprien en f\u00eate &#8211; Mister Bishop"},"content":{"rendered":"<div id=\"pl-22783\"  class=\"panel-layout\" ><div id=\"pg-22783-0\"  class=\"panel-grid panel-no-style\" ><div id=\"pgc-22783-0-0\"  class=\"panel-grid-cell\" ><div id=\"panel-22783-0-0-0\" class=\"so-panel widget widget_sow-image panel-first-child\" data-index=\"0\" ><div\n\t\t\t\n\t\t\tclass=\"so-widget-sow-image so-widget-sow-image-default-8b5b6f678277-22783\"\n\t\t\t\n\t\t>\n<div class=\"sow-image-container\">\n\t\t<img \n\tsrc=\"https:\/\/freddymorezon.org\/wp-content\/uploads\/2025\/04\/Vignette-St-Cyp-25.png\" width=\"1080\" height=\"1080\" srcset=\"https:\/\/freddymorezon.org\/wp-content\/uploads\/2025\/04\/Vignette-St-Cyp-25.png 1080w, https:\/\/freddymorezon.org\/wp-content\/uploads\/2025\/04\/Vignette-St-Cyp-25-800x800.png 800w, https:\/\/freddymorezon.org\/wp-content\/uploads\/2025\/04\/Vignette-St-Cyp-25-150x150.png 150w, https:\/\/freddymorezon.org\/wp-content\/uploads\/2025\/04\/Vignette-St-Cyp-25-400x400.png 400w, https:\/\/freddymorezon.org\/wp-content\/uploads\/2025\/04\/Vignette-St-Cyp-25-100x100.png 100w, https:\/\/freddymorezon.org\/wp-content\/uploads\/2025\/04\/Vignette-St-Cyp-25-300x300.png 300w\" sizes=\"(max-width: 1080px) 100vw, 1080px\" title=\"Vignette St Cyp 25\" alt=\"\" \t\tclass=\"so-widget-image\"\/>\n\t<\/div>\n\n<\/div><\/div><div id=\"panel-22783-0-0-1\" class=\"so-panel widget widget_sow-headline\" data-index=\"1\" ><div\n\t\t\t\n\t\t\tclass=\"so-widget-sow-headline so-widget-sow-headline-default-7f8f2d03a0dd-22783\"\n\t\t\t\n\t\t><div class=\"sow-headline-container \">\n\t\t\t\t\t\t<div class=\"decoration\">\n\t\t\t\t\t\t<div class=\"decoration-inside\"><\/div>\n\t\t\t\t\t<\/div>\n\t\t\t\t\t<\/div>\n<\/div><\/div><div id=\"panel-22783-0-0-2\" class=\"so-panel widget widget_sow-editor\" data-index=\"2\" ><div\n\t\t\t\n\t\t\tclass=\"so-widget-sow-editor so-widget-sow-editor-base\"\n\t\t\t\n\t\t><h3 class=\"widget-title\">INFOS PRATIQUES<\/h3>\n<div class=\"siteorigin-widget-tinymce textwidget\">\n\t<p>L'Estaminot, 8 rue du pont Saint-Pierre, Toulouse<br \/>\nJeudi 5 juin - 19h<br \/>\nDur\u00e9e\u00a0 50 min<br \/>\nGratuit - Tout public<\/p>\n<\/div>\n<\/div><\/div><div id=\"panel-22783-0-0-3\" class=\"so-panel widget widget_sow-button\" data-index=\"3\" ><div\n\t\t\t\n\t\t\tclass=\"so-widget-sow-button so-widget-sow-button-flat-cb572f9a7b4c-22783\"\n\t\t\t\n\t\t><div class=\"ow-button-base ow-button-align-center\"\n>\n\t\t\t<a\n\t\t\t\tclass=\"sowb-button ow-icon-placement-left ow-button-hover\" \t>\n\t\t<span>\n\t\t\t\n\t\t\t\t\t<\/span>\n\t\t\t<\/a>\n\t<\/div>\n<\/div><\/div><div id=\"panel-22783-0-0-4\" class=\"so-panel widget widget_sow-headline\" data-index=\"4\" ><div\n\t\t\t\n\t\t\tclass=\"so-widget-sow-headline so-widget-sow-headline-default-ec1eb4cebc48-22783\"\n\t\t\t\n\t\t><div class=\"sow-headline-container \">\n\t\t\t\t\t\t<div class=\"decoration\">\n\t\t\t\t\t\t<div class=\"decoration-inside\"><\/div>\n\t\t\t\t\t<\/div>\n\t\t\t\t\t<\/div>\n<\/div><\/div><div id=\"panel-22783-0-0-5\" class=\"so-panel widget widget_sow-editor\" data-index=\"5\" ><div\n\t\t\t\n\t\t\tclass=\"so-widget-sow-editor so-widget-sow-editor-base\"\n\t\t\t\n\t\t><h3 class=\"widget-title\">LIENS<\/h3>\n<div class=\"siteorigin-widget-tinymce textwidget\">\n\t<p><a href=\"https:\/\/freddymorezon.org\/catalogue\/mister-bishop-solo\/\">Mister Bishop<\/a><\/p>\n<p><a href=\"https:\/\/www.facebook.com\/saintcypenfete\/?locale=fr_FR\">Saint-Cyprien en f\u00eate 25<\/a><br \/>\n<a href=\"https:\/\/www.facebook.com\/profile.php?id=100063717933828&sk=about&locale=fr_FR\">L'Estaminot<\/a><\/p>\n<\/div>\n<\/div><\/div><div id=\"panel-22783-0-0-6\" class=\"so-panel widget widget_sow-button panel-last-child\" data-index=\"6\" ><div\n\t\t\t\n\t\t\tclass=\"so-widget-sow-button so-widget-sow-button-flat-64acfb12212d-22783\"\n\t\t\t\n\t\t><div class=\"ow-button-base ow-button-align-center\"\n>\n\t\t\t<a\n\t\t\t\t\thref=\"https:\/\/freddymorezon.org\/nos-evenements\/\"\n\t\t\t\t\tclass=\"sowb-button ow-icon-placement-left ow-button-hover\" \t>\n\t\t<span>\n\t\t\t\n\t\t\tRetour \u00e0 la page \u00c9v\u00e9nements\t\t<\/span>\n\t\t\t<\/a>\n\t<\/div>\n<\/div><\/div><\/div><div id=\"pgc-22783-0-1\"  class=\"panel-grid-cell\" ><div id=\"panel-22783-0-1-0\" class=\"so-panel widget widget_sow-headline panel-first-child\" data-index=\"7\" ><div\n\t\t\t\n\t\t\tclass=\"so-widget-sow-headline so-widget-sow-headline-default-ec1eb4cebc48-22783\"\n\t\t\t\n\t\t><div class=\"sow-headline-container \">\n\t\t\t\t\t\t\t<h2 class=\"sow-headline\">\n\t\t\t\t\t\tSAINT-CYPRIEN EN F\u00caTE 2025\t\t\t\t\t\t<\/h2>\n\t\t\t\t\t\t\t\t\t\t\t<div class=\"decoration\">\n\t\t\t\t\t\t<div class=\"decoration-inside\"><\/div>\n\t\t\t\t\t<\/div>\n\t\t\t\t\t<\/div>\n<\/div><\/div><div id=\"panel-22783-0-1-1\" class=\"so-panel widget widget_sow-editor\" data-index=\"8\" ><div\n\t\t\t\n\t\t\tclass=\"so-widget-sow-editor so-widget-sow-editor-base\"\n\t\t\t\n\t\t>\n<div class=\"siteorigin-widget-tinymce textwidget\">\n\t<p><b>Mister Bishop<br \/>\n<\/b><i>solo transe-orchestrale<\/i><br \/>\nV\u00e9ritable homme-orchestre, le musicien Andy L\u00e9v\u00eaque joue avec ses mains et ses pieds, du saxophone et des percussions. Il combine boucles r\u00e9p\u00e9titives, monodie et rythmique ent\u00eatante pour donner naissance \u00e0 un objet musical non-identifi\u00e9, Mister Bishop.<\/p>\n<\/div>\n<\/div><\/div><div id=\"panel-22783-0-1-2\" class=\"so-panel widget widget_sow-image panel-last-child\" data-index=\"9\" ><div\n\t\t\t\n\t\t\tclass=\"so-widget-sow-image so-widget-sow-image-default-8b5b6f678277-22783\"\n\t\t\t\n\t\t>\n<div class=\"sow-image-container\">\n\t\t<img \n\tsrc=\"https:\/\/freddymorezon.org\/wp-content\/uploads\/2025\/04\/Mr-Bishop-retouche-1.png\" width=\"1748\" height=\"1240\" srcset=\"https:\/\/freddymorezon.org\/wp-content\/uploads\/2025\/04\/Mr-Bishop-retouche-1.png 1748w, https:\/\/freddymorezon.org\/wp-content\/uploads\/2025\/04\/Mr-Bishop-retouche-1-800x568.png 800w, https:\/\/freddymorezon.org\/wp-content\/uploads\/2025\/04\/Mr-Bishop-retouche-1-1536x1090.png 1536w, https:\/\/freddymorezon.org\/wp-content\/uploads\/2025\/04\/Mr-Bishop-retouche-1-400x284.png 400w\" sizes=\"(max-width: 1748px) 100vw, 1748px\" title=\"Mr Bishop retouche\u0301\" alt=\"\" \t\tclass=\"so-widget-image\"\/>\n\t<\/div>\n\n<\/div><\/div><\/div><\/div><\/div>","protected":false},"excerpt":{"rendered":"<p>L&#8217;Estaminot, 8 rue du pont Saint-Pierre, Toulouse Jeudi 5 juin &#8211; 19h Dur\u00e9e\u00a0 50 min Gratuit &#8211; Tout public Mister Bishop Saint-Cyprien en f\u00eate 25 L&#8217;Estaminot Mister Bishop solo transe-orchestrale V\u00e9ritable homme-orchestre, le musicien Andy L\u00e9v\u00eaque joue avec ses mains et ses pieds, du saxophone et des percussions. Il combine boucles r\u00e9p\u00e9titives, monodie et rythmique&hellip;<\/p>\n<p><a class=\"more-link\" href=\"https:\/\/freddymorezon.org\/en\/nos-evenements\/05-06-2025-saint-cyprien-en-fete-mister-bishop\/\" title=\"Continue reading &lsquo;05.06.2025 \/\/ Saint-Cyprien en f\u00eate &#8211; Mister Bishop&rsquo;\">Continue reading <span class=\"meta-nav\">&rarr;<\/span><\/a><\/p>\n","protected":false},"author":1,"featured_media":22786,"parent":10655,"menu_order":0,"comment_status":"closed","ping_status":"closed","template":"page-templates\/full-width.php","meta":{"om_disable_all_campaigns":false,"_monsterinsights_skip_tracking":false,"_monsterinsights_sitenote_active":false,"_monsterinsights_sitenote_note":"","_monsterinsights_sitenote_category":0,"_uf_show_specific_survey":0,"_uf_disable_surveys":false,"footnotes":""},"categories":[1401],"tags":[],"class_list":["post-22783","page","type-page","status-publish","has-post-thumbnail","hentry","category-nos-evenements-passes"],"aioseo_notices":[],"yoast_head":"<!-- This site is optimized with the Yoast SEO plugin v27.3 - https:\/\/yoast.com\/product\/yoast-seo-wordpress\/ -->\n<title>05.06.2025 \/\/ Saint-Cyprien en f\u00eate - Mister Bishop | Freddy Morezon<\/title>\n<meta name=\"robots\" content=\"index, follow, max-snippet:-1, max-image-preview:large, max-video-preview:-1\" \/>\n<link rel=\"canonical\" href=\"https:\/\/freddymorezon.org\/nos-evenements\/05-06-2025-saint-cyprien-en-fete-mister-bishop\/\" \/>\n<meta property=\"og:locale\" content=\"en_US\" \/>\n<meta property=\"og:type\" content=\"article\" \/>\n<meta property=\"og:title\" content=\"05.06.2025 \/\/ Saint-Cyprien en f\u00eate - Mister Bishop | Freddy Morezon\" \/>\n<meta property=\"og:description\" content=\"L&#039;Estaminot, 8 rue du pont Saint-Pierre, Toulouse Jeudi 5 juin - 19h Dur\u00e9e\u00a0 50 min Gratuit - Tout public Mister Bishop Saint-Cyprien en f\u00eate 25 L&#039;Estaminot Mister Bishop solo transe-orchestrale V\u00e9ritable homme-orchestre, le musicien Andy L\u00e9v\u00eaque joue avec ses mains et ses pieds, du saxophone et des percussions. Il combine boucles r\u00e9p\u00e9titives, monodie et rythmique&hellip;Continue reading &rarr;\" \/>\n<meta property=\"og:url\" content=\"https:\/\/freddymorezon.org\/nos-evenements\/05-06-2025-saint-cyprien-en-fete-mister-bishop\/\" \/>\n<meta property=\"og:site_name\" content=\"Freddy Morezon\" \/>\n<meta property=\"article:publisher\" content=\"https:\/\/www.facebook.com\/freddy.morezon\/\" \/>\n<meta property=\"article:modified_time\" content=\"2025-06-06T13:24:36+00:00\" \/>\n<meta property=\"og:image\" content=\"https:\/\/freddymorezon.org\/wp-content\/uploads\/2025\/04\/Vignette-St-Cyp-25.png\" \/>\n\t<meta property=\"og:image:width\" content=\"1080\" \/>\n\t<meta property=\"og:image:height\" content=\"1080\" \/>\n\t<meta property=\"og:image:type\" content=\"image\/png\" \/>\n<meta name=\"twitter:card\" content=\"summary_large_image\" \/>\n<script type=\"application\/ld+json\" class=\"yoast-schema-graph\">{\"@context\":\"https:\\\/\\\/schema.org\",\"@graph\":[{\"@type\":\"WebPage\",\"@id\":\"https:\\\/\\\/freddymorezon.org\\\/nos-evenements\\\/05-06-2025-saint-cyprien-en-fete-mister-bishop\\\/\",\"url\":\"https:\\\/\\\/freddymorezon.org\\\/nos-evenements\\\/05-06-2025-saint-cyprien-en-fete-mister-bishop\\\/\",\"name\":\"05.06.2025 \\\/\\\/ Saint-Cyprien en f\u00eate - Mister Bishop | Freddy Morezon\",\"isPartOf\":{\"@id\":\"https:\\\/\\\/freddymorezon.org\\\/#website\"},\"primaryImageOfPage\":{\"@id\":\"https:\\\/\\\/freddymorezon.org\\\/nos-evenements\\\/05-06-2025-saint-cyprien-en-fete-mister-bishop\\\/#primaryimage\"},\"image\":{\"@id\":\"https:\\\/\\\/freddymorezon.org\\\/nos-evenements\\\/05-06-2025-saint-cyprien-en-fete-mister-bishop\\\/#primaryimage\"},\"thumbnailUrl\":\"https:\\\/\\\/freddymorezon.org\\\/wp-content\\\/uploads\\\/2025\\\/04\\\/Vignette-St-Cyp-25.png\",\"datePublished\":\"2025-03-22T16:41:44+00:00\",\"dateModified\":\"2025-06-06T13:24:36+00:00\",\"breadcrumb\":{\"@id\":\"https:\\\/\\\/freddymorezon.org\\\/nos-evenements\\\/05-06-2025-saint-cyprien-en-fete-mister-bishop\\\/#breadcrumb\"},\"inLanguage\":\"en-US\",\"potentialAction\":[{\"@type\":\"ReadAction\",\"target\":[\"https:\\\/\\\/freddymorezon.org\\\/nos-evenements\\\/05-06-2025-saint-cyprien-en-fete-mister-bishop\\\/\"]}]},{\"@type\":\"ImageObject\",\"inLanguage\":\"en-US\",\"@id\":\"https:\\\/\\\/freddymorezon.org\\\/nos-evenements\\\/05-06-2025-saint-cyprien-en-fete-mister-bishop\\\/#primaryimage\",\"url\":\"https:\\\/\\\/freddymorezon.org\\\/wp-content\\\/uploads\\\/2025\\\/04\\\/Vignette-St-Cyp-25.png\",\"contentUrl\":\"https:\\\/\\\/freddymorezon.org\\\/wp-content\\\/uploads\\\/2025\\\/04\\\/Vignette-St-Cyp-25.png\",\"width\":1080,\"height\":1080},{\"@type\":\"BreadcrumbList\",\"@id\":\"https:\\\/\\\/freddymorezon.org\\\/nos-evenements\\\/05-06-2025-saint-cyprien-en-fete-mister-bishop\\\/#breadcrumb\",\"itemListElement\":[{\"@type\":\"ListItem\",\"position\":1,\"name\":\"Accueil\",\"item\":\"https:\\\/\\\/freddymorezon.org\\\/\"},{\"@type\":\"ListItem\",\"position\":2,\"name\":\"Nos \u00e9v\u00e9nements\",\"item\":\"https:\\\/\\\/freddymorezon.org\\\/nos-evenements\\\/\"},{\"@type\":\"ListItem\",\"position\":3,\"name\":\"05.06.2025 \\\/\\\/ Saint-Cyprien en f\u00eate &#8211; Mister Bishop\"}]},{\"@type\":\"WebSite\",\"@id\":\"https:\\\/\\\/freddymorezon.org\\\/#website\",\"url\":\"https:\\\/\\\/freddymorezon.org\\\/\",\"name\":\"Freddy Morezon\",\"description\":\"jazz - musique improvis\u00e9e - esth\u00e9tiques plurielles\",\"publisher\":{\"@id\":\"https:\\\/\\\/freddymorezon.org\\\/#organization\"},\"potentialAction\":[{\"@type\":\"SearchAction\",\"target\":{\"@type\":\"EntryPoint\",\"urlTemplate\":\"https:\\\/\\\/freddymorezon.org\\\/?s={search_term_string}\"},\"query-input\":{\"@type\":\"PropertyValueSpecification\",\"valueRequired\":true,\"valueName\":\"search_term_string\"}}],\"inLanguage\":\"en-US\"},{\"@type\":\"Organization\",\"@id\":\"https:\\\/\\\/freddymorezon.org\\\/#organization\",\"name\":\"Association Freddy Morezon\",\"url\":\"https:\\\/\\\/freddymorezon.org\\\/\",\"logo\":{\"@type\":\"ImageObject\",\"inLanguage\":\"en-US\",\"@id\":\"https:\\\/\\\/freddymorezon.org\\\/#\\\/schema\\\/logo\\\/image\\\/\",\"url\":\"https:\\\/\\\/freddymorezon.org\\\/wp-content\\\/uploads\\\/2016\\\/02\\\/mini-logo-header-site2.jpg\",\"contentUrl\":\"https:\\\/\\\/freddymorezon.org\\\/wp-content\\\/uploads\\\/2016\\\/02\\\/mini-logo-header-site2.jpg\",\"width\":234,\"height\":174,\"caption\":\"Association Freddy Morezon\"},\"image\":{\"@id\":\"https:\\\/\\\/freddymorezon.org\\\/#\\\/schema\\\/logo\\\/image\\\/\"},\"sameAs\":[\"https:\\\/\\\/www.facebook.com\\\/freddy.morezon\\\/\",\"https:\\\/\\\/www.instagram.com\\\/freddymorezon\\\/\",\"https:\\\/\\\/www.youtube.com\\\/user\\\/freddymorezon\",\"https:\\\/\\\/fr.linkedin.com\\\/company\\\/freddy-morezon-p.r.o.d.\"]}]}<\/script>\n<!-- \/ Yoast SEO plugin. -->","yoast_head_json":{"title":"05.06.2025 \/\/ Saint-Cyprien en f\u00eate - Mister Bishop | Freddy Morezon","robots":{"index":"index","follow":"follow","max-snippet":"max-snippet:-1","max-image-preview":"max-image-preview:large","max-video-preview":"max-video-preview:-1"},"canonical":"https:\/\/freddymorezon.org\/nos-evenements\/05-06-2025-saint-cyprien-en-fete-mister-bishop\/","og_locale":"en_US","og_type":"article","og_title":"05.06.2025 \/\/ Saint-Cyprien en f\u00eate - Mister Bishop | Freddy Morezon","og_description":"L'Estaminot, 8 rue du pont Saint-Pierre, Toulouse Jeudi 5 juin - 19h Dur\u00e9e\u00a0 50 min Gratuit - Tout public Mister Bishop Saint-Cyprien en f\u00eate 25 L'Estaminot Mister Bishop solo transe-orchestrale V\u00e9ritable homme-orchestre, le musicien Andy L\u00e9v\u00eaque joue avec ses mains et ses pieds, du saxophone et des percussions. Il combine boucles r\u00e9p\u00e9titives, monodie et rythmique&hellip;Continue reading &rarr;","og_url":"https:\/\/freddymorezon.org\/nos-evenements\/05-06-2025-saint-cyprien-en-fete-mister-bishop\/","og_site_name":"Freddy Morezon","article_publisher":"https:\/\/www.facebook.com\/freddy.morezon\/","article_modified_time":"2025-06-06T13:24:36+00:00","og_image":[{"width":1080,"height":1080,"url":"https:\/\/freddymorezon.org\/wp-content\/uploads\/2025\/04\/Vignette-St-Cyp-25.png","type":"image\/png"}],"twitter_card":"summary_large_image","schema":{"@context":"https:\/\/schema.org","@graph":[{"@type":"WebPage","@id":"https:\/\/freddymorezon.org\/nos-evenements\/05-06-2025-saint-cyprien-en-fete-mister-bishop\/","url":"https:\/\/freddymorezon.org\/nos-evenements\/05-06-2025-saint-cyprien-en-fete-mister-bishop\/","name":"05.06.2025 \/\/ Saint-Cyprien en f\u00eate - Mister Bishop | Freddy Morezon","isPartOf":{"@id":"https:\/\/freddymorezon.org\/#website"},"primaryImageOfPage":{"@id":"https:\/\/freddymorezon.org\/nos-evenements\/05-06-2025-saint-cyprien-en-fete-mister-bishop\/#primaryimage"},"image":{"@id":"https:\/\/freddymorezon.org\/nos-evenements\/05-06-2025-saint-cyprien-en-fete-mister-bishop\/#primaryimage"},"thumbnailUrl":"https:\/\/freddymorezon.org\/wp-content\/uploads\/2025\/04\/Vignette-St-Cyp-25.png","datePublished":"2025-03-22T16:41:44+00:00","dateModified":"2025-06-06T13:24:36+00:00","breadcrumb":{"@id":"https:\/\/freddymorezon.org\/nos-evenements\/05-06-2025-saint-cyprien-en-fete-mister-bishop\/#breadcrumb"},"inLanguage":"en-US","potentialAction":[{"@type":"ReadAction","target":["https:\/\/freddymorezon.org\/nos-evenements\/05-06-2025-saint-cyprien-en-fete-mister-bishop\/"]}]},{"@type":"ImageObject","inLanguage":"en-US","@id":"https:\/\/freddymorezon.org\/nos-evenements\/05-06-2025-saint-cyprien-en-fete-mister-bishop\/#primaryimage","url":"https:\/\/freddymorezon.org\/wp-content\/uploads\/2025\/04\/Vignette-St-Cyp-25.png","contentUrl":"https:\/\/freddymorezon.org\/wp-content\/uploads\/2025\/04\/Vignette-St-Cyp-25.png","width":1080,"height":1080},{"@type":"BreadcrumbList","@id":"https:\/\/freddymorezon.org\/nos-evenements\/05-06-2025-saint-cyprien-en-fete-mister-bishop\/#breadcrumb","itemListElement":[{"@type":"ListItem","position":1,"name":"Accueil","item":"https:\/\/freddymorezon.org\/"},{"@type":"ListItem","position":2,"name":"Nos \u00e9v\u00e9nements","item":"https:\/\/freddymorezon.org\/nos-evenements\/"},{"@type":"ListItem","position":3,"name":"05.06.2025 \/\/ Saint-Cyprien en f\u00eate &#8211; Mister Bishop"}]},{"@type":"WebSite","@id":"https:\/\/freddymorezon.org\/#website","url":"https:\/\/freddymorezon.org\/","name":"Freddy Morezon","description":"jazz - musique improvis\u00e9e - esth\u00e9tiques plurielles","publisher":{"@id":"https:\/\/freddymorezon.org\/#organization"},"potentialAction":[{"@type":"SearchAction","target":{"@type":"EntryPoint","urlTemplate":"https:\/\/freddymorezon.org\/?s={search_term_string}"},"query-input":{"@type":"PropertyValueSpecification","valueRequired":true,"valueName":"search_term_string"}}],"inLanguage":"en-US"},{"@type":"Organization","@id":"https:\/\/freddymorezon.org\/#organization","name":"Association Freddy Morezon","url":"https:\/\/freddymorezon.org\/","logo":{"@type":"ImageObject","inLanguage":"en-US","@id":"https:\/\/freddymorezon.org\/#\/schema\/logo\/image\/","url":"https:\/\/freddymorezon.org\/wp-content\/uploads\/2016\/02\/mini-logo-header-site2.jpg","contentUrl":"https:\/\/freddymorezon.org\/wp-content\/uploads\/2016\/02\/mini-logo-header-site2.jpg","width":234,"height":174,"caption":"Association Freddy Morezon"},"image":{"@id":"https:\/\/freddymorezon.org\/#\/schema\/logo\/image\/"},"sameAs":["https:\/\/www.facebook.com\/freddy.morezon\/","https:\/\/www.instagram.com\/freddymorezon\/","https:\/\/www.youtube.com\/user\/freddymorezon","https:\/\/fr.linkedin.com\/company\/freddy-morezon-p.r.o.d."]}]}},"_links":{"self":[{"href":"https:\/\/freddymorezon.org\/en\/wp-json\/wp\/v2\/pages\/22783","targetHints":{"allow":["GET"]}}],"collection":[{"href":"https:\/\/freddymorezon.org\/en\/wp-json\/wp\/v2\/pages"}],"about":[{"href":"https:\/\/freddymorezon.org\/en\/wp-json\/wp\/v2\/types\/page"}],"author":[{"embeddable":true,"href":"https:\/\/freddymorezon.org\/en\/wp-json\/wp\/v2\/users\/1"}],"replies":[{"embeddable":true,"href":"https:\/\/freddymorezon.org\/en\/wp-json\/wp\/v2\/comments?post=22783"}],"version-history":[{"count":1,"href":"https:\/\/freddymorezon.org\/en\/wp-json\/wp\/v2\/pages\/22783\/revisions"}],"predecessor-version":[{"id":22787,"href":"https:\/\/freddymorezon.org\/en\/wp-json\/wp\/v2\/pages\/22783\/revisions\/22787"}],"up":[{"embeddable":true,"href":"https:\/\/freddymorezon.org\/en\/wp-json\/wp\/v2\/pages\/10655"}],"wp:featuredmedia":[{"embeddable":true,"href":"https:\/\/freddymorezon.org\/en\/wp-json\/wp\/v2\/media\/22786"}],"wp:attachment":[{"href":"https:\/\/freddymorezon.org\/en\/wp-json\/wp\/v2\/media?parent=22783"}],"wp:term":[{"taxonomy":"category","embeddable":true,"href":"https:\/\/freddymorezon.org\/en\/wp-json\/wp\/v2\/categories?post=22783"},{"taxonomy":"post_tag","embeddable":true,"href":"https:\/\/freddymorezon.org\/en\/wp-json\/wp\/v2\/tags?post=22783"}],"curies":[{"name":"wp","href":"https:\/\/api.w.org\/{rel}","templated":true}]}}