
{"id":22807,"date":"2025-03-22T19:30:12","date_gmt":"2025-03-22T17:30:12","guid":{"rendered":"https:\/\/freddymorezon.org\/?page_id=22807"},"modified":"2025-07-18T10:59:29","modified_gmt":"2025-07-18T08:59:29","slug":"15-07-25-la-ligue-des-objets-cine-32","status":"publish","type":"page","link":"https:\/\/freddymorezon.org\/en\/nos-evenements\/15-07-25-la-ligue-des-objets-cine-32\/","title":{"rendered":"15.07.25 \/\/ La Ligue des Objets \/ Cin\u00e9 32"},"content":{"rendered":"<div id=\"pl-22807\"  class=\"panel-layout\" ><div id=\"pg-22807-0\"  class=\"panel-grid panel-no-style\" ><div id=\"pgc-22807-0-0\"  class=\"panel-grid-cell\" ><div id=\"panel-22807-0-0-0\" class=\"so-panel widget widget_sow-image panel-first-child\" data-index=\"0\" ><div\n\t\t\t\n\t\t\tclass=\"so-widget-sow-image so-widget-sow-image-default-8b5b6f678277-22807\"\n\t\t\t\n\t\t>\n<div class=\"sow-image-container\">\n\t\t<img \n\tsrc=\"https:\/\/freddymorezon.org\/wp-content\/uploads\/2025\/05\/11.png\" width=\"1080\" height=\"1080\" srcset=\"https:\/\/freddymorezon.org\/wp-content\/uploads\/2025\/05\/11.png 1080w, https:\/\/freddymorezon.org\/wp-content\/uploads\/2025\/05\/11-800x800.png 800w, https:\/\/freddymorezon.org\/wp-content\/uploads\/2025\/05\/11-150x150.png 150w, https:\/\/freddymorezon.org\/wp-content\/uploads\/2025\/05\/11-400x400.png 400w, https:\/\/freddymorezon.org\/wp-content\/uploads\/2025\/05\/11-100x100.png 100w, https:\/\/freddymorezon.org\/wp-content\/uploads\/2025\/05\/11-300x300.png 300w\" sizes=\"(max-width: 1080px) 100vw, 1080px\" alt=\"\" \t\tclass=\"so-widget-image\"\/>\n\t<\/div>\n\n<\/div><\/div><div id=\"panel-22807-0-0-1\" class=\"so-panel widget widget_sow-headline\" data-index=\"1\" ><div\n\t\t\t\n\t\t\tclass=\"so-widget-sow-headline so-widget-sow-headline-default-33958b114544-22807\"\n\t\t\t\n\t\t><div class=\"sow-headline-container \">\n\t\t\t\t\t\t<div class=\"decoration\">\n\t\t\t\t\t\t<div class=\"decoration-inside\"><\/div>\n\t\t\t\t\t<\/div>\n\t\t\t\t\t<\/div>\n<\/div><\/div><div id=\"panel-22807-0-0-2\" class=\"so-panel widget widget_sow-editor\" data-index=\"2\" ><div\n\t\t\t\n\t\t\tclass=\"so-widget-sow-editor so-widget-sow-editor-base\"\n\t\t\t\n\t\t><h3 class=\"widget-title\">INFOS PRATIQUES<\/h3>\n<div class=\"siteorigin-widget-tinymce textwidget\">\n\t<p>Mardi 15 juillet - 19h30<br \/>\nBistro concerts Cin\u00e9 32<br \/>\nAll\u00e9e des Arts, Auch (32)<br \/>\nGratuit<\/p>\n<\/div>\n<\/div><\/div><div id=\"panel-22807-0-0-3\" class=\"so-panel widget widget_sow-button\" data-index=\"3\" ><div\n\t\t\t\n\t\t\tclass=\"so-widget-sow-button so-widget-sow-button-flat-a657a074bb6d-22807\"\n\t\t\t\n\t\t><div class=\"ow-button-base ow-button-align-left\"\n>\n\t\t\t<a\n\t\t\t\t\thref=\"https:\/\/www.cine32.com\/rendez-vous\/\"\n\t\t\t\t\tclass=\"sowb-button ow-icon-placement-left ow-button-hover\" \t>\n\t\t<span>\n\t\t\t\n\t\t\t+ d'infos\t\t<\/span>\n\t\t\t<\/a>\n\t<\/div>\n<\/div><\/div><div id=\"panel-22807-0-0-4\" class=\"so-panel widget widget_sow-headline\" data-index=\"4\" ><div\n\t\t\t\n\t\t\tclass=\"so-widget-sow-headline so-widget-sow-headline-default-33958b114544-22807\"\n\t\t\t\n\t\t><div class=\"sow-headline-container \">\n\t\t\t\t\t\t<div class=\"decoration\">\n\t\t\t\t\t\t<div class=\"decoration-inside\"><\/div>\n\t\t\t\t\t<\/div>\n\t\t\t\t\t<\/div>\n<\/div><\/div><div id=\"panel-22807-0-0-5\" class=\"so-panel widget widget_sow-editor\" data-index=\"5\" ><div\n\t\t\t\n\t\t\tclass=\"so-widget-sow-editor so-widget-sow-editor-base\"\n\t\t\t\n\t\t><h3 class=\"widget-title\">LIENS<\/h3>\n<div class=\"siteorigin-widget-tinymce textwidget\">\n\t<p><a href=\"https:\/\/freddymorezon.org\/catalogue\/la-ligue-des-objets\/\">La Ligue des Objets<\/a><br \/>\n<a href=\"https:\/\/www.cine32.com\/rendez-vous\/\">Cin\u00e9 32<\/a><\/p>\n<\/div>\n<\/div><\/div><div id=\"panel-22807-0-0-6\" class=\"so-panel widget widget_sow-button panel-last-child\" data-index=\"6\" ><div\n\t\t\t\n\t\t\tclass=\"so-widget-sow-button so-widget-sow-button-flat-a657a074bb6d-22807\"\n\t\t\t\n\t\t><div class=\"ow-button-base ow-button-align-left\"\n>\n\t\t\t<a\n\t\t\t\t\thref=\"https:\/\/freddymorezon.org\/nos-evenements\/\"\n\t\t\t\t\tclass=\"sowb-button ow-icon-placement-left ow-button-hover\" \t>\n\t\t<span>\n\t\t\t\n\t\t\tRetour \u00e0 la page \u00c9v\u00e9nements\t\t<\/span>\n\t\t\t<\/a>\n\t<\/div>\n<\/div><\/div><\/div><div id=\"pgc-22807-0-1\"  class=\"panel-grid-cell\" ><div id=\"panel-22807-0-1-0\" class=\"so-panel widget widget_sow-headline panel-first-child\" data-index=\"7\" ><div\n\t\t\t\n\t\t\tclass=\"so-widget-sow-headline so-widget-sow-headline-default-d42322c5b14c-22807\"\n\t\t\t\n\t\t><div class=\"sow-headline-container \">\n\t\t\t\t\t\t\t<h2 class=\"sow-headline\">\n\t\t\t\t\t\tSoir\u00e9es Bistrots-concerts Cin\u00e9 32\t\t\t\t\t\t<\/h2>\n\t\t\t\t\t\t\t\t\t\t\t<div class=\"decoration\">\n\t\t\t\t\t\t<div class=\"decoration-inside\"><\/div>\n\t\t\t\t\t<\/div>\n\t\t\t\t\t<\/div>\n<\/div><\/div><div id=\"panel-22807-0-1-1\" class=\"so-panel widget widget_sow-editor\" data-index=\"8\" ><div\n\t\t\t\n\t\t\tclass=\"so-widget-sow-editor so-widget-sow-editor-base\"\n\t\t\t\n\t\t>\n<div class=\"siteorigin-widget-tinymce textwidget\">\n\t<h3>La Ligue des Objets<\/h3>\n<p>Dans un premier temps La Ligue des Objets fut l\u2019augmentation du solo de Mister Bishop, homme-orchestre saxophonico-percussif.<\/p>\n<p>Tr\u00e8s vite l\u2019envie de faire groupe s\u2019impose \u00e0 ces musicien\u00b7nes venues d\u2019horizon divers : Sam Brault (chant) et Marion Josserand (violon), r\u00e9unies il y a quelques ann\u00e9es sous le nom de Tarzan et Tarzan, d\u00e9ploient toute leur \u00e9nergie contrast\u00e9e et d\u2019une impr\u00e9visible fantaisie ; Florian Nastorg, du collectif Freddy Morezon, dialogue les rythmes cuivr\u00e9s avec Mister Bishop ; et Jean-Pierre Vivent apporte son jeu sensible et singulier aux percussions. Le son recherch\u00e9 par le groupe est avant tout artisanal : hybridation entre jeunes et vieux instruments, influence des musiques \u00e9lectroniques (notamment celles des premiers jeux vid\u00e9os), approche ludique et acoustique des instruments. Par-ci, par-l\u00e0 des guitares parce qu\u2019il faut toujours des guitares lorsqu\u2019on fait de la pop. Car, oui, l\u2019esth\u00e9tique se veut r\u00e9solument pop, mais d\u2019une pop sophistiqu\u00e9e sans \u00eatre c\u00e9r\u00e9brale, d\u2019une pop \u00e0 tiroirs nourrie d\u2019un jazz accueillant et fun. Quelque part dans les sillons par l\u2019Orchestre Tout Puissant Marcel Duchamp, Nwando Ebizie ou encore les in\u00e9galables Horse Lords.<\/p>\n<p>\u00ab Notre musique trouve son sens dans le partage avec le public : nous voulons faire \u00e9merger la musique de chambre dans une chanson, mettre la recherche sonore la plus exigeante au service d\u2019une berceuse, jouer avec des harmonies accrocheuses, des mati\u00e8res bruitistes et des m\u00e9lodies enfantines. \u00bb<br \/>\nAndy L\u00e9v\u00eaque alias Mister Bishop<\/p>\n<p>Et c\u2019est bien s\u00fbr dans la performance libre et incarn\u00e9e qu\u2019est un concert que La Ligue des Objets d\u00e9voile toute son ampleur en \u00e9chauffant les corps et en \u00e9tourdissant les esprits.<\/p>\n<p><strong>Line up<\/strong><br \/>\n<strong>Andy L\u00e9v\u00eaque<\/strong> composition, saxophone alto, percussions<br \/>\n<strong>Sam Brault<\/strong> voix, clavier et guitare<br \/>\n<strong>Mario.n Josserand<\/strong> voix, violon et guitare<br \/>\n<strong>Florian Nastorg<\/strong> sax baryton<br \/>\n<strong>Jean-Pierre Vivent<\/strong> batterie-percussions<\/p>\n<\/div>\n<\/div><\/div><div id=\"panel-22807-0-1-2\" class=\"so-panel widget widget_sow-editor panel-last-child\" data-index=\"9\" ><div\n\t\t\t\n\t\t\tclass=\"so-widget-sow-editor so-widget-sow-editor-base\"\n\t\t\t\n\t\t>\n<div class=\"siteorigin-widget-tinymce textwidget\">\n\t<p><iframe loading=\"lazy\" title=\"La Ligue des Objets - Tant pis\" width=\"790\" height=\"444\" src=\"https:\/\/www.youtube.com\/embed\/sZSfPaMeq3I?feature=oembed\" frameborder=\"0\" allow=\"accelerometer; autoplay; clipboard-write; encrypted-media; gyroscope; picture-in-picture; web-share\" referrerpolicy=\"strict-origin-when-cross-origin\" allowfullscreen><\/iframe><\/p>\n<p>&nbsp;<\/p>\n<\/div>\n<\/div><\/div><\/div><\/div><\/div>","protected":false},"excerpt":{"rendered":"<p>Mardi 15 juillet &#8211; 19h30 Bistro concerts Cin\u00e9 32 All\u00e9e des Arts, Auch (32) Gratuit La Ligue des Objets Cin\u00e9 32 La Ligue des Objets Dans un premier temps La Ligue des Objets fut l\u2019augmentation du solo de Mister Bishop, homme-orchestre saxophonico-percussif. Tr\u00e8s vite l\u2019envie de faire groupe s\u2019impose \u00e0 ces musicien\u00b7nes venues d\u2019horizon divers&hellip;<\/p>\n<p><a class=\"more-link\" href=\"https:\/\/freddymorezon.org\/en\/nos-evenements\/15-07-25-la-ligue-des-objets-cine-32\/\" title=\"Continue reading &lsquo;15.07.25 \/\/ La Ligue des Objets \/ Cin\u00e9 32&rsquo;\">Continue reading <span class=\"meta-nav\">&rarr;<\/span><\/a><\/p>\n","protected":false},"author":1,"featured_media":22810,"parent":10655,"menu_order":0,"comment_status":"closed","ping_status":"closed","template":"page-templates\/full-width.php","meta":{"om_disable_all_campaigns":false,"_monsterinsights_skip_tracking":false,"_monsterinsights_sitenote_active":false,"_monsterinsights_sitenote_note":"","_monsterinsights_sitenote_category":0,"_uf_show_specific_survey":0,"_uf_disable_surveys":false,"footnotes":""},"categories":[1401],"tags":[],"class_list":["post-22807","page","type-page","status-publish","has-post-thumbnail","hentry","category-nos-evenements-passes"],"aioseo_notices":[],"yoast_head":"<!-- This site is optimized with the Yoast SEO plugin v27.3 - https:\/\/yoast.com\/product\/yoast-seo-wordpress\/ -->\n<title>15.07.25 \/\/ La Ligue des Objets \/ Cin\u00e9 32 | Freddy Morezon<\/title>\n<meta name=\"robots\" content=\"index, follow, max-snippet:-1, max-image-preview:large, max-video-preview:-1\" \/>\n<link rel=\"canonical\" href=\"https:\/\/freddymorezon.org\/nos-evenements\/15-07-25-la-ligue-des-objets-cine-32\/\" \/>\n<meta property=\"og:locale\" content=\"en_US\" \/>\n<meta property=\"og:type\" content=\"article\" \/>\n<meta property=\"og:title\" content=\"15.07.25 \/\/ La Ligue des Objets \/ Cin\u00e9 32 | Freddy Morezon\" \/>\n<meta property=\"og:description\" content=\"Mardi 15 juillet - 19h30 Bistro concerts Cin\u00e9 32 All\u00e9e des Arts, Auch (32) Gratuit La Ligue des Objets Cin\u00e9 32 La Ligue des Objets Dans un premier temps La Ligue des Objets fut l\u2019augmentation du solo de Mister Bishop, homme-orchestre saxophonico-percussif. Tr\u00e8s vite l\u2019envie de faire groupe s\u2019impose \u00e0 ces musicien\u00b7nes venues d\u2019horizon divers&hellip;Continue reading &rarr;\" \/>\n<meta property=\"og:url\" content=\"https:\/\/freddymorezon.org\/nos-evenements\/15-07-25-la-ligue-des-objets-cine-32\/\" \/>\n<meta property=\"og:site_name\" content=\"Freddy Morezon\" \/>\n<meta property=\"article:publisher\" content=\"https:\/\/www.facebook.com\/freddy.morezon\/\" \/>\n<meta property=\"article:modified_time\" content=\"2025-07-18T08:59:29+00:00\" \/>\n<meta property=\"og:image\" content=\"https:\/\/freddymorezon.org\/wp-content\/uploads\/2025\/05\/11.png\" \/>\n\t<meta property=\"og:image:width\" content=\"1080\" \/>\n\t<meta property=\"og:image:height\" content=\"1080\" \/>\n\t<meta property=\"og:image:type\" content=\"image\/png\" \/>\n<meta name=\"twitter:card\" content=\"summary_large_image\" \/>\n<script type=\"application\/ld+json\" class=\"yoast-schema-graph\">{\"@context\":\"https:\\\/\\\/schema.org\",\"@graph\":[{\"@type\":\"WebPage\",\"@id\":\"https:\\\/\\\/freddymorezon.org\\\/nos-evenements\\\/15-07-25-la-ligue-des-objets-cine-32\\\/\",\"url\":\"https:\\\/\\\/freddymorezon.org\\\/nos-evenements\\\/15-07-25-la-ligue-des-objets-cine-32\\\/\",\"name\":\"15.07.25 \\\/\\\/ La Ligue des Objets \\\/ Cin\u00e9 32 | Freddy Morezon\",\"isPartOf\":{\"@id\":\"https:\\\/\\\/freddymorezon.org\\\/#website\"},\"primaryImageOfPage\":{\"@id\":\"https:\\\/\\\/freddymorezon.org\\\/nos-evenements\\\/15-07-25-la-ligue-des-objets-cine-32\\\/#primaryimage\"},\"image\":{\"@id\":\"https:\\\/\\\/freddymorezon.org\\\/nos-evenements\\\/15-07-25-la-ligue-des-objets-cine-32\\\/#primaryimage\"},\"thumbnailUrl\":\"https:\\\/\\\/freddymorezon.org\\\/wp-content\\\/uploads\\\/2025\\\/05\\\/11.png\",\"datePublished\":\"2025-03-22T17:30:12+00:00\",\"dateModified\":\"2025-07-18T08:59:29+00:00\",\"breadcrumb\":{\"@id\":\"https:\\\/\\\/freddymorezon.org\\\/nos-evenements\\\/15-07-25-la-ligue-des-objets-cine-32\\\/#breadcrumb\"},\"inLanguage\":\"en-US\",\"potentialAction\":[{\"@type\":\"ReadAction\",\"target\":[\"https:\\\/\\\/freddymorezon.org\\\/nos-evenements\\\/15-07-25-la-ligue-des-objets-cine-32\\\/\"]}]},{\"@type\":\"ImageObject\",\"inLanguage\":\"en-US\",\"@id\":\"https:\\\/\\\/freddymorezon.org\\\/nos-evenements\\\/15-07-25-la-ligue-des-objets-cine-32\\\/#primaryimage\",\"url\":\"https:\\\/\\\/freddymorezon.org\\\/wp-content\\\/uploads\\\/2025\\\/05\\\/11.png\",\"contentUrl\":\"https:\\\/\\\/freddymorezon.org\\\/wp-content\\\/uploads\\\/2025\\\/05\\\/11.png\",\"width\":1080,\"height\":1080},{\"@type\":\"BreadcrumbList\",\"@id\":\"https:\\\/\\\/freddymorezon.org\\\/nos-evenements\\\/15-07-25-la-ligue-des-objets-cine-32\\\/#breadcrumb\",\"itemListElement\":[{\"@type\":\"ListItem\",\"position\":1,\"name\":\"Accueil\",\"item\":\"https:\\\/\\\/freddymorezon.org\\\/\"},{\"@type\":\"ListItem\",\"position\":2,\"name\":\"Nos \u00e9v\u00e9nements\",\"item\":\"https:\\\/\\\/freddymorezon.org\\\/nos-evenements\\\/\"},{\"@type\":\"ListItem\",\"position\":3,\"name\":\"15.07.25 \\\/\\\/ La Ligue des Objets \\\/ Cin\u00e9 32\"}]},{\"@type\":\"WebSite\",\"@id\":\"https:\\\/\\\/freddymorezon.org\\\/#website\",\"url\":\"https:\\\/\\\/freddymorezon.org\\\/\",\"name\":\"Freddy Morezon\",\"description\":\"jazz - musique improvis\u00e9e - esth\u00e9tiques plurielles\",\"publisher\":{\"@id\":\"https:\\\/\\\/freddymorezon.org\\\/#organization\"},\"potentialAction\":[{\"@type\":\"SearchAction\",\"target\":{\"@type\":\"EntryPoint\",\"urlTemplate\":\"https:\\\/\\\/freddymorezon.org\\\/?s={search_term_string}\"},\"query-input\":{\"@type\":\"PropertyValueSpecification\",\"valueRequired\":true,\"valueName\":\"search_term_string\"}}],\"inLanguage\":\"en-US\"},{\"@type\":\"Organization\",\"@id\":\"https:\\\/\\\/freddymorezon.org\\\/#organization\",\"name\":\"Association Freddy Morezon\",\"url\":\"https:\\\/\\\/freddymorezon.org\\\/\",\"logo\":{\"@type\":\"ImageObject\",\"inLanguage\":\"en-US\",\"@id\":\"https:\\\/\\\/freddymorezon.org\\\/#\\\/schema\\\/logo\\\/image\\\/\",\"url\":\"https:\\\/\\\/freddymorezon.org\\\/wp-content\\\/uploads\\\/2016\\\/02\\\/mini-logo-header-site2.jpg\",\"contentUrl\":\"https:\\\/\\\/freddymorezon.org\\\/wp-content\\\/uploads\\\/2016\\\/02\\\/mini-logo-header-site2.jpg\",\"width\":234,\"height\":174,\"caption\":\"Association Freddy Morezon\"},\"image\":{\"@id\":\"https:\\\/\\\/freddymorezon.org\\\/#\\\/schema\\\/logo\\\/image\\\/\"},\"sameAs\":[\"https:\\\/\\\/www.facebook.com\\\/freddy.morezon\\\/\",\"https:\\\/\\\/www.instagram.com\\\/freddymorezon\\\/\",\"https:\\\/\\\/www.youtube.com\\\/user\\\/freddymorezon\",\"https:\\\/\\\/fr.linkedin.com\\\/company\\\/freddy-morezon-p.r.o.d.\"]}]}<\/script>\n<!-- \/ Yoast SEO plugin. -->","yoast_head_json":{"title":"15.07.25 \/\/ La Ligue des Objets \/ Cin\u00e9 32 | Freddy Morezon","robots":{"index":"index","follow":"follow","max-snippet":"max-snippet:-1","max-image-preview":"max-image-preview:large","max-video-preview":"max-video-preview:-1"},"canonical":"https:\/\/freddymorezon.org\/nos-evenements\/15-07-25-la-ligue-des-objets-cine-32\/","og_locale":"en_US","og_type":"article","og_title":"15.07.25 \/\/ La Ligue des Objets \/ Cin\u00e9 32 | Freddy Morezon","og_description":"Mardi 15 juillet - 19h30 Bistro concerts Cin\u00e9 32 All\u00e9e des Arts, Auch (32) Gratuit La Ligue des Objets Cin\u00e9 32 La Ligue des Objets Dans un premier temps La Ligue des Objets fut l\u2019augmentation du solo de Mister Bishop, homme-orchestre saxophonico-percussif. Tr\u00e8s vite l\u2019envie de faire groupe s\u2019impose \u00e0 ces musicien\u00b7nes venues d\u2019horizon divers&hellip;Continue reading &rarr;","og_url":"https:\/\/freddymorezon.org\/nos-evenements\/15-07-25-la-ligue-des-objets-cine-32\/","og_site_name":"Freddy Morezon","article_publisher":"https:\/\/www.facebook.com\/freddy.morezon\/","article_modified_time":"2025-07-18T08:59:29+00:00","og_image":[{"width":1080,"height":1080,"url":"https:\/\/freddymorezon.org\/wp-content\/uploads\/2025\/05\/11.png","type":"image\/png"}],"twitter_card":"summary_large_image","schema":{"@context":"https:\/\/schema.org","@graph":[{"@type":"WebPage","@id":"https:\/\/freddymorezon.org\/nos-evenements\/15-07-25-la-ligue-des-objets-cine-32\/","url":"https:\/\/freddymorezon.org\/nos-evenements\/15-07-25-la-ligue-des-objets-cine-32\/","name":"15.07.25 \/\/ La Ligue des Objets \/ Cin\u00e9 32 | Freddy Morezon","isPartOf":{"@id":"https:\/\/freddymorezon.org\/#website"},"primaryImageOfPage":{"@id":"https:\/\/freddymorezon.org\/nos-evenements\/15-07-25-la-ligue-des-objets-cine-32\/#primaryimage"},"image":{"@id":"https:\/\/freddymorezon.org\/nos-evenements\/15-07-25-la-ligue-des-objets-cine-32\/#primaryimage"},"thumbnailUrl":"https:\/\/freddymorezon.org\/wp-content\/uploads\/2025\/05\/11.png","datePublished":"2025-03-22T17:30:12+00:00","dateModified":"2025-07-18T08:59:29+00:00","breadcrumb":{"@id":"https:\/\/freddymorezon.org\/nos-evenements\/15-07-25-la-ligue-des-objets-cine-32\/#breadcrumb"},"inLanguage":"en-US","potentialAction":[{"@type":"ReadAction","target":["https:\/\/freddymorezon.org\/nos-evenements\/15-07-25-la-ligue-des-objets-cine-32\/"]}]},{"@type":"ImageObject","inLanguage":"en-US","@id":"https:\/\/freddymorezon.org\/nos-evenements\/15-07-25-la-ligue-des-objets-cine-32\/#primaryimage","url":"https:\/\/freddymorezon.org\/wp-content\/uploads\/2025\/05\/11.png","contentUrl":"https:\/\/freddymorezon.org\/wp-content\/uploads\/2025\/05\/11.png","width":1080,"height":1080},{"@type":"BreadcrumbList","@id":"https:\/\/freddymorezon.org\/nos-evenements\/15-07-25-la-ligue-des-objets-cine-32\/#breadcrumb","itemListElement":[{"@type":"ListItem","position":1,"name":"Accueil","item":"https:\/\/freddymorezon.org\/"},{"@type":"ListItem","position":2,"name":"Nos \u00e9v\u00e9nements","item":"https:\/\/freddymorezon.org\/nos-evenements\/"},{"@type":"ListItem","position":3,"name":"15.07.25 \/\/ La Ligue des Objets \/ Cin\u00e9 32"}]},{"@type":"WebSite","@id":"https:\/\/freddymorezon.org\/#website","url":"https:\/\/freddymorezon.org\/","name":"Freddy Morezon","description":"jazz - musique improvis\u00e9e - esth\u00e9tiques plurielles","publisher":{"@id":"https:\/\/freddymorezon.org\/#organization"},"potentialAction":[{"@type":"SearchAction","target":{"@type":"EntryPoint","urlTemplate":"https:\/\/freddymorezon.org\/?s={search_term_string}"},"query-input":{"@type":"PropertyValueSpecification","valueRequired":true,"valueName":"search_term_string"}}],"inLanguage":"en-US"},{"@type":"Organization","@id":"https:\/\/freddymorezon.org\/#organization","name":"Association Freddy Morezon","url":"https:\/\/freddymorezon.org\/","logo":{"@type":"ImageObject","inLanguage":"en-US","@id":"https:\/\/freddymorezon.org\/#\/schema\/logo\/image\/","url":"https:\/\/freddymorezon.org\/wp-content\/uploads\/2016\/02\/mini-logo-header-site2.jpg","contentUrl":"https:\/\/freddymorezon.org\/wp-content\/uploads\/2016\/02\/mini-logo-header-site2.jpg","width":234,"height":174,"caption":"Association Freddy Morezon"},"image":{"@id":"https:\/\/freddymorezon.org\/#\/schema\/logo\/image\/"},"sameAs":["https:\/\/www.facebook.com\/freddy.morezon\/","https:\/\/www.instagram.com\/freddymorezon\/","https:\/\/www.youtube.com\/user\/freddymorezon","https:\/\/fr.linkedin.com\/company\/freddy-morezon-p.r.o.d."]}]}},"_links":{"self":[{"href":"https:\/\/freddymorezon.org\/en\/wp-json\/wp\/v2\/pages\/22807","targetHints":{"allow":["GET"]}}],"collection":[{"href":"https:\/\/freddymorezon.org\/en\/wp-json\/wp\/v2\/pages"}],"about":[{"href":"https:\/\/freddymorezon.org\/en\/wp-json\/wp\/v2\/types\/page"}],"author":[{"embeddable":true,"href":"https:\/\/freddymorezon.org\/en\/wp-json\/wp\/v2\/users\/1"}],"replies":[{"embeddable":true,"href":"https:\/\/freddymorezon.org\/en\/wp-json\/wp\/v2\/comments?post=22807"}],"version-history":[{"count":5,"href":"https:\/\/freddymorezon.org\/en\/wp-json\/wp\/v2\/pages\/22807\/revisions"}],"predecessor-version":[{"id":22821,"href":"https:\/\/freddymorezon.org\/en\/wp-json\/wp\/v2\/pages\/22807\/revisions\/22821"}],"up":[{"embeddable":true,"href":"https:\/\/freddymorezon.org\/en\/wp-json\/wp\/v2\/pages\/10655"}],"wp:featuredmedia":[{"embeddable":true,"href":"https:\/\/freddymorezon.org\/en\/wp-json\/wp\/v2\/media\/22810"}],"wp:attachment":[{"href":"https:\/\/freddymorezon.org\/en\/wp-json\/wp\/v2\/media?parent=22807"}],"wp:term":[{"taxonomy":"category","embeddable":true,"href":"https:\/\/freddymorezon.org\/en\/wp-json\/wp\/v2\/categories?post=22807"},{"taxonomy":"post_tag","embeddable":true,"href":"https:\/\/freddymorezon.org\/en\/wp-json\/wp\/v2\/tags?post=22807"}],"curies":[{"name":"wp","href":"https:\/\/api.w.org\/{rel}","templated":true}]}}