
{"id":23076,"date":"2025-06-10T14:27:37","date_gmt":"2025-06-10T12:27:37","guid":{"rendered":"https:\/\/freddymorezon.org\/?page_id=23076"},"modified":"2025-06-26T15:59:01","modified_gmt":"2025-06-26T13:59:01","slug":"reservoir","status":"publish","type":"page","link":"https:\/\/freddymorezon.org\/en\/label\/reservoir\/","title":{"rendered":"R\u00e9servoir"},"content":{"rendered":"<div id=\"pl-23076\"  class=\"panel-layout\" ><div id=\"pg-23076-0\"  class=\"panel-grid panel-no-style\" ><div id=\"pgc-23076-0-0\"  class=\"panel-grid-cell\" ><div id=\"panel-23076-0-0-0\" class=\"so-panel widget widget_sow-image panel-first-child\" data-index=\"0\" ><div\n\t\t\t\n\t\t\tclass=\"so-widget-sow-image so-widget-sow-image-default-8b5b6f678277-23076\"\n\t\t\t\n\t\t>\n<div class=\"sow-image-container\">\n\t\t<img \n\tsrc=\"https:\/\/freddymorezon.org\/wp-content\/uploads\/2025\/06\/Florian-Nastorg-pochette_06_1500-1-400x400.jpg\" width=\"400\" height=\"400\" srcset=\"https:\/\/freddymorezon.org\/wp-content\/uploads\/2025\/06\/Florian-Nastorg-pochette_06_1500-1-400x400.jpg 400w, https:\/\/freddymorezon.org\/wp-content\/uploads\/2025\/06\/Florian-Nastorg-pochette_06_1500-1-150x150.jpg 150w, https:\/\/freddymorezon.org\/wp-content\/uploads\/2025\/06\/Florian-Nastorg-pochette_06_1500-1-100x100.jpg 100w, https:\/\/freddymorezon.org\/wp-content\/uploads\/2025\/06\/Florian-Nastorg-pochette_06_1500-1-300x300.jpg 300w\" sizes=\"(max-width: 400px) 100vw, 400px\" title=\"12&#8221; Pochette Dos Carr\u00e9 3mm v2\" alt=\"\" \t\tclass=\"so-widget-image\"\/>\n\t<\/div>\n\n<\/div><\/div><div id=\"panel-23076-0-0-1\" class=\"so-panel widget widget_sow-editor\" data-index=\"1\" ><div\n\t\t\t\n\t\t\tclass=\"so-widget-sow-editor so-widget-sow-editor-base\"\n\t\t\t\n\t\t>\n<div class=\"siteorigin-widget-tinymce textwidget\">\n\t<h3>Commander<\/h3>\n<h4>Vinyle<\/h4>\n<div class=\"commande-album\" style=\"text-align: left;\">\n<div class=\"ajout-panier woocommerce add_to_cart_inline\">\n<p class=\"product woocommerce add_to_cart_inline \" style=\"border: 4px solid #cccccc; padding: 12px;\"><span class=\"woocommerce-Price-amount amount\"><bdi>25,00<span class=\"woocommerce-Price-currencySymbol\">\u20ac<\/span><\/bdi><\/span><\/p>\n<p class=\"product woocommerce add_to_cart_inline \" style=\"border: 4px solid #cccccc; padding: 12px;\"><a class=\"button product_type_simple add_to_cart_button ajax_add_to_cart\" href=\"?add-to-cart=23367 \" rel=\"nofollow\" aria-describedby=\"woocommerce_loop_add_to_cart_link_describedby_18934 \" data-quantity=\"1\" data-product_id=\"23367  \" data-product_sku=\"\" aria-label=\"Ajouter au panier : \u201cR\u00e9servoir Vinyle\u201d\" data-success_message=\"\u00ab R\u00e9servoir - Vinyle \u00bb a \u00e9t\u00e9 ajout\u00e9 \u00e0 votre panier\">Ajouter au panier<\/a><br \/>\n<span id=\"woocommerce_loop_add_to_cart_link_describedby_23367  \" class=\"screen-reader-text\"><br \/>\n<\/span><\/p>\n<\/div>\n<\/div>\n<\/div>\n<\/div><\/div><div id=\"panel-23076-0-0-2\" class=\"so-panel widget widget_sow-button\" data-index=\"2\" ><div\n\t\t\t\n\t\t\tclass=\"so-widget-sow-button so-widget-sow-button-flat-e382685033f2-23076\"\n\t\t\t\n\t\t><div class=\"ow-button-base ow-button-align-left\"\n>\n\t\t\t<a\n\t\t\t\t\thref=\"https:\/\/bfan.link\/reservoir-1\"\n\t\t\t\t\tclass=\"sowb-button ow-icon-placement-left ow-button-hover\" target=\"_blank\" rel=\"noopener noreferrer\" \t>\n\t\t<span>\n\t\t\t\n\t\t\tDigital\t\t<\/span>\n\t\t\t<\/a>\n\t<\/div>\n<\/div><\/div><div id=\"panel-23076-0-0-3\" class=\"so-panel widget widget_sow-editor\" data-index=\"3\" ><div\n\t\t\t\n\t\t\tclass=\"so-widget-sow-editor so-widget-sow-editor-base\"\n\t\t\t\n\t\t>\n<div class=\"siteorigin-widget-tinymce textwidget\">\n\t<p><iframe style=\"border: 0; width: 400px; height: 340px;\" src=\"https:\/\/bandcamp.com\/EmbeddedPlayer\/album=3900066106\/size=large\/bgcol=ffffff\/linkcol=0687f5\/artwork=none\/transparent=true\/\" seamless><a href=\"https:\/\/mrmorezon.bandcamp.com\/album\/r-servoir\">R\u00e9servoir by Florian Nastorg<\/a><\/iframe><\/p>\n<\/div>\n<\/div><\/div><div id=\"panel-23076-0-0-4\" class=\"so-panel widget widget_sow-editor\" data-index=\"4\" ><div\n\t\t\t\n\t\t\tclass=\"so-widget-sow-editor so-widget-sow-editor-base\"\n\t\t\t\n\t\t><h3 class=\"widget-title\">DISTRIBUTION &amp; CR\u00c9DITS<\/h3>\n<div class=\"siteorigin-widget-tinymce textwidget\">\n\t<p><strong>Florian Nastorg :<\/strong> saxophone baryton<\/p>\n<p><span class=\"OYPEnA font-feature-liga-off font-feature-clig-off font-feature-calt-off text-decoration-none text-strikethrough-none\"><strong>Produit<\/strong> <\/span><span class=\"OYPEnA font-feature-liga-off font-feature-clig-off font-feature-calt-off text-decoration-none text-strikethrough-none\">par Florian Nastorg, Pagans, Freddy Morezon, Not a Pub<\/span><\/p>\n<p><span class=\"OYPEnA font-feature-liga-off font-feature-clig-off font-feature-calt-off text-decoration-none text-strikethrough-none\">Enregistr\u00e9 le 02 juin 2023 dans l'Ancien R\u00e9servoir Guilhem\u00e9ry de Toulouse<br \/>\n<\/span><span class=\"OYPEnA font-feature-liga-off font-feature-clig-off font-feature-calt-off text-decoration-none text-strikethrough-none\">Prise de son<\/span><span class=\"OYPEnA font-feature-liga-off font-feature-clig-off font-feature-calt-off text-decoration-none text-strikethrough-none\"> Matthieu Guillin<br \/>\n<\/span><span class=\"OYPEnA font-feature-liga-off font-feature-clig-off font-feature-calt-off text-decoration-none text-strikethrough-none\">Mixage<\/span><span class=\"OYPEnA font-feature-liga-off font-feature-clig-off font-feature-calt-off text-decoration-none text-strikethrough-none\"> Yohann Perret<br \/>\n<\/span><span class=\"OYPEnA font-feature-liga-off font-feature-clig-off font-feature-calt-off text-decoration-none text-strikethrough-none\">Master<\/span><span class=\"OYPEnA font-feature-liga-off font-feature-clig-off font-feature-calt-off text-decoration-none text-strikethrough-none\"> Norscq<br \/>\n<\/span><span class=\"OYPEnA font-feature-liga-off font-feature-clig-off font-feature-calt-off text-decoration-none text-strikethrough-none\">Eau-forte<\/span><span class=\"OYPEnA font-feature-liga-off font-feature-clig-off font-feature-calt-off text-decoration-none text-strikethrough-none\"> Catherine Abeille<br \/>\n<\/span><span class=\"OYPEnA font-feature-liga-off font-feature-clig-off font-feature-calt-off text-decoration-none text-strikethrough-none\">Graphisme<\/span><span class=\"OYPEnA font-feature-liga-off font-feature-clig-off font-feature-calt-off text-decoration-none text-strikethrough-none\"> Nicolas Godin<\/span><\/p>\n<\/div>\n<\/div><\/div><div id=\"panel-23076-0-0-5\" class=\"so-panel widget widget_sow-headline\" data-index=\"5\" ><div\n\t\t\t\n\t\t\tclass=\"so-widget-sow-headline so-widget-sow-headline-default-3d28f5f62544-23076\"\n\t\t\t\n\t\t><div class=\"sow-headline-container \">\n\t\t\t\t\t\t<div class=\"decoration\">\n\t\t\t\t\t\t<div class=\"decoration-inside\"><\/div>\n\t\t\t\t\t<\/div>\n\t\t\t\t\t<\/div>\n<\/div><\/div><div id=\"panel-23076-0-0-6\" class=\"so-panel widget widget_sow-editor panel-last-child\" data-index=\"6\" ><div\n\t\t\t\n\t\t\tclass=\"so-widget-sow-editor so-widget-sow-editor-base\"\n\t\t\t\n\t\t>\n<div class=\"siteorigin-widget-tinymce textwidget\">\n\t<h3>Links<\/h3>\n<ul>\n<li style=\"list-style-type: none;\">\n<ul>\n<li><i class=\"fa fa-chevron-right fa-2x\"><\/i> <a href=\"https:\/\/freddymorezon.org\/productions\/mortelle-randonnee\/\">SEUL<\/a><\/li>\n<li><i class=\"fa fa-chevron-right fa-2x\"><\/i> <a href=\"https:\/\/freddymorezon.org\/artistes\/florian-nastorg\/\">Florian Nastorg<\/a><\/li>\n<\/ul>\n<\/li>\n<\/ul>\n<ul>\n<li><i class=\"fa fa-chevron-right fa-2x\"><\/i> <a href=\"https:\/\/hartbrut.com\/pagans\/\">Pagans<\/a><\/li>\n<\/ul>\n<\/div>\n<\/div><\/div><\/div><div id=\"pgc-23076-0-1\"  class=\"panel-grid-cell\" ><div id=\"panel-23076-0-1-0\" class=\"so-panel widget widget_sow-editor panel-first-child\" data-index=\"7\" ><div\n\t\t\t\n\t\t\tclass=\"so-widget-sow-editor so-widget-sow-editor-base\"\n\t\t\t\n\t\t>\n<div class=\"siteorigin-widget-tinymce textwidget\">\n\t<h2>R\u00e9servoir<\/h2>\n<h3>SEUL \/ Florian Nastorg<\/h3>\n<p>Mr Morezon 039 \u23ae 27 juin 2025<\/p>\n<\/div>\n<\/div><\/div><div id=\"panel-23076-0-1-1\" class=\"so-panel widget widget_sow-headline\" data-index=\"8\" ><div\n\t\t\t\n\t\t\tclass=\"so-widget-sow-headline so-widget-sow-headline-default-3d28f5f62544-23076\"\n\t\t\t\n\t\t><div class=\"sow-headline-container \">\n\t\t\t\t\t\t<div class=\"decoration\">\n\t\t\t\t\t\t<div class=\"decoration-inside\"><\/div>\n\t\t\t\t\t<\/div>\n\t\t\t\t\t<\/div>\n<\/div><\/div><div id=\"panel-23076-0-1-2\" class=\"so-panel widget widget_sow-editor\" data-index=\"9\" ><div\n\t\t\t\n\t\t\tclass=\"so-widget-sow-editor so-widget-sow-editor-base\"\n\t\t\t\n\t\t>\n<div class=\"siteorigin-widget-tinymce textwidget\">\n\t<p>Florian Nastorg porte un projet solo, SEUL.<br \/>\nIl sort un album intitul\u00e9 R\u00c9SERVOIR.<\/p>\n<p>Le disque tire son nom de l\u2019Ancien R\u00e9servoir Guilhem\u00e9ry \u00e0 Toulouse dans lequel il a \u00e9t\u00e9 enregistr\u00e9, ainsi que des chansons et ritournelles qui y sont jou\u00e9es et qui constituent pour Florian Nastorg un r\u00e9servoir d\u2019exp\u00e9riences, de liens tiss\u00e9s, de bouts de vie qu\u2019il \u00e9voque ici en filigrane par le prisme de l\u2019improvisation.<\/p>\n<p>Le r\u00e9pertoire a \u00e9t\u00e9 glan\u00e9 \u00e7a et l\u00e0 au fil des ans et des rencontres. Il vient perp\u00e9tuer le lien avec des personnes disparues qui ont compt\u00e9 et c\u00e9l\u00e8bre \u00e9galement des relations toujours vivaces avec des \u00eatres bien vivants.<\/p>\n<p>Par son approche physique des mati\u00e8res sonores, l\u2019instrumentiste malaxe le mat\u00e9riau m\u00e9lodique comme pour en sortir la mo\u00eblle. Les sons bruts de l\u2019instrument cisel\u00e9s du bout de l\u2019anche et les ritournelles s\u2019appr\u00e9hendent, tant\u00f4t se confrontent, tant\u00f4t fusionnent. Il en r\u00e9sulte une musique suspendue, sculpturale, aux accents doom, dans laquelle les murs et les \u00e2mes jouent autant que le saxophone.<\/p>\n<\/div>\n<\/div><\/div><div id=\"panel-23076-0-1-3\" class=\"so-panel widget widget_sow-editor\" data-index=\"10\" ><div\n\t\t\t\n\t\t\tclass=\"so-widget-sow-editor so-widget-sow-editor-base\"\n\t\t\t\n\t\t>\n<div class=\"siteorigin-widget-tinymce textwidget\">\n\t<p><iframe loading=\"lazy\" title=\"Florian Nastorg Seul - BUCHES\" width=\"790\" height=\"444\" src=\"https:\/\/www.youtube.com\/embed\/uZoWScVPBus?feature=oembed\" frameborder=\"0\" allow=\"accelerometer; autoplay; clipboard-write; encrypted-media; gyroscope; picture-in-picture; web-share\" referrerpolicy=\"strict-origin-when-cross-origin\" allowfullscreen><\/iframe><\/p>\n<\/div>\n<\/div><\/div><div id=\"panel-23076-0-1-4\" class=\"so-panel widget widget_eo_event_list_widget EO_Event_List_Widget panel-last-child\" data-index=\"11\" ><h3 class=\"widget-title\">\u00c9v\u00e9nements<\/h3>\n\n<\/div><\/div><\/div><\/div>","protected":false},"excerpt":{"rendered":"<p>June2025<\/p>\n","protected":false},"author":1,"featured_media":23077,"parent":140,"menu_order":0,"comment_status":"closed","ping_status":"closed","template":"page-templates\/full-width.php","meta":{"om_disable_all_campaigns":false,"_monsterinsights_skip_tracking":false,"_monsterinsights_sitenote_active":false,"_monsterinsights_sitenote_note":"","_monsterinsights_sitenote_category":0,"_uf_show_specific_survey":0,"_uf_disable_surveys":false,"footnotes":""},"categories":[101,93,1174,1393],"tags":[],"class_list":["post-23076","page","type-page","status-publish","has-post-thumbnail","hentry","category-discographie","category-label","category-page-label","category-seul"],"aioseo_notices":[],"yoast_head":"<!-- This site is optimized with the Yoast SEO plugin v27.3 - https:\/\/yoast.com\/product\/yoast-seo-wordpress\/ -->\n<title>R\u00e9servoir | Freddy Morezon<\/title>\n<meta name=\"robots\" content=\"index, follow, max-snippet:-1, max-image-preview:large, max-video-preview:-1\" \/>\n<link rel=\"canonical\" href=\"https:\/\/freddymorezon.org\/label\/reservoir\/\" \/>\n<meta property=\"og:locale\" content=\"en_US\" \/>\n<meta property=\"og:type\" content=\"article\" \/>\n<meta property=\"og:title\" content=\"R\u00e9servoir | Freddy Morezon\" \/>\n<meta property=\"og:description\" content=\"[:fr]Juin 2025[:en]June2025[:]\" \/>\n<meta property=\"og:url\" content=\"https:\/\/freddymorezon.org\/label\/reservoir\/\" \/>\n<meta property=\"og:site_name\" content=\"Freddy Morezon\" \/>\n<meta property=\"article:publisher\" content=\"https:\/\/www.facebook.com\/freddy.morezon\/\" \/>\n<meta property=\"article:modified_time\" content=\"2025-06-26T13:59:01+00:00\" \/>\n<meta property=\"og:image\" content=\"https:\/\/freddymorezon.org\/wp-content\/uploads\/2025\/06\/Florian-Nastorg-pochette_06_1500-1-1240x800.jpg\" \/>\n\t<meta property=\"og:image:width\" content=\"1240\" \/>\n\t<meta property=\"og:image:height\" content=\"800\" \/>\n\t<meta property=\"og:image:type\" content=\"image\/jpeg\" \/>\n<meta name=\"twitter:card\" content=\"summary_large_image\" \/>\n<script type=\"application\/ld+json\" class=\"yoast-schema-graph\">{\"@context\":\"https:\\\/\\\/schema.org\",\"@graph\":[{\"@type\":\"WebPage\",\"@id\":\"https:\\\/\\\/freddymorezon.org\\\/label\\\/reservoir\\\/\",\"url\":\"https:\\\/\\\/freddymorezon.org\\\/label\\\/reservoir\\\/\",\"name\":\"R\u00e9servoir | Freddy Morezon\",\"isPartOf\":{\"@id\":\"https:\\\/\\\/freddymorezon.org\\\/#website\"},\"primaryImageOfPage\":{\"@id\":\"https:\\\/\\\/freddymorezon.org\\\/label\\\/reservoir\\\/#primaryimage\"},\"image\":{\"@id\":\"https:\\\/\\\/freddymorezon.org\\\/label\\\/reservoir\\\/#primaryimage\"},\"thumbnailUrl\":\"https:\\\/\\\/freddymorezon.org\\\/wp-content\\\/uploads\\\/2025\\\/06\\\/Florian-Nastorg-pochette_06_1500-1.jpg\",\"datePublished\":\"2025-06-10T12:27:37+00:00\",\"dateModified\":\"2025-06-26T13:59:01+00:00\",\"breadcrumb\":{\"@id\":\"https:\\\/\\\/freddymorezon.org\\\/label\\\/reservoir\\\/#breadcrumb\"},\"inLanguage\":\"en-US\",\"potentialAction\":[{\"@type\":\"ReadAction\",\"target\":[\"https:\\\/\\\/freddymorezon.org\\\/label\\\/reservoir\\\/\"]}]},{\"@type\":\"ImageObject\",\"inLanguage\":\"en-US\",\"@id\":\"https:\\\/\\\/freddymorezon.org\\\/label\\\/reservoir\\\/#primaryimage\",\"url\":\"https:\\\/\\\/freddymorezon.org\\\/wp-content\\\/uploads\\\/2025\\\/06\\\/Florian-Nastorg-pochette_06_1500-1.jpg\",\"contentUrl\":\"https:\\\/\\\/freddymorezon.org\\\/wp-content\\\/uploads\\\/2025\\\/06\\\/Florian-Nastorg-pochette_06_1500-1.jpg\",\"width\":1514,\"height\":1500},{\"@type\":\"BreadcrumbList\",\"@id\":\"https:\\\/\\\/freddymorezon.org\\\/label\\\/reservoir\\\/#breadcrumb\",\"itemListElement\":[{\"@type\":\"ListItem\",\"position\":1,\"name\":\"Accueil\",\"item\":\"https:\\\/\\\/freddymorezon.org\\\/\"},{\"@type\":\"ListItem\",\"position\":2,\"name\":\"Label\",\"item\":\"https:\\\/\\\/freddymorezon.org\\\/label\\\/\"},{\"@type\":\"ListItem\",\"position\":3,\"name\":\"R\u00e9servoir\"}]},{\"@type\":\"WebSite\",\"@id\":\"https:\\\/\\\/freddymorezon.org\\\/#website\",\"url\":\"https:\\\/\\\/freddymorezon.org\\\/\",\"name\":\"Freddy Morezon\",\"description\":\"jazz - musique improvis\u00e9e - esth\u00e9tiques plurielles\",\"publisher\":{\"@id\":\"https:\\\/\\\/freddymorezon.org\\\/#organization\"},\"potentialAction\":[{\"@type\":\"SearchAction\",\"target\":{\"@type\":\"EntryPoint\",\"urlTemplate\":\"https:\\\/\\\/freddymorezon.org\\\/?s={search_term_string}\"},\"query-input\":{\"@type\":\"PropertyValueSpecification\",\"valueRequired\":true,\"valueName\":\"search_term_string\"}}],\"inLanguage\":\"en-US\"},{\"@type\":\"Organization\",\"@id\":\"https:\\\/\\\/freddymorezon.org\\\/#organization\",\"name\":\"Association Freddy Morezon\",\"url\":\"https:\\\/\\\/freddymorezon.org\\\/\",\"logo\":{\"@type\":\"ImageObject\",\"inLanguage\":\"en-US\",\"@id\":\"https:\\\/\\\/freddymorezon.org\\\/#\\\/schema\\\/logo\\\/image\\\/\",\"url\":\"https:\\\/\\\/freddymorezon.org\\\/wp-content\\\/uploads\\\/2016\\\/02\\\/mini-logo-header-site2.jpg\",\"contentUrl\":\"https:\\\/\\\/freddymorezon.org\\\/wp-content\\\/uploads\\\/2016\\\/02\\\/mini-logo-header-site2.jpg\",\"width\":234,\"height\":174,\"caption\":\"Association Freddy Morezon\"},\"image\":{\"@id\":\"https:\\\/\\\/freddymorezon.org\\\/#\\\/schema\\\/logo\\\/image\\\/\"},\"sameAs\":[\"https:\\\/\\\/www.facebook.com\\\/freddy.morezon\\\/\",\"https:\\\/\\\/www.instagram.com\\\/freddymorezon\\\/\",\"https:\\\/\\\/www.youtube.com\\\/user\\\/freddymorezon\",\"https:\\\/\\\/fr.linkedin.com\\\/company\\\/freddy-morezon-p.r.o.d.\"]}]}<\/script>\n<!-- \/ Yoast SEO plugin. -->","yoast_head_json":{"title":"R\u00e9servoir | Freddy Morezon","robots":{"index":"index","follow":"follow","max-snippet":"max-snippet:-1","max-image-preview":"max-image-preview:large","max-video-preview":"max-video-preview:-1"},"canonical":"https:\/\/freddymorezon.org\/label\/reservoir\/","og_locale":"en_US","og_type":"article","og_title":"R\u00e9servoir | Freddy Morezon","og_description":"[:fr]Juin 2025[:en]June2025[:]","og_url":"https:\/\/freddymorezon.org\/label\/reservoir\/","og_site_name":"Freddy Morezon","article_publisher":"https:\/\/www.facebook.com\/freddy.morezon\/","article_modified_time":"2025-06-26T13:59:01+00:00","og_image":[{"width":1240,"height":800,"url":"https:\/\/freddymorezon.org\/wp-content\/uploads\/2025\/06\/Florian-Nastorg-pochette_06_1500-1-1240x800.jpg","type":"image\/jpeg"}],"twitter_card":"summary_large_image","schema":{"@context":"https:\/\/schema.org","@graph":[{"@type":"WebPage","@id":"https:\/\/freddymorezon.org\/label\/reservoir\/","url":"https:\/\/freddymorezon.org\/label\/reservoir\/","name":"R\u00e9servoir | Freddy Morezon","isPartOf":{"@id":"https:\/\/freddymorezon.org\/#website"},"primaryImageOfPage":{"@id":"https:\/\/freddymorezon.org\/label\/reservoir\/#primaryimage"},"image":{"@id":"https:\/\/freddymorezon.org\/label\/reservoir\/#primaryimage"},"thumbnailUrl":"https:\/\/freddymorezon.org\/wp-content\/uploads\/2025\/06\/Florian-Nastorg-pochette_06_1500-1.jpg","datePublished":"2025-06-10T12:27:37+00:00","dateModified":"2025-06-26T13:59:01+00:00","breadcrumb":{"@id":"https:\/\/freddymorezon.org\/label\/reservoir\/#breadcrumb"},"inLanguage":"en-US","potentialAction":[{"@type":"ReadAction","target":["https:\/\/freddymorezon.org\/label\/reservoir\/"]}]},{"@type":"ImageObject","inLanguage":"en-US","@id":"https:\/\/freddymorezon.org\/label\/reservoir\/#primaryimage","url":"https:\/\/freddymorezon.org\/wp-content\/uploads\/2025\/06\/Florian-Nastorg-pochette_06_1500-1.jpg","contentUrl":"https:\/\/freddymorezon.org\/wp-content\/uploads\/2025\/06\/Florian-Nastorg-pochette_06_1500-1.jpg","width":1514,"height":1500},{"@type":"BreadcrumbList","@id":"https:\/\/freddymorezon.org\/label\/reservoir\/#breadcrumb","itemListElement":[{"@type":"ListItem","position":1,"name":"Accueil","item":"https:\/\/freddymorezon.org\/"},{"@type":"ListItem","position":2,"name":"Label","item":"https:\/\/freddymorezon.org\/label\/"},{"@type":"ListItem","position":3,"name":"R\u00e9servoir"}]},{"@type":"WebSite","@id":"https:\/\/freddymorezon.org\/#website","url":"https:\/\/freddymorezon.org\/","name":"Freddy Morezon","description":"jazz - musique improvis\u00e9e - esth\u00e9tiques plurielles","publisher":{"@id":"https:\/\/freddymorezon.org\/#organization"},"potentialAction":[{"@type":"SearchAction","target":{"@type":"EntryPoint","urlTemplate":"https:\/\/freddymorezon.org\/?s={search_term_string}"},"query-input":{"@type":"PropertyValueSpecification","valueRequired":true,"valueName":"search_term_string"}}],"inLanguage":"en-US"},{"@type":"Organization","@id":"https:\/\/freddymorezon.org\/#organization","name":"Association Freddy Morezon","url":"https:\/\/freddymorezon.org\/","logo":{"@type":"ImageObject","inLanguage":"en-US","@id":"https:\/\/freddymorezon.org\/#\/schema\/logo\/image\/","url":"https:\/\/freddymorezon.org\/wp-content\/uploads\/2016\/02\/mini-logo-header-site2.jpg","contentUrl":"https:\/\/freddymorezon.org\/wp-content\/uploads\/2016\/02\/mini-logo-header-site2.jpg","width":234,"height":174,"caption":"Association Freddy Morezon"},"image":{"@id":"https:\/\/freddymorezon.org\/#\/schema\/logo\/image\/"},"sameAs":["https:\/\/www.facebook.com\/freddy.morezon\/","https:\/\/www.instagram.com\/freddymorezon\/","https:\/\/www.youtube.com\/user\/freddymorezon","https:\/\/fr.linkedin.com\/company\/freddy-morezon-p.r.o.d."]}]}},"_links":{"self":[{"href":"https:\/\/freddymorezon.org\/en\/wp-json\/wp\/v2\/pages\/23076","targetHints":{"allow":["GET"]}}],"collection":[{"href":"https:\/\/freddymorezon.org\/en\/wp-json\/wp\/v2\/pages"}],"about":[{"href":"https:\/\/freddymorezon.org\/en\/wp-json\/wp\/v2\/types\/page"}],"author":[{"embeddable":true,"href":"https:\/\/freddymorezon.org\/en\/wp-json\/wp\/v2\/users\/1"}],"replies":[{"embeddable":true,"href":"https:\/\/freddymorezon.org\/en\/wp-json\/wp\/v2\/comments?post=23076"}],"version-history":[{"count":39,"href":"https:\/\/freddymorezon.org\/en\/wp-json\/wp\/v2\/pages\/23076\/revisions"}],"predecessor-version":[{"id":23254,"href":"https:\/\/freddymorezon.org\/en\/wp-json\/wp\/v2\/pages\/23076\/revisions\/23254"}],"up":[{"embeddable":true,"href":"https:\/\/freddymorezon.org\/en\/wp-json\/wp\/v2\/pages\/140"}],"wp:featuredmedia":[{"embeddable":true,"href":"https:\/\/freddymorezon.org\/en\/wp-json\/wp\/v2\/media\/23077"}],"wp:attachment":[{"href":"https:\/\/freddymorezon.org\/en\/wp-json\/wp\/v2\/media?parent=23076"}],"wp:term":[{"taxonomy":"category","embeddable":true,"href":"https:\/\/freddymorezon.org\/en\/wp-json\/wp\/v2\/categories?post=23076"},{"taxonomy":"post_tag","embeddable":true,"href":"https:\/\/freddymorezon.org\/en\/wp-json\/wp\/v2\/tags?post=23076"}],"curies":[{"name":"wp","href":"https:\/\/api.w.org\/{rel}","templated":true}]}}